{"id":261737,"date":"2021-04-16T10:29:10","date_gmt":"2021-04-16T08:29:10","guid":{"rendered":"https:\/\/www.aventure-chlorophylle.com\/?page_id=261737"},"modified":"2021-07-11T21:15:32","modified_gmt":"2021-07-11T19:15:32","slug":"via-ferrata-et-cordata","status":"publish","type":"page","link":"https:\/\/www.aventure-chlorophylle.com\/de\/canyoning-rafting-pyrenees-atlantiques\/klettern-2\/via-ferrata-et-cordata\/","title":{"rendered":"Via Ferrata und Cordata"},"content":{"rendered":"<p>[et_pb_section fb_built= \"1\u2033 fullwidth= \"on \" admin_label= \"Produkt-Slider \" _builder_version= \"4.9.4\u2033 _module_preset= \"default \" custom_margin= \"||-140px||false|false \" custom_margin_tablet= \"||-88px||false|false \" custom_margin_phone= \"||.44px|||false|false \" custom_margin_last_edited= \"on|desktop \" locked= \"off\" collapsed= \"on \"][et_pb_fullwidth_slider show_pagination= \"off \" use_bg_overlay= \"on \" bg_overlay_color= \"rgba(73,59,34,0.1) \" use_text_overlay= \"off \" arrows_custom_color= \"#5CAA80\u2033 _builder_version= \"4.9.2\u2033 _module_preset= \"default\" background_color= \"#F6F2EC \" use_background_color_gradient= \"on\" background_color_gradient_start= \"rgba(34,34,34,0) \" background_color_gradient_end= \"rgba(34,34,34,0.05) \" background_color_gradient_start_position= \"40%\" background_color_gradient_overlays_image= \"on \" min_height_tablet= \" \" min_height_phone= \" \" min_height_last_edited= \"on|desktop \" height= \"400px \" height_tablet= \"220px \" height_phone= \"140px \" height_last_edited= \"on|desktop \"][et_pb_slide use_bg_overlay= \"off \" _builder_version= \"4.9.2\u2033 _module_preset= \"default\" body_text_align= \"center\" body_text_color= \"#FFFF\" background_color= \"#F6F2EC\" background_enable_color= \"on\" background_image= \"https:\/\/www.abenteuer-chlorophyll.com\/wp-content\/uploads\/2021\/06\/activite_via_cordata_du_hourat_5.jpg \" background_enable_image= \"on\" sticky_transition= \"on\"][\/et_pb_slide][\/et_pb_fullwidth_slider][\/et_pb_section][et_pb_section fb_built= \"1\u2033 admin_label= \"berg im hintergrund\" _builder_version= \"4.9.4\u2033 _module_preset= \"default\" background_color= \"RGBA(0,0,0,0)\" background_image= \"https:\/\/www.abenteuer-chlorophyll.com\/wp-content\/uploads\/2021\/04\/msk-mountain.svg \" z_index= \"10\u2033 height= \"144px\" height_tablet= \"88px\" height_phone= \"44px\" height_last_edited= \"on|phone\" custom_padding= \"0px||0px||true|false\" global_module= \"261939\u2033 collapsed= \"on\"][\/et_pb_section][et_pb_section fb_built= \"1\u2033 _builder_version= \"4.9.4\u2033 _module_preset= \"default \" background_color= \"#FFFF \" custom_padding= \"0px||0px|| \" collapsed= \"off \"][et_pb_row admin_label= \"Fil d'arianne\" _builder_version= \"4.9.4\u2033 _module_preset= \"default \" custom_padding= \"0px||0px||true|false \" global_module= \"261844\u2033 saved_tabs= \"all \" collapsed= \"on\"][et_pb_column type= \"4_4\u2033 _builder_version= \"4.9.4\u2033 _module_preset= \"default\"][et_pb_code _builder_version= \"4.9.2\u2033 _module_preset= \"default \"]<span><span><a href=\"https:\/\/www.aventure-chlorophylle.com\/de\/\">Startseite<\/a><\/span><\/span>[\/et_pb_code][\/et_pb_column][\/et_pb_row][et_pb_row _builder_version= \"4.9.4\u2033 _module_preset= \"default \"][et_pb_column type= \"4_4\u2033 _builder_version= \"4.9.4\u2033 _module_preset= \"default\"][et_pb_text _builder_version= \"4.9.2\u2033 _module_preset= \"0e379c64-ea23-42c6-87bf-cda43f70971b \"]<\/p>\n<h1>Via Ferrata und Cordata im Ossau-Tal<\/h1>\n<p>&nbsp;<\/p>\n<p><strong>Zwischen Wandern und Klettern<\/strong>Die\u00a0<strong>Klettersteig und die Via Cordata<\/strong> werden den Liebhabern von Sensationen und Leere ab 12 Jahren erm\u00f6glichen, zwei Canyons des Tals in einer <strong>schwindelerregende Atmosph\u00e4re<\/strong>\u00a0!<\/p>\n<p>Die Betreuer von Aventure Chlorophylle werden Sie<strong> an H\u00f6he gewinnen<\/strong> in den <strong>Hourat-Schlucht<\/strong> in Laruns oder auch \u00fcber dem <strong>Siala-Schlucht<\/strong> nur wenige Schritte vom Skiort Gourette entfernt im Herzen der Atlantischen Pyren\u00e4en.<\/p>\n<p>2 Stunden 45 Minuten von Toulouse und Bordeaux, 2 Stunden von Biarritz im Baskenland und 40 Minuten von Pau entfernt, bietet dieses gr\u00fcne Tal der B\u00e9arnaise zwei Strecken mit au\u00dfergew\u00f6hnlichen Panoramen!<\/p>\n<p>[\/et_pb_text][\/et_pb_column][\/et_pb_row][et_pb_row module_id= \"berocket-filter \" _builder_version= \"4.9.4\u2033 _module_preset= \"default \" custom_margin= \"0px||0px|true|true \" custom_padding= \"0px|0px|0px|0px|true|true \" border_width_top= \"1px \" border_color_top= \"rgba(144,144,144,0.2) \" border_width_bottom= \"1px \" border_color_bottom= \"rgba(144,144,0.2) \"][et_pb_column type= \"4_4\u2033 _builder_version= \"4.9.4\u2033 _module_preset= \"default\"][et_pb_br_filters_group group_id= \"262477\u2033 _builder_version= \"4.9.4\u2033 _module_preset= \"default \" custom_margin= \"0px|0px|0px|true|true \" custom_padding= \"0px||0px||true|true \"][\/et_pb_br_filters_group][\/et_pb_column][\/et_pb_row][et_pb_row _builder_version= \"4.9.4\u2033 _module_preset= \"default \"][et_pb_column type= \"4_4\u2033 _builder_version= \"4.9.4\u2033 _module_preset= \"default\"][et_pb_shop type= \"product_category \" include_categories= \"36,35\u2033 columns_number= \"3\u2033 icon_hover_color= \"RGBA(0,0,0,0) \" hover_overlay_color= \"RGBA(0,0,0,0) \" _builder_version= \"4.9.2\u2033 _module_preset= \"default \" bapf_apply= \"enable \"][\/et_pb_shop][\/et_pb_column][\/et_pb_row][\/et_pb_section][et_pb_section fb_built= \"1\u2033 admin_label= \"Niedriger Abriss\" _builder_version= \"4.9.4\u2033 _module_preset= \"default\" background_color= \"RGBA(0,0,0,0) \" background_image= \"https:\/\/www.aventure-chlorophylle.com\/wp-content\/uploads\/2021\/04\/msk-horizontal-top.svg \" background_repeat=\"repeat-x\" height=\"30px\" height_tablet=\"30px\" height_phone=\"30px\" height_last_edited=\"on|tablet\" custom_padding=\"0px||0px||true|false\" custom_css_main_element= \"background-size:auto 100%!important; \" global_module= \"262407\u2033 saved_tabs= \"all \" locked= \"off\" collapsed= \"on \"][\/et_pb_section][et_pb_section fb_built= \"1\u2033 admin_label= \"Google maps \" _builder_version= \"4.9.4\u2033 _module_preset= \"default \" background_color= \"RGBA(0,0,0) \" saved_tabs= \"all \" collapsed= \"off\"][et_pb_row column_structure= \"1_4,3_4\u2033 use_custom_gutter= \"on \" gutter_width= \"1\u2033 make_equal= \"on \" _builder_version= \"4.9.4\u2033 _module_preset= \"default\" background_color= \"#FFFF \" custom_padding= \"0px||0px|| \" box_shadow_style= \"preset3\u2033 box_shadow_vertical= \"5px \" box_shadow_blur= \"20px \" box_shadow_color= \"rgba(0,0,0,0.04) \"][et_pb_column type= \"1_4\u2033 _builder_version= \"4.9.4\u2033 _module_preset= \"default\"][et_pb_text admin_label= \"Legende \" module_class= \"map-legend \" _builder_version= \"4.9.2\u2033 _module_preset= \"default \" header_3_text_color= \"#9090\u2033 custom_padding= \"1rem|1rem|1rem|1rem|true|true \" global_module= \"262562\u2033 saved_tabs= \"all \"]<\/p>\n<h3>Legende<\/h3>\n<ul>\n<li><img loading=\"lazy\" decoding=\"async\" src=\"https:\/\/www.aventure-chlorophylle.com\/wp-content\/uploads\/2021\/06\/icon_canyoning.svg\" width=\"32\" height=\"32\" alt=\"\" class=\"wp-image-263671 alignnone size-full\" \/>Canyon<\/li>\n<li><img loading=\"lazy\" decoding=\"async\" src=\"https:\/\/www.aventure-chlorophylle.com\/wp-content\/uploads\/2021\/06\/icon_rafting.svg\" width=\"32\" height=\"32\" alt=\"\" class=\"wp-image-263668 alignnone size-full\" \/>Rafting<\/li>\n<li><img loading=\"lazy\" decoding=\"async\" src=\"https:\/\/www.aventure-chlorophylle.com\/wp-content\/uploads\/2021\/06\/iconspeleo.svg\" width=\"32\" height=\"32\" alt=\"\" class=\"wp-image-263670 alignnone size-full\" \/>H\u00f6hle<\/li>\n<li><img loading=\"lazy\" decoding=\"async\" src=\"https:\/\/www.aventure-chlorophylle.com\/wp-content\/uploads\/2021\/06\/icon_escalade.svg\" width=\"32\" height=\"32\" alt=\"\" class=\"wp-image-263666 alignnone size-full\" \/>Bergsteigen<\/li>\n<li><img loading=\"lazy\" decoding=\"async\" src=\"https:\/\/www.aventure-chlorophylle.com\/wp-content\/uploads\/2021\/06\/icon_escalade.svg\" width=\"32\" height=\"32\" alt=\"\" class=\"wp-image-263666 alignnone size-full\" \/>Via Ferrata<\/li>\n<li><img loading=\"lazy\" decoding=\"async\" src=\"https:\/\/www.aventure-chlorophylle.com\/wp-content\/uploads\/2021\/06\/icon_escalade.svg\" width=\"32\" height=\"32\" alt=\"\" class=\"wp-image-263666 alignnone size-full\" \/>Via Cordata<\/li>\n<li><img loading=\"lazy\" decoding=\"async\" src=\"https:\/\/www.aventure-chlorophylle.com\/wp-content\/uploads\/2021\/06\/icon_escalade.svg\" width=\"32\" height=\"32\" alt=\"\" class=\"wp-image-263666 alignnone size-full\" \/>Rocher Schule<\/li>\n<li><img loading=\"lazy\" decoding=\"async\" src=\"https:\/\/www.aventure-chlorophylle.com\/wp-content\/uploads\/2021\/06\/icon_vtt.svg\" width=\"32\" height=\"32\" alt=\"\" class=\"wp-image-263669 alignnone size-full\" \/>MOUNTAINBIKE<\/li>\n<li><img loading=\"lazy\" decoding=\"async\" src=\"https:\/\/www.aventure-chlorophylle.com\/wp-content\/uploads\/2021\/06\/icon_parking.svg\" width=\"32\" height=\"32\" alt=\"\" class=\"wp-image-263667 alignnone size-full\" \/>Verpflegung Parkplatz<\/li>\n<\/ul>\n<p>[\/et_pb_text][\/et_pb_column][et_pb_column type= \"3_4\u2033 _builder_version= \"4.9.4\u2033 _module_preset= \"default\"][et_pb_code _builder_version= \"4.9.4\u2033 _module_preset= \"default\"]<iframe loading=\"lazy\" src=\"https:\/\/www.google.com\/maps\/d\/embed?mid=1_o-fRVupHVxMlB-W-A2Ii2rfo9CPHBjW\" width=\"100%\" height=\"480px\"><\/iframe>[\/et_pb_code][\/et_pb_column][\/et_pb_row][\/et_pb_section]<\/p>","protected":false},"excerpt":{"rendered":"<p><span><span><a href=\"https:\/\/www.aventure-chlorophylle.com\/de\/\">Startseite<\/a><\/span><\/span>Via Ferrata und Cordata im Ossautal Zwischen Wandern und Klettern: Auf der Via Ferrata und der Via Cordata k\u00f6nnen Liebhaber von Sensationen und Leere ab 12 Jahren zwei Canyons des Tals in schwindelerregender H\u00f6he \u00fcberblicken! Die Betreuer von Aventure Chlorophylle lassen Sie in den Schluchten von Hourat hoch hinaus [...].<\/p>","protected":false},"author":3,"featured_media":0,"parent":262948,"menu_order":0,"comment_status":"closed","ping_status":"closed","template":"","meta":{"_acf_changed":false,"_et_pb_use_builder":"on","_et_pb_old_content":"<!-- wp:paragraph -->\r\n<p>Ceci est une page d\u2019exemple. C\u2019est diff\u00e9rent d\u2019un article de blog parce qu\u2019elle restera au m\u00eame endroit et appara\u00eetra dans la navigation de votre site (dans la plupart des th\u00e8mes). La plupart des gens commencent par une page \u00ab\u00a0\u00c0 propos\u00a0\u00bb qui les pr\u00e9sente aux visiteurs du site. Cela pourrait ressembler \u00e0 quelque chose comme cela\u00a0:<\/p>\r\n<!-- \/wp:paragraph --><!-- wp:quote -->\r\n<blockquote class=\"wp-block-quote\">\r\n<p>Bonjour\u00a0! Je suis un m\u00e9canicien qui aspire \u00e0 devenir acteur, et voici mon site. J\u2019habite \u00e0 Bordeaux, j\u2019ai un super chien baptis\u00e9 Russell, et j\u2019aime la vodka-ananas (ainsi qu\u2019\u00eatre surpris par la pluie soudaine lors de longues balades sur la plage au coucher du soleil).<\/p>\r\n<\/blockquote>\r\n<!-- \/wp:quote --><!-- wp:paragraph -->\r\n<p>... ou quelque chose comme cela\u00a0:<\/p>\r\n<!-- \/wp:paragraph --><!-- wp:quote -->\r\n<blockquote class=\"wp-block-quote\">\r\n<p>La soci\u00e9t\u00e9 123 Machin Truc a \u00e9t\u00e9 cr\u00e9\u00e9e en 1971, et n\u2019a cess\u00e9 de proposer au public des machins-trucs de qualit\u00e9 depuis lors. Situ\u00e9e \u00e0 Saint-Remy-en-Bouzemont-Saint-Genest-et-Isson, 123 Machin Truc emploie 2 000 personnes, et fabrique toutes sortes de bidules super pour la communaut\u00e9 bouzemontoise.<\/p>\r\n<\/blockquote>\r\n<!-- \/wp:quote --><!-- wp:paragraph -->\r\n<p>En tant que nouvel\u00b7le utilisateur ou utilisatrice de WordPress, vous devriez vous rendre sur <a href=\"https:\/\/www.aventure-chlorophylle.com\/wp-admin\/\">votre tableau de bord<\/a> pour supprimer cette page et cr\u00e9er de nouvelles pages pour votre contenu. Amusez-vous bien\u00a0!<\/p>\r\n<!-- \/wp:paragraph -->","_et_gb_content_width":"","inline_featured_image":false,"footnotes":""},"class_list":["post-261737","page","type-page","status-publish","hentry"],"acf":[],"yoast_head":"<!-- This site is optimized with the Yoast SEO plugin v26.7 - https:\/\/yoast.com\/wordpress\/plugins\/seo\/ -->\n<title>Via Ferrata et Cordata - Aventure Chlorophylle<\/title>\n<meta name=\"description\" content=\"Via Cordata avec Aventure chlorophylle. A Laruns (64440) une variante de la via-ferrata pour se d\u00e9placer en escalade le long d&#039;une falaise.\" \/>\n<meta name=\"robots\" content=\"index, follow, max-snippet:-1, max-image-preview:large, max-video-preview:-1\" \/>\n<link rel=\"canonical\" href=\"https:\/\/www.aventure-chlorophylle.com\/de\/canyoning-rafting-pyrenees-atlantiques\/klettern-2\/via-ferrata-et-cordata\/\" \/>\n<meta property=\"og:locale\" content=\"de_DE\" \/>\n<meta property=\"og:type\" content=\"article\" \/>\n<meta property=\"og:title\" content=\"Via Ferrata et Cordata - Aventure Chlorophylle\" \/>\n<meta property=\"og:description\" content=\"Via Cordata avec Aventure chlorophylle. A Laruns (64440) une variante de la via-ferrata pour se d\u00e9placer en escalade le long d&#039;une falaise.\" \/>\n<meta property=\"og:url\" content=\"https:\/\/www.aventure-chlorophylle.com\/de\/canyoning-rafting-pyrenees-atlantiques\/klettern-2\/via-ferrata-et-cordata\/\" \/>\n<meta property=\"og:site_name\" content=\"Aventure Chlorophylle\" \/>\n<meta property=\"article:publisher\" content=\"https:\/\/www.facebook.com\/aventurechlorophylle\" \/>\n<meta property=\"article:modified_time\" content=\"2021-07-11T19:15:32+00:00\" \/>\n<meta property=\"og:image\" content=\"https:\/\/www.aventure-chlorophylle.com\/wp-content\/uploads\/2021\/06\/icon_canyoning.svg\" \/>\n<meta name=\"twitter:card\" content=\"summary_large_image\" \/>\n<meta name=\"twitter:label1\" content=\"Gesch\u00e4tzte Lesezeit\" \/>\n\t<meta name=\"twitter:data1\" content=\"4\u00a0Minuten\" \/>\n<script type=\"application\/ld+json\" class=\"yoast-schema-graph\">{\"@context\":\"https:\/\/schema.org\",\"@graph\":[{\"@type\":\"WebPage\",\"@id\":\"https:\/\/www.aventure-chlorophylle.com\/canyoning-rafting-pyrenees-atlantiques\/escalade\/via-ferrata-et-cordata\/\",\"url\":\"https:\/\/www.aventure-chlorophylle.com\/canyoning-rafting-pyrenees-atlantiques\/escalade\/via-ferrata-et-cordata\/\",\"name\":\"Via Ferrata et Cordata - Aventure Chlorophylle\",\"isPartOf\":{\"@id\":\"https:\/\/www.aventure-chlorophylle.com\/#website\"},\"primaryImageOfPage\":{\"@id\":\"https:\/\/www.aventure-chlorophylle.com\/canyoning-rafting-pyrenees-atlantiques\/escalade\/via-ferrata-et-cordata\/#primaryimage\"},\"image\":{\"@id\":\"https:\/\/www.aventure-chlorophylle.com\/canyoning-rafting-pyrenees-atlantiques\/escalade\/via-ferrata-et-cordata\/#primaryimage\"},\"thumbnailUrl\":\"https:\/\/www.aventure-chlorophylle.com\/wp-content\/uploads\/2021\/06\/icon_canyoning.svg\",\"datePublished\":\"2021-04-16T08:29:10+00:00\",\"dateModified\":\"2021-07-11T19:15:32+00:00\",\"description\":\"Via Cordata avec Aventure chlorophylle. A Laruns (64440) une variante de la via-ferrata pour se d\u00e9placer en escalade le long d'une falaise.\",\"breadcrumb\":{\"@id\":\"https:\/\/www.aventure-chlorophylle.com\/canyoning-rafting-pyrenees-atlantiques\/escalade\/via-ferrata-et-cordata\/#breadcrumb\"},\"inLanguage\":\"de\",\"potentialAction\":[{\"@type\":\"ReadAction\",\"target\":[\"https:\/\/www.aventure-chlorophylle.com\/canyoning-rafting-pyrenees-atlantiques\/escalade\/via-ferrata-et-cordata\/\"]}]},{\"@type\":\"ImageObject\",\"inLanguage\":\"de\",\"@id\":\"https:\/\/www.aventure-chlorophylle.com\/canyoning-rafting-pyrenees-atlantiques\/escalade\/via-ferrata-et-cordata\/#primaryimage\",\"url\":\"https:\/\/www.aventure-chlorophylle.com\/wp-content\/uploads\/2021\/06\/icon_canyoning.svg\",\"contentUrl\":\"https:\/\/www.aventure-chlorophylle.com\/wp-content\/uploads\/2021\/06\/icon_canyoning.svg\"},{\"@type\":\"BreadcrumbList\",\"@id\":\"https:\/\/www.aventure-chlorophylle.com\/canyoning-rafting-pyrenees-atlantiques\/escalade\/via-ferrata-et-cordata\/#breadcrumb\",\"itemListElement\":[{\"@type\":\"ListItem\",\"position\":1,\"name\":\"Accueil\",\"item\":\"https:\/\/www.aventure-chlorophylle.com\/\"},{\"@type\":\"ListItem\",\"position\":2,\"name\":\"Canyoning et Rafting dans les Pyr\u00e9n\u00e9es Atlantiques\",\"item\":\"https:\/\/www.aventure-chlorophylle.com\/\"},{\"@type\":\"ListItem\",\"position\":3,\"name\":\"Escalade\",\"item\":\"https:\/\/www.aventure-chlorophylle.com\/?page_id=262948\"},{\"@type\":\"ListItem\",\"position\":4,\"name\":\"Via Ferrata et Cordata\"}]},{\"@type\":\"WebSite\",\"@id\":\"https:\/\/www.aventure-chlorophylle.com\/#website\",\"url\":\"https:\/\/www.aventure-chlorophylle.com\/\",\"name\":\"Aventure Chlorophylle\",\"description\":\"Activit\u00e9s de Canyoning, rafting et sp\u00e9l\u00e9ologie dans les Pyr\u00e9n\u00e9es\",\"publisher\":{\"@id\":\"https:\/\/www.aventure-chlorophylle.com\/#organization\"},\"potentialAction\":[{\"@type\":\"SearchAction\",\"target\":{\"@type\":\"EntryPoint\",\"urlTemplate\":\"https:\/\/www.aventure-chlorophylle.com\/?s={search_term_string}\"},\"query-input\":{\"@type\":\"PropertyValueSpecification\",\"valueRequired\":true,\"valueName\":\"search_term_string\"}}],\"inLanguage\":\"de\"},{\"@type\":\"Organization\",\"@id\":\"https:\/\/www.aventure-chlorophylle.com\/#organization\",\"name\":\"Aventure Chlorophylle\",\"url\":\"https:\/\/www.aventure-chlorophylle.com\/\",\"logo\":{\"@type\":\"ImageObject\",\"inLanguage\":\"de\",\"@id\":\"https:\/\/www.aventure-chlorophylle.com\/#\/schema\/logo\/image\/\",\"url\":\"https:\/\/www.aventure-chlorophylle.com\/wp-content\/uploads\/2021\/04\/logo_aventure_chlorophylle.png\",\"contentUrl\":\"https:\/\/www.aventure-chlorophylle.com\/wp-content\/uploads\/2021\/04\/logo_aventure_chlorophylle.png\",\"width\":356,\"height\":392,\"caption\":\"Aventure Chlorophylle\"},\"image\":{\"@id\":\"https:\/\/www.aventure-chlorophylle.com\/#\/schema\/logo\/image\/\"},\"sameAs\":[\"https:\/\/www.facebook.com\/aventurechlorophylle\",\"https:\/\/www.instagram.com\/aventure_chlorophylle\/\"]}]}<\/script>\n<!-- \/ Yoast SEO plugin. -->","yoast_head_json":{"title":"Via Ferrata und Cordata - Aventure Chlorophylle","description":"Via Cordata mit Aventure chlorophylle. In Laruns (64440) eine Variante der Via Ferrata, um sich kletternd an einer Felswand entlang zu bewegen.","robots":{"index":"index","follow":"follow","max-snippet":"max-snippet:-1","max-image-preview":"max-image-preview:large","max-video-preview":"max-video-preview:-1"},"canonical":"https:\/\/www.aventure-chlorophylle.com\/de\/canyoning-rafting-pyrenees-atlantiques\/klettern-2\/via-ferrata-et-cordata\/","og_locale":"de_DE","og_type":"article","og_title":"Via Ferrata et Cordata - Aventure Chlorophylle","og_description":"Via Cordata avec Aventure chlorophylle. A Laruns (64440) une variante de la via-ferrata pour se d\u00e9placer en escalade le long d'une falaise.","og_url":"https:\/\/www.aventure-chlorophylle.com\/de\/canyoning-rafting-pyrenees-atlantiques\/klettern-2\/via-ferrata-et-cordata\/","og_site_name":"Aventure Chlorophylle","article_publisher":"https:\/\/www.facebook.com\/aventurechlorophylle","article_modified_time":"2021-07-11T19:15:32+00:00","og_image":[{"url":"https:\/\/www.aventure-chlorophylle.com\/wp-content\/uploads\/2021\/06\/icon_canyoning.svg","type":"","width":"","height":""}],"twitter_card":"summary_large_image","twitter_misc":{"Gesch\u00e4tzte Lesezeit":"4\u00a0Minuten"},"schema":{"@context":"https:\/\/schema.org","@graph":[{"@type":"WebPage","@id":"https:\/\/www.aventure-chlorophylle.com\/canyoning-rafting-pyrenees-atlantiques\/escalade\/via-ferrata-et-cordata\/","url":"https:\/\/www.aventure-chlorophylle.com\/canyoning-rafting-pyrenees-atlantiques\/escalade\/via-ferrata-et-cordata\/","name":"Via Ferrata und Cordata - Aventure Chlorophylle","isPartOf":{"@id":"https:\/\/www.aventure-chlorophylle.com\/#website"},"primaryImageOfPage":{"@id":"https:\/\/www.aventure-chlorophylle.com\/canyoning-rafting-pyrenees-atlantiques\/escalade\/via-ferrata-et-cordata\/#primaryimage"},"image":{"@id":"https:\/\/www.aventure-chlorophylle.com\/canyoning-rafting-pyrenees-atlantiques\/escalade\/via-ferrata-et-cordata\/#primaryimage"},"thumbnailUrl":"https:\/\/www.aventure-chlorophylle.com\/wp-content\/uploads\/2021\/06\/icon_canyoning.svg","datePublished":"2021-04-16T08:29:10+00:00","dateModified":"2021-07-11T19:15:32+00:00","description":"Via Cordata mit Aventure chlorophylle. In Laruns (64440) eine Variante der Via Ferrata, um sich kletternd an einer Felswand entlang zu bewegen.","breadcrumb":{"@id":"https:\/\/www.aventure-chlorophylle.com\/canyoning-rafting-pyrenees-atlantiques\/escalade\/via-ferrata-et-cordata\/#breadcrumb"},"inLanguage":"de","potentialAction":[{"@type":"ReadAction","target":["https:\/\/www.aventure-chlorophylle.com\/canyoning-rafting-pyrenees-atlantiques\/escalade\/via-ferrata-et-cordata\/"]}]},{"@type":"ImageObject","inLanguage":"de","@id":"https:\/\/www.aventure-chlorophylle.com\/canyoning-rafting-pyrenees-atlantiques\/escalade\/via-ferrata-et-cordata\/#primaryimage","url":"https:\/\/www.aventure-chlorophylle.com\/wp-content\/uploads\/2021\/06\/icon_canyoning.svg","contentUrl":"https:\/\/www.aventure-chlorophylle.com\/wp-content\/uploads\/2021\/06\/icon_canyoning.svg"},{"@type":"BreadcrumbList","@id":"https:\/\/www.aventure-chlorophylle.com\/canyoning-rafting-pyrenees-atlantiques\/escalade\/via-ferrata-et-cordata\/#breadcrumb","itemListElement":[{"@type":"ListItem","position":1,"name":"Accueil","item":"https:\/\/www.aventure-chlorophylle.com\/"},{"@type":"ListItem","position":2,"name":"Canyoning et Rafting dans les Pyr\u00e9n\u00e9es Atlantiques","item":"https:\/\/www.aventure-chlorophylle.com\/"},{"@type":"ListItem","position":3,"name":"Escalade","item":"https:\/\/www.aventure-chlorophylle.com\/?page_id=262948"},{"@type":"ListItem","position":4,"name":"Via Ferrata et Cordata"}]},{"@type":"WebSite","@id":"https:\/\/www.aventure-chlorophylle.com\/#website","url":"https:\/\/www.aventure-chlorophylle.com\/","name":"Abenteuer Chlorophyll","description":"Canyoning-, Rafting- und H\u00f6hlenforschungsaktivit\u00e4ten in den Pyren\u00e4en","publisher":{"@id":"https:\/\/www.aventure-chlorophylle.com\/#organization"},"potentialAction":[{"@type":"SearchAction","target":{"@type":"EntryPoint","urlTemplate":"https:\/\/www.aventure-chlorophylle.com\/?s={search_term_string}"},"query-input":{"@type":"PropertyValueSpecification","valueRequired":true,"valueName":"search_term_string"}}],"inLanguage":"de"},{"@type":"Organization","@id":"https:\/\/www.aventure-chlorophylle.com\/#organization","name":"Abenteuer Chlorophyll","url":"https:\/\/www.aventure-chlorophylle.com\/","logo":{"@type":"ImageObject","inLanguage":"de","@id":"https:\/\/www.aventure-chlorophylle.com\/#\/schema\/logo\/image\/","url":"https:\/\/www.aventure-chlorophylle.com\/wp-content\/uploads\/2021\/04\/logo_aventure_chlorophylle.png","contentUrl":"https:\/\/www.aventure-chlorophylle.com\/wp-content\/uploads\/2021\/04\/logo_aventure_chlorophylle.png","width":356,"height":392,"caption":"Aventure Chlorophylle"},"image":{"@id":"https:\/\/www.aventure-chlorophylle.com\/#\/schema\/logo\/image\/"},"sameAs":["https:\/\/www.facebook.com\/aventurechlorophylle","https:\/\/www.instagram.com\/aventure_chlorophylle\/"]}]}},"_links":{"self":[{"href":"https:\/\/www.aventure-chlorophylle.com\/de\/wp-json\/wp\/v2\/pages\/261737","targetHints":{"allow":["GET"]}}],"collection":[{"href":"https:\/\/www.aventure-chlorophylle.com\/de\/wp-json\/wp\/v2\/pages"}],"about":[{"href":"https:\/\/www.aventure-chlorophylle.com\/de\/wp-json\/wp\/v2\/types\/page"}],"author":[{"embeddable":true,"href":"https:\/\/www.aventure-chlorophylle.com\/de\/wp-json\/wp\/v2\/users\/3"}],"replies":[{"embeddable":true,"href":"https:\/\/www.aventure-chlorophylle.com\/de\/wp-json\/wp\/v2\/comments?post=261737"}],"version-history":[{"count":9,"href":"https:\/\/www.aventure-chlorophylle.com\/de\/wp-json\/wp\/v2\/pages\/261737\/revisions"}],"predecessor-version":[{"id":264450,"href":"https:\/\/www.aventure-chlorophylle.com\/de\/wp-json\/wp\/v2\/pages\/261737\/revisions\/264450"}],"up":[{"embeddable":true,"href":"https:\/\/www.aventure-chlorophylle.com\/de\/wp-json\/wp\/v2\/pages\/262948"}],"wp:attachment":[{"href":"https:\/\/www.aventure-chlorophylle.com\/de\/wp-json\/wp\/v2\/media?parent=261737"}],"curies":[{"name":"wp","href":"https:\/\/api.w.org\/{rel}","templated":true}]}}