{"id":262029,"date":"2021-04-26T10:49:09","date_gmt":"2021-04-26T08:49:09","guid":{"rendered":"https:\/\/www.aventure-chlorophylle.com\/?page_id=262029"},"modified":"2021-04-26T13:55:10","modified_gmt":"2021-04-26T11:55:10","slug":"code","status":"publish","type":"page","link":"https:\/\/www.aventure-chlorophylle.com\/de\/code\/","title":{"rendered":"Code"},"content":{"rendered":"<p>[et_pb_section fb_built=\u00a0\u00bb1&Prime; _builder_version=\u00a0\u00bb4.9.4&Prime; _module_preset=\u00a0\u00bbdefault\u00a0\u00bb][et_pb_row _builder_version=\u00a0\u00bb4.9.4&Prime; _module_preset=\u00a0\u00bbdefault\u00a0\u00bb width_tablet=\u00a0\u00bb100%\u00a0\u00bb width_phone=\u00a0\u00bb\u00a0\u00bb width_last_edited=\u00a0\u00bbon|phone\u00a0\u00bb custom_margin_last_edited=\u00a0\u00bboff|desktop\u00a0\u00bb custom_padding=\u00a0\u00bb|0px||0px|false|true\u00a0\u00bb][et_pb_column type=\u00a0\u00bb4_4&Prime; _builder_version=\u00a0\u00bb4.9.4&Prime; _module_preset=\u00a0\u00bbdefault\u00a0\u00bb][et_pb_code admin_label=\u00a0\u00bbActivit\u00e9s Hexagone\u00a0\u00bb _builder_version=\u00a0\u00bb4.9.4&Prime; _module_preset=\u00a0\u00bbdefault\u00a0\u00bb hover_enabled=\u00a0\u00bb0&Prime; global_module=\u00a0\u00bb262044&Prime; saved_tabs=\u00a0\u00bball\u00a0\u00bb sticky_enabled=\u00a0\u00bb0&Prime;]    <\/p>\n<div class=\"grid\"><!-- [et_pb_line_break_holder] -->    <\/p>\n<ul id=\"hexGrid\"><!-- [et_pb_line_break_holder] -->      <\/p>\n<li class=\"hex\"><!-- [et_pb_line_break_holder] -->\n<div class=\"hexIn\"><!-- [et_pb_line_break_holder] -->          <a class=\"hexLink\" href=\"#\"><!-- [et_pb_line_break_holder] -->            <\/p>\n<div class='img' style='background-image:url(https:\/\/images.unsplash.com\/photo-1536084321453-a30705f69594?ixid=MnwxMjA3fDB8MHxwaG90by1wYWdlfHx8fGVufDB8fHx8&#038;ixlib=rb-1.2.1&#038;auto=format&#038;fit=crop&#038;w=634&#038;q=80);'><\/div>\n<p><!-- [et_pb_line_break_holder] -->            <\/p>\n<h1>Canyoning<\/h1>\n<p><!-- [et_pb_line_break_holder] -->            <pee>Some sample text about the article this hexagon leads to<\/pee><!-- [et_pb_line_break_holder] -->          <\/a><!-- [et_pb_line_break_holder] -->        <\/div>\n<p><!-- [et_pb_line_break_holder] -->      <\/li>\n<p><!-- [et_pb_line_break_holder] -->        <!-- [et_pb_line_break_holder] -->      <\/p>\n<li class=\"hex\"><!-- [et_pb_line_break_holder] -->\n<div class=\"hexIn\"><!-- [et_pb_line_break_holder] -->          <a class=\"hexLink\" href=\"#\"><!-- [et_pb_line_break_holder] -->                <\/p>\n<div class='img' style='background-image: url(https:\/\/images.unsplash.com\/photo-1582811588429-becf2ea63485?ixid=MnwxMjA3fDB8MHxwaG90by1wYWdlfHx8fGVufDB8fHx8&#038;ixlib=rb-1.2.1&#038;auto=format&#038;fit=crop&#038;w=1350&#038;q=80);'><\/div>\n<p><!-- [et_pb_line_break_holder] -->            <\/p>\n<h1>Rafting<\/h1>\n<p><!-- [et_pb_line_break_holder] -->            <pee>Some sample text about the article this hexagon leads to<\/pee><!-- [et_pb_line_break_holder] -->          <\/a><!-- [et_pb_line_break_holder] -->        <\/div>\n<p><!-- [et_pb_line_break_holder] -->      <\/li>\n<p><!-- [et_pb_line_break_holder] -->      <\/p>\n<li class=\"hex\"><!-- [et_pb_line_break_holder] -->\n<div class=\"hexIn\"><!-- [et_pb_line_break_holder] -->          <a class=\"hexLink\" href=\"#\"><!-- [et_pb_line_break_holder] -->                <\/p>\n<div class='img' style='background-image: url(https:\/\/images.unsplash.com\/photo-1556610117-882db3eea2df?ixlib=rb-1.2.1&#038;ixid=MnwxMjA3fDB8MHxwaG90by1wYWdlfHx8fGVufDB8fHx8&#038;auto=format&#038;fit=crop&#038;w=634&#038;q=80);'><\/div>\n<p><!-- [et_pb_line_break_holder] -->            <\/p>\n<h1>Via Ferrata<\/h1>\n<p><!-- [et_pb_line_break_holder] -->            <pee>Some sample text about the article this hexagon leads to<\/pee><!-- [et_pb_line_break_holder] -->          <\/a><!-- [et_pb_line_break_holder] -->        <\/div>\n<p><!-- [et_pb_line_break_holder] -->      <\/li>\n<p><!-- [et_pb_line_break_holder] -->      <\/p>\n<li class=\"hex\"><!-- [et_pb_line_break_holder] -->\n<div class=\"hexIn\"><!-- [et_pb_line_break_holder] -->          <a class=\"hexLink\" href=\"#\"><!-- [et_pb_line_break_holder] -->            <\/p>\n<div class='img' style='background-image: url(https:\/\/images.unsplash.com\/photo-1600201319330-e99245e614c5?ixlib=rb-1.2.1&#038;ixid=MnwxMjA3fDB8MHxwaG90by1wYWdlfHx8fGVufDB8fHx8&#038;auto=format&#038;fit=crop&#038;w=1350&#038;q=80);'><\/div>\n<p><!-- [et_pb_line_break_holder] -->            <\/p>\n<h1>H\u00f6hlenforschung<\/h1>\n<p><!-- [et_pb_line_break_holder] -->            <pee>Some sample text about the article this hexagon leads to<\/pee><!-- [et_pb_line_break_holder] -->          <\/a><!-- [et_pb_line_break_holder] -->        <\/div>\n<p><!-- [et_pb_line_break_holder] -->      <\/li>\n<p><!-- [et_pb_line_break_holder] -->      <\/p>\n<li class=\"hex\"><!-- [et_pb_line_break_holder] -->\n<div class=\"hexIn\"><!-- [et_pb_line_break_holder] -->          <a class=\"hexLink\" href=\"#\"><!-- [et_pb_line_break_holder] -->            <\/p>\n<div class='img' style='background-image: url(https:\/\/images.unsplash.com\/photo-1578886141033-b9f066572135?ixid=MnwxMjA3fDB8MHxwaG90by1wYWdlfHx8fGVufDB8fHx8&#038;ixlib=rb-1.2.1&#038;auto=format&#038;fit=crop&#038;w=634&#038;q=80);'><\/div>\n<p><!-- [et_pb_line_break_holder] -->            <\/p>\n<h1>Klettern<\/h1>\n<p><!-- [et_pb_line_break_holder] -->            <pee>Some sample text about the article this hexagon leads to<\/pee><!-- [et_pb_line_break_holder] -->          <\/a><!-- [et_pb_line_break_holder] -->        <\/div>\n<p><!-- [et_pb_line_break_holder] -->      <\/li>\n<p><!-- [et_pb_line_break_holder] -->      <\/p>\n<li class=\"hex\"><!-- [et_pb_line_break_holder] -->\n<div class=\"hexIn\"><!-- [et_pb_line_break_holder] -->          <a class=\"hexLink\" href=\"#\"><!-- [et_pb_line_break_holder] -->            <\/p>\n<div class='img' style='background-image: url(https:\/\/images.unsplash.com\/photo-1554744485-8e00c92fae96?ixid=MnwxMjA3fDB8MHxwaG90by1wYWdlfHx8fGVufDB8fHx8&#038;ixlib=rb-1.2.1&#038;auto=format&#038;fit=crop&#038;w=1267&#038;q=80);'><\/div>\n<p><!-- [et_pb_line_break_holder] -->            <\/p>\n<h1>Partner-Aktivit\u00e4ten<\/h1>\n<p><!-- [et_pb_line_break_holder] -->            <pee>Some sample text about the article this hexagon leads to<\/pee><!-- [et_pb_line_break_holder] -->          <\/a><!-- [et_pb_line_break_holder] -->        <\/div>\n<p><!-- [et_pb_line_break_holder] -->      <\/li>\n<p><!-- [et_pb_line_break_holder] -->    <\/ul>\n<p><!-- [et_pb_line_break_holder] -->      <\/div>\n<p><!-- [et_pb_line_break_holder] -->[\/et_pb_code][\/et_pb_column][\/et_pb_row][\/et_pb_section]<\/p>","protected":false},"excerpt":{"rendered":"","protected":false},"author":3,"featured_media":0,"parent":0,"menu_order":0,"comment_status":"closed","ping_status":"closed","template":"","meta":{"_acf_changed":false,"_et_pb_use_builder":"on","_et_pb_old_content":"","_et_gb_content_width":"","inline_featured_image":false,"footnotes":""},"class_list":["post-262029","page","type-page","status-publish","hentry"],"acf":[],"yoast_head":"<!-- This site is optimized with the Yoast SEO plugin v26.7 - https:\/\/yoast.com\/wordpress\/plugins\/seo\/ -->\n<title>code - Aventure Chlorophylle<\/title>\n<meta name=\"robots\" content=\"index, follow, max-snippet:-1, max-image-preview:large, max-video-preview:-1\" \/>\n<link rel=\"canonical\" href=\"https:\/\/www.aventure-chlorophylle.com\/de\/code\/\" \/>\n<meta property=\"og:locale\" content=\"de_DE\" \/>\n<meta property=\"og:type\" content=\"article\" \/>\n<meta property=\"og:title\" content=\"code - Aventure Chlorophylle\" \/>\n<meta property=\"og:url\" content=\"https:\/\/www.aventure-chlorophylle.com\/de\/code\/\" \/>\n<meta property=\"og:site_name\" content=\"Aventure Chlorophylle\" \/>\n<meta property=\"article:publisher\" content=\"https:\/\/www.facebook.com\/aventurechlorophylle\" \/>\n<meta property=\"article:modified_time\" content=\"2021-04-26T11:55:10+00:00\" \/>\n<meta name=\"twitter:card\" content=\"summary_large_image\" \/>\n<meta name=\"twitter:label1\" content=\"Gesch\u00e4tzte Lesezeit\" \/>\n\t<meta name=\"twitter:data1\" content=\"1\u00a0Minute\" \/>\n<script type=\"application\/ld+json\" class=\"yoast-schema-graph\">{\"@context\":\"https:\/\/schema.org\",\"@graph\":[{\"@type\":\"WebPage\",\"@id\":\"https:\/\/www.aventure-chlorophylle.com\/code\/\",\"url\":\"https:\/\/www.aventure-chlorophylle.com\/code\/\",\"name\":\"code - Aventure Chlorophylle\",\"isPartOf\":{\"@id\":\"https:\/\/www.aventure-chlorophylle.com\/#website\"},\"datePublished\":\"2021-04-26T08:49:09+00:00\",\"dateModified\":\"2021-04-26T11:55:10+00:00\",\"breadcrumb\":{\"@id\":\"https:\/\/www.aventure-chlorophylle.com\/code\/#breadcrumb\"},\"inLanguage\":\"de\",\"potentialAction\":[{\"@type\":\"ReadAction\",\"target\":[\"https:\/\/www.aventure-chlorophylle.com\/code\/\"]}]},{\"@type\":\"BreadcrumbList\",\"@id\":\"https:\/\/www.aventure-chlorophylle.com\/code\/#breadcrumb\",\"itemListElement\":[{\"@type\":\"ListItem\",\"position\":1,\"name\":\"Accueil\",\"item\":\"https:\/\/www.aventure-chlorophylle.com\/\"},{\"@type\":\"ListItem\",\"position\":2,\"name\":\"code\"}]},{\"@type\":\"WebSite\",\"@id\":\"https:\/\/www.aventure-chlorophylle.com\/#website\",\"url\":\"https:\/\/www.aventure-chlorophylle.com\/\",\"name\":\"Aventure Chlorophylle\",\"description\":\"Activit\u00e9s de Canyoning, rafting et sp\u00e9l\u00e9ologie dans les Pyr\u00e9n\u00e9es\",\"publisher\":{\"@id\":\"https:\/\/www.aventure-chlorophylle.com\/#organization\"},\"potentialAction\":[{\"@type\":\"SearchAction\",\"target\":{\"@type\":\"EntryPoint\",\"urlTemplate\":\"https:\/\/www.aventure-chlorophylle.com\/?s={search_term_string}\"},\"query-input\":{\"@type\":\"PropertyValueSpecification\",\"valueRequired\":true,\"valueName\":\"search_term_string\"}}],\"inLanguage\":\"de\"},{\"@type\":\"Organization\",\"@id\":\"https:\/\/www.aventure-chlorophylle.com\/#organization\",\"name\":\"Aventure Chlorophylle\",\"url\":\"https:\/\/www.aventure-chlorophylle.com\/\",\"logo\":{\"@type\":\"ImageObject\",\"inLanguage\":\"de\",\"@id\":\"https:\/\/www.aventure-chlorophylle.com\/#\/schema\/logo\/image\/\",\"url\":\"https:\/\/www.aventure-chlorophylle.com\/wp-content\/uploads\/2021\/04\/logo_aventure_chlorophylle.png\",\"contentUrl\":\"https:\/\/www.aventure-chlorophylle.com\/wp-content\/uploads\/2021\/04\/logo_aventure_chlorophylle.png\",\"width\":356,\"height\":392,\"caption\":\"Aventure Chlorophylle\"},\"image\":{\"@id\":\"https:\/\/www.aventure-chlorophylle.com\/#\/schema\/logo\/image\/\"},\"sameAs\":[\"https:\/\/www.facebook.com\/aventurechlorophylle\",\"https:\/\/www.instagram.com\/aventure_chlorophylle\/\"]}]}<\/script>\n<!-- \/ Yoast SEO plugin. -->","yoast_head_json":{"title":"code - Abenteuer Chlorophyll","robots":{"index":"index","follow":"follow","max-snippet":"max-snippet:-1","max-image-preview":"max-image-preview:large","max-video-preview":"max-video-preview:-1"},"canonical":"https:\/\/www.aventure-chlorophylle.com\/de\/code\/","og_locale":"de_DE","og_type":"article","og_title":"code - Aventure Chlorophylle","og_url":"https:\/\/www.aventure-chlorophylle.com\/de\/code\/","og_site_name":"Aventure Chlorophylle","article_publisher":"https:\/\/www.facebook.com\/aventurechlorophylle","article_modified_time":"2021-04-26T11:55:10+00:00","twitter_card":"summary_large_image","twitter_misc":{"Gesch\u00e4tzte Lesezeit":"1\u00a0Minute"},"schema":{"@context":"https:\/\/schema.org","@graph":[{"@type":"WebPage","@id":"https:\/\/www.aventure-chlorophylle.com\/code\/","url":"https:\/\/www.aventure-chlorophylle.com\/code\/","name":"code - Abenteuer Chlorophyll","isPartOf":{"@id":"https:\/\/www.aventure-chlorophylle.com\/#website"},"datePublished":"2021-04-26T08:49:09+00:00","dateModified":"2021-04-26T11:55:10+00:00","breadcrumb":{"@id":"https:\/\/www.aventure-chlorophylle.com\/code\/#breadcrumb"},"inLanguage":"de","potentialAction":[{"@type":"ReadAction","target":["https:\/\/www.aventure-chlorophylle.com\/code\/"]}]},{"@type":"BreadcrumbList","@id":"https:\/\/www.aventure-chlorophylle.com\/code\/#breadcrumb","itemListElement":[{"@type":"ListItem","position":1,"name":"Accueil","item":"https:\/\/www.aventure-chlorophylle.com\/"},{"@type":"ListItem","position":2,"name":"code"}]},{"@type":"WebSite","@id":"https:\/\/www.aventure-chlorophylle.com\/#website","url":"https:\/\/www.aventure-chlorophylle.com\/","name":"Abenteuer Chlorophyll","description":"Canyoning-, Rafting- und H\u00f6hlenforschungsaktivit\u00e4ten in den Pyren\u00e4en","publisher":{"@id":"https:\/\/www.aventure-chlorophylle.com\/#organization"},"potentialAction":[{"@type":"SearchAction","target":{"@type":"EntryPoint","urlTemplate":"https:\/\/www.aventure-chlorophylle.com\/?s={search_term_string}"},"query-input":{"@type":"PropertyValueSpecification","valueRequired":true,"valueName":"search_term_string"}}],"inLanguage":"de"},{"@type":"Organization","@id":"https:\/\/www.aventure-chlorophylle.com\/#organization","name":"Abenteuer Chlorophyll","url":"https:\/\/www.aventure-chlorophylle.com\/","logo":{"@type":"ImageObject","inLanguage":"de","@id":"https:\/\/www.aventure-chlorophylle.com\/#\/schema\/logo\/image\/","url":"https:\/\/www.aventure-chlorophylle.com\/wp-content\/uploads\/2021\/04\/logo_aventure_chlorophylle.png","contentUrl":"https:\/\/www.aventure-chlorophylle.com\/wp-content\/uploads\/2021\/04\/logo_aventure_chlorophylle.png","width":356,"height":392,"caption":"Aventure Chlorophylle"},"image":{"@id":"https:\/\/www.aventure-chlorophylle.com\/#\/schema\/logo\/image\/"},"sameAs":["https:\/\/www.facebook.com\/aventurechlorophylle","https:\/\/www.instagram.com\/aventure_chlorophylle\/"]}]}},"_links":{"self":[{"href":"https:\/\/www.aventure-chlorophylle.com\/de\/wp-json\/wp\/v2\/pages\/262029","targetHints":{"allow":["GET"]}}],"collection":[{"href":"https:\/\/www.aventure-chlorophylle.com\/de\/wp-json\/wp\/v2\/pages"}],"about":[{"href":"https:\/\/www.aventure-chlorophylle.com\/de\/wp-json\/wp\/v2\/types\/page"}],"author":[{"embeddable":true,"href":"https:\/\/www.aventure-chlorophylle.com\/de\/wp-json\/wp\/v2\/users\/3"}],"replies":[{"embeddable":true,"href":"https:\/\/www.aventure-chlorophylle.com\/de\/wp-json\/wp\/v2\/comments?post=262029"}],"version-history":[{"count":1,"href":"https:\/\/www.aventure-chlorophylle.com\/de\/wp-json\/wp\/v2\/pages\/262029\/revisions"}],"predecessor-version":[{"id":268899,"href":"https:\/\/www.aventure-chlorophylle.com\/de\/wp-json\/wp\/v2\/pages\/262029\/revisions\/268899"}],"wp:attachment":[{"href":"https:\/\/www.aventure-chlorophylle.com\/de\/wp-json\/wp\/v2\/media?parent=262029"}],"curies":[{"name":"wp","href":"https:\/\/api.w.org\/{rel}","templated":true}]}}