{"id":262374,"date":"2021-05-03T13:38:25","date_gmt":"2021-05-03T11:38:25","guid":{"rendered":"https:\/\/www.aventure-chlorophylle.com\/?page_id=262374"},"modified":"2026-03-30T15:49:59","modified_gmt":"2026-03-30T13:49:59","slug":"tarife-gemeinschaften","status":"publish","type":"page","link":"https:\/\/www.aventure-chlorophylle.com\/de\/canyoning-rafting-pyrenees-atlantiques\/tarife-gemeinschaften\/","title":{"rendered":"Tarifs ACM et Scolaires"},"content":{"rendered":"<p>[et_pb_section fb_built=\u00a0\u00bb1&Prime; fullwidth=\u00a0\u00bbon\u00a0\u00bb admin_label=\u00a0\u00bbSlider produit\u00a0\u00bb _builder_version=\u00a0\u00bb4.16&Prime; _module_preset=\u00a0\u00bbdefault\u00a0\u00bb custom_margin=\u00a0\u00bb||-140px||false|false\u00a0\u00bb custom_margin_tablet=\u00a0\u00bb||-88px||false|false\u00a0\u00bb custom_margin_phone=\u00a0\u00bb||-44px||false|false\u00a0\u00bb custom_margin_last_edited=\u00a0\u00bbon|desktop\u00a0\u00bb locked=\u00a0\u00bboff\u00a0\u00bb collapsed=\u00a0\u00bboff\u00a0\u00bb global_colors_info=\u00a0\u00bb{}\u00a0\u00bb][et_pb_fullwidth_slider show_pagination=\u00a0\u00bboff\u00a0\u00bb use_bg_overlay=\u00a0\u00bbon\u00a0\u00bb bg_overlay_color=\u00a0\u00bbrgba(73,59,34,0.1)\u00a0\u00bb use_text_overlay=\u00a0\u00bboff\u00a0\u00bb arrows_custom_color=\u00a0\u00bb#5CAA80&Prime; _builder_version=\u00a0\u00bb4.16&Prime; _module_preset=\u00a0\u00bbdefault\u00a0\u00bb background_color=\u00a0\u00bb#F6F2EC\u00a0\u00bb use_background_color_gradient=\u00a0\u00bbon\u00a0\u00bb background_color_gradient_stops=\u00a0\u00bbrgba(34,34,34,0) 40%|rgba(34,34,34,0.05) 100%\u00a0\u00bb background_color_gradient_overlays_image=\u00a0\u00bbon\u00a0\u00bb background_color_gradient_start=\u00a0\u00bbrgba(34,34,34,0)\u00a0\u00bb background_color_gradient_start_position=\u00a0\u00bb40%\u00a0\u00bb background_color_gradient_end=\u00a0\u00bbrgba(34,34,34,0.05)\u00a0\u00bb min_height_tablet=\u00a0\u00bb\u00a0\u00bb min_height_phone=\u00a0\u00bb\u00a0\u00bb min_height_last_edited=\u00a0\u00bbon|desktop\u00a0\u00bb height=\u00a0\u00bb400px\u00a0\u00bb height_tablet=\u00a0\u00bb220px\u00a0\u00bb height_phone=\u00a0\u00bb140px\u00a0\u00bb height_last_edited=\u00a0\u00bbon|desktop\u00a0\u00bb global_colors_info=\u00a0\u00bb{}\u00a0\u00bb][et_pb_slide use_bg_overlay=\u00a0\u00bboff\u00a0\u00bb _builder_version=\u00a0\u00bb4.16&Prime; _module_preset=\u00a0\u00bbdefault\u00a0\u00bb body_text_align=\u00a0\u00bbcenter\u00a0\u00bb body_text_color=\u00a0\u00bb#FFFFFF\u00a0\u00bb background_color=\u00a0\u00bb#F6F2EC\u00a0\u00bb background_enable_color=\u00a0\u00bbon\u00a0\u00bb background_image=\u00a0\u00bbhttps:\/\/www.aventure-chlorophylle.com\/wp-content\/uploads\/2021\/05\/activite_rafting_demi-journee_gave_de_pau_5.jpg\u00a0\u00bb background_enable_image=\u00a0\u00bbon\u00a0\u00bb global_colors_info=\u00a0\u00bb{}\u00a0\u00bb sticky_transition=\u00a0\u00bbon\u00a0\u00bb][\/et_pb_slide][\/et_pb_fullwidth_slider][\/et_pb_section][et_pb_section fb_built=\u00a0\u00bb1&Prime; admin_label=\u00a0\u00bbmontagne en fond\u00a0\u00bb _builder_version=\u00a0\u00bb4.27.4&Prime; _module_preset=\u00a0\u00bbdefault\u00a0\u00bb background_color=\u00a0\u00bbRGBA(0,0,0,0)\u00a0\u00bb background_image=\u00a0\u00bbhttps:\/\/www.aventure-chlorophylle.com\/wp-content\/uploads\/2021\/04\/msk-mountain.svg\u00a0\u00bb background_enable_image=\u00a0\u00bboff\u00a0\u00bb z_index=\u00a0\u00bb10&Prime; height=\u00a0\u00bb144px\u00a0\u00bb height_tablet=\u00a0\u00bb88px\u00a0\u00bb height_phone=\u00a0\u00bb44px\u00a0\u00bb height_last_edited=\u00a0\u00bbon|phone\u00a0\u00bb custom_padding=\u00a0\u00bb0px||0px||true|false\u00a0\u00bb global_module=\u00a0\u00bb261939&Prime; collapsed=\u00a0\u00bboff\u00a0\u00bb global_colors_info=\u00a0\u00bb{}\u00a0\u00bb][\/et_pb_section][et_pb_section fb_built=\u00a0\u00bb1&Prime; _builder_version=\u00a0\u00bb4.16&Prime; _module_preset=\u00a0\u00bbdefault\u00a0\u00bb background_color=\u00a0\u00bb#FFFFFF\u00a0\u00bb custom_padding=\u00a0\u00bb0px||0px|||\u00a0\u00bb global_colors_info=\u00a0\u00bb{}\u00a0\u00bb][et_pb_row admin_label=\u00a0\u00bbFil d&rsquo;arianne\u00a0\u00bb _builder_version=\u00a0\u00bb4.9.4&Prime; _module_preset=\u00a0\u00bbdefault\u00a0\u00bb custom_padding=\u00a0\u00bb0px||0px||true|false\u00a0\u00bb global_module=\u00a0\u00bb261844&Prime; saved_tabs=\u00a0\u00bball\u00a0\u00bb locked=\u00a0\u00bboff\u00a0\u00bb collapsed=\u00a0\u00bboff\u00a0\u00bb global_colors_info=\u00a0\u00bb{}\u00a0\u00bb][et_pb_column type=\u00a0\u00bb4_4&Prime; _builder_version=\u00a0\u00bb4.16&Prime; _module_preset=\u00a0\u00bbdefault\u00a0\u00bb global_colors_info=\u00a0\u00bb{}\u00a0\u00bb][et_pb_code _builder_version=\u00a0\u00bb4.18.0&Prime; _module_preset=\u00a0\u00bbdefault\u00a0\u00bb global_colors_info=\u00a0\u00bb{}\u00a0\u00bb]<span><span><a href=\"https:\/\/www.aventure-chlorophylle.com\/de\/\">Startseite<\/a><\/span><\/span>[\/et_pb_code][\/et_pb_column][\/et_pb_row][et_pb_row column_structure=\u00a0\u00bb2_3,1_3&Prime; _builder_version=\u00a0\u00bb4.16&Prime; _module_preset=\u00a0\u00bbdefault\u00a0\u00bb global_colors_info=\u00a0\u00bb{}\u00a0\u00bb][et_pb_column type=\u00a0\u00bb2_3&Prime; _builder_version=\u00a0\u00bb4.16&Prime; _module_preset=\u00a0\u00bbdefault\u00a0\u00bb global_colors_info=\u00a0\u00bb{}\u00a0\u00bb][et_pb_text admin_label=\u00a0\u00bbTarifs ACM et Scolaires\u00a0\u00bb _builder_version=\u00a0\u00bb4.27.4&Prime; _module_preset=\u00a0\u00bbdefault\u00a0\u00bb global_colors_info=\u00a0\u00bb{}\u00a0\u00bb]<\/p>\n<h1 style=\"text-align: center;\">Tarifs Accueil Collectif de Mineurs + scolaires<\/h1>\n<p>[\/et_pb_text][\/et_pb_column][et_pb_column type=\u00a0\u00bb1_3&Prime; _builder_version=\u00a0\u00bb4.16&Prime; _module_preset=\u00a0\u00bbdefault\u00a0\u00bb global_colors_info=\u00a0\u00bb{}\u00a0\u00bb][dnxte_button button_text=\u00a0\u00bbLes tarifs au format PDF\u00a0\u00bb button_link=\u00a0\u00bb@ET-DC@eyJkeW5hbWljIjp0cnVlLCJjb250ZW50IjoicG9zdF9saW5rX3VybF9hdHRhY2htZW50Iiwic2V0dGluZ3MiOnsicG9zdF9pZCI6IjI3MDA2OCJ9fQ==@\u00a0\u00bb button_link_new_window=\u00a0\u00bbon\u00a0\u00bb admin_label=\u00a0\u00bbtarifs collectivit\u00e9s pdf\u00a0\u00bb _builder_version=\u00a0\u00bb4.27.4&Prime; _dynamic_attributes=\u00a0\u00bbbutton_link\u00a0\u00bb _module_preset=\u00a0\u00bbdefault\u00a0\u00bb hover_enabled=\u00a0\u00bb0&Prime; global_colors_info=\u00a0\u00bb{}\u00a0\u00bb sticky_enabled=\u00a0\u00bb0&Prime;][\/dnxte_button][\/et_pb_column][\/et_pb_row][et_pb_row _builder_version=\u00a0\u00bb4.16&Prime; _module_preset=\u00a0\u00bbdefault\u00a0\u00bb custom_padding=\u00a0\u00bb36px|||||\u00a0\u00bb global_colors_info=\u00a0\u00bb{}\u00a0\u00bb][et_pb_column type=\u00a0\u00bb4_4&Prime; _builder_version=\u00a0\u00bb4.16&Prime; _module_preset=\u00a0\u00bbdefault\u00a0\u00bb global_colors_info=\u00a0\u00bb{}\u00a0\u00bb][et_pb_text admin_label=\u00a0\u00bbTarifs centres de vacances \/ scolaires \/ Collectivit\u00e9s \/ ALSH\u00a0\u00bb _builder_version=\u00a0\u00bb4.27.4&Prime; _module_preset=\u00a0\u00bbdefault\u00a0\u00bb global_colors_info=\u00a0\u00bb{}\u00a0\u00bb]<\/p>\n<h2><strong>A qui s&rsquo;adresse ce tarif?<\/strong><\/h2>\n<p>Un Accueil Collectif de Mineurs est un centre de vacances, colonies de vacances, centres de loisirs, centres a\u00e9r\u00e9s, accueils de scoutisme ou encore colos apprenantes. Les ACM sont des espaces destin\u00e9s \u00e0 accueillir pendants les vacances et hors temps scolaire des jeunes \u00e2g\u00e9s de moins de 18 ans pour leur permettre de pratiquer des activit\u00e9s de loisirs et de d\u00e9tente.<\/p>\n<p>Les \u00e9tablissements scolaires.<\/p>\n<p>&nbsp;<\/p>\n<p><strong>Die Preise f\u00fcr Ausfl\u00fcge beinhalten :<\/strong><\/p>\n<p>- die Betreuung durch einen diplomierten Lehrer<br \/>- das Ausleihen der individuellen, aktivit\u00e4tsspezifischen Ausr\u00fcstung (z. B. Klettergurt, Helm, Overall usw.)<br \/>- die Haftpflichtversicherung<\/p>\n<p><strong>Um Ihnen das Lesen der folgenden Tabellen zu erleichtern, hier einige Infos:<\/strong><\/p>\n<p>&nbsp;<\/p>\n<h2>Multi-Aktivit\u00e4ten-Tarife :<\/h2>\n<p>&nbsp;<\/p>\n<p>Sie m\u00f6chten mehrere Aktivit\u00e4ten mit Aventure Chlorophylle durchf\u00fchren oder nach einer ersten Aktivit\u00e4t zur\u00fcckkehren.<\/p>\n<p><strong>- Tarif f\u00fcr mehrere Aktivit\u00e4ten :<\/strong> Ab der dritten Aktivit\u00e4t wird eine Erm\u00e4\u00dfigung von 10 % auf die folgenden Aktivit\u00e4ten angewendet. Die ersten beiden Aktivit\u00e4ten werden also zum vollen Preis bezahlt, f\u00fcr die folgenden wird eine Erm\u00e4\u00dfigung von 10% angewandt<\/p>\n<p><strong> Dieses Angebot ist bis zum 31. Dezember des laufenden Jahres g\u00fcltig.<\/strong><\/p>\n<p>&nbsp;<\/p>\n<h2>Zahlungsweise :<\/h2>\n<p>&nbsp;<\/p>\n<p><strong>Bei der Buchung wird eine Anzahlung von 50% verlangt.<\/strong><\/p>\n<p><strong>Zahlung im Voraus : <\/strong><\/p>\n<p>- Kreditkarte: \u00fcber einen sicheren Zahlungslink, der Ihnen per E-Mail zugeschickt wird<br \/>- Scheck<br \/>- Arten<br \/>- Verwaltungsanweisung<\/p>\n<p><strong>Zahlung vor Ort :<\/strong> Bargeld, Schecks.<br \/>Achtung: Die Zahlung per Kreditkarte ist vor Ort nicht m\u00f6glich. Unsere Betreuer verf\u00fcgen nicht \u00fcber ein Terminal.<\/p>\n<p>&nbsp;<\/p>\n<p><strong>Hochsaison<\/strong> : <span dir=\"ltr\" role=\"presentation\">Jeden Tag von<\/span>\u00a0<span dir=\"ltr\" role=\"presentation\">1<\/span><span dir=\"ltr\" role=\"presentation\">er<\/span><span dir=\"ltr\" role=\"presentation\"> unter <\/span><span dir=\"ltr\" role=\"presentation\">31. August<\/span>\u00a0Alle<span dir=\"ltr\" role=\"presentation\">es<\/span>\u00a0<span dir=\"ltr\" role=\"presentation\">Wochenenden im Jahr<\/span><span dir=\"ltr\" role=\"presentation\">Die<\/span>\u00a0<span dir=\"ltr\" role=\"presentation\">Feiertage und Br\u00fcckentage<\/span>\u00a0<span dir=\"ltr\" role=\"presentation\">von<\/span>\u00a0<span dir=\"ltr\" role=\"presentation\">1<\/span><span dir=\"ltr\" role=\"presentation\">er\u00a0<\/span><span dir=\"ltr\" role=\"presentation\">Mai bis 15. September<\/span>.<br \/><strong>Nebensaison :<\/strong> Die restliche Zeit.<\/p>\n<p>&nbsp;<\/p>\n<p>[\/et_pb_text][et_pb_code admin_label=\u00a0\u00bbCode : tarifs en table\u00a0\u00bb _builder_version=\u00a0\u00bb4.27.4&Prime; _module_preset=\u00a0\u00bbdefault\u00a0\u00bb custom_css_main_element=\u00a0\u00bboverflow:auto;\u00a0\u00bb global_colors_info=\u00a0\u00bb{}\u00a0\u00bb]\n<table id=\"tablepress-1\" class=\"tablepress tablepress-id-1 tbody-has-connected-cells\">\n<thead>\n<tr class=\"row-1\">\n\t<td class=\"column-1\"><\/td><td class=\"column-2\"><\/td><th class=\"column-3\">Hochsaison<\/th><th class=\"column-4\">Nebensaison<\/th>\n<\/tr>\n<\/thead>\n<tbody class=\"row-striping row-hover\">\n<tr class=\"row-2\">\n\t<td rowspan=\"4\" class=\"column-1\"><b>H\u00f6hlenforschung \/ Canyoning<\/b><\/td><td class=\"column-2\">Halber Tag<\/td><td class=\"column-3\">300 \u20ac\/gr<\/td><td class=\"column-4\">250 \u20ac\/gr<\/td>\n<\/tr>\n<tr class=\"row-3\">\n\t<td colspan=\"3\" class=\"column-2\"><p style=\"text-align:center;\"><em>Maximal 8 Kinder + 1 Erwachsener<\/em><\/p><\/td>\n<\/tr>\n<tr class=\"row-4\">\n\t<td class=\"column-2\">Tag<\/td><td class=\"column-3\">500 \u20ac\/gr<\/td><td class=\"column-4\">430 \u20ac\/gr<\/td>\n<\/tr>\n<tr class=\"row-5\">\n\t<td colspan=\"3\" class=\"column-2\"><p style=\"text-align:center;\"><em>Maximal 8 Kinder + 1 Erwachsener<\/em><\/p><\/td>\n<\/tr>\n<tr class=\"row-6\">\n\t<td rowspan=\"2\" class=\"column-1\"><b>Klettern<\/b><\/td><td class=\"column-2\">Halber Tag<\/td><td class=\"column-3\">250 \u20ac\/gr<\/td><td class=\"column-4\">200 \u20ac\/gr<\/td>\n<\/tr>\n<tr class=\"row-7\">\n\t<td colspan=\"3\" class=\"column-2\"><p style=\"text-align:center;\"><em>Maximal 9 Kinder + 1 Erwachsener<\/em><\/p><\/td>\n<\/tr>\n<tr class=\"row-8\">\n\t<td rowspan=\"2\" class=\"column-1\"><b>Via Ferrata \/ Via Cordata<\/b><\/td><td class=\"column-2\">Halber Tag<\/td><td class=\"column-3\">250 \u20ac\/gr<\/td><td class=\"column-4\">200 \u20ac\/gr<\/td>\n<\/tr>\n<tr class=\"row-9\">\n\t<td colspan=\"3\" class=\"column-2\"><p style=\"text-align:center;\"><em>7 Kinder + 1 Pers. maximal<\/em><\/p><\/td>\n<\/tr>\n<tr class=\"row-10\">\n\t<td rowspan=\"2\" class=\"column-1\"><b>Rafting \/ Canoraft<\/b><\/td><td class=\"column-2\">Halber Tag<\/td><td class=\"column-3\">9h&amp; 16h 220 \u20ac\/gr<\/td><td class=\"column-4\">200 \u20ac\/gr<\/td>\n<\/tr>\n<tr class=\"row-11\">\n\t<td colspan=\"3\" class=\"column-2\"><p style=\"text-align:center;\"><em>8 Kinder + 1 Erwachsener maximal<\/em><\/p><\/td>\n<\/tr>\n<tr class=\"row-12\">\n\t<td rowspan=\"4\" class=\"column-1\"><b>MOUNTAINBIKE<\/b><\/td><td class=\"column-2\">Halber Tag<\/td><td class=\"column-3\">270 \u20ac\/gr<\/td><td class=\"column-4\">270 \u20ac\/gr<\/td>\n<\/tr>\n<tr class=\"row-13\">\n\t<td colspan=\"3\" class=\"column-2\"><p style=\"text-align:center;\"><em>Maximal 10 Kinder + 1 Erwachsener<\/em><\/p><\/td>\n<\/tr>\n<tr class=\"row-14\">\n\t<td class=\"column-2\">Tag 1 Gruppe<\/td><td class=\"column-3\">400 \u20ac\/gr<\/td><td class=\"column-4\">400\u20ac\/gr<\/td>\n<\/tr>\n<tr class=\"row-15\">\n\t<td colspan=\"3\" class=\"column-2\"><p style=\"text-align:center;\"><em>Maximal 10 Kinder + 1 Erwachsener<\/em><\/p><\/td>\n<\/tr>\n<\/tbody>\n<\/table>\n[\/et_pb_code][et_pb_text _builder_version=\u00a0\u00bb4.16&Prime; _module_preset=\u00a0\u00bbdefault\u00a0\u00bb global_colors_info=\u00a0\u00bb{}\u00a0\u00bb]<\/p>\n<p>Die Leistungen werden von Fachkr\u00e4ften erbracht, die Mitglieder des Betreuerb\u00fcros Aventure Chlorophylle sind.<\/p>\n<p>Der Preis beinhaltet die Betreuung durch staatlich gepr\u00fcfte Lehrer, das Ausleihen der Ausr\u00fcstung und die Haftpflichtversicherung - Mehrwertsteuer nicht anwendbar.<\/p>\n<p>Die maximale Teilnehmerzahl gilt f\u00fcr eine Einf\u00fchrungsveranstaltung; f\u00fcr eine Fortbildungsveranstaltung wenden Sie sich bitte an uns.<\/p>\n<p>[\/et_pb_text][et_pb_image src=\u00a0\u00bbhttps:\/\/www.aventure-chlorophylle.com\/wp-content\/uploads\/2025\/10\/Tarifs-ACM-2026-1-pdf.jpg\u00a0\u00bb title_text=\u00a0\u00bbTarifs ACM 2026&Prime; show_in_lightbox=\u00a0\u00bbon\u00a0\u00bb disabled_on=\u00a0\u00bbon|on|on\u00a0\u00bb _builder_version=\u00a0\u00bb4.27.4&Prime; _module_preset=\u00a0\u00bbdefault\u00a0\u00bb disabled=\u00a0\u00bbon\u00a0\u00bb global_colors_info=\u00a0\u00bb{}\u00a0\u00bb][\/et_pb_image][\/et_pb_column][\/et_pb_row][\/et_pb_section][et_pb_section fb_built=\u00a0\u00bb1&Prime; admin_label=\u00a0\u00bbD\u00e9chirement bas\u00a0\u00bb _builder_version=\u00a0\u00bb4.16&Prime; _module_preset=\u00a0\u00bbdefault\u00a0\u00bb background_color=\u00a0\u00bbRGBA(0,0,0,0)\u00a0\u00bb background_image=\u00a0\u00bbhttps:\/\/www.aventure-chlorophylle.com\/wp-content\/uploads\/2021\/04\/msk-horizontal-top.svg\u00a0\u00bb background_repeat=\u00a0\u00bbrepeat-x\u00a0\u00bb height=\u00a0\u00bb30px\u00a0\u00bb height_tablet=\u00a0\u00bb30px\u00a0\u00bb height_phone=\u00a0\u00bb30px\u00a0\u00bb height_last_edited=\u00a0\u00bbon|desktop\u00a0\u00bb custom_padding=\u00a0\u00bb0px||0px||true|false\u00a0\u00bb custom_css_main_element=\u00a0\u00bbbackground-size:auto 100%!important;\u00a0\u00bb saved_tabs=\u00a0\u00bball\u00a0\u00bb collapsed=\u00a0\u00bbon\u00a0\u00bb global_colors_info=\u00a0\u00bb{}\u00a0\u00bb][\/et_pb_section][et_pb_section fb_built=\u00a0\u00bb1&Prime; _builder_version=\u00a0\u00bb4.16&Prime; _module_preset=\u00a0\u00bbdefault\u00a0\u00bb background_color=\u00a0\u00bbRGBA(0,0,0,0)\u00a0\u00bb height=\u00a0\u00bb50px\u00a0\u00bb max_height=\u00a0\u00bb50px\u00a0\u00bb global_colors_info=\u00a0\u00bb{}\u00a0\u00bb][\/et_pb_section]<\/p>","protected":false},"excerpt":{"rendered":"<p><span><span><a href=\"https:\/\/www.aventure-chlorophylle.com\/de\/\">Startseite<\/a><\/span><\/span>Tarifs Accueil Collectif de Mineurs + scolaires<div class=\"et_pb_with_border et_pb_module dnxte_button dnxte_button_0 et_animated et_pb_section_video_on_hover\">\n\t\t\t\t\n\t\t\t\t\n\t\t\t\t\n\t\t\t\t\n\t\t\t\t\n\t\t\t\t\n\t\t\t\t<div class=\"et_pb_module_inner\">\n\t\t\t\t\t<div class=\"dnxt-button-wrapper\">\n\t\t\t\t<a class=\"dnxt-btn-icon  dnxt-hover-sweep-to-top  dnxt-hover-icon-forward dnxt-btn-icon-on-hover\" href=\"\" target=\"_blank\"><i class=\"\">$<\/i>Les tarifs au format PDF<\/a>\n\t\t\t<\/div>\n\t\t\t\t<\/div>\n\t\t\t<\/div>A qui s&rsquo;adresse ce tarif? Un Accueil Collectif de Mineurs est un centre de vacances, colonies de vacances, centres de loisirs, centres a\u00e9r\u00e9s, accueils de scoutisme ou encore colos apprenantes. Les ACM sont [&hellip;]<\/p>","protected":false},"author":3,"featured_media":0,"parent":261671,"menu_order":0,"comment_status":"closed","ping_status":"closed","template":"","meta":{"_acf_changed":false,"_et_pb_use_builder":"on","_et_pb_old_content":"","_et_gb_content_width":"","inline_featured_image":false,"footnotes":""},"class_list":["post-262374","page","type-page","status-publish","hentry"],"acf":[],"yoast_head":"<!-- This site is optimized with the Yoast SEO plugin v26.7 - https:\/\/yoast.com\/wordpress\/plugins\/seo\/ -->\n<title>Tarifs ACM et Scolaires - Aventure Chlorophylle<\/title>\n<meta name=\"robots\" content=\"index, follow, max-snippet:-1, max-image-preview:large, max-video-preview:-1\" \/>\n<link rel=\"canonical\" href=\"https:\/\/www.aventure-chlorophylle.com\/de\/canyoning-rafting-pyrenees-atlantiques\/tarife-gemeinschaften\/\" \/>\n<meta property=\"og:locale\" content=\"de_DE\" \/>\n<meta property=\"og:type\" content=\"article\" \/>\n<meta property=\"og:title\" content=\"Tarifs ACM et Scolaires - Aventure Chlorophylle\" \/>\n<meta property=\"og:description\" content=\"Tarifs Accueil Collectif de Mineurs + scolairesA qui s&#039;adresse ce tarif? Un Accueil Collectif de Mineurs est un centre de vacances, colonies de vacances, centres de loisirs, centres a\u00e9r\u00e9s, accueils de scoutisme ou encore colos apprenantes. Les ACM sont [&hellip;]\" \/>\n<meta property=\"og:url\" content=\"https:\/\/www.aventure-chlorophylle.com\/de\/canyoning-rafting-pyrenees-atlantiques\/tarife-gemeinschaften\/\" \/>\n<meta property=\"og:site_name\" content=\"Aventure Chlorophylle\" \/>\n<meta property=\"article:publisher\" content=\"https:\/\/www.facebook.com\/aventurechlorophylle\" \/>\n<meta property=\"article:modified_time\" content=\"2026-03-30T13:49:59+00:00\" \/>\n<meta name=\"twitter:card\" content=\"summary_large_image\" \/>\n<script type=\"application\/ld+json\" class=\"yoast-schema-graph\">{\"@context\":\"https:\/\/schema.org\",\"@graph\":[{\"@type\":\"WebPage\",\"@id\":\"https:\/\/www.aventure-chlorophylle.com\/canyoning-rafting-pyrenees-atlantiques\/tarifs-collectivites\/\",\"url\":\"https:\/\/www.aventure-chlorophylle.com\/canyoning-rafting-pyrenees-atlantiques\/tarifs-collectivites\/\",\"name\":\"Tarifs ACM et Scolaires - Aventure Chlorophylle\",\"isPartOf\":{\"@id\":\"https:\/\/www.aventure-chlorophylle.com\/#website\"},\"datePublished\":\"2021-05-03T11:38:25+00:00\",\"dateModified\":\"2026-03-30T13:49:59+00:00\",\"breadcrumb\":{\"@id\":\"https:\/\/www.aventure-chlorophylle.com\/canyoning-rafting-pyrenees-atlantiques\/tarifs-collectivites\/#breadcrumb\"},\"inLanguage\":\"de\",\"potentialAction\":[{\"@type\":\"ReadAction\",\"target\":[\"https:\/\/www.aventure-chlorophylle.com\/canyoning-rafting-pyrenees-atlantiques\/tarifs-collectivites\/\"]}]},{\"@type\":\"BreadcrumbList\",\"@id\":\"https:\/\/www.aventure-chlorophylle.com\/canyoning-rafting-pyrenees-atlantiques\/tarifs-collectivites\/#breadcrumb\",\"itemListElement\":[{\"@type\":\"ListItem\",\"position\":1,\"name\":\"Accueil\",\"item\":\"https:\/\/www.aventure-chlorophylle.com\/\"},{\"@type\":\"ListItem\",\"position\":2,\"name\":\"Canyoning et Rafting dans les Pyr\u00e9n\u00e9es Atlantiques\",\"item\":\"https:\/\/www.aventure-chlorophylle.com\/\"},{\"@type\":\"ListItem\",\"position\":3,\"name\":\"Tarifs ACM et Scolaires\"}]},{\"@type\":\"WebSite\",\"@id\":\"https:\/\/www.aventure-chlorophylle.com\/#website\",\"url\":\"https:\/\/www.aventure-chlorophylle.com\/\",\"name\":\"Aventure Chlorophylle\",\"description\":\"Activit\u00e9s de Canyoning, rafting et sp\u00e9l\u00e9ologie dans les Pyr\u00e9n\u00e9es\",\"publisher\":{\"@id\":\"https:\/\/www.aventure-chlorophylle.com\/#organization\"},\"potentialAction\":[{\"@type\":\"SearchAction\",\"target\":{\"@type\":\"EntryPoint\",\"urlTemplate\":\"https:\/\/www.aventure-chlorophylle.com\/?s={search_term_string}\"},\"query-input\":{\"@type\":\"PropertyValueSpecification\",\"valueRequired\":true,\"valueName\":\"search_term_string\"}}],\"inLanguage\":\"de\"},{\"@type\":\"Organization\",\"@id\":\"https:\/\/www.aventure-chlorophylle.com\/#organization\",\"name\":\"Aventure Chlorophylle\",\"url\":\"https:\/\/www.aventure-chlorophylle.com\/\",\"logo\":{\"@type\":\"ImageObject\",\"inLanguage\":\"de\",\"@id\":\"https:\/\/www.aventure-chlorophylle.com\/#\/schema\/logo\/image\/\",\"url\":\"https:\/\/www.aventure-chlorophylle.com\/wp-content\/uploads\/2021\/04\/logo_aventure_chlorophylle.png\",\"contentUrl\":\"https:\/\/www.aventure-chlorophylle.com\/wp-content\/uploads\/2021\/04\/logo_aventure_chlorophylle.png\",\"width\":356,\"height\":392,\"caption\":\"Aventure Chlorophylle\"},\"image\":{\"@id\":\"https:\/\/www.aventure-chlorophylle.com\/#\/schema\/logo\/image\/\"},\"sameAs\":[\"https:\/\/www.facebook.com\/aventurechlorophylle\",\"https:\/\/www.instagram.com\/aventure_chlorophylle\/\"]}]}<\/script>\n<!-- \/ Yoast SEO plugin. -->","yoast_head_json":{"title":"Tarifs ACM et Scolaires - Aventure Chlorophylle","robots":{"index":"index","follow":"follow","max-snippet":"max-snippet:-1","max-image-preview":"max-image-preview:large","max-video-preview":"max-video-preview:-1"},"canonical":"https:\/\/www.aventure-chlorophylle.com\/de\/canyoning-rafting-pyrenees-atlantiques\/tarife-gemeinschaften\/","og_locale":"de_DE","og_type":"article","og_title":"Tarifs ACM et Scolaires - Aventure Chlorophylle","og_description":"Tarifs Accueil Collectif de Mineurs + scolairesA qui s'adresse ce tarif? Un Accueil Collectif de Mineurs est un centre de vacances, colonies de vacances, centres de loisirs, centres a\u00e9r\u00e9s, accueils de scoutisme ou encore colos apprenantes. Les ACM sont [&hellip;]","og_url":"https:\/\/www.aventure-chlorophylle.com\/de\/canyoning-rafting-pyrenees-atlantiques\/tarife-gemeinschaften\/","og_site_name":"Aventure Chlorophylle","article_publisher":"https:\/\/www.facebook.com\/aventurechlorophylle","article_modified_time":"2026-03-30T13:49:59+00:00","twitter_card":"summary_large_image","schema":{"@context":"https:\/\/schema.org","@graph":[{"@type":"WebPage","@id":"https:\/\/www.aventure-chlorophylle.com\/canyoning-rafting-pyrenees-atlantiques\/tarifs-collectivites\/","url":"https:\/\/www.aventure-chlorophylle.com\/canyoning-rafting-pyrenees-atlantiques\/tarifs-collectivites\/","name":"Tarifs ACM et Scolaires - Aventure Chlorophylle","isPartOf":{"@id":"https:\/\/www.aventure-chlorophylle.com\/#website"},"datePublished":"2021-05-03T11:38:25+00:00","dateModified":"2026-03-30T13:49:59+00:00","breadcrumb":{"@id":"https:\/\/www.aventure-chlorophylle.com\/canyoning-rafting-pyrenees-atlantiques\/tarifs-collectivites\/#breadcrumb"},"inLanguage":"de","potentialAction":[{"@type":"ReadAction","target":["https:\/\/www.aventure-chlorophylle.com\/canyoning-rafting-pyrenees-atlantiques\/tarifs-collectivites\/"]}]},{"@type":"BreadcrumbList","@id":"https:\/\/www.aventure-chlorophylle.com\/canyoning-rafting-pyrenees-atlantiques\/tarifs-collectivites\/#breadcrumb","itemListElement":[{"@type":"ListItem","position":1,"name":"Accueil","item":"https:\/\/www.aventure-chlorophylle.com\/"},{"@type":"ListItem","position":2,"name":"Canyoning et Rafting dans les Pyr\u00e9n\u00e9es Atlantiques","item":"https:\/\/www.aventure-chlorophylle.com\/"},{"@type":"ListItem","position":3,"name":"Tarifs ACM et Scolaires"}]},{"@type":"WebSite","@id":"https:\/\/www.aventure-chlorophylle.com\/#website","url":"https:\/\/www.aventure-chlorophylle.com\/","name":"Abenteuer Chlorophyll","description":"Canyoning-, Rafting- und H\u00f6hlenforschungsaktivit\u00e4ten in den Pyren\u00e4en","publisher":{"@id":"https:\/\/www.aventure-chlorophylle.com\/#organization"},"potentialAction":[{"@type":"SearchAction","target":{"@type":"EntryPoint","urlTemplate":"https:\/\/www.aventure-chlorophylle.com\/?s={search_term_string}"},"query-input":{"@type":"PropertyValueSpecification","valueRequired":true,"valueName":"search_term_string"}}],"inLanguage":"de"},{"@type":"Organization","@id":"https:\/\/www.aventure-chlorophylle.com\/#organization","name":"Abenteuer Chlorophyll","url":"https:\/\/www.aventure-chlorophylle.com\/","logo":{"@type":"ImageObject","inLanguage":"de","@id":"https:\/\/www.aventure-chlorophylle.com\/#\/schema\/logo\/image\/","url":"https:\/\/www.aventure-chlorophylle.com\/wp-content\/uploads\/2021\/04\/logo_aventure_chlorophylle.png","contentUrl":"https:\/\/www.aventure-chlorophylle.com\/wp-content\/uploads\/2021\/04\/logo_aventure_chlorophylle.png","width":356,"height":392,"caption":"Aventure Chlorophylle"},"image":{"@id":"https:\/\/www.aventure-chlorophylle.com\/#\/schema\/logo\/image\/"},"sameAs":["https:\/\/www.facebook.com\/aventurechlorophylle","https:\/\/www.instagram.com\/aventure_chlorophylle\/"]}]}},"_links":{"self":[{"href":"https:\/\/www.aventure-chlorophylle.com\/de\/wp-json\/wp\/v2\/pages\/262374","targetHints":{"allow":["GET"]}}],"collection":[{"href":"https:\/\/www.aventure-chlorophylle.com\/de\/wp-json\/wp\/v2\/pages"}],"about":[{"href":"https:\/\/www.aventure-chlorophylle.com\/de\/wp-json\/wp\/v2\/types\/page"}],"author":[{"embeddable":true,"href":"https:\/\/www.aventure-chlorophylle.com\/de\/wp-json\/wp\/v2\/users\/3"}],"replies":[{"embeddable":true,"href":"https:\/\/www.aventure-chlorophylle.com\/de\/wp-json\/wp\/v2\/comments?post=262374"}],"version-history":[{"count":14,"href":"https:\/\/www.aventure-chlorophylle.com\/de\/wp-json\/wp\/v2\/pages\/262374\/revisions"}],"predecessor-version":[{"id":270070,"href":"https:\/\/www.aventure-chlorophylle.com\/de\/wp-json\/wp\/v2\/pages\/262374\/revisions\/270070"}],"up":[{"embeddable":true,"href":"https:\/\/www.aventure-chlorophylle.com\/de\/wp-json\/wp\/v2\/pages\/261671"}],"wp:attachment":[{"href":"https:\/\/www.aventure-chlorophylle.com\/de\/wp-json\/wp\/v2\/media?parent=262374"}],"curies":[{"name":"wp","href":"https:\/\/api.w.org\/{rel}","templated":true}]}}