{"id":263538,"date":"2021-06-25T14:59:41","date_gmt":"2021-06-25T12:59:41","guid":{"rendered":"https:\/\/www.aventure-chlorophylle.com\/?page_id=263538"},"modified":"2021-06-25T14:59:45","modified_gmt":"2021-06-25T12:59:45","slug":"ausbildung","status":"publish","type":"page","link":"https:\/\/www.aventure-chlorophylle.com\/de\/canyoning-rafting-pyrenees-atlantiques\/klettern-2\/ausbildung\/","title":{"rendered":"Ausbildung"},"content":{"rendered":"<p>[et_pb_section fb_built= \"1\u2033 fullwidth= \"on \" admin_label= \"Produkt-Slider \" _builder_version= \"4.9.4\u2033 _module_preset= \"default \" custom_margin= \"||-140px||false|false \" custom_margin_tablet= \"||-88px||false|false \" custom_margin_phone= \"||.44px|||false|false \" custom_margin_last_edited= \"on|desktop \" locked= \"off\" collapsed= \"off\"][et_pb_fullwidth_slider show_pagination= \"off\" use_bg_overlay= \"on \" bg_overlay_color= \"rgba(73,59,34,0.1) \" use_text_overlay= \"off \" arrows_custom_color= \"#5CAA80\u2033 _builder_version= \"4.9.2\u2033 _module_preset= \"default\" background_color= \"#F6F2EC \" use_background_color_gradient= \"on\" background_color_gradient_start= \"rgba(34,34,34,0) \" background_color_gradient_end= \"rgba(34,34,34,0.05) \" background_color_gradient_start_position= \"40%\" background_color_gradient_overlays_image= \"on\" min_height_tablet= \" \" min_height_phone= \" \" min_height_last_edited= \"on|desktop\" height= \"auf dem Desktop\". \"400px \" height_tablet= \"220px \" height_phone= \"140px \" height_last_edited= \"on|desktop \" hover_enabled= \"0\u2033 sticky_enabled= \"0\u2033][et_pb_slide use_bg_overlay= \"off \" _builder_version= \"4.9.2\u2033 _module_preset= \"default\" body_text_align= \"center\" body_text_color= \"#FFFF\" background_color= \"#F6F2EC\" background_enable_color= \"on\" background_image= \"https:\/\/www.aventure-chlorophylle.com\/wp-content\/uploads\/2021\/05\/activite_escalade_initiation_13.jpg \" background_enable_image= \"on\" hover_enabled= \"0\u2033 sticky_transition= \"on\" alt= \"aktivit\u00e4t einf\u00fchrungsklettern\" title_text= \"aktivit\u00e4t einf\u00fchrungsklettern\" background_position= \"top_center\" sticky_enabled= \"0\u2033][\/et_pb_slide][\/et_pb_fullwidth_slider][\/et_pb_section][et_pb_section fb_built= \"1\u2033 admin_label= \"berg im hintergrund\" _builder_version= \"4.9.4\u2033 _module_preset= \"default\" background_color= \"RGBA(0,0,0,0)\" background_image= \"https:\/\/www.aventure-chlorophylle.com\/wp-content\/uploads\/2021\/04\/msk-mountain.svg \" z_index= \"10\u2033 height= \"144px\" height_tablet= \"88px\" height_phone= \"44px\" height_last_edited= \"on|phone\" custom_padding= \"0px||0px||true|false\" global_module= \"261939\u2033 collapsed= \"on\"][\/et_pb_section][et_pb_section fb_built= \"1\u2033 _builder_version= \"4.9.4\u2033 _module_preset= \"default \" background_color= \"#FFFF \" custom_padding= \"0px||0px|| \" collapsed= \"off \"][et_pb_row admin_label= \"Fil d'arianne\" _builder_version= \"4.9.4\u2033 _module_preset= \"default \" custom_padding= \"0px||0px||true|false \" global_module= \"261844\u2033 saved_tabs= \"all \" collapsed= \"on\"][et_pb_column type= \"4_4\u2033 _builder_version= \"4.9.4\u2033 _module_preset= \"default\"][et_pb_code _builder_version= \"4.9.2\u2033 _module_preset= \"default \"]<span><span><a href=\"https:\/\/www.aventure-chlorophylle.com\/de\/\">Startseite<\/a><\/span><\/span>[\/et_pb_code][\/et_pb_column][\/et_pb_row][et_pb_row _builder_version= \"4.9.4\u2033 _module_preset= \"default \"][et_pb_column type= \"4_4\u2033 _builder_version= \"4.9.4\u2033 _module_preset= \"default\"][et_pb_text _builder_version= \"4.9.2\u2033 _module_preset= \"0e379c64-ea23-42c6-87bf-cda43f70971b \"]<\/p>\n<h1>Ausbildung<\/h1>\n<p>Die vertikale Welt f\u00fcr jedermann<br \/>Am Fels mit Routen von 8 bis 30 Metern in allen Schwierigkeitsgraden.<\/p>\n<p>[\/et_pb_text][\/et_pb_column][\/et_pb_row][et_pb_row module_id= \"berocket-filter \" _builder_version= \"4.9.4\u2033 _module_preset= \"default \" custom_margin= \"0px||0px|true|true \" custom_padding= \"0px|0px|0px|0px|true|true \" border_width_top= \"1px \" border_color_top= \"rgba(144,144,144,0.2) \" border_width_bottom= \"1px \" border_color_bottom= \"rgba(144,144,0.2) \"][et_pb_column type= \"4_4\u2033 _builder_version= \"4.9.4\u2033 _module_preset= \"default\"][et_pb_br_filters_group group_id= \"262477\u2033 _builder_version= \"4.9.4\u2033 _module_preset= \"default \" custom_margin= \"0px|0px|0px|true|true \" custom_padding= \"0px||0px||true|true \"][\/et_pb_br_filters_group][\/et_pb_column][\/et_pb_row][et_pb_row _builder_version= \"4.9.4\u2033 _module_preset= \"default \"][et_pb_column type= \"4_4\u2033 _builder_version= \"4.9.4\u2033 _module_preset= \"default\"][et_pb_shop type= \"product_category \" include_categories= \"79\u2033 columns_number= \"3\u2033 icon_hover_color= \"RGBA(0,0,0,0) \" hover_overlay_color= \"RGBA(0,0,0,0) \" _builder_version= \"4.9.2\u2033 _module_preset= \"default\" hover_enabled= \"0\u2033 bapf_apply= \"enable\" sticky_enabled= \"0\u2033][\/et_pb_shop][\/et_pb_column][\/et_pb_row][\/et_pb_section][et_pb_section fb_built= \"1\u2033 admin_label= \"Niedriger Abriss\" _builder_version= \"4.9.4\u2033 _module_preset= \"default\" background_color= \"RGBA(0,0,0,0) \" background_image= \"https:\/\/www.aventure-chlorophylle.com\/wp-content\/uploads\/2021\/04\/msk-horizontal-top.svg \" background_repeat=\"repeat-x\" height=\"30px\" height_tablet=\"30px\" height_phone=\"30px\" height_last_edited=\"on|tablet\" custom_padding=\"0px||0px||true|false\" custom_css_main_element= \"background-size:auto 100%!important; \" global_module= \"262407\u2033 saved_tabs= \"all \" locked= \"off\" collapsed= \"on \"][\/et_pb_section][et_pb_section fb_built= \"1\u2033 admin_label= \"Google maps \" _builder_version= \"4.9.4\u2033 _module_preset= \"default \" background_color= \"RGBA(0,0,0) \" saved_tabs= \"all \" collapsed= \"off\"][et_pb_row column_structure= \"1_4,3_4\u2033 use_custom_gutter= \"on \" gutter_width= \"1\u2033 make_equal= \"on \" _builder_version= \"4.9.4\u2033 _module_preset= \"default\" background_color= \"#FFFF \" custom_padding= \"0px||0px|| \" box_shadow_style= \"preset3\u2033 box_shadow_vertical= \"5px \" box_shadow_blur= \"20px \" box_shadow_color= \"rgba(0,0,0,0.04) \"][et_pb_column type= \"1_4\u2033 _builder_version= \"4.9.4\u2033 _module_preset= \"default\"][et_pb_text admin_label= \"Legende \" module_class= \"map-legend \" _builder_version= \"4.9.4\u2033 _module_preset= \"default \" header_3_text_color= \"#9090\u2033 custom_padding= \"1rem|1rem|1rem|1rem|true|true \" global_module= \"262562\u2033 saved_tabs= \"all \"]<\/p>\n<h3>Legende<\/h3>\n<ul>\n<li><img loading=\"lazy\" decoding=\"async\" src=\"https:\/\/www.aventure-chlorophylle.com\/wp-content\/uploads\/2021\/05\/icon_canyon.png\" width=\"22\" height=\"22\" alt=\"\" class=\"wp-image-262628 alignnone size-full\" \/>Canyon<\/li>\n<li><img loading=\"lazy\" decoding=\"async\" src=\"https:\/\/www.aventure-chlorophylle.com\/wp-content\/uploads\/2021\/05\/icon_rafting.png\" width=\"22\" height=\"22\" alt=\"\" class=\"wp-image-262630 alignnone size-full\" \/>Rafting<\/li>\n<li><img loading=\"lazy\" decoding=\"async\" src=\"https:\/\/www.aventure-chlorophylle.com\/wp-content\/uploads\/2021\/05\/icon_speleo.png\" width=\"22\" height=\"22\" alt=\"\" class=\"wp-image-262631 alignnone size-full\" \/>H\u00f6hle<\/li>\n<li><img loading=\"lazy\" decoding=\"async\" src=\"https:\/\/www.aventure-chlorophylle.com\/wp-content\/uploads\/2021\/05\/icon_via_cordata.png\" width=\"22\" height=\"22\" alt=\"\" class=\"wp-image-262632 alignnone size-full\" \/>Bergsteigen<\/li>\n<li><img loading=\"lazy\" decoding=\"async\" src=\"https:\/\/www.aventure-chlorophylle.com\/wp-content\/uploads\/2021\/05\/icon_via_cordata.png\" width=\"22\" height=\"22\" alt=\"\" class=\"wp-image-262632 alignnone size-full\" \/>Via Ferrata<\/li>\n<li><img loading=\"lazy\" decoding=\"async\" src=\"https:\/\/www.aventure-chlorophylle.com\/wp-content\/uploads\/2021\/05\/icon_via_cordata.png\" width=\"22\" height=\"22\" alt=\"\" class=\"wp-image-262632 alignnone size-full\" \/>Via Cordata<\/li>\n<li><img loading=\"lazy\" decoding=\"async\" src=\"https:\/\/www.aventure-chlorophylle.com\/wp-content\/uploads\/2021\/05\/icon_via_cordata.png\" width=\"22\" height=\"22\" alt=\"\" class=\"wp-image-262632 alignnone size-full\" \/>Rocher Schule<\/li>\n<li><img loading=\"lazy\" decoding=\"async\" src=\"https:\/\/www.aventure-chlorophylle.com\/wp-content\/uploads\/2021\/05\/icon_vtt.png\" width=\"22\" height=\"22\" alt=\"\" class=\"wp-image-262633 alignnone size-full\" \/>MOUNTAINBIKE<\/li>\n<li><img loading=\"lazy\" decoding=\"async\" src=\"https:\/\/www.aventure-chlorophylle.com\/wp-content\/uploads\/2021\/05\/icon_parking.png\" width=\"22\" height=\"22\" alt=\"\" class=\"wp-image-262629 alignnone size-full\" \/>Verpflegung \/ Parken<\/li>\n<\/ul>\n<p>[\/et_pb_text][\/et_pb_column][et_pb_column type= \"3_4\u2033 _builder_version= \"4.9.4\u2033 _module_preset= \"default\"][et_pb_code _builder_version= \"4.9.4\u2033 _module_preset= \"default\"]<iframe loading=\"lazy\" src=\"https:\/\/www.google.com\/maps\/d\/embed?mid=1ZP9Lp8whEHgtIzi6CVj5lW43BybZc2cl\" width=\"100%\" height=\"480px\"><\/iframe>[\/et_pb_code][\/et_pb_column][\/et_pb_row][\/et_pb_section]<\/p>","protected":false},"excerpt":{"rendered":"<p><span><span><a href=\"https:\/\/www.aventure-chlorophylle.com\/de\/\">Startseite<\/a><\/span><\/span>Ausbildung Die vertikale Welt in Reichweite f\u00fcr alleAm Fels mit Routen von 8 bis 30 Metern, f\u00fcr alle Niveaus.Bildunterschrift Canyon Rafting H\u00f6hle Bergsteigen Via Ferrata Via Cordata Felsen Schule Mountainbike Verpflegung \/ Parkplatz<\/p>","protected":false},"author":3,"featured_media":0,"parent":262948,"menu_order":0,"comment_status":"closed","ping_status":"closed","template":"","meta":{"_acf_changed":false,"_et_pb_use_builder":"on","_et_pb_old_content":"<!-- wp:paragraph -->\r\n<p>Ceci est une page d\u2019exemple. C\u2019est diff\u00e9rent d\u2019un article de blog parce qu\u2019elle restera au m\u00eame endroit et appara\u00eetra dans la navigation de votre site (dans la plupart des th\u00e8mes). La plupart des gens commencent par une page \u00ab\u00a0\u00c0 propos\u00a0\u00bb qui les pr\u00e9sente aux visiteurs du site. Cela pourrait ressembler \u00e0 quelque chose comme cela\u00a0:<\/p>\r\n<!-- \/wp:paragraph --><!-- wp:quote -->\r\n<blockquote class=\"wp-block-quote\">\r\n<p>Bonjour\u00a0! Je suis un m\u00e9canicien qui aspire \u00e0 devenir acteur, et voici mon site. J\u2019habite \u00e0 Bordeaux, j\u2019ai un super chien baptis\u00e9 Russell, et j\u2019aime la vodka-ananas (ainsi qu\u2019\u00eatre surpris par la pluie soudaine lors de longues balades sur la plage au coucher du soleil).<\/p>\r\n<\/blockquote>\r\n<!-- \/wp:quote --><!-- wp:paragraph -->\r\n<p>... ou quelque chose comme cela\u00a0:<\/p>\r\n<!-- \/wp:paragraph --><!-- wp:quote -->\r\n<blockquote class=\"wp-block-quote\">\r\n<p>La soci\u00e9t\u00e9 123 Machin Truc a \u00e9t\u00e9 cr\u00e9\u00e9e en 1971, et n\u2019a cess\u00e9 de proposer au public des machins-trucs de qualit\u00e9 depuis lors. Situ\u00e9e \u00e0 Saint-Remy-en-Bouzemont-Saint-Genest-et-Isson, 123 Machin Truc emploie 2 000 personnes, et fabrique toutes sortes de bidules super pour la communaut\u00e9 bouzemontoise.<\/p>\r\n<\/blockquote>\r\n<!-- \/wp:quote --><!-- wp:paragraph -->\r\n<p>En tant que nouvel\u00b7le utilisateur ou utilisatrice de WordPress, vous devriez vous rendre sur <a href=\"https:\/\/www.aventure-chlorophylle.com\/wp-admin\/\">votre tableau de bord<\/a> pour supprimer cette page et cr\u00e9er de nouvelles pages pour votre contenu. Amusez-vous bien\u00a0!<\/p>\r\n<!-- \/wp:paragraph -->","_et_gb_content_width":"","inline_featured_image":false,"footnotes":""},"class_list":["post-263538","page","type-page","status-publish","hentry"],"acf":[],"yoast_head":"<!-- This site is optimized with the Yoast SEO plugin v26.7 - https:\/\/yoast.com\/wordpress\/plugins\/seo\/ -->\n<title>Formation - Aventure Chlorophylle<\/title>\n<meta name=\"robots\" content=\"index, follow, max-snippet:-1, max-image-preview:large, max-video-preview:-1\" \/>\n<link rel=\"canonical\" href=\"https:\/\/www.aventure-chlorophylle.com\/de\/canyoning-rafting-pyrenees-atlantiques\/klettern-2\/ausbildung\/\" \/>\n<meta property=\"og:locale\" content=\"de_DE\" \/>\n<meta property=\"og:type\" content=\"article\" \/>\n<meta property=\"og:title\" content=\"Formation - Aventure Chlorophylle\" \/>\n<meta property=\"og:description\" content=\"Formation Le monde vertical \u00e0 la port\u00e9e de tousEn falaise comportant des voies de 8 \u00e0 30 m\u00e8tres, de tous niveaux.L\u00e9gende Canyon Rafting Grotte Alpinisme Via Ferrata Via Cordata Rocher \u00e9cole VTT Restauration \/ Parking\" \/>\n<meta property=\"og:url\" content=\"https:\/\/www.aventure-chlorophylle.com\/de\/canyoning-rafting-pyrenees-atlantiques\/klettern-2\/ausbildung\/\" \/>\n<meta property=\"og:site_name\" content=\"Aventure Chlorophylle\" \/>\n<meta property=\"article:publisher\" content=\"https:\/\/www.facebook.com\/aventurechlorophylle\" \/>\n<meta property=\"article:modified_time\" content=\"2021-06-25T12:59:45+00:00\" \/>\n<meta property=\"og:image\" content=\"https:\/\/www.aventure-chlorophylle.com\/wp-content\/uploads\/2021\/05\/icon_canyon.png\" \/>\n<meta name=\"twitter:card\" content=\"summary_large_image\" \/>\n<meta name=\"twitter:label1\" content=\"Gesch\u00e4tzte Lesezeit\" \/>\n\t<meta name=\"twitter:data1\" content=\"4\u00a0Minuten\" \/>\n<script type=\"application\/ld+json\" class=\"yoast-schema-graph\">{\"@context\":\"https:\/\/schema.org\",\"@graph\":[{\"@type\":\"WebPage\",\"@id\":\"https:\/\/www.aventure-chlorophylle.com\/canyoning-rafting-pyrenees-atlantiques\/escalade\/formation\/\",\"url\":\"https:\/\/www.aventure-chlorophylle.com\/canyoning-rafting-pyrenees-atlantiques\/escalade\/formation\/\",\"name\":\"Formation - Aventure Chlorophylle\",\"isPartOf\":{\"@id\":\"https:\/\/www.aventure-chlorophylle.com\/#website\"},\"primaryImageOfPage\":{\"@id\":\"https:\/\/www.aventure-chlorophylle.com\/canyoning-rafting-pyrenees-atlantiques\/escalade\/formation\/#primaryimage\"},\"image\":{\"@id\":\"https:\/\/www.aventure-chlorophylle.com\/canyoning-rafting-pyrenees-atlantiques\/escalade\/formation\/#primaryimage\"},\"thumbnailUrl\":\"https:\/\/www.aventure-chlorophylle.com\/wp-content\/uploads\/2021\/05\/icon_canyon.png\",\"datePublished\":\"2021-06-25T12:59:41+00:00\",\"dateModified\":\"2021-06-25T12:59:45+00:00\",\"breadcrumb\":{\"@id\":\"https:\/\/www.aventure-chlorophylle.com\/canyoning-rafting-pyrenees-atlantiques\/escalade\/formation\/#breadcrumb\"},\"inLanguage\":\"de\",\"potentialAction\":[{\"@type\":\"ReadAction\",\"target\":[\"https:\/\/www.aventure-chlorophylle.com\/canyoning-rafting-pyrenees-atlantiques\/escalade\/formation\/\"]}]},{\"@type\":\"ImageObject\",\"inLanguage\":\"de\",\"@id\":\"https:\/\/www.aventure-chlorophylle.com\/canyoning-rafting-pyrenees-atlantiques\/escalade\/formation\/#primaryimage\",\"url\":\"https:\/\/www.aventure-chlorophylle.com\/wp-content\/uploads\/2021\/05\/icon_canyon.png\",\"contentUrl\":\"https:\/\/www.aventure-chlorophylle.com\/wp-content\/uploads\/2021\/05\/icon_canyon.png\"},{\"@type\":\"BreadcrumbList\",\"@id\":\"https:\/\/www.aventure-chlorophylle.com\/canyoning-rafting-pyrenees-atlantiques\/escalade\/formation\/#breadcrumb\",\"itemListElement\":[{\"@type\":\"ListItem\",\"position\":1,\"name\":\"Accueil\",\"item\":\"https:\/\/www.aventure-chlorophylle.com\/\"},{\"@type\":\"ListItem\",\"position\":2,\"name\":\"Canyoning et Rafting dans les Pyr\u00e9n\u00e9es Atlantiques\",\"item\":\"https:\/\/www.aventure-chlorophylle.com\/\"},{\"@type\":\"ListItem\",\"position\":3,\"name\":\"Escalade\",\"item\":\"https:\/\/www.aventure-chlorophylle.com\/?page_id=262948\"},{\"@type\":\"ListItem\",\"position\":4,\"name\":\"Formation\"}]},{\"@type\":\"WebSite\",\"@id\":\"https:\/\/www.aventure-chlorophylle.com\/#website\",\"url\":\"https:\/\/www.aventure-chlorophylle.com\/\",\"name\":\"Aventure Chlorophylle\",\"description\":\"Activit\u00e9s de Canyoning, rafting et sp\u00e9l\u00e9ologie dans les Pyr\u00e9n\u00e9es\",\"publisher\":{\"@id\":\"https:\/\/www.aventure-chlorophylle.com\/#organization\"},\"potentialAction\":[{\"@type\":\"SearchAction\",\"target\":{\"@type\":\"EntryPoint\",\"urlTemplate\":\"https:\/\/www.aventure-chlorophylle.com\/?s={search_term_string}\"},\"query-input\":{\"@type\":\"PropertyValueSpecification\",\"valueRequired\":true,\"valueName\":\"search_term_string\"}}],\"inLanguage\":\"de\"},{\"@type\":\"Organization\",\"@id\":\"https:\/\/www.aventure-chlorophylle.com\/#organization\",\"name\":\"Aventure Chlorophylle\",\"url\":\"https:\/\/www.aventure-chlorophylle.com\/\",\"logo\":{\"@type\":\"ImageObject\",\"inLanguage\":\"de\",\"@id\":\"https:\/\/www.aventure-chlorophylle.com\/#\/schema\/logo\/image\/\",\"url\":\"https:\/\/www.aventure-chlorophylle.com\/wp-content\/uploads\/2021\/04\/logo_aventure_chlorophylle.png\",\"contentUrl\":\"https:\/\/www.aventure-chlorophylle.com\/wp-content\/uploads\/2021\/04\/logo_aventure_chlorophylle.png\",\"width\":356,\"height\":392,\"caption\":\"Aventure Chlorophylle\"},\"image\":{\"@id\":\"https:\/\/www.aventure-chlorophylle.com\/#\/schema\/logo\/image\/\"},\"sameAs\":[\"https:\/\/www.facebook.com\/aventurechlorophylle\",\"https:\/\/www.instagram.com\/aventure_chlorophylle\/\"]}]}<\/script>\n<!-- \/ Yoast SEO plugin. -->","yoast_head_json":{"title":"Ausbildung - Aventure Chlorophylle","robots":{"index":"index","follow":"follow","max-snippet":"max-snippet:-1","max-image-preview":"max-image-preview:large","max-video-preview":"max-video-preview:-1"},"canonical":"https:\/\/www.aventure-chlorophylle.com\/de\/canyoning-rafting-pyrenees-atlantiques\/klettern-2\/ausbildung\/","og_locale":"de_DE","og_type":"article","og_title":"Formation - Aventure Chlorophylle","og_description":"Formation Le monde vertical \u00e0 la port\u00e9e de tousEn falaise comportant des voies de 8 \u00e0 30 m\u00e8tres, de tous niveaux.L\u00e9gende Canyon Rafting Grotte Alpinisme Via Ferrata Via Cordata Rocher \u00e9cole VTT Restauration \/ Parking","og_url":"https:\/\/www.aventure-chlorophylle.com\/de\/canyoning-rafting-pyrenees-atlantiques\/klettern-2\/ausbildung\/","og_site_name":"Aventure Chlorophylle","article_publisher":"https:\/\/www.facebook.com\/aventurechlorophylle","article_modified_time":"2021-06-25T12:59:45+00:00","og_image":[{"url":"https:\/\/www.aventure-chlorophylle.com\/wp-content\/uploads\/2021\/05\/icon_canyon.png","type":"","width":"","height":""}],"twitter_card":"summary_large_image","twitter_misc":{"Gesch\u00e4tzte Lesezeit":"4\u00a0Minuten"},"schema":{"@context":"https:\/\/schema.org","@graph":[{"@type":"WebPage","@id":"https:\/\/www.aventure-chlorophylle.com\/canyoning-rafting-pyrenees-atlantiques\/escalade\/formation\/","url":"https:\/\/www.aventure-chlorophylle.com\/canyoning-rafting-pyrenees-atlantiques\/escalade\/formation\/","name":"Ausbildung - Aventure Chlorophylle","isPartOf":{"@id":"https:\/\/www.aventure-chlorophylle.com\/#website"},"primaryImageOfPage":{"@id":"https:\/\/www.aventure-chlorophylle.com\/canyoning-rafting-pyrenees-atlantiques\/escalade\/formation\/#primaryimage"},"image":{"@id":"https:\/\/www.aventure-chlorophylle.com\/canyoning-rafting-pyrenees-atlantiques\/escalade\/formation\/#primaryimage"},"thumbnailUrl":"https:\/\/www.aventure-chlorophylle.com\/wp-content\/uploads\/2021\/05\/icon_canyon.png","datePublished":"2021-06-25T12:59:41+00:00","dateModified":"2021-06-25T12:59:45+00:00","breadcrumb":{"@id":"https:\/\/www.aventure-chlorophylle.com\/canyoning-rafting-pyrenees-atlantiques\/escalade\/formation\/#breadcrumb"},"inLanguage":"de","potentialAction":[{"@type":"ReadAction","target":["https:\/\/www.aventure-chlorophylle.com\/canyoning-rafting-pyrenees-atlantiques\/escalade\/formation\/"]}]},{"@type":"ImageObject","inLanguage":"de","@id":"https:\/\/www.aventure-chlorophylle.com\/canyoning-rafting-pyrenees-atlantiques\/escalade\/formation\/#primaryimage","url":"https:\/\/www.aventure-chlorophylle.com\/wp-content\/uploads\/2021\/05\/icon_canyon.png","contentUrl":"https:\/\/www.aventure-chlorophylle.com\/wp-content\/uploads\/2021\/05\/icon_canyon.png"},{"@type":"BreadcrumbList","@id":"https:\/\/www.aventure-chlorophylle.com\/canyoning-rafting-pyrenees-atlantiques\/escalade\/formation\/#breadcrumb","itemListElement":[{"@type":"ListItem","position":1,"name":"Accueil","item":"https:\/\/www.aventure-chlorophylle.com\/"},{"@type":"ListItem","position":2,"name":"Canyoning et Rafting dans les Pyr\u00e9n\u00e9es Atlantiques","item":"https:\/\/www.aventure-chlorophylle.com\/"},{"@type":"ListItem","position":3,"name":"Escalade","item":"https:\/\/www.aventure-chlorophylle.com\/?page_id=262948"},{"@type":"ListItem","position":4,"name":"Formation"}]},{"@type":"WebSite","@id":"https:\/\/www.aventure-chlorophylle.com\/#website","url":"https:\/\/www.aventure-chlorophylle.com\/","name":"Abenteuer Chlorophyll","description":"Canyoning-, Rafting- und H\u00f6hlenforschungsaktivit\u00e4ten in den Pyren\u00e4en","publisher":{"@id":"https:\/\/www.aventure-chlorophylle.com\/#organization"},"potentialAction":[{"@type":"SearchAction","target":{"@type":"EntryPoint","urlTemplate":"https:\/\/www.aventure-chlorophylle.com\/?s={search_term_string}"},"query-input":{"@type":"PropertyValueSpecification","valueRequired":true,"valueName":"search_term_string"}}],"inLanguage":"de"},{"@type":"Organization","@id":"https:\/\/www.aventure-chlorophylle.com\/#organization","name":"Abenteuer Chlorophyll","url":"https:\/\/www.aventure-chlorophylle.com\/","logo":{"@type":"ImageObject","inLanguage":"de","@id":"https:\/\/www.aventure-chlorophylle.com\/#\/schema\/logo\/image\/","url":"https:\/\/www.aventure-chlorophylle.com\/wp-content\/uploads\/2021\/04\/logo_aventure_chlorophylle.png","contentUrl":"https:\/\/www.aventure-chlorophylle.com\/wp-content\/uploads\/2021\/04\/logo_aventure_chlorophylle.png","width":356,"height":392,"caption":"Aventure Chlorophylle"},"image":{"@id":"https:\/\/www.aventure-chlorophylle.com\/#\/schema\/logo\/image\/"},"sameAs":["https:\/\/www.facebook.com\/aventurechlorophylle","https:\/\/www.instagram.com\/aventure_chlorophylle\/"]}]}},"_links":{"self":[{"href":"https:\/\/www.aventure-chlorophylle.com\/de\/wp-json\/wp\/v2\/pages\/263538","targetHints":{"allow":["GET"]}}],"collection":[{"href":"https:\/\/www.aventure-chlorophylle.com\/de\/wp-json\/wp\/v2\/pages"}],"about":[{"href":"https:\/\/www.aventure-chlorophylle.com\/de\/wp-json\/wp\/v2\/types\/page"}],"author":[{"embeddable":true,"href":"https:\/\/www.aventure-chlorophylle.com\/de\/wp-json\/wp\/v2\/users\/3"}],"replies":[{"embeddable":true,"href":"https:\/\/www.aventure-chlorophylle.com\/de\/wp-json\/wp\/v2\/comments?post=263538"}],"version-history":[{"count":3,"href":"https:\/\/www.aventure-chlorophylle.com\/de\/wp-json\/wp\/v2\/pages\/263538\/revisions"}],"predecessor-version":[{"id":263543,"href":"https:\/\/www.aventure-chlorophylle.com\/de\/wp-json\/wp\/v2\/pages\/263538\/revisions\/263543"}],"up":[{"embeddable":true,"href":"https:\/\/www.aventure-chlorophylle.com\/de\/wp-json\/wp\/v2\/pages\/262948"}],"wp:attachment":[{"href":"https:\/\/www.aventure-chlorophylle.com\/de\/wp-json\/wp\/v2\/media?parent=263538"}],"curies":[{"name":"wp","href":"https:\/\/api.w.org\/{rel}","templated":true}]}}