{"id":267706,"date":"2023-10-12T11:37:35","date_gmt":"2023-10-12T09:37:35","guid":{"rendered":"https:\/\/www.aventure-chlorophylle.com\/?page_id=267706"},"modified":"2023-10-12T11:39:21","modified_gmt":"2023-10-12T09:39:21","slug":"canyoning-a-laruns","status":"publish","type":"page","link":"https:\/\/www.aventure-chlorophylle.com\/de\/canyoning-a-laruns\/","title":{"rendered":"Canyoning in Laruns"},"content":{"rendered":"<p>[et_pb_section fb_built= \"1\u2033 _builder_version= \"4.20.4\u2033 _module_preset= \"default \" global_colors_info= \"{} \"][et_pb_row _builder_version= \"4.20.4\u2033 _module_preset= \"default \" global_colors_info= \"{} \"][et_pb_column type= \"4_4\u2033 _builder_version= \"4.20.4\u2033 _module_preset= \"default \" global_colors_info= \"{} \"][et_pb_text _builder_version= \"4.20.4\u2033 _module_preset= \"default \" global_colors_info= \"{} \"]<\/p>\n<h1 style=\"text-align: center;\">Canyoning in Laruns<\/h1>\n<h2 style=\"text-align: center;\">Auf Entdeckungsreise durch die Canyons des Ossau-Tals in den Atlantischen Pyren\u00e4en (64)<\/h2>\n<p>&nbsp;<\/p>\n<p>&nbsp;<\/p>\n<p>[\/et_pb_text][\/et_pb_column][\/et_pb_row][et_pb_row _builder_version= \"4.20.4\u2033 _module_preset= \"default \" global_colors_info= \"{} \"][et_pb_column type= \"4_4\u2033 _builder_version= \"4.20.4\u2033 _module_preset= \"default \" global_colors_info= \"{}\"][et_pb_image src= \"https:\/\/www.aventure-chlorophylle.com\/wp-content\/uploads\/2023\/10\/2023-07-02-Candice-canyon-Soussoueou_252.jpg \" alt= \"Abstieg Canyoning im Tal von Ossau in den Atlantischen Pyren\u00e4en \" title_text= \"canyoning Laruns \" align= \"center\" _builder_version= \"4.20.4\u2033 _module_preset= \"default \" global_colors_info= \"{} \"][\/et_pb_image][\/et_pb_column][\/et_pb_row][et_pb_row _builder_version= \"4.20.4\u2033 _module_preset= \"default \" global_colors_info= \"{} \"][et_pb_column type= \"4_4\u2033 _builder_version= \"4_4\u2033.20.4\u2033 _module_preset= \"default \" global_colors_info= \"{} \"][et_pb_text _builder_version= \"4.20.4\u2033 _module_preset= \"default \" global_colors_info= \"{} \"]<\/p>\n<h2 style=\"text-align: center;\">Im Ossautal im Departement Pyr\u00e9n\u00e9es-Atlantiques erwarten Sie mehrere emblematische Canyons mit Treffpunkt in Laruns.<\/h2>\n<p style=\"text-align: center;\">A nur <strong>1 Stunde von Pau<\/strong>, <strong>2 Stunden von Bayonne<\/strong> und <strong>3 Stunden von Toulouse und Bordeaux entfernt<\/strong>Die Abwechslung ist garantiert. Sie werden die wundersch\u00f6nen Canyons des Ossau-Tals hinabsteigen und dabei die <strong>nat\u00fcrliche Hindernisse<\/strong> eins zu eins: <strong>Spr\u00fcnge<\/strong>,<strong> nat\u00fcrliche Rutschen<\/strong> und <strong>Abseilen<\/strong> werden bei dieser Canyoning-Aktivit\u00e4t auf dem Programm stehen.<\/p>\n<p style=\"text-align: center;\">Der Leitfaden gibt Ihnen<strong> treffen Sie sich in Laruns auf einem Parkplatz<\/strong> dann geht es weiter zu den Canyons des Ossautals!!!<\/p>\n<p style=\"text-align: center;\">Die Aktivit\u00e4t Canyoning ist ideal in <strong>Familie ab 10 Jahren<\/strong>zwischen <strong>Freunde<\/strong>anl\u00e4sslich eines <strong>EVG oder EVJF<\/strong>in <strong>Paar<\/strong>zwischen <strong>Kollegen <\/strong>und sogar <strong>Solo<\/strong>. Der Abstieg durch einen Canyon schafft oder festigt Beziehungen f\u00fcr die Dauer einer aufregenden Fahrt.<\/p>\n<p style=\"text-align: center;\">[\/et_pb_text][\/et_pb_column][\/et_pb_row][et_pb_row column_structure= \"1_2,1_2\u2033 _builder_version= \"4.20.4\u2033 _module_preset= \"default \" global_colors_info= \"{} \"][et_pb_column type= \"1_2\u2033 _builder_version= \"4.20.4\u2033 _module_preset= \"default \" global_colors_info= \"{}\"][et_pb_image src= \"https:\/\/www.aventure-chlorophylle.com\/wp-content\/uploads\/2023\/06\/Descente-canyon-de-Bious.jpg \" alt= \"Nat\u00fcrliche Rutsche im Canyon de Bious in Gabas, Pyren\u00e4en \" title_text= \"Abstieg Canyon de Bious\" _builder_version= \"4.20.4\u2033 _module_preset= \"default \" global_colors_info= \"{} \"][\/et_pb_image][\/et_pb_column][et_pb_column type= \"1_2\u2033 _builder_version= \"4.20.4\u2033 _module_preset= \"default \" global_colors_info= \"{}\"][et_pb_image src= \"https:\/\/www.aventure-chlorophylle.com\/wp-content\/uploads\/2023\/10\/2023-08-21-alex-canyon-soussoueou_26.jpg \" alt= \"Canyon du Soussou\u00e9ou pr\u00e9s de Laruns \" title_text= \"canyon Soussou\u00e9ou\" _builder_version= \"4.20.4\u2033 _module_preset= \"default\" global_colors_info= \"{} \"][\/et_pb_image][\/et_pb_column][\/et_pb_row][et_pb_row _builder_version= \"4.20.4\u2033 _module_preset= \"default \" global_colors_info= \"{} \"][et_pb_column type= \"4_4\u2033 _builder_version= \"4.20.4\u2033 _module_preset= \"default \" global_colors_info= \"{} \"][et_pb_text _builder_version= \"4.20.4\u2033 _module_preset= \"default \" hover_enabled= \"0\u2033 global_colors_info= \"{} \" sticky_enabled= \"0\u2033]<\/p>\n<h2 style=\"text-align: center;\">In der N\u00e4he von Laruns im Ossautal, gro\u00dfe Auswahl an Canyoningstrecken.<\/h2>\n<p style=\"text-align: center;\"><strong>Unabh\u00e4ngig von Ihrem Canyoning-Niveau<\/strong>Sie sind <strong>Anf\u00e4nger<\/strong>, <strong>bereits eingeleitet<\/strong> oder <strong>best\u00e4tigt<\/strong> haben wir f\u00fcr jeden den passenden Parcours. In <strong>formula \"sauerstoff\"<\/strong> halb- oder ganzt\u00e4gig fahren Sie hinunter zum <strong>Bious-Canyon<\/strong> mit allen optionalen Spr\u00fcngen f\u00fcr Anf\u00e4nger. Unter <strong>Formel \"Abenteuer\"<\/strong> halb- oder ganzt\u00e4gig, die vorgeschlagenen Strecken werden die Canyons des <strong>Soussou\u00e9ou<\/strong>, <strong>Cap de Pount<\/strong> im Herzen des Nationalparks der Pyren\u00e4en, <strong>Canceigt<\/strong>... F\u00fcr erfahrene Personen mit einem guten Niveau am Seil zum Abseilen ist die Formel \"Spannweite\" ideal, Sie werden den mythischen Berg entdecken. <strong>Bitet-Schlucht<\/strong>.<\/p>\n<p style=\"text-align: center;\">Wir k\u00f6nnen Sie auch f\u00fcr ein Wochenende in die Sierra de Guara auf der spanischen Seite bringen, fragen Sie uns.<\/p>\n<p>[\/et_pb_text][\/et_pb_column][\/et_pb_row][et_pb_row column_structure= \"1_3,1_3,1_3\u2033 _builder_version= \"4.20.4\u2033 _module_preset= \"default \" global_colors_info= \"{}\"][et_pb_column type= \"1_3\u2033 _builder_version= \"4.20.4\u2033 _module_preset= \"default \" global_colors_info= \"{} \"][et_pb_image src= \"https:\/\/www.aventure-chlorophylle.com\/wp-content\/uploads\/2023\/10\/2023-08-21-alex-canyon-soussoueou_14.jpg \" alt= \"Canyon du Soussou\u00e9ou en vall\u00e9e d'Ossau\" title_text= \"Soussou\u00e9ou pr\u00e9s de Laruns\" _builder_version= \"4.20.4\u2033 _module_preset= \"default \" global_colors_info= \"{}\"][\/et_pb_image][\/et_pb_column][et_pb_column type= \"1_3\u2033 _builder_version= \"4.20.4\u2033 _module_preset= \"default \" global_colors_info= \"{}\"][et_pb_image src= \"https:\/\/www.aventure-chlorophylle.com\/wp-content\/uploads\/2023\/10\/2023-06-24-Candice-canyon-Bious-Soussoueou_155.jpg \" alt= \"Sprung in den Soussou\u00e9ou-Canyon bei Laruns im Ossau-Tal 64\u2033 title_text= \"Sprung Canyoning\" _builder_version= \"4.20.4\u2033 _module_preset= \"default \" global_colors_info= \"{}\"][\/et_pb_image][\/et_pb_column][et_pb_column type= \"1_3\u2033 _builder_version= \"4.20.4\u2033 _module_preset= \"default \" global_colors_info= \"{}\"][et_pb_image src= \"https:\/\/www.aventure-chlorophylle.com\/wp-content\/uploads\/2023\/10\/2023-07-31-PM-alex-canyon-canceigt_56.jpg \" alt= \"Rutsche im Canyon des Canceigt bei Laruns 64\u2033 title_text= \"Rutsche Canyon Canceigt\" _builder_version= \"4.20.4\u2033 _module_preset= \"default \" global_colors_info= \"{} \"][\/et_pb_image][\/et_pb_column][\/et_pb_row][et_pb_row column_structure= \"1_2,1_2\u2033 _builder_version= \"4.20.4\u2033 _module_preset= \"default \" global_colors_info= \"{} \"][et_pb_column type= \"1_2\u2033 _builder_version= \"4.20.4\u2033 _module_preset= \"default \" global_colors_info= \"{} \"][et_pb_text _builder_version= \"4.20.4\u2033 _module_preset= \"default \" global_colors_info= \"{} \"][et_pb_text _builder_version= \"4.20.4\u2033 _module_preset= \"default\" global_colors_info= \"{} \"]<\/p>\n<h2 style=\"text-align: center;\">Geschichte des Canyoning<\/h2>\n<p>&nbsp;<\/p>\n<p style=\"text-align: center;\">\u00a0 Von <strong>k\u00fchne Fischer<\/strong> haben immer wieder neue<strong> enge Schluchten<\/strong> auf allen bewohnten Kontinenten, w\u00e4hrend <strong>H\u00f6hlenforscher und Entdecker<\/strong> (Edouard-Alfred Martel, Armand Jamet und Lucien Briet) waren die ersten, die entdeckten, welche<strong> schwerer zug\u00e4ngliche Standorte<\/strong>. Zwischen den Jahren <strong>1950 und 1980<\/strong>In den 1960er Jahren wurden immer mehr Canyoning-Touren angeboten, darunter auch die Entdeckung von Bergmassiven wie der Sierra de Guara in Spanien. In den 1980er Jahren trat das Canyoning aus dem Schatten und wurde zu einem immer beliebteren und von der breiten \u00d6ffentlichkeit anerkannten Outdoor-Sport.<\/p>\n<p>[\/et_pb_text][\/et_pb_column][et_pb_column type= \"1_2\u2033 _builder_version= \"4.20.4\u2033 _module_preset= \"default \" global_colors_info= \"{} \"][et_pb_text _builder_version= \"4.20.4\u2033 _module_preset= \"default \" global_colors_info= \"{} \"]<\/p>\n<h2 style=\"text-align: center;\">Die Definition von Canyoning:<\/h2>\n<p>&nbsp;<\/p>\n<p style=\"text-align: center;\">\u00a0 Es ist eine <strong>Outdoor-Aktivit\u00e4t<\/strong> die darin besteht <strong>absteigen<\/strong> einen Canyon, eine Schlucht oder einen Fluss mithilfe verschiedener Techniken wie der<strong> Spaziergang<\/strong>Die <strong>Schwimmen<\/strong>am <strong>Sprung<\/strong>Die <strong>Rutsche<\/strong>Die <strong>Abseilen<\/strong> und die<strong>Klettern<\/strong>. Diese Aktivit\u00e4t erm\u00f6glicht es, atemberaubende Naturlandschaften zu entdecken und sich gleichzeitig k\u00f6rperlichen und geistigen Herausforderungen zu stellen. Sie erfordert eine spezielle Ausr\u00fcstung, darunter einen Neoprenanzug, einen Helm, einen Klettergurt, Seile und spezielles Schuhwerk f\u00fcr das Wandern in Fl\u00fcssen. <a href=\"https:\/\/www.aventure-chlorophylle.com\/de\/canyoning-rafting-pyrenees-atlantiques\/canyoning\/\">Canyoning<\/a> wird auf der ganzen Welt praktiziert und eignet sich f\u00fcr Menschen von <strong>alle Erfahrungsstufen<\/strong>Von Anf\u00e4ngern bis zu Fortgeschrittenen. Es ist eine ideale Aktivit\u00e4t f\u00fcr <strong>Sensationsliebhaber<\/strong> stark und die <strong>Naturliebhaber<\/strong>.<\/p>\n<p>[\/et_pb_text][\/et_pb_column][\/et_pb_row][\/et_pb_section]<\/p>","protected":false},"excerpt":{"rendered":"<p>Canyoning in Laruns Entdecken Sie die Canyons des Ossau-Tals in den Atlantischen Pyren\u00e4en (64) Im Ossau-Tal in den Atlantischen Pyren\u00e4en erwarten Sie mehrere symboltr\u00e4chtige Canyons mit Treffpunkt in Laruns. Nur 1 Stunde von Pau, 2 Stunden von Bayonne und 3 Stunden von Toulouse und Bordeaux entfernt, ist der Tapetenwechsel garantiert. Sie werden die wundersch\u00f6nen [...].<\/p>","protected":false},"author":3,"featured_media":0,"parent":0,"menu_order":0,"comment_status":"closed","ping_status":"closed","template":"","meta":{"_acf_changed":false,"_et_pb_use_builder":"on","_et_pb_old_content":"","_et_gb_content_width":"","inline_featured_image":false,"footnotes":""},"class_list":["post-267706","page","type-page","status-publish","hentry"],"acf":[],"yoast_head":"<!-- This site is optimized with the Yoast SEO plugin v26.7 - https:\/\/yoast.com\/wordpress\/plugins\/seo\/ -->\n<title>Canyoning \u00e0 Laruns - Aventure Chlorophylle<\/title>\n<meta name=\"robots\" content=\"index, follow, max-snippet:-1, max-image-preview:large, max-video-preview:-1\" \/>\n<link rel=\"canonical\" href=\"https:\/\/www.aventure-chlorophylle.com\/de\/canyoning-a-laruns\/\" \/>\n<meta property=\"og:locale\" content=\"de_DE\" \/>\n<meta property=\"og:type\" content=\"article\" \/>\n<meta property=\"og:title\" content=\"Canyoning \u00e0 Laruns - Aventure Chlorophylle\" \/>\n<meta property=\"og:description\" content=\"Canyoning \u00e0 Laruns A la d\u00e9couverte des canyons de la vall\u00e9e d&#039;Ossau dans les Pyr\u00e9n\u00e9es Atlantiques (64) &nbsp; &nbsp;En vall\u00e9e d&#039;Ossau, dans les Pyr\u00e9n\u00e9es-Atlantiques, plusieurs canyons embl\u00e9matiques vous attendent avec rdv \u00e0 Laruns. A seulement 1h de Pau, 2h de Bayonne et 3h de Toulouse et Bordeaux, le d\u00e9paysement est garanti. Vous descendrez les magnifiques [&hellip;]\" \/>\n<meta property=\"og:url\" content=\"https:\/\/www.aventure-chlorophylle.com\/de\/canyoning-a-laruns\/\" \/>\n<meta property=\"og:site_name\" content=\"Aventure Chlorophylle\" \/>\n<meta property=\"article:publisher\" content=\"https:\/\/www.facebook.com\/aventurechlorophylle\" \/>\n<meta property=\"article:modified_time\" content=\"2023-10-12T09:39:21+00:00\" \/>\n<meta name=\"twitter:card\" content=\"summary_large_image\" \/>\n<meta name=\"twitter:label1\" content=\"Gesch\u00e4tzte Lesezeit\" \/>\n\t<meta name=\"twitter:data1\" content=\"6\u00a0Minuten\" \/>\n<script type=\"application\/ld+json\" class=\"yoast-schema-graph\">{\"@context\":\"https:\/\/schema.org\",\"@graph\":[{\"@type\":\"WebPage\",\"@id\":\"https:\/\/www.aventure-chlorophylle.com\/canyoning-a-laruns\/\",\"url\":\"https:\/\/www.aventure-chlorophylle.com\/canyoning-a-laruns\/\",\"name\":\"Canyoning \u00e0 Laruns - Aventure Chlorophylle\",\"isPartOf\":{\"@id\":\"https:\/\/www.aventure-chlorophylle.com\/#website\"},\"datePublished\":\"2023-10-12T09:37:35+00:00\",\"dateModified\":\"2023-10-12T09:39:21+00:00\",\"breadcrumb\":{\"@id\":\"https:\/\/www.aventure-chlorophylle.com\/canyoning-a-laruns\/#breadcrumb\"},\"inLanguage\":\"de\",\"potentialAction\":[{\"@type\":\"ReadAction\",\"target\":[\"https:\/\/www.aventure-chlorophylle.com\/canyoning-a-laruns\/\"]}]},{\"@type\":\"BreadcrumbList\",\"@id\":\"https:\/\/www.aventure-chlorophylle.com\/canyoning-a-laruns\/#breadcrumb\",\"itemListElement\":[{\"@type\":\"ListItem\",\"position\":1,\"name\":\"Accueil\",\"item\":\"https:\/\/www.aventure-chlorophylle.com\/\"},{\"@type\":\"ListItem\",\"position\":2,\"name\":\"Canyoning \u00e0 Laruns\"}]},{\"@type\":\"WebSite\",\"@id\":\"https:\/\/www.aventure-chlorophylle.com\/#website\",\"url\":\"https:\/\/www.aventure-chlorophylle.com\/\",\"name\":\"Aventure Chlorophylle\",\"description\":\"Activit\u00e9s de Canyoning, rafting et sp\u00e9l\u00e9ologie dans les Pyr\u00e9n\u00e9es\",\"publisher\":{\"@id\":\"https:\/\/www.aventure-chlorophylle.com\/#organization\"},\"potentialAction\":[{\"@type\":\"SearchAction\",\"target\":{\"@type\":\"EntryPoint\",\"urlTemplate\":\"https:\/\/www.aventure-chlorophylle.com\/?s={search_term_string}\"},\"query-input\":{\"@type\":\"PropertyValueSpecification\",\"valueRequired\":true,\"valueName\":\"search_term_string\"}}],\"inLanguage\":\"de\"},{\"@type\":\"Organization\",\"@id\":\"https:\/\/www.aventure-chlorophylle.com\/#organization\",\"name\":\"Aventure Chlorophylle\",\"url\":\"https:\/\/www.aventure-chlorophylle.com\/\",\"logo\":{\"@type\":\"ImageObject\",\"inLanguage\":\"de\",\"@id\":\"https:\/\/www.aventure-chlorophylle.com\/#\/schema\/logo\/image\/\",\"url\":\"https:\/\/www.aventure-chlorophylle.com\/wp-content\/uploads\/2021\/04\/logo_aventure_chlorophylle.png\",\"contentUrl\":\"https:\/\/www.aventure-chlorophylle.com\/wp-content\/uploads\/2021\/04\/logo_aventure_chlorophylle.png\",\"width\":356,\"height\":392,\"caption\":\"Aventure Chlorophylle\"},\"image\":{\"@id\":\"https:\/\/www.aventure-chlorophylle.com\/#\/schema\/logo\/image\/\"},\"sameAs\":[\"https:\/\/www.facebook.com\/aventurechlorophylle\",\"https:\/\/www.instagram.com\/aventure_chlorophylle\/\"]}]}<\/script>\n<!-- \/ Yoast SEO plugin. -->","yoast_head_json":{"title":"Canyoning in Laruns - Aventure Chlorophylle","robots":{"index":"index","follow":"follow","max-snippet":"max-snippet:-1","max-image-preview":"max-image-preview:large","max-video-preview":"max-video-preview:-1"},"canonical":"https:\/\/www.aventure-chlorophylle.com\/de\/canyoning-a-laruns\/","og_locale":"de_DE","og_type":"article","og_title":"Canyoning \u00e0 Laruns - Aventure Chlorophylle","og_description":"Canyoning \u00e0 Laruns A la d\u00e9couverte des canyons de la vall\u00e9e d'Ossau dans les Pyr\u00e9n\u00e9es Atlantiques (64) &nbsp; &nbsp;En vall\u00e9e d'Ossau, dans les Pyr\u00e9n\u00e9es-Atlantiques, plusieurs canyons embl\u00e9matiques vous attendent avec rdv \u00e0 Laruns. A seulement 1h de Pau, 2h de Bayonne et 3h de Toulouse et Bordeaux, le d\u00e9paysement est garanti. Vous descendrez les magnifiques [&hellip;]","og_url":"https:\/\/www.aventure-chlorophylle.com\/de\/canyoning-a-laruns\/","og_site_name":"Aventure Chlorophylle","article_publisher":"https:\/\/www.facebook.com\/aventurechlorophylle","article_modified_time":"2023-10-12T09:39:21+00:00","twitter_card":"summary_large_image","twitter_misc":{"Gesch\u00e4tzte Lesezeit":"6\u00a0Minuten"},"schema":{"@context":"https:\/\/schema.org","@graph":[{"@type":"WebPage","@id":"https:\/\/www.aventure-chlorophylle.com\/canyoning-a-laruns\/","url":"https:\/\/www.aventure-chlorophylle.com\/canyoning-a-laruns\/","name":"Canyoning in Laruns - Aventure Chlorophylle","isPartOf":{"@id":"https:\/\/www.aventure-chlorophylle.com\/#website"},"datePublished":"2023-10-12T09:37:35+00:00","dateModified":"2023-10-12T09:39:21+00:00","breadcrumb":{"@id":"https:\/\/www.aventure-chlorophylle.com\/canyoning-a-laruns\/#breadcrumb"},"inLanguage":"de","potentialAction":[{"@type":"ReadAction","target":["https:\/\/www.aventure-chlorophylle.com\/canyoning-a-laruns\/"]}]},{"@type":"BreadcrumbList","@id":"https:\/\/www.aventure-chlorophylle.com\/canyoning-a-laruns\/#breadcrumb","itemListElement":[{"@type":"ListItem","position":1,"name":"Accueil","item":"https:\/\/www.aventure-chlorophylle.com\/"},{"@type":"ListItem","position":2,"name":"Canyoning \u00e0 Laruns"}]},{"@type":"WebSite","@id":"https:\/\/www.aventure-chlorophylle.com\/#website","url":"https:\/\/www.aventure-chlorophylle.com\/","name":"Abenteuer Chlorophyll","description":"Canyoning-, Rafting- und H\u00f6hlenforschungsaktivit\u00e4ten in den Pyren\u00e4en","publisher":{"@id":"https:\/\/www.aventure-chlorophylle.com\/#organization"},"potentialAction":[{"@type":"SearchAction","target":{"@type":"EntryPoint","urlTemplate":"https:\/\/www.aventure-chlorophylle.com\/?s={search_term_string}"},"query-input":{"@type":"PropertyValueSpecification","valueRequired":true,"valueName":"search_term_string"}}],"inLanguage":"de"},{"@type":"Organization","@id":"https:\/\/www.aventure-chlorophylle.com\/#organization","name":"Abenteuer Chlorophyll","url":"https:\/\/www.aventure-chlorophylle.com\/","logo":{"@type":"ImageObject","inLanguage":"de","@id":"https:\/\/www.aventure-chlorophylle.com\/#\/schema\/logo\/image\/","url":"https:\/\/www.aventure-chlorophylle.com\/wp-content\/uploads\/2021\/04\/logo_aventure_chlorophylle.png","contentUrl":"https:\/\/www.aventure-chlorophylle.com\/wp-content\/uploads\/2021\/04\/logo_aventure_chlorophylle.png","width":356,"height":392,"caption":"Aventure Chlorophylle"},"image":{"@id":"https:\/\/www.aventure-chlorophylle.com\/#\/schema\/logo\/image\/"},"sameAs":["https:\/\/www.facebook.com\/aventurechlorophylle","https:\/\/www.instagram.com\/aventure_chlorophylle\/"]}]}},"_links":{"self":[{"href":"https:\/\/www.aventure-chlorophylle.com\/de\/wp-json\/wp\/v2\/pages\/267706","targetHints":{"allow":["GET"]}}],"collection":[{"href":"https:\/\/www.aventure-chlorophylle.com\/de\/wp-json\/wp\/v2\/pages"}],"about":[{"href":"https:\/\/www.aventure-chlorophylle.com\/de\/wp-json\/wp\/v2\/types\/page"}],"author":[{"embeddable":true,"href":"https:\/\/www.aventure-chlorophylle.com\/de\/wp-json\/wp\/v2\/users\/3"}],"replies":[{"embeddable":true,"href":"https:\/\/www.aventure-chlorophylle.com\/de\/wp-json\/wp\/v2\/comments?post=267706"}],"version-history":[{"count":50,"href":"https:\/\/www.aventure-chlorophylle.com\/de\/wp-json\/wp\/v2\/pages\/267706\/revisions"}],"predecessor-version":[{"id":268246,"href":"https:\/\/www.aventure-chlorophylle.com\/de\/wp-json\/wp\/v2\/pages\/267706\/revisions\/268246"}],"wp:attachment":[{"href":"https:\/\/www.aventure-chlorophylle.com\/de\/wp-json\/wp\/v2\/media?parent=267706"}],"curies":[{"name":"wp","href":"https:\/\/api.w.org\/{rel}","templated":true}]}}