{"id":267952,"date":"2023-06-22T14:06:22","date_gmt":"2023-06-22T12:06:22","guid":{"rendered":"https:\/\/www.aventure-chlorophylle.com\/?page_id=267952"},"modified":"2026-03-09T15:23:57","modified_gmt":"2026-03-09T14:23:57","slug":"nos-brochures","status":"publish","type":"page","link":"https:\/\/www.aventure-chlorophylle.com\/de\/nos-brochures\/","title":{"rendered":"Unsere Brosch\u00fcren"},"content":{"rendered":"<p>[et_pb_section fb_built=\u00a0\u00bb1&Prime; _builder_version=\u00a0\u00bb4.20.4&Prime; _module_preset=\u00a0\u00bbdefault\u00a0\u00bb global_colors_info=\u00a0\u00bb{}\u00a0\u00bb][et_pb_row _builder_version=\u00a0\u00bb4.20.4&Prime; _module_preset=\u00a0\u00bbdefault\u00a0\u00bb global_colors_info=\u00a0\u00bb{}\u00a0\u00bb][et_pb_column type=\u00a0\u00bb4_4&Prime; _builder_version=\u00a0\u00bb4.20.4&Prime; _module_preset=\u00a0\u00bbdefault\u00a0\u00bb global_colors_info=\u00a0\u00bb{}\u00a0\u00bb][et_pb_text _builder_version=\u00a0\u00bb4.23.1&Prime; _module_preset=\u00a0\u00bbdefault\u00a0\u00bb global_colors_info=\u00a0\u00bb{}\u00a0\u00bb]<\/p>\n<h1 style=\"text-align: center;\">Unsere Brosch\u00fcren<\/h1>\n<p>&nbsp;<\/p>\n<h2 style=\"text-align: center;\">Sie k\u00f6nnen sich unsere Aktivit\u00e4tenkataloge ansehen<\/h2>\n<p>[\/et_pb_text][\/et_pb_column][\/et_pb_row][et_pb_row column_structure= \"1_2,1_2\u2033 _builder_version= \"4.20.4\u2033 _module_preset= \"default \" global_colors_info= \"{} \"][et_pb_column type= \"1_2\u2033 _builder_version= \"4.20.4\u2033 _module_preset= \"default \" global_colors_info= \"{} \"][et_pb_text admin_label= \"Katalog K\u00f6rperschaften\" _builder_version= \"4.20.4\u2033 _module_preset= \"default \" custom_margin= \"60px||||false|false \" global_colors_info= \"{} \"]<\/p>\n<h2 style=\"text-align: center;\">Katalog Aktivit\u00e4ten f\u00fcr Jugendliche von 7 bis 17 Jahren in Gemeinden<\/h2>\n<p>&nbsp;<\/p>\n<p style=\"text-align: center;\">In diesem Katalog findest du alle unsere Aktivit\u00e4ten f\u00fcr Jugendliche in Gemeinschaften, sei es in <strong>Freizeitbetreuung (ALSH)<\/strong>, <strong>Sozialzentrum<\/strong>, <strong>Grundschulen<\/strong>, <strong>Mittelschulen und Gymnasien<\/strong>, <strong>Jugendpunkt<\/strong>,<strong>Gemeindeverb\u00e4nde, ...<\/strong><\/p>\n<p style=\"text-align: center;\">Die Aktivit\u00e4ten richten sich an <strong>Jugendliche ab 7 Jahren<\/strong>. Ob Wassersport, unterirdische Aktivit\u00e4ten oder Klettern - f\u00fcr jeden Geschmack ist etwas dabei. Sie haben einen <strong>Bildungsprojekt<\/strong> oder <strong>p\u00e4dagogisch<\/strong>Bitte teilen Sie uns diese mit.<\/p>\n<p>[\/et_pb_text][dnxte_button button_text= \"Nachschlagen \" button_link= \"https:\/\/www.aventure-chlorophylle.com\/wp-content\/uploads\/2024\/03\/Catalogues-jeunes-2024-imprimable.pdf \" dnxt_button_alignment= \"center \" _builder_version= \"4.23.1\u2033 _module_preset= \"default \" global_colors_info= \"{} \"][\/dnxte_button][\/et_pb_column][et_pb_column type= \"1_2\u2033 _builder_version= \"4.20.4\u2033 _module_preset= \"default\" global_colors_info= \"{} \"][et_pb_image src= \"https:\/\/www.aventure-chlorophylle.com\/wp-content\/uploads\/2023\/06\/couverture-catalogue-collectivites.jpg \" alt= \"Katalog mit Aktivit\u00e4ten f\u00fcr Jugendliche von 7 bis 17 Jahren in Gemeinschaften\" title_text= \"Katalog mit Aktivit\u00e4ten in Gemeinschaften\" _builder_version= \"4.20.4\u2033 _module_preset= \"default \" custom_margin= \"60px||1rem||false|false \" global_colors_info= \"{} \"][\/et_pb_image][\/et_pb_column][\/et_pb_row][et_pb_row column_structure= \"1_2,1_2\u2033 _builder_version= \"4.20.4\u2033 _module_preset= \"default \" global_colors_info= \"{} \"][et_pb_column type= \"1_2\u2033 _builder_version= \"4.20.4\u2033 _module_preset= \"default \" global_colors_info= \"{} \"][et_pb_text admin_label= \"Katalog Privatpersonen \" _builder_version= \"4.20.4\u2033 _module_preset= \"default \" global_colors_info= \"{} \"]<\/p>\n<h2 style=\"text-align: center;\">Katalog Aktivit\u00e4ten f\u00fcr Einzelpersonen<\/h2>\n<p>&nbsp;<\/p>\n<p style=\"text-align: center;\">Alle unsere Berg- und Wildwasseraktivit\u00e4ten sind in diesem Katalog zusammengefasst. Canyoning im Ossautal in den Pyren\u00e4en, Rafting in 30 Minuten Entfernung von Pau, unterirdische Erkundung von H\u00f6hlen mit Hilfe der H\u00f6hlenforschung, Spiel mit der Vertikalit\u00e4t auf der Via Ferrata von Siala, der Via Cordata von Hourat oder an den Kletterfelsen in Arudy oder auch Pedalieren auf den Bergpfaden mit Downhill-Mountainbikes oder E-Mountainbikes.<\/p>\n<p style=\"text-align: center;\">Wir haben Aktivit\u00e4ten f\u00fcr jedes Niveau und jeden Geschmack. Eine einzige Telefonnummer f\u00fcr <a href=\"https:\/\/www.aventure-chlorophylle.com\/de\/kontakt-und-reservierung\/\" target=\"_blank\" rel=\"noopener\">buchen Sie Ihre Aktivit\u00e4ten Sensationen<\/a> w\u00e4hrend Ihres Aufenthalts im Vall\u00e9e d'Ossau in den atlantischen Pyren\u00e4en.<\/p>\n<p>[\/et_pb_text][dnxte_button button_text= \"Nachschlagen \" button_link= \"https:\/\/www.aventure-chlorophylle.com\/wp-content\/uploads\/2024\/03\/Catalogue-activites-particuliers-2024.pdf \" dnxt_button_alignment= \"center \" _builder_version= \"4.23.1\u2033 _module_preset= \"default\" global_colors_info= \"{} \"][\/dnxte_button][\/et_pb_column][et_pb_column type= \"1_2\u2033 _builder_version= \"4.20.4\u2033 _module_preset= \"default \" global_colors_info= \"{}\"][et_pb_image src= \"https:\/\/www.aventure-chlorophylle.com\/wp-content\/uploads\/2023\/06\/Catalogue-activites-particuliers-couverture.jpg \" alt= \"Aktivit\u00e4tenkatalog f\u00fcr Familien, Freunde EVG\/EVJF, solo \" title_text= \"Aktivit\u00e4tenkatalog Einzelpersonen\" _builder_version= \"4.20.4\u2033 _module_preset= \"default\" global_colors_info= \"{} \"][\/et_pb_image][\/et_pb_column][\/et_pb_row][\/et_pb_section]<\/p>","protected":false},"excerpt":{"rendered":"<p>Unsere Brosch\u00fcren Hier k\u00f6nnen Sie unsere Kataloge einsehenKatalog Aktivit\u00e4ten f\u00fcr Jugendliche von 7 bis 17 Jahren in Gemeinden In diesem Katalog finden Sie alle unsere Aktivit\u00e4ten f\u00fcr Jugendliche in Gemeinden, sei es in Freizeitheimen (ALSH), Sozialzentren, Grundschulen, Sekundarschulen und Gymnasien, Jugendzentren, Gemeindeverb\u00e4nden, ... [...]].<\/p>","protected":false},"author":3,"featured_media":0,"parent":0,"menu_order":0,"comment_status":"closed","ping_status":"closed","template":"","meta":{"_acf_changed":false,"_et_pb_use_builder":"on","_et_pb_old_content":"","_et_gb_content_width":"","inline_featured_image":false,"footnotes":""},"class_list":["post-267952","page","type-page","status-publish","hentry"],"acf":[],"yoast_head":"<!-- This site is optimized with the Yoast SEO plugin v26.7 - https:\/\/yoast.com\/wordpress\/plugins\/seo\/ -->\n<title>Nos brochures - Aventure Chlorophylle<\/title>\n<meta name=\"robots\" content=\"index, follow, max-snippet:-1, max-image-preview:large, max-video-preview:-1\" \/>\n<link rel=\"canonical\" href=\"https:\/\/www.aventure-chlorophylle.com\/de\/nos-brochures\/\" \/>\n<meta property=\"og:locale\" content=\"de_DE\" \/>\n<meta property=\"og:type\" content=\"article\" \/>\n<meta property=\"og:title\" content=\"Nos brochures - Aventure Chlorophylle\" \/>\n<meta property=\"og:description\" content=\"Nos brochures &nbsp; Vous pouvez consulter nos catalogues d&#039;activit\u00e9sCatalogue activit\u00e9s pour les jeunes de 7 \u00e0 17 ans en collectivit\u00e9s &nbsp; Dans ce catalogue vous pouvez retrouver toutes nos activit\u00e9s pour les jeunes en collectivit\u00e9s que ce soit en accueil de loisirs (ALSH), centre social, \u00e9coles primaires, coll\u00e8ges et lyc\u00e9es, point jeunes,communaut\u00e9s de communes, ... [&hellip;]\" \/>\n<meta property=\"og:url\" content=\"https:\/\/www.aventure-chlorophylle.com\/de\/nos-brochures\/\" \/>\n<meta property=\"og:site_name\" content=\"Aventure Chlorophylle\" \/>\n<meta property=\"article:publisher\" content=\"https:\/\/www.facebook.com\/aventurechlorophylle\" \/>\n<meta property=\"article:modified_time\" content=\"2026-03-09T14:23:57+00:00\" \/>\n<meta name=\"twitter:card\" content=\"summary_large_image\" \/>\n<meta name=\"twitter:label1\" content=\"Gesch\u00e4tzte Lesezeit\" \/>\n\t<meta name=\"twitter:data1\" content=\"3\u00a0Minuten\" \/>\n<script type=\"application\/ld+json\" class=\"yoast-schema-graph\">{\"@context\":\"https:\/\/schema.org\",\"@graph\":[{\"@type\":\"WebPage\",\"@id\":\"https:\/\/www.aventure-chlorophylle.com\/nos-brochures\/\",\"url\":\"https:\/\/www.aventure-chlorophylle.com\/nos-brochures\/\",\"name\":\"Nos brochures - Aventure Chlorophylle\",\"isPartOf\":{\"@id\":\"https:\/\/www.aventure-chlorophylle.com\/#website\"},\"datePublished\":\"2023-06-22T12:06:22+00:00\",\"dateModified\":\"2026-03-09T14:23:57+00:00\",\"breadcrumb\":{\"@id\":\"https:\/\/www.aventure-chlorophylle.com\/nos-brochures\/#breadcrumb\"},\"inLanguage\":\"de\",\"potentialAction\":[{\"@type\":\"ReadAction\",\"target\":[\"https:\/\/www.aventure-chlorophylle.com\/nos-brochures\/\"]}]},{\"@type\":\"BreadcrumbList\",\"@id\":\"https:\/\/www.aventure-chlorophylle.com\/nos-brochures\/#breadcrumb\",\"itemListElement\":[{\"@type\":\"ListItem\",\"position\":1,\"name\":\"Accueil\",\"item\":\"https:\/\/www.aventure-chlorophylle.com\/\"},{\"@type\":\"ListItem\",\"position\":2,\"name\":\"Nos brochures\"}]},{\"@type\":\"WebSite\",\"@id\":\"https:\/\/www.aventure-chlorophylle.com\/#website\",\"url\":\"https:\/\/www.aventure-chlorophylle.com\/\",\"name\":\"Aventure Chlorophylle\",\"description\":\"Activit\u00e9s de Canyoning, rafting et sp\u00e9l\u00e9ologie dans les Pyr\u00e9n\u00e9es\",\"publisher\":{\"@id\":\"https:\/\/www.aventure-chlorophylle.com\/#organization\"},\"potentialAction\":[{\"@type\":\"SearchAction\",\"target\":{\"@type\":\"EntryPoint\",\"urlTemplate\":\"https:\/\/www.aventure-chlorophylle.com\/?s={search_term_string}\"},\"query-input\":{\"@type\":\"PropertyValueSpecification\",\"valueRequired\":true,\"valueName\":\"search_term_string\"}}],\"inLanguage\":\"de\"},{\"@type\":\"Organization\",\"@id\":\"https:\/\/www.aventure-chlorophylle.com\/#organization\",\"name\":\"Aventure Chlorophylle\",\"url\":\"https:\/\/www.aventure-chlorophylle.com\/\",\"logo\":{\"@type\":\"ImageObject\",\"inLanguage\":\"de\",\"@id\":\"https:\/\/www.aventure-chlorophylle.com\/#\/schema\/logo\/image\/\",\"url\":\"https:\/\/www.aventure-chlorophylle.com\/wp-content\/uploads\/2021\/04\/logo_aventure_chlorophylle.png\",\"contentUrl\":\"https:\/\/www.aventure-chlorophylle.com\/wp-content\/uploads\/2021\/04\/logo_aventure_chlorophylle.png\",\"width\":356,\"height\":392,\"caption\":\"Aventure Chlorophylle\"},\"image\":{\"@id\":\"https:\/\/www.aventure-chlorophylle.com\/#\/schema\/logo\/image\/\"},\"sameAs\":[\"https:\/\/www.facebook.com\/aventurechlorophylle\",\"https:\/\/www.instagram.com\/aventure_chlorophylle\/\"]}]}<\/script>\n<!-- \/ Yoast SEO plugin. -->","yoast_head_json":{"title":"Unsere Brosch\u00fcren - Aventure Chlorophylle","robots":{"index":"index","follow":"follow","max-snippet":"max-snippet:-1","max-image-preview":"max-image-preview:large","max-video-preview":"max-video-preview:-1"},"canonical":"https:\/\/www.aventure-chlorophylle.com\/de\/nos-brochures\/","og_locale":"de_DE","og_type":"article","og_title":"Nos brochures - Aventure Chlorophylle","og_description":"Nos brochures &nbsp; Vous pouvez consulter nos catalogues d'activit\u00e9sCatalogue activit\u00e9s pour les jeunes de 7 \u00e0 17 ans en collectivit\u00e9s &nbsp; Dans ce catalogue vous pouvez retrouver toutes nos activit\u00e9s pour les jeunes en collectivit\u00e9s que ce soit en accueil de loisirs (ALSH), centre social, \u00e9coles primaires, coll\u00e8ges et lyc\u00e9es, point jeunes,communaut\u00e9s de communes, ... [&hellip;]","og_url":"https:\/\/www.aventure-chlorophylle.com\/de\/nos-brochures\/","og_site_name":"Aventure Chlorophylle","article_publisher":"https:\/\/www.facebook.com\/aventurechlorophylle","article_modified_time":"2026-03-09T14:23:57+00:00","twitter_card":"summary_large_image","twitter_misc":{"Gesch\u00e4tzte Lesezeit":"3\u00a0Minuten"},"schema":{"@context":"https:\/\/schema.org","@graph":[{"@type":"WebPage","@id":"https:\/\/www.aventure-chlorophylle.com\/nos-brochures\/","url":"https:\/\/www.aventure-chlorophylle.com\/nos-brochures\/","name":"Unsere Brosch\u00fcren - Aventure Chlorophylle","isPartOf":{"@id":"https:\/\/www.aventure-chlorophylle.com\/#website"},"datePublished":"2023-06-22T12:06:22+00:00","dateModified":"2026-03-09T14:23:57+00:00","breadcrumb":{"@id":"https:\/\/www.aventure-chlorophylle.com\/nos-brochures\/#breadcrumb"},"inLanguage":"de","potentialAction":[{"@type":"ReadAction","target":["https:\/\/www.aventure-chlorophylle.com\/nos-brochures\/"]}]},{"@type":"BreadcrumbList","@id":"https:\/\/www.aventure-chlorophylle.com\/nos-brochures\/#breadcrumb","itemListElement":[{"@type":"ListItem","position":1,"name":"Accueil","item":"https:\/\/www.aventure-chlorophylle.com\/"},{"@type":"ListItem","position":2,"name":"Nos brochures"}]},{"@type":"WebSite","@id":"https:\/\/www.aventure-chlorophylle.com\/#website","url":"https:\/\/www.aventure-chlorophylle.com\/","name":"Abenteuer Chlorophyll","description":"Canyoning-, Rafting- und H\u00f6hlenforschungsaktivit\u00e4ten in den Pyren\u00e4en","publisher":{"@id":"https:\/\/www.aventure-chlorophylle.com\/#organization"},"potentialAction":[{"@type":"SearchAction","target":{"@type":"EntryPoint","urlTemplate":"https:\/\/www.aventure-chlorophylle.com\/?s={search_term_string}"},"query-input":{"@type":"PropertyValueSpecification","valueRequired":true,"valueName":"search_term_string"}}],"inLanguage":"de"},{"@type":"Organization","@id":"https:\/\/www.aventure-chlorophylle.com\/#organization","name":"Abenteuer Chlorophyll","url":"https:\/\/www.aventure-chlorophylle.com\/","logo":{"@type":"ImageObject","inLanguage":"de","@id":"https:\/\/www.aventure-chlorophylle.com\/#\/schema\/logo\/image\/","url":"https:\/\/www.aventure-chlorophylle.com\/wp-content\/uploads\/2021\/04\/logo_aventure_chlorophylle.png","contentUrl":"https:\/\/www.aventure-chlorophylle.com\/wp-content\/uploads\/2021\/04\/logo_aventure_chlorophylle.png","width":356,"height":392,"caption":"Aventure Chlorophylle"},"image":{"@id":"https:\/\/www.aventure-chlorophylle.com\/#\/schema\/logo\/image\/"},"sameAs":["https:\/\/www.facebook.com\/aventurechlorophylle","https:\/\/www.instagram.com\/aventure_chlorophylle\/"]}]}},"_links":{"self":[{"href":"https:\/\/www.aventure-chlorophylle.com\/de\/wp-json\/wp\/v2\/pages\/267952","targetHints":{"allow":["GET"]}}],"collection":[{"href":"https:\/\/www.aventure-chlorophylle.com\/de\/wp-json\/wp\/v2\/pages"}],"about":[{"href":"https:\/\/www.aventure-chlorophylle.com\/de\/wp-json\/wp\/v2\/types\/page"}],"author":[{"embeddable":true,"href":"https:\/\/www.aventure-chlorophylle.com\/de\/wp-json\/wp\/v2\/users\/3"}],"replies":[{"embeddable":true,"href":"https:\/\/www.aventure-chlorophylle.com\/de\/wp-json\/wp\/v2\/comments?post=267952"}],"version-history":[{"count":26,"href":"https:\/\/www.aventure-chlorophylle.com\/de\/wp-json\/wp\/v2\/pages\/267952\/revisions"}],"predecessor-version":[{"id":269894,"href":"https:\/\/www.aventure-chlorophylle.com\/de\/wp-json\/wp\/v2\/pages\/267952\/revisions\/269894"}],"wp:attachment":[{"href":"https:\/\/www.aventure-chlorophylle.com\/de\/wp-json\/wp\/v2\/media?parent=267952"}],"curies":[{"name":"wp","href":"https:\/\/api.w.org\/{rel}","templated":true}]}}