{"id":269337,"date":"2025-05-12T17:27:04","date_gmt":"2025-05-12T15:27:04","guid":{"rendered":"https:\/\/www.aventure-chlorophylle.com\/?page_id=269337"},"modified":"2025-05-23T10:33:58","modified_gmt":"2025-05-23T08:33:58","slug":"canyoning-autour-de-moi","status":"publish","type":"page","link":"https:\/\/www.aventure-chlorophylle.com\/de\/canyoning-autour-de-moi\/","title":{"rendered":"canyoning in meiner Umgebung"},"content":{"rendered":"<p>[et_pb_section fb_built=\u00a0\u00bb1&Prime; admin_label=\u00a0\u00bbsection\u00a0\u00bb _builder_version=\u00a0\u00bb4.16&Prime; global_colors_info=\u00a0\u00bb{}\u00a0\u00bb][et_pb_row admin_label=\u00a0\u00bbrow\u00a0\u00bb _builder_version=\u00a0\u00bb4.16&Prime; background_size=\u00a0\u00bbinitial\u00a0\u00bb background_position=\u00a0\u00bbtop_left\u00a0\u00bb background_repeat=\u00a0\u00bbrepeat\u00a0\u00bb global_colors_info=\u00a0\u00bb{}\u00a0\u00bb][et_pb_column type=\u00a0\u00bb4_4&Prime; _builder_version=\u00a0\u00bb4.16&Prime; custom_padding=\u00a0\u00bb|||\u00a0\u00bb global_colors_info=\u00a0\u00bb{}\u00a0\u00bb custom_padding__hover=\u00a0\u00bb|||\u00a0\u00bb][et_pb_text _builder_version=\u00a0\u00bb4.23.1&Prime; _module_preset=\u00a0\u00bbdefault\u00a0\u00bb global_colors_info=\u00a0\u00bb{}\u00a0\u00bb]<\/p>\n<h1 style=\"text-align: center;\">Canyoning-Abfahrten in meiner Umgebung<\/h1>\n<h2 style=\"text-align: center;\">45 Minuten von Pau entfernt<br \/>30 Minuten von Oloron Sainte Marie entfernt<br \/>1,5 Stunden von Dax entfernt<br \/>2,5 Stunden von Bordeaux entfernt<br \/>3 Stunden von Toulouse entfernt<\/h2>\n<h2 style=\"text-align: center;\">Wir treffen uns in Laruns im Ossau-Tal in den Atlantischen Pyren\u00e4en, um Canyoning-Touren zum Kennenlernen oder als Sensation zu unternehmen!<\/h2>\n<p>[\/et_pb_text][\/et_pb_column][\/et_pb_row][et_pb_row _builder_version=\u00a0\u00bb4.23.1&Prime; _module_preset=\u00a0\u00bbdefault\u00a0\u00bb global_colors_info=\u00a0\u00bb{}\u00a0\u00bb][et_pb_column type=\u00a0\u00bb4_4&Prime; _builder_version=\u00a0\u00bb4.23.1&Prime; _module_preset=\u00a0\u00bbdefault\u00a0\u00bb global_colors_info=\u00a0\u00bb{}\u00a0\u00bb][et_pb_text _builder_version=\u00a0\u00bb4.23.1&Prime; _module_preset=\u00a0\u00bbdefault\u00a0\u00bb hover_enabled=\u00a0\u00bb0&Prime; global_colors_info=\u00a0\u00bb{}\u00a0\u00bb sticky_enabled=\u00a0\u00bb0&Prime;]<\/p>\n<h1 style=\"text-align: center;\">\u00a0<\/h1>\n<h3 style=\"text-align: center;\">Entdecken Sie das einzigartige Erlebnis des Canyoning im Ossau-Tal<\/h3>\n<p style=\"text-align: center;\">Das Ossau-Tal, eingebettet im Herzen der Pyren\u00e4en, bietet eine au\u00dfergew\u00f6hnliche Vielfalt an Canyons, die Laruns zu einem unumg\u00e4nglichen Ziel f\u00fcr Liebhaber von <strong>Canyoning<\/strong>. Ob Sie mit der Familie, mit Freunden, erfahrenen Sportlern oder Anf\u00e4ngern unterwegs sind, die <strong>Canyons um Laruns<\/strong> bieten <strong>f\u00fcr alle Niveaus geeignete Strecken<\/strong>.<\/p>\n<p>[\/et_pb_text][\/et_pb_column][\/et_pb_row][et_pb_row column_structure=\u00a0\u00bb1_2,1_2&Prime; _builder_version=\u00a0\u00bb4.23.1&Prime; _module_preset=\u00a0\u00bbdefault\u00a0\u00bb global_colors_info=\u00a0\u00bb{}\u00a0\u00bb][et_pb_column type=\u00a0\u00bb1_2&Prime; _builder_version=\u00a0\u00bb4.23.1&Prime; _module_preset=\u00a0\u00bbdefault\u00a0\u00bb global_colors_info=\u00a0\u00bb{}\u00a0\u00bb][et_pb_text _builder_version=\u00a0\u00bb4.23.1&Prime; _module_preset=\u00a0\u00bbdefault\u00a0\u00bb global_colors_info=\u00a0\u00bb{}\u00a0\u00bb]<\/p>\n<h3>Eine umfassende Wassersportaktivit\u00e4t in den Bergen<\/h3>\n<p>Die <strong>Canyoning<\/strong> repr\u00e4sentiert die<strong>Bergwasseraktivit\u00e4t<\/strong> par excellence. Bei diesem Abenteuer fahren Sie einen Fluss hinunter und \u00fcberwinden dabei verschiedene nat\u00fcrliche Hindernisse mithilfe unterschiedlicher Techniken. W\u00e4hrend Ihrer <strong>Tag Canyoning<\/strong>Sie werden eine <strong>Erfahrung<\/strong> unvergesslich kombinieren:<\/p>\n<ul>\n<li>Von <strong>Abseilen<\/strong> manchmal bew\u00e4ssert von <strong>Wasserf\u00e4lle<\/strong> beeindruckend, wie in den <strong>Schluchten des Canceigt Canyon<\/strong><\/li>\n<li>Von <strong>Spr\u00fcnge<\/strong> mehr oder weniger technisch, je nach dem Niveau des <strong>Strecke<\/strong><\/li>\n<li>Von <strong>nat\u00fcrliche Rutschen<\/strong> die Ihnen <strong>Empfindungen<\/strong> starke<\/li>\n<li>Passagen zum Gehen und <strong>Schwimmen<\/strong> in der<strong>Wasser<\/strong> k\u00fchl und kristallklar<\/li>\n<\/ul>\n<h3>Abwechslungsreiche Canyons f\u00fcr jedes Profil<\/h3>\n<p>Der Reichtum der <strong>Schluchten<\/strong> in der Region Laruns erm\u00f6glicht es jedem, die <strong>Canyoning-Ausflug<\/strong> die zu ihm passt:<\/p>\n<ol>\n<li><strong>Canceigt-Schlucht<\/strong>: Mit seinen <strong>enge Schluchten<\/strong>Diese Schlucht bietet <strong>Erinnerungen<\/strong> Techniken und herausfordernde Wasserpassagen, ideal f\u00fcr <strong>Sportler<\/strong> Zwischenh\u00e4ndler.<\/li>\n<li><strong>Bious-Canyon<\/strong>: Eingetaucht in eine <strong>Natur<\/strong> gr\u00fcn, bietet dieser Canyon eine <strong>Entdeckung<\/strong> zug\u00e4nglicher, perfekt f\u00fcr Familien und Anf\u00e4nger, die einen sanften Einstieg suchen.<\/li>\n<li><strong>Soussou\u00e9ou-Canyon<\/strong>: Sehr <strong>Wassersport<\/strong>Dieser Canyon vereint <strong>Wasserf\u00e4lle<\/strong>, <strong>Rutschen<\/strong> und <strong>Spr\u00fcnge<\/strong> f\u00fcr eine <strong>Abenteuer<\/strong> komplett in einer au\u00dfergew\u00f6hnlichen nat\u00fcrlichen Umgebung.<\/li>\n<\/ol>\n<h3>Von Fachleuten garantierte Sicherheit<\/h3>\n<p>Die <strong>Sicherheit<\/strong> ist von entscheidender Bedeutung in der Praxis des <strong>Canyoning<\/strong>. F\u00fcr jede <strong>Ausgang<\/strong>Sie werden von einem <strong>Leitfaden<\/strong> oder <strong>staatlich gepr\u00fcfter Lehrer<\/strong> der Sie versorgt:<\/p>\n<ul>\n<li>Eine umfassende und passende Ausstattung<\/li>\n<li>Pers\u00f6nliche technische Beratung<\/li>\n<li>Eine st\u00e4ndige \u00dcberwachung w\u00e4hrend der<strong>Aktivit\u00e4t<\/strong><\/li>\n<li>Eine umfassende Kenntnis des <strong>Bergmassiv<\/strong> Pyren\u00e4en und ihre Besonderheiten<\/li>\n<\/ul>\n<p>&nbsp;<\/p>\n<p>[\/et_pb_text][\/et_pb_column][et_pb_column type=\u00a0\u00bb1_2&Prime; _builder_version=\u00a0\u00bb4.23.1&Prime; _module_preset=\u00a0\u00bbdefault\u00a0\u00bb global_colors_info=\u00a0\u00bb{}\u00a0\u00bb][et_pb_text _builder_version=\u00a0\u00bb4.23.1&Prime; _module_preset=\u00a0\u00bbdefault\u00a0\u00bb global_colors_info=\u00a0\u00bb{}\u00a0\u00bb]<\/p>\n<h3>Eine Aktivit\u00e4t, die f\u00fcr alle zug\u00e4nglich ist<\/h3>\n<p>Die <strong>Canyoning in der Umgebung von Laruns<\/strong> richtet sich an verschiedene Zielgruppen:<\/p>\n<ul>\n<li><strong>Familien<\/strong> mit Kindern (ab 10 Jahren) auf den <strong>Strecke<\/strong> von <strong>Entdeckung<\/strong><\/li>\n<li>Gruppen von<strong>Freunde<\/strong> auf der Suche nach einer <strong>Aktivit\u00e4t<\/strong> spielerisch und erfrischend<\/li>\n<li><strong>Sportler<\/strong> die sich nach Sensationen und technischen Herausforderungen sehnen<\/li>\n<li>Anf\u00e4nger, die sich mit den <strong>Aktivit\u00e4ten<\/strong> von voll <strong>Natur<\/strong> in <strong>Berg<\/strong><\/li>\n<\/ul>\n<h3>Die Vorteile des Canyoning in den Pyren\u00e4en<\/h3>\n<p>Die Praxis des <strong>Canyoning<\/strong> in der <strong>Tal<\/strong> d'Ossau bietet Ihnen:<\/p>\n<ul>\n<li>Ein v\u00f6lliges Eintauchen in die <strong>Natur<\/strong> bewahrt von <strong>Pyren\u00e4en<\/strong><\/li>\n<li>Au\u00dfergew\u00f6hnliche Panoramen auf die umliegenden Gipfel<\/li>\n<li>Reines, erfrischendes Wasser gegen die Sommerhitze<\/li>\n<li>Eine <strong>Abenteuer<\/strong> zug\u00e4nglich ohne vorherige Expertise in <strong>Klettern<\/strong> oder in <strong>Wanderung<\/strong><\/li>\n<\/ul>\n<h3>Erfahrungsberichte und Meinungen<\/h3>\n<p>Die <strong>Meinung<\/strong> unserer Teilnehmer zeugen von der Qualit\u00e4t der <strong>Schluchtenabfahrten<\/strong> die in der Region Laruns angeboten werden. Die Zufriedenheit ist gro\u00df, sowohl f\u00fcr die <strong>Erfahrungen<\/strong> von <strong>Entdeckung<\/strong> als auch f\u00fcr die <strong>Strecke<\/strong> mehr technische, die den <strong>Sportler<\/strong> exp\u00e9riment\u00e9s.<\/p>\n<h3>Le canyoning \u00e0 Laruns : une exp\u00e9rience \u00e0 ne pas manquer<\/h3>\n<p>Que vous recherchiez une <strong>Aktivit\u00e4t<\/strong> familiale originale, une <strong>Ausgang<\/strong> sportive entre <strong>Freunde<\/strong> oder eine <strong>Abenteuer<\/strong> riche en <strong>Empfindungen<\/strong>am <strong>Canyoning<\/strong> \u00e0 Laruns r\u00e9pondra \u00e0 vos attentes. La diversit\u00e9 des <strong>Schluchten<\/strong> und <strong>Strecke<\/strong> disponibles fait de ce <strong>lieu<\/strong> un incontournable pour les amateurs d&rsquo;<strong>Aktivit\u00e4ten<\/strong> von voll <strong>Natur<\/strong> in den <strong>Pyren\u00e4en<\/strong>.<\/p>\n<p>N&rsquo;attendez plus pour r\u00e9server votre <strong>Tag Canyoning<\/strong> et vivre une <strong>Erfahrung<\/strong> inoubliable dans les <strong>Schluchten<\/strong> de la <strong>Tal<\/strong> d&rsquo;Ossau. Nos <strong>Leitf\u00e4den<\/strong> qualifi\u00e9s vous accompagneront pour une <strong>descente<\/strong> en toute <strong>Sicherheit<\/strong> \u00e0 travers <strong>Erinnerungen<\/strong>, <strong>Rutschen<\/strong> und <strong>Spr\u00fcnge<\/strong> dans un cadre naturel d&rsquo;exception.<\/p>\n<p>Pour plus d&rsquo;informations ou pour r\u00e9server votre <strong>Canyoning-Ausflug<\/strong> \u00e0 Laruns, contactez Aventure Chlorophylle, sp\u00e9cialiste des <strong>Aktivit\u00e4ten<\/strong> von voll <strong>Natur<\/strong> in den <strong>Pyren\u00e4en<\/strong>.<\/p>\n<p>[\/et_pb_text][\/et_pb_column][\/et_pb_row][et_pb_row _builder_version=\u00a0\u00bb4.23.1&Prime; _module_preset=\u00a0\u00bbdefault\u00a0\u00bb global_colors_info=\u00a0\u00bb{}\u00a0\u00bb][et_pb_column type=\u00a0\u00bb4_4&Prime; _builder_version=\u00a0\u00bb4.23.1&Prime; _module_preset=\u00a0\u00bbdefault\u00a0\u00bb global_colors_info=\u00a0\u00bb{}\u00a0\u00bb][et_pb_button button_url=\u00a0\u00bbhttps:\/\/www.aventure-chlorophylle.com\/canyoning-rafting-pyrenees-atlantiques\/canyoning\/\u00a0\u00bb button_text=\u00a0\u00bbVoir les formules canyoning\u00a0\u00bb _builder_version=\u00a0\u00bb4.23.1&Prime; _module_preset=\u00a0\u00bbdefault\u00a0\u00bb global_colors_info=\u00a0\u00bb{}\u00a0\u00bb][\/et_pb_button][\/et_pb_column][\/et_pb_row][et_pb_row column_structure=\u00a0\u00bb1_2,1_2&Prime; _builder_version=\u00a0\u00bb4.23.1&Prime; _module_preset=\u00a0\u00bbdefault\u00a0\u00bb global_colors_info=\u00a0\u00bb{}\u00a0\u00bb][et_pb_column type=\u00a0\u00bb1_2&Prime; _builder_version=\u00a0\u00bb4.23.1&Prime; _module_preset=\u00a0\u00bbdefault\u00a0\u00bb global_colors_info=\u00a0\u00bb{}\u00a0\u00bb][et_pb_image src=\u00a0\u00bbhttps:\/\/www.aventure-chlorophylle.com\/wp-content\/uploads\/2021\/07\/2023-07-11-PM-Alex-canyoning-canceigt_11.jpg\u00a0\u00bb title_text=\u00a0\u00bbCanyoning Canceigt\u00a0\u00bb _builder_version=\u00a0\u00bb4.23.1&Prime; _module_preset=\u00a0\u00bbdefault\u00a0\u00bb global_colors_info=\u00a0\u00bb{}\u00a0\u00bb][\/et_pb_image][\/et_pb_column][et_pb_column type=\u00a0\u00bb1_2&Prime; _builder_version=\u00a0\u00bb4.23.1&Prime; _module_preset=\u00a0\u00bbdefault\u00a0\u00bb global_colors_info=\u00a0\u00bb{}\u00a0\u00bb][et_pb_image src=\u00a0\u00bbhttps:\/\/www.aventure-chlorophylle.com\/wp-content\/uploads\/2023\/06\/Canyon-du-Soussoueou-en-vallee-dOssau-2-scaled.jpg\u00a0\u00bb alt=\u00a0\u00bbToboggan dans le canyon du Soussou\u00e9ou \u00e0 Artouste en vall\u00e9e d&rsquo;Ossau dans les Pyr\u00e9n\u00e9es Atlantiques\u00a0\u00bb title_text=\u00a0\u00bbCanyon du Soussou\u00e9ou en vall\u00e9e d&rsquo;Ossau (2)\u00a0\u00bb _builder_version=\u00a0\u00bb4.23.1&Prime; _module_preset=\u00a0\u00bbdefault\u00a0\u00bb global_colors_info=\u00a0\u00bb{}\u00a0\u00bb][\/et_pb_image][\/et_pb_column][\/et_pb_row][\/et_pb_section]<\/p>","protected":false},"excerpt":{"rendered":"<p>Descente en canyoning autour de moi A 45 minutes de PauA 30 minutes d&rsquo;Oloron Sainte MarieA 1h30 de DaxA 2h30 de BordeauxA 3h de Toulouse Rdv \u00e0 Laruns en vall\u00e9e d&rsquo;Ossau dans les Pyr\u00e9n\u00e9es atlantiques pour des parcours canyoning en formule d\u00e9couverte ou sensation !!\u00a0 D\u00e9couvrez l&rsquo;exp\u00e9rience unique du canyoning dans la vall\u00e9e d&rsquo;Ossau La [&hellip;]<\/p>","protected":false},"author":3,"featured_media":0,"parent":0,"menu_order":0,"comment_status":"closed","ping_status":"closed","template":"","meta":{"_acf_changed":false,"_et_pb_use_builder":"on","_et_pb_old_content":"","_et_gb_content_width":"","inline_featured_image":false,"footnotes":""},"class_list":["post-269337","page","type-page","status-publish","hentry"],"acf":[],"yoast_head":"<!-- This site is optimized with the Yoast SEO plugin v26.7 - https:\/\/yoast.com\/wordpress\/plugins\/seo\/ -->\n<title>canyoning autour de moi - Aventure Chlorophylle<\/title>\n<meta name=\"robots\" content=\"index, follow, max-snippet:-1, max-image-preview:large, max-video-preview:-1\" \/>\n<link rel=\"canonical\" href=\"https:\/\/www.aventure-chlorophylle.com\/de\/canyoning-autour-de-moi\/\" \/>\n<meta property=\"og:locale\" content=\"de_DE\" \/>\n<meta property=\"og:type\" content=\"article\" \/>\n<meta property=\"og:title\" content=\"canyoning autour de moi - Aventure Chlorophylle\" \/>\n<meta property=\"og:description\" content=\"Descente en canyoning autour de moi A 45 minutes de PauA 30 minutes d&#039;Oloron Sainte MarieA 1h30 de DaxA 2h30 de BordeauxA 3h de Toulouse Rdv \u00e0 Laruns en vall\u00e9e d&#039;Ossau dans les Pyr\u00e9n\u00e9es atlantiques pour des parcours canyoning en formule d\u00e9couverte ou sensation !!\u00a0 D\u00e9couvrez l&#039;exp\u00e9rience unique du canyoning dans la vall\u00e9e d&#039;Ossau La [&hellip;]\" \/>\n<meta property=\"og:url\" content=\"https:\/\/www.aventure-chlorophylle.com\/de\/canyoning-autour-de-moi\/\" \/>\n<meta property=\"og:site_name\" content=\"Aventure Chlorophylle\" \/>\n<meta property=\"article:publisher\" content=\"https:\/\/www.facebook.com\/aventurechlorophylle\" \/>\n<meta property=\"article:modified_time\" content=\"2025-05-23T08:33:58+00:00\" \/>\n<meta name=\"twitter:card\" content=\"summary_large_image\" \/>\n<meta name=\"twitter:label1\" content=\"Gesch\u00e4tzte Lesezeit\" \/>\n\t<meta name=\"twitter:data1\" content=\"5\u00a0Minuten\" \/>\n<script type=\"application\/ld+json\" class=\"yoast-schema-graph\">{\"@context\":\"https:\/\/schema.org\",\"@graph\":[{\"@type\":\"WebPage\",\"@id\":\"https:\/\/www.aventure-chlorophylle.com\/canyoning-autour-de-moi\/\",\"url\":\"https:\/\/www.aventure-chlorophylle.com\/canyoning-autour-de-moi\/\",\"name\":\"canyoning autour de moi - Aventure Chlorophylle\",\"isPartOf\":{\"@id\":\"https:\/\/www.aventure-chlorophylle.com\/#website\"},\"datePublished\":\"2025-05-12T15:27:04+00:00\",\"dateModified\":\"2025-05-23T08:33:58+00:00\",\"breadcrumb\":{\"@id\":\"https:\/\/www.aventure-chlorophylle.com\/canyoning-autour-de-moi\/#breadcrumb\"},\"inLanguage\":\"de\",\"potentialAction\":[{\"@type\":\"ReadAction\",\"target\":[\"https:\/\/www.aventure-chlorophylle.com\/canyoning-autour-de-moi\/\"]}]},{\"@type\":\"BreadcrumbList\",\"@id\":\"https:\/\/www.aventure-chlorophylle.com\/canyoning-autour-de-moi\/#breadcrumb\",\"itemListElement\":[{\"@type\":\"ListItem\",\"position\":1,\"name\":\"Accueil\",\"item\":\"https:\/\/www.aventure-chlorophylle.com\/\"},{\"@type\":\"ListItem\",\"position\":2,\"name\":\"canyoning autour de moi\"}]},{\"@type\":\"WebSite\",\"@id\":\"https:\/\/www.aventure-chlorophylle.com\/#website\",\"url\":\"https:\/\/www.aventure-chlorophylle.com\/\",\"name\":\"Aventure Chlorophylle\",\"description\":\"Activit\u00e9s de Canyoning, rafting et sp\u00e9l\u00e9ologie dans les Pyr\u00e9n\u00e9es\",\"publisher\":{\"@id\":\"https:\/\/www.aventure-chlorophylle.com\/#organization\"},\"potentialAction\":[{\"@type\":\"SearchAction\",\"target\":{\"@type\":\"EntryPoint\",\"urlTemplate\":\"https:\/\/www.aventure-chlorophylle.com\/?s={search_term_string}\"},\"query-input\":{\"@type\":\"PropertyValueSpecification\",\"valueRequired\":true,\"valueName\":\"search_term_string\"}}],\"inLanguage\":\"de\"},{\"@type\":\"Organization\",\"@id\":\"https:\/\/www.aventure-chlorophylle.com\/#organization\",\"name\":\"Aventure Chlorophylle\",\"url\":\"https:\/\/www.aventure-chlorophylle.com\/\",\"logo\":{\"@type\":\"ImageObject\",\"inLanguage\":\"de\",\"@id\":\"https:\/\/www.aventure-chlorophylle.com\/#\/schema\/logo\/image\/\",\"url\":\"https:\/\/www.aventure-chlorophylle.com\/wp-content\/uploads\/2021\/04\/logo_aventure_chlorophylle.png\",\"contentUrl\":\"https:\/\/www.aventure-chlorophylle.com\/wp-content\/uploads\/2021\/04\/logo_aventure_chlorophylle.png\",\"width\":356,\"height\":392,\"caption\":\"Aventure Chlorophylle\"},\"image\":{\"@id\":\"https:\/\/www.aventure-chlorophylle.com\/#\/schema\/logo\/image\/\"},\"sameAs\":[\"https:\/\/www.facebook.com\/aventurechlorophylle\",\"https:\/\/www.instagram.com\/aventure_chlorophylle\/\"]}]}<\/script>\n<!-- \/ Yoast SEO plugin. -->","yoast_head_json":{"title":"canyoning in meiner Umgebung - Aventure Chlorophylle","robots":{"index":"index","follow":"follow","max-snippet":"max-snippet:-1","max-image-preview":"max-image-preview:large","max-video-preview":"max-video-preview:-1"},"canonical":"https:\/\/www.aventure-chlorophylle.com\/de\/canyoning-autour-de-moi\/","og_locale":"de_DE","og_type":"article","og_title":"canyoning autour de moi - Aventure Chlorophylle","og_description":"Descente en canyoning autour de moi A 45 minutes de PauA 30 minutes d'Oloron Sainte MarieA 1h30 de DaxA 2h30 de BordeauxA 3h de Toulouse Rdv \u00e0 Laruns en vall\u00e9e d'Ossau dans les Pyr\u00e9n\u00e9es atlantiques pour des parcours canyoning en formule d\u00e9couverte ou sensation !!\u00a0 D\u00e9couvrez l'exp\u00e9rience unique du canyoning dans la vall\u00e9e d'Ossau La [&hellip;]","og_url":"https:\/\/www.aventure-chlorophylle.com\/de\/canyoning-autour-de-moi\/","og_site_name":"Aventure Chlorophylle","article_publisher":"https:\/\/www.facebook.com\/aventurechlorophylle","article_modified_time":"2025-05-23T08:33:58+00:00","twitter_card":"summary_large_image","twitter_misc":{"Gesch\u00e4tzte Lesezeit":"5\u00a0Minuten"},"schema":{"@context":"https:\/\/schema.org","@graph":[{"@type":"WebPage","@id":"https:\/\/www.aventure-chlorophylle.com\/canyoning-autour-de-moi\/","url":"https:\/\/www.aventure-chlorophylle.com\/canyoning-autour-de-moi\/","name":"canyoning in meiner Umgebung - Aventure Chlorophylle","isPartOf":{"@id":"https:\/\/www.aventure-chlorophylle.com\/#website"},"datePublished":"2025-05-12T15:27:04+00:00","dateModified":"2025-05-23T08:33:58+00:00","breadcrumb":{"@id":"https:\/\/www.aventure-chlorophylle.com\/canyoning-autour-de-moi\/#breadcrumb"},"inLanguage":"de","potentialAction":[{"@type":"ReadAction","target":["https:\/\/www.aventure-chlorophylle.com\/canyoning-autour-de-moi\/"]}]},{"@type":"BreadcrumbList","@id":"https:\/\/www.aventure-chlorophylle.com\/canyoning-autour-de-moi\/#breadcrumb","itemListElement":[{"@type":"ListItem","position":1,"name":"Accueil","item":"https:\/\/www.aventure-chlorophylle.com\/"},{"@type":"ListItem","position":2,"name":"canyoning autour de moi"}]},{"@type":"WebSite","@id":"https:\/\/www.aventure-chlorophylle.com\/#website","url":"https:\/\/www.aventure-chlorophylle.com\/","name":"Abenteuer Chlorophyll","description":"Canyoning-, Rafting- und H\u00f6hlenforschungsaktivit\u00e4ten in den Pyren\u00e4en","publisher":{"@id":"https:\/\/www.aventure-chlorophylle.com\/#organization"},"potentialAction":[{"@type":"SearchAction","target":{"@type":"EntryPoint","urlTemplate":"https:\/\/www.aventure-chlorophylle.com\/?s={search_term_string}"},"query-input":{"@type":"PropertyValueSpecification","valueRequired":true,"valueName":"search_term_string"}}],"inLanguage":"de"},{"@type":"Organization","@id":"https:\/\/www.aventure-chlorophylle.com\/#organization","name":"Abenteuer Chlorophyll","url":"https:\/\/www.aventure-chlorophylle.com\/","logo":{"@type":"ImageObject","inLanguage":"de","@id":"https:\/\/www.aventure-chlorophylle.com\/#\/schema\/logo\/image\/","url":"https:\/\/www.aventure-chlorophylle.com\/wp-content\/uploads\/2021\/04\/logo_aventure_chlorophylle.png","contentUrl":"https:\/\/www.aventure-chlorophylle.com\/wp-content\/uploads\/2021\/04\/logo_aventure_chlorophylle.png","width":356,"height":392,"caption":"Aventure Chlorophylle"},"image":{"@id":"https:\/\/www.aventure-chlorophylle.com\/#\/schema\/logo\/image\/"},"sameAs":["https:\/\/www.facebook.com\/aventurechlorophylle","https:\/\/www.instagram.com\/aventure_chlorophylle\/"]}]}},"_links":{"self":[{"href":"https:\/\/www.aventure-chlorophylle.com\/de\/wp-json\/wp\/v2\/pages\/269337","targetHints":{"allow":["GET"]}}],"collection":[{"href":"https:\/\/www.aventure-chlorophylle.com\/de\/wp-json\/wp\/v2\/pages"}],"about":[{"href":"https:\/\/www.aventure-chlorophylle.com\/de\/wp-json\/wp\/v2\/types\/page"}],"author":[{"embeddable":true,"href":"https:\/\/www.aventure-chlorophylle.com\/de\/wp-json\/wp\/v2\/users\/3"}],"replies":[{"embeddable":true,"href":"https:\/\/www.aventure-chlorophylle.com\/de\/wp-json\/wp\/v2\/comments?post=269337"}],"version-history":[{"count":11,"href":"https:\/\/www.aventure-chlorophylle.com\/de\/wp-json\/wp\/v2\/pages\/269337\/revisions"}],"predecessor-version":[{"id":269376,"href":"https:\/\/www.aventure-chlorophylle.com\/de\/wp-json\/wp\/v2\/pages\/269337\/revisions\/269376"}],"wp:attachment":[{"href":"https:\/\/www.aventure-chlorophylle.com\/de\/wp-json\/wp\/v2\/media?parent=269337"}],"curies":[{"name":"wp","href":"https:\/\/api.w.org\/{rel}","templated":true}]}}