{"id":3,"date":"2020-12-07T10:37:16","date_gmt":"2020-12-07T09:37:16","guid":{"rendered":"https:\/\/www.aventure-chlorophylle.com\/?page_id=3"},"modified":"2022-03-07T12:14:18","modified_gmt":"2022-03-07T11:14:18","slug":"datenschutzrichtlinie","status":"publish","type":"page","link":"https:\/\/www.aventure-chlorophylle.com\/de\/datenschutzrichtlinie\/","title":{"rendered":"Datenschutzrichtlinie"},"content":{"rendered":"<div id=\"post-content\">\n<h2>Umgang mit pers\u00f6nlichen Daten<\/h2>\n<p>&nbsp;<\/p>\n<p>In Frankreich sind personenbezogene Daten insbesondere durch das Gesetz Nr. 78-87 vom 6. Januar 1978, das Gesetz Nr. 2004-801 vom 6. August 2004, Artikel L. 226-13 des Strafgesetzbuches und die Europ\u00e4ische Richtlinie vom 24. Oktober 1995 gesch\u00fctzt.<\/p>\n<p>Bei der Nutzung der Website www.aventure-chlorophylle.com k\u00f6nnen folgende Daten erfasst werden: die URL der Links, \u00fcber die der Nutzer auf die Website www.aventure-chlorophylle.com gelangt ist, der Zugangsanbieter des Nutzers, die Internetprotokoll-Adresse (IP-Adresse) des Nutzers.<\/p>\n<p>In jedem Fall sammelt Aventure Chlorophylle pers\u00f6nliche Informationen \u00fcber den Benutzer nur f\u00fcr die Zwecke bestimmter Dienstleistungen, die auf der Website www.aventure-chlorophylle.com angeboten werden. Der Nutzer stellt diese Informationen in voller Kenntnis der Sachlage zur Verf\u00fcgung, insbesondere wenn er sie selbst eingibt. Dem Nutzer der Website www.aventure-chlorophylle.com wird dann mitgeteilt, ob er zur Bereitstellung dieser Informationen verpflichtet ist oder nicht.<\/p>\n<p>Gem\u00e4\u00df den Bestimmungen der Artikel 38 ff. des Gesetzes 78-17 vom 6. Januar 1978 \u00fcber Informatik, Dateien und Freiheiten hat jeder Nutzer ein Recht auf Zugang, Berichtigung und Widerspruch zu den ihn betreffenden pers\u00f6nlichen Daten. Dazu muss er einen schriftlichen und unterschriebenen Antrag stellen, dem eine Kopie des Personalausweises mit Unterschrift des Inhabers des Dokuments beiliegt, und die Adresse angeben, an die die Antwort gesendet werden soll.<\/p>\n<p>Keine pers\u00f6nlichen Informationen des Nutzers der Website www.aventure-chlorophylle.com werden ohne Wissen des Nutzers ver\u00f6ffentlicht, ausgetauscht, \u00fcbertragen, abgetreten oder auf irgendeinem Datentr\u00e4ger an Dritte verkauft.<\/p>\n<p>Die Datenbanken sind durch die Bestimmungen des Gesetzes vom 1. Juli 1998 zur Umsetzung der Richtlinie 96\/9 vom 11. M\u00e4rz 1996 \u00fcber den rechtlichen Schutz von Datenbanken gesch\u00fctzt.<\/p>\n<p>&nbsp;<\/p>\n<h2>Hyperlinks<\/h2>\n<p>&nbsp;<\/p>\n<p>Die Website www.aventure-chlorophylle.com enth\u00e4lt eine Reihe von Hypertext-Links zu anderen Websites, die mit der Genehmigung von Aventure Chlorophylle eingerichtet wurden. Aventure Chlorophylle hat jedoch nicht die M\u00f6glichkeit, den Inhalt der so besuchten Seiten zu \u00fcberpr\u00fcfen und \u00fcbernimmt dementsprechend keine Verantwortung daf\u00fcr.<\/p>\n<p>&nbsp;<\/p>\n<h2>Verwendung von Cookies<\/h2>\n<p>&nbsp;<\/p>\n<p>Das Surfen auf der Website www.aventure-chlorophylle.com kann dazu f\u00fchren, dass auf dem Computer des Nutzers ein Cookie(s) installiert wird. Ein Cookie ist eine kleine Datei, die keine Identifizierung des Nutzers erm\u00f6glicht, aber Informationen \u00fcber die Navigation beim Besuch einer Website in einem daf\u00fcr vorgesehenen Bereich auf Ihrem Computer, Smartphone oder einem anderen Datentr\u00e4ger speichert.<br \/>\nVorbehaltlich Ihrer Wahl werden Cookies von der besuchten Website verwendet, um Informationen an Ihren Browser zu senden und es dem Browser zu erm\u00f6glichen, Informationen an die besuchte Website zur\u00fcckzusenden. Cookies erm\u00f6glichen es dem Sender, Informationen \u00fcber Ihre Browsereinstellungen zu speichern, solange das Cookie g\u00fcltig ist oder gespeichert wird.<\/p>\n<p>Die Verweigerung der Installation eines Cookies kann dazu f\u00fchren, dass der Zugang zu bestimmten Diensten nicht m\u00f6glich ist. Der Nutzer kann seinen Computer jedoch so konfigurieren, dass er die Installation von Cookies ablehnt.<\/p>\n<p>Aventure Chlorophylle verwendet mehrere Kategorien von Cookies, die jeweils unterschiedliche Funktionen erf\u00fcllen:<\/p>\n<ul>\n<li>Cookies, die f\u00fcr technische Zwecke erforderlich sind<\/li>\n<li>Cookies zur Messung der Besucherzahlen<\/li>\n<\/ul>\n<p>Die verschiedenen Kategorien von Cookies, die auf der Website von Aventure Chlorophylle verwendet werden k\u00f6nnen, werden im Folgenden beschrieben.<\/p>\n<p><strong>1. Cookies, die f\u00fcr technische Zwecke ben\u00f6tigt werden<br \/>\n<\/strong>Diese Cookies sind notwendig, damit unsere Website ordnungsgem\u00e4\u00df funktioniert.<\/p>\n<p><strong>2. Cookies zur Messung der Besucherzahlen<br \/>\n<\/strong>Diese Cookies dienen dazu, das Volumen zu ermitteln und Statistiken \u00fcber den Besuch unserer Website, die verschiedenen Rubriken sowie die Nutzung der auf jeder dieser Rubriken angebotenen Dienste zu erstellen.<\/p>\n<p>&nbsp;<\/p>\n<h2>Recht auf Abmeldung<\/h2>\n<p>&nbsp;<\/p>\n<p>Wenn Sie keine weiteren elektronischen Mitteilungen \u00fcber die Aktivit\u00e4ten von Aventure Chlorophylle erhalten m\u00f6chten, k\u00f6nnen Sie sich jederzeit abmelden, indem Sie das daf\u00fcr vorgesehene Symbol am Ende jedes Newsletters verwenden oder uns eine E-Mail schicken (contact@aventure-chlorophylle.com).<\/p>\n<p>&nbsp;<\/p>\n<h2>Information und Aus\u00fcbung Ihrer Rechte in Bezug auf Ihre pers\u00f6nlichen Daten<\/h2>\n<p>&nbsp;<\/p>\n<p>F\u00fcr Informationen oder die Aus\u00fcbung Ihrer Informatik- und Freiheitsrechte \u00fcber die von Aventure Chlorophylle verwalteten personenbezogenen Datenverarbeitungen, <strong>k\u00f6nnen Sie uns kontaktieren, indem Sie Ihren Namen, Vornamen, Telefon-, E-Mail- und Postanschrift angeben und Ihren Ausweis beilegen.<\/strong> :<\/p>\n<ul>\n<li><strong>per E-Mail<\/strong>Bitte senden Sie eine E-Mail mit dem Betreff \"An den DSGVO-Referenten\": <a href=\"mailto:contact@aventure-chlorophylle.com\" target=\"_blank\" rel=\"noopener\">contact@aventure-chlorophylle.com<\/a><\/li>\n<li><strong>und\/oder per Post<\/strong> an die folgende Adresse:<\/li>\n<\/ul>\n<h4>Abenteuer Chlorophyll<\/h4>\n<p>Johan Fontvileille<br \/>\n2 rue du Parc National<br \/>\n6420 ARUDY<br \/>\nFrankreich<\/p>\n<p>&nbsp;<\/p>\n<p><strong>Sie haben auch das Recht, eine Beschwerde einzureichen.<\/strong> <strong>Beschwerde bei der <a href=\"https:\/\/www.cnil.fr\/\" target=\"_blank\" rel=\"noopener noreferrer\">CNIL <\/a><\/strong>(Commission Nationale de l'Informatique et des Libert\u00e9s, 3 Place de Fontenoy, TSA 80715, 75334 PARIS CEDEX 07).<\/p>\n<\/div>","protected":false},"excerpt":{"rendered":"<p>Verwaltung pers\u00f6nlicher Daten In Frankreich sind pers\u00f6nliche Daten insbesondere durch das Gesetz Nr. 78-87 vom 6. Januar 1978, das Gesetz Nr. 2004-801 vom 6. August 2004, Artikel L. 226-13 des Strafgesetzbuches und die Europ\u00e4ische Richtlinie vom 24. Oktober 1995 gesch\u00fctzt. Bei der Nutzung der Website www.aventure-chlorophylle.com k\u00f6nnen folgende Daten erfasst werden: [...].<\/p>","protected":false},"author":3,"featured_media":0,"parent":0,"menu_order":0,"comment_status":"closed","ping_status":"closed","template":"","meta":{"_acf_changed":false,"_et_pb_use_builder":"off","_et_pb_old_content":"","_et_gb_content_width":"","inline_featured_image":false,"footnotes":""},"class_list":["post-3","page","type-page","status-publish","hentry"],"acf":[],"yoast_head":"<!-- This site is optimized with the Yoast SEO plugin v26.7 - https:\/\/yoast.com\/wordpress\/plugins\/seo\/ -->\n<title>Politique de confidentialit\u00e9 - Aventure Chlorophylle<\/title>\n<meta name=\"robots\" content=\"index, follow, max-snippet:-1, max-image-preview:large, max-video-preview:-1\" \/>\n<link rel=\"canonical\" href=\"https:\/\/www.aventure-chlorophylle.com\/de\/datenschutzrichtlinie\/\" \/>\n<meta property=\"og:locale\" content=\"de_DE\" \/>\n<meta property=\"og:type\" content=\"article\" \/>\n<meta property=\"og:title\" content=\"Politique de confidentialit\u00e9 - Aventure Chlorophylle\" \/>\n<meta property=\"og:description\" content=\"Gestion des donn\u00e9es personnelles &nbsp; En France, les donn\u00e9es personnelles sont notamment prot\u00e9g\u00e9es par la loi n\u00b0 78-87 du 6 janvier 1978, la loi n\u00b0 2004-801 du 6 ao\u00fbt 2004, l\u2019article L. 226-13 du Code p\u00e9nal et la Directive Europ\u00e9enne du 24 octobre 1995. A l\u2019occasion de l\u2019utilisation du site www.aventure-chlorophylle.com, peuvent \u00eatres recueillies : [&hellip;]\" \/>\n<meta property=\"og:url\" content=\"https:\/\/www.aventure-chlorophylle.com\/de\/datenschutzrichtlinie\/\" \/>\n<meta property=\"og:site_name\" content=\"Aventure Chlorophylle\" \/>\n<meta property=\"article:publisher\" content=\"https:\/\/www.facebook.com\/aventurechlorophylle\" \/>\n<meta property=\"article:modified_time\" content=\"2022-03-07T11:14:18+00:00\" \/>\n<meta name=\"twitter:card\" content=\"summary_large_image\" \/>\n<meta name=\"twitter:label1\" content=\"Gesch\u00e4tzte Lesezeit\" \/>\n\t<meta name=\"twitter:data1\" content=\"4\u00a0Minuten\" \/>\n<script type=\"application\/ld+json\" class=\"yoast-schema-graph\">{\"@context\":\"https:\/\/schema.org\",\"@graph\":[{\"@type\":\"WebPage\",\"@id\":\"https:\/\/www.aventure-chlorophylle.com\/politique-de-confidentialite\/\",\"url\":\"https:\/\/www.aventure-chlorophylle.com\/politique-de-confidentialite\/\",\"name\":\"Politique de confidentialit\u00e9 - Aventure Chlorophylle\",\"isPartOf\":{\"@id\":\"https:\/\/www.aventure-chlorophylle.com\/#website\"},\"datePublished\":\"2020-12-07T09:37:16+00:00\",\"dateModified\":\"2022-03-07T11:14:18+00:00\",\"breadcrumb\":{\"@id\":\"https:\/\/www.aventure-chlorophylle.com\/politique-de-confidentialite\/#breadcrumb\"},\"inLanguage\":\"de\",\"potentialAction\":[{\"@type\":\"ReadAction\",\"target\":[\"https:\/\/www.aventure-chlorophylle.com\/politique-de-confidentialite\/\"]}]},{\"@type\":\"BreadcrumbList\",\"@id\":\"https:\/\/www.aventure-chlorophylle.com\/politique-de-confidentialite\/#breadcrumb\",\"itemListElement\":[{\"@type\":\"ListItem\",\"position\":1,\"name\":\"Accueil\",\"item\":\"https:\/\/www.aventure-chlorophylle.com\/\"},{\"@type\":\"ListItem\",\"position\":2,\"name\":\"Politique de confidentialit\u00e9\"}]},{\"@type\":\"WebSite\",\"@id\":\"https:\/\/www.aventure-chlorophylle.com\/#website\",\"url\":\"https:\/\/www.aventure-chlorophylle.com\/\",\"name\":\"Aventure Chlorophylle\",\"description\":\"Activit\u00e9s de Canyoning, rafting et sp\u00e9l\u00e9ologie dans les Pyr\u00e9n\u00e9es\",\"publisher\":{\"@id\":\"https:\/\/www.aventure-chlorophylle.com\/#organization\"},\"potentialAction\":[{\"@type\":\"SearchAction\",\"target\":{\"@type\":\"EntryPoint\",\"urlTemplate\":\"https:\/\/www.aventure-chlorophylle.com\/?s={search_term_string}\"},\"query-input\":{\"@type\":\"PropertyValueSpecification\",\"valueRequired\":true,\"valueName\":\"search_term_string\"}}],\"inLanguage\":\"de\"},{\"@type\":\"Organization\",\"@id\":\"https:\/\/www.aventure-chlorophylle.com\/#organization\",\"name\":\"Aventure Chlorophylle\",\"url\":\"https:\/\/www.aventure-chlorophylle.com\/\",\"logo\":{\"@type\":\"ImageObject\",\"inLanguage\":\"de\",\"@id\":\"https:\/\/www.aventure-chlorophylle.com\/#\/schema\/logo\/image\/\",\"url\":\"https:\/\/www.aventure-chlorophylle.com\/wp-content\/uploads\/2021\/04\/logo_aventure_chlorophylle.png\",\"contentUrl\":\"https:\/\/www.aventure-chlorophylle.com\/wp-content\/uploads\/2021\/04\/logo_aventure_chlorophylle.png\",\"width\":356,\"height\":392,\"caption\":\"Aventure Chlorophylle\"},\"image\":{\"@id\":\"https:\/\/www.aventure-chlorophylle.com\/#\/schema\/logo\/image\/\"},\"sameAs\":[\"https:\/\/www.facebook.com\/aventurechlorophylle\",\"https:\/\/www.instagram.com\/aventure_chlorophylle\/\"]}]}<\/script>\n<!-- \/ Yoast SEO plugin. -->","yoast_head_json":{"title":"Datenschutzrichtlinie - Aventure Chlorophylle","robots":{"index":"index","follow":"follow","max-snippet":"max-snippet:-1","max-image-preview":"max-image-preview:large","max-video-preview":"max-video-preview:-1"},"canonical":"https:\/\/www.aventure-chlorophylle.com\/de\/datenschutzrichtlinie\/","og_locale":"de_DE","og_type":"article","og_title":"Politique de confidentialit\u00e9 - Aventure Chlorophylle","og_description":"Gestion des donn\u00e9es personnelles &nbsp; En France, les donn\u00e9es personnelles sont notamment prot\u00e9g\u00e9es par la loi n\u00b0 78-87 du 6 janvier 1978, la loi n\u00b0 2004-801 du 6 ao\u00fbt 2004, l\u2019article L. 226-13 du Code p\u00e9nal et la Directive Europ\u00e9enne du 24 octobre 1995. A l\u2019occasion de l\u2019utilisation du site www.aventure-chlorophylle.com, peuvent \u00eatres recueillies : [&hellip;]","og_url":"https:\/\/www.aventure-chlorophylle.com\/de\/datenschutzrichtlinie\/","og_site_name":"Aventure Chlorophylle","article_publisher":"https:\/\/www.facebook.com\/aventurechlorophylle","article_modified_time":"2022-03-07T11:14:18+00:00","twitter_card":"summary_large_image","twitter_misc":{"Gesch\u00e4tzte Lesezeit":"4\u00a0Minuten"},"schema":{"@context":"https:\/\/schema.org","@graph":[{"@type":"WebPage","@id":"https:\/\/www.aventure-chlorophylle.com\/politique-de-confidentialite\/","url":"https:\/\/www.aventure-chlorophylle.com\/politique-de-confidentialite\/","name":"Datenschutzrichtlinie - Aventure Chlorophylle","isPartOf":{"@id":"https:\/\/www.aventure-chlorophylle.com\/#website"},"datePublished":"2020-12-07T09:37:16+00:00","dateModified":"2022-03-07T11:14:18+00:00","breadcrumb":{"@id":"https:\/\/www.aventure-chlorophylle.com\/politique-de-confidentialite\/#breadcrumb"},"inLanguage":"de","potentialAction":[{"@type":"ReadAction","target":["https:\/\/www.aventure-chlorophylle.com\/politique-de-confidentialite\/"]}]},{"@type":"BreadcrumbList","@id":"https:\/\/www.aventure-chlorophylle.com\/politique-de-confidentialite\/#breadcrumb","itemListElement":[{"@type":"ListItem","position":1,"name":"Accueil","item":"https:\/\/www.aventure-chlorophylle.com\/"},{"@type":"ListItem","position":2,"name":"Politique de confidentialit\u00e9"}]},{"@type":"WebSite","@id":"https:\/\/www.aventure-chlorophylle.com\/#website","url":"https:\/\/www.aventure-chlorophylle.com\/","name":"Abenteuer Chlorophyll","description":"Canyoning-, Rafting- und H\u00f6hlenforschungsaktivit\u00e4ten in den Pyren\u00e4en","publisher":{"@id":"https:\/\/www.aventure-chlorophylle.com\/#organization"},"potentialAction":[{"@type":"SearchAction","target":{"@type":"EntryPoint","urlTemplate":"https:\/\/www.aventure-chlorophylle.com\/?s={search_term_string}"},"query-input":{"@type":"PropertyValueSpecification","valueRequired":true,"valueName":"search_term_string"}}],"inLanguage":"de"},{"@type":"Organization","@id":"https:\/\/www.aventure-chlorophylle.com\/#organization","name":"Abenteuer Chlorophyll","url":"https:\/\/www.aventure-chlorophylle.com\/","logo":{"@type":"ImageObject","inLanguage":"de","@id":"https:\/\/www.aventure-chlorophylle.com\/#\/schema\/logo\/image\/","url":"https:\/\/www.aventure-chlorophylle.com\/wp-content\/uploads\/2021\/04\/logo_aventure_chlorophylle.png","contentUrl":"https:\/\/www.aventure-chlorophylle.com\/wp-content\/uploads\/2021\/04\/logo_aventure_chlorophylle.png","width":356,"height":392,"caption":"Aventure Chlorophylle"},"image":{"@id":"https:\/\/www.aventure-chlorophylle.com\/#\/schema\/logo\/image\/"},"sameAs":["https:\/\/www.facebook.com\/aventurechlorophylle","https:\/\/www.instagram.com\/aventure_chlorophylle\/"]}]}},"_links":{"self":[{"href":"https:\/\/www.aventure-chlorophylle.com\/de\/wp-json\/wp\/v2\/pages\/3","targetHints":{"allow":["GET"]}}],"collection":[{"href":"https:\/\/www.aventure-chlorophylle.com\/de\/wp-json\/wp\/v2\/pages"}],"about":[{"href":"https:\/\/www.aventure-chlorophylle.com\/de\/wp-json\/wp\/v2\/types\/page"}],"author":[{"embeddable":true,"href":"https:\/\/www.aventure-chlorophylle.com\/de\/wp-json\/wp\/v2\/users\/3"}],"replies":[{"embeddable":true,"href":"https:\/\/www.aventure-chlorophylle.com\/de\/wp-json\/wp\/v2\/comments?post=3"}],"version-history":[{"count":3,"href":"https:\/\/www.aventure-chlorophylle.com\/de\/wp-json\/wp\/v2\/pages\/3\/revisions"}],"predecessor-version":[{"id":265789,"href":"https:\/\/www.aventure-chlorophylle.com\/de\/wp-json\/wp\/v2\/pages\/3\/revisions\/265789"}],"wp:attachment":[{"href":"https:\/\/www.aventure-chlorophylle.com\/de\/wp-json\/wp\/v2\/media?parent=3"}],"curies":[{"name":"wp","href":"https:\/\/api.w.org\/{rel}","templated":true}]}}