{"id":262090,"date":"2021-04-26T17:05:06","date_gmt":"2021-04-26T15:05:06","guid":{"rendered":"https:\/\/www.aventure-chlorophylle.com\/?page_id=262090"},"modified":"2022-03-03T15:49:32","modified_gmt":"2022-03-03T14:49:32","slug":"terms-and-conditions-of-sale","status":"publish","type":"page","link":"https:\/\/www.aventure-chlorophylle.com\/en\/terms-and-conditions-of-sale\/","title":{"rendered":"General terms and conditions of sale"},"content":{"rendered":"<p>[et_pb_section fb_built=\"1\u2033 fullwidth=\"on \" admin_label=\"Slider product \" _builder_version=\"4.9.4\u2033 _module_preset=\"default \" custom_margin=\"||-140px||false|false \" custom_margin_tablet=\"||-88px||false|false \" custom_margin_phone=\"||-44px||false|false \" custom_margin_last_edited=\"on|desktop \" locked=\"off \" collapsed=\"off \" global_colors_info=\"{} \"][et_pb_fullwidth_slider show_pagination=\"off \" use_bg_overlay=\"on \" bg_overlay_color=\"rgba(73,59,34,0.1) \" use_text_overlay=\"off \" arrows_custom_color=\"#5CAA80\u2033 _builder_version=\"4.9.2\u2033 _module_preset=\"default \" background_color=\"#F6F2EC \" use_background_color_gradient=\"on \" background_color_gradient_start=\"rgba(34,34,34,0) \" background_color_gradient_end=\"rgba(34,34,34,0.05) \" background_color_gradient_start_position=\"40% \" background_color_gradient_overlays_image=\"on \" min_height_tablet= \" \" min_height_phone= \" \" min_height_last_edited=\"on|desktop \" height=\"400px \" height_tablet=\"220px \" height_phone=\"140px \" height_last_edited=\"on|desktop \" global_colors_info=\"{}\"][et_pb_slide use_bg_overlay=\"off \" _builder_version=\"4.9.2\u2033 _module_preset=\"default \" body_text_align=\"center \" body_text_color=\"#FFFFFF \" background_color=\"#F6F2EC \" background_enable_color=\"on \" background_image=\"https:\/\/www.aventure-chlorophylle.com\/wp-content\/uploads\/2021\/06\/nous_situer.jpg \" background_enable_image=\"on \" global_colors_info=\"{} \" sticky_transition=\"on \"][\/et_pb_slide][\/et_pb_fullwidth_slider][\/et_pb_section][et_pb_section fb_built=\"1\u2033 admin_label=\"mountain in the background\" _builder_version=\"4.11.2\u2033 _module_preset=\"default \" background_color=\"RGBA(0,0,0,0) \" background_image=\"https:\/\/www.aventure-chlorophylle.com\/wp-content\/uploads\/2021\/04\/msk-mountain.svg \" z_index=\"10\u2033 height=\"144px \" height_tablet=\"88px \" height_phone=\"44px \" height_last_edited=\"on|phone \" custom_padding=\"0px||0px||true|false \" global_module=\"261939\u2033 collapsed=\"on \" global_colors_info=\"{}\"][\/et_pb_section][et_pb_section fb_built=\"1\u2033 _builder_version=\"4.9.4\u2033 _module_preset=\"default \" background_color=\"#FFFFFF \" custom_padding=\"0px||0px||| \" collapsed=\"on \" global_colors_info=\"{} \"][et_pb_row admin_label=\"Fil d'arianne\" _builder_version=\"4.9.4\u2033 _module_preset=\"default \" custom_padding=\"0px||0px||true|false \" global_module=\"261844\u2033 saved_tabs=\"all \" collapsed=\"on \" global_colors_info=\"{}\"][et_pb_column type=\"4_4\u2033 _builder_version=\"4.9.4\u2033 _module_preset=\"default \" global_colors_info=\"{} \"][et_pb_code _builder_version=\"4.9.2\u2033 _module_preset=\"default \" global_colors_info=\"{} \"]<span><span><a href=\"https:\/\/www.aventure-chlorophylle.com\/en\/\">Home<\/a><\/span><\/span>[et_pb_code][\/et_pb_column][\/et_pb_row][et_pb_row _builder_version=\"4.9.4\u2033 _module_preset=\"default \" global_colors_info=\"{} \"][et_pb_column type=\"4_4\u2033 _builder_version=\"4.9.4\u2033 _module_preset=\"default \" global_colors_info=\"{} \"][et_pb_text _builder_version=\"4.9.4\u2033 _module_preset=\"default \" global_colors_info=\"{} \"]<\/p>\n<h1>General Terms and Conditions of Sale (GTCS)<\/h1>\n<p>[\/et_pb_text][\/et_pb_column][\/et_pb_row][\/et_pb_section][et_pb_section fb_built=\"1\u2033 admin_label=\"Low Tear \" _builder_version=\"4.9.4\u2033 _module_preset=\"default \" background_color=\"RGBA(0,0,0,0) \" background_image=\"https:\/\/www.aventure-chlorophylle.com\/wp-content\/uploads\/2021\/04\/msk-horizontal-top.svg \" background_repeat=\"repeat-x \" height=\"30px \" height_tablet=\"30px \" height_phone=\"30px \" height_last_edited=\"on|tablet \" custom_padding=\"0px||0px||true|false \" custom_css_main_element=\"background-size:auto 100%!important; \" saved_tabs=\"all \" collapsed=\"on \" global_colors_info=\"{} \"][\/et_pb_section][et_pb_section fb_built=\"1\u2033 _builder_version=\"4.9.4\u2033 _module_preset=\"default \" background_color=\"RGBA(0,0,0,0) \" global_colors_info=\"{} \"][et_pb_row _builder_version=\"4.9.4\u2033 _module_preset=\"default \" global_colors_info=\"{} \"][et_pb_column type=\"4_4\u2033 _builder_version=\"4.9.4\u2033 _module_preset=\"default \" global_colors_info=\"{} \"][et_pb_text admin_label=\"Intro \" _builder_version=\"4.10.5\u2033 _module_preset=\"default \" global_colors_info=\"{} \"]<\/p>\n<p>Ossau Valley Ski Instructors' Office<br \/>Espace Pachou - 2, Rue du Parc National<br \/>64260 ARUDY.<\/p>\n<p>T. 05.59.71.11.07 \/ 06.28.07.90.22<br \/><a href=\"mailto:contact@aventure-chlorophylle.com\">contact@aventure-chlorophylle.com<\/a><\/p>\n<p>Siret 800.812.497.00025<\/p>\n<p>The general terms and conditions of sale apply between Aventure Chlorophylle and the persons booking an activity.<br \/>The general terms and conditions of sale may be modified by Aventure Chlorophylle.<\/p>\n<p>Registration for an activity implies that all adult participants (or their legal representative for minors) have read these general conditions and agree to them.<\/p>\n<p>[\/et_pb_text][et_pb_text _builder_version=\"4.14.8\u2033 _module_preset=\"default \" hover_enabled=\"0\u2033 global_colors_info=\"{} \" sticky_enabled=\"0\u2033]<\/p>\n<h3>Art 1: The benefits<\/h3>\n<p>&nbsp;<\/p>\n<p>The sports activities offered by Aventure Chlorophylle, the local union of instructors in the Ossau Valley, are supervised by independent instructors and guides who are members of the local union.<br \/>These professionals give a mandate to Aventure Chlorophylle to make reservations on their behalf.<br \/>The instructors\/guides are state-qualified in their respective disciplines and meet their legislative obligations (U.R.S.S.A.F, D.D.C.S.P.P declaration, professional cards).<\/p>\n<p>&nbsp;<\/p>\n<h3>Art 2 : Tariffs<\/h3>\n<p>&nbsp;<\/p>\n<p>The rates are available on the website www.aventure-chlorophylle.com.<br \/>The rates are expressed in euros and are not subject to VAT, art 293B and\/or 261,4,4 b of the CGI.<br \/>Prices include supervision, the loan of equipment and the instructor's professional liability insurance.<br \/>Prices do not include transport to the meeting point and to the activity site, the possible rental of equipment (e.g. canyoning shoes), personal expenses, and for all day or multi-day activities: picnics, meals, accommodation, etc.<br \/>Community rates apply to groups of minors supervised in a community: leisure centres, schools, homes, etc.<br \/>Credit cards are not accepted for payments on site: cheques, holiday vouchers, cash.<\/p>\n<p>&nbsp;<\/p>\n<h3>Art 3 : Reservation<\/h3>\n<p>&nbsp;<\/p>\n<p>The reservation must be made by a person of full age and emancipated.<br \/>Reservations can be made by telephone, email, post or in person.<br \/>The reservation is effective upon receipt of a deposit, the amount of the deposit depends on the distance of the activity date. It can be from 30 to 100 %.<\/p>\n<p>&nbsp;<\/p>\n<h3>Art 4 : Modification \/ cancellation<\/h3>\n<p>&nbsp;<\/p>\n<p><strong>Due to the client :<\/strong><\/p>\n<p>Cancellation more than 15 days before departure: nothing is due, the deposit is returned.<br \/>Cancellation from 14 to 3 days before departure: 30 % of the total amount of the service is due.<br \/>Cancellation less than 72 hours before departure: the full amount of the service is due.<\/p>\n<p><strong><span style=\"text-decoration: underline;\">A defection of one or more participants<\/span><\/strong> is subject to the same conditions as a cancellation.<\/p>\n<p><span style=\"text-decoration: underline;\">In the event of an interruption in the service<\/span> The client or participant will not be entitled to any reimbursement (= withdrawal during the outing, due to fatigue, lack of aptitude, failure to follow instructions, endangering the client or other participants, etc., non-exhaustive list).<\/p>\n<p><span style=\"text-decoration: underline;\">An outing can only be cancelled due to weather conditions if these pose a risk to the activity<\/span>.<br \/>The decision to cancel or postpone the activity is taken by the instructor(s) or guide(s); this decision is sovereign.<\/p>\n<p><strong>Because of \"Chlorophyll Adventure\":<\/strong><\/p>\n<p>In the event of severe weather conditions or for any other reason affecting the safety of the activity, Alexandre Gumy, Director of the Aventure Chlorophylle Instructors' Office, or the instructor involved in the activity, reserves the right to modify the activity programme in consultation with the participants.<br \/>In the event that it is impossible to carry out the activity, it will be possible to postpone it to a later date or to obtain a refund, without being able to claim any compensation.<br \/>Aventure Chlorophylle's instructors reserve the right to exclude any participant who is intoxicated or whose behaviour is likely to disrupt the activity or compromise the safety of the group. In this case, the client or participant will not be entitled to any refund or compensation.<\/p>\n<p><strong>Cancellation due to insufficient number of participants :<\/strong><\/p>\n<p>The departure of our outings is guaranteed with a minimum number of participants (except for private outings).<\/p>\n<p>- For white water activities (rafting), this minimum number is<br \/>- For mountain activities, the minimum number is :<\/p>\n<ul>\n<li>from 16 Sept to 14 June, excluding Ascension and Whitsun weekends (4 for these weekends)<\/li>\n<li>4 from 15 June to 15 September.<\/li>\n<li>5 for WE canyon in Sierra de Guara.<\/li>\n<\/ul>\n<p>If this minimum number is not reached, Aventure Chlorophylle reserves the right to cancel the service. However, the client may pay a supplement corresponding to the minimum number required in order to be able to carry out the outing despite an insufficient number of participants.<br \/>In the event of cancellation by Aventure Chlorophylle, any sums previously paid will be refunded in full to the client, without any right to claim compensation.<\/p>\n<p>&nbsp;<\/p>\n<h3>Art 5: Insurance<\/h3>\n<p>&nbsp;<\/p>\n<p>As an organiser, Aventure Chlorophylle is covered by professional liability insurance.<br \/>The instructors or guides involved are insured for professional liability for the teaching of their activities.<br \/>Each participant must ensure that he\/she is covered by a civil liability and personal accident insurance policy for the practice of the planned sport.<\/p>\n<p>&nbsp;<\/p>\n<h3>Art 6: Recommendations<\/h3>\n<p>&nbsp;<\/p>\n<p>The activities proposed by Aventure Chlorophylle are sports, leisure and recreational activities in the open air, known as \"risky\".<br \/>When you register, it is your responsibility to check the prerequisites and the level of skill required. Although the difficulty of the itineraries and routes is adapted and personalised, it is advisable to ensure that you are in sufficient physical condition before committing yourself. In any case, do not overestimate yourself. Make sure you get the right information before booking.<\/p>\n<p>For all whitewater activities and canyoning, it is essential to be able to swim and not to be afraid of water.<\/p>\n<p><span style=\"text-decoration: underline;\">Medical contraindications:<\/span><\/p>\n<p>Despite all the optimal safety measures implemented during our activities, in strict compliance with the rules, procedures and practices in force in the trade concerned, we apply the precautionary principle in order to avoid endangering others.<\/p>\n<p>In this perspective and taking into account the random nature of the activities, the degree of danger evaluated a priori and subjectively, without a strict scale of value and based on empirical experience in the field and knowledge of the specific environment, also taking into account the difficulty of evaluating the sporting level and ease of a practitioner before the activity,<strong> it is compulsory to report certain pathologies or traumas that occurred prior to the activity<\/strong>. For example, a sprained ankle or a surgically operated knee joint can be weakened or even aggravated by an inadvertent injury.<\/p>\n<p>In order to make it easier for you to take care of yourself, and to guide your choice towards the most suitable activity,<strong> it is your responsibility to inform the instructor and the organiser in particular of any problems<\/strong> asthma, diabetes, ankle, shoulder and knee injuries, weight problems, chronic ear infections and tendonitis.<\/p>\n<p>Furthermore, as a general rule, the activities offered by Aventure Chlorophylle are not recommended for people with respiratory or cardiovascular problems, tetany attacks, epileptics and pregnant women.<\/p>\n<p>&nbsp;<\/p>\n<h3>Art 7 : Loss, damage, theft<\/h3>\n<p>&nbsp;<\/p>\n<p>Aventure Chlorophylle or the instructor supervising the activity cannot be held responsible for the loss or damage of personal belongings during the activity.<br \/>The same applies to thefts from vehicles parked in the car parks of activity and meeting places.<\/p>\n<p>[\/et_pb_text][\/et_pb_column][\/et_pb_row][\/et_pb_section]<\/p>","protected":false},"excerpt":{"rendered":"<p><span><span><a href=\"https:\/\/www.aventure-chlorophylle.com\/en\/\">Home<\/a><\/span><\/span>General Terms and Conditions of Sale (GTCS)Bureau des Moniteurs de Vall\u00e9e d'OssauEspace Pachou - 2, Rue du Parc National64260 ARUDY. T. 05.59.71.11.07 \/ 06.28.07.90.22contact@aventure-chlorophylle.com Siret 800.812.497.00025 The general terms and conditions of sale apply between Aventure Chlorophylle and persons booking an activity and may be modified by Aventure Chlorophylle. Registration for an activity implies that [...]<\/p>","protected":false},"author":3,"featured_media":0,"parent":0,"menu_order":0,"comment_status":"closed","ping_status":"closed","template":"","meta":{"_acf_changed":false,"_et_pb_use_builder":"on","_et_pb_old_content":"","_et_gb_content_width":"","inline_featured_image":false,"footnotes":""},"class_list":["post-262090","page","type-page","status-publish","hentry"],"acf":[],"yoast_head":"<!-- This site is optimized with the Yoast SEO plugin v26.7 - https:\/\/yoast.com\/wordpress\/plugins\/seo\/ -->\n<title>Conditions g\u00e9n\u00e9rales de vente - Aventure Chlorophylle<\/title>\n<meta name=\"robots\" content=\"index, follow, max-snippet:-1, max-image-preview:large, max-video-preview:-1\" \/>\n<link rel=\"canonical\" href=\"https:\/\/www.aventure-chlorophylle.com\/en\/terms-and-conditions-of-sale\/\" \/>\n<meta property=\"og:locale\" content=\"en_GB\" \/>\n<meta property=\"og:type\" content=\"article\" \/>\n<meta property=\"og:title\" content=\"Conditions g\u00e9n\u00e9rales de vente - Aventure Chlorophylle\" \/>\n<meta property=\"og:description\" content=\"Conditions G\u00e9n\u00e9rales de Vente (CGV)Bureau des Moniteurs de Vall\u00e9e d\u2019OssauEspace Pachou \u2013 2, Rue du Parc National64260 ARUDY. T. 05.59.71.11.07 \/ 06.28.07.90.22contact@aventure-chlorophylle.com Siret 800.812.497.00025 Les conditions g\u00e9n\u00e9rales de vente s\u2019appliquent entre Aventure Chlorophylle et les personnes r\u00e9servant une activit\u00e9.Les conditions g\u00e9n\u00e9rales de vente peuvent \u00eatre modifi\u00e9es par Aventure Chlorophylle. L\u2019inscription \u00e0 une activit\u00e9 implique que [&hellip;]\" \/>\n<meta property=\"og:url\" content=\"https:\/\/www.aventure-chlorophylle.com\/en\/terms-and-conditions-of-sale\/\" \/>\n<meta property=\"og:site_name\" content=\"Aventure Chlorophylle\" \/>\n<meta property=\"article:publisher\" content=\"https:\/\/www.facebook.com\/aventurechlorophylle\" \/>\n<meta property=\"article:modified_time\" content=\"2022-03-03T14:49:32+00:00\" \/>\n<meta name=\"twitter:card\" content=\"summary_large_image\" \/>\n<script type=\"application\/ld+json\" class=\"yoast-schema-graph\">{\"@context\":\"https:\/\/schema.org\",\"@graph\":[{\"@type\":\"WebPage\",\"@id\":\"https:\/\/www.aventure-chlorophylle.com\/conditions-generales-de-vente\/\",\"url\":\"https:\/\/www.aventure-chlorophylle.com\/conditions-generales-de-vente\/\",\"name\":\"Conditions g\u00e9n\u00e9rales de vente - Aventure Chlorophylle\",\"isPartOf\":{\"@id\":\"https:\/\/www.aventure-chlorophylle.com\/#website\"},\"datePublished\":\"2021-04-26T15:05:06+00:00\",\"dateModified\":\"2022-03-03T14:49:32+00:00\",\"breadcrumb\":{\"@id\":\"https:\/\/www.aventure-chlorophylle.com\/conditions-generales-de-vente\/#breadcrumb\"},\"inLanguage\":\"en-GB\",\"potentialAction\":[{\"@type\":\"ReadAction\",\"target\":[\"https:\/\/www.aventure-chlorophylle.com\/conditions-generales-de-vente\/\"]}]},{\"@type\":\"BreadcrumbList\",\"@id\":\"https:\/\/www.aventure-chlorophylle.com\/conditions-generales-de-vente\/#breadcrumb\",\"itemListElement\":[{\"@type\":\"ListItem\",\"position\":1,\"name\":\"Accueil\",\"item\":\"https:\/\/www.aventure-chlorophylle.com\/\"},{\"@type\":\"ListItem\",\"position\":2,\"name\":\"Conditions g\u00e9n\u00e9rales de vente\"}]},{\"@type\":\"WebSite\",\"@id\":\"https:\/\/www.aventure-chlorophylle.com\/#website\",\"url\":\"https:\/\/www.aventure-chlorophylle.com\/\",\"name\":\"Aventure Chlorophylle\",\"description\":\"Activit\u00e9s de Canyoning, rafting et sp\u00e9l\u00e9ologie dans les Pyr\u00e9n\u00e9es\",\"publisher\":{\"@id\":\"https:\/\/www.aventure-chlorophylle.com\/#organization\"},\"potentialAction\":[{\"@type\":\"SearchAction\",\"target\":{\"@type\":\"EntryPoint\",\"urlTemplate\":\"https:\/\/www.aventure-chlorophylle.com\/?s={search_term_string}\"},\"query-input\":{\"@type\":\"PropertyValueSpecification\",\"valueRequired\":true,\"valueName\":\"search_term_string\"}}],\"inLanguage\":\"en-GB\"},{\"@type\":\"Organization\",\"@id\":\"https:\/\/www.aventure-chlorophylle.com\/#organization\",\"name\":\"Aventure Chlorophylle\",\"url\":\"https:\/\/www.aventure-chlorophylle.com\/\",\"logo\":{\"@type\":\"ImageObject\",\"inLanguage\":\"en-GB\",\"@id\":\"https:\/\/www.aventure-chlorophylle.com\/#\/schema\/logo\/image\/\",\"url\":\"https:\/\/www.aventure-chlorophylle.com\/wp-content\/uploads\/2021\/04\/logo_aventure_chlorophylle.png\",\"contentUrl\":\"https:\/\/www.aventure-chlorophylle.com\/wp-content\/uploads\/2021\/04\/logo_aventure_chlorophylle.png\",\"width\":356,\"height\":392,\"caption\":\"Aventure Chlorophylle\"},\"image\":{\"@id\":\"https:\/\/www.aventure-chlorophylle.com\/#\/schema\/logo\/image\/\"},\"sameAs\":[\"https:\/\/www.facebook.com\/aventurechlorophylle\",\"https:\/\/www.instagram.com\/aventure_chlorophylle\/\"]}]}<\/script>\n<!-- \/ Yoast SEO plugin. -->","yoast_head_json":{"title":"Terms and conditions of sale - Aventure Chlorophylle","robots":{"index":"index","follow":"follow","max-snippet":"max-snippet:-1","max-image-preview":"max-image-preview:large","max-video-preview":"max-video-preview:-1"},"canonical":"https:\/\/www.aventure-chlorophylle.com\/en\/terms-and-conditions-of-sale\/","og_locale":"en_GB","og_type":"article","og_title":"Conditions g\u00e9n\u00e9rales de vente - Aventure Chlorophylle","og_description":"Conditions G\u00e9n\u00e9rales de Vente (CGV)Bureau des Moniteurs de Vall\u00e9e d\u2019OssauEspace Pachou \u2013 2, Rue du Parc National64260 ARUDY. T. 05.59.71.11.07 \/ 06.28.07.90.22contact@aventure-chlorophylle.com Siret 800.812.497.00025 Les conditions g\u00e9n\u00e9rales de vente s\u2019appliquent entre Aventure Chlorophylle et les personnes r\u00e9servant une activit\u00e9.Les conditions g\u00e9n\u00e9rales de vente peuvent \u00eatre modifi\u00e9es par Aventure Chlorophylle. L\u2019inscription \u00e0 une activit\u00e9 implique que [&hellip;]","og_url":"https:\/\/www.aventure-chlorophylle.com\/en\/terms-and-conditions-of-sale\/","og_site_name":"Aventure Chlorophylle","article_publisher":"https:\/\/www.facebook.com\/aventurechlorophylle","article_modified_time":"2022-03-03T14:49:32+00:00","twitter_card":"summary_large_image","schema":{"@context":"https:\/\/schema.org","@graph":[{"@type":"WebPage","@id":"https:\/\/www.aventure-chlorophylle.com\/conditions-generales-de-vente\/","url":"https:\/\/www.aventure-chlorophylle.com\/conditions-generales-de-vente\/","name":"Terms and conditions of sale - Aventure Chlorophylle","isPartOf":{"@id":"https:\/\/www.aventure-chlorophylle.com\/#website"},"datePublished":"2021-04-26T15:05:06+00:00","dateModified":"2022-03-03T14:49:32+00:00","breadcrumb":{"@id":"https:\/\/www.aventure-chlorophylle.com\/conditions-generales-de-vente\/#breadcrumb"},"inLanguage":"en-GB","potentialAction":[{"@type":"ReadAction","target":["https:\/\/www.aventure-chlorophylle.com\/conditions-generales-de-vente\/"]}]},{"@type":"BreadcrumbList","@id":"https:\/\/www.aventure-chlorophylle.com\/conditions-generales-de-vente\/#breadcrumb","itemListElement":[{"@type":"ListItem","position":1,"name":"Accueil","item":"https:\/\/www.aventure-chlorophylle.com\/"},{"@type":"ListItem","position":2,"name":"Conditions g\u00e9n\u00e9rales de vente"}]},{"@type":"WebSite","@id":"https:\/\/www.aventure-chlorophylle.com\/#website","url":"https:\/\/www.aventure-chlorophylle.com\/","name":"Chlorophyll Adventure","description":"Canyoning, rafting and caving activities in the Pyrenees","publisher":{"@id":"https:\/\/www.aventure-chlorophylle.com\/#organization"},"potentialAction":[{"@type":"SearchAction","target":{"@type":"EntryPoint","urlTemplate":"https:\/\/www.aventure-chlorophylle.com\/?s={search_term_string}"},"query-input":{"@type":"PropertyValueSpecification","valueRequired":true,"valueName":"search_term_string"}}],"inLanguage":"en-GB"},{"@type":"Organization","@id":"https:\/\/www.aventure-chlorophylle.com\/#organization","name":"Chlorophyll Adventure","url":"https:\/\/www.aventure-chlorophylle.com\/","logo":{"@type":"ImageObject","inLanguage":"en-GB","@id":"https:\/\/www.aventure-chlorophylle.com\/#\/schema\/logo\/image\/","url":"https:\/\/www.aventure-chlorophylle.com\/wp-content\/uploads\/2021\/04\/logo_aventure_chlorophylle.png","contentUrl":"https:\/\/www.aventure-chlorophylle.com\/wp-content\/uploads\/2021\/04\/logo_aventure_chlorophylle.png","width":356,"height":392,"caption":"Aventure Chlorophylle"},"image":{"@id":"https:\/\/www.aventure-chlorophylle.com\/#\/schema\/logo\/image\/"},"sameAs":["https:\/\/www.facebook.com\/aventurechlorophylle","https:\/\/www.instagram.com\/aventure_chlorophylle\/"]}]}},"_links":{"self":[{"href":"https:\/\/www.aventure-chlorophylle.com\/en\/wp-json\/wp\/v2\/pages\/262090","targetHints":{"allow":["GET"]}}],"collection":[{"href":"https:\/\/www.aventure-chlorophylle.com\/en\/wp-json\/wp\/v2\/pages"}],"about":[{"href":"https:\/\/www.aventure-chlorophylle.com\/en\/wp-json\/wp\/v2\/types\/page"}],"author":[{"embeddable":true,"href":"https:\/\/www.aventure-chlorophylle.com\/en\/wp-json\/wp\/v2\/users\/3"}],"replies":[{"embeddable":true,"href":"https:\/\/www.aventure-chlorophylle.com\/en\/wp-json\/wp\/v2\/comments?post=262090"}],"version-history":[{"count":2,"href":"https:\/\/www.aventure-chlorophylle.com\/en\/wp-json\/wp\/v2\/pages\/262090\/revisions"}],"predecessor-version":[{"id":265761,"href":"https:\/\/www.aventure-chlorophylle.com\/en\/wp-json\/wp\/v2\/pages\/262090\/revisions\/265761"}],"wp:attachment":[{"href":"https:\/\/www.aventure-chlorophylle.com\/en\/wp-json\/wp\/v2\/media?parent=262090"}],"curies":[{"name":"wp","href":"https:\/\/api.w.org\/{rel}","templated":true}]}}