{"id":262707,"date":"2021-05-07T14:52:35","date_gmt":"2021-05-07T12:52:35","guid":{"rendered":"https:\/\/www.aventure-chlorophylle.com\/?page_id=262707"},"modified":"2023-10-16T14:17:17","modified_gmt":"2023-10-16T12:17:17","slug":"mountaineering","status":"publish","type":"page","link":"https:\/\/www.aventure-chlorophylle.com\/en\/canyoning-rafting-pyrenees-atlantiques\/partner-activities\/mountaineering\/","title":{"rendered":"Mountaineering and major routes"},"content":{"rendered":"<p>[et_pb_section fb_built=\"1\u2033 fullwidth=\"on \" admin_label=\"Slider product \" _builder_version=\"4.20.4\u2033 _module_preset=\"default \" custom_margin=\"||-140px||false|false \" custom_margin_tablet=\"||-88px||false|false \" custom_margin_phone=\"||-44px||false|false \" custom_margin_last_edited=\"on|desktop \" hover_enabled=\"0\u2033 locked=\"off \" collapsed=\"off \" global_colors_info=\"{} \" sticky_enabled=\"0\u2033][et_pb_fullwidth_image src= \"https:\/\/www.aventure-chlorophylle.com\/wp-content\/uploads\/2023\/10\/IMG_7354.jpg \" alt= \"View from the cirque d'an\u00e9ou in the Pyr\u00e9n\u00e9es atlantiques \" title_text= \"Cirque d'An\u00e9ou, vall\u00e9e d'ossau \" _builder_version= \"4.20.4\u2033 _module_preset=\"default \" hover_enabled=\"0\u2033 global_colors_info=\"{} \" sticky_enabled=\"0\u2033][\/et_pb_fullwidth_image][\/et_pb_section][et_pb_section fb_built=\"1\u2033 admin_label=\"mountain in the background\" _builder_version=\"4.14.8\u2033 _module_preset=\"default \" background_color=\"RGBA(0,0,0,0) \" background_image=\"https:\/\/www.aventure-chlorophylle.com\/wp-content\/uploads\/2021\/04\/msk-mountain.svg \" z_index=\"10\u2033 height=\"144px \" height_tablet=\"88px \" height_phone=\"44px \" height_last_edited=\"on|phone \" custom_padding=\"0px||0px||true|false \" global_module=\"261939\u2033 collapsed=\"off \" global_colors_info=\"{}\"][\/et_pb_section][et_pb_section fb_built=\"1\u2033 _builder_version=\"4.16\u2033 _module_preset=\"default \" background_color=\"#FFFFFF \" custom_padding=\"0px||0px||| \" collapsed=\"off \" global_colors_info=\"{} \"][et_pb_row admin_label=\"Fil d'arianne\" _builder_version=\"4.9.4\u2033 _module_preset=\"default \" custom_padding=\"0px||0px||true|false \" global_module=\"261844\u2033 saved_tabs=\"all \" locked=\"off \" collapsed=\"off \" global_colors_info=\"{} \"][et_pb_column type=\"4_4\u2033 _builder_version=\"4.16\u2033 _module_preset=\"default \" global_colors_info=\"{} \"][et_pb_code _builder_version=\"4.18.0\u2033 _module_preset=\"default \" global_colors_info=\"{} \"]<span><span><a href=\"https:\/\/www.aventure-chlorophylle.com\/en\/\">Home<\/a><\/span><\/span>[et_pb_code][\/et_pb_column][\/et_pb_row][et_pb_row _builder_version=\"4.16\u2033 _module_preset=\"default \" global_colors_info=\"{} \"][et_pb_column type=\"4_4\u2033 _builder_version=\"4.16\u2033 _module_preset=\"default \" global_colors_info=\"{} \"][et_pb_text admin_label=\"Mountaineering \/ Skiing\" _builder_version=\"4.20.4\u2033 _module_preset=\"0e379c64-ea23-42c6-87bf-cda43f70971b \" custom_margin=\"||0px||false|false \" global_colors_info=\"{} \"]<\/p>\n<h1 style=\"text-align: center;\">Mountaineering and major routes<\/h1>\n<p>&nbsp;<\/p>\n<p style=\"text-align: center;\">Try the<strong> mountaineering in the Ossau valley<\/strong> ! Our mountain guides offer you <strong>climbing the Pic du Midi d'Ossau<\/strong>the <strong>Palas<\/strong>of <strong>climb Pene Sarri\u00e8re in Gourette<\/strong> but also to discover the <strong>Jordan's sumptuous Wadi Rum valley.<\/strong><\/p>\n<p>&nbsp;<\/p>\n<p>[\/et_pb_text][et_pb_text admin_label=\"descriptive text\" _builder_version=\"4.20.4\u2033 _module_preset=\"default\" text_orientation=\"center\" global_colors_info=\"{}\"]<\/p>\n<p style=\"text-align: center;\">Aventure Chlorophylle is partnering with <strong>mountain guides<\/strong> of the Ossau valley to offer you a range of <strong>mountaineering outings in the Pyrenees<\/strong> <strong>Atlantic<\/strong> but also in <strong>Jordan.<\/strong><\/p>\n<p style=\"text-align: center;\"><strong>Summer<\/strong>we offer you <a href=\"http:\/\/www.unjourenmontagne.com\"><strong>big climbing routes<\/strong><\/a>s, the <strong>edge races<\/strong> in France and Spain.<\/p>\n<p>&nbsp;<\/p>\n<p>&nbsp;<\/p>\n<p>[\/et_pb_text][\/et_pb_column][\/et_pb_row][et_pb_row module_id=\"berocket-filter \" _builder_version=\"4.16\u2033 _module_preset=\"default \" custom_margin=\"0px||0px||true|true \" custom_padding=\"0px|0px|0px|0px|true|true \" border_width_top=\"1px \" border_color_top=\"rgba(144,144,0.2) \" border_width_bottom=\"1px \" border_color_bottom=\"rgba(144,144,144,0.2) \" global_colors_info=\"{}\"][et_pb_column type=\"4_4\u2033 _builder_version=\"4.16\u2033 _module_preset=\"default \" global_colors_info=\"{} \"][et_pb_br_filters_group group_id=\"262477\u2033 _builder_version=\"4.16\u2033 _module_preset=\"default \" custom_margin=\"0px|0px|0px|0px|true|true \" custom_padding=\"0px||0px||true|true \" global_colors_info=\"{} \"][\/et_pb_br_filters_group][\/et_pb_column][\/et_pb_row][et_pb_row _builder_version=\"4.16\u2033 _module_preset=\"default \" global_colors_info=\"{} \"][et_pb_column type=\"4_4\u2033 _builder_version=\"4.16\u2033 _module_preset=\"default \" global_colors_info=\"{} \"][et_pb_shop type=\"product_category \" include_categories=\"61\u2033 columns_number=\"3\u2033 icon_hover_color=\"RGBA(0,0,0,0)\" hover_overlay_color=\"RGBA(0,0,0,0) \" _builder_version=\"4.16\u2033 _module_preset=\"default \" bapf_apply=\"enable \" global_colors_info=\"{} \"][\/et_pb_shop][\/et_pb_column][\/et_pb_row][\/et_pb_section][et_pb_section fb_built=\"1\u2033 admin_label=\"Low Tear\" _builder_version=\"4.18.0\u2033 _module_preset=\"default \" background_color=\"RGBA(0,0,0,0) \" background_image=\"https:\/\/www.aventure-chlorophylle.com\/wp-content\/uploads\/2021\/04\/msk-horizontal-top.svg \" background_repeat=\"repeat-x \" height=\"30px \" height_tablet=\"30px \" height_phone=\"30px \" height_last_edited=\"on|tablet \" custom_padding=\"0px||0px||true|false \" custom_css_main_element=\"background-size:auto 100%!important; \" global_module=\"262407\u2033 saved_tabs=\"all \" locked=\"off \" collapsed=\"off \" global_colors_info=\"{}\"][\/et_pb_section][et_pb_section fb_built=\"1\u2033 admin_label=\"Google maps\" _builder_version=\"4.16\u2033 _module_preset=\"default \" background_color=\"RGBA(0,0,0,0) \" saved_tabs=\"all \" collapsed=\"on \" global_colors_info=\"{} \"][et_pb_row column_structure=\"1_4,3_4\u2033 use_custom_gutter=\"on \" gutter_width=\"1\u2033 make_equal=\"on \" _builder_version=\"4.16\u2033 _module_preset=\"default \" background_color=\"#FFFFFF \" custom_padding=\"0px||0px||| \" box_shadow_style=\"preset3\u2033 box_shadow_vertical=\"5px \" box_shadow_blur=\"20px \" box_shadow_color=\"rgba(0,0,0.04) \" global_colors_info=\"{} \"][et_pb_column type=\"1_4\u2033 _builder_version=\"4.16\u2033 _module_preset=\"default \" global_colors_info=\"{} \"][et_pb_text admin_label=\"Legend\" module_class=\"map-legend \" _builder_version=\"4.18.0\u2033 _module_preset=\"default \" header_3_text_color=\"#909090\u2033 custom_padding=\"1rem|1rem|1rem|1rem|true|true \" global_module=\"262562\u2033 saved_tabs=\"all \" global_colors_info=\"{} \"]<\/p>\n<h3>Legend<\/h3>\n<ul>\n<li><img loading=\"lazy\" decoding=\"async\" class=\"wp-image-263671 alignnone size-full\" src=\"https:\/\/www.aventure-chlorophylle.com\/wp-content\/uploads\/2021\/06\/icon_canyoning.svg\" alt=\"\" width=\"32\" height=\"32\" \/>Canyon<\/li>\n<li><img loading=\"lazy\" decoding=\"async\" class=\"wp-image-263668 alignnone size-full\" src=\"https:\/\/www.aventure-chlorophylle.com\/wp-content\/uploads\/2021\/06\/icon_rafting.svg\" alt=\"\" width=\"32\" height=\"32\" \/>Rafting<\/li>\n<li><img loading=\"lazy\" decoding=\"async\" class=\"wp-image-263670 alignnone size-full\" src=\"https:\/\/www.aventure-chlorophylle.com\/wp-content\/uploads\/2021\/06\/iconspeleo.svg\" alt=\"\" width=\"32\" height=\"32\" \/>Caving<\/li>\n<li><img loading=\"lazy\" decoding=\"async\" class=\"wp-image-263666 alignnone size-full\" src=\"https:\/\/www.aventure-chlorophylle.com\/wp-content\/uploads\/2022\/04\/icon_alpinisme.svg\" alt=\"\" width=\"32\" height=\"32\" \/>Mountaineering<\/li>\n<li><img loading=\"lazy\" decoding=\"async\" class=\"wp-image-263666 alignnone size-full\" src=\"https:\/\/www.aventure-chlorophylle.com\/wp-content\/uploads\/2021\/06\/icon_escalade.svg\" alt=\"\" width=\"32\" height=\"32\" \/>Via Ferrata<\/li>\n<li><img loading=\"lazy\" decoding=\"async\" class=\"wp-image-263666 alignnone size-full\" src=\"https:\/\/www.aventure-chlorophylle.com\/wp-content\/uploads\/2021\/06\/icon_escalade.svg\" alt=\"\" width=\"32\" height=\"32\" \/>Via Cordata<\/li>\n<li><img loading=\"lazy\" decoding=\"async\" class=\"wp-image-263666 alignnone size-full\" src=\"https:\/\/www.aventure-chlorophylle.com\/wp-content\/uploads\/2022\/04\/icon_escalade2-1.svg\" alt=\"\" width=\"32\" height=\"32\" \/>Climbing<\/li>\n<li><img loading=\"lazy\" decoding=\"async\" class=\"wp-image-263669 alignnone size-full\" src=\"https:\/\/www.aventure-chlorophylle.com\/wp-content\/uploads\/2021\/06\/icon_vtt.svg\" alt=\"\" width=\"32\" height=\"32\" \/>MOUNTAIN BIKE<\/li>\n<li><img loading=\"lazy\" decoding=\"async\" class=\"wp-image-263667 alignnone size-full\" src=\"https:\/\/www.aventure-chlorophylle.com\/wp-content\/uploads\/2021\/06\/icon_parking.svg\" alt=\"\" width=\"32\" height=\"32\" \/>Catering Parking<\/li>\n<\/ul>\n<p>[\/et_pb_text][\/et_pb_column][et_pb_column type=\"3_4\u2033 _builder_version=\"4.16\u2033 _module_preset=\"default \" global_colors_info=\"{} \"][et_pb_code _builder_version=\"4.16\u2033 _module_preset=\"default \" global_colors_info=\"{} \"]<iframe loading=\"lazy\" src=\"https:\/\/www.google.com\/maps\/d\/embed?mid=181qh2k1xJ7oEehnWvo6eUQ0rDPU7lfSm\" width=\"100%\" height=\"480px\"><\/iframe>[\/et_pb_code][\/et_pb_column][\/et_pb_row][\/et_pb_section]<\/p>","protected":false},"excerpt":{"rendered":"<p><span><span><a href=\"https:\/\/www.aventure-chlorophylle.com\/en\/\">Home<\/a><\/span><\/span>Mountaineering and major routes Try mountaineering in the Ossau valley! Our mountain guides offer you the chance to climb the Pic du Midi d'Ossau, the Palas, Pene Sarri\u00e8re in Gourette and the sumptuous Wadi Rum valley in Jordan.  Aventure Chlorophylle works in partnership with high mountain guides [...]<\/p>","protected":false},"author":3,"featured_media":0,"parent":261740,"menu_order":0,"comment_status":"closed","ping_status":"closed","template":"","meta":{"_acf_changed":false,"_et_pb_use_builder":"on","_et_pb_old_content":"<!-- wp:paragraph -->\r\n<p>Ceci est une page d\u2019exemple. C\u2019est diff\u00e9rent d\u2019un article de blog parce qu\u2019elle restera au m\u00eame endroit et appara\u00eetra dans la navigation de votre site (dans la plupart des th\u00e8mes). La plupart des gens commencent par une page \u00ab\u00a0\u00c0 propos\u00a0\u00bb qui les pr\u00e9sente aux visiteurs du site. Cela pourrait ressembler \u00e0 quelque chose comme cela\u00a0:<\/p>\r\n<!-- \/wp:paragraph --><!-- wp:quote -->\r\n<blockquote class=\"wp-block-quote\">\r\n<p>Bonjour\u00a0! Je suis un m\u00e9canicien qui aspire \u00e0 devenir acteur, et voici mon site. J\u2019habite \u00e0 Bordeaux, j\u2019ai un super chien baptis\u00e9 Russell, et j\u2019aime la vodka-ananas (ainsi qu\u2019\u00eatre surpris par la pluie soudaine lors de longues balades sur la plage au coucher du soleil).<\/p>\r\n<\/blockquote>\r\n<!-- \/wp:quote --><!-- wp:paragraph -->\r\n<p>... ou quelque chose comme cela\u00a0:<\/p>\r\n<!-- \/wp:paragraph --><!-- wp:quote -->\r\n<blockquote class=\"wp-block-quote\">\r\n<p>La soci\u00e9t\u00e9 123 Machin Truc a \u00e9t\u00e9 cr\u00e9\u00e9e en 1971, et n\u2019a cess\u00e9 de proposer au public des machins-trucs de qualit\u00e9 depuis lors. Situ\u00e9e \u00e0 Saint-Remy-en-Bouzemont-Saint-Genest-et-Isson, 123 Machin Truc emploie 2 000 personnes, et fabrique toutes sortes de bidules super pour la communaut\u00e9 bouzemontoise.<\/p>\r\n<\/blockquote>\r\n<!-- \/wp:quote --><!-- wp:paragraph -->\r\n<p>En tant que nouvel\u00b7le utilisateur ou utilisatrice de WordPress, vous devriez vous rendre sur <a href=\"https:\/\/www.aventure-chlorophylle.com\/wp-admin\/\">votre tableau de bord<\/a> pour supprimer cette page et cr\u00e9er de nouvelles pages pour votre contenu. Amusez-vous bien\u00a0!<\/p>\r\n<!-- \/wp:paragraph -->","_et_gb_content_width":"","inline_featured_image":false,"footnotes":""},"class_list":["post-262707","page","type-page","status-publish","hentry"],"acf":[],"yoast_head":"<!-- This site is optimized with the Yoast SEO plugin v26.7 - https:\/\/yoast.com\/wordpress\/plugins\/seo\/ -->\n<title>Alpinisme et grandes voies d&#039;escalade<\/title>\n<meta name=\"description\" content=\"Ascension du Pic du Midi d&#039;Ossau avec Thomas Berges, guide de montagne \u00e0 Laruns. Grandes voies d&#039;escalade \u00e0 Gourette (64)\" \/>\n<meta name=\"robots\" content=\"index, follow, max-snippet:-1, max-image-preview:large, max-video-preview:-1\" \/>\n<link rel=\"canonical\" href=\"https:\/\/www.aventure-chlorophylle.com\/en\/canyoning-rafting-pyrenees-atlantiques\/partner-activities\/mountaineering\/\" \/>\n<meta property=\"og:locale\" content=\"en_GB\" \/>\n<meta property=\"og:type\" content=\"article\" \/>\n<meta property=\"og:title\" content=\"Alpinisme et grandes voies d&#039;escalade\" \/>\n<meta property=\"og:description\" content=\"Ascension du Pic du Midi d&#039;Ossau avec Thomas Berges, guide de montagne \u00e0 Laruns. Grandes voies d&#039;escalade \u00e0 Gourette (64)\" \/>\n<meta property=\"og:url\" content=\"https:\/\/www.aventure-chlorophylle.com\/en\/canyoning-rafting-pyrenees-atlantiques\/partner-activities\/mountaineering\/\" \/>\n<meta property=\"og:site_name\" content=\"Aventure Chlorophylle\" \/>\n<meta property=\"article:publisher\" content=\"https:\/\/www.facebook.com\/aventurechlorophylle\" \/>\n<meta property=\"article:modified_time\" content=\"2023-10-16T12:17:17+00:00\" \/>\n<meta property=\"og:image\" content=\"https:\/\/www.aventure-chlorophylle.com\/wp-content\/uploads\/2021\/06\/icon_canyoning.svg\" \/>\n<meta name=\"twitter:card\" content=\"summary_large_image\" \/>\n<meta name=\"twitter:label1\" content=\"Estimated reading time\" \/>\n\t<meta name=\"twitter:data1\" content=\"4 minutes\" \/>\n<script type=\"application\/ld+json\" class=\"yoast-schema-graph\">{\"@context\":\"https:\/\/schema.org\",\"@graph\":[{\"@type\":\"WebPage\",\"@id\":\"https:\/\/www.aventure-chlorophylle.com\/canyoning-rafting-pyrenees-atlantiques\/activites-partenaires\/alpinisme\/\",\"url\":\"https:\/\/www.aventure-chlorophylle.com\/canyoning-rafting-pyrenees-atlantiques\/activites-partenaires\/alpinisme\/\",\"name\":\"Alpinisme et grandes voies d'escalade\",\"isPartOf\":{\"@id\":\"https:\/\/www.aventure-chlorophylle.com\/#website\"},\"primaryImageOfPage\":{\"@id\":\"https:\/\/www.aventure-chlorophylle.com\/canyoning-rafting-pyrenees-atlantiques\/activites-partenaires\/alpinisme\/#primaryimage\"},\"image\":{\"@id\":\"https:\/\/www.aventure-chlorophylle.com\/canyoning-rafting-pyrenees-atlantiques\/activites-partenaires\/alpinisme\/#primaryimage\"},\"thumbnailUrl\":\"https:\/\/www.aventure-chlorophylle.com\/wp-content\/uploads\/2021\/06\/icon_canyoning.svg\",\"datePublished\":\"2021-05-07T12:52:35+00:00\",\"dateModified\":\"2023-10-16T12:17:17+00:00\",\"description\":\"Ascension du Pic du Midi d'Ossau avec Thomas Berges, guide de montagne \u00e0 Laruns. Grandes voies d'escalade \u00e0 Gourette (64)\",\"breadcrumb\":{\"@id\":\"https:\/\/www.aventure-chlorophylle.com\/canyoning-rafting-pyrenees-atlantiques\/activites-partenaires\/alpinisme\/#breadcrumb\"},\"inLanguage\":\"en-GB\",\"potentialAction\":[{\"@type\":\"ReadAction\",\"target\":[\"https:\/\/www.aventure-chlorophylle.com\/canyoning-rafting-pyrenees-atlantiques\/activites-partenaires\/alpinisme\/\"]}]},{\"@type\":\"ImageObject\",\"inLanguage\":\"en-GB\",\"@id\":\"https:\/\/www.aventure-chlorophylle.com\/canyoning-rafting-pyrenees-atlantiques\/activites-partenaires\/alpinisme\/#primaryimage\",\"url\":\"https:\/\/www.aventure-chlorophylle.com\/wp-content\/uploads\/2021\/06\/icon_canyoning.svg\",\"contentUrl\":\"https:\/\/www.aventure-chlorophylle.com\/wp-content\/uploads\/2021\/06\/icon_canyoning.svg\"},{\"@type\":\"BreadcrumbList\",\"@id\":\"https:\/\/www.aventure-chlorophylle.com\/canyoning-rafting-pyrenees-atlantiques\/activites-partenaires\/alpinisme\/#breadcrumb\",\"itemListElement\":[{\"@type\":\"ListItem\",\"position\":1,\"name\":\"Accueil\",\"item\":\"https:\/\/www.aventure-chlorophylle.com\/\"},{\"@type\":\"ListItem\",\"position\":2,\"name\":\"Canyoning et Rafting dans les Pyr\u00e9n\u00e9es Atlantiques\",\"item\":\"https:\/\/www.aventure-chlorophylle.com\/\"},{\"@type\":\"ListItem\",\"position\":3,\"name\":\"Activit\u00e9s partenaires\",\"item\":\"https:\/\/www.aventure-chlorophylle.com\/canyoning-rafting-pyrenees-atlantiques\/activites-partenaires\/\"},{\"@type\":\"ListItem\",\"position\":4,\"name\":\"Alpinisme et grandes voies\"}]},{\"@type\":\"WebSite\",\"@id\":\"https:\/\/www.aventure-chlorophylle.com\/#website\",\"url\":\"https:\/\/www.aventure-chlorophylle.com\/\",\"name\":\"Aventure Chlorophylle\",\"description\":\"Activit\u00e9s de Canyoning, rafting et sp\u00e9l\u00e9ologie dans les Pyr\u00e9n\u00e9es\",\"publisher\":{\"@id\":\"https:\/\/www.aventure-chlorophylle.com\/#organization\"},\"potentialAction\":[{\"@type\":\"SearchAction\",\"target\":{\"@type\":\"EntryPoint\",\"urlTemplate\":\"https:\/\/www.aventure-chlorophylle.com\/?s={search_term_string}\"},\"query-input\":{\"@type\":\"PropertyValueSpecification\",\"valueRequired\":true,\"valueName\":\"search_term_string\"}}],\"inLanguage\":\"en-GB\"},{\"@type\":\"Organization\",\"@id\":\"https:\/\/www.aventure-chlorophylle.com\/#organization\",\"name\":\"Aventure Chlorophylle\",\"url\":\"https:\/\/www.aventure-chlorophylle.com\/\",\"logo\":{\"@type\":\"ImageObject\",\"inLanguage\":\"en-GB\",\"@id\":\"https:\/\/www.aventure-chlorophylle.com\/#\/schema\/logo\/image\/\",\"url\":\"https:\/\/www.aventure-chlorophylle.com\/wp-content\/uploads\/2021\/04\/logo_aventure_chlorophylle.png\",\"contentUrl\":\"https:\/\/www.aventure-chlorophylle.com\/wp-content\/uploads\/2021\/04\/logo_aventure_chlorophylle.png\",\"width\":356,\"height\":392,\"caption\":\"Aventure Chlorophylle\"},\"image\":{\"@id\":\"https:\/\/www.aventure-chlorophylle.com\/#\/schema\/logo\/image\/\"},\"sameAs\":[\"https:\/\/www.facebook.com\/aventurechlorophylle\",\"https:\/\/www.instagram.com\/aventure_chlorophylle\/\"]}]}<\/script>\n<!-- \/ Yoast SEO plugin. -->","yoast_head_json":{"title":"Mountaineering and major climbing routes","description":"Climbing the Pic du Midi d'Ossau with Thomas Berges, mountain guide in Laruns. Big climbing routes in Gourette (64)","robots":{"index":"index","follow":"follow","max-snippet":"max-snippet:-1","max-image-preview":"max-image-preview:large","max-video-preview":"max-video-preview:-1"},"canonical":"https:\/\/www.aventure-chlorophylle.com\/en\/canyoning-rafting-pyrenees-atlantiques\/partner-activities\/mountaineering\/","og_locale":"en_GB","og_type":"article","og_title":"Alpinisme et grandes voies d'escalade","og_description":"Ascension du Pic du Midi d'Ossau avec Thomas Berges, guide de montagne \u00e0 Laruns. Grandes voies d'escalade \u00e0 Gourette (64)","og_url":"https:\/\/www.aventure-chlorophylle.com\/en\/canyoning-rafting-pyrenees-atlantiques\/partner-activities\/mountaineering\/","og_site_name":"Aventure Chlorophylle","article_publisher":"https:\/\/www.facebook.com\/aventurechlorophylle","article_modified_time":"2023-10-16T12:17:17+00:00","og_image":[{"url":"https:\/\/www.aventure-chlorophylle.com\/wp-content\/uploads\/2021\/06\/icon_canyoning.svg","type":"","width":"","height":""}],"twitter_card":"summary_large_image","twitter_misc":{"Estimated reading time":"4 minutes"},"schema":{"@context":"https:\/\/schema.org","@graph":[{"@type":"WebPage","@id":"https:\/\/www.aventure-chlorophylle.com\/canyoning-rafting-pyrenees-atlantiques\/activites-partenaires\/alpinisme\/","url":"https:\/\/www.aventure-chlorophylle.com\/canyoning-rafting-pyrenees-atlantiques\/activites-partenaires\/alpinisme\/","name":"Mountaineering and major climbing routes","isPartOf":{"@id":"https:\/\/www.aventure-chlorophylle.com\/#website"},"primaryImageOfPage":{"@id":"https:\/\/www.aventure-chlorophylle.com\/canyoning-rafting-pyrenees-atlantiques\/activites-partenaires\/alpinisme\/#primaryimage"},"image":{"@id":"https:\/\/www.aventure-chlorophylle.com\/canyoning-rafting-pyrenees-atlantiques\/activites-partenaires\/alpinisme\/#primaryimage"},"thumbnailUrl":"https:\/\/www.aventure-chlorophylle.com\/wp-content\/uploads\/2021\/06\/icon_canyoning.svg","datePublished":"2021-05-07T12:52:35+00:00","dateModified":"2023-10-16T12:17:17+00:00","description":"Climbing the Pic du Midi d'Ossau with Thomas Berges, mountain guide in Laruns. Big climbing routes in Gourette (64)","breadcrumb":{"@id":"https:\/\/www.aventure-chlorophylle.com\/canyoning-rafting-pyrenees-atlantiques\/activites-partenaires\/alpinisme\/#breadcrumb"},"inLanguage":"en-GB","potentialAction":[{"@type":"ReadAction","target":["https:\/\/www.aventure-chlorophylle.com\/canyoning-rafting-pyrenees-atlantiques\/activites-partenaires\/alpinisme\/"]}]},{"@type":"ImageObject","inLanguage":"en-GB","@id":"https:\/\/www.aventure-chlorophylle.com\/canyoning-rafting-pyrenees-atlantiques\/activites-partenaires\/alpinisme\/#primaryimage","url":"https:\/\/www.aventure-chlorophylle.com\/wp-content\/uploads\/2021\/06\/icon_canyoning.svg","contentUrl":"https:\/\/www.aventure-chlorophylle.com\/wp-content\/uploads\/2021\/06\/icon_canyoning.svg"},{"@type":"BreadcrumbList","@id":"https:\/\/www.aventure-chlorophylle.com\/canyoning-rafting-pyrenees-atlantiques\/activites-partenaires\/alpinisme\/#breadcrumb","itemListElement":[{"@type":"ListItem","position":1,"name":"Accueil","item":"https:\/\/www.aventure-chlorophylle.com\/"},{"@type":"ListItem","position":2,"name":"Canyoning et Rafting dans les Pyr\u00e9n\u00e9es Atlantiques","item":"https:\/\/www.aventure-chlorophylle.com\/"},{"@type":"ListItem","position":3,"name":"Activit\u00e9s partenaires","item":"https:\/\/www.aventure-chlorophylle.com\/canyoning-rafting-pyrenees-atlantiques\/activites-partenaires\/"},{"@type":"ListItem","position":4,"name":"Alpinisme et grandes voies"}]},{"@type":"WebSite","@id":"https:\/\/www.aventure-chlorophylle.com\/#website","url":"https:\/\/www.aventure-chlorophylle.com\/","name":"Chlorophyll Adventure","description":"Canyoning, rafting and caving activities in the Pyrenees","publisher":{"@id":"https:\/\/www.aventure-chlorophylle.com\/#organization"},"potentialAction":[{"@type":"SearchAction","target":{"@type":"EntryPoint","urlTemplate":"https:\/\/www.aventure-chlorophylle.com\/?s={search_term_string}"},"query-input":{"@type":"PropertyValueSpecification","valueRequired":true,"valueName":"search_term_string"}}],"inLanguage":"en-GB"},{"@type":"Organization","@id":"https:\/\/www.aventure-chlorophylle.com\/#organization","name":"Chlorophyll Adventure","url":"https:\/\/www.aventure-chlorophylle.com\/","logo":{"@type":"ImageObject","inLanguage":"en-GB","@id":"https:\/\/www.aventure-chlorophylle.com\/#\/schema\/logo\/image\/","url":"https:\/\/www.aventure-chlorophylle.com\/wp-content\/uploads\/2021\/04\/logo_aventure_chlorophylle.png","contentUrl":"https:\/\/www.aventure-chlorophylle.com\/wp-content\/uploads\/2021\/04\/logo_aventure_chlorophylle.png","width":356,"height":392,"caption":"Aventure Chlorophylle"},"image":{"@id":"https:\/\/www.aventure-chlorophylle.com\/#\/schema\/logo\/image\/"},"sameAs":["https:\/\/www.facebook.com\/aventurechlorophylle","https:\/\/www.instagram.com\/aventure_chlorophylle\/"]}]}},"_links":{"self":[{"href":"https:\/\/www.aventure-chlorophylle.com\/en\/wp-json\/wp\/v2\/pages\/262707","targetHints":{"allow":["GET"]}}],"collection":[{"href":"https:\/\/www.aventure-chlorophylle.com\/en\/wp-json\/wp\/v2\/pages"}],"about":[{"href":"https:\/\/www.aventure-chlorophylle.com\/en\/wp-json\/wp\/v2\/types\/page"}],"author":[{"embeddable":true,"href":"https:\/\/www.aventure-chlorophylle.com\/en\/wp-json\/wp\/v2\/users\/3"}],"replies":[{"embeddable":true,"href":"https:\/\/www.aventure-chlorophylle.com\/en\/wp-json\/wp\/v2\/comments?post=262707"}],"version-history":[{"count":10,"href":"https:\/\/www.aventure-chlorophylle.com\/en\/wp-json\/wp\/v2\/pages\/262707\/revisions"}],"predecessor-version":[{"id":268449,"href":"https:\/\/www.aventure-chlorophylle.com\/en\/wp-json\/wp\/v2\/pages\/262707\/revisions\/268449"}],"up":[{"embeddable":true,"href":"https:\/\/www.aventure-chlorophylle.com\/en\/wp-json\/wp\/v2\/pages\/261740"}],"wp:attachment":[{"href":"https:\/\/www.aventure-chlorophylle.com\/en\/wp-json\/wp\/v2\/media?parent=262707"}],"curies":[{"name":"wp","href":"https:\/\/api.w.org\/{rel}","templated":true}]}}