{"id":267706,"date":"2023-10-12T11:37:35","date_gmt":"2023-10-12T09:37:35","guid":{"rendered":"https:\/\/www.aventure-chlorophylle.com\/?page_id=267706"},"modified":"2023-10-12T11:39:21","modified_gmt":"2023-10-12T09:39:21","slug":"canyoning-a-laruns","status":"publish","type":"page","link":"https:\/\/www.aventure-chlorophylle.com\/en\/canyoning-a-laruns\/","title":{"rendered":"Canyoning in Laruns"},"content":{"rendered":"<p>[et_pb_section fb_built=\"1\u2033 _builder_version=\"4.20.4\u2033 _module_preset=\"default \" global_colors_info=\"{} \"][et_pb_row _builder_version=\"4.20.4\u2033 _module_preset=\"default \" global_colors_info=\"{} \"][et_pb_column type=\"4_4\u2033 _builder_version=\"4.20.4\u2033 _module_preset=\"default \" global_colors_info=\"{} \"][et_pb_text _builder_version=\"4.20.4\u2033 _module_preset=\"default \" global_colors_info=\"{} \"]<\/p>\n<h1 style=\"text-align: center;\">Canyoning in Laruns<\/h1>\n<h2 style=\"text-align: center;\">Discovering the canyons of the Ossau valley in the Pyr\u00e9n\u00e9es Atlantiques (64)<\/h2>\n<p>&nbsp;<\/p>\n<p>&nbsp;<\/p>\n<p>[et_pb_text][\/et_pb_column][\/et_pb_row][et_pb_row _builder_version=\"4.20.4\u2033 _module_preset=\"default \" global_colors_info=\"{} \"][et_pb_column type=\"4_4\u2033 _builder_version=\"4.20.4\u2033 _module_preset=\"default \" global_colors_info=\"{} \"][et_pb_image src= \"https:\/\/www.aventure-chlorophylle.com\/wp-content\/uploads\/2023\/10\/2023-07-02-Candice-canyon-Soussoueou_252.jpg \" alt= \"Descente Canyoning en vall\u00e9e d'Ossau dans les Pyr\u00e9n\u00e9es Atlantiques \" title_text=\"canyoning Laruns \" align=\"center \" _builder_version=\"4.20.4\u2033 _module_preset=\"default \" global_colors_info=\"{} \"][\/et_pb_image][\/et_pb_column][\/et_pb_row][et_pb_row _builder_version=\"4.20.4\u2033 _module_preset=\"default \" global_colors_info=\"{} \"][et_pb_column type=\"4_4\u2033 _builder_version=\"4.20.4\u2033 _module_preset=\"default \" global_colors_info=\"{} \"][et_pb_text _builder_version=\"4.20.4\u2033 _module_preset=\"default \" global_colors_info=\"{} \"]<\/p>\n<h2 style=\"text-align: center;\">In the Ossau valley, in the Pyr\u00e9n\u00e9es-Atlantiques, several emblematic canyons await you, with a meeting point in Laruns.<\/h2>\n<p style=\"text-align: center;\">A only <strong>1h from Pau<\/strong>, <strong>2 hours from Bayonne<\/strong> and <strong>3 hours from Toulouse and Bordeaux<\/strong>A change of scenery is guaranteed. You'll descend the magnificent canyons of the Ossau valley, crossing the <strong>natural barriers<\/strong> one by one: <strong>jumps<\/strong>,<strong> natural slides<\/strong> and <strong>abseiling<\/strong> will be on the programme for this canyoning activity.<\/p>\n<p style=\"text-align: center;\">The guide will give you<strong> meet at a car park in Laruns<\/strong> then on to the canyons of the Ossau valley!<\/p>\n<p style=\"text-align: center;\">Canyoning is ideal for <strong>family from age 10<\/strong>between <strong>friends<\/strong>on the occasion of a <strong>EVG or EVJF<\/strong>in <strong>couple<\/strong>between <strong>colleagues <\/strong>and even <strong>solo<\/strong>. The descent of a canyon creates or strengthens bonds during a thrilling trip.<\/p>\n<p style=\"text-align: center;\">[\/et_pb_text][\/et_pb_column][\/et_pb_row][et_pb_row column_structure=\"1_2,1_2\u2033 _builder_version=\"4.20.4\u2033 _module_preset=\"default \" global_colors_info=\"{} \"][et_pb_column type=\"1_2\u2033 _builder_version=\"4.20.4\u2033 _module_preset=\"default \" global_colors_info=\"{} \"][et_pb_image src= \"https:\/\/www.aventure-chlorophylle.com\/wp-content\/uploads\/2023\/06\/Descente-canyon-de-Bious.jpg \" alt= \"Natural slide in the Bious canyon at Gabas, Pyrenees \" title_text= \"Descente canyon de Bious \" _builder_version=\"4.20.4\u2033 _module_preset=\"default \" global_colors_info=\"{} \"][\/et_pb_image][\/et_pb_column][et_pb_column type=\"1_2\u2033 _builder_version=\"4.20.4\u2033 _module_preset=\"default \" global_colors_info=\"{} \"][et_pb_image src= \"https:\/\/www.aventure-chlorophylle.com\/wp-content\/uploads\/2023\/10\/2023-08-21-alex-canyon-soussoueou_26.jpg \" alt= \"Canyon du Soussou\u00e9ou pr\u00e9s de Laruns \" title_text= \"canyon Soussou\u00e9ou \" _builder_version=\"4.20.4\u2033 _module_preset=\"default \" global_colors_info=\"{} \"][\/et_pb_image][\/et_pb_column][\/et_pb_row][et_pb_row _builder_version=\"4.20.4\u2033 _module_preset=\"default \" global_colors_info=\"{} \"][et_pb_column type=\"4_4\u2033 _builder_version=\"4.20.4\u2033 _module_preset=\"default \" global_colors_info=\"{} \"][et_pb_text _builder_version=\"4.20.4\u2033 _module_preset=\"default \" hover_enabled=\"0\u2033 global_colors_info=\"{} \" sticky_enabled=\"0\u2033]<\/p>\n<h2 style=\"text-align: center;\">Near Laruns in the Ossau valley, a wide choice of canyoning routes.<\/h2>\n<p style=\"text-align: center;\"><strong>Whatever your level of canyoning<\/strong>whether you are <strong>beginners<\/strong>, <strong>already initiated<\/strong> or <strong>confirmed<\/strong> we have courses to suit everyone. At <strong>oxygen\" formula<\/strong> for half a day or a full day, you can go down the <strong>Bious canyon<\/strong> with all the optional jumps for beginners. At <strong>adventure\" package<\/strong> half-day or full-day trips, the proposed routes will be the canyons of the <strong>Soussou\u00e9ou<\/strong>, <strong>Cap de Pount<\/strong> in the heart of the Pyrenees National Park, <strong>Canceigt<\/strong>Brousset on the Spanish border, etc. For experienced climbers with a good level of rope skills for abseiling, the \"envergure\" package is ideal, as you will discover the legendary <strong>Bitet canyon<\/strong>.<\/p>\n<p style=\"text-align: center;\">We can also take you for a weekend in the Sierra de Guara, on the Spanish side, please contact us.<\/p>\n<p>[et_pb_text][\/et_pb_column][\/et_pb_row][et_pb_row column_structure=\"1_3,1_3,1_3\u2033 _builder_version=\"4.20.4\u2033 _module_preset=\"default \" global_colors_info=\"{} \"][et_pb_column type=\"1_3\u2033 _builder_version=\"4.20.4\u2033 _module_preset=\"default \" global_colors_info=\"{} \"][et_pb_image src= \"https:\/\/www.aventure-chlorophylle.com\/wp-content\/uploads\/2023\/10\/2023-08-21-alex-canyon-soussoueou_14.jpg \" alt= \"Canyon du Soussou\u00e9ou en vall\u00e9e d'Ossau \" title_text= \"Soussou\u00e9ou pr\u00e9s de Laruns \" _builder_version=\"4.20.4\u2033 _module_preset=\"default \" global_colors_info=\"{} \"][\/et_pb_image][\/et_pb_column][et_pb_column type=\"1_3\u2033 _builder_version=\"4.20.4\u2033 _module_preset=\"default \" global_colors_info=\"{} \"][et_pb_image src= \"https:\/\/www.aventure-chlorophylle.com\/wp-content\/uploads\/2023\/10\/2023-06-24-Candice-canyon-Bious-Soussoueou_155.jpg \" alt=\"Jump in the Soussou\u00e9ou canyon near Laruns in the Ossau valley 64\u2033 title_text=\"canyoning jump\" _builder_version=\"4.20.4\u2033 _module_preset=\"default \" global_colors_info=\"{} \"][\/et_pb_image][\/et_pb_column][et_pb_column type=\"1_3\u2033 _builder_version=\"4.20.4\u2033 _module_preset=\"default \" global_colors_info=\"{} \"][et_pb_image src= \"https:\/\/www.aventure-chlorophylle.com\/wp-content\/uploads\/2023\/10\/2023-07-31-PM-alex-canyon-canceigt_56.jpg \" alt= \"Toboggan in the Canceigt canyon near Laruns 64\u2033 title_text=\"Toboggan canyon Canceigt \" _builder_version=\"4.20.4\u2033 _module_preset=\"default \" global_colors_info=\"{} \"][\/et_pb_image][\/et_pb_column][\/et_pb_row][et_pb_row column_structure=\"1_2,1_2\u2033 _builder_version=\"4.20.4\u2033 _module_preset=\"default \" global_colors_info=\"{} \"][et_pb_column type=\"1_2\u2033 _builder_version=\"4.20.4\u2033 _module_preset=\"default \" global_colors_info=\"{} \"][et_pb_text _builder_version=\"4.20.4\u2033 _module_preset=\"default \" global_colors_info=\"{} \"]<\/p>\n<h2 style=\"text-align: center;\">History of canyoning<\/h2>\n<p>&nbsp;<\/p>\n<p style=\"text-align: center;\">\u00a0 From <strong>daring fishermen<\/strong> have always explored<strong> narrow gorges<\/strong> on every inhabited continent, while the <strong>cavers and explorers<\/strong> (Edouard-Alfred Martel, Armand Jamet and Lucien Briet) were the first to discover<strong> sites that are more difficult to access<\/strong>. Between the years <strong>1950 and 1980<\/strong>At the same time, the first canyoning descents began to proliferate, with the discovery of massifs such as the Sierra de Guara in Spain. In the 1980s, canyoning emerged from the shadows to become an increasingly popular outdoor sport recognised by the general public.<\/p>\n<p>[et_pb_text][\/et_pb_column][et_pb_column type=\"1_2\u2033 _builder_version=\"4.20.4\u2033 _module_preset=\"default \" global_colors_info=\"{} \"][et_pb_text _builder_version=\"4.20.4\u2033 _module_preset=\"default \" global_colors_info=\"{} \"]<\/p>\n<h2 style=\"text-align: center;\">The definition of canyoning:<\/h2>\n<p>&nbsp;<\/p>\n<p style=\"text-align: center;\">\u00a0 This is a <strong>outdoor activity<\/strong> which consists of <strong>go to<\/strong> a canyon, gorge or river using a variety of techniques including<strong> walk<\/strong>the <strong>swimming<\/strong>on <strong>jump<\/strong>the <strong>slide<\/strong>the <strong>abseiling<\/strong> and the<strong>climbing<\/strong>. This activity allows you to discover breathtaking natural landscapes while facing physical and mental challenges. It requires specialist equipment, including a neoprene wetsuit, helmet, harness, ropes and special shoes for river walking. <a href=\"https:\/\/www.aventure-chlorophylle.com\/en\/canyoning-rafting-pyrenees-atlantiques\/canyoning\/\">Canyoning<\/a> is practised throughout the world and is suitable for people from <strong>all levels of experience<\/strong>from beginners to the most experienced. It's an ideal activity for <strong>thrill-seekers<\/strong> strong and <strong>nature lovers<\/strong>.<\/p>\n<p>[\/et_pb_text][\/et_pb_column][\/et_pb_row][\/et_pb_section]<\/p>","protected":false},"excerpt":{"rendered":"<p>Canyoning in Laruns Discover the canyons of the Ossau valley in the Pyr\u00e9n\u00e9es Atlantiques (64) In the Ossau valley, in the Pyr\u00e9n\u00e9es-Atlantiques, several emblematic canyons await you with a meeting in Laruns. Just 1 hour from Pau, 2 hours from Bayonne and 3 hours from Toulouse and Bordeaux, a change of scenery is guaranteed. You can descend the magnificent [...]<\/p>","protected":false},"author":3,"featured_media":0,"parent":0,"menu_order":0,"comment_status":"closed","ping_status":"closed","template":"","meta":{"_acf_changed":false,"_et_pb_use_builder":"on","_et_pb_old_content":"","_et_gb_content_width":"","inline_featured_image":false,"footnotes":""},"class_list":["post-267706","page","type-page","status-publish","hentry"],"acf":[],"yoast_head":"<!-- This site is optimized with the Yoast SEO plugin v26.7 - https:\/\/yoast.com\/wordpress\/plugins\/seo\/ -->\n<title>Canyoning \u00e0 Laruns - Aventure Chlorophylle<\/title>\n<meta name=\"robots\" content=\"index, follow, max-snippet:-1, max-image-preview:large, max-video-preview:-1\" \/>\n<link rel=\"canonical\" href=\"https:\/\/www.aventure-chlorophylle.com\/en\/canyoning-a-laruns\/\" \/>\n<meta property=\"og:locale\" content=\"en_GB\" \/>\n<meta property=\"og:type\" content=\"article\" \/>\n<meta property=\"og:title\" content=\"Canyoning \u00e0 Laruns - Aventure Chlorophylle\" \/>\n<meta property=\"og:description\" content=\"Canyoning \u00e0 Laruns A la d\u00e9couverte des canyons de la vall\u00e9e d&#039;Ossau dans les Pyr\u00e9n\u00e9es Atlantiques (64) &nbsp; &nbsp;En vall\u00e9e d&#039;Ossau, dans les Pyr\u00e9n\u00e9es-Atlantiques, plusieurs canyons embl\u00e9matiques vous attendent avec rdv \u00e0 Laruns. A seulement 1h de Pau, 2h de Bayonne et 3h de Toulouse et Bordeaux, le d\u00e9paysement est garanti. Vous descendrez les magnifiques [&hellip;]\" \/>\n<meta property=\"og:url\" content=\"https:\/\/www.aventure-chlorophylle.com\/en\/canyoning-a-laruns\/\" \/>\n<meta property=\"og:site_name\" content=\"Aventure Chlorophylle\" \/>\n<meta property=\"article:publisher\" content=\"https:\/\/www.facebook.com\/aventurechlorophylle\" \/>\n<meta property=\"article:modified_time\" content=\"2023-10-12T09:39:21+00:00\" \/>\n<meta name=\"twitter:card\" content=\"summary_large_image\" \/>\n<meta name=\"twitter:label1\" content=\"Estimated reading time\" \/>\n\t<meta name=\"twitter:data1\" content=\"6 minutes\" \/>\n<script type=\"application\/ld+json\" class=\"yoast-schema-graph\">{\"@context\":\"https:\/\/schema.org\",\"@graph\":[{\"@type\":\"WebPage\",\"@id\":\"https:\/\/www.aventure-chlorophylle.com\/canyoning-a-laruns\/\",\"url\":\"https:\/\/www.aventure-chlorophylle.com\/canyoning-a-laruns\/\",\"name\":\"Canyoning \u00e0 Laruns - Aventure Chlorophylle\",\"isPartOf\":{\"@id\":\"https:\/\/www.aventure-chlorophylle.com\/#website\"},\"datePublished\":\"2023-10-12T09:37:35+00:00\",\"dateModified\":\"2023-10-12T09:39:21+00:00\",\"breadcrumb\":{\"@id\":\"https:\/\/www.aventure-chlorophylle.com\/canyoning-a-laruns\/#breadcrumb\"},\"inLanguage\":\"en-GB\",\"potentialAction\":[{\"@type\":\"ReadAction\",\"target\":[\"https:\/\/www.aventure-chlorophylle.com\/canyoning-a-laruns\/\"]}]},{\"@type\":\"BreadcrumbList\",\"@id\":\"https:\/\/www.aventure-chlorophylle.com\/canyoning-a-laruns\/#breadcrumb\",\"itemListElement\":[{\"@type\":\"ListItem\",\"position\":1,\"name\":\"Accueil\",\"item\":\"https:\/\/www.aventure-chlorophylle.com\/\"},{\"@type\":\"ListItem\",\"position\":2,\"name\":\"Canyoning \u00e0 Laruns\"}]},{\"@type\":\"WebSite\",\"@id\":\"https:\/\/www.aventure-chlorophylle.com\/#website\",\"url\":\"https:\/\/www.aventure-chlorophylle.com\/\",\"name\":\"Aventure Chlorophylle\",\"description\":\"Activit\u00e9s de Canyoning, rafting et sp\u00e9l\u00e9ologie dans les Pyr\u00e9n\u00e9es\",\"publisher\":{\"@id\":\"https:\/\/www.aventure-chlorophylle.com\/#organization\"},\"potentialAction\":[{\"@type\":\"SearchAction\",\"target\":{\"@type\":\"EntryPoint\",\"urlTemplate\":\"https:\/\/www.aventure-chlorophylle.com\/?s={search_term_string}\"},\"query-input\":{\"@type\":\"PropertyValueSpecification\",\"valueRequired\":true,\"valueName\":\"search_term_string\"}}],\"inLanguage\":\"en-GB\"},{\"@type\":\"Organization\",\"@id\":\"https:\/\/www.aventure-chlorophylle.com\/#organization\",\"name\":\"Aventure Chlorophylle\",\"url\":\"https:\/\/www.aventure-chlorophylle.com\/\",\"logo\":{\"@type\":\"ImageObject\",\"inLanguage\":\"en-GB\",\"@id\":\"https:\/\/www.aventure-chlorophylle.com\/#\/schema\/logo\/image\/\",\"url\":\"https:\/\/www.aventure-chlorophylle.com\/wp-content\/uploads\/2021\/04\/logo_aventure_chlorophylle.png\",\"contentUrl\":\"https:\/\/www.aventure-chlorophylle.com\/wp-content\/uploads\/2021\/04\/logo_aventure_chlorophylle.png\",\"width\":356,\"height\":392,\"caption\":\"Aventure Chlorophylle\"},\"image\":{\"@id\":\"https:\/\/www.aventure-chlorophylle.com\/#\/schema\/logo\/image\/\"},\"sameAs\":[\"https:\/\/www.facebook.com\/aventurechlorophylle\",\"https:\/\/www.instagram.com\/aventure_chlorophylle\/\"]}]}<\/script>\n<!-- \/ Yoast SEO plugin. -->","yoast_head_json":{"title":"Canyoning in Laruns - Aventure Chlorophylle","robots":{"index":"index","follow":"follow","max-snippet":"max-snippet:-1","max-image-preview":"max-image-preview:large","max-video-preview":"max-video-preview:-1"},"canonical":"https:\/\/www.aventure-chlorophylle.com\/en\/canyoning-a-laruns\/","og_locale":"en_GB","og_type":"article","og_title":"Canyoning \u00e0 Laruns - Aventure Chlorophylle","og_description":"Canyoning \u00e0 Laruns A la d\u00e9couverte des canyons de la vall\u00e9e d'Ossau dans les Pyr\u00e9n\u00e9es Atlantiques (64) &nbsp; &nbsp;En vall\u00e9e d'Ossau, dans les Pyr\u00e9n\u00e9es-Atlantiques, plusieurs canyons embl\u00e9matiques vous attendent avec rdv \u00e0 Laruns. A seulement 1h de Pau, 2h de Bayonne et 3h de Toulouse et Bordeaux, le d\u00e9paysement est garanti. Vous descendrez les magnifiques [&hellip;]","og_url":"https:\/\/www.aventure-chlorophylle.com\/en\/canyoning-a-laruns\/","og_site_name":"Aventure Chlorophylle","article_publisher":"https:\/\/www.facebook.com\/aventurechlorophylle","article_modified_time":"2023-10-12T09:39:21+00:00","twitter_card":"summary_large_image","twitter_misc":{"Estimated reading time":"6 minutes"},"schema":{"@context":"https:\/\/schema.org","@graph":[{"@type":"WebPage","@id":"https:\/\/www.aventure-chlorophylle.com\/canyoning-a-laruns\/","url":"https:\/\/www.aventure-chlorophylle.com\/canyoning-a-laruns\/","name":"Canyoning in Laruns - Aventure Chlorophylle","isPartOf":{"@id":"https:\/\/www.aventure-chlorophylle.com\/#website"},"datePublished":"2023-10-12T09:37:35+00:00","dateModified":"2023-10-12T09:39:21+00:00","breadcrumb":{"@id":"https:\/\/www.aventure-chlorophylle.com\/canyoning-a-laruns\/#breadcrumb"},"inLanguage":"en-GB","potentialAction":[{"@type":"ReadAction","target":["https:\/\/www.aventure-chlorophylle.com\/canyoning-a-laruns\/"]}]},{"@type":"BreadcrumbList","@id":"https:\/\/www.aventure-chlorophylle.com\/canyoning-a-laruns\/#breadcrumb","itemListElement":[{"@type":"ListItem","position":1,"name":"Accueil","item":"https:\/\/www.aventure-chlorophylle.com\/"},{"@type":"ListItem","position":2,"name":"Canyoning \u00e0 Laruns"}]},{"@type":"WebSite","@id":"https:\/\/www.aventure-chlorophylle.com\/#website","url":"https:\/\/www.aventure-chlorophylle.com\/","name":"Chlorophyll Adventure","description":"Canyoning, rafting and caving activities in the Pyrenees","publisher":{"@id":"https:\/\/www.aventure-chlorophylle.com\/#organization"},"potentialAction":[{"@type":"SearchAction","target":{"@type":"EntryPoint","urlTemplate":"https:\/\/www.aventure-chlorophylle.com\/?s={search_term_string}"},"query-input":{"@type":"PropertyValueSpecification","valueRequired":true,"valueName":"search_term_string"}}],"inLanguage":"en-GB"},{"@type":"Organization","@id":"https:\/\/www.aventure-chlorophylle.com\/#organization","name":"Chlorophyll Adventure","url":"https:\/\/www.aventure-chlorophylle.com\/","logo":{"@type":"ImageObject","inLanguage":"en-GB","@id":"https:\/\/www.aventure-chlorophylle.com\/#\/schema\/logo\/image\/","url":"https:\/\/www.aventure-chlorophylle.com\/wp-content\/uploads\/2021\/04\/logo_aventure_chlorophylle.png","contentUrl":"https:\/\/www.aventure-chlorophylle.com\/wp-content\/uploads\/2021\/04\/logo_aventure_chlorophylle.png","width":356,"height":392,"caption":"Aventure Chlorophylle"},"image":{"@id":"https:\/\/www.aventure-chlorophylle.com\/#\/schema\/logo\/image\/"},"sameAs":["https:\/\/www.facebook.com\/aventurechlorophylle","https:\/\/www.instagram.com\/aventure_chlorophylle\/"]}]}},"_links":{"self":[{"href":"https:\/\/www.aventure-chlorophylle.com\/en\/wp-json\/wp\/v2\/pages\/267706","targetHints":{"allow":["GET"]}}],"collection":[{"href":"https:\/\/www.aventure-chlorophylle.com\/en\/wp-json\/wp\/v2\/pages"}],"about":[{"href":"https:\/\/www.aventure-chlorophylle.com\/en\/wp-json\/wp\/v2\/types\/page"}],"author":[{"embeddable":true,"href":"https:\/\/www.aventure-chlorophylle.com\/en\/wp-json\/wp\/v2\/users\/3"}],"replies":[{"embeddable":true,"href":"https:\/\/www.aventure-chlorophylle.com\/en\/wp-json\/wp\/v2\/comments?post=267706"}],"version-history":[{"count":50,"href":"https:\/\/www.aventure-chlorophylle.com\/en\/wp-json\/wp\/v2\/pages\/267706\/revisions"}],"predecessor-version":[{"id":268246,"href":"https:\/\/www.aventure-chlorophylle.com\/en\/wp-json\/wp\/v2\/pages\/267706\/revisions\/268246"}],"wp:attachment":[{"href":"https:\/\/www.aventure-chlorophylle.com\/en\/wp-json\/wp\/v2\/media?parent=267706"}],"curies":[{"name":"wp","href":"https:\/\/api.w.org\/{rel}","templated":true}]}}