{"id":267952,"date":"2023-06-22T14:06:22","date_gmt":"2023-06-22T12:06:22","guid":{"rendered":"https:\/\/www.aventure-chlorophylle.com\/?page_id=267952"},"modified":"2026-03-09T15:23:57","modified_gmt":"2026-03-09T14:23:57","slug":"nos-brochures","status":"publish","type":"page","link":"https:\/\/www.aventure-chlorophylle.com\/en\/nos-brochures\/","title":{"rendered":"Our brochures"},"content":{"rendered":"<p>[et_pb_section fb_built=\u00a0\u00bb1&Prime; _builder_version=\u00a0\u00bb4.20.4&Prime; _module_preset=\u00a0\u00bbdefault\u00a0\u00bb global_colors_info=\u00a0\u00bb{}\u00a0\u00bb][et_pb_row _builder_version=\u00a0\u00bb4.20.4&Prime; _module_preset=\u00a0\u00bbdefault\u00a0\u00bb global_colors_info=\u00a0\u00bb{}\u00a0\u00bb][et_pb_column type=\u00a0\u00bb4_4&Prime; _builder_version=\u00a0\u00bb4.20.4&Prime; _module_preset=\u00a0\u00bbdefault\u00a0\u00bb global_colors_info=\u00a0\u00bb{}\u00a0\u00bb][et_pb_text _builder_version=\u00a0\u00bb4.23.1&Prime; _module_preset=\u00a0\u00bbdefault\u00a0\u00bb global_colors_info=\u00a0\u00bb{}\u00a0\u00bb]<\/p>\n<h1 style=\"text-align: center;\">Our brochures<\/h1>\n<p>&nbsp;<\/p>\n<h2 style=\"text-align: center;\">You can consult our activity catalogues<\/h2>\n<p>[et_pb_text][\/et_pb_column][\/et_pb_row][et_pb_row column_structure=\"1_2,1_2\u2033 _builder_version=\"4.20.4\u2033 _module_preset=\"default \" global_colors_info=\"{} \"][et_pb_column type=\"1_2\u2033 _builder_version=\"4.20.4\u2033 _module_preset=\"default \" global_colors_info=\"{} \"][et_pb_text admin_label=\"Catalogue collectivit\u00e9s \" _builder_version=\"4.20.4\u2033 _module_preset=\"default \" custom_margin=\"60px||||false|false \" global_colors_info=\"{} \"]<\/p>\n<h2 style=\"text-align: center;\">Catalogue of community activities for young people aged 7 to 17<\/h2>\n<p>&nbsp;<\/p>\n<p style=\"text-align: center;\">In this catalogue you can find all our activities for young people in communities, whether in <strong>leisure centre (ALSH)<\/strong>, <strong>social centre<\/strong>, <strong>primary schools<\/strong>, <strong>secondary schools<\/strong>, <strong>youth centre<\/strong>,<strong>communities of communes, ...<\/strong><\/p>\n<p style=\"text-align: center;\">Activities are aimed at <strong>young people aged 7 and over<\/strong>. Whether you're into water, underground or climbing, there's something for everyone. Do you have a <strong>education project<\/strong> or <strong>educational<\/strong>Don't hesitate to let us know.<\/p>\n<p>[\/et_pb_text][dnxte_button button_text=\"Consult \" button_link=\"https:\/\/www.aventure-chlorophylle.com\/wp-content\/uploads\/2024\/03\/Catalogues-jeunes-2024-imprimable.pdf \" dnxt_button_alignment=\"center \" _builder_version=\"4.23.1\u2033 _module_preset=\"default \" global_colors_info=\"{} \"][\/dnxte_button][\/et_pb_column][et_pb_column type=\"1_2\u2033 _builder_version=\"4.20.4\u2033 _module_preset=\"default \" global_colors_info=\"{} \"][et_pb_image src= \"https:\/\/www.aventure-chlorophylle.com\/wp-content\/uploads\/2023\/06\/couverture-catalogue-collectivites.jpg \" alt= \"Catalogue of community activities for young people aged 7 to 17 \" title_text= \" catalogue activit\u00e9s collectivit\u00e9s \" _builder_version=\"4.20.4\u2033 _module_preset=\"default \" custom_margin=\"60px||1rem||false|false \" global_colors_info=\"{} \"][\/et_pb_image][\/et_pb_column][\/et_pb_row][et_pb_row column_structure=\"1_2,1_2\u2033 _builder_version=\"4.20.4\u2033 _module_preset=\"default \" global_colors_info=\"{} \"][et_pb_column type=\"1_2\u2033 _builder_version=\"4.20.4\u2033 _module_preset=\"default \" global_colors_info=\"{} \"][et_pb_text admin_label=\"special catalogue\" _builder_version=\"4.20.4\u2033 _module_preset=\"default \" global_colors_info=\"{} \"]<\/p>\n<h2 style=\"text-align: center;\">Catalogue of activities for individuals<\/h2>\n<p>&nbsp;<\/p>\n<p style=\"text-align: center;\">All our mountain and white-water activities are brought together in this catalogue. Canyoning in the Ossau valley in the Pyrenees, rafting 30 minutes from Pau, underground exploration of caves with speleology, playing with verticality on the via ferrata at Siala, the via cordata at Hourat or on the cliffs climbing at Arudy or pedalling down mountain trails on downhill mountain bikes or electric mountain bikes.<\/p>\n<p style=\"text-align: center;\">We have activities for all levels and all tastes. One phone number for <a href=\"https:\/\/www.aventure-chlorophylle.com\/en\/contact-and-booking\/\" target=\"_blank\" rel=\"noopener\">book your sensations activities<\/a> during your stay in the Ossau Valley in the Pyr\u00e9n\u00e9es Atlantiques.<\/p>\n<p>[\/et_pb_text][dnxte_button button_text=\u00a0\u00bbConsulter\u00a0\u00bb button_link=\u00a0\u00bbhttps:\/\/www.aventure-chlorophylle.com\/wp-content\/uploads\/2026\/03\/Catalogue-particuliers-2026.pdf\u00a0\u00bb dnxt_button_alignment=\u00a0\u00bbcenter\u00a0\u00bb _builder_version=\u00a0\u00bb4.27.4&Prime; _module_preset=\u00a0\u00bbdefault\u00a0\u00bb hover_enabled=\u00a0\u00bb0&Prime; global_colors_info=\u00a0\u00bb{}\u00a0\u00bb sticky_enabled=\u00a0\u00bb0&Prime;][\/dnxte_button][\/et_pb_column][et_pb_column type=\u00a0\u00bb1_2&Prime; _builder_version=\u00a0\u00bb4.20.4&Prime; _module_preset=\u00a0\u00bbdefault\u00a0\u00bb global_colors_info=\u00a0\u00bb{}\u00a0\u00bb][et_pb_image src=\u00a0\u00bbhttps:\/\/www.aventure-chlorophylle.com\/wp-content\/uploads\/2023\/06\/Catalogue-activites-particuliers-couverture.jpg\u00a0\u00bb alt=\u00a0\u00bbCatalogue d&rsquo;activit\u00e9s pour les familles, amis EVG\/EVJF, solo\u00a0\u00bb title_text=\u00a0\u00bbCatalogue activit\u00e9s particuliers \u00a0\u00bb _builder_version=\u00a0\u00bb4.20.4&Prime; _module_preset=\u00a0\u00bbdefault\u00a0\u00bb global_colors_info=\u00a0\u00bb{}\u00a0\u00bb][\/et_pb_image][\/et_pb_column][\/et_pb_row][\/et_pb_section]<\/p>","protected":false},"excerpt":{"rendered":"<p>Our brochures You can consult our activity cataloguesActivity catalogue for young people aged 7 to 17 in local authorities In this catalogue you can find all our activities for young people in local authorities, whether in leisure centres (ALSH), social centres, primary schools, secondary schools, youth centres, local authorities, etc. [...] [...] [...] [...] [...] [...] [...] [...] [...] [...] [...] [....<\/p>","protected":false},"author":3,"featured_media":0,"parent":0,"menu_order":0,"comment_status":"closed","ping_status":"closed","template":"","meta":{"_acf_changed":false,"_et_pb_use_builder":"on","_et_pb_old_content":"","_et_gb_content_width":"","inline_featured_image":false,"footnotes":""},"class_list":["post-267952","page","type-page","status-publish","hentry"],"acf":[],"yoast_head":"<!-- This site is optimized with the Yoast SEO plugin v26.7 - https:\/\/yoast.com\/wordpress\/plugins\/seo\/ -->\n<title>Nos brochures - Aventure Chlorophylle<\/title>\n<meta name=\"robots\" content=\"index, follow, max-snippet:-1, max-image-preview:large, max-video-preview:-1\" \/>\n<link rel=\"canonical\" href=\"https:\/\/www.aventure-chlorophylle.com\/en\/nos-brochures\/\" \/>\n<meta property=\"og:locale\" content=\"en_GB\" \/>\n<meta property=\"og:type\" content=\"article\" \/>\n<meta property=\"og:title\" content=\"Nos brochures - Aventure Chlorophylle\" \/>\n<meta property=\"og:description\" content=\"Nos brochures &nbsp; Vous pouvez consulter nos catalogues d&#039;activit\u00e9sCatalogue activit\u00e9s pour les jeunes de 7 \u00e0 17 ans en collectivit\u00e9s &nbsp; Dans ce catalogue vous pouvez retrouver toutes nos activit\u00e9s pour les jeunes en collectivit\u00e9s que ce soit en accueil de loisirs (ALSH), centre social, \u00e9coles primaires, coll\u00e8ges et lyc\u00e9es, point jeunes,communaut\u00e9s de communes, ... [&hellip;]\" \/>\n<meta property=\"og:url\" content=\"https:\/\/www.aventure-chlorophylle.com\/en\/nos-brochures\/\" \/>\n<meta property=\"og:site_name\" content=\"Aventure Chlorophylle\" \/>\n<meta property=\"article:publisher\" content=\"https:\/\/www.facebook.com\/aventurechlorophylle\" \/>\n<meta property=\"article:modified_time\" content=\"2026-03-09T14:23:57+00:00\" \/>\n<meta name=\"twitter:card\" content=\"summary_large_image\" \/>\n<meta name=\"twitter:label1\" content=\"Estimated reading time\" \/>\n\t<meta name=\"twitter:data1\" content=\"3 minutes\" \/>\n<script type=\"application\/ld+json\" class=\"yoast-schema-graph\">{\"@context\":\"https:\/\/schema.org\",\"@graph\":[{\"@type\":\"WebPage\",\"@id\":\"https:\/\/www.aventure-chlorophylle.com\/nos-brochures\/\",\"url\":\"https:\/\/www.aventure-chlorophylle.com\/nos-brochures\/\",\"name\":\"Nos brochures - Aventure Chlorophylle\",\"isPartOf\":{\"@id\":\"https:\/\/www.aventure-chlorophylle.com\/#website\"},\"datePublished\":\"2023-06-22T12:06:22+00:00\",\"dateModified\":\"2026-03-09T14:23:57+00:00\",\"breadcrumb\":{\"@id\":\"https:\/\/www.aventure-chlorophylle.com\/nos-brochures\/#breadcrumb\"},\"inLanguage\":\"en-GB\",\"potentialAction\":[{\"@type\":\"ReadAction\",\"target\":[\"https:\/\/www.aventure-chlorophylle.com\/nos-brochures\/\"]}]},{\"@type\":\"BreadcrumbList\",\"@id\":\"https:\/\/www.aventure-chlorophylle.com\/nos-brochures\/#breadcrumb\",\"itemListElement\":[{\"@type\":\"ListItem\",\"position\":1,\"name\":\"Accueil\",\"item\":\"https:\/\/www.aventure-chlorophylle.com\/\"},{\"@type\":\"ListItem\",\"position\":2,\"name\":\"Nos brochures\"}]},{\"@type\":\"WebSite\",\"@id\":\"https:\/\/www.aventure-chlorophylle.com\/#website\",\"url\":\"https:\/\/www.aventure-chlorophylle.com\/\",\"name\":\"Aventure Chlorophylle\",\"description\":\"Activit\u00e9s de Canyoning, rafting et sp\u00e9l\u00e9ologie dans les Pyr\u00e9n\u00e9es\",\"publisher\":{\"@id\":\"https:\/\/www.aventure-chlorophylle.com\/#organization\"},\"potentialAction\":[{\"@type\":\"SearchAction\",\"target\":{\"@type\":\"EntryPoint\",\"urlTemplate\":\"https:\/\/www.aventure-chlorophylle.com\/?s={search_term_string}\"},\"query-input\":{\"@type\":\"PropertyValueSpecification\",\"valueRequired\":true,\"valueName\":\"search_term_string\"}}],\"inLanguage\":\"en-GB\"},{\"@type\":\"Organization\",\"@id\":\"https:\/\/www.aventure-chlorophylle.com\/#organization\",\"name\":\"Aventure Chlorophylle\",\"url\":\"https:\/\/www.aventure-chlorophylle.com\/\",\"logo\":{\"@type\":\"ImageObject\",\"inLanguage\":\"en-GB\",\"@id\":\"https:\/\/www.aventure-chlorophylle.com\/#\/schema\/logo\/image\/\",\"url\":\"https:\/\/www.aventure-chlorophylle.com\/wp-content\/uploads\/2021\/04\/logo_aventure_chlorophylle.png\",\"contentUrl\":\"https:\/\/www.aventure-chlorophylle.com\/wp-content\/uploads\/2021\/04\/logo_aventure_chlorophylle.png\",\"width\":356,\"height\":392,\"caption\":\"Aventure Chlorophylle\"},\"image\":{\"@id\":\"https:\/\/www.aventure-chlorophylle.com\/#\/schema\/logo\/image\/\"},\"sameAs\":[\"https:\/\/www.facebook.com\/aventurechlorophylle\",\"https:\/\/www.instagram.com\/aventure_chlorophylle\/\"]}]}<\/script>\n<!-- \/ Yoast SEO plugin. -->","yoast_head_json":{"title":"Our brochures - Aventure Chlorophylle","robots":{"index":"index","follow":"follow","max-snippet":"max-snippet:-1","max-image-preview":"max-image-preview:large","max-video-preview":"max-video-preview:-1"},"canonical":"https:\/\/www.aventure-chlorophylle.com\/en\/nos-brochures\/","og_locale":"en_GB","og_type":"article","og_title":"Nos brochures - Aventure Chlorophylle","og_description":"Nos brochures &nbsp; Vous pouvez consulter nos catalogues d'activit\u00e9sCatalogue activit\u00e9s pour les jeunes de 7 \u00e0 17 ans en collectivit\u00e9s &nbsp; Dans ce catalogue vous pouvez retrouver toutes nos activit\u00e9s pour les jeunes en collectivit\u00e9s que ce soit en accueil de loisirs (ALSH), centre social, \u00e9coles primaires, coll\u00e8ges et lyc\u00e9es, point jeunes,communaut\u00e9s de communes, ... [&hellip;]","og_url":"https:\/\/www.aventure-chlorophylle.com\/en\/nos-brochures\/","og_site_name":"Aventure Chlorophylle","article_publisher":"https:\/\/www.facebook.com\/aventurechlorophylle","article_modified_time":"2026-03-09T14:23:57+00:00","twitter_card":"summary_large_image","twitter_misc":{"Estimated reading time":"3 minutes"},"schema":{"@context":"https:\/\/schema.org","@graph":[{"@type":"WebPage","@id":"https:\/\/www.aventure-chlorophylle.com\/nos-brochures\/","url":"https:\/\/www.aventure-chlorophylle.com\/nos-brochures\/","name":"Our brochures - Aventure Chlorophylle","isPartOf":{"@id":"https:\/\/www.aventure-chlorophylle.com\/#website"},"datePublished":"2023-06-22T12:06:22+00:00","dateModified":"2026-03-09T14:23:57+00:00","breadcrumb":{"@id":"https:\/\/www.aventure-chlorophylle.com\/nos-brochures\/#breadcrumb"},"inLanguage":"en-GB","potentialAction":[{"@type":"ReadAction","target":["https:\/\/www.aventure-chlorophylle.com\/nos-brochures\/"]}]},{"@type":"BreadcrumbList","@id":"https:\/\/www.aventure-chlorophylle.com\/nos-brochures\/#breadcrumb","itemListElement":[{"@type":"ListItem","position":1,"name":"Accueil","item":"https:\/\/www.aventure-chlorophylle.com\/"},{"@type":"ListItem","position":2,"name":"Nos brochures"}]},{"@type":"WebSite","@id":"https:\/\/www.aventure-chlorophylle.com\/#website","url":"https:\/\/www.aventure-chlorophylle.com\/","name":"Chlorophyll Adventure","description":"Canyoning, rafting and caving activities in the Pyrenees","publisher":{"@id":"https:\/\/www.aventure-chlorophylle.com\/#organization"},"potentialAction":[{"@type":"SearchAction","target":{"@type":"EntryPoint","urlTemplate":"https:\/\/www.aventure-chlorophylle.com\/?s={search_term_string}"},"query-input":{"@type":"PropertyValueSpecification","valueRequired":true,"valueName":"search_term_string"}}],"inLanguage":"en-GB"},{"@type":"Organization","@id":"https:\/\/www.aventure-chlorophylle.com\/#organization","name":"Chlorophyll Adventure","url":"https:\/\/www.aventure-chlorophylle.com\/","logo":{"@type":"ImageObject","inLanguage":"en-GB","@id":"https:\/\/www.aventure-chlorophylle.com\/#\/schema\/logo\/image\/","url":"https:\/\/www.aventure-chlorophylle.com\/wp-content\/uploads\/2021\/04\/logo_aventure_chlorophylle.png","contentUrl":"https:\/\/www.aventure-chlorophylle.com\/wp-content\/uploads\/2021\/04\/logo_aventure_chlorophylle.png","width":356,"height":392,"caption":"Aventure Chlorophylle"},"image":{"@id":"https:\/\/www.aventure-chlorophylle.com\/#\/schema\/logo\/image\/"},"sameAs":["https:\/\/www.facebook.com\/aventurechlorophylle","https:\/\/www.instagram.com\/aventure_chlorophylle\/"]}]}},"_links":{"self":[{"href":"https:\/\/www.aventure-chlorophylle.com\/en\/wp-json\/wp\/v2\/pages\/267952","targetHints":{"allow":["GET"]}}],"collection":[{"href":"https:\/\/www.aventure-chlorophylle.com\/en\/wp-json\/wp\/v2\/pages"}],"about":[{"href":"https:\/\/www.aventure-chlorophylle.com\/en\/wp-json\/wp\/v2\/types\/page"}],"author":[{"embeddable":true,"href":"https:\/\/www.aventure-chlorophylle.com\/en\/wp-json\/wp\/v2\/users\/3"}],"replies":[{"embeddable":true,"href":"https:\/\/www.aventure-chlorophylle.com\/en\/wp-json\/wp\/v2\/comments?post=267952"}],"version-history":[{"count":26,"href":"https:\/\/www.aventure-chlorophylle.com\/en\/wp-json\/wp\/v2\/pages\/267952\/revisions"}],"predecessor-version":[{"id":269894,"href":"https:\/\/www.aventure-chlorophylle.com\/en\/wp-json\/wp\/v2\/pages\/267952\/revisions\/269894"}],"wp:attachment":[{"href":"https:\/\/www.aventure-chlorophylle.com\/en\/wp-json\/wp\/v2\/media?parent=267952"}],"curies":[{"name":"wp","href":"https:\/\/api.w.org\/{rel}","templated":true}]}}