{"id":268166,"date":"2023-10-11T17:06:06","date_gmt":"2023-10-11T15:06:06","guid":{"rendered":"https:\/\/www.aventure-chlorophylle.com\/?page_id=268166"},"modified":"2025-03-18T11:19:46","modified_gmt":"2025-03-18T10:19:46","slug":"canyoning-en-vallee-dossau","status":"publish","type":"page","link":"https:\/\/www.aventure-chlorophylle.com\/en\/canyoning-en-vallee-dossau\/","title":{"rendered":"Canyoning in the Ossau valley"},"content":{"rendered":"<p>[et_pb_section fb_built=\"1\u2033 admin_label=\"section \" _builder_version=\"4.16\u2033 global_colors_info=\"{} \"][et_pb_row admin_label=\"row \" _builder_version=\"4.16\u2033 background_size=\"initial \" background_position=\"top_left \" background_repeat=\"repeat \" global_colors_info=\"{} \"][et_pb_column type=\"4_4\u2033 _builder_version=\"4.16\u2033 custom_padding=\"||| \" global_colors_info=\"{} \" custom_padding__hover=\"||| \"][et_pb_text _builder_version=\"4.20.4\u2033 _module_preset=\"default \" global_colors_info=\"{} \"]<\/p>\n<h1 style=\"text-align: center;\">Canyoning in the Ossau valley<\/h1>\n<p>[\/et_pb_text][\/et_pb_column][\/et_pb_row][et_pb_row _builder_version=\u00a0\u00bb4.23.1&Prime; _module_preset=\u00a0\u00bbdefault\u00a0\u00bb hover_enabled=\u00a0\u00bb0&Prime; global_colors_info=\u00a0\u00bb{}\u00a0\u00bb sticky_enabled=\u00a0\u00bb0&Prime;][et_pb_column type=\u00a0\u00bb4_4&Prime; _builder_version=\u00a0\u00bb4.20.4&Prime; _module_preset=\u00a0\u00bbdefault\u00a0\u00bb global_colors_info=\u00a0\u00bb{}\u00a0\u00bb][et_pb_text _builder_version=\u00a0\u00bb4.23.1&Prime; _module_preset=\u00a0\u00bbdefault\u00a0\u00bb hover_enabled=\u00a0\u00bb0&Prime; global_colors_info=\u00a0\u00bb{}\u00a0\u00bb sticky_enabled=\u00a0\u00bb0&Prime;]<\/p>\n<h2 style=\"text-align: center;\">The Ossau valley, just 1 hour from Pau in the Pyr\u00e9n\u00e9es Atlantiques and 3 hours from Bordeaux and Toulouse, boasts some of the most spectacular canyons in south-west France.<\/h2>\n<p>[\/et_pb_text][\/et_pb_column][\/et_pb_row][et_pb_row column_structure=\u00a0\u00bb1_2,1_2&Prime; _builder_version=\u00a0\u00bb4.20.4&Prime; _module_preset=\u00a0\u00bbdefault\u00a0\u00bb global_colors_info=\u00a0\u00bb{}\u00a0\u00bb][et_pb_column type=\u00a0\u00bb1_2&Prime; _builder_version=\u00a0\u00bb4.20.4&Prime; _module_preset=\u00a0\u00bbdefault\u00a0\u00bb global_colors_info=\u00a0\u00bb{}\u00a0\u00bb][et_pb_text _builder_version=\u00a0\u00bb4.23.1&Prime; _module_preset=\u00a0\u00bbdefault\u00a0\u00bb hover_enabled=\u00a0\u00bb0&Prime; global_colors_info=\u00a0\u00bb{}\u00a0\u00bb sticky_enabled=\u00a0\u00bb0&Prime;]<\/p>\n<h3 style=\"text-align: center;\">Canyons in the Ossau valley<\/h3>\n<div class=\"flex flex-grow flex-col gap-3 max-w-full\">\n<div class=\"min-h-[20px] flex flex-col items-start gap-3 whitespace-pre-wrap break-words overflow-x-auto\">\n<div class=\"markdown prose w-full break-words dark:prose-invert light\">\n<p>The Ossau valley in the Pyr\u00e9n\u00e9es-Atlantiques is famous for its iconic Pic du Midi d'Ossau. It offers the perfect terrain for a variety of canyoning experiences, suitable for all levels of experience.<\/p>\n<p>Whether you are a novice or already experienced in the art of <a href=\"https:\/\/www.aventure-chlorophylle.com\/en\/canyoning-rafting-pyrenees-atlantiques\/canyoning\/\">canyoning<\/a>We've got itineraries to suit you. For beginners, our guides will take you through the canyons of Canceigt in B\u00e9ost and Bious in Gabas, offering an accessible introduction to this exciting activity. If you're more adventurous and fit, don't miss the must-do Soussou\u00e9ou canyon at Artouste, as well as the Cap de Pount and Brousset canyons, nestling in the heart of the Pyrenees National Park. These experiences will leave you with unforgettable memories, with a variety of landscapes, from the narrow gorges of the Canceigt to the chain of basins of the Soussou\u00e9ou and the open waterways of the Bious canyon.<\/p>\n<p>For thrill-seekers and experienced canyoneers, we offer the legendary descent of the Bitet canyon, including a 35-metre abseil and an ejector slide of up to 10 metres. This adventure can be enjoyed over a full day or half-day, depending on your preference.<\/p>\n<p>All these canyons are located around Laruns, in the heart of the Ossau valley, and offer a wide range of landscapes, from the narrow gorges of the Canceigt to the series of basins of the Soussou\u00e9ou, not forgetting the often open rivers of the Bious canyon.<\/p>\n<\/div>\n<\/div>\n<\/div>\n<p>&nbsp;<\/p>\n<p>&nbsp;<\/p>\n<p>[\/et_pb_text][\/et_pb_column][et_pb_column type=\u00a0\u00bb1_2&Prime; _builder_version=\u00a0\u00bb4.20.4&Prime; _module_preset=\u00a0\u00bbdefault\u00a0\u00bb global_colors_info=\u00a0\u00bb{}\u00a0\u00bb][et_pb_image src=\u00a0\u00bbhttps:\/\/www.aventure-chlorophylle.com\/wp-content\/uploads\/2021\/05\/pic-ossau.jpg\u00a0\u00bb alt=\u00a0\u00bbPic du midi d&rsquo;Ossau avec un guide de haute montagne de la vall\u00e9e d&rsquo;Ossau\u00a0\u00bb title_text=\u00a0\u00bbPic du midi d&rsquo;Ossau\u00a0\u00bb _builder_version=\u00a0\u00bb4.20.4&Prime; _module_preset=\u00a0\u00bbdefault\u00a0\u00bb custom_margin=\u00a0\u00bb40px||1rem||false|false\u00a0\u00bb global_colors_info=\u00a0\u00bb{}\u00a0\u00bb][\/et_pb_image][\/et_pb_column][\/et_pb_row][et_pb_row column_structure=\u00a0\u00bb1_2,1_2&Prime; _builder_version=\u00a0\u00bb4.20.4&Prime; _module_preset=\u00a0\u00bbdefault\u00a0\u00bb global_colors_info=\u00a0\u00bb{}\u00a0\u00bb][et_pb_column type=\u00a0\u00bb1_2&Prime; _builder_version=\u00a0\u00bb4.20.4&Prime; _module_preset=\u00a0\u00bbdefault\u00a0\u00bb global_colors_info=\u00a0\u00bb{}\u00a0\u00bb][et_pb_image src=\u00a0\u00bbhttps:\/\/www.aventure-chlorophylle.com\/wp-content\/uploads\/2021\/05\/Canyon-du-Bitet-en-vallee-dOssau-64013.jpg\u00a0\u00bb alt=\u00a0\u00bbPhoto de groupe dans le bitet \u00e0 1h de Pau\u00a0\u00bb title_text=\u00a0\u00bbCanyon du Bitet en vall\u00e9e d&rsquo;Ossau (64)\u00a0\u00bb _builder_version=\u00a0\u00bb4.20.4&Prime; _module_preset=\u00a0\u00bbdefault\u00a0\u00bb global_colors_info=\u00a0\u00bb{}\u00a0\u00bb][\/et_pb_image][\/et_pb_column][et_pb_column type=\u00a0\u00bb1_2&Prime; _builder_version=\u00a0\u00bb4.20.4&Prime; _module_preset=\u00a0\u00bbdefault\u00a0\u00bb global_colors_info=\u00a0\u00bb{}\u00a0\u00bb][et_pb_text _builder_version=\u00a0\u00bb4.23.1&Prime; _module_preset=\u00a0\u00bbdefault\u00a0\u00bb hover_enabled=\u00a0\u00bb0&Prime; global_colors_info=\u00a0\u00bb{}\u00a0\u00bb sticky_enabled=\u00a0\u00bb0&Prime;]<\/p>\n<h3>Le Bitet, the great race of the Ossau valley<\/h3>\n<p>&nbsp;<\/p>\n<p>The lower Bitet is an exceptional canyoning adventure located in the Ossau valley, in the heart of B\u00e9arn in the Pyr\u00e9n\u00e9es-Atlantiques region of France. This canyoning descent offers a thrilling experience for thrill-seekers. It's renowned for its unique features, including a 35-metre spider-wire abseil, as well as an impressive ejector slide, where you can slide up to 10 metres before plunging into the crystal-clear waters of the Bitet.<\/p>\n<p>This canyoning trip offers exciting challenges for experienced canyoneers, testing their skills along the way. The steep walls, impressive rock formations and spectacular waterfalls create a breathtaking natural backdrop.<\/p>\n<p>A day or half-day in the lower Bitet canyon guarantees an unforgettable adventure in the heart of the wilderness of the Atlantic Pyrenees. It's an ideal experience for those looking to push their limits and experience the excitement of canyoning in a beautiful and challenging environment. Prepare to be amazed by the raw beauty of this canyon as you take on some exciting challenges.<\/p>\n<p>[\/et_pb_text][\/et_pb_column][\/et_pb_row][et_pb_row column_structure=\u00a0\u00bb1_2,1_2&Prime; _builder_version=\u00a0\u00bb4.20.4&Prime; _module_preset=\u00a0\u00bbdefault\u00a0\u00bb global_colors_info=\u00a0\u00bb{}\u00a0\u00bb][et_pb_column type=\u00a0\u00bb1_2&Prime; _builder_version=\u00a0\u00bb4.20.4&Prime; _module_preset=\u00a0\u00bbdefault\u00a0\u00bb global_colors_info=\u00a0\u00bb{}\u00a0\u00bb][et_pb_text _builder_version=\u00a0\u00bb4.23.1&Prime; _module_preset=\u00a0\u00bbdefault\u00a0\u00bb hover_enabled=\u00a0\u00bb0&Prime; global_colors_info=\u00a0\u00bb{}\u00a0\u00bb sticky_enabled=\u00a0\u00bb0&Prime;]<\/p>\n<div class=\"flex flex-grow flex-col gap-3 max-w-full\">\n<div class=\"min-h-[20px] flex flex-col items-start gap-3 whitespace-pre-wrap break-words overflow-x-auto\">\n<h3>The Soussou\u00e9ou in the Ossau valley<\/h3>\n<p>&nbsp;<\/p>\n<div class=\"markdown prose w-full break-words dark:prose-invert light\">\n<p>The Soussou\u00e9ou, located in the Ossau valley, is a must-see destination for sports enthusiasts in search of thrills. This canyon offers a series of attractions, with its crystal-clear water always fresh, jumps into numerous basins and exciting slides. The descent is a sequence of uninterrupted obstacles, offering a sustained and thrilling rhythm.<\/p>\n<p>The Soussou\u00e9ou torrent rises just downstream of the Artouste dam, tumbling down a glacial valley before coming up against a granite lock, marking the start of a fun and sporting adventure. This activity is available as a half-day or short day trip, with a choice of excursions offered by Aventure Chlorophylle. The full-day version includes a more relaxed pace and a picnic by the water.<\/p>\n<p>This canyoning trip features a range of exciting obstacles, including slides, an 11-metre abseil under a waterfall, jumps and clear pools. The variety of experiences throughout the canyon offers a mix of excitement and relaxation. Guests are often surprised by the length of the adventure, which can last from two and a half to four and a half hours, depending on the option chosen. Le Soussou\u00e9ou is a granite jewel nestling in the heart of the Ossau valley, ready to offer you a memorable experience.<\/p>\n<\/div>\n<\/div>\n<\/div>\n<p>[et_pb_text][\/et_pb_column][et_pb_column type=\"1_2\u2033 _builder_version=\"4.20.4\u2033 _module_preset=\"default \" global_colors_info=\"{} \"][et_pb_image src= \"https:\/\/www.aventure-chlorophylle.com\/wp-content\/uploads\/2021\/10\/Canyon-duSoussoueou-Vallee-dOssau-64039.jpg \" alt= \"Canyoning in the Soussou\u00e9ou gorges, 1 hour from Pau in the heart of the Pyrenees \" title_text= \"Canyon duSoussou\u00e9ou (Vall\u00e9e d'Ossau 64) \" _builder_version=\"4.20.4\u2033 _module_preset=\"default \" global_colors_info=\"{} \"][\/et_pb_image][\/et_pb_column][\/et_pb_row][et_pb_row column_structure=\"1_2,1_2\u2033 _builder_version=\"4.20.4\u2033 _module_preset=\"default \" global_colors_info=\"{} \"][et_pb_column type=\"1_2\u2033 _builder_version=\"4.20.4\u2033 _module_preset=\"default \" global_colors_info=\"{} \"][et_pb_image src= \"https:\/\/www.aventure-chlorophylle.com\/wp-content\/uploads\/2023\/06\/Canyon-de-Cap-de-Pount-Parc-national-des-Pyrenees008.jpg \" alt= \"Descent of the Cap de Pount canyon in the Pyrenees National Park\" title_text=\"Cap de Pount canyon (Pyrenees National Park)008\u2033 _builder_version=\"4.20.4\u2033 _module_preset=\"default \" global_colors_info=\"{} \"][\/et_pb_image][\/et_pb_column][et_pb_column type=\"1_2\u2033 _builder_version=\"4.20.4\u2033 _module_preset=\"default \" global_colors_info=\"{} \"][et_pb_text _builder_version=\"4.20.4\u2033 _module_preset=\"default \" global_colors_info=\"{} \"]<\/p>\n<div class=\"flex flex-grow flex-col gap-3 max-w-full\">\n<div class=\"min-h-[20px] flex flex-col items-start gap-3 whitespace-pre-wrap break-words overflow-x-auto\">\n<div class=\"markdown prose w-full break-words dark:prose-invert light\">\n<h3>Cap de Pount, a jewel in the heart of the national park<\/h3>\n<p>&nbsp;<\/p>\n<p>In the heart of the Pyrenees National Park, this wild canyon is a treasure nestling at the foot of the Pic du Midi d'Ossau. Just half an hour from Laruns and an hour from Pau, access is from a car park that provides an ideal starting point for this captivating adventure. Although Cap de Pount is only 400 metres long, the challenging outing involves walks to and from the summit, adding 2 hours 15 minutes to 2 hours 45 minutes to the total time. Features of Cap de Pount include a majestic 12-metre waterfall and a final 7-metre jump, with the depth of the basins checked annually.<\/p>\n<p>The hike to the canyon, from the Bious-Artigues or Bious-Oumettes car parks depending on the number of visitors, offers some enchanting scenery. The forest, the turquoise lake and the high pastures on the Bious plateau are pleasant stops on the way to the gorge. The surrounding area is home to herds of cows, mares and sheep, offering a pastoral spectacle. Cap dePount lies at an altitude of 1,600 metres and offers refreshing waters, hidden behind a line of hooked pines. This canyoning descent features a series of jumps, sculpted potholes and other geological wonders. The walls are overhung by hooked pines, trees endogenous to the Pyrenees, while the geology of the canyon reveals Hercynian folds. A fascinating exploration in an exceptional natural setting.<\/p>\n<\/div>\n<\/div>\n<\/div>\n<p>[\/et_pb_text][\/et_pb_column][\/et_pb_row][et_pb_row _builder_version=\u00a0\u00bb4.20.4&Prime; _module_preset=\u00a0\u00bbdefault\u00a0\u00bb global_colors_info=\u00a0\u00bb{}\u00a0\u00bb][et_pb_column type=\u00a0\u00bb4_4&Prime; _builder_version=\u00a0\u00bb4.20.4&Prime; _module_preset=\u00a0\u00bbdefault\u00a0\u00bb global_colors_info=\u00a0\u00bb{}\u00a0\u00bb][et_pb_text _builder_version=\u00a0\u00bb4.23.1&Prime; _module_preset=\u00a0\u00bbdefault\u00a0\u00bb hover_enabled=\u00a0\u00bb0&Prime; global_colors_info=\u00a0\u00bb{}\u00a0\u00bb sticky_enabled=\u00a0\u00bb0&Prime;]<\/p>\n<h3>Equipment required for canyoning<\/h3>\n<ul>\n<li>Swimming costume: wear it under the neoprene wetsuit supplied.<\/li>\n<li>Change of clothes: for after the activity.<\/li>\n<li>Towel: to dry off after canyoning.<\/li>\n<li>Closed-toe sports shoes: make sure they are suitable for wet and rocky conditions.<\/li>\n<li>Sunglasses with safety cord.<\/li>\n<li>Energy snacks: to replenish your strength during the activity.<\/li>\n<li>Enough water: to keep you hydrated.<\/li>\n<\/ul>\n<p>Equipment provided by the guide:<\/p>\n<ul>\n<li>Neoprene wetsuit: to keep you dry and warm.<\/li>\n<li>Neoprene socks: to protect your feet.<\/li>\n<li>Harnesses, helmets, ropes, karabiners, etc.<\/li>\n<li>Waterproof rucksack: for carrying food, water, a change of clothes and other personal belongings.<\/li>\n<\/ul>\n<p>[\/et_pb_text][\/et_pb_column][\/et_pb_row][\/et_pb_section]<\/p>","protected":false},"excerpt":{"rendered":"<p>Canyoning in the Ossau valleyThe Ossau valley, located 1 hour from Pau in the Pyr\u00e9n\u00e9es Atlantiques and 3 hours from Bordeaux and Toulouse, boasts some of the most spectacular canyons in south-west France.The Ossau valley The Ossau valley, located in the Pyr\u00e9n\u00e9es Atlantiques, is famous for its emblematic Pic du Midi d'Ossau. It offers ideal terrain for [...]<\/p>","protected":false},"author":3,"featured_media":268172,"parent":0,"menu_order":0,"comment_status":"closed","ping_status":"closed","template":"","meta":{"_acf_changed":false,"_et_pb_use_builder":"on","_et_pb_old_content":"","_et_gb_content_width":"","inline_featured_image":false,"footnotes":""},"class_list":["post-268166","page","type-page","status-publish","has-post-thumbnail","hentry"],"acf":[],"yoast_head":"<!-- This site is optimized with the Yoast SEO plugin v26.7 - https:\/\/yoast.com\/wordpress\/plugins\/seo\/ -->\n<title>Canyoning en vall\u00e9e d&#039;ossau - Aventure Chlorophylle<\/title>\n<meta name=\"robots\" content=\"index, follow, max-snippet:-1, max-image-preview:large, max-video-preview:-1\" \/>\n<link rel=\"canonical\" href=\"https:\/\/www.aventure-chlorophylle.com\/en\/canyoning-en-vallee-dossau\/\" \/>\n<meta property=\"og:locale\" content=\"en_GB\" \/>\n<meta property=\"og:type\" content=\"article\" \/>\n<meta property=\"og:title\" content=\"Canyoning en vall\u00e9e d&#039;ossau - Aventure Chlorophylle\" \/>\n<meta property=\"og:description\" content=\"Canyoning en vall\u00e9e d&#039;OssauLa vall\u00e9e d&#039;Ossau, situ\u00e9e \u00e0 1h de Pau dans les Pyr\u00e9n\u00e9es Atlantiques, \u00e0 3h de Bordeaux et de Toulouse, b\u00e9n\u00e9ficie de plusieurs canyons incontournables du sud-Ouest de la France.Les canyons en vall\u00e9e d&#039;ossau La vall\u00e9e d&#039;Ossau, situ\u00e9e dans les Pyr\u00e9n\u00e9es-Atlantiques, est c\u00e9l\u00e8bre pour son embl\u00e9matique Pic du Midi d&#039;Ossau. Elle offre un [&hellip;]\" \/>\n<meta property=\"og:url\" content=\"https:\/\/www.aventure-chlorophylle.com\/en\/canyoning-en-vallee-dossau\/\" \/>\n<meta property=\"og:site_name\" content=\"Aventure Chlorophylle\" \/>\n<meta property=\"article:publisher\" content=\"https:\/\/www.facebook.com\/aventurechlorophylle\" \/>\n<meta property=\"article:modified_time\" content=\"2025-03-18T10:19:46+00:00\" \/>\n<meta property=\"og:image\" content=\"https:\/\/www.aventure-chlorophylle.com\/wp-content\/uploads\/2023\/10\/2023-06-25-a-midi-Candice-canyon-Bious_10-e1696855166303.jpg\" \/>\n\t<meta property=\"og:image:width\" content=\"1000\" \/>\n\t<meta property=\"og:image:height\" content=\"475\" \/>\n\t<meta property=\"og:image:type\" content=\"image\/jpeg\" \/>\n<meta name=\"twitter:card\" content=\"summary_large_image\" \/>\n<meta name=\"twitter:label1\" content=\"Estimated reading time\" \/>\n\t<meta name=\"twitter:data1\" content=\"9 minutes\" \/>\n<script type=\"application\/ld+json\" class=\"yoast-schema-graph\">{\"@context\":\"https:\/\/schema.org\",\"@graph\":[{\"@type\":\"WebPage\",\"@id\":\"https:\/\/www.aventure-chlorophylle.com\/canyoning-en-vallee-dossau\/\",\"url\":\"https:\/\/www.aventure-chlorophylle.com\/canyoning-en-vallee-dossau\/\",\"name\":\"Canyoning en vall\u00e9e d'ossau - Aventure Chlorophylle\",\"isPartOf\":{\"@id\":\"https:\/\/www.aventure-chlorophylle.com\/#website\"},\"primaryImageOfPage\":{\"@id\":\"https:\/\/www.aventure-chlorophylle.com\/canyoning-en-vallee-dossau\/#primaryimage\"},\"image\":{\"@id\":\"https:\/\/www.aventure-chlorophylle.com\/canyoning-en-vallee-dossau\/#primaryimage\"},\"thumbnailUrl\":\"https:\/\/www.aventure-chlorophylle.com\/wp-content\/uploads\/2023\/10\/2023-06-25-a-midi-Candice-canyon-Bious_10-e1696855166303.jpg\",\"datePublished\":\"2023-10-11T15:06:06+00:00\",\"dateModified\":\"2025-03-18T10:19:46+00:00\",\"breadcrumb\":{\"@id\":\"https:\/\/www.aventure-chlorophylle.com\/canyoning-en-vallee-dossau\/#breadcrumb\"},\"inLanguage\":\"en-GB\",\"potentialAction\":[{\"@type\":\"ReadAction\",\"target\":[\"https:\/\/www.aventure-chlorophylle.com\/canyoning-en-vallee-dossau\/\"]}]},{\"@type\":\"ImageObject\",\"inLanguage\":\"en-GB\",\"@id\":\"https:\/\/www.aventure-chlorophylle.com\/canyoning-en-vallee-dossau\/#primaryimage\",\"url\":\"https:\/\/www.aventure-chlorophylle.com\/wp-content\/uploads\/2023\/10\/2023-06-25-a-midi-Candice-canyon-Bious_10-e1696855166303.jpg\",\"contentUrl\":\"https:\/\/www.aventure-chlorophylle.com\/wp-content\/uploads\/2023\/10\/2023-06-25-a-midi-Candice-canyon-Bious_10-e1696855166303.jpg\",\"width\":1000,\"height\":475,\"caption\":\"Les canyons de la vall\u00e9e d'Ossau dans les Pyr\u00e9n\u00e9es\"},{\"@type\":\"BreadcrumbList\",\"@id\":\"https:\/\/www.aventure-chlorophylle.com\/canyoning-en-vallee-dossau\/#breadcrumb\",\"itemListElement\":[{\"@type\":\"ListItem\",\"position\":1,\"name\":\"Accueil\",\"item\":\"https:\/\/www.aventure-chlorophylle.com\/\"},{\"@type\":\"ListItem\",\"position\":2,\"name\":\"Canyoning en vall\u00e9e d&#8217;ossau\"}]},{\"@type\":\"WebSite\",\"@id\":\"https:\/\/www.aventure-chlorophylle.com\/#website\",\"url\":\"https:\/\/www.aventure-chlorophylle.com\/\",\"name\":\"Aventure Chlorophylle\",\"description\":\"Activit\u00e9s de Canyoning, rafting et sp\u00e9l\u00e9ologie dans les Pyr\u00e9n\u00e9es\",\"publisher\":{\"@id\":\"https:\/\/www.aventure-chlorophylle.com\/#organization\"},\"potentialAction\":[{\"@type\":\"SearchAction\",\"target\":{\"@type\":\"EntryPoint\",\"urlTemplate\":\"https:\/\/www.aventure-chlorophylle.com\/?s={search_term_string}\"},\"query-input\":{\"@type\":\"PropertyValueSpecification\",\"valueRequired\":true,\"valueName\":\"search_term_string\"}}],\"inLanguage\":\"en-GB\"},{\"@type\":\"Organization\",\"@id\":\"https:\/\/www.aventure-chlorophylle.com\/#organization\",\"name\":\"Aventure Chlorophylle\",\"url\":\"https:\/\/www.aventure-chlorophylle.com\/\",\"logo\":{\"@type\":\"ImageObject\",\"inLanguage\":\"en-GB\",\"@id\":\"https:\/\/www.aventure-chlorophylle.com\/#\/schema\/logo\/image\/\",\"url\":\"https:\/\/www.aventure-chlorophylle.com\/wp-content\/uploads\/2021\/04\/logo_aventure_chlorophylle.png\",\"contentUrl\":\"https:\/\/www.aventure-chlorophylle.com\/wp-content\/uploads\/2021\/04\/logo_aventure_chlorophylle.png\",\"width\":356,\"height\":392,\"caption\":\"Aventure Chlorophylle\"},\"image\":{\"@id\":\"https:\/\/www.aventure-chlorophylle.com\/#\/schema\/logo\/image\/\"},\"sameAs\":[\"https:\/\/www.facebook.com\/aventurechlorophylle\",\"https:\/\/www.instagram.com\/aventure_chlorophylle\/\"]}]}<\/script>\n<!-- \/ Yoast SEO plugin. -->","yoast_head_json":{"title":"Canyoning in the Ossau valley - Aventure Chlorophylle","robots":{"index":"index","follow":"follow","max-snippet":"max-snippet:-1","max-image-preview":"max-image-preview:large","max-video-preview":"max-video-preview:-1"},"canonical":"https:\/\/www.aventure-chlorophylle.com\/en\/canyoning-en-vallee-dossau\/","og_locale":"en_GB","og_type":"article","og_title":"Canyoning en vall\u00e9e d'ossau - Aventure Chlorophylle","og_description":"Canyoning en vall\u00e9e d'OssauLa vall\u00e9e d'Ossau, situ\u00e9e \u00e0 1h de Pau dans les Pyr\u00e9n\u00e9es Atlantiques, \u00e0 3h de Bordeaux et de Toulouse, b\u00e9n\u00e9ficie de plusieurs canyons incontournables du sud-Ouest de la France.Les canyons en vall\u00e9e d'ossau La vall\u00e9e d'Ossau, situ\u00e9e dans les Pyr\u00e9n\u00e9es-Atlantiques, est c\u00e9l\u00e8bre pour son embl\u00e9matique Pic du Midi d'Ossau. Elle offre un [&hellip;]","og_url":"https:\/\/www.aventure-chlorophylle.com\/en\/canyoning-en-vallee-dossau\/","og_site_name":"Aventure Chlorophylle","article_publisher":"https:\/\/www.facebook.com\/aventurechlorophylle","article_modified_time":"2025-03-18T10:19:46+00:00","og_image":[{"width":1000,"height":475,"url":"https:\/\/www.aventure-chlorophylle.com\/wp-content\/uploads\/2023\/10\/2023-06-25-a-midi-Candice-canyon-Bious_10-e1696855166303.jpg","type":"image\/jpeg"}],"twitter_card":"summary_large_image","twitter_misc":{"Estimated reading time":"9 minutes"},"schema":{"@context":"https:\/\/schema.org","@graph":[{"@type":"WebPage","@id":"https:\/\/www.aventure-chlorophylle.com\/canyoning-en-vallee-dossau\/","url":"https:\/\/www.aventure-chlorophylle.com\/canyoning-en-vallee-dossau\/","name":"Canyoning in the Ossau valley - Aventure Chlorophylle","isPartOf":{"@id":"https:\/\/www.aventure-chlorophylle.com\/#website"},"primaryImageOfPage":{"@id":"https:\/\/www.aventure-chlorophylle.com\/canyoning-en-vallee-dossau\/#primaryimage"},"image":{"@id":"https:\/\/www.aventure-chlorophylle.com\/canyoning-en-vallee-dossau\/#primaryimage"},"thumbnailUrl":"https:\/\/www.aventure-chlorophylle.com\/wp-content\/uploads\/2023\/10\/2023-06-25-a-midi-Candice-canyon-Bious_10-e1696855166303.jpg","datePublished":"2023-10-11T15:06:06+00:00","dateModified":"2025-03-18T10:19:46+00:00","breadcrumb":{"@id":"https:\/\/www.aventure-chlorophylle.com\/canyoning-en-vallee-dossau\/#breadcrumb"},"inLanguage":"en-GB","potentialAction":[{"@type":"ReadAction","target":["https:\/\/www.aventure-chlorophylle.com\/canyoning-en-vallee-dossau\/"]}]},{"@type":"ImageObject","inLanguage":"en-GB","@id":"https:\/\/www.aventure-chlorophylle.com\/canyoning-en-vallee-dossau\/#primaryimage","url":"https:\/\/www.aventure-chlorophylle.com\/wp-content\/uploads\/2023\/10\/2023-06-25-a-midi-Candice-canyon-Bious_10-e1696855166303.jpg","contentUrl":"https:\/\/www.aventure-chlorophylle.com\/wp-content\/uploads\/2023\/10\/2023-06-25-a-midi-Candice-canyon-Bious_10-e1696855166303.jpg","width":1000,"height":475,"caption":"Les canyons de la vall\u00e9e d'Ossau dans les Pyr\u00e9n\u00e9es"},{"@type":"BreadcrumbList","@id":"https:\/\/www.aventure-chlorophylle.com\/canyoning-en-vallee-dossau\/#breadcrumb","itemListElement":[{"@type":"ListItem","position":1,"name":"Accueil","item":"https:\/\/www.aventure-chlorophylle.com\/"},{"@type":"ListItem","position":2,"name":"Canyoning en vall\u00e9e d&#8217;ossau"}]},{"@type":"WebSite","@id":"https:\/\/www.aventure-chlorophylle.com\/#website","url":"https:\/\/www.aventure-chlorophylle.com\/","name":"Chlorophyll Adventure","description":"Canyoning, rafting and caving activities in the Pyrenees","publisher":{"@id":"https:\/\/www.aventure-chlorophylle.com\/#organization"},"potentialAction":[{"@type":"SearchAction","target":{"@type":"EntryPoint","urlTemplate":"https:\/\/www.aventure-chlorophylle.com\/?s={search_term_string}"},"query-input":{"@type":"PropertyValueSpecification","valueRequired":true,"valueName":"search_term_string"}}],"inLanguage":"en-GB"},{"@type":"Organization","@id":"https:\/\/www.aventure-chlorophylle.com\/#organization","name":"Chlorophyll Adventure","url":"https:\/\/www.aventure-chlorophylle.com\/","logo":{"@type":"ImageObject","inLanguage":"en-GB","@id":"https:\/\/www.aventure-chlorophylle.com\/#\/schema\/logo\/image\/","url":"https:\/\/www.aventure-chlorophylle.com\/wp-content\/uploads\/2021\/04\/logo_aventure_chlorophylle.png","contentUrl":"https:\/\/www.aventure-chlorophylle.com\/wp-content\/uploads\/2021\/04\/logo_aventure_chlorophylle.png","width":356,"height":392,"caption":"Aventure Chlorophylle"},"image":{"@id":"https:\/\/www.aventure-chlorophylle.com\/#\/schema\/logo\/image\/"},"sameAs":["https:\/\/www.facebook.com\/aventurechlorophylle","https:\/\/www.instagram.com\/aventure_chlorophylle\/"]}]}},"_links":{"self":[{"href":"https:\/\/www.aventure-chlorophylle.com\/en\/wp-json\/wp\/v2\/pages\/268166","targetHints":{"allow":["GET"]}}],"collection":[{"href":"https:\/\/www.aventure-chlorophylle.com\/en\/wp-json\/wp\/v2\/pages"}],"about":[{"href":"https:\/\/www.aventure-chlorophylle.com\/en\/wp-json\/wp\/v2\/types\/page"}],"author":[{"embeddable":true,"href":"https:\/\/www.aventure-chlorophylle.com\/en\/wp-json\/wp\/v2\/users\/3"}],"replies":[{"embeddable":true,"href":"https:\/\/www.aventure-chlorophylle.com\/en\/wp-json\/wp\/v2\/comments?post=268166"}],"version-history":[{"count":24,"href":"https:\/\/www.aventure-chlorophylle.com\/en\/wp-json\/wp\/v2\/pages\/268166\/revisions"}],"predecessor-version":[{"id":269264,"href":"https:\/\/www.aventure-chlorophylle.com\/en\/wp-json\/wp\/v2\/pages\/268166\/revisions\/269264"}],"wp:featuredmedia":[{"embeddable":true,"href":"https:\/\/www.aventure-chlorophylle.com\/en\/wp-json\/wp\/v2\/media\/268172"}],"wp:attachment":[{"href":"https:\/\/www.aventure-chlorophylle.com\/en\/wp-json\/wp\/v2\/media?parent=268166"}],"curies":[{"name":"wp","href":"https:\/\/api.w.org\/{rel}","templated":true}]}}