{"id":269031,"date":"2024-11-28T12:40:57","date_gmt":"2024-11-28T11:40:57","guid":{"rendered":"https:\/\/www.aventure-chlorophylle.com\/?page_id=269031"},"modified":"2025-09-29T13:26:58","modified_gmt":"2025-09-29T11:26:58","slug":"raquettes-dans-les-pyrenees","status":"publish","type":"page","link":"https:\/\/www.aventure-chlorophylle.com\/en\/canyoning-rafting-pyrenees-atlantiques\/raquettes-dans-les-pyrenees\/","title":{"rendered":"Snowshoeing in the Pyrenees"},"content":{"rendered":"<p>[et_pb_section fb_built=\u00a0\u00bb1&Prime; fullwidth=\u00a0\u00bbon\u00a0\u00bb admin_label=\u00a0\u00bbSlider produit\u00a0\u00bb _builder_version=\u00a0\u00bb4.27.4&Prime; _module_preset=\u00a0\u00bbdefault\u00a0\u00bb custom_margin=\u00a0\u00bb||0px||false|false\u00a0\u00bb custom_margin_tablet=\u00a0\u00bb||-88px||false|false\u00a0\u00bb custom_margin_phone=\u00a0\u00bb||-44px||false|false\u00a0\u00bb custom_margin_last_edited=\u00a0\u00bbon|desktop\u00a0\u00bb locked=\u00a0\u00bboff\u00a0\u00bb collapsed=\u00a0\u00bboff\u00a0\u00bb global_colors_info=\u00a0\u00bb{}\u00a0\u00bb][et_pb_fullwidth_slider show_pagination=\u00a0\u00bboff\u00a0\u00bb use_bg_overlay=\u00a0\u00bbon\u00a0\u00bb bg_overlay_color=\u00a0\u00bbrgba(73,59,34,0.1)\u00a0\u00bb use_text_overlay=\u00a0\u00bboff\u00a0\u00bb arrows_custom_color=\u00a0\u00bb#5CAA80&Prime; _builder_version=\u00a0\u00bb4.27.4&Prime; _module_preset=\u00a0\u00bbdefault\u00a0\u00bb background_color=\u00a0\u00bb#F6F2EC\u00a0\u00bb use_background_color_gradient=\u00a0\u00bbon\u00a0\u00bb background_color_gradient_stops=\u00a0\u00bbrgba(34,34,34,0) 40%|rgba(34,34,34,0.05) 100%\u00a0\u00bb background_color_gradient_overlays_image=\u00a0\u00bbon\u00a0\u00bb background_color_gradient_start=\u00a0\u00bbrgba(34,34,34,0)\u00a0\u00bb background_color_gradient_start_position=\u00a0\u00bb40%\u00a0\u00bb background_color_gradient_end=\u00a0\u00bbrgba(34,34,34,0.05)\u00a0\u00bb min_height_tablet=\u00a0\u00bb\u00a0\u00bb min_height_phone=\u00a0\u00bb\u00a0\u00bb min_height_last_edited=\u00a0\u00bbon|desktop\u00a0\u00bb height=\u00a0\u00bb400px\u00a0\u00bb height_tablet=\u00a0\u00bb220px\u00a0\u00bb height_phone=\u00a0\u00bb140px\u00a0\u00bb height_last_edited=\u00a0\u00bbon|desktop\u00a0\u00bb global_colors_info=\u00a0\u00bb{}\u00a0\u00bb][et_pb_slide use_bg_overlay=\u00a0\u00bboff\u00a0\u00bb _builder_version=\u00a0\u00bb4.27.4&Prime; _module_preset=\u00a0\u00bbdefault\u00a0\u00bb body_text_align=\u00a0\u00bbcenter\u00a0\u00bb body_text_color=\u00a0\u00bb#FFFFFF\u00a0\u00bb background_color=\u00a0\u00bb#F6F2EC\u00a0\u00bb background_enable_color=\u00a0\u00bbon\u00a0\u00bb background_image=\u00a0\u00bbhttps:\/\/www.aventure-chlorophylle.com\/wp-content\/uploads\/2024\/11\/IMG-20170309-WA0091.jpg\u00a0\u00bb background_enable_image=\u00a0\u00bbon\u00a0\u00bb global_colors_info=\u00a0\u00bb{}\u00a0\u00bb sticky_transition=\u00a0\u00bbon\u00a0\u00bb][\/et_pb_slide][\/et_pb_fullwidth_slider][\/et_pb_section][et_pb_section fb_built=\u00a0\u00bb1&Prime; admin_label=\u00a0\u00bbsection\u00a0\u00bb _builder_version=\u00a0\u00bb4.16&Prime; global_colors_info=\u00a0\u00bb{}\u00a0\u00bb][et_pb_row admin_label=\u00a0\u00bbrow\u00a0\u00bb _builder_version=\u00a0\u00bb4.16&Prime; background_size=\u00a0\u00bbinitial\u00a0\u00bb background_position=\u00a0\u00bbtop_left\u00a0\u00bb background_repeat=\u00a0\u00bbrepeat\u00a0\u00bb global_colors_info=\u00a0\u00bb{}\u00a0\u00bb][et_pb_column type=\u00a0\u00bb4_4&Prime; _builder_version=\u00a0\u00bb4.16&Prime; custom_padding=\u00a0\u00bb|||\u00a0\u00bb global_colors_info=\u00a0\u00bb{}\u00a0\u00bb custom_padding__hover=\u00a0\u00bb|||\u00a0\u00bb][et_pb_text admin_label=\u00a0\u00bbRaquettes pyr\u00e9n\u00e9es\u00a0\u00bb _builder_version=\u00a0\u00bb4.27.4&Prime; _module_preset=\u00a0\u00bbdefault\u00a0\u00bb global_colors_info=\u00a0\u00bb{}\u00a0\u00bb]<\/p>\n<h1 class=\"western\" style=\"text-align: center;\"><b>Raquettes en vall\u00e9e d&rsquo;ossau dans les Pyr\u00e9n\u00e9es<\/b><\/h1>\n<p>&nbsp;<\/p>\n<p style=\"text-align: center;\"><span style=\"font-family: Times New Roman, serif;\"><span style=\"font-size: medium;\">La randonn\u00e9e en raquettes est une activit\u00e9 hivernale accessible et immersive : marche dans la neige, exploration de paysages enneig\u00e9s, et d\u00e9couverte de panoramas \u00e0 couper le souffle. Au c\u0153ur de la Vall\u00e9e d\u2019Ossau, dans les <strong>Pyr\u00e9n\u00e9es Atlantiques (64)<\/strong>, rendez-vous\u00a0 \u00e0 <strong>Gourette<\/strong>, \u00e0 seulement 2h de la c\u00f4te basque et \u00e0 45 minutes de Pau !<\/span><\/span><\/p>\n<p style=\"text-align: left;\"><span style=\"font-family: Times New Roman, serif;\"><span style=\"font-size: medium;\"><strong>Cr\u00eates enneig\u00e9es<\/strong>, <strong>for\u00eats de sapins et grands espaces sauvages<\/strong> : autant de merveilles que nous d\u00e9couvrirons ensemble lors de nos balades en raquettes dans les Pyr\u00e9n\u00e9es, pr\u00e9s de Laruns.<\/span><\/span><\/p>\n<p style=\"text-align: left;\"><span style=\"font-family: Times New Roman, serif;\"><span style=\"font-size: medium;\"><strong>Les cr\u00eates du col d\u2019Aubisque<\/strong>, <strong>la for\u00eat de Gourette (hors station de ski),<\/strong> <strong>le cirque d\u2019Aneou au pied du pic du Midi d\u2019Ossau<\/strong> and the <strong>plateau de<\/strong> <strong>Camps Bridge<\/strong> sont autant de parcours magnifiques que nous vous proposons d\u2019explorer en raquettes. Nos sorties sont adapt\u00e9es pour tous les niveaux, de la d\u00e9couverte \u00e0 la journ\u00e9e aventure, pour profiter pleinement des beaut\u00e9s de l\u2019hiver en montagne.<\/span><\/span><\/p>\n<p>[\/et_pb_text][\/et_pb_column][\/et_pb_row][et_pb_row column_structure=\u00a0\u00bb1_2,1_2&Prime; _builder_version=\u00a0\u00bb4.23.1&Prime; _module_preset=\u00a0\u00bbdefault\u00a0\u00bb global_colors_info=\u00a0\u00bb{}\u00a0\u00bb][et_pb_column type=\u00a0\u00bb1_2&Prime; _builder_version=\u00a0\u00bb4.23.1&Prime; _module_preset=\u00a0\u00bbdefault\u00a0\u00bb global_colors_info=\u00a0\u00bb{}\u00a0\u00bb][et_pb_text admin_label=\u00a0\u00bbRandonn\u00e9e en raquettes dans les pyr\u00e9n\u00e9es\u00a0\u00bb _builder_version=\u00a0\u00bb4.27.4&Prime; _module_preset=\u00a0\u00bbdefault\u00a0\u00bb header_2_text_align=\u00a0\u00bbcenter\u00a0\u00bb header_2_letter_spacing=\u00a0\u00bb1px\u00a0\u00bb global_colors_info=\u00a0\u00bb{}\u00a0\u00bb]<\/p>\n<h2 style=\"text-align: center;\"><strong><span style=\"font-family: Times New Roman, serif;\"><span style=\"font-size: large;\">Snowshoe trekking in the Pyrenees<\/span><\/span><\/strong><\/h2>\n<p style=\"text-align: center;\"><span style=\"font-family: Times New Roman, serif;\"><span style=\"font-size: medium;\">Our favourite snowshoeing playground is in the magnificent Ossau valley, accessible from Laruns and the ski resort of Gourette, just 40 km south of Pau, 2 hours from the Basque coast and less than 3 hours from Bordeaux and Toulouse. <\/span><\/span><\/p>\n<p style=\"text-align: center;\"><span style=\"font-family: Times New Roman, serif;\"><span style=\"font-size: medium;\">The Ossau Valley is an exceptional place for snowshoe trekking in south-west France. Iconic sites such as the cirque d'Aneou, nestling in the heart of the Pyrenees National Park, or the area around the ski resort of Gourette and the Col de l'Aubisque offer breathtaking scenery and total immersion in the wilderness. Wide expanses of snow, unique panoramas and pine forests offer varied and memorable experiences.<\/span><\/span><\/p>\n<p>[\/et_pb_text][\/et_pb_column][et_pb_column type=\u00a0\u00bb1_2&Prime; _builder_version=\u00a0\u00bb4.23.1&Prime; _module_preset=\u00a0\u00bbdefault\u00a0\u00bb global_colors_info=\u00a0\u00bb{}\u00a0\u00bb][et_pb_text admin_label=\u00a0\u00bbNos parcours en raquettes: pour tous les niveaux\u00a0\u00bb _builder_version=\u00a0\u00bb4.23.1&Prime; _module_preset=\u00a0\u00bbdefault\u00a0\u00bb header_2_letter_spacing=\u00a0\u00bb1px\u00a0\u00bb global_colors_info=\u00a0\u00bb{}\u00a0\u00bb]<\/p>\n<h2 style=\"text-align: center;\"><span style=\"font-family: Times New Roman, serif;\"><span style=\"font-size: large;\"><b>Our snowshoe trails: for all levels<\/b><\/span><\/span><\/h2>\n<p style=\"text-align: center;\"><span style=\"font-family: Times New Roman, serif;\"><span style=\"font-size: medium;\">Our experienced guides offer a range of routes to suit your level and interests. Whether you're a beginner, an occasional hiker or a mountain enthusiast, our outings will take you through a variety of landscapes, from forests to snow-capped peaks. Our walks include itineraries for everyone, from gentle beginners to more immersive routes to discover the mountains in depth.<\/span><\/span><\/p>\n<p style=\"text-align: center;\"><span style=\"font-family: Times New Roman, serif;\"><span style=\"font-size: medium;\">Snowshoe trekking is for people who want to discover the winter mountains in a different way, away from the ski resorts and immersed in unspoilt natural landscapes. With itineraries accessible to all, snowshoeing requires no specific level of technique and is ideal for those who enjoy the great outdoors and discovering new things. On the programme: discovering winter flora and fauna, walking in fresh snow, exceptional panoramas and moments of relaxation in a natural setting.<\/span><\/span><\/p>\n<p style=\"text-align: center;\"><span style=\"font-family: Times New Roman, serif;\"><span style=\"font-size: medium;\">Whether you're with family, friends, colleagues, a couple or even on your own, set off on a snowshoeing adventure to discover the beauty of the Ossau Valley. For those looking for an accessible, fun and rejuvenating winter activity, our snowshoe outings are the perfect solution.<\/span><\/span><\/p>\n<p style=\"text-align: center;\"><span style=\"font-family: Times New Roman, serif;\"><span style=\"font-size: medium;\">For the best possible memories of this activity, we recommend a minimum age of 5 for outings. <\/span><\/span><span style=\"font-family: Times New Roman, serif;\"><span style=\"font-size: medium;\"><b>First steps on snowshoes<\/b><\/span><\/span><span style=\"font-family: Times New Roman, serif;\"><span style=\"font-size: medium;\"> and <\/span><\/span><span style=\"font-family: Times New Roman, serif;\"><span style=\"font-size: medium;\"><b>Building an Igloo<\/b><\/span><\/span><span style=\"font-family: Times New Roman, serif;\"><span style=\"font-size: medium;\">A minimum age of 8 is required for exit. <\/span><\/span><span style=\"font-family: Times New Roman, serif;\"><span style=\"font-size: medium;\"><b>Snowshoe Discovery <\/b><\/span><\/span><span style=\"font-family: Times New Roman, serif;\"><span style=\"font-size: medium;\">and <\/span><\/span><span style=\"font-family: Times New Roman, serif;\"><span style=\"font-size: medium;\">a minimum age of 12 for exit in <\/span><\/span><span style=\"font-family: Times New Roman, serif;\"><span style=\"font-size: medium;\"><b>Snowshoeing Day<\/b><\/span><\/span><span style=\"font-family: Times New Roman, serif;\"><span style=\"font-size: medium;\">. If your children are under 5, we invite you to contact us and together we can create a suitable activity. Don't forget that it's really important for our little ones to discover an activity for the first time, to have a good time and to want to try it again.<\/span><\/span><\/p>\n<p>[\/et_pb_text][\/et_pb_column][\/et_pb_row][et_pb_row _builder_version=\u00a0\u00bb4.23.1&Prime; _module_preset=\u00a0\u00bbdefault\u00a0\u00bb global_colors_info=\u00a0\u00bb{}\u00a0\u00bb][et_pb_column type=\u00a0\u00bb4_4&Prime; _builder_version=\u00a0\u00bb4.23.1&Prime; _module_preset=\u00a0\u00bbdefault\u00a0\u00bb global_colors_info=\u00a0\u00bb{}\u00a0\u00bb][et_pb_shop type=\u00a0\u00bbproduct_category\u00a0\u00bb posts_number=\u00a0\u00bb6&Prime; include_categories=\u00a0\u00bb89&Prime; columns_number=\u00a0\u00bb3&Prime; orderby=\u00a0\u00bbmenu_order\u00a0\u00bb _builder_version=\u00a0\u00bb4.27.4&Prime; _module_preset=\u00a0\u00bbdefault\u00a0\u00bb global_colors_info=\u00a0\u00bb{}\u00a0\u00bb][\/et_pb_shop][\/et_pb_column][\/et_pb_row][et_pb_row column_structure=\u00a0\u00bb1_2,1_2&Prime; _builder_version=\u00a0\u00bb4.23.1&Prime; _module_preset=\u00a0\u00bbdefault\u00a0\u00bb global_colors_info=\u00a0\u00bb{}\u00a0\u00bb][et_pb_column type=\u00a0\u00bb1_2&Prime; _builder_version=\u00a0\u00bb4.23.1&Prime; _module_preset=\u00a0\u00bbdefault\u00a0\u00bb global_colors_info=\u00a0\u00bb{}\u00a0\u00bb][et_pb_text admin_label=\u00a0\u00bbD\u00e9finition de la randonn\u00e9e en raquettes\u00a0\u00bb _builder_version=\u00a0\u00bb4.23.1&Prime; _module_preset=\u00a0\u00bbdefault\u00a0\u00bb global_colors_info=\u00a0\u00bb{}\u00a0\u00bb]<\/p>\n<h2 class=\"western\" style=\"text-align: center;\"><b>Definition of snowshoe trekking<\/b><\/h2>\n<p style=\"text-align: center;\"><span style=\"font-family: Times New Roman, serif;\"><span style=\"font-size: medium;\">Snowshoe trekking is a winter mountain activity that allows you to explore snow-covered landscapes in complete safety. It involves walking on the snow with snowshoes attached to your boots, making it easier to progress through deep snow. Along the way, you'll pass through snow-covered forests, reach panoramic ridges and discover the mountain wilderness under a blanket of white.<\/span><\/span><\/p>\n<p style=\"text-align: center;\"><span style=\"font-family: Times New Roman, serif;\"><span style=\"font-size: medium;\">In the Ossau valley, in the Pyrenees, there are a variety of snowshoe routes to suit all levels, from beginner to seasoned adventurer. Equipped with snowshoes, walking poles, waterproof footwear and warm clothing, participants set off to discover the exceptional landscapes of the Pyrenees. Depending on the route, the walks take in the crests of the Col d'Aubisque, the Gourette forest, the Cirque d'Aneou and even the Spanish Pyrenees, offering breathtaking views.<\/span><\/span><\/p>\n<p style=\"text-align: center;\"><span style=\"font-family: Times New Roman, serif;\"><span style=\"font-size: medium;\"><b>An activity for everyone!<\/b> Whether you're with family, friends, for an EVG\/EVJF, with colleagues or on your own, snowshoe trekking is an accessible and friendly activity, ideal for enjoying nature in winter. Don't forget to book your snowshoe outing in the Pyrenees for an authentic experience!<\/span><\/span><\/p>\n<p>[\/et_pb_text][\/et_pb_column][et_pb_column type=\u00a0\u00bb1_2&Prime; _builder_version=\u00a0\u00bb4.23.1&Prime; _module_preset=\u00a0\u00bbdefault\u00a0\u00bb global_colors_info=\u00a0\u00bb{}\u00a0\u00bb][et_pb_text admin_label=\u00a0\u00bbOrigines de la randonn\u00e9e en raquettes\u00a0\u00bb _builder_version=\u00a0\u00bb4.23.1&Prime; _module_preset=\u00a0\u00bbdefault\u00a0\u00bb global_colors_info=\u00a0\u00bb{}\u00a0\u00bb]<\/p>\n<h2 class=\"western\" style=\"text-align: center;\"><b>The origins of snowshoe trekking<\/b><\/h2>\n<p style=\"text-align: center;\"><span style=\"font-family: Times New Roman, serif;\"><span style=\"font-size: medium;\">Snowshoes have been used for thousands of years by people in northern regions, who developed them to get around more easily in the snow. The first snowshoes were made of wood and leather, designed to avoid sinking into deep snow and enable hunters and explorers to cover long distances.<\/span><\/span><\/p>\n<p style=\"text-align: center;\"><span style=\"font-family: Times New Roman, serif;\"><span style=\"font-size: medium;\">It wasn't until the 20th century that snowshoeing evolved into a mountain leisure activity. Today, with modern materials like aluminium and resistant polymers, snowshoes are light and easy to handle, offering comfort and safety. They offer an immersive and environmentally-friendly way to discover the winter mountains, while respecting the fragile ecosystems of the winter season.<\/span><\/span><\/p>\n<p style=\"text-align: center;\">[\/et_pb_text][\/et_pb_column][\/et_pb_row][\/et_pb_section]<\/p>","protected":false},"excerpt":{"rendered":"<p>Raquettes en vall\u00e9e d&rsquo;ossau dans les Pyr\u00e9n\u00e9es &nbsp; La randonn\u00e9e en raquettes est une activit\u00e9 hivernale accessible et immersive : marche dans la neige, exploration de paysages enneig\u00e9s, et d\u00e9couverte de panoramas \u00e0 couper le souffle. Au c\u0153ur de la Vall\u00e9e d\u2019Ossau, dans les Pyr\u00e9n\u00e9es Atlantiques (64), rendez-vous\u00a0 \u00e0 Gourette, \u00e0 seulement 2h de la [&hellip;]<\/p>","protected":false},"author":3,"featured_media":0,"parent":261671,"menu_order":0,"comment_status":"closed","ping_status":"closed","template":"","meta":{"_acf_changed":false,"_et_pb_use_builder":"on","_et_pb_old_content":"","_et_gb_content_width":"","inline_featured_image":false,"footnotes":""},"class_list":["post-269031","page","type-page","status-publish","hentry"],"acf":[],"yoast_head":"<!-- This site is optimized with the Yoast SEO plugin v26.7 - https:\/\/yoast.com\/wordpress\/plugins\/seo\/ -->\n<title>Raquettes dans les Pyr\u00e9n\u00e9es - Aventure Chlorophylle<\/title>\n<meta name=\"robots\" content=\"index, follow, max-snippet:-1, max-image-preview:large, max-video-preview:-1\" \/>\n<link rel=\"canonical\" href=\"https:\/\/www.aventure-chlorophylle.com\/en\/canyoning-rafting-pyrenees-atlantiques\/raquettes-dans-les-pyrenees\/\" \/>\n<meta property=\"og:locale\" content=\"en_GB\" \/>\n<meta property=\"og:type\" content=\"article\" \/>\n<meta property=\"og:title\" content=\"Raquettes dans les Pyr\u00e9n\u00e9es - Aventure Chlorophylle\" \/>\n<meta property=\"og:description\" content=\"Raquettes en vall\u00e9e d&#039;ossau dans les Pyr\u00e9n\u00e9es &nbsp; La randonn\u00e9e en raquettes est une activit\u00e9 hivernale accessible et immersive : marche dans la neige, exploration de paysages enneig\u00e9s, et d\u00e9couverte de panoramas \u00e0 couper le souffle. Au c\u0153ur de la Vall\u00e9e d\u2019Ossau, dans les Pyr\u00e9n\u00e9es Atlantiques (64), rendez-vous\u00a0 \u00e0 Gourette, \u00e0 seulement 2h de la [&hellip;]\" \/>\n<meta property=\"og:url\" content=\"https:\/\/www.aventure-chlorophylle.com\/en\/canyoning-rafting-pyrenees-atlantiques\/raquettes-dans-les-pyrenees\/\" \/>\n<meta property=\"og:site_name\" content=\"Aventure Chlorophylle\" \/>\n<meta property=\"article:publisher\" content=\"https:\/\/www.facebook.com\/aventurechlorophylle\" \/>\n<meta property=\"article:modified_time\" content=\"2025-09-29T11:26:58+00:00\" \/>\n<meta name=\"twitter:card\" content=\"summary_large_image\" \/>\n<meta name=\"twitter:label1\" content=\"Estimated reading time\" \/>\n\t<meta name=\"twitter:data1\" content=\"8 minutes\" \/>\n<script type=\"application\/ld+json\" class=\"yoast-schema-graph\">{\"@context\":\"https:\/\/schema.org\",\"@graph\":[{\"@type\":\"WebPage\",\"@id\":\"https:\/\/www.aventure-chlorophylle.com\/canyoning-rafting-pyrenees-atlantiques\/raquettes-dans-les-pyrenees\/\",\"url\":\"https:\/\/www.aventure-chlorophylle.com\/canyoning-rafting-pyrenees-atlantiques\/raquettes-dans-les-pyrenees\/\",\"name\":\"Raquettes dans les Pyr\u00e9n\u00e9es - Aventure Chlorophylle\",\"isPartOf\":{\"@id\":\"https:\/\/www.aventure-chlorophylle.com\/#website\"},\"datePublished\":\"2024-11-28T11:40:57+00:00\",\"dateModified\":\"2025-09-29T11:26:58+00:00\",\"breadcrumb\":{\"@id\":\"https:\/\/www.aventure-chlorophylle.com\/canyoning-rafting-pyrenees-atlantiques\/raquettes-dans-les-pyrenees\/#breadcrumb\"},\"inLanguage\":\"en-GB\",\"potentialAction\":[{\"@type\":\"ReadAction\",\"target\":[\"https:\/\/www.aventure-chlorophylle.com\/canyoning-rafting-pyrenees-atlantiques\/raquettes-dans-les-pyrenees\/\"]}]},{\"@type\":\"BreadcrumbList\",\"@id\":\"https:\/\/www.aventure-chlorophylle.com\/canyoning-rafting-pyrenees-atlantiques\/raquettes-dans-les-pyrenees\/#breadcrumb\",\"itemListElement\":[{\"@type\":\"ListItem\",\"position\":1,\"name\":\"Accueil\",\"item\":\"https:\/\/www.aventure-chlorophylle.com\/\"},{\"@type\":\"ListItem\",\"position\":2,\"name\":\"Canyoning et Rafting dans les Pyr\u00e9n\u00e9es Atlantiques\",\"item\":\"https:\/\/www.aventure-chlorophylle.com\/\"},{\"@type\":\"ListItem\",\"position\":3,\"name\":\"Raquettes dans les Pyr\u00e9n\u00e9es\"}]},{\"@type\":\"WebSite\",\"@id\":\"https:\/\/www.aventure-chlorophylle.com\/#website\",\"url\":\"https:\/\/www.aventure-chlorophylle.com\/\",\"name\":\"Aventure Chlorophylle\",\"description\":\"Activit\u00e9s de Canyoning, rafting et sp\u00e9l\u00e9ologie dans les Pyr\u00e9n\u00e9es\",\"publisher\":{\"@id\":\"https:\/\/www.aventure-chlorophylle.com\/#organization\"},\"potentialAction\":[{\"@type\":\"SearchAction\",\"target\":{\"@type\":\"EntryPoint\",\"urlTemplate\":\"https:\/\/www.aventure-chlorophylle.com\/?s={search_term_string}\"},\"query-input\":{\"@type\":\"PropertyValueSpecification\",\"valueRequired\":true,\"valueName\":\"search_term_string\"}}],\"inLanguage\":\"en-GB\"},{\"@type\":\"Organization\",\"@id\":\"https:\/\/www.aventure-chlorophylle.com\/#organization\",\"name\":\"Aventure Chlorophylle\",\"url\":\"https:\/\/www.aventure-chlorophylle.com\/\",\"logo\":{\"@type\":\"ImageObject\",\"inLanguage\":\"en-GB\",\"@id\":\"https:\/\/www.aventure-chlorophylle.com\/#\/schema\/logo\/image\/\",\"url\":\"https:\/\/www.aventure-chlorophylle.com\/wp-content\/uploads\/2021\/04\/logo_aventure_chlorophylle.png\",\"contentUrl\":\"https:\/\/www.aventure-chlorophylle.com\/wp-content\/uploads\/2021\/04\/logo_aventure_chlorophylle.png\",\"width\":356,\"height\":392,\"caption\":\"Aventure Chlorophylle\"},\"image\":{\"@id\":\"https:\/\/www.aventure-chlorophylle.com\/#\/schema\/logo\/image\/\"},\"sameAs\":[\"https:\/\/www.facebook.com\/aventurechlorophylle\",\"https:\/\/www.instagram.com\/aventure_chlorophylle\/\"]}]}<\/script>\n<!-- \/ Yoast SEO plugin. -->","yoast_head_json":{"title":"Snowshoeing in the Pyrenees - Aventure Chlorophylle","robots":{"index":"index","follow":"follow","max-snippet":"max-snippet:-1","max-image-preview":"max-image-preview:large","max-video-preview":"max-video-preview:-1"},"canonical":"https:\/\/www.aventure-chlorophylle.com\/en\/canyoning-rafting-pyrenees-atlantiques\/raquettes-dans-les-pyrenees\/","og_locale":"en_GB","og_type":"article","og_title":"Raquettes dans les Pyr\u00e9n\u00e9es - Aventure Chlorophylle","og_description":"Raquettes en vall\u00e9e d'ossau dans les Pyr\u00e9n\u00e9es &nbsp; La randonn\u00e9e en raquettes est une activit\u00e9 hivernale accessible et immersive : marche dans la neige, exploration de paysages enneig\u00e9s, et d\u00e9couverte de panoramas \u00e0 couper le souffle. Au c\u0153ur de la Vall\u00e9e d\u2019Ossau, dans les Pyr\u00e9n\u00e9es Atlantiques (64), rendez-vous\u00a0 \u00e0 Gourette, \u00e0 seulement 2h de la [&hellip;]","og_url":"https:\/\/www.aventure-chlorophylle.com\/en\/canyoning-rafting-pyrenees-atlantiques\/raquettes-dans-les-pyrenees\/","og_site_name":"Aventure Chlorophylle","article_publisher":"https:\/\/www.facebook.com\/aventurechlorophylle","article_modified_time":"2025-09-29T11:26:58+00:00","twitter_card":"summary_large_image","twitter_misc":{"Estimated reading time":"8 minutes"},"schema":{"@context":"https:\/\/schema.org","@graph":[{"@type":"WebPage","@id":"https:\/\/www.aventure-chlorophylle.com\/canyoning-rafting-pyrenees-atlantiques\/raquettes-dans-les-pyrenees\/","url":"https:\/\/www.aventure-chlorophylle.com\/canyoning-rafting-pyrenees-atlantiques\/raquettes-dans-les-pyrenees\/","name":"Snowshoeing in the Pyrenees - Aventure Chlorophylle","isPartOf":{"@id":"https:\/\/www.aventure-chlorophylle.com\/#website"},"datePublished":"2024-11-28T11:40:57+00:00","dateModified":"2025-09-29T11:26:58+00:00","breadcrumb":{"@id":"https:\/\/www.aventure-chlorophylle.com\/canyoning-rafting-pyrenees-atlantiques\/raquettes-dans-les-pyrenees\/#breadcrumb"},"inLanguage":"en-GB","potentialAction":[{"@type":"ReadAction","target":["https:\/\/www.aventure-chlorophylle.com\/canyoning-rafting-pyrenees-atlantiques\/raquettes-dans-les-pyrenees\/"]}]},{"@type":"BreadcrumbList","@id":"https:\/\/www.aventure-chlorophylle.com\/canyoning-rafting-pyrenees-atlantiques\/raquettes-dans-les-pyrenees\/#breadcrumb","itemListElement":[{"@type":"ListItem","position":1,"name":"Accueil","item":"https:\/\/www.aventure-chlorophylle.com\/"},{"@type":"ListItem","position":2,"name":"Canyoning et Rafting dans les Pyr\u00e9n\u00e9es Atlantiques","item":"https:\/\/www.aventure-chlorophylle.com\/"},{"@type":"ListItem","position":3,"name":"Raquettes dans les Pyr\u00e9n\u00e9es"}]},{"@type":"WebSite","@id":"https:\/\/www.aventure-chlorophylle.com\/#website","url":"https:\/\/www.aventure-chlorophylle.com\/","name":"Chlorophyll Adventure","description":"Canyoning, rafting and caving activities in the Pyrenees","publisher":{"@id":"https:\/\/www.aventure-chlorophylle.com\/#organization"},"potentialAction":[{"@type":"SearchAction","target":{"@type":"EntryPoint","urlTemplate":"https:\/\/www.aventure-chlorophylle.com\/?s={search_term_string}"},"query-input":{"@type":"PropertyValueSpecification","valueRequired":true,"valueName":"search_term_string"}}],"inLanguage":"en-GB"},{"@type":"Organization","@id":"https:\/\/www.aventure-chlorophylle.com\/#organization","name":"Chlorophyll Adventure","url":"https:\/\/www.aventure-chlorophylle.com\/","logo":{"@type":"ImageObject","inLanguage":"en-GB","@id":"https:\/\/www.aventure-chlorophylle.com\/#\/schema\/logo\/image\/","url":"https:\/\/www.aventure-chlorophylle.com\/wp-content\/uploads\/2021\/04\/logo_aventure_chlorophylle.png","contentUrl":"https:\/\/www.aventure-chlorophylle.com\/wp-content\/uploads\/2021\/04\/logo_aventure_chlorophylle.png","width":356,"height":392,"caption":"Aventure Chlorophylle"},"image":{"@id":"https:\/\/www.aventure-chlorophylle.com\/#\/schema\/logo\/image\/"},"sameAs":["https:\/\/www.facebook.com\/aventurechlorophylle","https:\/\/www.instagram.com\/aventure_chlorophylle\/"]}]}},"_links":{"self":[{"href":"https:\/\/www.aventure-chlorophylle.com\/en\/wp-json\/wp\/v2\/pages\/269031","targetHints":{"allow":["GET"]}}],"collection":[{"href":"https:\/\/www.aventure-chlorophylle.com\/en\/wp-json\/wp\/v2\/pages"}],"about":[{"href":"https:\/\/www.aventure-chlorophylle.com\/en\/wp-json\/wp\/v2\/types\/page"}],"author":[{"embeddable":true,"href":"https:\/\/www.aventure-chlorophylle.com\/en\/wp-json\/wp\/v2\/users\/3"}],"replies":[{"embeddable":true,"href":"https:\/\/www.aventure-chlorophylle.com\/en\/wp-json\/wp\/v2\/comments?post=269031"}],"version-history":[{"count":37,"href":"https:\/\/www.aventure-chlorophylle.com\/en\/wp-json\/wp\/v2\/pages\/269031\/revisions"}],"predecessor-version":[{"id":269717,"href":"https:\/\/www.aventure-chlorophylle.com\/en\/wp-json\/wp\/v2\/pages\/269031\/revisions\/269717"}],"up":[{"embeddable":true,"href":"https:\/\/www.aventure-chlorophylle.com\/en\/wp-json\/wp\/v2\/pages\/261671"}],"wp:attachment":[{"href":"https:\/\/www.aventure-chlorophylle.com\/en\/wp-json\/wp\/v2\/media?parent=269031"}],"curies":[{"name":"wp","href":"https:\/\/api.w.org\/{rel}","templated":true}]}}