{"id":269337,"date":"2025-05-12T17:27:04","date_gmt":"2025-05-12T15:27:04","guid":{"rendered":"https:\/\/www.aventure-chlorophylle.com\/?page_id=269337"},"modified":"2025-05-23T10:33:58","modified_gmt":"2025-05-23T08:33:58","slug":"canyoning-autour-de-moi","status":"publish","type":"page","link":"https:\/\/www.aventure-chlorophylle.com\/en\/canyoning-autour-de-moi\/","title":{"rendered":"canyoning around me"},"content":{"rendered":"<p>[et_pb_section fb_built=\u00a0\u00bb1&Prime; admin_label=\u00a0\u00bbsection\u00a0\u00bb _builder_version=\u00a0\u00bb4.16&Prime; global_colors_info=\u00a0\u00bb{}\u00a0\u00bb][et_pb_row admin_label=\u00a0\u00bbrow\u00a0\u00bb _builder_version=\u00a0\u00bb4.16&Prime; background_size=\u00a0\u00bbinitial\u00a0\u00bb background_position=\u00a0\u00bbtop_left\u00a0\u00bb background_repeat=\u00a0\u00bbrepeat\u00a0\u00bb global_colors_info=\u00a0\u00bb{}\u00a0\u00bb][et_pb_column type=\u00a0\u00bb4_4&Prime; _builder_version=\u00a0\u00bb4.16&Prime; custom_padding=\u00a0\u00bb|||\u00a0\u00bb global_colors_info=\u00a0\u00bb{}\u00a0\u00bb custom_padding__hover=\u00a0\u00bb|||\u00a0\u00bb][et_pb_text _builder_version=\u00a0\u00bb4.23.1&Prime; _module_preset=\u00a0\u00bbdefault\u00a0\u00bb global_colors_info=\u00a0\u00bb{}\u00a0\u00bb]<\/p>\n<h1 style=\"text-align: center;\">Descente en canyoning autour de moi<\/h1>\n<h2 style=\"text-align: center;\">45 minutes from Pau<br \/>30 minutes from Oloron Sainte Marie<br \/>1h30 from Dax<br \/>2h30 from Bordeaux<br \/>3 hours from Toulouse<\/h2>\n<h2 style=\"text-align: center;\">Meet up at Laruns in the Ossau valley in the Atlantic Pyrenees for canyoning courses in the discovery or sensation formula!<\/h2>\n<p>[\/et_pb_text][\/et_pb_column][\/et_pb_row][et_pb_row _builder_version=\u00a0\u00bb4.23.1&Prime; _module_preset=\u00a0\u00bbdefault\u00a0\u00bb global_colors_info=\u00a0\u00bb{}\u00a0\u00bb][et_pb_column type=\u00a0\u00bb4_4&Prime; _builder_version=\u00a0\u00bb4.23.1&Prime; _module_preset=\u00a0\u00bbdefault\u00a0\u00bb global_colors_info=\u00a0\u00bb{}\u00a0\u00bb][et_pb_text _builder_version=\u00a0\u00bb4.23.1&Prime; _module_preset=\u00a0\u00bbdefault\u00a0\u00bb hover_enabled=\u00a0\u00bb0&Prime; global_colors_info=\u00a0\u00bb{}\u00a0\u00bb sticky_enabled=\u00a0\u00bb0&Prime;]<\/p>\n<h1 style=\"text-align: center;\">\u00a0<\/h1>\n<h3 style=\"text-align: center;\">Discover the unique experience of canyoning in the Ossau valley<\/h3>\n<p style=\"text-align: center;\">The Ossau valley, nestled in the heart of the Pyrenees, offers an exceptional diversity of canyons, making Laruns a must for all canyoning enthusiasts. <strong>canyoning<\/strong>. Whether you're with family or friends, a seasoned sportsman or a beginner, the <strong>canyons around Laruns<\/strong> offer <strong>routes to suit all levels<\/strong>.<\/p>\n<p>[\/et_pb_text][\/et_pb_column][\/et_pb_row][et_pb_row column_structure=\u00a0\u00bb1_2,1_2&Prime; _builder_version=\u00a0\u00bb4.23.1&Prime; _module_preset=\u00a0\u00bbdefault\u00a0\u00bb global_colors_info=\u00a0\u00bb{}\u00a0\u00bb][et_pb_column type=\u00a0\u00bb1_2&Prime; _builder_version=\u00a0\u00bb4.23.1&Prime; _module_preset=\u00a0\u00bbdefault\u00a0\u00bb global_colors_info=\u00a0\u00bb{}\u00a0\u00bb][et_pb_text _builder_version=\u00a0\u00bb4.23.1&Prime; _module_preset=\u00a0\u00bbdefault\u00a0\u00bb global_colors_info=\u00a0\u00bb{}\u00a0\u00bb]<\/p>\n<h3>A complete mountain aquatic activity<\/h3>\n<p>The <strong>canyoning<\/strong> represents the<strong>mountain aquatic activity<\/strong> par excellence. This adventure takes you down a river over various natural obstacles using a variety of techniques. During your <strong>canyoning day<\/strong>you will experience <strong>experience<\/strong> an unforgettable combination:<\/p>\n<ul>\n<li>From <strong>abseiling<\/strong> sometimes watered by <strong>waterfalls<\/strong> impressive, as in the <strong>gorges du canyon du Canceigt<\/strong><\/li>\n<li>From <strong>jumps<\/strong> more or less technical depending on the level of <strong>route<\/strong><\/li>\n<li>From <strong>natural slides<\/strong> that will give you <strong>sensations<\/strong> strong<\/li>\n<li>Walking and hiking trails <strong>swimming<\/strong> in the<strong>water<\/strong> fresh and crystalline<\/li>\n<\/ul>\n<h3>Diverse canyons to suit all profiles<\/h3>\n<p>The wealth of <strong>canyons<\/strong> in the Laruns region can help everyone find the right <strong>canyoning trip<\/strong> that corresponds to it:<\/p>\n<ol>\n<li><strong>Canyon du Canceigt<\/strong>: With its <strong>narrow gorges<\/strong>This canyon offers <strong>reminders<\/strong> technical and challenging aquatic passages, ideal for <strong>sportsmen<\/strong> intermediaries.<\/li>\n<li><strong>Canyon de Bious<\/strong>Immersed in a <strong>nature<\/strong> this canyon offers an unforgettable <strong>discovery<\/strong> more accessible, perfect for families and beginners looking for a gentle introduction.<\/li>\n<li><strong>Soussou\u00e9ou Canyon<\/strong>: Very <strong>aquatic<\/strong>This canyon combines <strong>waterfalls<\/strong>, <strong>slides<\/strong> and <strong>jumps<\/strong> for a <strong>adventure<\/strong> in an exceptional natural setting.<\/li>\n<\/ol>\n<h3>Safety guaranteed by professionals<\/h3>\n<p>The <strong>security<\/strong> is essential to the practice of <strong>canyoning<\/strong>. For each <strong>output<\/strong>you will be accompanied by a <strong>guide<\/strong> or <strong>state-certified instructor<\/strong> who will supply you:<\/p>\n<ul>\n<li>A full range of adapted equipment<\/li>\n<li>Personalised technical advice<\/li>\n<li>Constant monitoring during the<strong>activity<\/strong><\/li>\n<li>In-depth knowledge of <strong>massif<\/strong> Pyrenees and its specific features<\/li>\n<\/ul>\n<p>&nbsp;<\/p>\n<p>[\/et_pb_text][\/et_pb_column][et_pb_column type=\u00a0\u00bb1_2&Prime; _builder_version=\u00a0\u00bb4.23.1&Prime; _module_preset=\u00a0\u00bbdefault\u00a0\u00bb global_colors_info=\u00a0\u00bb{}\u00a0\u00bb][et_pb_text _builder_version=\u00a0\u00bb4.23.1&Prime; _module_preset=\u00a0\u00bbdefault\u00a0\u00bb global_colors_info=\u00a0\u00bb{}\u00a0\u00bb]<\/p>\n<h3>An activity accessible to all<\/h3>\n<p>The <strong>canyoning around Laruns<\/strong> is aimed at different audiences:<\/p>\n<ul>\n<li><strong>Families<\/strong> with children (aged 10 and over) on the <strong>route<\/strong> from <strong>discovery<\/strong><\/li>\n<li>Groups of<strong>friends<\/strong> looking for a <strong>activity<\/strong> fun and refreshing<\/li>\n<li><strong>Sports<\/strong> looking for thrills and technical challenges<\/li>\n<li>Beginners wishing to learn <strong>activities<\/strong> of full <strong>nature<\/strong> in <strong>mountain<\/strong><\/li>\n<\/ul>\n<h3>The advantages of canyoning in the Pyrenees<\/h3>\n<p>The practice of <strong>canyoning<\/strong> in the <strong>valley<\/strong> d'Ossau has to offer:<\/p>\n<ul>\n<li>Total immersion in the <strong>nature<\/strong> protected from <strong>Pyrenees<\/strong><\/li>\n<li>Exceptional views of the surrounding peaks<\/li>\n<li>Pure, refreshing water to beat the summer heat<\/li>\n<li>A <strong>adventure<\/strong> accessible without prior expertise in <strong>climbing<\/strong> or in <strong>hiking<\/strong><\/li>\n<\/ul>\n<h3>Testimonials and opinions<\/h3>\n<p>The <strong>opinion<\/strong> of our participants testify to the quality of the <strong>canyon descents<\/strong> in the Laruns region. Satisfaction is high, both for <strong>experiences<\/strong> from <strong>discovery<\/strong> than for <strong>route<\/strong> reserved for <strong>sportsmen<\/strong> experienced.<\/p>\n<h3>Canyoning in Laruns: an experience not to be missed<\/h3>\n<p>Whether you are looking for <strong>activity<\/strong> an original family <strong>output<\/strong> between <strong>friends<\/strong> or a <strong>adventure<\/strong> rich in <strong>sensations<\/strong>on <strong>canyoning<\/strong> in Laruns will meet your expectations. The diversity of <strong>canyons<\/strong> and <strong>route<\/strong> available makes this <strong>location<\/strong> a must for fans of<strong>activities<\/strong> of full <strong>nature<\/strong> in the <strong>Pyrenees<\/strong>.<\/p>\n<p>Don't wait any longer to book your <strong>canyoning day<\/strong> and experience <strong>experience<\/strong> unforgettable in the <strong>canyons<\/strong> of the <strong>valley<\/strong> d'Ossau. Our <strong>guides<\/strong> qualified staff will be on hand to help you <strong>descent<\/strong> in any <strong>security<\/strong> through <strong>reminders<\/strong>, <strong>slides<\/strong> and <strong>jumps<\/strong> in an exceptional natural setting.<\/p>\n<p>For more information or to book your <strong>canyoning trip<\/strong> in Laruns, contact Aventure Chlorophylle, specialist in <strong>activities<\/strong> of full <strong>nature<\/strong> in the <strong>Pyrenees<\/strong>.<\/p>\n<p>[\/et_pb_text][\/et_pb_column][\/et_pb_row][et_pb_row _builder_version=\u00a0\u00bb4.23.1&Prime; _module_preset=\u00a0\u00bbdefault\u00a0\u00bb global_colors_info=\u00a0\u00bb{}\u00a0\u00bb][et_pb_column type=\u00a0\u00bb4_4&Prime; _builder_version=\u00a0\u00bb4.23.1&Prime; _module_preset=\u00a0\u00bbdefault\u00a0\u00bb global_colors_info=\u00a0\u00bb{}\u00a0\u00bb][et_pb_button button_url=\u00a0\u00bbhttps:\/\/www.aventure-chlorophylle.com\/canyoning-rafting-pyrenees-atlantiques\/canyoning\/\u00a0\u00bb button_text=\u00a0\u00bbVoir les formules canyoning\u00a0\u00bb _builder_version=\u00a0\u00bb4.23.1&Prime; _module_preset=\u00a0\u00bbdefault\u00a0\u00bb global_colors_info=\u00a0\u00bb{}\u00a0\u00bb][\/et_pb_button][\/et_pb_column][\/et_pb_row][et_pb_row column_structure=\u00a0\u00bb1_2,1_2&Prime; _builder_version=\u00a0\u00bb4.23.1&Prime; _module_preset=\u00a0\u00bbdefault\u00a0\u00bb global_colors_info=\u00a0\u00bb{}\u00a0\u00bb][et_pb_column type=\u00a0\u00bb1_2&Prime; _builder_version=\u00a0\u00bb4.23.1&Prime; _module_preset=\u00a0\u00bbdefault\u00a0\u00bb global_colors_info=\u00a0\u00bb{}\u00a0\u00bb][et_pb_image src=\u00a0\u00bbhttps:\/\/www.aventure-chlorophylle.com\/wp-content\/uploads\/2021\/07\/2023-07-11-PM-Alex-canyoning-canceigt_11.jpg\u00a0\u00bb title_text=\u00a0\u00bbCanyoning Canceigt\u00a0\u00bb _builder_version=\u00a0\u00bb4.23.1&Prime; _module_preset=\u00a0\u00bbdefault\u00a0\u00bb global_colors_info=\u00a0\u00bb{}\u00a0\u00bb][\/et_pb_image][\/et_pb_column][et_pb_column type=\u00a0\u00bb1_2&Prime; _builder_version=\u00a0\u00bb4.23.1&Prime; _module_preset=\u00a0\u00bbdefault\u00a0\u00bb global_colors_info=\u00a0\u00bb{}\u00a0\u00bb][et_pb_image src=\u00a0\u00bbhttps:\/\/www.aventure-chlorophylle.com\/wp-content\/uploads\/2023\/06\/Canyon-du-Soussoueou-en-vallee-dOssau-2-scaled.jpg\u00a0\u00bb alt=\u00a0\u00bbToboggan dans le canyon du Soussou\u00e9ou \u00e0 Artouste en vall\u00e9e d&rsquo;Ossau dans les Pyr\u00e9n\u00e9es Atlantiques\u00a0\u00bb title_text=\u00a0\u00bbCanyon du Soussou\u00e9ou en vall\u00e9e d&rsquo;Ossau (2)\u00a0\u00bb _builder_version=\u00a0\u00bb4.23.1&Prime; _module_preset=\u00a0\u00bbdefault\u00a0\u00bb global_colors_info=\u00a0\u00bb{}\u00a0\u00bb][\/et_pb_image][\/et_pb_column][\/et_pb_row][\/et_pb_section]<\/p>","protected":false},"excerpt":{"rendered":"<p>Descente en canyoning autour de moi A 45 minutes de PauA 30 minutes d&rsquo;Oloron Sainte MarieA 1h30 de DaxA 2h30 de BordeauxA 3h de Toulouse Rdv \u00e0 Laruns en vall\u00e9e d&rsquo;Ossau dans les Pyr\u00e9n\u00e9es atlantiques pour des parcours canyoning en formule d\u00e9couverte ou sensation !!\u00a0 D\u00e9couvrez l&rsquo;exp\u00e9rience unique du canyoning dans la vall\u00e9e d&rsquo;Ossau La [&hellip;]<\/p>","protected":false},"author":3,"featured_media":0,"parent":0,"menu_order":0,"comment_status":"closed","ping_status":"closed","template":"","meta":{"_acf_changed":false,"_et_pb_use_builder":"on","_et_pb_old_content":"","_et_gb_content_width":"","inline_featured_image":false,"footnotes":""},"class_list":["post-269337","page","type-page","status-publish","hentry"],"acf":[],"yoast_head":"<!-- This site is optimized with the Yoast SEO plugin v26.7 - https:\/\/yoast.com\/wordpress\/plugins\/seo\/ -->\n<title>canyoning autour de moi - Aventure Chlorophylle<\/title>\n<meta name=\"robots\" content=\"index, follow, max-snippet:-1, max-image-preview:large, max-video-preview:-1\" \/>\n<link rel=\"canonical\" href=\"https:\/\/www.aventure-chlorophylle.com\/en\/canyoning-autour-de-moi\/\" \/>\n<meta property=\"og:locale\" content=\"en_GB\" \/>\n<meta property=\"og:type\" content=\"article\" \/>\n<meta property=\"og:title\" content=\"canyoning autour de moi - Aventure Chlorophylle\" \/>\n<meta property=\"og:description\" content=\"Descente en canyoning autour de moi A 45 minutes de PauA 30 minutes d&#039;Oloron Sainte MarieA 1h30 de DaxA 2h30 de BordeauxA 3h de Toulouse Rdv \u00e0 Laruns en vall\u00e9e d&#039;Ossau dans les Pyr\u00e9n\u00e9es atlantiques pour des parcours canyoning en formule d\u00e9couverte ou sensation !!\u00a0 D\u00e9couvrez l&#039;exp\u00e9rience unique du canyoning dans la vall\u00e9e d&#039;Ossau La [&hellip;]\" \/>\n<meta property=\"og:url\" content=\"https:\/\/www.aventure-chlorophylle.com\/en\/canyoning-autour-de-moi\/\" \/>\n<meta property=\"og:site_name\" content=\"Aventure Chlorophylle\" \/>\n<meta property=\"article:publisher\" content=\"https:\/\/www.facebook.com\/aventurechlorophylle\" \/>\n<meta property=\"article:modified_time\" content=\"2025-05-23T08:33:58+00:00\" \/>\n<meta name=\"twitter:card\" content=\"summary_large_image\" \/>\n<meta name=\"twitter:label1\" content=\"Estimated reading time\" \/>\n\t<meta name=\"twitter:data1\" content=\"5 minutes\" \/>\n<script type=\"application\/ld+json\" class=\"yoast-schema-graph\">{\"@context\":\"https:\/\/schema.org\",\"@graph\":[{\"@type\":\"WebPage\",\"@id\":\"https:\/\/www.aventure-chlorophylle.com\/canyoning-autour-de-moi\/\",\"url\":\"https:\/\/www.aventure-chlorophylle.com\/canyoning-autour-de-moi\/\",\"name\":\"canyoning autour de moi - Aventure Chlorophylle\",\"isPartOf\":{\"@id\":\"https:\/\/www.aventure-chlorophylle.com\/#website\"},\"datePublished\":\"2025-05-12T15:27:04+00:00\",\"dateModified\":\"2025-05-23T08:33:58+00:00\",\"breadcrumb\":{\"@id\":\"https:\/\/www.aventure-chlorophylle.com\/canyoning-autour-de-moi\/#breadcrumb\"},\"inLanguage\":\"en-GB\",\"potentialAction\":[{\"@type\":\"ReadAction\",\"target\":[\"https:\/\/www.aventure-chlorophylle.com\/canyoning-autour-de-moi\/\"]}]},{\"@type\":\"BreadcrumbList\",\"@id\":\"https:\/\/www.aventure-chlorophylle.com\/canyoning-autour-de-moi\/#breadcrumb\",\"itemListElement\":[{\"@type\":\"ListItem\",\"position\":1,\"name\":\"Accueil\",\"item\":\"https:\/\/www.aventure-chlorophylle.com\/\"},{\"@type\":\"ListItem\",\"position\":2,\"name\":\"canyoning autour de moi\"}]},{\"@type\":\"WebSite\",\"@id\":\"https:\/\/www.aventure-chlorophylle.com\/#website\",\"url\":\"https:\/\/www.aventure-chlorophylle.com\/\",\"name\":\"Aventure Chlorophylle\",\"description\":\"Activit\u00e9s de Canyoning, rafting et sp\u00e9l\u00e9ologie dans les Pyr\u00e9n\u00e9es\",\"publisher\":{\"@id\":\"https:\/\/www.aventure-chlorophylle.com\/#organization\"},\"potentialAction\":[{\"@type\":\"SearchAction\",\"target\":{\"@type\":\"EntryPoint\",\"urlTemplate\":\"https:\/\/www.aventure-chlorophylle.com\/?s={search_term_string}\"},\"query-input\":{\"@type\":\"PropertyValueSpecification\",\"valueRequired\":true,\"valueName\":\"search_term_string\"}}],\"inLanguage\":\"en-GB\"},{\"@type\":\"Organization\",\"@id\":\"https:\/\/www.aventure-chlorophylle.com\/#organization\",\"name\":\"Aventure Chlorophylle\",\"url\":\"https:\/\/www.aventure-chlorophylle.com\/\",\"logo\":{\"@type\":\"ImageObject\",\"inLanguage\":\"en-GB\",\"@id\":\"https:\/\/www.aventure-chlorophylle.com\/#\/schema\/logo\/image\/\",\"url\":\"https:\/\/www.aventure-chlorophylle.com\/wp-content\/uploads\/2021\/04\/logo_aventure_chlorophylle.png\",\"contentUrl\":\"https:\/\/www.aventure-chlorophylle.com\/wp-content\/uploads\/2021\/04\/logo_aventure_chlorophylle.png\",\"width\":356,\"height\":392,\"caption\":\"Aventure Chlorophylle\"},\"image\":{\"@id\":\"https:\/\/www.aventure-chlorophylle.com\/#\/schema\/logo\/image\/\"},\"sameAs\":[\"https:\/\/www.facebook.com\/aventurechlorophylle\",\"https:\/\/www.instagram.com\/aventure_chlorophylle\/\"]}]}<\/script>\n<!-- \/ Yoast SEO plugin. -->","yoast_head_json":{"title":"canyoning around me - Aventure Chlorophylle","robots":{"index":"index","follow":"follow","max-snippet":"max-snippet:-1","max-image-preview":"max-image-preview:large","max-video-preview":"max-video-preview:-1"},"canonical":"https:\/\/www.aventure-chlorophylle.com\/en\/canyoning-autour-de-moi\/","og_locale":"en_GB","og_type":"article","og_title":"canyoning autour de moi - Aventure Chlorophylle","og_description":"Descente en canyoning autour de moi A 45 minutes de PauA 30 minutes d'Oloron Sainte MarieA 1h30 de DaxA 2h30 de BordeauxA 3h de Toulouse Rdv \u00e0 Laruns en vall\u00e9e d'Ossau dans les Pyr\u00e9n\u00e9es atlantiques pour des parcours canyoning en formule d\u00e9couverte ou sensation !!\u00a0 D\u00e9couvrez l'exp\u00e9rience unique du canyoning dans la vall\u00e9e d'Ossau La [&hellip;]","og_url":"https:\/\/www.aventure-chlorophylle.com\/en\/canyoning-autour-de-moi\/","og_site_name":"Aventure Chlorophylle","article_publisher":"https:\/\/www.facebook.com\/aventurechlorophylle","article_modified_time":"2025-05-23T08:33:58+00:00","twitter_card":"summary_large_image","twitter_misc":{"Estimated reading time":"5 minutes"},"schema":{"@context":"https:\/\/schema.org","@graph":[{"@type":"WebPage","@id":"https:\/\/www.aventure-chlorophylle.com\/canyoning-autour-de-moi\/","url":"https:\/\/www.aventure-chlorophylle.com\/canyoning-autour-de-moi\/","name":"canyoning around me - Aventure Chlorophylle","isPartOf":{"@id":"https:\/\/www.aventure-chlorophylle.com\/#website"},"datePublished":"2025-05-12T15:27:04+00:00","dateModified":"2025-05-23T08:33:58+00:00","breadcrumb":{"@id":"https:\/\/www.aventure-chlorophylle.com\/canyoning-autour-de-moi\/#breadcrumb"},"inLanguage":"en-GB","potentialAction":[{"@type":"ReadAction","target":["https:\/\/www.aventure-chlorophylle.com\/canyoning-autour-de-moi\/"]}]},{"@type":"BreadcrumbList","@id":"https:\/\/www.aventure-chlorophylle.com\/canyoning-autour-de-moi\/#breadcrumb","itemListElement":[{"@type":"ListItem","position":1,"name":"Accueil","item":"https:\/\/www.aventure-chlorophylle.com\/"},{"@type":"ListItem","position":2,"name":"canyoning autour de moi"}]},{"@type":"WebSite","@id":"https:\/\/www.aventure-chlorophylle.com\/#website","url":"https:\/\/www.aventure-chlorophylle.com\/","name":"Chlorophyll Adventure","description":"Canyoning, rafting and caving activities in the Pyrenees","publisher":{"@id":"https:\/\/www.aventure-chlorophylle.com\/#organization"},"potentialAction":[{"@type":"SearchAction","target":{"@type":"EntryPoint","urlTemplate":"https:\/\/www.aventure-chlorophylle.com\/?s={search_term_string}"},"query-input":{"@type":"PropertyValueSpecification","valueRequired":true,"valueName":"search_term_string"}}],"inLanguage":"en-GB"},{"@type":"Organization","@id":"https:\/\/www.aventure-chlorophylle.com\/#organization","name":"Chlorophyll Adventure","url":"https:\/\/www.aventure-chlorophylle.com\/","logo":{"@type":"ImageObject","inLanguage":"en-GB","@id":"https:\/\/www.aventure-chlorophylle.com\/#\/schema\/logo\/image\/","url":"https:\/\/www.aventure-chlorophylle.com\/wp-content\/uploads\/2021\/04\/logo_aventure_chlorophylle.png","contentUrl":"https:\/\/www.aventure-chlorophylle.com\/wp-content\/uploads\/2021\/04\/logo_aventure_chlorophylle.png","width":356,"height":392,"caption":"Aventure Chlorophylle"},"image":{"@id":"https:\/\/www.aventure-chlorophylle.com\/#\/schema\/logo\/image\/"},"sameAs":["https:\/\/www.facebook.com\/aventurechlorophylle","https:\/\/www.instagram.com\/aventure_chlorophylle\/"]}]}},"_links":{"self":[{"href":"https:\/\/www.aventure-chlorophylle.com\/en\/wp-json\/wp\/v2\/pages\/269337","targetHints":{"allow":["GET"]}}],"collection":[{"href":"https:\/\/www.aventure-chlorophylle.com\/en\/wp-json\/wp\/v2\/pages"}],"about":[{"href":"https:\/\/www.aventure-chlorophylle.com\/en\/wp-json\/wp\/v2\/types\/page"}],"author":[{"embeddable":true,"href":"https:\/\/www.aventure-chlorophylle.com\/en\/wp-json\/wp\/v2\/users\/3"}],"replies":[{"embeddable":true,"href":"https:\/\/www.aventure-chlorophylle.com\/en\/wp-json\/wp\/v2\/comments?post=269337"}],"version-history":[{"count":11,"href":"https:\/\/www.aventure-chlorophylle.com\/en\/wp-json\/wp\/v2\/pages\/269337\/revisions"}],"predecessor-version":[{"id":269376,"href":"https:\/\/www.aventure-chlorophylle.com\/en\/wp-json\/wp\/v2\/pages\/269337\/revisions\/269376"}],"wp:attachment":[{"href":"https:\/\/www.aventure-chlorophylle.com\/en\/wp-json\/wp\/v2\/media?parent=269337"}],"curies":[{"name":"wp","href":"https:\/\/api.w.org\/{rel}","templated":true}]}}