{"id":3,"date":"2020-12-07T10:37:16","date_gmt":"2020-12-07T09:37:16","guid":{"rendered":"https:\/\/www.aventure-chlorophylle.com\/?page_id=3"},"modified":"2022-03-07T12:14:18","modified_gmt":"2022-03-07T11:14:18","slug":"privacy-policy","status":"publish","type":"page","link":"https:\/\/www.aventure-chlorophylle.com\/en\/privacy-policy\/","title":{"rendered":"Privacy Policy"},"content":{"rendered":"<div id=\"post-content\">\n<h2>Personal data management<\/h2>\n<p>&nbsp;<\/p>\n<p>In France, personal data is protected by law no. 78-87 of 6 January 1978, law no. 2004-801 of 6 August 2004, article L. 226-13 of the Criminal Code and the European Directive of 24 October 1995.<\/p>\n<p>When using the www.aventure-chlorophylle.com website, the following information may be collected: the URL of the links through which the user accessed the www.aventure-chlorophylle.com website, the user's access provider, the user's Internet protocol (IP) address.<\/p>\n<p>In any case, Aventure Chlorophylle only collects personal information about the user for the purpose of certain services offered by the www.aventure-chlorophylle.com website. The user provides this information with full knowledge of the facts, in particular when he\/she enters it. The user of the www.aventure-chlorophylle.com website is then informed whether or not he\/she is required to provide this information.<\/p>\n<p>In accordance with the provisions of articles 38 and following of the law 78-17 of January 6, 1978 relating to data processing, files and freedoms, any user has a right of access, rectification and opposition to personal data concerning him, by making a written and signed request, accompanied by a copy of the identity card with signature of the holder of the document, specifying the address to which the answer must be sent.<\/p>\n<p>No personal information of the user of the website www.aventure-chlorophylle.com is published without the user's knowledge, exchanged, transferred, ceded or sold on any medium to third parties.<\/p>\n<p>The databases are protected by the provisions of the law of 1 July 1998 transposing Directive 96\/9 of 11 March 1996 on the legal protection of databases.<\/p>\n<p>&nbsp;<\/p>\n<h2>Hyperlinks<\/h2>\n<p>&nbsp;<\/p>\n<p>The www.aventure-chlorophylle.com website contains a number of hyperlinks to other websites, set up with the authorisation of Aventure Chlorophylle. However, Aventure Chlorophylle is not in a position to check the content of sites visited in this way, and consequently cannot accept any responsibility for them.<\/p>\n<p>&nbsp;<\/p>\n<h2>Use of cookies<\/h2>\n<p>&nbsp;<\/p>\n<p>Browsing the www.aventure-chlorophylle.com website may cause cookies to be installed on the user's computer. A cookie is a small file, which does not allow the user to be identified, but which records information relating to browsing when visiting a website in a dedicated space on your computer, your smartphone or any other computer medium.<br \/>\nSubject to your choices, cookies are used by the visited website to send information to your browser and to allow the browser to send information back to the visited website. Cookies thus enable their issuer to store information about your browsing preferences for the duration of the cookie's validity or recording.<\/p>\n<p>Refusal to install a cookie may make it impossible to access certain services. However, the user can configure his computer to refuse the installation of cookies.<\/p>\n<p>Aventure Chlorophylle uses several categories of cookies, each of which performs a different function:<\/p>\n<ul>\n<li>Cookies required for technical purposes<\/li>\n<li>Audience measurement cookies<\/li>\n<\/ul>\n<p>The different categories of cookies that may be used on the Aventure Chlorophylle website are described below.<\/p>\n<p><strong>1. Cookies required for technical purposes<br \/>\n<\/strong>These cookies are necessary for the proper functioning of our website.<\/p>\n<p><strong>2. Audience measurement cookies<br \/>\n<\/strong>These cookies are intended to establish the volume and establish statistics on the number of visitors to our site, the various sections and the use of the services offered on each of them.<\/p>\n<p>&nbsp;<\/p>\n<h2>Right to unsubscribe<\/h2>\n<p>&nbsp;<\/p>\n<p>If you no longer wish to receive electronic communications about Aventure Chlorophylle's activities, you can unsubscribe at any time by using the dedicated icon at the end of each newsletter or by sending us an e-mail (contact@aventure-chlorophylle.com)<\/p>\n<p>&nbsp;<\/p>\n<h2>Information and exercise of your rights regarding your personal data<\/h2>\n<p>&nbsp;<\/p>\n<p>For any information or to exercise your rights regarding the processing of personal data managed by Aventure Chlorophylle, <strong>you can contact us, giving us your name, first name, telephone number, e-mail and postal address, and attaching your identity card<\/strong> :<\/p>\n<ul>\n<li><strong>by email<\/strong>with the subject \"To the attention of the RGPD referent\": <a href=\"mailto:contact@aventure-chlorophylle.com\" target=\"_blank\" rel=\"noopener\">contact@aventure-chlorophylle.com<\/a><\/li>\n<li><strong>and\/or by mail<\/strong> at the following address<\/li>\n<\/ul>\n<h4>Chlorophyll Adventure<\/h4>\n<p>Johan Fontvileille<br \/>\n2 National Park Street<br \/>\n6420 ARUDY<br \/>\nFrance<\/p>\n<p>&nbsp;<\/p>\n<p><strong>You also have the right to lodge a complaint with the<\/strong> <strong>complaint to the <a href=\"https:\/\/www.cnil.fr\/\" target=\"_blank\" rel=\"noopener noreferrer\">CNIL <\/a><\/strong>(Commission Nationale de l'Informatique et des Libert\u00e9s, 3 Place de Fontenoy, TSA 80715, 75334 PARIS CEDEX 07).<\/p>\n<\/div>","protected":false},"excerpt":{"rendered":"<p>Management of personal data In France, personal data is protected by law n\u00b0 78-87 of 6 January 1978, law n\u00b0 2004-801 of 6 August 2004, article L. 226-13 of the Penal Code and the European Directive of 24 October 1995. During the use of the site www.aventure-chlorophylle.com, the following information may be collected: [...]<\/p>","protected":false},"author":3,"featured_media":0,"parent":0,"menu_order":0,"comment_status":"closed","ping_status":"closed","template":"","meta":{"_acf_changed":false,"_et_pb_use_builder":"off","_et_pb_old_content":"","_et_gb_content_width":"","inline_featured_image":false,"footnotes":""},"class_list":["post-3","page","type-page","status-publish","hentry"],"acf":[],"yoast_head":"<!-- This site is optimized with the Yoast SEO plugin v26.7 - https:\/\/yoast.com\/wordpress\/plugins\/seo\/ -->\n<title>Politique de confidentialit\u00e9 - Aventure Chlorophylle<\/title>\n<meta name=\"robots\" content=\"index, follow, max-snippet:-1, max-image-preview:large, max-video-preview:-1\" \/>\n<link rel=\"canonical\" href=\"https:\/\/www.aventure-chlorophylle.com\/en\/privacy-policy\/\" \/>\n<meta property=\"og:locale\" content=\"en_GB\" \/>\n<meta property=\"og:type\" content=\"article\" \/>\n<meta property=\"og:title\" content=\"Politique de confidentialit\u00e9 - Aventure Chlorophylle\" \/>\n<meta property=\"og:description\" content=\"Gestion des donn\u00e9es personnelles &nbsp; En France, les donn\u00e9es personnelles sont notamment prot\u00e9g\u00e9es par la loi n\u00b0 78-87 du 6 janvier 1978, la loi n\u00b0 2004-801 du 6 ao\u00fbt 2004, l\u2019article L. 226-13 du Code p\u00e9nal et la Directive Europ\u00e9enne du 24 octobre 1995. A l\u2019occasion de l\u2019utilisation du site www.aventure-chlorophylle.com, peuvent \u00eatres recueillies : [&hellip;]\" \/>\n<meta property=\"og:url\" content=\"https:\/\/www.aventure-chlorophylle.com\/en\/privacy-policy\/\" \/>\n<meta property=\"og:site_name\" content=\"Aventure Chlorophylle\" \/>\n<meta property=\"article:publisher\" content=\"https:\/\/www.facebook.com\/aventurechlorophylle\" \/>\n<meta property=\"article:modified_time\" content=\"2022-03-07T11:14:18+00:00\" \/>\n<meta name=\"twitter:card\" content=\"summary_large_image\" \/>\n<meta name=\"twitter:label1\" content=\"Estimated reading time\" \/>\n\t<meta name=\"twitter:data1\" content=\"4 minutes\" \/>\n<script type=\"application\/ld+json\" class=\"yoast-schema-graph\">{\"@context\":\"https:\/\/schema.org\",\"@graph\":[{\"@type\":\"WebPage\",\"@id\":\"https:\/\/www.aventure-chlorophylle.com\/politique-de-confidentialite\/\",\"url\":\"https:\/\/www.aventure-chlorophylle.com\/politique-de-confidentialite\/\",\"name\":\"Politique de confidentialit\u00e9 - Aventure Chlorophylle\",\"isPartOf\":{\"@id\":\"https:\/\/www.aventure-chlorophylle.com\/#website\"},\"datePublished\":\"2020-12-07T09:37:16+00:00\",\"dateModified\":\"2022-03-07T11:14:18+00:00\",\"breadcrumb\":{\"@id\":\"https:\/\/www.aventure-chlorophylle.com\/politique-de-confidentialite\/#breadcrumb\"},\"inLanguage\":\"en-GB\",\"potentialAction\":[{\"@type\":\"ReadAction\",\"target\":[\"https:\/\/www.aventure-chlorophylle.com\/politique-de-confidentialite\/\"]}]},{\"@type\":\"BreadcrumbList\",\"@id\":\"https:\/\/www.aventure-chlorophylle.com\/politique-de-confidentialite\/#breadcrumb\",\"itemListElement\":[{\"@type\":\"ListItem\",\"position\":1,\"name\":\"Accueil\",\"item\":\"https:\/\/www.aventure-chlorophylle.com\/\"},{\"@type\":\"ListItem\",\"position\":2,\"name\":\"Politique de confidentialit\u00e9\"}]},{\"@type\":\"WebSite\",\"@id\":\"https:\/\/www.aventure-chlorophylle.com\/#website\",\"url\":\"https:\/\/www.aventure-chlorophylle.com\/\",\"name\":\"Aventure Chlorophylle\",\"description\":\"Activit\u00e9s de Canyoning, rafting et sp\u00e9l\u00e9ologie dans les Pyr\u00e9n\u00e9es\",\"publisher\":{\"@id\":\"https:\/\/www.aventure-chlorophylle.com\/#organization\"},\"potentialAction\":[{\"@type\":\"SearchAction\",\"target\":{\"@type\":\"EntryPoint\",\"urlTemplate\":\"https:\/\/www.aventure-chlorophylle.com\/?s={search_term_string}\"},\"query-input\":{\"@type\":\"PropertyValueSpecification\",\"valueRequired\":true,\"valueName\":\"search_term_string\"}}],\"inLanguage\":\"en-GB\"},{\"@type\":\"Organization\",\"@id\":\"https:\/\/www.aventure-chlorophylle.com\/#organization\",\"name\":\"Aventure Chlorophylle\",\"url\":\"https:\/\/www.aventure-chlorophylle.com\/\",\"logo\":{\"@type\":\"ImageObject\",\"inLanguage\":\"en-GB\",\"@id\":\"https:\/\/www.aventure-chlorophylle.com\/#\/schema\/logo\/image\/\",\"url\":\"https:\/\/www.aventure-chlorophylle.com\/wp-content\/uploads\/2021\/04\/logo_aventure_chlorophylle.png\",\"contentUrl\":\"https:\/\/www.aventure-chlorophylle.com\/wp-content\/uploads\/2021\/04\/logo_aventure_chlorophylle.png\",\"width\":356,\"height\":392,\"caption\":\"Aventure Chlorophylle\"},\"image\":{\"@id\":\"https:\/\/www.aventure-chlorophylle.com\/#\/schema\/logo\/image\/\"},\"sameAs\":[\"https:\/\/www.facebook.com\/aventurechlorophylle\",\"https:\/\/www.instagram.com\/aventure_chlorophylle\/\"]}]}<\/script>\n<!-- \/ Yoast SEO plugin. -->","yoast_head_json":{"title":"Privacy policy - Aventure Chlorophylle","robots":{"index":"index","follow":"follow","max-snippet":"max-snippet:-1","max-image-preview":"max-image-preview:large","max-video-preview":"max-video-preview:-1"},"canonical":"https:\/\/www.aventure-chlorophylle.com\/en\/privacy-policy\/","og_locale":"en_GB","og_type":"article","og_title":"Politique de confidentialit\u00e9 - Aventure Chlorophylle","og_description":"Gestion des donn\u00e9es personnelles &nbsp; En France, les donn\u00e9es personnelles sont notamment prot\u00e9g\u00e9es par la loi n\u00b0 78-87 du 6 janvier 1978, la loi n\u00b0 2004-801 du 6 ao\u00fbt 2004, l\u2019article L. 226-13 du Code p\u00e9nal et la Directive Europ\u00e9enne du 24 octobre 1995. A l\u2019occasion de l\u2019utilisation du site www.aventure-chlorophylle.com, peuvent \u00eatres recueillies : [&hellip;]","og_url":"https:\/\/www.aventure-chlorophylle.com\/en\/privacy-policy\/","og_site_name":"Aventure Chlorophylle","article_publisher":"https:\/\/www.facebook.com\/aventurechlorophylle","article_modified_time":"2022-03-07T11:14:18+00:00","twitter_card":"summary_large_image","twitter_misc":{"Estimated reading time":"4 minutes"},"schema":{"@context":"https:\/\/schema.org","@graph":[{"@type":"WebPage","@id":"https:\/\/www.aventure-chlorophylle.com\/politique-de-confidentialite\/","url":"https:\/\/www.aventure-chlorophylle.com\/politique-de-confidentialite\/","name":"Privacy policy - Aventure Chlorophylle","isPartOf":{"@id":"https:\/\/www.aventure-chlorophylle.com\/#website"},"datePublished":"2020-12-07T09:37:16+00:00","dateModified":"2022-03-07T11:14:18+00:00","breadcrumb":{"@id":"https:\/\/www.aventure-chlorophylle.com\/politique-de-confidentialite\/#breadcrumb"},"inLanguage":"en-GB","potentialAction":[{"@type":"ReadAction","target":["https:\/\/www.aventure-chlorophylle.com\/politique-de-confidentialite\/"]}]},{"@type":"BreadcrumbList","@id":"https:\/\/www.aventure-chlorophylle.com\/politique-de-confidentialite\/#breadcrumb","itemListElement":[{"@type":"ListItem","position":1,"name":"Accueil","item":"https:\/\/www.aventure-chlorophylle.com\/"},{"@type":"ListItem","position":2,"name":"Politique de confidentialit\u00e9"}]},{"@type":"WebSite","@id":"https:\/\/www.aventure-chlorophylle.com\/#website","url":"https:\/\/www.aventure-chlorophylle.com\/","name":"Chlorophyll Adventure","description":"Canyoning, rafting and caving activities in the Pyrenees","publisher":{"@id":"https:\/\/www.aventure-chlorophylle.com\/#organization"},"potentialAction":[{"@type":"SearchAction","target":{"@type":"EntryPoint","urlTemplate":"https:\/\/www.aventure-chlorophylle.com\/?s={search_term_string}"},"query-input":{"@type":"PropertyValueSpecification","valueRequired":true,"valueName":"search_term_string"}}],"inLanguage":"en-GB"},{"@type":"Organization","@id":"https:\/\/www.aventure-chlorophylle.com\/#organization","name":"Chlorophyll Adventure","url":"https:\/\/www.aventure-chlorophylle.com\/","logo":{"@type":"ImageObject","inLanguage":"en-GB","@id":"https:\/\/www.aventure-chlorophylle.com\/#\/schema\/logo\/image\/","url":"https:\/\/www.aventure-chlorophylle.com\/wp-content\/uploads\/2021\/04\/logo_aventure_chlorophylle.png","contentUrl":"https:\/\/www.aventure-chlorophylle.com\/wp-content\/uploads\/2021\/04\/logo_aventure_chlorophylle.png","width":356,"height":392,"caption":"Aventure Chlorophylle"},"image":{"@id":"https:\/\/www.aventure-chlorophylle.com\/#\/schema\/logo\/image\/"},"sameAs":["https:\/\/www.facebook.com\/aventurechlorophylle","https:\/\/www.instagram.com\/aventure_chlorophylle\/"]}]}},"_links":{"self":[{"href":"https:\/\/www.aventure-chlorophylle.com\/en\/wp-json\/wp\/v2\/pages\/3","targetHints":{"allow":["GET"]}}],"collection":[{"href":"https:\/\/www.aventure-chlorophylle.com\/en\/wp-json\/wp\/v2\/pages"}],"about":[{"href":"https:\/\/www.aventure-chlorophylle.com\/en\/wp-json\/wp\/v2\/types\/page"}],"author":[{"embeddable":true,"href":"https:\/\/www.aventure-chlorophylle.com\/en\/wp-json\/wp\/v2\/users\/3"}],"replies":[{"embeddable":true,"href":"https:\/\/www.aventure-chlorophylle.com\/en\/wp-json\/wp\/v2\/comments?post=3"}],"version-history":[{"count":3,"href":"https:\/\/www.aventure-chlorophylle.com\/en\/wp-json\/wp\/v2\/pages\/3\/revisions"}],"predecessor-version":[{"id":265789,"href":"https:\/\/www.aventure-chlorophylle.com\/en\/wp-json\/wp\/v2\/pages\/3\/revisions\/265789"}],"wp:attachment":[{"href":"https:\/\/www.aventure-chlorophylle.com\/en\/wp-json\/wp\/v2\/media?parent=3"}],"curies":[{"name":"wp","href":"https:\/\/api.w.org\/{rel}","templated":true}]}}