{"id":261688,"date":"2021-04-15T10:00:44","date_gmt":"2021-04-15T08:00:44","guid":{"rendered":"https:\/\/www.aventure-chlorophylle.com\/?page_id=261688"},"modified":"2022-04-19T09:16:34","modified_gmt":"2022-04-19T07:16:34","slug":"tus-fotos","status":"publish","type":"page","link":"https:\/\/www.aventure-chlorophylle.com\/es\/tus-fotos\/","title":{"rendered":"Tus fotos"},"content":{"rendered":"","protected":true},"excerpt":{"rendered":"","protected":true},"author":3,"featured_media":0,"parent":0,"menu_order":0,"comment_status":"closed","ping_status":"closed","template":"","meta":{"_acf_changed":false,"_et_pb_use_builder":"on","_et_pb_old_content":"","_et_gb_content_width":"","inline_featured_image":false,"footnotes":""},"class_list":["post-261688","page","type-page","status-publish","post-password-required","hentry"],"acf":[],"yoast_head":"<!-- This site is optimized with the Yoast SEO plugin v26.7 - https:\/\/yoast.com\/wordpress\/plugins\/seo\/ -->\n<title>Vos photos - Aventure Chlorophylle<\/title>\n<meta name=\"description\" content=\"Toutes vos photos de votre sortie sont ici ! Venez les voir ou bien les t\u00e9l\u00e9charger, n&#039;h\u00e9sitez pas \u00e0 laisser un avis Google !\" \/>\n<meta name=\"robots\" content=\"index, follow, max-snippet:-1, max-image-preview:large, max-video-preview:-1\" \/>\n<link rel=\"canonical\" href=\"https:\/\/www.aventure-chlorophylle.com\/es\/tus-fotos\/\" \/>\n<meta property=\"og:locale\" content=\"es_ES\" \/>\n<meta property=\"og:type\" content=\"article\" \/>\n<meta property=\"og:title\" content=\"Vos photos - Aventure Chlorophylle\" \/>\n<meta property=\"og:description\" content=\"Toutes vos photos de votre sortie sont ici ! Venez les voir ou bien les t\u00e9l\u00e9charger, n&#039;h\u00e9sitez pas \u00e0 laisser un avis Google !\" \/>\n<meta property=\"og:url\" content=\"https:\/\/www.aventure-chlorophylle.com\/es\/tus-fotos\/\" \/>\n<meta property=\"og:site_name\" content=\"Aventure Chlorophylle\" \/>\n<meta property=\"article:publisher\" content=\"https:\/\/www.facebook.com\/aventurechlorophylle\" \/>\n<meta property=\"article:modified_time\" content=\"2022-04-19T07:16:34+00:00\" \/>\n<meta name=\"twitter:card\" content=\"summary_large_image\" \/>\n<meta name=\"twitter:label1\" content=\"Tiempo de lectura\" \/>\n\t<meta name=\"twitter:data1\" content=\"5 minutos\" \/>\n<script type=\"application\/ld+json\" class=\"yoast-schema-graph\">{\"@context\":\"https:\/\/schema.org\",\"@graph\":[{\"@type\":\"WebPage\",\"@id\":\"https:\/\/www.aventure-chlorophylle.com\/vos-photos\/\",\"url\":\"https:\/\/www.aventure-chlorophylle.com\/vos-photos\/\",\"name\":\"Vos photos - Aventure Chlorophylle\",\"isPartOf\":{\"@id\":\"https:\/\/www.aventure-chlorophylle.com\/#website\"},\"datePublished\":\"2021-04-15T08:00:44+00:00\",\"dateModified\":\"2022-04-19T07:16:34+00:00\",\"breadcrumb\":{\"@id\":\"https:\/\/www.aventure-chlorophylle.com\/vos-photos\/#breadcrumb\"},\"inLanguage\":\"es\"},{\"@type\":\"WebSite\",\"@id\":\"https:\/\/www.aventure-chlorophylle.com\/#website\",\"url\":\"https:\/\/www.aventure-chlorophylle.com\/\",\"name\":\"Aventure Chlorophylle\",\"description\":\"Activit\u00e9s de Canyoning, rafting et sp\u00e9l\u00e9ologie dans les Pyr\u00e9n\u00e9es\",\"publisher\":{\"@id\":\"https:\/\/www.aventure-chlorophylle.com\/#organization\"},\"potentialAction\":[{\"@type\":\"SearchAction\",\"target\":{\"@type\":\"EntryPoint\",\"urlTemplate\":\"https:\/\/www.aventure-chlorophylle.com\/?s={search_term_string}\"},\"query-input\":{\"@type\":\"PropertyValueSpecification\",\"valueRequired\":true,\"valueName\":\"search_term_string\"}}],\"inLanguage\":\"es\"},{\"@type\":\"Organization\",\"@id\":\"https:\/\/www.aventure-chlorophylle.com\/#organization\",\"name\":\"Aventure Chlorophylle\",\"url\":\"https:\/\/www.aventure-chlorophylle.com\/\",\"logo\":{\"@type\":\"ImageObject\",\"inLanguage\":\"es\",\"@id\":\"https:\/\/www.aventure-chlorophylle.com\/#\/schema\/logo\/image\/\",\"url\":\"https:\/\/www.aventure-chlorophylle.com\/wp-content\/uploads\/2021\/04\/logo_aventure_chlorophylle.png\",\"contentUrl\":\"https:\/\/www.aventure-chlorophylle.com\/wp-content\/uploads\/2021\/04\/logo_aventure_chlorophylle.png\",\"width\":356,\"height\":392,\"caption\":\"Aventure Chlorophylle\"},\"image\":{\"@id\":\"https:\/\/www.aventure-chlorophylle.com\/#\/schema\/logo\/image\/\"},\"sameAs\":[\"https:\/\/www.facebook.com\/aventurechlorophylle\",\"https:\/\/www.instagram.com\/aventure_chlorophylle\/\"]}]}<\/script>\n<!-- \/ Yoast SEO plugin. -->","yoast_head_json":{"title":"Tus fotos - Aventure Chlorophylle","description":"\u00a1Ya est\u00e1n aqu\u00ed todas las fotos de tu salida! Ven a verlas o desc\u00e1rgalas, \u00a1no dudes en dejar una rese\u00f1a en Google!","robots":{"index":"index","follow":"follow","max-snippet":"max-snippet:-1","max-image-preview":"max-image-preview:large","max-video-preview":"max-video-preview:-1"},"canonical":"https:\/\/www.aventure-chlorophylle.com\/es\/tus-fotos\/","og_locale":"es_ES","og_type":"article","og_title":"Vos photos - Aventure Chlorophylle","og_description":"Toutes vos photos de votre sortie sont ici ! Venez les voir ou bien les t\u00e9l\u00e9charger, n'h\u00e9sitez pas \u00e0 laisser un avis Google !","og_url":"https:\/\/www.aventure-chlorophylle.com\/es\/tus-fotos\/","og_site_name":"Aventure Chlorophylle","article_publisher":"https:\/\/www.facebook.com\/aventurechlorophylle","article_modified_time":"2022-04-19T07:16:34+00:00","twitter_card":"summary_large_image","twitter_misc":{"Tiempo de lectura":"5 minutos"},"schema":{"@context":"https:\/\/schema.org","@graph":[{"@type":"WebPage","@id":"https:\/\/www.aventure-chlorophylle.com\/vos-photos\/","url":"https:\/\/www.aventure-chlorophylle.com\/vos-photos\/","name":"Tus fotos - Aventure Chlorophylle","isPartOf":{"@id":"https:\/\/www.aventure-chlorophylle.com\/#website"},"datePublished":"2021-04-15T08:00:44+00:00","dateModified":"2022-04-19T07:16:34+00:00","breadcrumb":{"@id":"https:\/\/www.aventure-chlorophylle.com\/vos-photos\/#breadcrumb"},"inLanguage":"es"},{"@type":"WebSite","@id":"https:\/\/www.aventure-chlorophylle.com\/#website","url":"https:\/\/www.aventure-chlorophylle.com\/","name":"Aventura clorof\u00edlica","description":"Barranquismo, rafting y espeleolog\u00eda en los Pirineos","publisher":{"@id":"https:\/\/www.aventure-chlorophylle.com\/#organization"},"potentialAction":[{"@type":"SearchAction","target":{"@type":"EntryPoint","urlTemplate":"https:\/\/www.aventure-chlorophylle.com\/?s={search_term_string}"},"query-input":{"@type":"PropertyValueSpecification","valueRequired":true,"valueName":"search_term_string"}}],"inLanguage":"es"},{"@type":"Organization","@id":"https:\/\/www.aventure-chlorophylle.com\/#organization","name":"Aventura clorof\u00edlica","url":"https:\/\/www.aventure-chlorophylle.com\/","logo":{"@type":"ImageObject","inLanguage":"es","@id":"https:\/\/www.aventure-chlorophylle.com\/#\/schema\/logo\/image\/","url":"https:\/\/www.aventure-chlorophylle.com\/wp-content\/uploads\/2021\/04\/logo_aventure_chlorophylle.png","contentUrl":"https:\/\/www.aventure-chlorophylle.com\/wp-content\/uploads\/2021\/04\/logo_aventure_chlorophylle.png","width":356,"height":392,"caption":"Aventure Chlorophylle"},"image":{"@id":"https:\/\/www.aventure-chlorophylle.com\/#\/schema\/logo\/image\/"},"sameAs":["https:\/\/www.facebook.com\/aventurechlorophylle","https:\/\/www.instagram.com\/aventure_chlorophylle\/"]}]}},"_links":{"self":[{"href":"https:\/\/www.aventure-chlorophylle.com\/es\/wp-json\/wp\/v2\/pages\/261688","targetHints":{"allow":["GET"]}}],"collection":[{"href":"https:\/\/www.aventure-chlorophylle.com\/es\/wp-json\/wp\/v2\/pages"}],"about":[{"href":"https:\/\/www.aventure-chlorophylle.com\/es\/wp-json\/wp\/v2\/types\/page"}],"author":[{"embeddable":true,"href":"https:\/\/www.aventure-chlorophylle.com\/es\/wp-json\/wp\/v2\/users\/3"}],"replies":[{"embeddable":true,"href":"https:\/\/www.aventure-chlorophylle.com\/es\/wp-json\/wp\/v2\/comments?post=261688"}],"version-history":[{"count":3,"href":"https:\/\/www.aventure-chlorophylle.com\/es\/wp-json\/wp\/v2\/pages\/261688\/revisions"}],"predecessor-version":[{"id":266053,"href":"https:\/\/www.aventure-chlorophylle.com\/es\/wp-json\/wp\/v2\/pages\/261688\/revisions\/266053"}],"wp:attachment":[{"href":"https:\/\/www.aventure-chlorophylle.com\/es\/wp-json\/wp\/v2\/media?parent=261688"}],"curies":[{"name":"wp","href":"https:\/\/api.w.org\/{rel}","templated":true}]}}