{"id":261736,"date":"2021-04-16T10:29:04","date_gmt":"2021-04-16T08:29:04","guid":{"rendered":"https:\/\/www.aventure-chlorophylle.com\/?page_id=261736"},"modified":"2021-07-09T00:30:40","modified_gmt":"2021-07-08T22:30:40","slug":"via-ferrata","status":"publish","type":"page","link":"https:\/\/www.aventure-chlorophylle.com\/es\/barranquismo-rafting-pirineos-atlantiques\/escalada-2\/via-ferrata\/","title":{"rendered":"V\u00eda Ferrata de Siala"},"content":{"rendered":"<p>[et_pb_section fb_built=\u00a0\u00bb1&Prime; fullwidth=\u00a0\u00bbon\u00a0\u00bb admin_label=\u00a0\u00bbSlider produit\u00a0\u00bb _builder_version=\u00a0\u00bb4.9.4&Prime; _module_preset=\u00a0\u00bbdefault\u00a0\u00bb custom_margin=\u00a0\u00bb||-140px||false|false\u00a0\u00bb custom_margin_tablet=\u00a0\u00bb||-88px||false|false\u00a0\u00bb custom_margin_phone=\u00a0\u00bb||-44px||false|false\u00a0\u00bb custom_margin_last_edited=\u00a0\u00bbon|desktop\u00a0\u00bb locked=\u00a0\u00bboff\u00a0\u00bb collapsed=\u00a0\u00bboff\u00a0\u00bb][et_pb_fullwidth_slider show_pagination=\u00a0\u00bboff\u00a0\u00bb use_bg_overlay=\u00a0\u00bbon\u00a0\u00bb bg_overlay_color=\u00a0\u00bbrgba(73,59,34,0.1)\u00a0\u00bb use_text_overlay=\u00a0\u00bboff\u00a0\u00bb arrows_custom_color=\u00a0\u00bb#5CAA80&Prime; _builder_version=\u00a0\u00bb4.9.2&Prime; _module_preset=\u00a0\u00bbdefault\u00a0\u00bb background_color=\u00a0\u00bb#F6F2EC\u00a0\u00bb use_background_color_gradient=\u00a0\u00bbon\u00a0\u00bb background_color_gradient_start=\u00a0\u00bbrgba(34,34,34,0)\u00a0\u00bb background_color_gradient_end=\u00a0\u00bbrgba(34,34,34,0.05)\u00a0\u00bb background_color_gradient_start_position=\u00a0\u00bb40%\u00a0\u00bb background_color_gradient_overlays_image=\u00a0\u00bbon\u00a0\u00bb min_height_tablet=\u00a0\u00bb\u00a0\u00bb min_height_phone=\u00a0\u00bb\u00a0\u00bb min_height_last_edited=\u00a0\u00bbon|desktop\u00a0\u00bb height=\u00a0\u00bb400px\u00a0\u00bb height_tablet=\u00a0\u00bb220px\u00a0\u00bb height_phone=\u00a0\u00bb140px\u00a0\u00bb height_last_edited=\u00a0\u00bbon|desktop\u00a0\u00bb][et_pb_slide use_bg_overlay=\u00a0\u00bboff\u00a0\u00bb _builder_version=\u00a0\u00bb4.9.2&Prime; _module_preset=\u00a0\u00bbdefault\u00a0\u00bb body_text_align=\u00a0\u00bbcenter\u00a0\u00bb body_text_color=\u00a0\u00bb#FFFFFF\u00a0\u00bb background_color=\u00a0\u00bb#F6F2EC\u00a0\u00bb background_enable_color=\u00a0\u00bbon\u00a0\u00bb background_image=\u00a0\u00bbhttps:\/\/www.aventure-chlorophylle.com\/wp-content\/uploads\/2021\/06\/activite_vignette_via_ferrata_de_siala_31.jpg\u00a0\u00bb background_enable_image=\u00a0\u00bbon\u00a0\u00bb sticky_transition=\u00a0\u00bbon\u00a0\u00bb][\/et_pb_slide][\/et_pb_fullwidth_slider][\/et_pb_section][et_pb_section fb_built=\u00a0\u00bb1&Prime; admin_label=\u00a0\u00bbmontagne en fond\u00a0\u00bb _builder_version=\u00a0\u00bb4.9.4&Prime; _module_preset=\u00a0\u00bbdefault\u00a0\u00bb background_color=\u00a0\u00bbRGBA(0,0,0,0)\u00a0\u00bb background_image=\u00a0\u00bbhttps:\/\/www.aventure-chlorophylle.com\/wp-content\/uploads\/2021\/04\/msk-mountain.svg\u00a0\u00bb z_index=\u00a0\u00bb10&Prime; height=\u00a0\u00bb144px\u00a0\u00bb height_tablet=\u00a0\u00bb88px\u00a0\u00bb height_phone=\u00a0\u00bb44px\u00a0\u00bb height_last_edited=\u00a0\u00bbon|phone\u00a0\u00bb custom_padding=\u00a0\u00bb0px||0px||true|false\u00a0\u00bb global_module=\u00a0\u00bb261939&Prime; collapsed=\u00a0\u00bbon\u00a0\u00bb][\/et_pb_section][et_pb_section fb_built=\u00a0\u00bb1&Prime; _builder_version=\u00a0\u00bb4.9.4&Prime; _module_preset=\u00a0\u00bbdefault\u00a0\u00bb background_color=\u00a0\u00bb#FFFFFF\u00a0\u00bb custom_padding=\u00a0\u00bb0px||0px|||\u00a0\u00bb collapsed=\u00a0\u00bboff\u00a0\u00bb][et_pb_row admin_label=\u00a0\u00bbFil d&rsquo;arianne\u00a0\u00bb _builder_version=\u00a0\u00bb4.9.4&Prime; _module_preset=\u00a0\u00bbdefault\u00a0\u00bb custom_padding=\u00a0\u00bb0px||0px||true|false\u00a0\u00bb global_module=\u00a0\u00bb261844&Prime; saved_tabs=\u00a0\u00bball\u00a0\u00bb collapsed=\u00a0\u00bbon\u00a0\u00bb][et_pb_column type=\u00a0\u00bb4_4&Prime; _builder_version=\u00a0\u00bb4.9.4&Prime; _module_preset=\u00a0\u00bbdefault\u00a0\u00bb][et_pb_code _builder_version=\u00a0\u00bb4.9.2&Prime; _module_preset=\u00a0\u00bbdefault\u00a0\u00bb]<span><span><a href=\"https:\/\/www.aventure-chlorophylle.com\/es\/\">Inicio<\/a><\/span><\/span>[\/et_pb_code][\/et_pb_column][\/et_pb_row][et_pb_row _builder_version=\u00a0\u00bb4.9.4&Prime; _module_preset=\u00a0\u00bbdefault\u00a0\u00bb][et_pb_column type=\u00a0\u00bb4_4&Prime; _builder_version=\u00a0\u00bb4.9.4&Prime; _module_preset=\u00a0\u00bbdefault\u00a0\u00bb][et_pb_text _builder_version=\u00a0\u00bb4.9.2&Prime; _module_preset=\u00a0\u00bb0e379c64-ea23-42c6-87bf-cda43f70971b\u00a0\u00bb hover_enabled=\u00a0\u00bb0&Prime; sticky_enabled=\u00a0\u00bb0&Prime;]<\/p>\n<h1>V\u00eda Ferrata de Siala<\/h1>\n<p>&nbsp;<\/p>\n<p>La V\u00eda Ferrata du Siala en Gourette es una vertiginosa ruta de pared equipada con pelda\u00f1os met\u00e1licos para facilitar el ascenso.<\/p>\n<p>\u00a1Tendr\u00e1s una vista impresionante del valle de valentin y de las gargantas de Siala! No lo dudes, \u00a1ven y toma altura!<\/p>\n<p>[\/et_pb_text][\/et_pb_column][\/et_pb_row][et_pb_row _builder_version=\u00a0\u00bb4.9.4&Prime; _module_preset=\u00a0\u00bbdefault\u00a0\u00bb][et_pb_column type=\u00a0\u00bb4_4&Prime; _builder_version=\u00a0\u00bb4.9.4&Prime; _module_preset=\u00a0\u00bbdefault\u00a0\u00bb][et_pb_shop type=\u00a0\u00bbproduct_category\u00a0\u00bb include_categories=\u00a0\u00bb35&Prime; columns_number=\u00a0\u00bb3&Prime; icon_hover_color=\u00a0\u00bbRGBA(0,0,0,0)\u00a0\u00bb hover_overlay_color=\u00a0\u00bbRGBA(0,0,0,0)\u00a0\u00bb _builder_version=\u00a0\u00bb4.9.4&Prime; _module_preset=\u00a0\u00bbdefault\u00a0\u00bb bapf_apply=\u00a0\u00bbenable\u00a0\u00bb][\/et_pb_shop][\/et_pb_column][\/et_pb_row][\/et_pb_section][et_pb_section fb_built=\u00a0\u00bb1&Prime; admin_label=\u00a0\u00bbD\u00e9chirement bas\u00a0\u00bb _builder_version=\u00a0\u00bb4.9.4&Prime; _module_preset=\u00a0\u00bbdefault\u00a0\u00bb background_color=\u00a0\u00bbRGBA(0,0,0,0)\u00a0\u00bb background_image=\u00a0\u00bbhttps:\/\/www.aventure-chlorophylle.com\/wp-content\/uploads\/2021\/04\/msk-horizontal-top.svg\u00a0\u00bb background_repeat=\u00a0\u00bbrepeat-x\u00a0\u00bb height=\u00a0\u00bb30px\u00a0\u00bb height_tablet=\u00a0\u00bb30px\u00a0\u00bb height_phone=\u00a0\u00bb30px\u00a0\u00bb height_last_edited=\u00a0\u00bbon|tablet\u00a0\u00bb custom_padding=\u00a0\u00bb0px||0px||true|false\u00a0\u00bb custom_css_main_element=\u00a0\u00bbbackground-size:auto 100%!important;\u00a0\u00bb global_module=\u00a0\u00bb262407&Prime; saved_tabs=\u00a0\u00bball\u00a0\u00bb locked=\u00a0\u00bboff\u00a0\u00bb collapsed=\u00a0\u00bbon\u00a0\u00bb][\/et_pb_section][et_pb_section fb_built=\u00a0\u00bb1&Prime; admin_label=\u00a0\u00bbGoogle maps\u00a0\u00bb _builder_version=\u00a0\u00bb4.9.4&Prime; _module_preset=\u00a0\u00bbdefault\u00a0\u00bb background_color=\u00a0\u00bbRGBA(0,0,0,0)\u00a0\u00bb saved_tabs=\u00a0\u00bball\u00a0\u00bb collapsed=\u00a0\u00bboff\u00a0\u00bb][et_pb_row column_structure=\u00a0\u00bb1_4,3_4&Prime; use_custom_gutter=\u00a0\u00bbon\u00a0\u00bb gutter_width=\u00a0\u00bb1&Prime; make_equal=\u00a0\u00bbon\u00a0\u00bb _builder_version=\u00a0\u00bb4.9.4&Prime; _module_preset=\u00a0\u00bbdefault\u00a0\u00bb background_color=\u00a0\u00bb#FFFFFF\u00a0\u00bb custom_padding=\u00a0\u00bb0px||0px|||\u00a0\u00bb box_shadow_style=\u00a0\u00bbpreset3&Prime; box_shadow_vertical=\u00a0\u00bb5px\u00a0\u00bb box_shadow_blur=\u00a0\u00bb20px\u00a0\u00bb box_shadow_color=\u00a0\u00bbrgba(0,0,0,0.04)\u00a0\u00bb][et_pb_column type=\u00a0\u00bb1_4&Prime; _builder_version=\u00a0\u00bb4.9.4&Prime; _module_preset=\u00a0\u00bbdefault\u00a0\u00bb][et_pb_text admin_label=\u00a0\u00bbL\u00e9gende\u00a0\u00bb module_class=\u00a0\u00bbmap-legend\u00a0\u00bb _builder_version=\u00a0\u00bb4.9.2&Prime; _module_preset=\u00a0\u00bbdefault\u00a0\u00bb header_3_text_color=\u00a0\u00bb#909090&Prime; custom_padding=\u00a0\u00bb1rem|1rem|1rem|1rem|true|true\u00a0\u00bb global_module=\u00a0\u00bb262562&Prime; saved_tabs=\u00a0\u00bball\u00a0\u00bb]<\/p>\n<h3>Leyenda<\/h3>\n<ul>\n<li><img loading=\"lazy\" decoding=\"async\" src=\"https:\/\/www.aventure-chlorophylle.com\/wp-content\/uploads\/2021\/06\/icon_canyoning.svg\" width=\"32\" height=\"32\" alt=\"\" class=\"wp-image-263671 alignnone size-full\" \/>Ca\u00f1\u00f3n<\/li>\n<li><img loading=\"lazy\" decoding=\"async\" src=\"https:\/\/www.aventure-chlorophylle.com\/wp-content\/uploads\/2021\/06\/icon_rafting.svg\" width=\"32\" height=\"32\" alt=\"\" class=\"wp-image-263668 alignnone size-full\" \/>Rafting<\/li>\n<li><img loading=\"lazy\" decoding=\"async\" src=\"https:\/\/www.aventure-chlorophylle.com\/wp-content\/uploads\/2021\/06\/iconspeleo.svg\" width=\"32\" height=\"32\" alt=\"\" class=\"wp-image-263670 alignnone size-full\" \/>Gruta<\/li>\n<li><img loading=\"lazy\" decoding=\"async\" src=\"https:\/\/www.aventure-chlorophylle.com\/wp-content\/uploads\/2021\/06\/icon_escalade.svg\" width=\"32\" height=\"32\" alt=\"\" class=\"wp-image-263666 alignnone size-full\" \/>Monta\u00f1ismo<\/li>\n<li><img loading=\"lazy\" decoding=\"async\" src=\"https:\/\/www.aventure-chlorophylle.com\/wp-content\/uploads\/2021\/06\/icon_escalade.svg\" width=\"32\" height=\"32\" alt=\"\" class=\"wp-image-263666 alignnone size-full\" \/>V\u00eda Ferrata<\/li>\n<li><img loading=\"lazy\" decoding=\"async\" src=\"https:\/\/www.aventure-chlorophylle.com\/wp-content\/uploads\/2021\/06\/icon_escalade.svg\" width=\"32\" height=\"32\" alt=\"\" class=\"wp-image-263666 alignnone size-full\" \/>V\u00eda Cordata<\/li>\n<li><img loading=\"lazy\" decoding=\"async\" src=\"https:\/\/www.aventure-chlorophylle.com\/wp-content\/uploads\/2021\/06\/icon_escalade.svg\" width=\"32\" height=\"32\" alt=\"\" class=\"wp-image-263666 alignnone size-full\" \/>Rock escolar<\/li>\n<li><img loading=\"lazy\" decoding=\"async\" src=\"https:\/\/www.aventure-chlorophylle.com\/wp-content\/uploads\/2021\/06\/icon_vtt.svg\" width=\"32\" height=\"32\" alt=\"\" class=\"wp-image-263669 alignnone size-full\" \/>BICICLETA DE MONTA\u00d1A<\/li>\n<li><img loading=\"lazy\" decoding=\"async\" src=\"https:\/\/www.aventure-chlorophylle.com\/wp-content\/uploads\/2021\/06\/icon_parking.svg\" width=\"32\" height=\"32\" alt=\"\" class=\"wp-image-263667 alignnone size-full\" \/>Catering Aparcamiento<\/li>\n<\/ul>\n<p>[et_pb_text][\/et_pb_column][et_pb_column type=\"3_4\u2033 _builder_version=\"4.9.4\u2033 _module_preset=\"default \"][et_pb_code _builder_version=\"4.9.4\u2033 _module_preset=\"default \"]<iframe loading=\"lazy\" src=\"https:\/\/www.google.com\/maps\/d\/embed?mid=1bCbvtiC1MD0h-R-XuklJtA1Cz92QGpdO\" width=\"100%\" height=\"480px\"><\/iframe>[\/et_pb_code][\/et_pb_column][\/et_pb_row][\/et_pb_section]<\/p>","protected":false},"excerpt":{"rendered":"<p><span><span><a href=\"https:\/\/www.aventure-chlorophylle.com\/es\/\">Inicio<\/a><\/span><\/span>Via Ferrata du Siala &nbsp; La Via Ferrata du Siala \u00e0 Gourette est un itin\u00e9raire vertigineux en paroi \u00e9quip\u00e9 d\u2019\u00e9chelons m\u00e9talliques pour faciliter l\u2019ascension. Vous aurez une vue imprenable sur le vallon du valentin et les gorges du Siala ! N&rsquo;h\u00e9sitez plus venez prendre de la hauteur !L\u00e9gende Canyon Rafting Grotte Alpinisme Via Ferrata Via [&hellip;]<\/p>","protected":false},"author":3,"featured_media":0,"parent":262948,"menu_order":0,"comment_status":"closed","ping_status":"closed","template":"","meta":{"_acf_changed":false,"_et_pb_use_builder":"on","_et_pb_old_content":"<!-- wp:paragraph -->\r\n<p>Ceci est une page d\u2019exemple. C\u2019est diff\u00e9rent d\u2019un article de blog parce qu\u2019elle restera au m\u00eame endroit et appara\u00eetra dans la navigation de votre site (dans la plupart des th\u00e8mes). La plupart des gens commencent par une page \u00ab\u00a0\u00c0 propos\u00a0\u00bb qui les pr\u00e9sente aux visiteurs du site. Cela pourrait ressembler \u00e0 quelque chose comme cela\u00a0:<\/p>\r\n<!-- \/wp:paragraph --><!-- wp:quote -->\r\n<blockquote class=\"wp-block-quote\">\r\n<p>Bonjour\u00a0! Je suis un m\u00e9canicien qui aspire \u00e0 devenir acteur, et voici mon site. J\u2019habite \u00e0 Bordeaux, j\u2019ai un super chien baptis\u00e9 Russell, et j\u2019aime la vodka-ananas (ainsi qu\u2019\u00eatre surpris par la pluie soudaine lors de longues balades sur la plage au coucher du soleil).<\/p>\r\n<\/blockquote>\r\n<!-- \/wp:quote --><!-- wp:paragraph -->\r\n<p>... ou quelque chose comme cela\u00a0:<\/p>\r\n<!-- \/wp:paragraph --><!-- wp:quote -->\r\n<blockquote class=\"wp-block-quote\">\r\n<p>La soci\u00e9t\u00e9 123 Machin Truc a \u00e9t\u00e9 cr\u00e9\u00e9e en 1971, et n\u2019a cess\u00e9 de proposer au public des machins-trucs de qualit\u00e9 depuis lors. Situ\u00e9e \u00e0 Saint-Remy-en-Bouzemont-Saint-Genest-et-Isson, 123 Machin Truc emploie 2 000 personnes, et fabrique toutes sortes de bidules super pour la communaut\u00e9 bouzemontoise.<\/p>\r\n<\/blockquote>\r\n<!-- \/wp:quote --><!-- wp:paragraph -->\r\n<p>En tant que nouvel\u00b7le utilisateur ou utilisatrice de WordPress, vous devriez vous rendre sur <a href=\"https:\/\/www.aventure-chlorophylle.com\/wp-admin\/\">votre tableau de bord<\/a> pour supprimer cette page et cr\u00e9er de nouvelles pages pour votre contenu. Amusez-vous bien\u00a0!<\/p>\r\n<!-- \/wp:paragraph -->","_et_gb_content_width":"","inline_featured_image":false,"footnotes":""},"class_list":["post-261736","page","type-page","status-publish","hentry"],"acf":[],"yoast_head":"<!-- This site is optimized with the Yoast SEO plugin v26.7 - https:\/\/yoast.com\/wordpress\/plugins\/seo\/ -->\n<title>Via Ferrata du Siala - Eaux-Bonnes \/ Gourette \/ Vall\u00e9e d&#039;Ossau<\/title>\n<meta name=\"description\" content=\"Itin\u00e9raire vertigineux en paroi rocheuse \u00e9quip\u00e9 de barreaux m\u00e9talliques et d&#039;une ligne de vie en c\u00e2ble. Ponts de singes dans un canyon. Sorties encadr\u00e9es.\" \/>\n<meta name=\"robots\" content=\"index, follow, max-snippet:-1, max-image-preview:large, max-video-preview:-1\" \/>\n<link rel=\"canonical\" href=\"https:\/\/www.aventure-chlorophylle.com\/es\/barranquismo-rafting-pirineos-atlantiques\/escalada-2\/via-ferrata\/\" \/>\n<meta property=\"og:locale\" content=\"es_ES\" \/>\n<meta property=\"og:type\" content=\"article\" \/>\n<meta property=\"og:title\" content=\"Via Ferrata du Siala - Eaux-Bonnes \/ Gourette \/ Vall\u00e9e d&#039;Ossau\" \/>\n<meta property=\"og:description\" content=\"Itin\u00e9raire vertigineux en paroi rocheuse \u00e9quip\u00e9 de barreaux m\u00e9talliques et d&#039;une ligne de vie en c\u00e2ble. Ponts de singes dans un canyon. Sorties encadr\u00e9es.\" \/>\n<meta property=\"og:url\" content=\"https:\/\/www.aventure-chlorophylle.com\/es\/barranquismo-rafting-pirineos-atlantiques\/escalada-2\/via-ferrata\/\" \/>\n<meta property=\"og:site_name\" content=\"Aventure Chlorophylle\" \/>\n<meta property=\"article:publisher\" content=\"https:\/\/www.facebook.com\/aventurechlorophylle\" \/>\n<meta property=\"article:modified_time\" content=\"2021-07-08T22:30:40+00:00\" \/>\n<meta property=\"og:image\" content=\"https:\/\/www.aventure-chlorophylle.com\/wp-content\/uploads\/2021\/06\/icon_canyoning.svg\" \/>\n<meta name=\"twitter:card\" content=\"summary_large_image\" \/>\n<meta name=\"twitter:label1\" content=\"Tiempo de lectura\" \/>\n\t<meta name=\"twitter:data1\" content=\"3 minutos\" \/>\n<script type=\"application\/ld+json\" class=\"yoast-schema-graph\">{\"@context\":\"https:\/\/schema.org\",\"@graph\":[{\"@type\":\"WebPage\",\"@id\":\"https:\/\/www.aventure-chlorophylle.com\/canyoning-rafting-pyrenees-atlantiques\/escalade\/via-ferrata\/\",\"url\":\"https:\/\/www.aventure-chlorophylle.com\/canyoning-rafting-pyrenees-atlantiques\/escalade\/via-ferrata\/\",\"name\":\"Via Ferrata du Siala - Eaux-Bonnes \/ Gourette \/ Vall\u00e9e d'Ossau\",\"isPartOf\":{\"@id\":\"https:\/\/www.aventure-chlorophylle.com\/#website\"},\"primaryImageOfPage\":{\"@id\":\"https:\/\/www.aventure-chlorophylle.com\/canyoning-rafting-pyrenees-atlantiques\/escalade\/via-ferrata\/#primaryimage\"},\"image\":{\"@id\":\"https:\/\/www.aventure-chlorophylle.com\/canyoning-rafting-pyrenees-atlantiques\/escalade\/via-ferrata\/#primaryimage\"},\"thumbnailUrl\":\"https:\/\/www.aventure-chlorophylle.com\/wp-content\/uploads\/2021\/06\/icon_canyoning.svg\",\"datePublished\":\"2021-04-16T08:29:04+00:00\",\"dateModified\":\"2021-07-08T22:30:40+00:00\",\"description\":\"Itin\u00e9raire vertigineux en paroi rocheuse \u00e9quip\u00e9 de barreaux m\u00e9talliques et d'une ligne de vie en c\u00e2ble. Ponts de singes dans un canyon. Sorties encadr\u00e9es.\",\"breadcrumb\":{\"@id\":\"https:\/\/www.aventure-chlorophylle.com\/canyoning-rafting-pyrenees-atlantiques\/escalade\/via-ferrata\/#breadcrumb\"},\"inLanguage\":\"es\",\"potentialAction\":[{\"@type\":\"ReadAction\",\"target\":[\"https:\/\/www.aventure-chlorophylle.com\/canyoning-rafting-pyrenees-atlantiques\/escalade\/via-ferrata\/\"]}]},{\"@type\":\"ImageObject\",\"inLanguage\":\"es\",\"@id\":\"https:\/\/www.aventure-chlorophylle.com\/canyoning-rafting-pyrenees-atlantiques\/escalade\/via-ferrata\/#primaryimage\",\"url\":\"https:\/\/www.aventure-chlorophylle.com\/wp-content\/uploads\/2021\/06\/icon_canyoning.svg\",\"contentUrl\":\"https:\/\/www.aventure-chlorophylle.com\/wp-content\/uploads\/2021\/06\/icon_canyoning.svg\"},{\"@type\":\"BreadcrumbList\",\"@id\":\"https:\/\/www.aventure-chlorophylle.com\/canyoning-rafting-pyrenees-atlantiques\/escalade\/via-ferrata\/#breadcrumb\",\"itemListElement\":[{\"@type\":\"ListItem\",\"position\":1,\"name\":\"Accueil\",\"item\":\"https:\/\/www.aventure-chlorophylle.com\/\"},{\"@type\":\"ListItem\",\"position\":2,\"name\":\"Canyoning et Rafting dans les Pyr\u00e9n\u00e9es Atlantiques\",\"item\":\"https:\/\/www.aventure-chlorophylle.com\/\"},{\"@type\":\"ListItem\",\"position\":3,\"name\":\"Escalade\",\"item\":\"https:\/\/www.aventure-chlorophylle.com\/?page_id=262948\"},{\"@type\":\"ListItem\",\"position\":4,\"name\":\"Via Ferrata du Siala\"}]},{\"@type\":\"WebSite\",\"@id\":\"https:\/\/www.aventure-chlorophylle.com\/#website\",\"url\":\"https:\/\/www.aventure-chlorophylle.com\/\",\"name\":\"Aventure Chlorophylle\",\"description\":\"Activit\u00e9s de Canyoning, rafting et sp\u00e9l\u00e9ologie dans les Pyr\u00e9n\u00e9es\",\"publisher\":{\"@id\":\"https:\/\/www.aventure-chlorophylle.com\/#organization\"},\"potentialAction\":[{\"@type\":\"SearchAction\",\"target\":{\"@type\":\"EntryPoint\",\"urlTemplate\":\"https:\/\/www.aventure-chlorophylle.com\/?s={search_term_string}\"},\"query-input\":{\"@type\":\"PropertyValueSpecification\",\"valueRequired\":true,\"valueName\":\"search_term_string\"}}],\"inLanguage\":\"es\"},{\"@type\":\"Organization\",\"@id\":\"https:\/\/www.aventure-chlorophylle.com\/#organization\",\"name\":\"Aventure Chlorophylle\",\"url\":\"https:\/\/www.aventure-chlorophylle.com\/\",\"logo\":{\"@type\":\"ImageObject\",\"inLanguage\":\"es\",\"@id\":\"https:\/\/www.aventure-chlorophylle.com\/#\/schema\/logo\/image\/\",\"url\":\"https:\/\/www.aventure-chlorophylle.com\/wp-content\/uploads\/2021\/04\/logo_aventure_chlorophylle.png\",\"contentUrl\":\"https:\/\/www.aventure-chlorophylle.com\/wp-content\/uploads\/2021\/04\/logo_aventure_chlorophylle.png\",\"width\":356,\"height\":392,\"caption\":\"Aventure Chlorophylle\"},\"image\":{\"@id\":\"https:\/\/www.aventure-chlorophylle.com\/#\/schema\/logo\/image\/\"},\"sameAs\":[\"https:\/\/www.facebook.com\/aventurechlorophylle\",\"https:\/\/www.instagram.com\/aventure_chlorophylle\/\"]}]}<\/script>\n<!-- \/ Yoast SEO plugin. -->","yoast_head_json":{"title":"V\u00eda Ferrata du Siala - Eaux-Bonnes \/ Gourette \/ Valle de Ossau","description":"Vertiginosa ruta de pared rocosa con pelda\u00f1os met\u00e1licos y una l\u00ednea de vida de cable. Puentes de mono en un ca\u00f1\u00f3n. Salidas supervisadas.","robots":{"index":"index","follow":"follow","max-snippet":"max-snippet:-1","max-image-preview":"max-image-preview:large","max-video-preview":"max-video-preview:-1"},"canonical":"https:\/\/www.aventure-chlorophylle.com\/es\/barranquismo-rafting-pirineos-atlantiques\/escalada-2\/via-ferrata\/","og_locale":"es_ES","og_type":"article","og_title":"Via Ferrata du Siala - Eaux-Bonnes \/ Gourette \/ Vall\u00e9e d'Ossau","og_description":"Itin\u00e9raire vertigineux en paroi rocheuse \u00e9quip\u00e9 de barreaux m\u00e9talliques et d'une ligne de vie en c\u00e2ble. Ponts de singes dans un canyon. Sorties encadr\u00e9es.","og_url":"https:\/\/www.aventure-chlorophylle.com\/es\/barranquismo-rafting-pirineos-atlantiques\/escalada-2\/via-ferrata\/","og_site_name":"Aventure Chlorophylle","article_publisher":"https:\/\/www.facebook.com\/aventurechlorophylle","article_modified_time":"2021-07-08T22:30:40+00:00","og_image":[{"url":"https:\/\/www.aventure-chlorophylle.com\/wp-content\/uploads\/2021\/06\/icon_canyoning.svg","type":"","width":"","height":""}],"twitter_card":"summary_large_image","twitter_misc":{"Tiempo de lectura":"3 minutos"},"schema":{"@context":"https:\/\/schema.org","@graph":[{"@type":"WebPage","@id":"https:\/\/www.aventure-chlorophylle.com\/canyoning-rafting-pyrenees-atlantiques\/escalade\/via-ferrata\/","url":"https:\/\/www.aventure-chlorophylle.com\/canyoning-rafting-pyrenees-atlantiques\/escalade\/via-ferrata\/","name":"V\u00eda Ferrata du Siala - Eaux-Bonnes \/ Gourette \/ Valle de Ossau","isPartOf":{"@id":"https:\/\/www.aventure-chlorophylle.com\/#website"},"primaryImageOfPage":{"@id":"https:\/\/www.aventure-chlorophylle.com\/canyoning-rafting-pyrenees-atlantiques\/escalade\/via-ferrata\/#primaryimage"},"image":{"@id":"https:\/\/www.aventure-chlorophylle.com\/canyoning-rafting-pyrenees-atlantiques\/escalade\/via-ferrata\/#primaryimage"},"thumbnailUrl":"https:\/\/www.aventure-chlorophylle.com\/wp-content\/uploads\/2021\/06\/icon_canyoning.svg","datePublished":"2021-04-16T08:29:04+00:00","dateModified":"2021-07-08T22:30:40+00:00","description":"Vertiginosa ruta de pared rocosa con pelda\u00f1os met\u00e1licos y una l\u00ednea de vida de cable. Puentes de mono en un ca\u00f1\u00f3n. Salidas supervisadas.","breadcrumb":{"@id":"https:\/\/www.aventure-chlorophylle.com\/canyoning-rafting-pyrenees-atlantiques\/escalade\/via-ferrata\/#breadcrumb"},"inLanguage":"es","potentialAction":[{"@type":"ReadAction","target":["https:\/\/www.aventure-chlorophylle.com\/canyoning-rafting-pyrenees-atlantiques\/escalade\/via-ferrata\/"]}]},{"@type":"ImageObject","inLanguage":"es","@id":"https:\/\/www.aventure-chlorophylle.com\/canyoning-rafting-pyrenees-atlantiques\/escalade\/via-ferrata\/#primaryimage","url":"https:\/\/www.aventure-chlorophylle.com\/wp-content\/uploads\/2021\/06\/icon_canyoning.svg","contentUrl":"https:\/\/www.aventure-chlorophylle.com\/wp-content\/uploads\/2021\/06\/icon_canyoning.svg"},{"@type":"BreadcrumbList","@id":"https:\/\/www.aventure-chlorophylle.com\/canyoning-rafting-pyrenees-atlantiques\/escalade\/via-ferrata\/#breadcrumb","itemListElement":[{"@type":"ListItem","position":1,"name":"Accueil","item":"https:\/\/www.aventure-chlorophylle.com\/"},{"@type":"ListItem","position":2,"name":"Canyoning et Rafting dans les Pyr\u00e9n\u00e9es Atlantiques","item":"https:\/\/www.aventure-chlorophylle.com\/"},{"@type":"ListItem","position":3,"name":"Escalade","item":"https:\/\/www.aventure-chlorophylle.com\/?page_id=262948"},{"@type":"ListItem","position":4,"name":"Via Ferrata du Siala"}]},{"@type":"WebSite","@id":"https:\/\/www.aventure-chlorophylle.com\/#website","url":"https:\/\/www.aventure-chlorophylle.com\/","name":"Aventura clorof\u00edlica","description":"Barranquismo, rafting y espeleolog\u00eda en los Pirineos","publisher":{"@id":"https:\/\/www.aventure-chlorophylle.com\/#organization"},"potentialAction":[{"@type":"SearchAction","target":{"@type":"EntryPoint","urlTemplate":"https:\/\/www.aventure-chlorophylle.com\/?s={search_term_string}"},"query-input":{"@type":"PropertyValueSpecification","valueRequired":true,"valueName":"search_term_string"}}],"inLanguage":"es"},{"@type":"Organization","@id":"https:\/\/www.aventure-chlorophylle.com\/#organization","name":"Aventura clorof\u00edlica","url":"https:\/\/www.aventure-chlorophylle.com\/","logo":{"@type":"ImageObject","inLanguage":"es","@id":"https:\/\/www.aventure-chlorophylle.com\/#\/schema\/logo\/image\/","url":"https:\/\/www.aventure-chlorophylle.com\/wp-content\/uploads\/2021\/04\/logo_aventure_chlorophylle.png","contentUrl":"https:\/\/www.aventure-chlorophylle.com\/wp-content\/uploads\/2021\/04\/logo_aventure_chlorophylle.png","width":356,"height":392,"caption":"Aventure Chlorophylle"},"image":{"@id":"https:\/\/www.aventure-chlorophylle.com\/#\/schema\/logo\/image\/"},"sameAs":["https:\/\/www.facebook.com\/aventurechlorophylle","https:\/\/www.instagram.com\/aventure_chlorophylle\/"]}]}},"_links":{"self":[{"href":"https:\/\/www.aventure-chlorophylle.com\/es\/wp-json\/wp\/v2\/pages\/261736","targetHints":{"allow":["GET"]}}],"collection":[{"href":"https:\/\/www.aventure-chlorophylle.com\/es\/wp-json\/wp\/v2\/pages"}],"about":[{"href":"https:\/\/www.aventure-chlorophylle.com\/es\/wp-json\/wp\/v2\/types\/page"}],"author":[{"embeddable":true,"href":"https:\/\/www.aventure-chlorophylle.com\/es\/wp-json\/wp\/v2\/users\/3"}],"replies":[{"embeddable":true,"href":"https:\/\/www.aventure-chlorophylle.com\/es\/wp-json\/wp\/v2\/comments?post=261736"}],"version-history":[{"count":5,"href":"https:\/\/www.aventure-chlorophylle.com\/es\/wp-json\/wp\/v2\/pages\/261736\/revisions"}],"predecessor-version":[{"id":264310,"href":"https:\/\/www.aventure-chlorophylle.com\/es\/wp-json\/wp\/v2\/pages\/261736\/revisions\/264310"}],"up":[{"embeddable":true,"href":"https:\/\/www.aventure-chlorophylle.com\/es\/wp-json\/wp\/v2\/pages\/262948"}],"wp:attachment":[{"href":"https:\/\/www.aventure-chlorophylle.com\/es\/wp-json\/wp\/v2\/media?parent=261736"}],"curies":[{"name":"wp","href":"https:\/\/api.w.org\/{rel}","templated":true}]}}