{"id":262090,"date":"2021-04-26T17:05:06","date_gmt":"2021-04-26T15:05:06","guid":{"rendered":"https:\/\/www.aventure-chlorophylle.com\/?page_id=262090"},"modified":"2022-03-03T15:49:32","modified_gmt":"2022-03-03T14:49:32","slug":"condiciones-generales-de-venta","status":"publish","type":"page","link":"https:\/\/www.aventure-chlorophylle.com\/es\/condiciones-generales-de-venta\/","title":{"rendered":"Condiciones generales de venta"},"content":{"rendered":"<p>[et_pb_section fb_built=\u00a0\u00bb1&Prime; fullwidth=\u00a0\u00bbon\u00a0\u00bb admin_label=\u00a0\u00bbSlider produit\u00a0\u00bb _builder_version=\u00a0\u00bb4.9.4&Prime; _module_preset=\u00a0\u00bbdefault\u00a0\u00bb custom_margin=\u00a0\u00bb||-140px||false|false\u00a0\u00bb custom_margin_tablet=\u00a0\u00bb||-88px||false|false\u00a0\u00bb custom_margin_phone=\u00a0\u00bb||-44px||false|false\u00a0\u00bb custom_margin_last_edited=\u00a0\u00bbon|desktop\u00a0\u00bb locked=\u00a0\u00bboff\u00a0\u00bb collapsed=\u00a0\u00bboff\u00a0\u00bb global_colors_info=\u00a0\u00bb{}\u00a0\u00bb][et_pb_fullwidth_slider show_pagination=\u00a0\u00bboff\u00a0\u00bb use_bg_overlay=\u00a0\u00bbon\u00a0\u00bb bg_overlay_color=\u00a0\u00bbrgba(73,59,34,0.1)\u00a0\u00bb use_text_overlay=\u00a0\u00bboff\u00a0\u00bb arrows_custom_color=\u00a0\u00bb#5CAA80&Prime; _builder_version=\u00a0\u00bb4.9.2&Prime; _module_preset=\u00a0\u00bbdefault\u00a0\u00bb background_color=\u00a0\u00bb#F6F2EC\u00a0\u00bb use_background_color_gradient=\u00a0\u00bbon\u00a0\u00bb background_color_gradient_start=\u00a0\u00bbrgba(34,34,34,0)\u00a0\u00bb background_color_gradient_end=\u00a0\u00bbrgba(34,34,34,0.05)\u00a0\u00bb background_color_gradient_start_position=\u00a0\u00bb40%\u00a0\u00bb background_color_gradient_overlays_image=\u00a0\u00bbon\u00a0\u00bb min_height_tablet=\u00a0\u00bb\u00a0\u00bb min_height_phone=\u00a0\u00bb\u00a0\u00bb min_height_last_edited=\u00a0\u00bbon|desktop\u00a0\u00bb height=\u00a0\u00bb400px\u00a0\u00bb height_tablet=\u00a0\u00bb220px\u00a0\u00bb height_phone=\u00a0\u00bb140px\u00a0\u00bb height_last_edited=\u00a0\u00bbon|desktop\u00a0\u00bb global_colors_info=\u00a0\u00bb{}\u00a0\u00bb][et_pb_slide use_bg_overlay=\u00a0\u00bboff\u00a0\u00bb _builder_version=\u00a0\u00bb4.9.2&Prime; _module_preset=\u00a0\u00bbdefault\u00a0\u00bb body_text_align=\u00a0\u00bbcenter\u00a0\u00bb body_text_color=\u00a0\u00bb#FFFFFF\u00a0\u00bb background_color=\u00a0\u00bb#F6F2EC\u00a0\u00bb background_enable_color=\u00a0\u00bbon\u00a0\u00bb background_image=\u00a0\u00bbhttps:\/\/www.aventure-chlorophylle.com\/wp-content\/uploads\/2021\/06\/nous_situer.jpg\u00a0\u00bb background_enable_image=\u00a0\u00bbon\u00a0\u00bb global_colors_info=\u00a0\u00bb{}\u00a0\u00bb sticky_transition=\u00a0\u00bbon\u00a0\u00bb][\/et_pb_slide][\/et_pb_fullwidth_slider][\/et_pb_section][et_pb_section fb_built=\u00a0\u00bb1&Prime; admin_label=\u00a0\u00bbmontagne en fond\u00a0\u00bb _builder_version=\u00a0\u00bb4.11.2&Prime; _module_preset=\u00a0\u00bbdefault\u00a0\u00bb background_color=\u00a0\u00bbRGBA(0,0,0,0)\u00a0\u00bb background_image=\u00a0\u00bbhttps:\/\/www.aventure-chlorophylle.com\/wp-content\/uploads\/2021\/04\/msk-mountain.svg\u00a0\u00bb z_index=\u00a0\u00bb10&Prime; height=\u00a0\u00bb144px\u00a0\u00bb height_tablet=\u00a0\u00bb88px\u00a0\u00bb height_phone=\u00a0\u00bb44px\u00a0\u00bb height_last_edited=\u00a0\u00bbon|phone\u00a0\u00bb custom_padding=\u00a0\u00bb0px||0px||true|false\u00a0\u00bb global_module=\u00a0\u00bb261939&Prime; collapsed=\u00a0\u00bbon\u00a0\u00bb global_colors_info=\u00a0\u00bb{}\u00a0\u00bb][\/et_pb_section][et_pb_section fb_built=\u00a0\u00bb1&Prime; _builder_version=\u00a0\u00bb4.9.4&Prime; _module_preset=\u00a0\u00bbdefault\u00a0\u00bb background_color=\u00a0\u00bb#FFFFFF\u00a0\u00bb custom_padding=\u00a0\u00bb0px||0px|||\u00a0\u00bb collapsed=\u00a0\u00bbon\u00a0\u00bb global_colors_info=\u00a0\u00bb{}\u00a0\u00bb][et_pb_row admin_label=\u00a0\u00bbFil d&rsquo;arianne\u00a0\u00bb _builder_version=\u00a0\u00bb4.9.4&Prime; _module_preset=\u00a0\u00bbdefault\u00a0\u00bb custom_padding=\u00a0\u00bb0px||0px||true|false\u00a0\u00bb global_module=\u00a0\u00bb261844&Prime; saved_tabs=\u00a0\u00bball\u00a0\u00bb collapsed=\u00a0\u00bbon\u00a0\u00bb global_colors_info=\u00a0\u00bb{}\u00a0\u00bb][et_pb_column type=\u00a0\u00bb4_4&Prime; _builder_version=\u00a0\u00bb4.9.4&Prime; _module_preset=\u00a0\u00bbdefault\u00a0\u00bb global_colors_info=\u00a0\u00bb{}\u00a0\u00bb][et_pb_code _builder_version=\u00a0\u00bb4.9.2&Prime; _module_preset=\u00a0\u00bbdefault\u00a0\u00bb global_colors_info=\u00a0\u00bb{}\u00a0\u00bb]<span><span><a href=\"https:\/\/www.aventure-chlorophylle.com\/es\/\">Inicio<\/a><\/span><\/span>[\/et_pb_code][\/et_pb_column][\/et_pb_row][et_pb_row _builder_version=\u00a0\u00bb4.9.4&Prime; _module_preset=\u00a0\u00bbdefault\u00a0\u00bb global_colors_info=\u00a0\u00bb{}\u00a0\u00bb][et_pb_column type=\u00a0\u00bb4_4&Prime; _builder_version=\u00a0\u00bb4.9.4&Prime; _module_preset=\u00a0\u00bbdefault\u00a0\u00bb global_colors_info=\u00a0\u00bb{}\u00a0\u00bb][et_pb_text _builder_version=\u00a0\u00bb4.9.4&Prime; _module_preset=\u00a0\u00bbdefault\u00a0\u00bb global_colors_info=\u00a0\u00bb{}\u00a0\u00bb]<\/p>\n<h1>Condiciones Generales de Venta (CGV)<\/h1>\n<p>[\/et_pb_text][\/et_pb_column][\/et_pb_row][\/et_pb_section][et_pb_section fb_built=\u00a0\u00bb1&Prime; admin_label=\u00a0\u00bbD\u00e9chirement bas\u00a0\u00bb _builder_version=\u00a0\u00bb4.9.4&Prime; _module_preset=\u00a0\u00bbdefault\u00a0\u00bb background_color=\u00a0\u00bbRGBA(0,0,0,0)\u00a0\u00bb background_image=\u00a0\u00bbhttps:\/\/www.aventure-chlorophylle.com\/wp-content\/uploads\/2021\/04\/msk-horizontal-top.svg\u00a0\u00bb background_repeat=\u00a0\u00bbrepeat-x\u00a0\u00bb height=\u00a0\u00bb30px\u00a0\u00bb height_tablet=\u00a0\u00bb30px\u00a0\u00bb height_phone=\u00a0\u00bb30px\u00a0\u00bb height_last_edited=\u00a0\u00bbon|tablet\u00a0\u00bb custom_padding=\u00a0\u00bb0px||0px||true|false\u00a0\u00bb custom_css_main_element=\u00a0\u00bbbackground-size:auto 100%!important;\u00a0\u00bb saved_tabs=\u00a0\u00bball\u00a0\u00bb collapsed=\u00a0\u00bbon\u00a0\u00bb global_colors_info=\u00a0\u00bb{}\u00a0\u00bb][\/et_pb_section][et_pb_section fb_built=\u00a0\u00bb1&Prime; _builder_version=\u00a0\u00bb4.9.4&Prime; _module_preset=\u00a0\u00bbdefault\u00a0\u00bb background_color=\u00a0\u00bbRGBA(0,0,0,0)\u00a0\u00bb global_colors_info=\u00a0\u00bb{}\u00a0\u00bb][et_pb_row _builder_version=\u00a0\u00bb4.9.4&Prime; _module_preset=\u00a0\u00bbdefault\u00a0\u00bb global_colors_info=\u00a0\u00bb{}\u00a0\u00bb][et_pb_column type=\u00a0\u00bb4_4&Prime; _builder_version=\u00a0\u00bb4.9.4&Prime; _module_preset=\u00a0\u00bbdefault\u00a0\u00bb global_colors_info=\u00a0\u00bb{}\u00a0\u00bb][et_pb_text admin_label=\u00a0\u00bbIntro\u00a0\u00bb _builder_version=\u00a0\u00bb4.10.5&Prime; _module_preset=\u00a0\u00bbdefault\u00a0\u00bb global_colors_info=\u00a0\u00bb{}\u00a0\u00bb]<\/p>\n<p>Oficina de Instructores de Esqu\u00ed del Valle de Ossau<br \/>Espace Pachou - 2, Rue du Parc National<br \/>64260 ARUDY.<\/p>\n<p>T. 05.59.71.11.07 \/ 06.28.07.90.22<br \/><a href=\"mailto:contact@aventure-chlorophylle.com\">contact@aventure-chlorophylle.com<\/a><\/p>\n<p>Siret 800.812.497.00025<\/p>\n<p>Las condiciones generales de venta se aplican entre Aventure Chlorophylle y las personas que reservan una actividad.<br \/>Las condiciones generales de venta podr\u00e1n ser modificadas por Aventure Chlorophylle.<\/p>\n<p>La inscripci\u00f3n en una actividad implica que todos los participantes adultos (o su representante legal en el caso de los menores) han le\u00eddo estas condiciones generales y las aceptan.<\/p>\n<p>[\/et_pb_text][et_pb_text _builder_version=\u00a0\u00bb4.14.8&Prime; _module_preset=\u00a0\u00bbdefault\u00a0\u00bb hover_enabled=\u00a0\u00bb0&Prime; global_colors_info=\u00a0\u00bb{}\u00a0\u00bb sticky_enabled=\u00a0\u00bb0&Prime;]<\/p>\n<h3>Art\u00edculo 1: Servicios<\/h3>\n<p>&nbsp;<\/p>\n<p>Las actividades deportivas propuestas por Aventure Chlorophylle, el sindicato local de monitores del Valle de Ossau, est\u00e1n supervisadas por monitores y gu\u00edas independientes miembros del sindicato local.<br \/>Estos profesionales otorgan un mandato a Aventure Chlorophylle para que realice las reservas en su nombre.<br \/>Los monitores\/gu\u00edas est\u00e1n habilitados por el Estado en sus respectivas disciplinas y cumplen sus obligaciones legislativas (declaraci\u00f3n U.R.S.S.A.F, D.D.C.S.P.P, carn\u00e9s profesionales).<\/p>\n<p>&nbsp;<\/p>\n<h3>Art 2 : Aranceles<\/h3>\n<p>&nbsp;<\/p>\n<p>Las tarifas est\u00e1n disponibles en el sitio web www.aventure-chlorophylle.com.<br \/>Las tarifas est\u00e1n expresadas en euros y no est\u00e1n sujetas al IVA, art 293B y\/o 261,4,4 b del CGI.<br \/>Los precios incluyen la supervisi\u00f3n, el pr\u00e9stamo de material y el seguro de responsabilidad profesional del instructor.<br \/>Los precios no incluyen el transporte al punto de encuentro y al lugar de la actividad, el posible alquiler de material (por ejemplo, zapatillas de barranquismo), los gastos personales y, para todas las actividades de un d\u00eda o de varios d\u00edas: picnics, comidas, alojamiento, etc.<br \/>Las tarifas comunitarias se aplican a los grupos de menores supervisados en una comunidad: centros de ocio, escuelas, hogares, etc.<br \/>No se aceptan tarjetas de cr\u00e9dito para los pagos in situ: cheques, cheques vacaciones, efectivo.<\/p>\n<p>&nbsp;<\/p>\n<h3>Art 3 : Reserva<\/h3>\n<p>&nbsp;<\/p>\n<p>La reserva debe hacerla una persona mayor de edad y emancipada.<br \/>Las reservas pueden hacerse por tel\u00e9fono, correo electr\u00f3nico, correo postal o en persona.<br \/>La reserva se hace efectiva a la recepci\u00f3n de un dep\u00f3sito, cuyo importe depende de la distancia de la fecha de la actividad. Puede ser de 30 a 100 %.<\/p>\n<p>&nbsp;<\/p>\n<h3>Art 4 : Modificaci\u00f3n \/ anulaci\u00f3n<\/h3>\n<p>&nbsp;<\/p>\n<p><strong>Debido al cliente :<\/strong><\/p>\n<p>Cancelaci\u00f3n m\u00e1s de 15 d\u00edas antes de la salida: no se debe nada, se devuelve el dep\u00f3sito.<br \/>Anulaci\u00f3n de 14 a 3 d\u00edas antes de la salida: se adeudar\u00e1 el 30 % del importe total del servicio.<br \/>Cancelaci\u00f3n menos de 72 horas antes de la salida: se deber\u00e1 abonar el importe total del servicio.<\/p>\n<p><strong><span style=\"text-decoration: underline;\">Deserci\u00f3n de uno o varios participantes<\/span><\/strong> est\u00e1 sujeta a las mismas condiciones que una anulaci\u00f3n.<\/p>\n<p><span style=\"text-decoration: underline;\">En caso de interrupci\u00f3n del servicio<\/span> El cliente o participante no tendr\u00e1 derecho a ning\u00fan reembolso (= retirada durante la salida, por cansancio, falta de aptitud, incumplimiento de las instrucciones, puesta en peligro del cliente o de otros participantes, etc., lista no exhaustiva).<\/p>\n<p><span style=\"text-decoration: underline;\">Una salida s\u00f3lo podr\u00e1 anularse debido a las condiciones meteorol\u00f3gicas si \u00e9stas suponen un riesgo para la actividad<\/span>.<br \/>La decisi\u00f3n de cancelar o aplazar la actividad corresponde al instructor o instructores o al gu\u00eda o gu\u00edas; esta decisi\u00f3n es soberana.<\/p>\n<p><strong>Por la \"Aventura de la Clorofila\":<\/strong><\/p>\n<p>En caso de condiciones meteorol\u00f3gicas adversas o por cualquier otro motivo que afecte a la seguridad de la actividad, Alexandre Gumy, Director de la Oficina de Instructores de Aventure Chlorophylle, o el instructor implicado en la actividad, se reservan el derecho de modificar el programa de la actividad en consulta con los participantes.<br \/>En caso de que sea imposible llevar a cabo la actividad, ser\u00e1 posible posponerla a una fecha posterior u obtener el reembolso, sin poder reclamar indemnizaci\u00f3n alguna.<br \/>Los monitores de Aventure Chlorophylle se reservan el derecho de excluir a cualquier participante en estado de embriaguez o cuyo comportamiento pueda perturbar la actividad o comprometer la seguridad del grupo. En este caso, el cliente o participante no tendr\u00e1 derecho a ning\u00fan reembolso o indemnizaci\u00f3n.<\/p>\n<p><strong>Anulaci\u00f3n por n\u00famero insuficiente de participantes :<\/strong><\/p>\n<p>La salida de nuestras excursiones est\u00e1 garantizada con un n\u00famero m\u00ednimo de participantes (excepto para las salidas privadas).<\/p>\n<p>- Para las actividades en aguas bravas (rafting), este n\u00famero m\u00ednimo es de<br \/>- Para las actividades de monta\u00f1a, el n\u00famero m\u00ednimo es :<\/p>\n<ul>\n<li>del 16 de septiembre al 14 de junio, excepto los fines de semana de Ascensi\u00f3n y Pentecost\u00e9s (4 para estos fines de semana)<\/li>\n<li>4 del 15 de junio al 15 de septiembre.<\/li>\n<li>5 para el ca\u00f1\u00f3n WE en la Sierra de Guara.<\/li>\n<\/ul>\n<p>Si no se alcanza este n\u00famero m\u00ednimo, Aventure Chlorophylle se reserva el derecho de anular la prestaci\u00f3n. No obstante, el cliente podr\u00e1 abonar un suplemento correspondiente al n\u00famero m\u00ednimo exigido para poder realizar la salida a pesar de un n\u00famero insuficiente de participantes.<br \/>En caso de anulaci\u00f3n por parte de Aventure Chlorophylle, las sumas pagadas anteriormente se reembolsar\u00e1n \u00edntegramente al cliente, sin derecho a indemnizaci\u00f3n.<\/p>\n<p>&nbsp;<\/p>\n<h3>Art\u00edculo 5: Seguros<\/h3>\n<p>&nbsp;<\/p>\n<p>Como organizador, Aventure Chlorophylle est\u00e1 cubierta por un seguro de responsabilidad civil profesional.<br \/>Los instructores o gu\u00edas implicados est\u00e1n asegurados por responsabilidad profesional para la ense\u00f1anza de sus actividades.<br \/>Cada participante debe asegurarse de estar cubierto por una p\u00f3liza de seguro de responsabilidad civil y de accidentes personales para la pr\u00e1ctica del deporte previsto.<\/p>\n<p>&nbsp;<\/p>\n<h3>Art\u00edculo 6: Recomendaciones<\/h3>\n<p>&nbsp;<\/p>\n<p>Las actividades propuestas por Aventure Chlorophylle son actividades deportivas, l\u00fadicas y recreativas al aire libre, conocidas como \"de riesgo\".<br \/>Al inscribirse, es responsabilidad suya comprobar los requisitos previos y el nivel de destreza requerido. Aunque la dificultad de los itinerarios y rutas se adapta y personaliza, es aconsejable asegurarse de que se est\u00e1 en condiciones f\u00edsicas suficientes antes de comprometerse. En cualquier caso, no se sobreestime. Inf\u00f3rmese bien antes de reservar.<\/p>\n<p>Para todas las actividades de aguas bravas y barranquismo, es imprescindible saber nadar y no tener miedo al agua.<\/p>\n<p><span style=\"text-decoration: underline;\">Contraindicaciones m\u00e9dicas:<\/span><\/p>\n<p>A pesar de todas las medidas de seguridad \u00f3ptimas aplicadas durante nuestras actividades, en estricto cumplimiento de las normas, procedimientos y pr\u00e1cticas vigentes en el oficio de que se trate, aplicamos el principio de precauci\u00f3n para evitar poner en peligro a terceros.<\/p>\n<p>Desde esta perspectiva y teniendo en cuenta el car\u00e1cter aleatorio de las actividades, el grado de peligrosidad se eval\u00faa a priori y de forma subjetiva, sin una escala de valor estricta y bas\u00e1ndose en la experiencia emp\u00edrica sobre el terreno y el conocimiento del entorno espec\u00edfico, teniendo en cuenta tambi\u00e9n la dificultad de evaluar el nivel deportivo y la soltura de un practicante antes de la actividad,<strong> es obligatorio informar de determinadas patolog\u00edas o traumatismos anteriores a la actividad<\/strong>. Por ejemplo, un esguince de tobillo o una articulaci\u00f3n de rodilla operada quir\u00fargicamente pueden debilitarse o incluso agravarse por una lesi\u00f3n involuntaria.<\/p>\n<p>Para facilitarle el cuidado de s\u00ed mismo y orientar su elecci\u00f3n hacia la actividad m\u00e1s adecuada,<strong> es su responsabilidad informar al instructor y al organizador en particular de cualquier problema<\/strong> asma, diabetes, lesiones de tobillo, hombro y rodilla, problemas de peso, infecciones cr\u00f3nicas de o\u00eddo y tendinitis.<\/p>\n<p>Adem\u00e1s, como norma general, las actividades que ofrece Aventure Chlorophylle no est\u00e1n recomendadas para personas con problemas respiratorios o cardiovasculares, ataques de tetania, epil\u00e9pticos y mujeres embarazadas.<\/p>\n<p>&nbsp;<\/p>\n<h3>Art 7 : P\u00e9rdida, da\u00f1os, robo<\/h3>\n<p>&nbsp;<\/p>\n<p>Aventure Chlorophylle o el monitor que supervisa la actividad no se hacen responsables de la p\u00e9rdida o deterioro de objetos personales durante la actividad.<br \/>Lo mismo ocurre con los robos en veh\u00edculos estacionados en los aparcamientos de los lugares de actividad y reuni\u00f3n.<\/p>\n<p>[\/et_pb_text][\/et_pb_column][\/et_pb_row][\/et_pb_section]<\/p>","protected":false},"excerpt":{"rendered":"<p><span><span><a href=\"https:\/\/www.aventure-chlorophylle.com\/es\/\">Inicio<\/a><\/span><\/span>Conditions G\u00e9n\u00e9rales de Vente (CGV)Bureau des Moniteurs de Vall\u00e9e d\u2019OssauEspace Pachou \u2013 2, Rue du Parc National64260 ARUDY. T. 05.59.71.11.07 \/ 06.28.07.90.22contact@aventure-chlorophylle.com Siret 800.812.497.00025 Les conditions g\u00e9n\u00e9rales de vente s\u2019appliquent entre Aventure Chlorophylle et les personnes r\u00e9servant une activit\u00e9.Les conditions g\u00e9n\u00e9rales de vente peuvent \u00eatre modifi\u00e9es par Aventure Chlorophylle. L\u2019inscription \u00e0 une activit\u00e9 implique que [&hellip;]<\/p>","protected":false},"author":3,"featured_media":0,"parent":0,"menu_order":0,"comment_status":"closed","ping_status":"closed","template":"","meta":{"_acf_changed":false,"_et_pb_use_builder":"on","_et_pb_old_content":"","_et_gb_content_width":"","inline_featured_image":false,"footnotes":""},"class_list":["post-262090","page","type-page","status-publish","hentry"],"acf":[],"yoast_head":"<!-- This site is optimized with the Yoast SEO plugin v26.7 - https:\/\/yoast.com\/wordpress\/plugins\/seo\/ -->\n<title>Conditions g\u00e9n\u00e9rales de vente - Aventure Chlorophylle<\/title>\n<meta name=\"robots\" content=\"index, follow, max-snippet:-1, max-image-preview:large, max-video-preview:-1\" \/>\n<link rel=\"canonical\" href=\"https:\/\/www.aventure-chlorophylle.com\/es\/condiciones-generales-de-venta\/\" \/>\n<meta property=\"og:locale\" content=\"es_ES\" \/>\n<meta property=\"og:type\" content=\"article\" \/>\n<meta property=\"og:title\" content=\"Conditions g\u00e9n\u00e9rales de vente - Aventure Chlorophylle\" \/>\n<meta property=\"og:description\" content=\"Conditions G\u00e9n\u00e9rales de Vente (CGV)Bureau des Moniteurs de Vall\u00e9e d\u2019OssauEspace Pachou \u2013 2, Rue du Parc National64260 ARUDY. T. 05.59.71.11.07 \/ 06.28.07.90.22contact@aventure-chlorophylle.com Siret 800.812.497.00025 Les conditions g\u00e9n\u00e9rales de vente s\u2019appliquent entre Aventure Chlorophylle et les personnes r\u00e9servant une activit\u00e9.Les conditions g\u00e9n\u00e9rales de vente peuvent \u00eatre modifi\u00e9es par Aventure Chlorophylle. L\u2019inscription \u00e0 une activit\u00e9 implique que [&hellip;]\" \/>\n<meta property=\"og:url\" content=\"https:\/\/www.aventure-chlorophylle.com\/es\/condiciones-generales-de-venta\/\" \/>\n<meta property=\"og:site_name\" content=\"Aventure Chlorophylle\" \/>\n<meta property=\"article:publisher\" content=\"https:\/\/www.facebook.com\/aventurechlorophylle\" \/>\n<meta property=\"article:modified_time\" content=\"2022-03-03T14:49:32+00:00\" \/>\n<meta name=\"twitter:card\" content=\"summary_large_image\" \/>\n<script type=\"application\/ld+json\" class=\"yoast-schema-graph\">{\"@context\":\"https:\/\/schema.org\",\"@graph\":[{\"@type\":\"WebPage\",\"@id\":\"https:\/\/www.aventure-chlorophylle.com\/conditions-generales-de-vente\/\",\"url\":\"https:\/\/www.aventure-chlorophylle.com\/conditions-generales-de-vente\/\",\"name\":\"Conditions g\u00e9n\u00e9rales de vente - Aventure Chlorophylle\",\"isPartOf\":{\"@id\":\"https:\/\/www.aventure-chlorophylle.com\/#website\"},\"datePublished\":\"2021-04-26T15:05:06+00:00\",\"dateModified\":\"2022-03-03T14:49:32+00:00\",\"breadcrumb\":{\"@id\":\"https:\/\/www.aventure-chlorophylle.com\/conditions-generales-de-vente\/#breadcrumb\"},\"inLanguage\":\"es\",\"potentialAction\":[{\"@type\":\"ReadAction\",\"target\":[\"https:\/\/www.aventure-chlorophylle.com\/conditions-generales-de-vente\/\"]}]},{\"@type\":\"BreadcrumbList\",\"@id\":\"https:\/\/www.aventure-chlorophylle.com\/conditions-generales-de-vente\/#breadcrumb\",\"itemListElement\":[{\"@type\":\"ListItem\",\"position\":1,\"name\":\"Accueil\",\"item\":\"https:\/\/www.aventure-chlorophylle.com\/\"},{\"@type\":\"ListItem\",\"position\":2,\"name\":\"Conditions g\u00e9n\u00e9rales de vente\"}]},{\"@type\":\"WebSite\",\"@id\":\"https:\/\/www.aventure-chlorophylle.com\/#website\",\"url\":\"https:\/\/www.aventure-chlorophylle.com\/\",\"name\":\"Aventure Chlorophylle\",\"description\":\"Activit\u00e9s de Canyoning, rafting et sp\u00e9l\u00e9ologie dans les Pyr\u00e9n\u00e9es\",\"publisher\":{\"@id\":\"https:\/\/www.aventure-chlorophylle.com\/#organization\"},\"potentialAction\":[{\"@type\":\"SearchAction\",\"target\":{\"@type\":\"EntryPoint\",\"urlTemplate\":\"https:\/\/www.aventure-chlorophylle.com\/?s={search_term_string}\"},\"query-input\":{\"@type\":\"PropertyValueSpecification\",\"valueRequired\":true,\"valueName\":\"search_term_string\"}}],\"inLanguage\":\"es\"},{\"@type\":\"Organization\",\"@id\":\"https:\/\/www.aventure-chlorophylle.com\/#organization\",\"name\":\"Aventure Chlorophylle\",\"url\":\"https:\/\/www.aventure-chlorophylle.com\/\",\"logo\":{\"@type\":\"ImageObject\",\"inLanguage\":\"es\",\"@id\":\"https:\/\/www.aventure-chlorophylle.com\/#\/schema\/logo\/image\/\",\"url\":\"https:\/\/www.aventure-chlorophylle.com\/wp-content\/uploads\/2021\/04\/logo_aventure_chlorophylle.png\",\"contentUrl\":\"https:\/\/www.aventure-chlorophylle.com\/wp-content\/uploads\/2021\/04\/logo_aventure_chlorophylle.png\",\"width\":356,\"height\":392,\"caption\":\"Aventure Chlorophylle\"},\"image\":{\"@id\":\"https:\/\/www.aventure-chlorophylle.com\/#\/schema\/logo\/image\/\"},\"sameAs\":[\"https:\/\/www.facebook.com\/aventurechlorophylle\",\"https:\/\/www.instagram.com\/aventure_chlorophylle\/\"]}]}<\/script>\n<!-- \/ Yoast SEO plugin. -->","yoast_head_json":{"title":"Condiciones generales de venta - Aventure Chlorophylle","robots":{"index":"index","follow":"follow","max-snippet":"max-snippet:-1","max-image-preview":"max-image-preview:large","max-video-preview":"max-video-preview:-1"},"canonical":"https:\/\/www.aventure-chlorophylle.com\/es\/condiciones-generales-de-venta\/","og_locale":"es_ES","og_type":"article","og_title":"Conditions g\u00e9n\u00e9rales de vente - Aventure Chlorophylle","og_description":"Conditions G\u00e9n\u00e9rales de Vente (CGV)Bureau des Moniteurs de Vall\u00e9e d\u2019OssauEspace Pachou \u2013 2, Rue du Parc National64260 ARUDY. T. 05.59.71.11.07 \/ 06.28.07.90.22contact@aventure-chlorophylle.com Siret 800.812.497.00025 Les conditions g\u00e9n\u00e9rales de vente s\u2019appliquent entre Aventure Chlorophylle et les personnes r\u00e9servant une activit\u00e9.Les conditions g\u00e9n\u00e9rales de vente peuvent \u00eatre modifi\u00e9es par Aventure Chlorophylle. L\u2019inscription \u00e0 une activit\u00e9 implique que [&hellip;]","og_url":"https:\/\/www.aventure-chlorophylle.com\/es\/condiciones-generales-de-venta\/","og_site_name":"Aventure Chlorophylle","article_publisher":"https:\/\/www.facebook.com\/aventurechlorophylle","article_modified_time":"2022-03-03T14:49:32+00:00","twitter_card":"summary_large_image","schema":{"@context":"https:\/\/schema.org","@graph":[{"@type":"WebPage","@id":"https:\/\/www.aventure-chlorophylle.com\/conditions-generales-de-vente\/","url":"https:\/\/www.aventure-chlorophylle.com\/conditions-generales-de-vente\/","name":"Condiciones generales de venta - Aventure Chlorophylle","isPartOf":{"@id":"https:\/\/www.aventure-chlorophylle.com\/#website"},"datePublished":"2021-04-26T15:05:06+00:00","dateModified":"2022-03-03T14:49:32+00:00","breadcrumb":{"@id":"https:\/\/www.aventure-chlorophylle.com\/conditions-generales-de-vente\/#breadcrumb"},"inLanguage":"es","potentialAction":[{"@type":"ReadAction","target":["https:\/\/www.aventure-chlorophylle.com\/conditions-generales-de-vente\/"]}]},{"@type":"BreadcrumbList","@id":"https:\/\/www.aventure-chlorophylle.com\/conditions-generales-de-vente\/#breadcrumb","itemListElement":[{"@type":"ListItem","position":1,"name":"Accueil","item":"https:\/\/www.aventure-chlorophylle.com\/"},{"@type":"ListItem","position":2,"name":"Conditions g\u00e9n\u00e9rales de vente"}]},{"@type":"WebSite","@id":"https:\/\/www.aventure-chlorophylle.com\/#website","url":"https:\/\/www.aventure-chlorophylle.com\/","name":"Aventura clorof\u00edlica","description":"Barranquismo, rafting y espeleolog\u00eda en los Pirineos","publisher":{"@id":"https:\/\/www.aventure-chlorophylle.com\/#organization"},"potentialAction":[{"@type":"SearchAction","target":{"@type":"EntryPoint","urlTemplate":"https:\/\/www.aventure-chlorophylle.com\/?s={search_term_string}"},"query-input":{"@type":"PropertyValueSpecification","valueRequired":true,"valueName":"search_term_string"}}],"inLanguage":"es"},{"@type":"Organization","@id":"https:\/\/www.aventure-chlorophylle.com\/#organization","name":"Aventura clorof\u00edlica","url":"https:\/\/www.aventure-chlorophylle.com\/","logo":{"@type":"ImageObject","inLanguage":"es","@id":"https:\/\/www.aventure-chlorophylle.com\/#\/schema\/logo\/image\/","url":"https:\/\/www.aventure-chlorophylle.com\/wp-content\/uploads\/2021\/04\/logo_aventure_chlorophylle.png","contentUrl":"https:\/\/www.aventure-chlorophylle.com\/wp-content\/uploads\/2021\/04\/logo_aventure_chlorophylle.png","width":356,"height":392,"caption":"Aventure Chlorophylle"},"image":{"@id":"https:\/\/www.aventure-chlorophylle.com\/#\/schema\/logo\/image\/"},"sameAs":["https:\/\/www.facebook.com\/aventurechlorophylle","https:\/\/www.instagram.com\/aventure_chlorophylle\/"]}]}},"_links":{"self":[{"href":"https:\/\/www.aventure-chlorophylle.com\/es\/wp-json\/wp\/v2\/pages\/262090","targetHints":{"allow":["GET"]}}],"collection":[{"href":"https:\/\/www.aventure-chlorophylle.com\/es\/wp-json\/wp\/v2\/pages"}],"about":[{"href":"https:\/\/www.aventure-chlorophylle.com\/es\/wp-json\/wp\/v2\/types\/page"}],"author":[{"embeddable":true,"href":"https:\/\/www.aventure-chlorophylle.com\/es\/wp-json\/wp\/v2\/users\/3"}],"replies":[{"embeddable":true,"href":"https:\/\/www.aventure-chlorophylle.com\/es\/wp-json\/wp\/v2\/comments?post=262090"}],"version-history":[{"count":2,"href":"https:\/\/www.aventure-chlorophylle.com\/es\/wp-json\/wp\/v2\/pages\/262090\/revisions"}],"predecessor-version":[{"id":265761,"href":"https:\/\/www.aventure-chlorophylle.com\/es\/wp-json\/wp\/v2\/pages\/262090\/revisions\/265761"}],"wp:attachment":[{"href":"https:\/\/www.aventure-chlorophylle.com\/es\/wp-json\/wp\/v2\/media?parent=262090"}],"curies":[{"name":"wp","href":"https:\/\/api.w.org\/{rel}","templated":true}]}}