{"id":262374,"date":"2021-05-03T13:38:25","date_gmt":"2021-05-03T11:38:25","guid":{"rendered":"https:\/\/www.aventure-chlorophylle.com\/?page_id=262374"},"modified":"2026-03-30T15:49:59","modified_gmt":"2026-03-30T13:49:59","slug":"tarifas-autoridades-locales","status":"publish","type":"page","link":"https:\/\/www.aventure-chlorophylle.com\/es\/barranquismo-rafting-pirineos-atlantiques\/tarifas-autoridades-locales\/","title":{"rendered":"Tarifs ACM et Scolaires"},"content":{"rendered":"<p>[et_pb_section fb_built=\u00a0\u00bb1&Prime; fullwidth=\u00a0\u00bbon\u00a0\u00bb admin_label=\u00a0\u00bbSlider produit\u00a0\u00bb _builder_version=\u00a0\u00bb4.16&Prime; _module_preset=\u00a0\u00bbdefault\u00a0\u00bb custom_margin=\u00a0\u00bb||-140px||false|false\u00a0\u00bb custom_margin_tablet=\u00a0\u00bb||-88px||false|false\u00a0\u00bb custom_margin_phone=\u00a0\u00bb||-44px||false|false\u00a0\u00bb custom_margin_last_edited=\u00a0\u00bbon|desktop\u00a0\u00bb locked=\u00a0\u00bboff\u00a0\u00bb collapsed=\u00a0\u00bboff\u00a0\u00bb global_colors_info=\u00a0\u00bb{}\u00a0\u00bb][et_pb_fullwidth_slider show_pagination=\u00a0\u00bboff\u00a0\u00bb use_bg_overlay=\u00a0\u00bbon\u00a0\u00bb bg_overlay_color=\u00a0\u00bbrgba(73,59,34,0.1)\u00a0\u00bb use_text_overlay=\u00a0\u00bboff\u00a0\u00bb arrows_custom_color=\u00a0\u00bb#5CAA80&Prime; _builder_version=\u00a0\u00bb4.16&Prime; _module_preset=\u00a0\u00bbdefault\u00a0\u00bb background_color=\u00a0\u00bb#F6F2EC\u00a0\u00bb use_background_color_gradient=\u00a0\u00bbon\u00a0\u00bb background_color_gradient_stops=\u00a0\u00bbrgba(34,34,34,0) 40%|rgba(34,34,34,0.05) 100%\u00a0\u00bb background_color_gradient_overlays_image=\u00a0\u00bbon\u00a0\u00bb background_color_gradient_start=\u00a0\u00bbrgba(34,34,34,0)\u00a0\u00bb background_color_gradient_start_position=\u00a0\u00bb40%\u00a0\u00bb background_color_gradient_end=\u00a0\u00bbrgba(34,34,34,0.05)\u00a0\u00bb min_height_tablet=\u00a0\u00bb\u00a0\u00bb min_height_phone=\u00a0\u00bb\u00a0\u00bb min_height_last_edited=\u00a0\u00bbon|desktop\u00a0\u00bb height=\u00a0\u00bb400px\u00a0\u00bb height_tablet=\u00a0\u00bb220px\u00a0\u00bb height_phone=\u00a0\u00bb140px\u00a0\u00bb height_last_edited=\u00a0\u00bbon|desktop\u00a0\u00bb global_colors_info=\u00a0\u00bb{}\u00a0\u00bb][et_pb_slide use_bg_overlay=\u00a0\u00bboff\u00a0\u00bb _builder_version=\u00a0\u00bb4.16&Prime; _module_preset=\u00a0\u00bbdefault\u00a0\u00bb body_text_align=\u00a0\u00bbcenter\u00a0\u00bb body_text_color=\u00a0\u00bb#FFFFFF\u00a0\u00bb background_color=\u00a0\u00bb#F6F2EC\u00a0\u00bb background_enable_color=\u00a0\u00bbon\u00a0\u00bb background_image=\u00a0\u00bbhttps:\/\/www.aventure-chlorophylle.com\/wp-content\/uploads\/2021\/05\/activite_rafting_demi-journee_gave_de_pau_5.jpg\u00a0\u00bb background_enable_image=\u00a0\u00bbon\u00a0\u00bb global_colors_info=\u00a0\u00bb{}\u00a0\u00bb sticky_transition=\u00a0\u00bbon\u00a0\u00bb][\/et_pb_slide][\/et_pb_fullwidth_slider][\/et_pb_section][et_pb_section fb_built=\u00a0\u00bb1&Prime; admin_label=\u00a0\u00bbmontagne en fond\u00a0\u00bb _builder_version=\u00a0\u00bb4.27.4&Prime; _module_preset=\u00a0\u00bbdefault\u00a0\u00bb background_color=\u00a0\u00bbRGBA(0,0,0,0)\u00a0\u00bb background_image=\u00a0\u00bbhttps:\/\/www.aventure-chlorophylle.com\/wp-content\/uploads\/2021\/04\/msk-mountain.svg\u00a0\u00bb background_enable_image=\u00a0\u00bboff\u00a0\u00bb z_index=\u00a0\u00bb10&Prime; height=\u00a0\u00bb144px\u00a0\u00bb height_tablet=\u00a0\u00bb88px\u00a0\u00bb height_phone=\u00a0\u00bb44px\u00a0\u00bb height_last_edited=\u00a0\u00bbon|phone\u00a0\u00bb custom_padding=\u00a0\u00bb0px||0px||true|false\u00a0\u00bb global_module=\u00a0\u00bb261939&Prime; collapsed=\u00a0\u00bboff\u00a0\u00bb global_colors_info=\u00a0\u00bb{}\u00a0\u00bb][\/et_pb_section][et_pb_section fb_built=\u00a0\u00bb1&Prime; _builder_version=\u00a0\u00bb4.16&Prime; _module_preset=\u00a0\u00bbdefault\u00a0\u00bb background_color=\u00a0\u00bb#FFFFFF\u00a0\u00bb custom_padding=\u00a0\u00bb0px||0px|||\u00a0\u00bb global_colors_info=\u00a0\u00bb{}\u00a0\u00bb][et_pb_row admin_label=\u00a0\u00bbFil d&rsquo;arianne\u00a0\u00bb _builder_version=\u00a0\u00bb4.9.4&Prime; _module_preset=\u00a0\u00bbdefault\u00a0\u00bb custom_padding=\u00a0\u00bb0px||0px||true|false\u00a0\u00bb global_module=\u00a0\u00bb261844&Prime; saved_tabs=\u00a0\u00bball\u00a0\u00bb locked=\u00a0\u00bboff\u00a0\u00bb collapsed=\u00a0\u00bboff\u00a0\u00bb global_colors_info=\u00a0\u00bb{}\u00a0\u00bb][et_pb_column type=\u00a0\u00bb4_4&Prime; _builder_version=\u00a0\u00bb4.16&Prime; _module_preset=\u00a0\u00bbdefault\u00a0\u00bb global_colors_info=\u00a0\u00bb{}\u00a0\u00bb][et_pb_code _builder_version=\u00a0\u00bb4.18.0&Prime; _module_preset=\u00a0\u00bbdefault\u00a0\u00bb global_colors_info=\u00a0\u00bb{}\u00a0\u00bb]<span><span><a href=\"https:\/\/www.aventure-chlorophylle.com\/es\/\">Inicio<\/a><\/span><\/span>[\/et_pb_code][\/et_pb_column][\/et_pb_row][et_pb_row column_structure=\u00a0\u00bb2_3,1_3&Prime; _builder_version=\u00a0\u00bb4.16&Prime; _module_preset=\u00a0\u00bbdefault\u00a0\u00bb global_colors_info=\u00a0\u00bb{}\u00a0\u00bb][et_pb_column type=\u00a0\u00bb2_3&Prime; _builder_version=\u00a0\u00bb4.16&Prime; _module_preset=\u00a0\u00bbdefault\u00a0\u00bb global_colors_info=\u00a0\u00bb{}\u00a0\u00bb][et_pb_text admin_label=\u00a0\u00bbTarifs ACM et Scolaires\u00a0\u00bb _builder_version=\u00a0\u00bb4.27.4&Prime; _module_preset=\u00a0\u00bbdefault\u00a0\u00bb global_colors_info=\u00a0\u00bb{}\u00a0\u00bb]<\/p>\n<h1 style=\"text-align: center;\">Tarifs Accueil Collectif de Mineurs + scolaires<\/h1>\n<p>[et_pb_text][\/et_pb_column][et_pb_column type=\"1_3\u2033 _builder_version=\"4.16\u2033 _module_preset=\"default \" global_colors_info=\"{} \"][dnxte_button button_text=\"Lista de precios en formato PDF\" button_link=\"@ET-DC@eyJkeW5hbWljIjp0cnVlLCJjb250ZW50IjoicG9zdF9saW5rX3VybF9hdHRhY2htZW50Iiwic2V0dGluZ3MiOnsicG9zdF9pZCI6IjI2ODc1NSJ9fQ==@ \" button_link_new_window=\"on \" admin_label=\"tarifas colectividades pdf \" _builder_version=\"4.23.1\u2033 _dynamic_attributes=\"button_link \" _module_preset=\"default \" global_colors_info=\"{} \"][\/dnxte_button][\/et_pb_column][\/et_pb_row][et_pb_row _builder_version=\"4.16\u2033 _module_preset=\"default \" global_colors_info=\"{} \"][et_pb_column type=\"4_4\u2033 _builder_version=\"4.16\u2033 _module_preset=\"default \" global_colors_info=\"{} \"][et_pb_text admin_label=\"Precios centros\/escuelas\/comunidades\/ALSH de vacaciones\" _builder_version=\"4.19.2\u2033 _module_preset=\"default \" global_colors_info=\"{} \"]<\/p>\n<h2><strong>A qui s&rsquo;adresse ce tarif?<\/strong><\/h2>\n<p>Un Accueil Collectif de Mineurs est un centre de vacances, colonies de vacances, centres de loisirs, centres a\u00e9r\u00e9s, accueils de scoutisme ou encore colos apprenantes. Les ACM sont des espaces destin\u00e9s \u00e0 accueillir pendants les vacances et hors temps scolaire des jeunes \u00e2g\u00e9s de moins de 18 ans pour leur permettre de pratiquer des activit\u00e9s de loisirs et de d\u00e9tente.<\/p>\n<p>Les \u00e9tablissements scolaires.<\/p>\n<p>&nbsp;<\/p>\n<p><strong>Los precios de las salidas incluyen :<\/strong><\/p>\n<p>- supervisi\u00f3n por un instructor cualificado<br \/>- el pr\u00e9stamo de equipo individual espec\u00edfico para la actividad (por ejemplo: arn\u00e9s, casco, traje de neopreno, etc.)<br \/>- seguro de responsabilidad civil<\/p>\n<p><strong>Para facilitarle la lectura de los cuadros que figuran a continuaci\u00f3n, le facilitamos algunos datos:<\/strong><\/p>\n<p>&nbsp;<\/p>\n<h2>Tarifas multiactividad :<\/h2>\n<p>&nbsp;<\/p>\n<p>Desea realizar varias actividades con Aventure Chlorophylle o volver despu\u00e9s de una primera actividad.<\/p>\n<p><strong>- Tasa de multiactividad :<\/strong> A partir de la tercera actividad, se aplica una reducci\u00f3n de 10 % a las actividades siguientes. Por lo tanto, las dos primeras actividades se pagar\u00e1n a la tarifa completa, las siguientes se cobrar\u00e1n con una reducci\u00f3n de 10%<\/p>\n<p><strong> Esta oferta es v\u00e1lida hasta el 31 de diciembre del a\u00f1o en curso.<\/strong><\/p>\n<p>&nbsp;<\/p>\n<h2>Forma de pago :<\/h2>\n<p>&nbsp;<\/p>\n<p><strong>Se solicitar\u00e1 un dep\u00f3sito de 50% en el momento de la reserva.<\/strong><\/p>\n<p><strong>Pago por adelantado : <\/strong><\/p>\n<p>- Tarjeta de cr\u00e9dito: a trav\u00e9s de un enlace de pago seguro enviado por correo electr\u00f3nico<br \/>- Cheque<br \/>- Especies<br \/>- Mandato administrativo<\/p>\n<p><strong>Pago in situ :<\/strong> efectivo, cheques.<br \/>Atenci\u00f3n: el pago con tarjeta de cr\u00e9dito no es posible in situ. Nuestros monitores no disponen de terminal.<\/p>\n<p>&nbsp;<\/p>\n<p><strong>Temporada alta<\/strong> : <span dir=\"ltr\" role=\"presentation\">Todos los d\u00edas de<\/span>\u00a0<span dir=\"ltr\" role=\"presentation\">1<\/span><span dir=\"ltr\" role=\"presentation\">er<\/span><span dir=\"ltr\" role=\"presentation\"> en <\/span><span dir=\"ltr\" role=\"presentation\">31 de agosto<\/span>\u00a0todos los<span dir=\"ltr\" role=\"presentation\">es<\/span>\u00a0<span dir=\"ltr\" role=\"presentation\">fines de semana del a\u00f1o<\/span><span dir=\"ltr\" role=\"presentation\">s, el<\/span>\u00a0<span dir=\"ltr\" role=\"presentation\">d\u00edas festivos y puentes<\/span>\u00a0<span dir=\"ltr\" role=\"presentation\">de<\/span>\u00a0<span dir=\"ltr\" role=\"presentation\">1<\/span><span dir=\"ltr\" role=\"presentation\">er\u00a0<\/span><span dir=\"ltr\" role=\"presentation\">De mayo al 15 de septiembre<\/span>.<br \/><strong>Temporada baja :<\/strong> El resto del tiempo.<\/p>\n<p>&nbsp;<\/p>\n<p>[\/et_pb_text][et_pb_code admin_label=\u00a0\u00bbCode : tarifs en table\u00a0\u00bb _builder_version=\u00a0\u00bb4.27.4&Prime; _module_preset=\u00a0\u00bbdefault\u00a0\u00bb custom_css_main_element=\u00a0\u00bboverflow:auto;\u00a0\u00bb global_colors_info=\u00a0\u00bb{}\u00a0\u00bb]\n<table id=\"tablepress-1\" class=\"tablepress tablepress-id-1 tbody-has-connected-cells\">\n<thead>\n<tr class=\"row-1\">\n\t<td class=\"column-1\"><\/td><td class=\"column-2\"><\/td><th class=\"column-3\">Temporada alta<\/th><th class=\"column-4\">Temporada baja<\/th>\n<\/tr>\n<\/thead>\n<tbody class=\"row-striping row-hover\">\n<tr class=\"row-2\">\n\t<td rowspan=\"4\" class=\"column-1\"><b>Espeleolog\u00eda \/ Barranquismo<\/b><\/td><td class=\"column-2\">Media jornada<\/td><td class=\"column-3\">300 \u20ac\/gr<\/td><td class=\"column-4\">250 \u20ac\/gr<\/td>\n<\/tr>\n<tr class=\"row-3\">\n\t<td colspan=\"3\" class=\"column-2\"><p style=\"text-align:center;\"><em>8 ni\u00f1os + 1 adulto m\u00e1ximo<\/em><\/p><\/td>\n<\/tr>\n<tr class=\"row-4\">\n\t<td class=\"column-2\">D\u00eda<\/td><td class=\"column-3\">500 \u20ac\/gr<\/td><td class=\"column-4\">430 \u20ac\/gr<\/td>\n<\/tr>\n<tr class=\"row-5\">\n\t<td colspan=\"3\" class=\"column-2\"><p style=\"text-align:center;\"><em>8 ni\u00f1os + 1 adulto m\u00e1ximo<\/em><\/p><\/td>\n<\/tr>\n<tr class=\"row-6\">\n\t<td rowspan=\"2\" class=\"column-1\"><b>Escalada<\/b><\/td><td class=\"column-2\">Media jornada<\/td><td class=\"column-3\">250 \u20ac\/gr<\/td><td class=\"column-4\">200 \u20ac\/gr<\/td>\n<\/tr>\n<tr class=\"row-7\">\n\t<td colspan=\"3\" class=\"column-2\"><p style=\"text-align:center;\"><em>9 ni\u00f1os + 1 adulto m\u00e1ximo<\/em><\/p><\/td>\n<\/tr>\n<tr class=\"row-8\">\n\t<td rowspan=\"2\" class=\"column-1\"><b>V\u00eda Ferrata \/ V\u00eda Cordata<\/b><\/td><td class=\"column-2\">Media jornada<\/td><td class=\"column-3\">250 \u20ac\/gr<\/td><td class=\"column-4\">200 \u20ac\/gr<\/td>\n<\/tr>\n<tr class=\"row-9\">\n\t<td colspan=\"3\" class=\"column-2\"><p style=\"text-align:center;\"><em>7 ni\u00f1os + 1 persona m\u00e1ximo<\/em><\/p><\/td>\n<\/tr>\n<tr class=\"row-10\">\n\t<td rowspan=\"2\" class=\"column-1\"><b>Rafting \/ Canoraft<\/b><\/td><td class=\"column-2\">Media jornada<\/td><td class=\"column-3\">9h&amp; 16h 220 \u20ac\/gr<\/td><td class=\"column-4\">200 \u20ac\/gr<\/td>\n<\/tr>\n<tr class=\"row-11\">\n\t<td colspan=\"3\" class=\"column-2\"><p style=\"text-align:center;\"><em>8 ni\u00f1os + 1 adulto m\u00e1ximo<\/em><\/p><\/td>\n<\/tr>\n<tr class=\"row-12\">\n\t<td rowspan=\"4\" class=\"column-1\"><b>BICICLETA DE MONTA\u00d1A<\/b><\/td><td class=\"column-2\">Media jornada<\/td><td class=\"column-3\">270 \u20ac\/gr<\/td><td class=\"column-4\">270 \u20ac\/gr<\/td>\n<\/tr>\n<tr class=\"row-13\">\n\t<td colspan=\"3\" class=\"column-2\"><p style=\"text-align:center;\"><em>10 ni\u00f1os + 1 adulto m\u00e1ximo<\/em><\/p><\/td>\n<\/tr>\n<tr class=\"row-14\">\n\t<td class=\"column-2\">Grupo del d\u00eda 1<\/td><td class=\"column-3\">400 \u20ac\/gr<\/td><td class=\"column-4\">400\u20ac\/gr<\/td>\n<\/tr>\n<tr class=\"row-15\">\n\t<td colspan=\"3\" class=\"column-2\"><p style=\"text-align:center;\"><em>10 ni\u00f1os + 1 adulto m\u00e1ximo<\/em><\/p><\/td>\n<\/tr>\n<\/tbody>\n<\/table>\n[\/et_pb_code][et_pb_text _builder_version=\"4.16\u2033 _module_preset=\"default \" global_colors_info=\"{} \"]<\/p>\n<p>Los servicios son prestados por miembros profesionales de la oficina de instructores de Aventure Chlorophylle.<\/p>\n<p>El precio incluye la supervisi\u00f3n por parte de instructores cualificados, el pr\u00e9stamo de material y el seguro de responsabilidad civil (IVA no aplicable).<\/p>\n<p>El n\u00famero m\u00e1ximo de participantes se indica para un curso introductorio; para cursos avanzados, p\u00f3ngase en contacto con nosotros.<\/p>\n<p>[\/et_pb_text][et_pb_image src= \"https:\/\/www.aventure-chlorophylle.com\/wp-content\/uploads\/2021\/05\/Tarifs-Collectivites-2021-pdf.jpg \" title_text=\"Tarifs-Collectivites-2021-pdf \" show_in_lightbox=\"on \" disabled_on=\"on|on|on \" _builder_version=\"4.16\u2033 _module_preset=\"default \" disabled=\"on \" global_colors_info=\"{} \"][\/et_pb_image][\/et_pb_column][\/et_pb_row][\/et_pb_section][et_pb_section fb_built=\"1\u2033 admin_label=\"Low Tear\" _builder_version=\"4.16\u2033 _module_preset=\"default \" background_color=\"RGBA(0,0,0,0) \" background_image=\"https:\/\/www.aventure-chlorophylle.\u00a1com\/wp-content\/uploads\/2021\/04\/msk-horizontal-top.svg \" background_repeat=\"repeat-x \" height=\"30px \" height_tablet=\"30px \" height_phone=\"30px \" height_last_edited=\"on|desktop \" custom_padding=\"0px||0px||true|false \" custom_css_main_element=\"background-size:auto 100%!important; \" saved_tabs=\"all \" collapsed=\"on \" global_colors_info=\"{} \"][\/et_pb_section][et_pb_section fb_built=\"1\u2033 _builder_version=\"4.16\u2033 _module_preset=\"default \" background_color=\"RGBA(0,0,0,0) \" height=\"50px \" max_height=\"50px \" global_colors_info=\"{} \"][\/et_pb_section]<\/p>","protected":false},"excerpt":{"rendered":"<p><span><span><a href=\"https:\/\/www.aventure-chlorophylle.com\/es\/\">Inicio<\/a><\/span><\/span>Tarifs Accueil Collectif de Mineurs + scolaires<div class=\"et_pb_with_border et_pb_module dnxte_button dnxte_button_0 et_animated et_pb_section_video_on_hover\">\n\t\t\t\t\n\t\t\t\t\n\t\t\t\t\n\t\t\t\t\n\t\t\t\t\n\t\t\t\t\n\t\t\t\t<div class=\"et_pb_module_inner\">\n\t\t\t\t\t<div class=\"dnxt-button-wrapper\">\n\t\t\t\t<a class=\"dnxt-btn-icon  dnxt-hover-sweep-to-top  dnxt-hover-icon-forward dnxt-btn-icon-on-hover\" href=\"\" target=\"_blank\"><i class=\"\">$<\/i>Tarifas en formato PDF<\/a>\n\t\t\t<\/div>\n\t\t\t\t<\/div>\n\t\t\t<\/div>A qui s&rsquo;adresse ce tarif? Un Accueil Collectif de Mineurs est un centre de vacances, colonies de vacances, centres de loisirs, centres a\u00e9r\u00e9s, accueils de scoutisme ou encore colos apprenantes. Les ACM sont [&hellip;]<\/p>","protected":false},"author":3,"featured_media":0,"parent":261671,"menu_order":0,"comment_status":"closed","ping_status":"closed","template":"","meta":{"_acf_changed":false,"_et_pb_use_builder":"on","_et_pb_old_content":"","_et_gb_content_width":"","inline_featured_image":false,"footnotes":""},"class_list":["post-262374","page","type-page","status-publish","hentry"],"acf":[],"yoast_head":"<!-- This site is optimized with the Yoast SEO plugin v26.7 - https:\/\/yoast.com\/wordpress\/plugins\/seo\/ -->\n<title>Tarifs ACM et Scolaires - Aventure Chlorophylle<\/title>\n<meta name=\"robots\" content=\"index, follow, max-snippet:-1, max-image-preview:large, max-video-preview:-1\" \/>\n<link rel=\"canonical\" href=\"https:\/\/www.aventure-chlorophylle.com\/es\/barranquismo-rafting-pirineos-atlantiques\/tarifas-autoridades-locales\/\" \/>\n<meta property=\"og:locale\" content=\"es_ES\" \/>\n<meta property=\"og:type\" content=\"article\" \/>\n<meta property=\"og:title\" content=\"Tarifs ACM et Scolaires - Aventure Chlorophylle\" \/>\n<meta property=\"og:description\" content=\"Tarifs Accueil Collectif de Mineurs + scolairesA qui s&#039;adresse ce tarif? Un Accueil Collectif de Mineurs est un centre de vacances, colonies de vacances, centres de loisirs, centres a\u00e9r\u00e9s, accueils de scoutisme ou encore colos apprenantes. Les ACM sont [&hellip;]\" \/>\n<meta property=\"og:url\" content=\"https:\/\/www.aventure-chlorophylle.com\/es\/barranquismo-rafting-pirineos-atlantiques\/tarifas-autoridades-locales\/\" \/>\n<meta property=\"og:site_name\" content=\"Aventure Chlorophylle\" \/>\n<meta property=\"article:publisher\" content=\"https:\/\/www.facebook.com\/aventurechlorophylle\" \/>\n<meta property=\"article:modified_time\" content=\"2026-03-30T13:49:59+00:00\" \/>\n<meta name=\"twitter:card\" content=\"summary_large_image\" \/>\n<script type=\"application\/ld+json\" class=\"yoast-schema-graph\">{\"@context\":\"https:\/\/schema.org\",\"@graph\":[{\"@type\":\"WebPage\",\"@id\":\"https:\/\/www.aventure-chlorophylle.com\/canyoning-rafting-pyrenees-atlantiques\/tarifs-collectivites\/\",\"url\":\"https:\/\/www.aventure-chlorophylle.com\/canyoning-rafting-pyrenees-atlantiques\/tarifs-collectivites\/\",\"name\":\"Tarifs ACM et Scolaires - Aventure Chlorophylle\",\"isPartOf\":{\"@id\":\"https:\/\/www.aventure-chlorophylle.com\/#website\"},\"datePublished\":\"2021-05-03T11:38:25+00:00\",\"dateModified\":\"2026-03-30T13:49:59+00:00\",\"breadcrumb\":{\"@id\":\"https:\/\/www.aventure-chlorophylle.com\/canyoning-rafting-pyrenees-atlantiques\/tarifs-collectivites\/#breadcrumb\"},\"inLanguage\":\"es\",\"potentialAction\":[{\"@type\":\"ReadAction\",\"target\":[\"https:\/\/www.aventure-chlorophylle.com\/canyoning-rafting-pyrenees-atlantiques\/tarifs-collectivites\/\"]}]},{\"@type\":\"BreadcrumbList\",\"@id\":\"https:\/\/www.aventure-chlorophylle.com\/canyoning-rafting-pyrenees-atlantiques\/tarifs-collectivites\/#breadcrumb\",\"itemListElement\":[{\"@type\":\"ListItem\",\"position\":1,\"name\":\"Accueil\",\"item\":\"https:\/\/www.aventure-chlorophylle.com\/\"},{\"@type\":\"ListItem\",\"position\":2,\"name\":\"Canyoning et Rafting dans les Pyr\u00e9n\u00e9es Atlantiques\",\"item\":\"https:\/\/www.aventure-chlorophylle.com\/\"},{\"@type\":\"ListItem\",\"position\":3,\"name\":\"Tarifs ACM et Scolaires\"}]},{\"@type\":\"WebSite\",\"@id\":\"https:\/\/www.aventure-chlorophylle.com\/#website\",\"url\":\"https:\/\/www.aventure-chlorophylle.com\/\",\"name\":\"Aventure Chlorophylle\",\"description\":\"Activit\u00e9s de Canyoning, rafting et sp\u00e9l\u00e9ologie dans les Pyr\u00e9n\u00e9es\",\"publisher\":{\"@id\":\"https:\/\/www.aventure-chlorophylle.com\/#organization\"},\"potentialAction\":[{\"@type\":\"SearchAction\",\"target\":{\"@type\":\"EntryPoint\",\"urlTemplate\":\"https:\/\/www.aventure-chlorophylle.com\/?s={search_term_string}\"},\"query-input\":{\"@type\":\"PropertyValueSpecification\",\"valueRequired\":true,\"valueName\":\"search_term_string\"}}],\"inLanguage\":\"es\"},{\"@type\":\"Organization\",\"@id\":\"https:\/\/www.aventure-chlorophylle.com\/#organization\",\"name\":\"Aventure Chlorophylle\",\"url\":\"https:\/\/www.aventure-chlorophylle.com\/\",\"logo\":{\"@type\":\"ImageObject\",\"inLanguage\":\"es\",\"@id\":\"https:\/\/www.aventure-chlorophylle.com\/#\/schema\/logo\/image\/\",\"url\":\"https:\/\/www.aventure-chlorophylle.com\/wp-content\/uploads\/2021\/04\/logo_aventure_chlorophylle.png\",\"contentUrl\":\"https:\/\/www.aventure-chlorophylle.com\/wp-content\/uploads\/2021\/04\/logo_aventure_chlorophylle.png\",\"width\":356,\"height\":392,\"caption\":\"Aventure Chlorophylle\"},\"image\":{\"@id\":\"https:\/\/www.aventure-chlorophylle.com\/#\/schema\/logo\/image\/\"},\"sameAs\":[\"https:\/\/www.facebook.com\/aventurechlorophylle\",\"https:\/\/www.instagram.com\/aventure_chlorophylle\/\"]}]}<\/script>\n<!-- \/ Yoast SEO plugin. -->","yoast_head_json":{"title":"Tarifs ACM et Scolaires - Aventure Chlorophylle","robots":{"index":"index","follow":"follow","max-snippet":"max-snippet:-1","max-image-preview":"max-image-preview:large","max-video-preview":"max-video-preview:-1"},"canonical":"https:\/\/www.aventure-chlorophylle.com\/es\/barranquismo-rafting-pirineos-atlantiques\/tarifas-autoridades-locales\/","og_locale":"es_ES","og_type":"article","og_title":"Tarifs ACM et Scolaires - Aventure Chlorophylle","og_description":"Tarifs Accueil Collectif de Mineurs + scolairesA qui s'adresse ce tarif? Un Accueil Collectif de Mineurs est un centre de vacances, colonies de vacances, centres de loisirs, centres a\u00e9r\u00e9s, accueils de scoutisme ou encore colos apprenantes. Les ACM sont [&hellip;]","og_url":"https:\/\/www.aventure-chlorophylle.com\/es\/barranquismo-rafting-pirineos-atlantiques\/tarifas-autoridades-locales\/","og_site_name":"Aventure Chlorophylle","article_publisher":"https:\/\/www.facebook.com\/aventurechlorophylle","article_modified_time":"2026-03-30T13:49:59+00:00","twitter_card":"summary_large_image","schema":{"@context":"https:\/\/schema.org","@graph":[{"@type":"WebPage","@id":"https:\/\/www.aventure-chlorophylle.com\/canyoning-rafting-pyrenees-atlantiques\/tarifs-collectivites\/","url":"https:\/\/www.aventure-chlorophylle.com\/canyoning-rafting-pyrenees-atlantiques\/tarifs-collectivites\/","name":"Tarifs ACM et Scolaires - Aventure Chlorophylle","isPartOf":{"@id":"https:\/\/www.aventure-chlorophylle.com\/#website"},"datePublished":"2021-05-03T11:38:25+00:00","dateModified":"2026-03-30T13:49:59+00:00","breadcrumb":{"@id":"https:\/\/www.aventure-chlorophylle.com\/canyoning-rafting-pyrenees-atlantiques\/tarifs-collectivites\/#breadcrumb"},"inLanguage":"es","potentialAction":[{"@type":"ReadAction","target":["https:\/\/www.aventure-chlorophylle.com\/canyoning-rafting-pyrenees-atlantiques\/tarifs-collectivites\/"]}]},{"@type":"BreadcrumbList","@id":"https:\/\/www.aventure-chlorophylle.com\/canyoning-rafting-pyrenees-atlantiques\/tarifs-collectivites\/#breadcrumb","itemListElement":[{"@type":"ListItem","position":1,"name":"Accueil","item":"https:\/\/www.aventure-chlorophylle.com\/"},{"@type":"ListItem","position":2,"name":"Canyoning et Rafting dans les Pyr\u00e9n\u00e9es Atlantiques","item":"https:\/\/www.aventure-chlorophylle.com\/"},{"@type":"ListItem","position":3,"name":"Tarifs ACM et Scolaires"}]},{"@type":"WebSite","@id":"https:\/\/www.aventure-chlorophylle.com\/#website","url":"https:\/\/www.aventure-chlorophylle.com\/","name":"Aventura clorof\u00edlica","description":"Barranquismo, rafting y espeleolog\u00eda en los Pirineos","publisher":{"@id":"https:\/\/www.aventure-chlorophylle.com\/#organization"},"potentialAction":[{"@type":"SearchAction","target":{"@type":"EntryPoint","urlTemplate":"https:\/\/www.aventure-chlorophylle.com\/?s={search_term_string}"},"query-input":{"@type":"PropertyValueSpecification","valueRequired":true,"valueName":"search_term_string"}}],"inLanguage":"es"},{"@type":"Organization","@id":"https:\/\/www.aventure-chlorophylle.com\/#organization","name":"Aventura clorof\u00edlica","url":"https:\/\/www.aventure-chlorophylle.com\/","logo":{"@type":"ImageObject","inLanguage":"es","@id":"https:\/\/www.aventure-chlorophylle.com\/#\/schema\/logo\/image\/","url":"https:\/\/www.aventure-chlorophylle.com\/wp-content\/uploads\/2021\/04\/logo_aventure_chlorophylle.png","contentUrl":"https:\/\/www.aventure-chlorophylle.com\/wp-content\/uploads\/2021\/04\/logo_aventure_chlorophylle.png","width":356,"height":392,"caption":"Aventure Chlorophylle"},"image":{"@id":"https:\/\/www.aventure-chlorophylle.com\/#\/schema\/logo\/image\/"},"sameAs":["https:\/\/www.facebook.com\/aventurechlorophylle","https:\/\/www.instagram.com\/aventure_chlorophylle\/"]}]}},"_links":{"self":[{"href":"https:\/\/www.aventure-chlorophylle.com\/es\/wp-json\/wp\/v2\/pages\/262374","targetHints":{"allow":["GET"]}}],"collection":[{"href":"https:\/\/www.aventure-chlorophylle.com\/es\/wp-json\/wp\/v2\/pages"}],"about":[{"href":"https:\/\/www.aventure-chlorophylle.com\/es\/wp-json\/wp\/v2\/types\/page"}],"author":[{"embeddable":true,"href":"https:\/\/www.aventure-chlorophylle.com\/es\/wp-json\/wp\/v2\/users\/3"}],"replies":[{"embeddable":true,"href":"https:\/\/www.aventure-chlorophylle.com\/es\/wp-json\/wp\/v2\/comments?post=262374"}],"version-history":[{"count":14,"href":"https:\/\/www.aventure-chlorophylle.com\/es\/wp-json\/wp\/v2\/pages\/262374\/revisions"}],"predecessor-version":[{"id":270070,"href":"https:\/\/www.aventure-chlorophylle.com\/es\/wp-json\/wp\/v2\/pages\/262374\/revisions\/270070"}],"up":[{"embeddable":true,"href":"https:\/\/www.aventure-chlorophylle.com\/es\/wp-json\/wp\/v2\/pages\/261671"}],"wp:attachment":[{"href":"https:\/\/www.aventure-chlorophylle.com\/es\/wp-json\/wp\/v2\/media?parent=262374"}],"curies":[{"name":"wp","href":"https:\/\/api.w.org\/{rel}","templated":true}]}}