{"id":267706,"date":"2023-10-12T11:37:35","date_gmt":"2023-10-12T09:37:35","guid":{"rendered":"https:\/\/www.aventure-chlorophylle.com\/?page_id=267706"},"modified":"2023-10-12T11:39:21","modified_gmt":"2023-10-12T09:39:21","slug":"canyoning-a-laruns","status":"publish","type":"page","link":"https:\/\/www.aventure-chlorophylle.com\/es\/canyoning-a-laruns\/","title":{"rendered":"Barranquismo en Laruns"},"content":{"rendered":"<p>[et_pb_section fb_built=\"1\u2033 _builder_version=\"4.20.4\u2033 _module_preset=\"default \" global_colors_info=\"{} \"][et_pb_row _builder_version=\"4.20.4\u2033 _module_preset=\"default \" global_colors_info=\"{} \"][et_pb_column type=\"4_4\u2033 _builder_version=\"4.20.4\u2033 _module_preset=\"default \" global_colors_info=\"{} \"][et_pb_text _builder_version=\"4.20.4\u2033 _module_preset=\"default \" global_colors_info=\"{} \"]<\/p>\n<h1 style=\"text-align: center;\">Barranquismo en Laruns<\/h1>\n<h2 style=\"text-align: center;\">Descubrir los ca\u00f1ones del valle de Ossau en los Pirineos Atl\u00e1nticos (64)<\/h2>\n<p>&nbsp;<\/p>\n<p>&nbsp;<\/p>\n<p>[et_pb_text][\/et_pb_column][\/et_pb_row][et_pb_row _builder_version=\"4.20.4\u2033 _module_preset=\"default \" global_colors_info=\"{} \"][et_pb_column type=\"4_4\u2033 _builder_version=\"4.20.4\u2033 _module_preset=\"default \" global_colors_info=\"{} \"][et_pb_image src= \"https:\/\/www.aventure-chlorophylle.com\/wp-content\/uploads\/2023\/10\/2023-07-02-Candice-canyon-Soussoueou_252.jpg \" alt= \"Descente Canyoning en vall\u00e9e d'Ossau dans les Pyr\u00e9n\u00e9es Atlantiques \" title_text=\"barranquismo Laruns \" align=\"center \" _builder_version=\"4.20.4\u2033 _module_preset=\"default \" global_colors_info=\"{} \"][\/et_pb_image][\/et_pb_column][\/et_pb_row][et_pb_row _builder_version=\"4.20.4\u2033 _module_preset=\"default \" global_colors_info=\"{} \"][et_pb_column type=\"4_4\u2033 _builder_version=\"4.20.4\u2033 _module_preset=\"default \" global_colors_info=\"{} \"][et_pb_text _builder_version=\"4.20.4\u2033 _module_preset=\"default \" global_colors_info=\"{} \"]<\/p>\n<h2 style=\"text-align: center;\">En el valle de Ossau, en los Pirineos Atl\u00e1nticos, le esperan varios ca\u00f1ones emblem\u00e1ticos, con punto de encuentro en Laruns.<\/h2>\n<p style=\"text-align: center;\">A s\u00f3lo <strong>A 1h de Pau<\/strong>, <strong>A 2 horas de Bayona<\/strong> y <strong>A 3 horas de Toulouse y Burdeos<\/strong>El cambio de aires est\u00e1 garantizado. Descender\u00e1 por los magn\u00edficos ca\u00f1ones del valle de Ossau, cruzando el <strong>barreras naturales<\/strong> uno por uno: <strong>salta<\/strong>,<strong> toboganes naturales<\/strong> y <strong>rappel<\/strong> estar\u00e1 en el programa de esta actividad de barranquismo.<\/p>\n<p style=\"text-align: center;\">La gu\u00eda le proporcionar\u00e1<strong> encuentro en un aparcamiento de Laruns<\/strong> y luego a los ca\u00f1ones del valle de Ossau.<\/p>\n<p style=\"text-align: center;\">El barranquismo es ideal para <strong>familia a partir de los 10 a\u00f1os<\/strong>entre <strong>amigos<\/strong>con motivo de un <strong>EVG o EVJF<\/strong>en <strong>pareja<\/strong>entre <strong>compa\u00f1eros <\/strong>e incluso <strong>solo<\/strong>. El descenso de un ca\u00f1\u00f3n crea o refuerza v\u00ednculos durante un viaje emocionante.<\/p>\n<p style=\"text-align: center;\">[\/et_pb_text][\/et_pb_column][\/et_pb_row][et_pb_row column_structure=\"1_2,1_2\u2033 _builder_version=\"4.20.4\u2033 _module_preset=\"default \" global_colors_info=\"{} \"][et_pb_column type=\"1_2\u2033 _builder_version=\"4.20.4\u2033 _module_preset=\"default \" global_colors_info=\"{} \"][et_pb_image src= \"https:\/\/www.aventure-chlorophylle.com\/wp-content\/uploads\/2023\/06\/Descente-canyon-de-Bious.jpg \" alt= \"Tobog\u00e1n natural en el ca\u00f1\u00f3n de Bious en Gabas, Pirineos \" title_text= \"Descente canyon de Bious \" _builder_version=\"4.20.4\u2033 _module_preset=\"default \" global_colors_info=\"{} \"][\/et_pb_image][\/et_pb_column][et_pb_column type=\"1_2\u2033 _builder_version=\"4.20.4\u2033 _module_preset=\"default \" global_colors_info=\"{} \"][et_pb_image src= \"https:\/\/www.aventure-chlorophylle.com\/wp-content\/uploads\/2023\/10\/2023-08-21-alex-canyon-soussoueou_26.jpg \" alt= \"Ca\u00f1\u00f3n del Soussou\u00e9ou antes de Laruns \" title_text= \"ca\u00f1\u00f3n del Soussou\u00e9ou \" _builder_version=\"4.20.4\u2033 _module_preset=\"default \" global_colors_info=\"{} \"][\/et_pb_image][\/et_pb_column][\/et_pb_row][et_pb_row _builder_version=\"4.20.4\u2033 _module_preset=\"default \" global_colors_info=\"{} \"][et_pb_column type=\"4_4\u2033 _builder_version=\"4.20.4\u2033 _module_preset=\"default \" global_colors_info=\"{} \"][et_pb_text _builder_version=\"4.20.4\u2033 _module_preset=\"default \" hover_enabled=\"0\u2033 global_colors_info=\"{} \" sticky_enabled=\"0\u2033]<\/p>\n<h2 style=\"text-align: center;\">Cerca de Laruns, en el valle de Ossau, una amplia oferta de recorridos de barranquismo.<\/h2>\n<p style=\"text-align: center;\"><strong>Sea cual sea tu nivel de barranquismo<\/strong>si usted es <strong>principiantes<\/strong>, <strong>ya iniciado<\/strong> o <strong>confirmado<\/strong> tenemos cursos para todos los gustos. En <strong>f\u00f3rmula \"ox\u00edgeno<\/strong> durante medio d\u00eda o un d\u00eda entero, puede bajar el <strong>Ca\u00f1\u00f3n Bious<\/strong> con todos los saltos opcionales para principiantes. En <strong>paquete \"aventura<\/strong> excursiones de medio d\u00eda o d\u00eda completo, las rutas propuestas ser\u00e1n los ca\u00f1ones del <strong>Soussou\u00e9ou<\/strong>, <strong>Cap de Pount<\/strong> en el coraz\u00f3n del Parque Nacional de los Pirineos, <strong>Canceigt<\/strong>Brousset en la frontera espa\u00f1ola, etc. Para los escaladores experimentados con un buen nivel de destreza con la cuerda para rapelar, el paquete \"envergure\" es ideal, ya que descubrir\u00e1n el legendario <strong>Ca\u00f1\u00f3n de Bitet<\/strong>.<\/p>\n<p style=\"text-align: center;\">Tambi\u00e9n podemos llevarte un fin de semana a la Sierra de Guara, en la parte espa\u00f1ola, ponte en contacto con nosotros.<\/p>\n<p>[et_pb_text][\/et_pb_column][\/et_pb_row][et_pb_row column_structure=\"1_3,1_3,1_3\u2033 _builder_version=\"4.20.4\u2033 _module_preset=\"default \" global_colors_info=\"{} \"][et_pb_column type=\"1_3\u2033 _builder_version=\"4.20.4\u2033 _module_preset=\"default \" global_colors_info=\"{} \"][et_pb_image src= \"https:\/\/www.aventure-chlorophylle.com\/wp-content\/uploads\/2023\/10\/2023-08-21-alex-canyon-soussoueou_14.jpg \" alt= \"Ca\u00f1\u00f3n del Soussou\u00e9ou en el valle de Ossau \" title_text= \"Soussou\u00e9ou cerca de Laruns \" _builder_version=\"4. 20. 4\u2033 _module_preset=\"default \" global_colors_info=\"{}20.4\u2033 _module_preset=\"default \" global_colors_info=\"{} \"][\/et_pb_image][\/et_pb_column][et_pb_column type=\"1_3\u2033 _builder_version=\"4.20.4\u2033 _module_preset=\"default \" global_colors_info=\"{} \"][et_pb_image src= \"https:\/\/www.aventure-chlorophylle.com\/wp-content\/uploads\/2023\/10\/2023-06-24-Candice-canyon-Bious-Soussoueou_155.jpg \" alt=\"Salto en el ca\u00f1\u00f3n de Soussou\u00e9ou cerca de Laruns en el valle de Ossau 64\u2033 title_text=\"salto de barranquismo\" _builder_version=\"4.20.4\u2033 _module_preset=\"default \" global_colors_info=\"{} \"][\/et_pb_image][\/et_pb_column][et_pb_column type=\"1_3\u2033 _builder_version=\"4.20.4\u2033 _module_preset=\"default \" global_colors_info=\"{} \"][et_pb_image src= \"https:\/\/www.aventure-chlorophylle.com\/wp-content\/uploads\/2023\/10\/2023-07-31-PM-alex-canyon-canceigt_56.jpg \" alt= \"Tobog\u00e1n en el ca\u00f1\u00f3n de Canceigt, cerca de Laruns 64\u2033 title_text=\"Tobog\u00e1n ca\u00f1\u00f3n de Canceigt \" _builder_version=\"4.20.4\u2033 _module_preset=\"default \" global_colors_info=\"{} \"][\/et_pb_image][\/et_pb_column][\/et_pb_row][et_pb_row column_structure=\"1_2,1_2\u2033 _builder_version=\"4.20.4\u2033 _module_preset=\"default \" global_colors_info=\"{} \"][et_pb_column type=\"1_2\u2033 _builder_version=\"4.20.4\u2033 _module_preset=\"default \" global_colors_info=\"{} \"][et_pb_text _builder_version=\"4.20.4\u2033 _module_preset=\"default \" global_colors_info=\"{} \"]<\/p>\n<h2 style=\"text-align: center;\">Historia del barranquismo<\/h2>\n<p>&nbsp;<\/p>\n<p style=\"text-align: center;\">\u00a0 En <strong>pescadores atrevidos<\/strong> siempre han explorado<strong> desfiladeros estrechos<\/strong> en todos los continentes habitados, mientras que el <strong>espele\u00f3logos y exploradores<\/strong> (Edouard-Alfred Martel, Armand Jamet y Lucien Briet) fueron los primeros en descubrir<strong> sitios de m\u00e1s dif\u00edcil acceso<\/strong>. Entre los a\u00f1os <strong>1950 y 1980<\/strong>A principios de la d\u00e9cada de 1980 se realizaron los primeros descensos de barrancos, con el descubrimiento de macizos como la Sierra de Guara, en Espa\u00f1a. En la d\u00e9cada de 1980, el barranquismo sali\u00f3 de las sombras para convertirse en un deporte al aire libre cada vez m\u00e1s popular.<\/p>\n<p>[et_pb_text][\/et_pb_column][et_pb_column type=\"1_2\u2033 _builder_version=\"4.20.4\u2033 _module_preset=\"default \" global_colors_info=\"{} \"][et_pb_text _builder_version=\"4.20.4\u2033 _module_preset=\"default \" global_colors_info=\"{} \"]<\/p>\n<h2 style=\"text-align: center;\">La definici\u00f3n de barranquismo:<\/h2>\n<p>&nbsp;<\/p>\n<p style=\"text-align: center;\">\u00a0 Se trata de un <strong>actividad al aire libre<\/strong> que consiste en <strong>ir a<\/strong> un ca\u00f1\u00f3n, desfiladero o r\u00edo utilizando diversas t\u00e9cnicas, entre ellas<strong> caminar<\/strong>el <strong>nataci\u00f3n<\/strong>en <strong>saltar<\/strong>el <strong>diapositiva<\/strong>el <strong>rappel<\/strong> y el<strong>escalada<\/strong>. Esta actividad le permite descubrir impresionantes paisajes naturales mientras se enfrenta a retos f\u00edsicos y mentales. Requiere equipo especializado, como traje de neopreno, casco, arn\u00e9s, cuerdas y calzado especial para caminar por el r\u00edo. <a href=\"https:\/\/www.aventure-chlorophylle.com\/es\/barranquismo-rafting-pirineos-atlantiques\/barranquismo\/\">Barranquismo<\/a> se practica en todo el mundo y es apta para personas de <strong>todos los niveles de experiencia<\/strong>desde los principiantes hasta los m\u00e1s experimentados. Es una actividad ideal para <strong>buscadores de emociones<\/strong> fuerte y <strong>amantes de la naturaleza<\/strong>.<\/p>\n<p>[\/et_pb_text][\/et_pb_column][\/et_pb_row][\/et_pb_section]<\/p>","protected":false},"excerpt":{"rendered":"<p>Barranquismo en Laruns Descubra los ca\u00f1ones del valle de Ossau, en los Pirineos Atl\u00e1nticos (64) En el valle de Ossau, en los Pirineos Atl\u00e1nticos, varios ca\u00f1ones emblem\u00e1ticos le esperan con una cita en Laruns. A s\u00f3lo 1 hora de Pau, 2 horas de Bayona y 3 horas de Toulouse y Burdeos, el cambio de aires est\u00e1 garantizado. Podr\u00e1 descender el magn\u00edfico [...]<\/p>","protected":false},"author":3,"featured_media":0,"parent":0,"menu_order":0,"comment_status":"closed","ping_status":"closed","template":"","meta":{"_acf_changed":false,"_et_pb_use_builder":"on","_et_pb_old_content":"","_et_gb_content_width":"","inline_featured_image":false,"footnotes":""},"class_list":["post-267706","page","type-page","status-publish","hentry"],"acf":[],"yoast_head":"<!-- This site is optimized with the Yoast SEO plugin v26.7 - https:\/\/yoast.com\/wordpress\/plugins\/seo\/ -->\n<title>Canyoning \u00e0 Laruns - Aventure Chlorophylle<\/title>\n<meta name=\"robots\" content=\"index, follow, max-snippet:-1, max-image-preview:large, max-video-preview:-1\" \/>\n<link rel=\"canonical\" href=\"https:\/\/www.aventure-chlorophylle.com\/es\/canyoning-a-laruns\/\" \/>\n<meta property=\"og:locale\" content=\"es_ES\" \/>\n<meta property=\"og:type\" content=\"article\" \/>\n<meta property=\"og:title\" content=\"Canyoning \u00e0 Laruns - Aventure Chlorophylle\" \/>\n<meta property=\"og:description\" content=\"Canyoning \u00e0 Laruns A la d\u00e9couverte des canyons de la vall\u00e9e d&#039;Ossau dans les Pyr\u00e9n\u00e9es Atlantiques (64) &nbsp; &nbsp;En vall\u00e9e d&#039;Ossau, dans les Pyr\u00e9n\u00e9es-Atlantiques, plusieurs canyons embl\u00e9matiques vous attendent avec rdv \u00e0 Laruns. A seulement 1h de Pau, 2h de Bayonne et 3h de Toulouse et Bordeaux, le d\u00e9paysement est garanti. Vous descendrez les magnifiques [&hellip;]\" \/>\n<meta property=\"og:url\" content=\"https:\/\/www.aventure-chlorophylle.com\/es\/canyoning-a-laruns\/\" \/>\n<meta property=\"og:site_name\" content=\"Aventure Chlorophylle\" \/>\n<meta property=\"article:publisher\" content=\"https:\/\/www.facebook.com\/aventurechlorophylle\" \/>\n<meta property=\"article:modified_time\" content=\"2023-10-12T09:39:21+00:00\" \/>\n<meta name=\"twitter:card\" content=\"summary_large_image\" \/>\n<meta name=\"twitter:label1\" content=\"Tiempo de lectura\" \/>\n\t<meta name=\"twitter:data1\" content=\"6 minutos\" \/>\n<script type=\"application\/ld+json\" class=\"yoast-schema-graph\">{\"@context\":\"https:\/\/schema.org\",\"@graph\":[{\"@type\":\"WebPage\",\"@id\":\"https:\/\/www.aventure-chlorophylle.com\/canyoning-a-laruns\/\",\"url\":\"https:\/\/www.aventure-chlorophylle.com\/canyoning-a-laruns\/\",\"name\":\"Canyoning \u00e0 Laruns - Aventure Chlorophylle\",\"isPartOf\":{\"@id\":\"https:\/\/www.aventure-chlorophylle.com\/#website\"},\"datePublished\":\"2023-10-12T09:37:35+00:00\",\"dateModified\":\"2023-10-12T09:39:21+00:00\",\"breadcrumb\":{\"@id\":\"https:\/\/www.aventure-chlorophylle.com\/canyoning-a-laruns\/#breadcrumb\"},\"inLanguage\":\"es\",\"potentialAction\":[{\"@type\":\"ReadAction\",\"target\":[\"https:\/\/www.aventure-chlorophylle.com\/canyoning-a-laruns\/\"]}]},{\"@type\":\"BreadcrumbList\",\"@id\":\"https:\/\/www.aventure-chlorophylle.com\/canyoning-a-laruns\/#breadcrumb\",\"itemListElement\":[{\"@type\":\"ListItem\",\"position\":1,\"name\":\"Accueil\",\"item\":\"https:\/\/www.aventure-chlorophylle.com\/\"},{\"@type\":\"ListItem\",\"position\":2,\"name\":\"Canyoning \u00e0 Laruns\"}]},{\"@type\":\"WebSite\",\"@id\":\"https:\/\/www.aventure-chlorophylle.com\/#website\",\"url\":\"https:\/\/www.aventure-chlorophylle.com\/\",\"name\":\"Aventure Chlorophylle\",\"description\":\"Activit\u00e9s de Canyoning, rafting et sp\u00e9l\u00e9ologie dans les Pyr\u00e9n\u00e9es\",\"publisher\":{\"@id\":\"https:\/\/www.aventure-chlorophylle.com\/#organization\"},\"potentialAction\":[{\"@type\":\"SearchAction\",\"target\":{\"@type\":\"EntryPoint\",\"urlTemplate\":\"https:\/\/www.aventure-chlorophylle.com\/?s={search_term_string}\"},\"query-input\":{\"@type\":\"PropertyValueSpecification\",\"valueRequired\":true,\"valueName\":\"search_term_string\"}}],\"inLanguage\":\"es\"},{\"@type\":\"Organization\",\"@id\":\"https:\/\/www.aventure-chlorophylle.com\/#organization\",\"name\":\"Aventure Chlorophylle\",\"url\":\"https:\/\/www.aventure-chlorophylle.com\/\",\"logo\":{\"@type\":\"ImageObject\",\"inLanguage\":\"es\",\"@id\":\"https:\/\/www.aventure-chlorophylle.com\/#\/schema\/logo\/image\/\",\"url\":\"https:\/\/www.aventure-chlorophylle.com\/wp-content\/uploads\/2021\/04\/logo_aventure_chlorophylle.png\",\"contentUrl\":\"https:\/\/www.aventure-chlorophylle.com\/wp-content\/uploads\/2021\/04\/logo_aventure_chlorophylle.png\",\"width\":356,\"height\":392,\"caption\":\"Aventure Chlorophylle\"},\"image\":{\"@id\":\"https:\/\/www.aventure-chlorophylle.com\/#\/schema\/logo\/image\/\"},\"sameAs\":[\"https:\/\/www.facebook.com\/aventurechlorophylle\",\"https:\/\/www.instagram.com\/aventure_chlorophylle\/\"]}]}<\/script>\n<!-- \/ Yoast SEO plugin. -->","yoast_head_json":{"title":"Barranquismo en Laruns - Aventure Chlorophylle","robots":{"index":"index","follow":"follow","max-snippet":"max-snippet:-1","max-image-preview":"max-image-preview:large","max-video-preview":"max-video-preview:-1"},"canonical":"https:\/\/www.aventure-chlorophylle.com\/es\/canyoning-a-laruns\/","og_locale":"es_ES","og_type":"article","og_title":"Canyoning \u00e0 Laruns - Aventure Chlorophylle","og_description":"Canyoning \u00e0 Laruns A la d\u00e9couverte des canyons de la vall\u00e9e d'Ossau dans les Pyr\u00e9n\u00e9es Atlantiques (64) &nbsp; &nbsp;En vall\u00e9e d'Ossau, dans les Pyr\u00e9n\u00e9es-Atlantiques, plusieurs canyons embl\u00e9matiques vous attendent avec rdv \u00e0 Laruns. A seulement 1h de Pau, 2h de Bayonne et 3h de Toulouse et Bordeaux, le d\u00e9paysement est garanti. Vous descendrez les magnifiques [&hellip;]","og_url":"https:\/\/www.aventure-chlorophylle.com\/es\/canyoning-a-laruns\/","og_site_name":"Aventure Chlorophylle","article_publisher":"https:\/\/www.facebook.com\/aventurechlorophylle","article_modified_time":"2023-10-12T09:39:21+00:00","twitter_card":"summary_large_image","twitter_misc":{"Tiempo de lectura":"6 minutos"},"schema":{"@context":"https:\/\/schema.org","@graph":[{"@type":"WebPage","@id":"https:\/\/www.aventure-chlorophylle.com\/canyoning-a-laruns\/","url":"https:\/\/www.aventure-chlorophylle.com\/canyoning-a-laruns\/","name":"Barranquismo en Laruns - Aventure Chlorophylle","isPartOf":{"@id":"https:\/\/www.aventure-chlorophylle.com\/#website"},"datePublished":"2023-10-12T09:37:35+00:00","dateModified":"2023-10-12T09:39:21+00:00","breadcrumb":{"@id":"https:\/\/www.aventure-chlorophylle.com\/canyoning-a-laruns\/#breadcrumb"},"inLanguage":"es","potentialAction":[{"@type":"ReadAction","target":["https:\/\/www.aventure-chlorophylle.com\/canyoning-a-laruns\/"]}]},{"@type":"BreadcrumbList","@id":"https:\/\/www.aventure-chlorophylle.com\/canyoning-a-laruns\/#breadcrumb","itemListElement":[{"@type":"ListItem","position":1,"name":"Accueil","item":"https:\/\/www.aventure-chlorophylle.com\/"},{"@type":"ListItem","position":2,"name":"Canyoning \u00e0 Laruns"}]},{"@type":"WebSite","@id":"https:\/\/www.aventure-chlorophylle.com\/#website","url":"https:\/\/www.aventure-chlorophylle.com\/","name":"Aventura clorof\u00edlica","description":"Barranquismo, rafting y espeleolog\u00eda en los Pirineos","publisher":{"@id":"https:\/\/www.aventure-chlorophylle.com\/#organization"},"potentialAction":[{"@type":"SearchAction","target":{"@type":"EntryPoint","urlTemplate":"https:\/\/www.aventure-chlorophylle.com\/?s={search_term_string}"},"query-input":{"@type":"PropertyValueSpecification","valueRequired":true,"valueName":"search_term_string"}}],"inLanguage":"es"},{"@type":"Organization","@id":"https:\/\/www.aventure-chlorophylle.com\/#organization","name":"Aventura clorof\u00edlica","url":"https:\/\/www.aventure-chlorophylle.com\/","logo":{"@type":"ImageObject","inLanguage":"es","@id":"https:\/\/www.aventure-chlorophylle.com\/#\/schema\/logo\/image\/","url":"https:\/\/www.aventure-chlorophylle.com\/wp-content\/uploads\/2021\/04\/logo_aventure_chlorophylle.png","contentUrl":"https:\/\/www.aventure-chlorophylle.com\/wp-content\/uploads\/2021\/04\/logo_aventure_chlorophylle.png","width":356,"height":392,"caption":"Aventure Chlorophylle"},"image":{"@id":"https:\/\/www.aventure-chlorophylle.com\/#\/schema\/logo\/image\/"},"sameAs":["https:\/\/www.facebook.com\/aventurechlorophylle","https:\/\/www.instagram.com\/aventure_chlorophylle\/"]}]}},"_links":{"self":[{"href":"https:\/\/www.aventure-chlorophylle.com\/es\/wp-json\/wp\/v2\/pages\/267706","targetHints":{"allow":["GET"]}}],"collection":[{"href":"https:\/\/www.aventure-chlorophylle.com\/es\/wp-json\/wp\/v2\/pages"}],"about":[{"href":"https:\/\/www.aventure-chlorophylle.com\/es\/wp-json\/wp\/v2\/types\/page"}],"author":[{"embeddable":true,"href":"https:\/\/www.aventure-chlorophylle.com\/es\/wp-json\/wp\/v2\/users\/3"}],"replies":[{"embeddable":true,"href":"https:\/\/www.aventure-chlorophylle.com\/es\/wp-json\/wp\/v2\/comments?post=267706"}],"version-history":[{"count":50,"href":"https:\/\/www.aventure-chlorophylle.com\/es\/wp-json\/wp\/v2\/pages\/267706\/revisions"}],"predecessor-version":[{"id":268246,"href":"https:\/\/www.aventure-chlorophylle.com\/es\/wp-json\/wp\/v2\/pages\/267706\/revisions\/268246"}],"wp:attachment":[{"href":"https:\/\/www.aventure-chlorophylle.com\/es\/wp-json\/wp\/v2\/media?parent=267706"}],"curies":[{"name":"wp","href":"https:\/\/api.w.org\/{rel}","templated":true}]}}