{"id":267952,"date":"2023-06-22T14:06:22","date_gmt":"2023-06-22T12:06:22","guid":{"rendered":"https:\/\/www.aventure-chlorophylle.com\/?page_id=267952"},"modified":"2026-03-09T15:23:57","modified_gmt":"2026-03-09T14:23:57","slug":"nos-brochures","status":"publish","type":"page","link":"https:\/\/www.aventure-chlorophylle.com\/es\/nos-brochures\/","title":{"rendered":"Nuestros folletos"},"content":{"rendered":"<p>[et_pb_section fb_built=\u00a0\u00bb1&Prime; _builder_version=\u00a0\u00bb4.20.4&Prime; _module_preset=\u00a0\u00bbdefault\u00a0\u00bb global_colors_info=\u00a0\u00bb{}\u00a0\u00bb][et_pb_row _builder_version=\u00a0\u00bb4.20.4&Prime; _module_preset=\u00a0\u00bbdefault\u00a0\u00bb global_colors_info=\u00a0\u00bb{}\u00a0\u00bb][et_pb_column type=\u00a0\u00bb4_4&Prime; _builder_version=\u00a0\u00bb4.20.4&Prime; _module_preset=\u00a0\u00bbdefault\u00a0\u00bb global_colors_info=\u00a0\u00bb{}\u00a0\u00bb][et_pb_text _builder_version=\u00a0\u00bb4.23.1&Prime; _module_preset=\u00a0\u00bbdefault\u00a0\u00bb global_colors_info=\u00a0\u00bb{}\u00a0\u00bb]<\/p>\n<h1 style=\"text-align: center;\">Nuestros folletos<\/h1>\n<p>&nbsp;<\/p>\n<h2 style=\"text-align: center;\">Puede consultar nuestros cat\u00e1logos de actividades<\/h2>\n<p>[\/et_pb_text][\/et_pb_column][\/et_pb_row][et_pb_row column_structure=\u00a0\u00bb1_2,1_2&Prime; _builder_version=\u00a0\u00bb4.20.4&Prime; _module_preset=\u00a0\u00bbdefault\u00a0\u00bb global_colors_info=\u00a0\u00bb{}\u00a0\u00bb][et_pb_column type=\u00a0\u00bb1_2&Prime; _builder_version=\u00a0\u00bb4.20.4&Prime; _module_preset=\u00a0\u00bbdefault\u00a0\u00bb global_colors_info=\u00a0\u00bb{}\u00a0\u00bb][et_pb_text admin_label=\u00a0\u00bbCatalogue collectivit\u00e9s\u00a0\u00bb _builder_version=\u00a0\u00bb4.20.4&Prime; _module_preset=\u00a0\u00bbdefault\u00a0\u00bb custom_margin=\u00a0\u00bb60px||||false|false\u00a0\u00bb global_colors_info=\u00a0\u00bb{}\u00a0\u00bb]<\/p>\n<h2 style=\"text-align: center;\">Cat\u00e1logo de actividades comunitarias para j\u00f3venes de 7 a 17 a\u00f1os<\/h2>\n<p>&nbsp;<\/p>\n<p style=\"text-align: center;\">En este cat\u00e1logo puedes encontrar todas nuestras actividades para j\u00f3venes en comunidades, ya sea en <strong>centro de ocio (ALSH)<\/strong>, <strong>centro social<\/strong>, <strong>escuelas primarias<\/strong>, <strong>escuelas secundarias<\/strong>, <strong>centro juvenil<\/strong>,<strong>comunidades de municipios, ...<\/strong><\/p>\n<p style=\"text-align: center;\">Las actividades est\u00e1n dirigidas a <strong>j\u00f3venes a partir de 7 a\u00f1os<\/strong>. Ya sea en el agua, bajo tierra o escalando, hay algo para todos. \u00bfTiene una <strong>proyecto educativo<\/strong> o <strong>educativo<\/strong>No dude en dec\u00edrnoslo.<\/p>\n<p>[\/et_pb_text][dnxte_button button_text=\u00a0\u00bbConsulter\u00a0\u00bb button_link=\u00a0\u00bbhttps:\/\/www.aventure-chlorophylle.com\/wp-content\/uploads\/2024\/03\/Catalogues-jeunes-2024-imprimable.pdf\u00a0\u00bb dnxt_button_alignment=\u00a0\u00bbcenter\u00a0\u00bb _builder_version=\u00a0\u00bb4.23.1&Prime; _module_preset=\u00a0\u00bbdefault\u00a0\u00bb global_colors_info=\u00a0\u00bb{}\u00a0\u00bb][\/dnxte_button][\/et_pb_column][et_pb_column type=\u00a0\u00bb1_2&Prime; _builder_version=\u00a0\u00bb4.20.4&Prime; _module_preset=\u00a0\u00bbdefault\u00a0\u00bb global_colors_info=\u00a0\u00bb{}\u00a0\u00bb][et_pb_image src=\u00a0\u00bbhttps:\/\/www.aventure-chlorophylle.com\/wp-content\/uploads\/2023\/06\/couverture-catalogue-collectivites.jpg\u00a0\u00bb alt=\u00a0\u00bbCatalogue d&rsquo;activit\u00e9s pour les jeunes de 7 \u00e0 17 ans en collectivit\u00e9s\u00a0\u00bb title_text=\u00a0\u00bb catalogue activit\u00e9s collectivit\u00e9s\u00a0\u00bb _builder_version=\u00a0\u00bb4.20.4&Prime; _module_preset=\u00a0\u00bbdefault\u00a0\u00bb custom_margin=\u00a0\u00bb60px||1rem||false|false\u00a0\u00bb global_colors_info=\u00a0\u00bb{}\u00a0\u00bb][\/et_pb_image][\/et_pb_column][\/et_pb_row][et_pb_row column_structure=\u00a0\u00bb1_2,1_2&Prime; _builder_version=\u00a0\u00bb4.20.4&Prime; _module_preset=\u00a0\u00bbdefault\u00a0\u00bb global_colors_info=\u00a0\u00bb{}\u00a0\u00bb][et_pb_column type=\u00a0\u00bb1_2&Prime; _builder_version=\u00a0\u00bb4.20.4&Prime; _module_preset=\u00a0\u00bbdefault\u00a0\u00bb global_colors_info=\u00a0\u00bb{}\u00a0\u00bb][et_pb_text admin_label=\u00a0\u00bbcatalogue particuliers\u00a0\u00bb _builder_version=\u00a0\u00bb4.20.4&Prime; _module_preset=\u00a0\u00bbdefault\u00a0\u00bb global_colors_info=\u00a0\u00bb{}\u00a0\u00bb]<\/p>\n<h2 style=\"text-align: center;\">Cat\u00e1logo de actividades para particulares<\/h2>\n<p>&nbsp;<\/p>\n<p style=\"text-align: center;\">Todas nuestras actividades de monta\u00f1a y de aguas bravas est\u00e1n reunidas en este cat\u00e1logo. Descenso de barrancos en el valle de Ossau en los Pirineos, rafting a 30 minutos de Pau, exploraci\u00f3n subterr\u00e1nea de cuevas con espeleolog\u00eda, jugar con la verticalidad en la v\u00eda ferrata de Siala, la v\u00eda cordata de Hourat o en la escalada de acantilados de Arudy o pedalear por senderos de monta\u00f1a en bicicletas de monta\u00f1a de descenso o bicicletas de monta\u00f1a el\u00e9ctricas.<\/p>\n<p style=\"text-align: center;\">Tenemos actividades para todos los niveles y todos los gustos. Un n\u00famero de tel\u00e9fono para <a href=\"https:\/\/www.aventure-chlorophylle.com\/es\/contacto-y-reservas\/\" target=\"_blank\" rel=\"noopener\">reserva tus actividades de sensaciones<\/a> durante su estancia en el valle de Ossau, en los Pirineos Atl\u00e1nticos.<\/p>\n<p>[\/et_pb_text][dnxte_button button_text=\u00a0\u00bbConsulter\u00a0\u00bb button_link=\u00a0\u00bbhttps:\/\/www.aventure-chlorophylle.com\/wp-content\/uploads\/2026\/03\/Catalogue-particuliers-2026.pdf\u00a0\u00bb dnxt_button_alignment=\u00a0\u00bbcenter\u00a0\u00bb _builder_version=\u00a0\u00bb4.27.4&Prime; _module_preset=\u00a0\u00bbdefault\u00a0\u00bb hover_enabled=\u00a0\u00bb0&Prime; global_colors_info=\u00a0\u00bb{}\u00a0\u00bb sticky_enabled=\u00a0\u00bb0&Prime;][\/dnxte_button][\/et_pb_column][et_pb_column type=\u00a0\u00bb1_2&Prime; _builder_version=\u00a0\u00bb4.20.4&Prime; _module_preset=\u00a0\u00bbdefault\u00a0\u00bb global_colors_info=\u00a0\u00bb{}\u00a0\u00bb][et_pb_image src=\u00a0\u00bbhttps:\/\/www.aventure-chlorophylle.com\/wp-content\/uploads\/2023\/06\/Catalogue-activites-particuliers-couverture.jpg\u00a0\u00bb alt=\u00a0\u00bbCatalogue d&rsquo;activit\u00e9s pour les familles, amis EVG\/EVJF, solo\u00a0\u00bb title_text=\u00a0\u00bbCatalogue activit\u00e9s particuliers \u00a0\u00bb _builder_version=\u00a0\u00bb4.20.4&Prime; _module_preset=\u00a0\u00bbdefault\u00a0\u00bb global_colors_info=\u00a0\u00bb{}\u00a0\u00bb][\/et_pb_image][\/et_pb_column][\/et_pb_row][\/et_pb_section]<\/p>","protected":false},"excerpt":{"rendered":"<p>Nos brochures &nbsp; Vous pouvez consulter nos catalogues d&rsquo;activit\u00e9sCatalogue activit\u00e9s pour les jeunes de 7 \u00e0 17 ans en collectivit\u00e9s &nbsp; Dans ce catalogue vous pouvez retrouver toutes nos activit\u00e9s pour les jeunes en collectivit\u00e9s que ce soit en accueil de loisirs (ALSH), centre social, \u00e9coles primaires, coll\u00e8ges et lyc\u00e9es, point jeunes,communaut\u00e9s de communes, &#8230; [&hellip;]<\/p>","protected":false},"author":3,"featured_media":0,"parent":0,"menu_order":0,"comment_status":"closed","ping_status":"closed","template":"","meta":{"_acf_changed":false,"_et_pb_use_builder":"on","_et_pb_old_content":"","_et_gb_content_width":"","inline_featured_image":false,"footnotes":""},"class_list":["post-267952","page","type-page","status-publish","hentry"],"acf":[],"yoast_head":"<!-- This site is optimized with the Yoast SEO plugin v26.7 - https:\/\/yoast.com\/wordpress\/plugins\/seo\/ -->\n<title>Nos brochures - Aventure Chlorophylle<\/title>\n<meta name=\"robots\" content=\"index, follow, max-snippet:-1, max-image-preview:large, max-video-preview:-1\" \/>\n<link rel=\"canonical\" href=\"https:\/\/www.aventure-chlorophylle.com\/es\/nos-brochures\/\" \/>\n<meta property=\"og:locale\" content=\"es_ES\" \/>\n<meta property=\"og:type\" content=\"article\" \/>\n<meta property=\"og:title\" content=\"Nos brochures - Aventure Chlorophylle\" \/>\n<meta property=\"og:description\" content=\"Nos brochures &nbsp; Vous pouvez consulter nos catalogues d&#039;activit\u00e9sCatalogue activit\u00e9s pour les jeunes de 7 \u00e0 17 ans en collectivit\u00e9s &nbsp; Dans ce catalogue vous pouvez retrouver toutes nos activit\u00e9s pour les jeunes en collectivit\u00e9s que ce soit en accueil de loisirs (ALSH), centre social, \u00e9coles primaires, coll\u00e8ges et lyc\u00e9es, point jeunes,communaut\u00e9s de communes, ... [&hellip;]\" \/>\n<meta property=\"og:url\" content=\"https:\/\/www.aventure-chlorophylle.com\/es\/nos-brochures\/\" \/>\n<meta property=\"og:site_name\" content=\"Aventure Chlorophylle\" \/>\n<meta property=\"article:publisher\" content=\"https:\/\/www.facebook.com\/aventurechlorophylle\" \/>\n<meta property=\"article:modified_time\" content=\"2026-03-09T14:23:57+00:00\" \/>\n<meta name=\"twitter:card\" content=\"summary_large_image\" \/>\n<meta name=\"twitter:label1\" content=\"Tiempo de lectura\" \/>\n\t<meta name=\"twitter:data1\" content=\"3 minutos\" \/>\n<script type=\"application\/ld+json\" class=\"yoast-schema-graph\">{\"@context\":\"https:\/\/schema.org\",\"@graph\":[{\"@type\":\"WebPage\",\"@id\":\"https:\/\/www.aventure-chlorophylle.com\/nos-brochures\/\",\"url\":\"https:\/\/www.aventure-chlorophylle.com\/nos-brochures\/\",\"name\":\"Nos brochures - Aventure Chlorophylle\",\"isPartOf\":{\"@id\":\"https:\/\/www.aventure-chlorophylle.com\/#website\"},\"datePublished\":\"2023-06-22T12:06:22+00:00\",\"dateModified\":\"2026-03-09T14:23:57+00:00\",\"breadcrumb\":{\"@id\":\"https:\/\/www.aventure-chlorophylle.com\/nos-brochures\/#breadcrumb\"},\"inLanguage\":\"es\",\"potentialAction\":[{\"@type\":\"ReadAction\",\"target\":[\"https:\/\/www.aventure-chlorophylle.com\/nos-brochures\/\"]}]},{\"@type\":\"BreadcrumbList\",\"@id\":\"https:\/\/www.aventure-chlorophylle.com\/nos-brochures\/#breadcrumb\",\"itemListElement\":[{\"@type\":\"ListItem\",\"position\":1,\"name\":\"Accueil\",\"item\":\"https:\/\/www.aventure-chlorophylle.com\/\"},{\"@type\":\"ListItem\",\"position\":2,\"name\":\"Nos brochures\"}]},{\"@type\":\"WebSite\",\"@id\":\"https:\/\/www.aventure-chlorophylle.com\/#website\",\"url\":\"https:\/\/www.aventure-chlorophylle.com\/\",\"name\":\"Aventure Chlorophylle\",\"description\":\"Activit\u00e9s de Canyoning, rafting et sp\u00e9l\u00e9ologie dans les Pyr\u00e9n\u00e9es\",\"publisher\":{\"@id\":\"https:\/\/www.aventure-chlorophylle.com\/#organization\"},\"potentialAction\":[{\"@type\":\"SearchAction\",\"target\":{\"@type\":\"EntryPoint\",\"urlTemplate\":\"https:\/\/www.aventure-chlorophylle.com\/?s={search_term_string}\"},\"query-input\":{\"@type\":\"PropertyValueSpecification\",\"valueRequired\":true,\"valueName\":\"search_term_string\"}}],\"inLanguage\":\"es\"},{\"@type\":\"Organization\",\"@id\":\"https:\/\/www.aventure-chlorophylle.com\/#organization\",\"name\":\"Aventure Chlorophylle\",\"url\":\"https:\/\/www.aventure-chlorophylle.com\/\",\"logo\":{\"@type\":\"ImageObject\",\"inLanguage\":\"es\",\"@id\":\"https:\/\/www.aventure-chlorophylle.com\/#\/schema\/logo\/image\/\",\"url\":\"https:\/\/www.aventure-chlorophylle.com\/wp-content\/uploads\/2021\/04\/logo_aventure_chlorophylle.png\",\"contentUrl\":\"https:\/\/www.aventure-chlorophylle.com\/wp-content\/uploads\/2021\/04\/logo_aventure_chlorophylle.png\",\"width\":356,\"height\":392,\"caption\":\"Aventure Chlorophylle\"},\"image\":{\"@id\":\"https:\/\/www.aventure-chlorophylle.com\/#\/schema\/logo\/image\/\"},\"sameAs\":[\"https:\/\/www.facebook.com\/aventurechlorophylle\",\"https:\/\/www.instagram.com\/aventure_chlorophylle\/\"]}]}<\/script>\n<!-- \/ Yoast SEO plugin. -->","yoast_head_json":{"title":"Nuestros folletos - Aventure Chlorophylle","robots":{"index":"index","follow":"follow","max-snippet":"max-snippet:-1","max-image-preview":"max-image-preview:large","max-video-preview":"max-video-preview:-1"},"canonical":"https:\/\/www.aventure-chlorophylle.com\/es\/nos-brochures\/","og_locale":"es_ES","og_type":"article","og_title":"Nos brochures - Aventure Chlorophylle","og_description":"Nos brochures &nbsp; Vous pouvez consulter nos catalogues d'activit\u00e9sCatalogue activit\u00e9s pour les jeunes de 7 \u00e0 17 ans en collectivit\u00e9s &nbsp; Dans ce catalogue vous pouvez retrouver toutes nos activit\u00e9s pour les jeunes en collectivit\u00e9s que ce soit en accueil de loisirs (ALSH), centre social, \u00e9coles primaires, coll\u00e8ges et lyc\u00e9es, point jeunes,communaut\u00e9s de communes, ... [&hellip;]","og_url":"https:\/\/www.aventure-chlorophylle.com\/es\/nos-brochures\/","og_site_name":"Aventure Chlorophylle","article_publisher":"https:\/\/www.facebook.com\/aventurechlorophylle","article_modified_time":"2026-03-09T14:23:57+00:00","twitter_card":"summary_large_image","twitter_misc":{"Tiempo de lectura":"3 minutos"},"schema":{"@context":"https:\/\/schema.org","@graph":[{"@type":"WebPage","@id":"https:\/\/www.aventure-chlorophylle.com\/nos-brochures\/","url":"https:\/\/www.aventure-chlorophylle.com\/nos-brochures\/","name":"Nuestros folletos - Aventure Chlorophylle","isPartOf":{"@id":"https:\/\/www.aventure-chlorophylle.com\/#website"},"datePublished":"2023-06-22T12:06:22+00:00","dateModified":"2026-03-09T14:23:57+00:00","breadcrumb":{"@id":"https:\/\/www.aventure-chlorophylle.com\/nos-brochures\/#breadcrumb"},"inLanguage":"es","potentialAction":[{"@type":"ReadAction","target":["https:\/\/www.aventure-chlorophylle.com\/nos-brochures\/"]}]},{"@type":"BreadcrumbList","@id":"https:\/\/www.aventure-chlorophylle.com\/nos-brochures\/#breadcrumb","itemListElement":[{"@type":"ListItem","position":1,"name":"Accueil","item":"https:\/\/www.aventure-chlorophylle.com\/"},{"@type":"ListItem","position":2,"name":"Nos brochures"}]},{"@type":"WebSite","@id":"https:\/\/www.aventure-chlorophylle.com\/#website","url":"https:\/\/www.aventure-chlorophylle.com\/","name":"Aventura clorof\u00edlica","description":"Barranquismo, rafting y espeleolog\u00eda en los Pirineos","publisher":{"@id":"https:\/\/www.aventure-chlorophylle.com\/#organization"},"potentialAction":[{"@type":"SearchAction","target":{"@type":"EntryPoint","urlTemplate":"https:\/\/www.aventure-chlorophylle.com\/?s={search_term_string}"},"query-input":{"@type":"PropertyValueSpecification","valueRequired":true,"valueName":"search_term_string"}}],"inLanguage":"es"},{"@type":"Organization","@id":"https:\/\/www.aventure-chlorophylle.com\/#organization","name":"Aventura clorof\u00edlica","url":"https:\/\/www.aventure-chlorophylle.com\/","logo":{"@type":"ImageObject","inLanguage":"es","@id":"https:\/\/www.aventure-chlorophylle.com\/#\/schema\/logo\/image\/","url":"https:\/\/www.aventure-chlorophylle.com\/wp-content\/uploads\/2021\/04\/logo_aventure_chlorophylle.png","contentUrl":"https:\/\/www.aventure-chlorophylle.com\/wp-content\/uploads\/2021\/04\/logo_aventure_chlorophylle.png","width":356,"height":392,"caption":"Aventure Chlorophylle"},"image":{"@id":"https:\/\/www.aventure-chlorophylle.com\/#\/schema\/logo\/image\/"},"sameAs":["https:\/\/www.facebook.com\/aventurechlorophylle","https:\/\/www.instagram.com\/aventure_chlorophylle\/"]}]}},"_links":{"self":[{"href":"https:\/\/www.aventure-chlorophylle.com\/es\/wp-json\/wp\/v2\/pages\/267952","targetHints":{"allow":["GET"]}}],"collection":[{"href":"https:\/\/www.aventure-chlorophylle.com\/es\/wp-json\/wp\/v2\/pages"}],"about":[{"href":"https:\/\/www.aventure-chlorophylle.com\/es\/wp-json\/wp\/v2\/types\/page"}],"author":[{"embeddable":true,"href":"https:\/\/www.aventure-chlorophylle.com\/es\/wp-json\/wp\/v2\/users\/3"}],"replies":[{"embeddable":true,"href":"https:\/\/www.aventure-chlorophylle.com\/es\/wp-json\/wp\/v2\/comments?post=267952"}],"version-history":[{"count":26,"href":"https:\/\/www.aventure-chlorophylle.com\/es\/wp-json\/wp\/v2\/pages\/267952\/revisions"}],"predecessor-version":[{"id":269894,"href":"https:\/\/www.aventure-chlorophylle.com\/es\/wp-json\/wp\/v2\/pages\/267952\/revisions\/269894"}],"wp:attachment":[{"href":"https:\/\/www.aventure-chlorophylle.com\/es\/wp-json\/wp\/v2\/media?parent=267952"}],"curies":[{"name":"wp","href":"https:\/\/api.w.org\/{rel}","templated":true}]}}