{"id":269337,"date":"2025-05-12T17:27:04","date_gmt":"2025-05-12T15:27:04","guid":{"rendered":"https:\/\/www.aventure-chlorophylle.com\/?page_id=269337"},"modified":"2025-05-23T10:33:58","modified_gmt":"2025-05-23T08:33:58","slug":"canyoning-autour-de-moi","status":"publish","type":"page","link":"https:\/\/www.aventure-chlorophylle.com\/es\/canyoning-autour-de-moi\/","title":{"rendered":"barranquismo a mi alrededor"},"content":{"rendered":"<p>[et_pb_section fb_built=\u00a0\u00bb1&Prime; admin_label=\u00a0\u00bbsection\u00a0\u00bb _builder_version=\u00a0\u00bb4.16&Prime; global_colors_info=\u00a0\u00bb{}\u00a0\u00bb][et_pb_row admin_label=\u00a0\u00bbrow\u00a0\u00bb _builder_version=\u00a0\u00bb4.16&Prime; background_size=\u00a0\u00bbinitial\u00a0\u00bb background_position=\u00a0\u00bbtop_left\u00a0\u00bb background_repeat=\u00a0\u00bbrepeat\u00a0\u00bb global_colors_info=\u00a0\u00bb{}\u00a0\u00bb][et_pb_column type=\u00a0\u00bb4_4&Prime; _builder_version=\u00a0\u00bb4.16&Prime; custom_padding=\u00a0\u00bb|||\u00a0\u00bb global_colors_info=\u00a0\u00bb{}\u00a0\u00bb custom_padding__hover=\u00a0\u00bb|||\u00a0\u00bb][et_pb_text _builder_version=\u00a0\u00bb4.23.1&Prime; _module_preset=\u00a0\u00bbdefault\u00a0\u00bb global_colors_info=\u00a0\u00bb{}\u00a0\u00bb]<\/p>\n<h1 style=\"text-align: center;\">Barranquismo a mi alrededor<\/h1>\n<h2 style=\"text-align: center;\">A 45 minutos de Pau<br \/>A 30 minutos de Oloron Sainte Marie<br \/>A 1h30 de Dax<br \/>A 2h30 de Burdeos<br \/>A 3 horas de Toulouse<\/h2>\n<h2 style=\"text-align: center;\">Re\u00fanase con nosotros en Laruns, en el valle de Ossau, en los Pirineos Atl\u00e1nticos, para realizar cursos de barranquismo en la f\u00f3rmula descubrimiento o sensaciones.<\/h2>\n<p>[\/et_pb_text][\/et_pb_column][\/et_pb_row][et_pb_row _builder_version=\u00a0\u00bb4.23.1&Prime; _module_preset=\u00a0\u00bbdefault\u00a0\u00bb global_colors_info=\u00a0\u00bb{}\u00a0\u00bb][et_pb_column type=\u00a0\u00bb4_4&Prime; _builder_version=\u00a0\u00bb4.23.1&Prime; _module_preset=\u00a0\u00bbdefault\u00a0\u00bb global_colors_info=\u00a0\u00bb{}\u00a0\u00bb][et_pb_text _builder_version=\u00a0\u00bb4.23.1&Prime; _module_preset=\u00a0\u00bbdefault\u00a0\u00bb hover_enabled=\u00a0\u00bb0&Prime; global_colors_info=\u00a0\u00bb{}\u00a0\u00bb sticky_enabled=\u00a0\u00bb0&Prime;]<\/p>\n<h1 style=\"text-align: center;\">\u00a0<\/h1>\n<h3 style=\"text-align: center;\">Descubra la experiencia \u00fanica del barranquismo en el valle de Ossau<\/h3>\n<p style=\"text-align: center;\">El valle de Ossau, enclavado en el coraz\u00f3n de los Pirineos, ofrece una excepcional diversidad de ca\u00f1ones, lo que convierte a Laruns en una visita obligada para todos los aficionados al barranquismo. <strong>barranquismo<\/strong>. Ya sea en familia o con amigos, un deportista experimentado o un principiante, el <strong>ca\u00f1ones alrededor de Laruns<\/strong> oferta <strong>rutas para todos los niveles<\/strong>.<\/p>\n<p>[\/et_pb_text][\/et_pb_column][\/et_pb_row][et_pb_row column_structure=\u00a0\u00bb1_2,1_2&Prime; _builder_version=\u00a0\u00bb4.23.1&Prime; _module_preset=\u00a0\u00bbdefault\u00a0\u00bb global_colors_info=\u00a0\u00bb{}\u00a0\u00bb][et_pb_column type=\u00a0\u00bb1_2&Prime; _builder_version=\u00a0\u00bb4.23.1&Prime; _module_preset=\u00a0\u00bbdefault\u00a0\u00bb global_colors_info=\u00a0\u00bb{}\u00a0\u00bb][et_pb_text _builder_version=\u00a0\u00bb4.23.1&Prime; _module_preset=\u00a0\u00bbdefault\u00a0\u00bb global_colors_info=\u00a0\u00bb{}\u00a0\u00bb]<\/p>\n<h3>Una completa actividad acu\u00e1tica de monta\u00f1a<\/h3>\n<p>En <strong>barranquismo<\/strong> representa el<strong>actividad acu\u00e1tica de monta\u00f1a<\/strong> por excelencia. Esta aventura le llevar\u00e1 r\u00edo abajo sorteando diversos obst\u00e1culos naturales y utilizando una gran variedad de t\u00e9cnicas. Durante su <strong>jornada de barranquismo<\/strong>experimentar\u00e1s <strong>experiencia<\/strong> una combinaci\u00f3n inolvidable:<\/p>\n<ul>\n<li>En <strong>rappel<\/strong> a veces regado por <strong>cascadas<\/strong> impresionante, como en el <strong>gargantas del ca\u00f1\u00f3n del Canceigt<\/strong><\/li>\n<li>En <strong>salta<\/strong> m\u00e1s o menos t\u00e9cnica en funci\u00f3n del nivel de <strong>ruta<\/strong><\/li>\n<li>En <strong>toboganes naturales<\/strong> que le dar\u00e1 <strong>sensaciones<\/strong> fuerte<\/li>\n<li>Rutas de senderismo <strong>nataci\u00f3n<\/strong> en el<strong>agua<\/strong> fresco y cristalino<\/li>\n<\/ul>\n<h3>Una amplia gama de ca\u00f1ones para todos los perfiles<\/h3>\n<p>La riqueza de <strong>ca\u00f1ones<\/strong> en la regi\u00f3n de Laruns puede ayudar a todos a encontrar el <strong>descenso de barrancos<\/strong> que le corresponde:<\/p>\n<ol>\n<li><strong>Ca\u00f1\u00f3n del Canceigt<\/strong>: Con su <strong>desfiladeros estrechos<\/strong>Este ca\u00f1\u00f3n ofrece <strong>recordatorios<\/strong> pasajes acu\u00e1ticos t\u00e9cnicos y desafiantes, ideales para <strong>deportistas<\/strong> intermediarios.<\/li>\n<li><strong>Ca\u00f1\u00f3n de Bious<\/strong>Inmerso en un <strong>naturaleza<\/strong> este ca\u00f1\u00f3n ofrece una inolvidable <strong>descubrimiento<\/strong> m\u00e1s accesible, perfecto para familias y principiantes que buscan una introducci\u00f3n suave.<\/li>\n<li><strong>Ca\u00f1\u00f3n de Soussou\u00e9ou<\/strong>: Muy <strong>acu\u00e1tico<\/strong>Este ca\u00f1\u00f3n combina <strong>cascadas<\/strong>, <strong>diapositivas<\/strong> y <strong>salta<\/strong> para un <strong>aventura<\/strong> en un entorno natural excepcional.<\/li>\n<\/ol>\n<h3>Seguridad garantizada por profesionales<\/h3>\n<p>En <strong>seguridad<\/strong> es esencial para la pr\u00e1ctica de <strong>barranquismo<\/strong>. Para cada <strong>salida<\/strong>le acompa\u00f1ar\u00e1 un <strong>gu\u00eda<\/strong> o <strong>instructor certificado por el estado<\/strong> que te abastecer\u00e1:<\/p>\n<ul>\n<li>Una gama completa de equipos adaptados<\/li>\n<li>Asesoramiento t\u00e9cnico personalizado<\/li>\n<li>Vigilancia constante durante el<strong>actividad<\/strong><\/li>\n<li>Conocimiento profundo de <strong>macizo<\/strong> Los Pirineos y sus caracter\u00edsticas espec\u00edficas<\/li>\n<\/ul>\n<p>&nbsp;<\/p>\n<p>[\/et_pb_text][\/et_pb_column][et_pb_column type=\u00a0\u00bb1_2&Prime; _builder_version=\u00a0\u00bb4.23.1&Prime; _module_preset=\u00a0\u00bbdefault\u00a0\u00bb global_colors_info=\u00a0\u00bb{}\u00a0\u00bb][et_pb_text _builder_version=\u00a0\u00bb4.23.1&Prime; _module_preset=\u00a0\u00bbdefault\u00a0\u00bb global_colors_info=\u00a0\u00bb{}\u00a0\u00bb]<\/p>\n<h3>Una actividad accesible a todos<\/h3>\n<p>En <strong>descenso de barrancos en los alrededores de Laruns<\/strong> se dirige a p\u00fablicos diferentes:<\/p>\n<ul>\n<li><strong>Familias<\/strong> con ni\u00f1os (a partir de 10 a\u00f1os) en el <strong>ruta<\/strong> de <strong>descubrimiento<\/strong><\/li>\n<li>Grupos de<strong>amigos<\/strong> en busca de un <strong>actividad<\/strong> divertido y refrescante<\/li>\n<li><strong>Deportes<\/strong> en busca de emociones y desaf\u00edos t\u00e9cnicos<\/li>\n<li>Principiantes que deseen aprender <strong>actividades<\/strong> de pleno <strong>naturaleza<\/strong> en <strong>monta\u00f1a<\/strong><\/li>\n<\/ul>\n<h3>Las ventajas del barranquismo en los Pirineos<\/h3>\n<p>La pr\u00e1ctica de <strong>barranquismo<\/strong> en el <strong>valle<\/strong> d'Ossau:<\/p>\n<ul>\n<li>Inmersi\u00f3n total en el <strong>naturaleza<\/strong> protegido de <strong>Pirineos<\/strong><\/li>\n<li>Excepcionales vistas de las cumbres circundantes<\/li>\n<li>Agua pura y refrescante para combatir el calor del verano<\/li>\n<li>A <strong>aventura<\/strong> accesible sin experiencia previa en <strong>escalada<\/strong> o en <strong>senderismo<\/strong><\/li>\n<\/ul>\n<h3>Testimonios y opiniones<\/h3>\n<p>En <strong>opini\u00f3n<\/strong> de nuestros participantes dan fe de la calidad de <strong>descenso de ca\u00f1ones<\/strong> en la regi\u00f3n de Laruns. La satisfacci\u00f3n es alta, tanto para <strong>experiencias<\/strong> de <strong>descubrimiento<\/strong> que para <strong>ruta<\/strong> reservado para <strong>deportistas<\/strong> experimentado.<\/p>\n<h3>Barranquismo en Laruns: una experiencia que no debe perderse<\/h3>\n<p>Tanto si busca <strong>actividad<\/strong> una familia original <strong>salida<\/strong> entre <strong>amigos<\/strong> o un <strong>aventura<\/strong> rica en <strong>sensaciones<\/strong>en <strong>barranquismo<\/strong> en Laruns colmar\u00e1n sus expectativas. La diversidad de <strong>ca\u00f1ones<\/strong> y <strong>ruta<\/strong> disponible hace que este <strong>ubicaci\u00f3n<\/strong> imprescindible para los fans de<strong>actividades<\/strong> de pleno <strong>naturaleza<\/strong> en el <strong>Pirineos<\/strong>.<\/p>\n<p>No espere m\u00e1s para reservar su <strong>jornada de barranquismo<\/strong> y experiencia <strong>experiencia<\/strong> inolvidable en el <strong>ca\u00f1ones<\/strong> de la <strong>valle<\/strong> d'Ossau. Nuestro <strong>gu\u00edas<\/strong> personal cualificado estar\u00e1 a su disposici\u00f3n para ayudarle <strong>descenso<\/strong> en cualquier <strong>seguridad<\/strong> a trav\u00e9s de <strong>recordatorios<\/strong>, <strong>diapositivas<\/strong> y <strong>salta<\/strong> en un entorno natural excepcional.<\/p>\n<p>Para m\u00e1s informaci\u00f3n o para reservar su <strong>descenso de barrancos<\/strong> en Laruns, p\u00f3ngase en contacto con Aventure Chlorophylle, especialista en <strong>actividades<\/strong> de pleno <strong>naturaleza<\/strong> en el <strong>Pirineos<\/strong>.<\/p>\n<p>[\/et_pb_text][\/et_pb_column][\/et_pb_row][et_pb_row _builder_version=\u00a0\u00bb4.23.1&Prime; _module_preset=\u00a0\u00bbdefault\u00a0\u00bb global_colors_info=\u00a0\u00bb{}\u00a0\u00bb][et_pb_column type=\u00a0\u00bb4_4&Prime; _builder_version=\u00a0\u00bb4.23.1&Prime; _module_preset=\u00a0\u00bbdefault\u00a0\u00bb global_colors_info=\u00a0\u00bb{}\u00a0\u00bb][et_pb_button button_url=\u00a0\u00bbhttps:\/\/www.aventure-chlorophylle.com\/canyoning-rafting-pyrenees-atlantiques\/canyoning\/\u00a0\u00bb button_text=\u00a0\u00bbVoir les formules canyoning\u00a0\u00bb _builder_version=\u00a0\u00bb4.23.1&Prime; _module_preset=\u00a0\u00bbdefault\u00a0\u00bb global_colors_info=\u00a0\u00bb{}\u00a0\u00bb][\/et_pb_button][\/et_pb_column][\/et_pb_row][et_pb_row column_structure=\u00a0\u00bb1_2,1_2&Prime; _builder_version=\u00a0\u00bb4.23.1&Prime; _module_preset=\u00a0\u00bbdefault\u00a0\u00bb global_colors_info=\u00a0\u00bb{}\u00a0\u00bb][et_pb_column type=\u00a0\u00bb1_2&Prime; _builder_version=\u00a0\u00bb4.23.1&Prime; _module_preset=\u00a0\u00bbdefault\u00a0\u00bb global_colors_info=\u00a0\u00bb{}\u00a0\u00bb][et_pb_image src=\u00a0\u00bbhttps:\/\/www.aventure-chlorophylle.com\/wp-content\/uploads\/2021\/07\/2023-07-11-PM-Alex-canyoning-canceigt_11.jpg\u00a0\u00bb title_text=\u00a0\u00bbCanyoning Canceigt\u00a0\u00bb _builder_version=\u00a0\u00bb4.23.1&Prime; _module_preset=\u00a0\u00bbdefault\u00a0\u00bb global_colors_info=\u00a0\u00bb{}\u00a0\u00bb][\/et_pb_image][\/et_pb_column][et_pb_column type=\u00a0\u00bb1_2&Prime; _builder_version=\u00a0\u00bb4.23.1&Prime; _module_preset=\u00a0\u00bbdefault\u00a0\u00bb global_colors_info=\u00a0\u00bb{}\u00a0\u00bb][et_pb_image src=\u00a0\u00bbhttps:\/\/www.aventure-chlorophylle.com\/wp-content\/uploads\/2023\/06\/Canyon-du-Soussoueou-en-vallee-dOssau-2-scaled.jpg\u00a0\u00bb alt=\u00a0\u00bbToboggan dans le canyon du Soussou\u00e9ou \u00e0 Artouste en vall\u00e9e d&rsquo;Ossau dans les Pyr\u00e9n\u00e9es Atlantiques\u00a0\u00bb title_text=\u00a0\u00bbCanyon du Soussou\u00e9ou en vall\u00e9e d&rsquo;Ossau (2)\u00a0\u00bb _builder_version=\u00a0\u00bb4.23.1&Prime; _module_preset=\u00a0\u00bbdefault\u00a0\u00bb global_colors_info=\u00a0\u00bb{}\u00a0\u00bb][\/et_pb_image][\/et_pb_column][\/et_pb_row][\/et_pb_section]<\/p>","protected":false},"excerpt":{"rendered":"<p>Descente en canyoning autour de moi A 45 minutes de PauA 30 minutes d&rsquo;Oloron Sainte MarieA 1h30 de DaxA 2h30 de BordeauxA 3h de Toulouse Rdv \u00e0 Laruns en vall\u00e9e d&rsquo;Ossau dans les Pyr\u00e9n\u00e9es atlantiques pour des parcours canyoning en formule d\u00e9couverte ou sensation !!\u00a0 D\u00e9couvrez l&rsquo;exp\u00e9rience unique du canyoning dans la vall\u00e9e d&rsquo;Ossau La [&hellip;]<\/p>","protected":false},"author":3,"featured_media":0,"parent":0,"menu_order":0,"comment_status":"closed","ping_status":"closed","template":"","meta":{"_acf_changed":false,"_et_pb_use_builder":"on","_et_pb_old_content":"","_et_gb_content_width":"","inline_featured_image":false,"footnotes":""},"class_list":["post-269337","page","type-page","status-publish","hentry"],"acf":[],"yoast_head":"<!-- This site is optimized with the Yoast SEO plugin v26.7 - https:\/\/yoast.com\/wordpress\/plugins\/seo\/ -->\n<title>canyoning autour de moi - Aventure Chlorophylle<\/title>\n<meta name=\"robots\" content=\"index, follow, max-snippet:-1, max-image-preview:large, max-video-preview:-1\" \/>\n<link rel=\"canonical\" href=\"https:\/\/www.aventure-chlorophylle.com\/es\/canyoning-autour-de-moi\/\" \/>\n<meta property=\"og:locale\" content=\"es_ES\" \/>\n<meta property=\"og:type\" content=\"article\" \/>\n<meta property=\"og:title\" content=\"canyoning autour de moi - Aventure Chlorophylle\" \/>\n<meta property=\"og:description\" content=\"Descente en canyoning autour de moi A 45 minutes de PauA 30 minutes d&#039;Oloron Sainte MarieA 1h30 de DaxA 2h30 de BordeauxA 3h de Toulouse Rdv \u00e0 Laruns en vall\u00e9e d&#039;Ossau dans les Pyr\u00e9n\u00e9es atlantiques pour des parcours canyoning en formule d\u00e9couverte ou sensation !!\u00a0 D\u00e9couvrez l&#039;exp\u00e9rience unique du canyoning dans la vall\u00e9e d&#039;Ossau La [&hellip;]\" \/>\n<meta property=\"og:url\" content=\"https:\/\/www.aventure-chlorophylle.com\/es\/canyoning-autour-de-moi\/\" \/>\n<meta property=\"og:site_name\" content=\"Aventure Chlorophylle\" \/>\n<meta property=\"article:publisher\" content=\"https:\/\/www.facebook.com\/aventurechlorophylle\" \/>\n<meta property=\"article:modified_time\" content=\"2025-05-23T08:33:58+00:00\" \/>\n<meta name=\"twitter:card\" content=\"summary_large_image\" \/>\n<meta name=\"twitter:label1\" content=\"Tiempo de lectura\" \/>\n\t<meta name=\"twitter:data1\" content=\"5 minutos\" \/>\n<script type=\"application\/ld+json\" class=\"yoast-schema-graph\">{\"@context\":\"https:\/\/schema.org\",\"@graph\":[{\"@type\":\"WebPage\",\"@id\":\"https:\/\/www.aventure-chlorophylle.com\/canyoning-autour-de-moi\/\",\"url\":\"https:\/\/www.aventure-chlorophylle.com\/canyoning-autour-de-moi\/\",\"name\":\"canyoning autour de moi - Aventure Chlorophylle\",\"isPartOf\":{\"@id\":\"https:\/\/www.aventure-chlorophylle.com\/#website\"},\"datePublished\":\"2025-05-12T15:27:04+00:00\",\"dateModified\":\"2025-05-23T08:33:58+00:00\",\"breadcrumb\":{\"@id\":\"https:\/\/www.aventure-chlorophylle.com\/canyoning-autour-de-moi\/#breadcrumb\"},\"inLanguage\":\"es\",\"potentialAction\":[{\"@type\":\"ReadAction\",\"target\":[\"https:\/\/www.aventure-chlorophylle.com\/canyoning-autour-de-moi\/\"]}]},{\"@type\":\"BreadcrumbList\",\"@id\":\"https:\/\/www.aventure-chlorophylle.com\/canyoning-autour-de-moi\/#breadcrumb\",\"itemListElement\":[{\"@type\":\"ListItem\",\"position\":1,\"name\":\"Accueil\",\"item\":\"https:\/\/www.aventure-chlorophylle.com\/\"},{\"@type\":\"ListItem\",\"position\":2,\"name\":\"canyoning autour de moi\"}]},{\"@type\":\"WebSite\",\"@id\":\"https:\/\/www.aventure-chlorophylle.com\/#website\",\"url\":\"https:\/\/www.aventure-chlorophylle.com\/\",\"name\":\"Aventure Chlorophylle\",\"description\":\"Activit\u00e9s de Canyoning, rafting et sp\u00e9l\u00e9ologie dans les Pyr\u00e9n\u00e9es\",\"publisher\":{\"@id\":\"https:\/\/www.aventure-chlorophylle.com\/#organization\"},\"potentialAction\":[{\"@type\":\"SearchAction\",\"target\":{\"@type\":\"EntryPoint\",\"urlTemplate\":\"https:\/\/www.aventure-chlorophylle.com\/?s={search_term_string}\"},\"query-input\":{\"@type\":\"PropertyValueSpecification\",\"valueRequired\":true,\"valueName\":\"search_term_string\"}}],\"inLanguage\":\"es\"},{\"@type\":\"Organization\",\"@id\":\"https:\/\/www.aventure-chlorophylle.com\/#organization\",\"name\":\"Aventure Chlorophylle\",\"url\":\"https:\/\/www.aventure-chlorophylle.com\/\",\"logo\":{\"@type\":\"ImageObject\",\"inLanguage\":\"es\",\"@id\":\"https:\/\/www.aventure-chlorophylle.com\/#\/schema\/logo\/image\/\",\"url\":\"https:\/\/www.aventure-chlorophylle.com\/wp-content\/uploads\/2021\/04\/logo_aventure_chlorophylle.png\",\"contentUrl\":\"https:\/\/www.aventure-chlorophylle.com\/wp-content\/uploads\/2021\/04\/logo_aventure_chlorophylle.png\",\"width\":356,\"height\":392,\"caption\":\"Aventure Chlorophylle\"},\"image\":{\"@id\":\"https:\/\/www.aventure-chlorophylle.com\/#\/schema\/logo\/image\/\"},\"sameAs\":[\"https:\/\/www.facebook.com\/aventurechlorophylle\",\"https:\/\/www.instagram.com\/aventure_chlorophylle\/\"]}]}<\/script>\n<!-- \/ Yoast SEO plugin. -->","yoast_head_json":{"title":"barranquismo a mi alrededor - Aventure Chlorophylle","robots":{"index":"index","follow":"follow","max-snippet":"max-snippet:-1","max-image-preview":"max-image-preview:large","max-video-preview":"max-video-preview:-1"},"canonical":"https:\/\/www.aventure-chlorophylle.com\/es\/canyoning-autour-de-moi\/","og_locale":"es_ES","og_type":"article","og_title":"canyoning autour de moi - Aventure Chlorophylle","og_description":"Descente en canyoning autour de moi A 45 minutes de PauA 30 minutes d'Oloron Sainte MarieA 1h30 de DaxA 2h30 de BordeauxA 3h de Toulouse Rdv \u00e0 Laruns en vall\u00e9e d'Ossau dans les Pyr\u00e9n\u00e9es atlantiques pour des parcours canyoning en formule d\u00e9couverte ou sensation !!\u00a0 D\u00e9couvrez l'exp\u00e9rience unique du canyoning dans la vall\u00e9e d'Ossau La [&hellip;]","og_url":"https:\/\/www.aventure-chlorophylle.com\/es\/canyoning-autour-de-moi\/","og_site_name":"Aventure Chlorophylle","article_publisher":"https:\/\/www.facebook.com\/aventurechlorophylle","article_modified_time":"2025-05-23T08:33:58+00:00","twitter_card":"summary_large_image","twitter_misc":{"Tiempo de lectura":"5 minutos"},"schema":{"@context":"https:\/\/schema.org","@graph":[{"@type":"WebPage","@id":"https:\/\/www.aventure-chlorophylle.com\/canyoning-autour-de-moi\/","url":"https:\/\/www.aventure-chlorophylle.com\/canyoning-autour-de-moi\/","name":"barranquismo a mi alrededor - Aventure Chlorophylle","isPartOf":{"@id":"https:\/\/www.aventure-chlorophylle.com\/#website"},"datePublished":"2025-05-12T15:27:04+00:00","dateModified":"2025-05-23T08:33:58+00:00","breadcrumb":{"@id":"https:\/\/www.aventure-chlorophylle.com\/canyoning-autour-de-moi\/#breadcrumb"},"inLanguage":"es","potentialAction":[{"@type":"ReadAction","target":["https:\/\/www.aventure-chlorophylle.com\/canyoning-autour-de-moi\/"]}]},{"@type":"BreadcrumbList","@id":"https:\/\/www.aventure-chlorophylle.com\/canyoning-autour-de-moi\/#breadcrumb","itemListElement":[{"@type":"ListItem","position":1,"name":"Accueil","item":"https:\/\/www.aventure-chlorophylle.com\/"},{"@type":"ListItem","position":2,"name":"canyoning autour de moi"}]},{"@type":"WebSite","@id":"https:\/\/www.aventure-chlorophylle.com\/#website","url":"https:\/\/www.aventure-chlorophylle.com\/","name":"Aventura clorof\u00edlica","description":"Barranquismo, rafting y espeleolog\u00eda en los Pirineos","publisher":{"@id":"https:\/\/www.aventure-chlorophylle.com\/#organization"},"potentialAction":[{"@type":"SearchAction","target":{"@type":"EntryPoint","urlTemplate":"https:\/\/www.aventure-chlorophylle.com\/?s={search_term_string}"},"query-input":{"@type":"PropertyValueSpecification","valueRequired":true,"valueName":"search_term_string"}}],"inLanguage":"es"},{"@type":"Organization","@id":"https:\/\/www.aventure-chlorophylle.com\/#organization","name":"Aventura clorof\u00edlica","url":"https:\/\/www.aventure-chlorophylle.com\/","logo":{"@type":"ImageObject","inLanguage":"es","@id":"https:\/\/www.aventure-chlorophylle.com\/#\/schema\/logo\/image\/","url":"https:\/\/www.aventure-chlorophylle.com\/wp-content\/uploads\/2021\/04\/logo_aventure_chlorophylle.png","contentUrl":"https:\/\/www.aventure-chlorophylle.com\/wp-content\/uploads\/2021\/04\/logo_aventure_chlorophylle.png","width":356,"height":392,"caption":"Aventure Chlorophylle"},"image":{"@id":"https:\/\/www.aventure-chlorophylle.com\/#\/schema\/logo\/image\/"},"sameAs":["https:\/\/www.facebook.com\/aventurechlorophylle","https:\/\/www.instagram.com\/aventure_chlorophylle\/"]}]}},"_links":{"self":[{"href":"https:\/\/www.aventure-chlorophylle.com\/es\/wp-json\/wp\/v2\/pages\/269337","targetHints":{"allow":["GET"]}}],"collection":[{"href":"https:\/\/www.aventure-chlorophylle.com\/es\/wp-json\/wp\/v2\/pages"}],"about":[{"href":"https:\/\/www.aventure-chlorophylle.com\/es\/wp-json\/wp\/v2\/types\/page"}],"author":[{"embeddable":true,"href":"https:\/\/www.aventure-chlorophylle.com\/es\/wp-json\/wp\/v2\/users\/3"}],"replies":[{"embeddable":true,"href":"https:\/\/www.aventure-chlorophylle.com\/es\/wp-json\/wp\/v2\/comments?post=269337"}],"version-history":[{"count":11,"href":"https:\/\/www.aventure-chlorophylle.com\/es\/wp-json\/wp\/v2\/pages\/269337\/revisions"}],"predecessor-version":[{"id":269376,"href":"https:\/\/www.aventure-chlorophylle.com\/es\/wp-json\/wp\/v2\/pages\/269337\/revisions\/269376"}],"wp:attachment":[{"href":"https:\/\/www.aventure-chlorophylle.com\/es\/wp-json\/wp\/v2\/media?parent=269337"}],"curies":[{"name":"wp","href":"https:\/\/api.w.org\/{rel}","templated":true}]}}