{"id":3,"date":"2020-12-07T10:37:16","date_gmt":"2020-12-07T09:37:16","guid":{"rendered":"https:\/\/www.aventure-chlorophylle.com\/?page_id=3"},"modified":"2022-03-07T12:14:18","modified_gmt":"2022-03-07T11:14:18","slug":"politica-de-privacidad","status":"publish","type":"page","link":"https:\/\/www.aventure-chlorophylle.com\/es\/politica-de-privacidad\/","title":{"rendered":"Pol\u00edtica de privacidad"},"content":{"rendered":"<div id=\"post-content\">\n<h2>Gesti\u00f3n de datos personales<\/h2>\n<p>&nbsp;<\/p>\n<p>En Francia, los datos personales est\u00e1n protegidos por la ley n\u00ba 78-87 de 6 de enero de 1978, la ley n\u00ba 2004-801 de 6 de agosto de 2004, el art\u00edculo L. 226-13 del C\u00f3digo Penal y la Directiva Europea de 24 de octubre de 1995.<\/p>\n<p>Al utilizar el sitio web www.aventure-chlorophylle.com, puede recopilarse la siguiente informaci\u00f3n: la URL de los enlaces a trav\u00e9s de los cuales el usuario ha accedido al sitio web www.aventure-chlorophylle.com, el proveedor de acceso del usuario, la direcci\u00f3n del protocolo de Internet (IP) del usuario.<\/p>\n<p>En cualquier caso, Aventure Chlorophylle s\u00f3lo recoge informaci\u00f3n personal sobre el usuario a efectos de determinados servicios ofrecidos por el sitio web www.aventure-chlorophylle.com. El usuario proporciona esta informaci\u00f3n con pleno conocimiento de causa, en particular cuando la introduce. A continuaci\u00f3n, se informa al usuario del sitio web www.aventure-chlorophylle.com de si est\u00e1 obligado o no a facilitar esta informaci\u00f3n.<\/p>\n<p>Conforme a las disposiciones de los art\u00edculos 38 y siguientes de la ley 78-17 del 6 de enero de 1978 relativa a la inform\u00e1tica, a los ficheros y a las libertades, todo usuario dispone de un derecho de acceso, de rectificaci\u00f3n y de oposici\u00f3n a los datos de car\u00e1cter personal que le conciernen, mediante solicitud escrita y firmada, acompa\u00f1ada de una copia del documento de identidad con firma del titular del documento, precisando la direcci\u00f3n a la que debe enviarse la respuesta.<\/p>\n<p>Ninguna informaci\u00f3n personal del usuario del sitio web www.aventure-chlorophylle.com se publica sin el conocimiento del usuario, se intercambia, transfiere, cede o vende por ning\u00fan medio a terceros.<\/p>\n<p>Las bases de datos est\u00e1n protegidas por las disposiciones de la ley de 1 de julio de 1998 que transpone la Directiva 96\/9 de 11 de marzo de 1996 sobre la protecci\u00f3n jur\u00eddica de las bases de datos.<\/p>\n<p>&nbsp;<\/p>\n<h2>Hiperenlaces<\/h2>\n<p>&nbsp;<\/p>\n<p>El sitio web www.aventure-chlorophylle.com contiene una serie de hiperv\u00ednculos hacia otros sitios web, creados con la autorizaci\u00f3n de Aventure Chlorophylle. Sin embargo, Aventure Chlorophylle no tiene la posibilidad de comprobar el contenido de los sitios as\u00ed visitados y, en consecuencia, no puede asumir ninguna responsabilidad al respecto.<\/p>\n<p>&nbsp;<\/p>\n<h2>Uso de cookies<\/h2>\n<p>&nbsp;<\/p>\n<p>La navegaci\u00f3n por el sitio web www.aventure-chlorophylle.com puede provocar la instalaci\u00f3n de cookies en el ordenador del usuario. Una cookie es un peque\u00f1o archivo, que no permite identificar al usuario, pero que registra informaci\u00f3n relativa a la navegaci\u00f3n al visitar un sitio web en un espacio dedicado de su ordenador, su smartphone o cualquier otro soporte inform\u00e1tico.<br \/>\nEn funci\u00f3n de sus elecciones, las cookies son utilizadas por el sitio web visitado para enviar informaci\u00f3n a su navegador y para permitir que el navegador env\u00ede informaci\u00f3n de vuelta al sitio web visitado. De este modo, las cookies permiten a su emisor almacenar informaci\u00f3n sobre sus preferencias de navegaci\u00f3n durante el periodo de validez o grabaci\u00f3n de la cookie.<\/p>\n<p>Rechazar la instalaci\u00f3n de una cookie puede imposibilitar el acceso a determinados servicios. No obstante, el usuario puede configurar su ordenador para rechazar la instalaci\u00f3n de cookies.<\/p>\n<p>Aventure Chlorophylle utiliza varias categor\u00edas de cookies, cada una de las cuales desempe\u00f1a una funci\u00f3n diferente:<\/p>\n<ul>\n<li>Cookies necesarias para fines t\u00e9cnicos<\/li>\n<li>Cookies de medici\u00f3n de audiencia<\/li>\n<\/ul>\n<p>A continuaci\u00f3n se describen las diferentes categor\u00edas de cookies que pueden utilizarse en el sitio web de Aventure Chlorophylle.<\/p>\n<p><strong>1. Cookies necesarias para fines t\u00e9cnicos<br \/>\n<\/strong>Estas cookies son necesarias para el correcto funcionamiento de nuestro sitio web.<\/p>\n<p><strong>2. Cookies de medici\u00f3n de audiencia<br \/>\n<\/strong>Estas cookies tienen como finalidad conocer el volumen y elaborar estad\u00edsticas sobre el n\u00famero de visitantes de nuestra web, las distintas secciones y la utilizaci\u00f3n de los servicios ofrecidos en cada una de ellas.<\/p>\n<p>&nbsp;<\/p>\n<h2>Derecho a darse de baja<\/h2>\n<p>&nbsp;<\/p>\n<p>Si no desea seguir recibiendo comunicaciones electr\u00f3nicas sobre las actividades de Aventure Chlorophylle, puede darse de baja en cualquier momento utilizando el icono correspondiente que aparece al final de cada bolet\u00edn o envi\u00e1ndonos un correo electr\u00f3nico (contact@aventure-chlorophylle.com).<\/p>\n<p>&nbsp;<\/p>\n<h2>Informaci\u00f3n y ejercicio de sus derechos sobre sus datos personales<\/h2>\n<p>&nbsp;<\/p>\n<p>Para cualquier informaci\u00f3n o para ejercer sus derechos relativos al tratamiento de los datos personales gestionados por Aventure Chlorophylle, <strong>puede ponerse en contacto con nosotros, indic\u00e1ndonos su nombre, apellidos, tel\u00e9fono, correo electr\u00f3nico y direcci\u00f3n postal, y adjuntando su documento de identidad<\/strong> :<\/p>\n<ul>\n<li><strong>por correo electr\u00f3nico<\/strong>con el asunto \"A la atenci\u00f3n del referente RGPD\": <a href=\"mailto:contact@aventure-chlorophylle.com\" target=\"_blank\" rel=\"noopener\">contact@aventure-chlorophylle.com<\/a><\/li>\n<li><strong>y\/o por correo<\/strong> en la siguiente direcci\u00f3n<\/li>\n<\/ul>\n<h4>Aventura clorof\u00edlica<\/h4>\n<p>Johan Fontvileille<br \/>\nCalle del Parque Nacional, 2<br \/>\n6420 ARUDY<br \/>\nFrancia<\/p>\n<p>&nbsp;<\/p>\n<p><strong>Tambi\u00e9n tiene derecho a presentar una denuncia ante el<\/strong> <strong>denuncia ante el <a href=\"https:\/\/www.cnil.fr\/\" target=\"_blank\" rel=\"noopener noreferrer\">CNIL <\/a><\/strong>(Commission Nationale de l'Informatique et des Libert\u00e9s, 3 Place de Fontenoy, TSA 80715, 75334 PARIS CEDEX 07).<\/p>\n<\/div>","protected":false},"excerpt":{"rendered":"<p>Gesti\u00f3n de datos personales En Francia, los datos personales est\u00e1n protegidos por la ley n\u00b0 78-87 de 6 de enero de 1978, la ley n\u00b0 2004-801 de 6 de agosto de 2004, el art\u00edculo L. 226-13 del C\u00f3digo Penal y la Directiva Europea de 24 de octubre de 1995. Durante el uso del sitio www.aventure-chlorophylle.com, se podr\u00e1n recoger los siguientes datos: [...]<\/p>","protected":false},"author":3,"featured_media":0,"parent":0,"menu_order":0,"comment_status":"closed","ping_status":"closed","template":"","meta":{"_acf_changed":false,"_et_pb_use_builder":"off","_et_pb_old_content":"","_et_gb_content_width":"","inline_featured_image":false,"footnotes":""},"class_list":["post-3","page","type-page","status-publish","hentry"],"acf":[],"yoast_head":"<!-- This site is optimized with the Yoast SEO plugin v26.7 - https:\/\/yoast.com\/wordpress\/plugins\/seo\/ -->\n<title>Politique de confidentialit\u00e9 - Aventure Chlorophylle<\/title>\n<meta name=\"robots\" content=\"index, follow, max-snippet:-1, max-image-preview:large, max-video-preview:-1\" \/>\n<link rel=\"canonical\" href=\"https:\/\/www.aventure-chlorophylle.com\/es\/politica-de-privacidad\/\" \/>\n<meta property=\"og:locale\" content=\"es_ES\" \/>\n<meta property=\"og:type\" content=\"article\" \/>\n<meta property=\"og:title\" content=\"Politique de confidentialit\u00e9 - Aventure Chlorophylle\" \/>\n<meta property=\"og:description\" content=\"Gestion des donn\u00e9es personnelles &nbsp; En France, les donn\u00e9es personnelles sont notamment prot\u00e9g\u00e9es par la loi n\u00b0 78-87 du 6 janvier 1978, la loi n\u00b0 2004-801 du 6 ao\u00fbt 2004, l\u2019article L. 226-13 du Code p\u00e9nal et la Directive Europ\u00e9enne du 24 octobre 1995. A l\u2019occasion de l\u2019utilisation du site www.aventure-chlorophylle.com, peuvent \u00eatres recueillies : [&hellip;]\" \/>\n<meta property=\"og:url\" content=\"https:\/\/www.aventure-chlorophylle.com\/es\/politica-de-privacidad\/\" \/>\n<meta property=\"og:site_name\" content=\"Aventure Chlorophylle\" \/>\n<meta property=\"article:publisher\" content=\"https:\/\/www.facebook.com\/aventurechlorophylle\" \/>\n<meta property=\"article:modified_time\" content=\"2022-03-07T11:14:18+00:00\" \/>\n<meta name=\"twitter:card\" content=\"summary_large_image\" \/>\n<meta name=\"twitter:label1\" content=\"Tiempo de lectura\" \/>\n\t<meta name=\"twitter:data1\" content=\"4 minutos\" \/>\n<script type=\"application\/ld+json\" class=\"yoast-schema-graph\">{\"@context\":\"https:\/\/schema.org\",\"@graph\":[{\"@type\":\"WebPage\",\"@id\":\"https:\/\/www.aventure-chlorophylle.com\/politique-de-confidentialite\/\",\"url\":\"https:\/\/www.aventure-chlorophylle.com\/politique-de-confidentialite\/\",\"name\":\"Politique de confidentialit\u00e9 - Aventure Chlorophylle\",\"isPartOf\":{\"@id\":\"https:\/\/www.aventure-chlorophylle.com\/#website\"},\"datePublished\":\"2020-12-07T09:37:16+00:00\",\"dateModified\":\"2022-03-07T11:14:18+00:00\",\"breadcrumb\":{\"@id\":\"https:\/\/www.aventure-chlorophylle.com\/politique-de-confidentialite\/#breadcrumb\"},\"inLanguage\":\"es\",\"potentialAction\":[{\"@type\":\"ReadAction\",\"target\":[\"https:\/\/www.aventure-chlorophylle.com\/politique-de-confidentialite\/\"]}]},{\"@type\":\"BreadcrumbList\",\"@id\":\"https:\/\/www.aventure-chlorophylle.com\/politique-de-confidentialite\/#breadcrumb\",\"itemListElement\":[{\"@type\":\"ListItem\",\"position\":1,\"name\":\"Accueil\",\"item\":\"https:\/\/www.aventure-chlorophylle.com\/\"},{\"@type\":\"ListItem\",\"position\":2,\"name\":\"Politique de confidentialit\u00e9\"}]},{\"@type\":\"WebSite\",\"@id\":\"https:\/\/www.aventure-chlorophylle.com\/#website\",\"url\":\"https:\/\/www.aventure-chlorophylle.com\/\",\"name\":\"Aventure Chlorophylle\",\"description\":\"Activit\u00e9s de Canyoning, rafting et sp\u00e9l\u00e9ologie dans les Pyr\u00e9n\u00e9es\",\"publisher\":{\"@id\":\"https:\/\/www.aventure-chlorophylle.com\/#organization\"},\"potentialAction\":[{\"@type\":\"SearchAction\",\"target\":{\"@type\":\"EntryPoint\",\"urlTemplate\":\"https:\/\/www.aventure-chlorophylle.com\/?s={search_term_string}\"},\"query-input\":{\"@type\":\"PropertyValueSpecification\",\"valueRequired\":true,\"valueName\":\"search_term_string\"}}],\"inLanguage\":\"es\"},{\"@type\":\"Organization\",\"@id\":\"https:\/\/www.aventure-chlorophylle.com\/#organization\",\"name\":\"Aventure Chlorophylle\",\"url\":\"https:\/\/www.aventure-chlorophylle.com\/\",\"logo\":{\"@type\":\"ImageObject\",\"inLanguage\":\"es\",\"@id\":\"https:\/\/www.aventure-chlorophylle.com\/#\/schema\/logo\/image\/\",\"url\":\"https:\/\/www.aventure-chlorophylle.com\/wp-content\/uploads\/2021\/04\/logo_aventure_chlorophylle.png\",\"contentUrl\":\"https:\/\/www.aventure-chlorophylle.com\/wp-content\/uploads\/2021\/04\/logo_aventure_chlorophylle.png\",\"width\":356,\"height\":392,\"caption\":\"Aventure Chlorophylle\"},\"image\":{\"@id\":\"https:\/\/www.aventure-chlorophylle.com\/#\/schema\/logo\/image\/\"},\"sameAs\":[\"https:\/\/www.facebook.com\/aventurechlorophylle\",\"https:\/\/www.instagram.com\/aventure_chlorophylle\/\"]}]}<\/script>\n<!-- \/ Yoast SEO plugin. -->","yoast_head_json":{"title":"Pol\u00edtica de privacidad - Aventure Chlorophylle","robots":{"index":"index","follow":"follow","max-snippet":"max-snippet:-1","max-image-preview":"max-image-preview:large","max-video-preview":"max-video-preview:-1"},"canonical":"https:\/\/www.aventure-chlorophylle.com\/es\/politica-de-privacidad\/","og_locale":"es_ES","og_type":"article","og_title":"Politique de confidentialit\u00e9 - Aventure Chlorophylle","og_description":"Gestion des donn\u00e9es personnelles &nbsp; En France, les donn\u00e9es personnelles sont notamment prot\u00e9g\u00e9es par la loi n\u00b0 78-87 du 6 janvier 1978, la loi n\u00b0 2004-801 du 6 ao\u00fbt 2004, l\u2019article L. 226-13 du Code p\u00e9nal et la Directive Europ\u00e9enne du 24 octobre 1995. A l\u2019occasion de l\u2019utilisation du site www.aventure-chlorophylle.com, peuvent \u00eatres recueillies : [&hellip;]","og_url":"https:\/\/www.aventure-chlorophylle.com\/es\/politica-de-privacidad\/","og_site_name":"Aventure Chlorophylle","article_publisher":"https:\/\/www.facebook.com\/aventurechlorophylle","article_modified_time":"2022-03-07T11:14:18+00:00","twitter_card":"summary_large_image","twitter_misc":{"Tiempo de lectura":"4 minutos"},"schema":{"@context":"https:\/\/schema.org","@graph":[{"@type":"WebPage","@id":"https:\/\/www.aventure-chlorophylle.com\/politique-de-confidentialite\/","url":"https:\/\/www.aventure-chlorophylle.com\/politique-de-confidentialite\/","name":"Pol\u00edtica de privacidad - Aventure Chlorophylle","isPartOf":{"@id":"https:\/\/www.aventure-chlorophylle.com\/#website"},"datePublished":"2020-12-07T09:37:16+00:00","dateModified":"2022-03-07T11:14:18+00:00","breadcrumb":{"@id":"https:\/\/www.aventure-chlorophylle.com\/politique-de-confidentialite\/#breadcrumb"},"inLanguage":"es","potentialAction":[{"@type":"ReadAction","target":["https:\/\/www.aventure-chlorophylle.com\/politique-de-confidentialite\/"]}]},{"@type":"BreadcrumbList","@id":"https:\/\/www.aventure-chlorophylle.com\/politique-de-confidentialite\/#breadcrumb","itemListElement":[{"@type":"ListItem","position":1,"name":"Accueil","item":"https:\/\/www.aventure-chlorophylle.com\/"},{"@type":"ListItem","position":2,"name":"Politique de confidentialit\u00e9"}]},{"@type":"WebSite","@id":"https:\/\/www.aventure-chlorophylle.com\/#website","url":"https:\/\/www.aventure-chlorophylle.com\/","name":"Aventura clorof\u00edlica","description":"Barranquismo, rafting y espeleolog\u00eda en los Pirineos","publisher":{"@id":"https:\/\/www.aventure-chlorophylle.com\/#organization"},"potentialAction":[{"@type":"SearchAction","target":{"@type":"EntryPoint","urlTemplate":"https:\/\/www.aventure-chlorophylle.com\/?s={search_term_string}"},"query-input":{"@type":"PropertyValueSpecification","valueRequired":true,"valueName":"search_term_string"}}],"inLanguage":"es"},{"@type":"Organization","@id":"https:\/\/www.aventure-chlorophylle.com\/#organization","name":"Aventura clorof\u00edlica","url":"https:\/\/www.aventure-chlorophylle.com\/","logo":{"@type":"ImageObject","inLanguage":"es","@id":"https:\/\/www.aventure-chlorophylle.com\/#\/schema\/logo\/image\/","url":"https:\/\/www.aventure-chlorophylle.com\/wp-content\/uploads\/2021\/04\/logo_aventure_chlorophylle.png","contentUrl":"https:\/\/www.aventure-chlorophylle.com\/wp-content\/uploads\/2021\/04\/logo_aventure_chlorophylle.png","width":356,"height":392,"caption":"Aventure Chlorophylle"},"image":{"@id":"https:\/\/www.aventure-chlorophylle.com\/#\/schema\/logo\/image\/"},"sameAs":["https:\/\/www.facebook.com\/aventurechlorophylle","https:\/\/www.instagram.com\/aventure_chlorophylle\/"]}]}},"_links":{"self":[{"href":"https:\/\/www.aventure-chlorophylle.com\/es\/wp-json\/wp\/v2\/pages\/3","targetHints":{"allow":["GET"]}}],"collection":[{"href":"https:\/\/www.aventure-chlorophylle.com\/es\/wp-json\/wp\/v2\/pages"}],"about":[{"href":"https:\/\/www.aventure-chlorophylle.com\/es\/wp-json\/wp\/v2\/types\/page"}],"author":[{"embeddable":true,"href":"https:\/\/www.aventure-chlorophylle.com\/es\/wp-json\/wp\/v2\/users\/3"}],"replies":[{"embeddable":true,"href":"https:\/\/www.aventure-chlorophylle.com\/es\/wp-json\/wp\/v2\/comments?post=3"}],"version-history":[{"count":3,"href":"https:\/\/www.aventure-chlorophylle.com\/es\/wp-json\/wp\/v2\/pages\/3\/revisions"}],"predecessor-version":[{"id":265789,"href":"https:\/\/www.aventure-chlorophylle.com\/es\/wp-json\/wp\/v2\/pages\/3\/revisions\/265789"}],"wp:attachment":[{"href":"https:\/\/www.aventure-chlorophylle.com\/es\/wp-json\/wp\/v2\/media?parent=3"}],"curies":[{"name":"wp","href":"https:\/\/api.w.org\/{rel}","templated":true}]}}