{"id":2,"date":"2020-12-07T10:37:16","date_gmt":"2020-12-07T09:37:16","guid":{"rendered":"https:\/\/www.aventure-chlorophylle.com\/?page_id=2"},"modified":"2025-08-13T13:20:45","modified_gmt":"2025-08-13T11:20:45","slug":"speleologie","status":"publish","type":"page","link":"https:\/\/www.aventure-chlorophylle.com\/nl\/canyoning-rafting-pyrenees-atlantiques\/speleologie\/","title":{"rendered":"Speleologie"},"content":{"rendered":"<p>[et_pb_section fb_built=\"1\u2033 fullwidth=\"on \" admin_label=\"Slider product \" _builder_version=\"4.16\u2033 _module_preset=\"default \" custom_margin=\"||-140px||false|false \" custom_margin_tablet=\"||-88px||false|false \" custom_margin_phone=\"||-44px|false|false \" custom_margin_last_edited=\"on|desktop \" locked=\"off \" collapsed=\"off \" global_colors_info=\"{} \"][et_pb_fullwidth_slider show_pagination=\"off \" use_bg_overlay=\"on \" bg_overlay_color=\"rgba(73,59,34,0.1) \" use_text_overlay=\"off \" arrows_custom_color=\"#5CAA80\u2033 _builder_version=\"4.16\u2033 _module_preset=\"default \" background_color=\"#F6F2EC \" use_background_color_gradient=\"on \" background_color_gradient_stops=\"rgba(34,34,34,0) 40%|rgba(34,34,34,0.05) 100% \" background_color_gradient_overlays_image=\"on \" background_color_gradient_start=\"rgba(34,34,34,0) \" background_color_gradient_start_position=\"40% \" background_color_gradient_end=\"rgba(34,34,34,0.05)\" min_height_tablet= \" \" min_height_phone= \" min_height_last_edited=\"on|desktop \" height=\"400px \" height_tablet=\"220px \" height_phone=\"140px \" height_last_edited=\"on|desktop \" auto=\"on \" global_colors_info=\"{}\"][et_pb_slide use_bg_overlay=\"off \" _builder_version=\"4.16\u2033 _module_preset=\"default \" body_text_align=\"center \" body_text_color=\"#FFFFFF \" background_color=\"#F6F2EC \" background_enable_color=\"on \" background_image=\"https:\/\/www.aventure-chlorophylle.com\/wp-content\/uploads\/2021\/05\/activite_speleo_demi-journee_explo_6.jpg \" background_enable_image=\"on \" global_colors_info=\"{} \" sticky_transition=\"on \"][\/et_pb_slide][et_pb_slide use_bg_overlay=\"off \" _builder_version=\"4.16\u2033 _module_preset=\"default \" body_text_align=\"center \" body_text_color=\"#FFFFFF \" background_color=\"#F6F2EC \" background_enable_color=\"on \" background_image=\"https:\/\/www.aventure-chlorophylle.com\/wp-content\/uploads\/2021\/05\/activite_vignette_speleo_demi-journee_explo_7.jpg \" background_enable_image=\"on \" global_colors_info=\"{} \" sticky_transition=\"on \"][\/et_pb_slide][\/et_pb_fullwidth_slider][\/et_pb_section][et_pb_section fb_built=\"1\u2033 admin_label=\"berg op achtergrond\" _builder_version=\"4.14.8\u2033 _module_preset=\"default \" background_color=\"RGBA(0,0,0,0) \" background_image=\"https:\/\/www.aventure-chlorophylle.com\/wp-content\/uploads\/2021\/04\/msk-mountain.svg \" z_index=\"10\u2033 height=\"144px \" height_tablet=\"88px \" height_phone=\"44px \" height_last_edited=\"on|phone \" custom_padding=\"0px|0px|true|false \" global_module=\"261939\u2033 collapsed=\"on \" global_colors_info=\"{}\"][\/et_pb_section][et_pb_section fb_built=\"1\u2033 _builder_version=\"4.16\u2033 _module_preset=\"default \" background_color=\"#FFFFFF \" custom_padding=\"0px||0px|| \" collapsed=\"off \" global_colors_info=\"{} \"][et_pb_row admin_label=\"Fil d'arianne\" _builder_version=\"4.9.4\u2033 _module_preset=\"default \" custom_padding=\"0px||0px||true|false \" global_module=\"261844\u2033 saved_tabs=\"all \" collapsed=\"on \" global_colors_info=\"{} \"][et_pb_column type=\"4_4\u2033 _builder_version=\"4.16\u2033 _module_preset=\"default \" global_colors_info=\"{} \"][et_pb_code _builder_version=\"4.16\u2033 _module_preset=\"default \" global_colors_info=\"{} \"]<span><span><a href=\"https:\/\/www.aventure-chlorophylle.com\/nl\/\">Home<\/a><\/span><\/span>[et_pb_code][\/et_pb_column][\/et_pb_row][et_pb_row _builder_version=\"4.16\u2033 _module_preset=\"default \" global_colors_info=\"{} \"][et_pb_column type=\"4_4\u2033 _builder_version=\"4.16\u2033 _module_preset=\"default \" global_colors_info=\"{} \"][et_pb_text _builder_version=\"4.16\u2033 _module_preset=\"0e379c64-ea23-42c6-87bf-cda43f70971b \" global_colors_info=\"{} \"]<\/p>\n<h1>Speleologie in de Atlantische Pyrenee\u00ebn<\/h1>\n<p>&nbsp;<\/p>\n<p>Tussen wetenschap en sport is speleologie een buitengewoon avontuur om het zevende continent te ontdekken. Verken de grotten en ontdek de rijkdom van een wereld die door de tijd is gevormd. <\/p>\n<p>[et_pb_text][\/et_pb_column][\/et_pb_row][et_pb_row column_structure=\"1_2,1_2\u2033 _builder_version=\"4.16\u2033 _module_preset=\"default \" global_colors_info=\"{} \"][et_pb_column type=\"1_2\u2033 _builder_version=\"4.16\u2033 _module_preset=\"default \" global_colors_info=\"{} \"][et_pb_text _builder_version=\"4.23.1\u2033 _module_preset=\"default \" global_colors_info=\"{} \"]<\/p>\n<h2><strong>Speleologie in de Pyrenee\u00ebn met aventure chlorophylle is :<br \/><\/strong><\/h2>\n<p>&nbsp;<\/p>\n<p><strong>Een sportief avontuur<\/strong> een complete sport waarbij een hele reeks technieken wordt gebruikt om zich ondergronds te verplaatsen: lopen, klimmen, abseilen, kruipen om door de laagste gangen te komen<\/p>\n<p><strong>Een menselijk avontuur<\/strong> De ondergrondse omgeving is bijzonder en bevordert bevoorrechte uitwisselingen. Deze gezelligheid zal u helpen uw angsten te overwinnen<\/p>\n<p><strong>Een cultureel en wetenschappelijk avontuur<\/strong> Speleologie is evenzeer een wetenschap als een sport. Het ontdekken van deze omgeving zal je helpen de evolutie van onze kleine planeet te begrijpen.<\/p>\n<p><strong>Een wonder voor je ogen!<\/strong><\/p>\n<p>[\/et_pb_text][\/et_pb_column][et_pb_column type=\u00a0\u00bb1_2&Prime; _builder_version=\u00a0\u00bb4.16&Prime; _module_preset=\u00a0\u00bbdefault\u00a0\u00bb global_colors_info=\u00a0\u00bb{}\u00a0\u00bb][et_pb_text _builder_version=\u00a0\u00bb4.23.1&Prime; _module_preset=\u00a0\u00bb7bdaf918-6d87-4a22-a167-f60dd73e34e7&Prime; hover_enabled=\u00a0\u00bb0&Prime; global_colors_info=\u00a0\u00bb{}\u00a0\u00bb sticky_enabled=\u00a0\u00bb0&Prime;]<\/p>\n<p><strong>Namelijk:<\/strong><\/p>\n<p>De temperatuur onder de grond is het hele jaar door constant, rond de 13\u00b0 in de meeste grotten die we verkennen.<\/p>\n<p>Onze grotten zijn niet onderhevig aan het risico van een stijgend waterpeil: je kunt zelfs bij zware regenval grotten bezoeken. Speleologie in de Pyrenee\u00ebn is 365 dagen per jaar mogelijk, dus je hoeft je reis niet af te zeggen.<\/p>\n<p>Pour des raisons de s\u00e9curit\u00e9 et de confort, certaines parties \u00e9troites du parcours ne conviennent pas aux fortes corpulences. Pour plus d&rsquo;informations, nous contacter directement par t\u00e9l\u00e9phone.<\/p>\n<p>Le vocabulaire sp\u00e9cifique de la sp\u00e9l\u00e9ologie n\u00e9cessitant des consignes pr\u00e9cises, l\u2019activit\u00e9 est encadr\u00e9e en fran\u00e7ais uniquement.<\/p>\n<p>[\/et_pb_text][\/et_pb_column][\/et_pb_row][et_pb_row module_id=\"berocket-filter\" _builder_version=\"4.16\u2033 _module_preset=\"default \" custom_margin=\"0px||0px||true \" custom_padding=\"0px|0px|0px|true \" border_width_top=\"1px \" border_color_top=\"rgba(144,144,144,0.2)\" border_width_bottom=\"1px\" border_color_bottom=\"rgba(144,144,144,0.2)\" global_colors_info=\"{}\"][et_pb_column type=\"4_4\u2033 _builder_version=\"4.16\u2033 _module_preset=\"default \" global_colors_info=\"{} \"][et_pb_br_filters_group group_id=\"262477\u2033 _builder_version=\"4.9.4\u2033 _module_preset=\"default \" custom_margin=\"0px|0px|0px|true \" custom_padding=\"0px|0px|true\" global_colors_info=\"{} \"][\/et_pb_br_filters_group][\/et_pb_column][\/et_pb_row][et_pb_row _builder_version=\"4.16\u2033 _module_preset=\"default \" global_colors_info=\"{} \"][et_pb_column type=\"4_4\u2033 _builder_version=\"4.16\u2033 _module_preset=\"default \" global_colors_info=\"{} \"][et_pb_shop type=\"product_category \" include_categories=\"61\u2033 columns_number=\"3\u2033 icon_hover_color=\"RGBA(0,0,0,0)\" hover_overlay_color=\"RGBA(0,0,0,0) \" _builder_version=\"4.16\u2033 _module_preset=\"default\" bapf_apply=\"enable\" global_colors_info=\"{}\"][\/et_pb_shop][\/et_pb_column][\/et_pb_row][\/et_pb_section][et_pb_section fb_built=\"1\u2033 admin_label=\"Low Tear\" _builder_version=\"4.9.4\u2033 _module_preset=\"default \" background_color=\"RGBA(0,0,0,0) \" background_image=\"https:\/\/www.aventure-chlorophylle.com\/wp-content\/uploads\/2021\/04\/msk-horizontal-top.svg \" background_repeat=\"repeat-x \" height=\"30px \" height_tablet=\"30px \" height_phone=\"30px \" height_last_edited=\"on|tablet \" custom_padding=\"0px|0px|true|false \" custom_css_main_element=\"background-size:auto 100%!important; \" global_module=\"262407\u2033 saved_tabs=\"all \" locked=\"off \" collapsed=\"on \" global_colors_info=\"{}\"][\/et_pb_section][et_pb_section fb_built=\"1\u2033 admin_label=\"Google maps\" _builder_version=\"4.16\u2033 _module_preset=\"default \" background_color=\"RGBA(0,0,0,0) \" saved_tabs=\"all \" collapsed=\"on \" global_colors_info=\"{} \"][et_pb_row column_structure=\"1_4,3_4\u2033 use_custom_gutter=\"on \" gutter_width=\"1\u2033 make_equal=\"on \" _builder_version=\"4.16\u2033 _module_preset=\"default \" background_color=\"#FFFFFF \" custom_padding=\"0px||0px|| \" box_shadow_style=\"preset3\u2033 box_shadow_vertical=\"5px \" box_shadow_blur=\"20px \" box_shadow_color=\"rgba(0,0,0.04) \" global_colors_info=\"{} \"][et_pb_column type=\"1_4\u2033 _builder_version=\"4.16\u2033 _module_preset=\"default \" global_colors_info=\"{} \"][et_pb_text admin_label=\"Legend\" module_class=\"map-legend \" _builder_version=\"4.16.0\u2033 _module_preset=\"default \" header_3_text_color=\"#9090\u2033 custom_padding=\"1rem|1rem|true|true \" global_module=\"262562\u2033 saved_tabs=\"all \" global_colors_info=\"{} \"]<\/p>\n<h3>Legenda<\/h3>\n<ul>\n<li><img loading=\"lazy\" decoding=\"async\" class=\"wp-image-263671 alignnone size-full\" src=\"https:\/\/www.aventure-chlorophylle.com\/wp-content\/uploads\/2021\/06\/icon_canyoning.svg\" alt=\"\" width=\"32\" height=\"32\" \/>Canyon<\/li>\n<li><img loading=\"lazy\" decoding=\"async\" class=\"wp-image-263668 alignnone size-full\" src=\"https:\/\/www.aventure-chlorophylle.com\/wp-content\/uploads\/2021\/06\/icon_rafting.svg\" alt=\"\" width=\"32\" height=\"32\" \/>Rafting<\/li>\n<li><img loading=\"lazy\" decoding=\"async\" class=\"wp-image-263670 alignnone size-full\" src=\"https:\/\/www.aventure-chlorophylle.com\/wp-content\/uploads\/2021\/06\/iconspeleo.svg\" alt=\"\" width=\"32\" height=\"32\" \/>Speleologie<\/li>\n<li><img loading=\"lazy\" decoding=\"async\" class=\"wp-image-263666 alignnone size-full\" src=\"https:\/\/www.aventure-chlorophylle.com\/wp-content\/uploads\/2022\/04\/icon_alpinisme.svg\" alt=\"\" width=\"32\" height=\"32\" \/>Bergbeklimmen<\/li>\n<li><img loading=\"lazy\" decoding=\"async\" class=\"wp-image-263666 alignnone size-full\" src=\"https:\/\/www.aventure-chlorophylle.com\/wp-content\/uploads\/2021\/06\/icon_escalade.svg\" alt=\"\" width=\"32\" height=\"32\" \/>Via Ferrata<\/li>\n<li><img loading=\"lazy\" decoding=\"async\" class=\"wp-image-263666 alignnone size-full\" src=\"https:\/\/www.aventure-chlorophylle.com\/wp-content\/uploads\/2021\/06\/icon_escalade.svg\" alt=\"\" width=\"32\" height=\"32\" \/>Via Cordata<\/li>\n<li><img loading=\"lazy\" decoding=\"async\" class=\"wp-image-263666 alignnone size-full\" src=\"https:\/\/www.aventure-chlorophylle.com\/wp-content\/uploads\/2022\/04\/icon_escalade2-1.svg\" alt=\"\" width=\"32\" height=\"32\" \/>Klimmen<\/li>\n<li><img loading=\"lazy\" decoding=\"async\" class=\"wp-image-263669 alignnone size-full\" src=\"https:\/\/www.aventure-chlorophylle.com\/wp-content\/uploads\/2021\/06\/icon_vtt.svg\" alt=\"\" width=\"32\" height=\"32\" \/>MOUNTAINBIKE<\/li>\n<li><img loading=\"lazy\" decoding=\"async\" class=\"wp-image-263667 alignnone size-full\" src=\"https:\/\/www.aventure-chlorophylle.com\/wp-content\/uploads\/2021\/06\/icon_parking.svg\" alt=\"\" width=\"32\" height=\"32\" \/>Catering Parkeren<\/li>\n<\/ul>\n<p>[\/et_pb_text][\/et_pb_column][et_pb_column type=\"3_4\u2033 _builder_version=\"4.16\u2033 _module_preset=\"default \" global_colors_info=\"{} \"][et_pb_code _builder_version=\"4.16\u2033 _module_preset=\"default \" global_colors_info=\"{} \"]<iframe loading=\"lazy\" src=\"https:\/\/www.google.com\/maps\/d\/embed?mid=1PURxHqnXcWSqOCJDdjZ1sjn5i29qfCuw\" width=\"100%\" height=\"480\"><\/iframe>[\/et_pb_code][\/et_pb_column][\/et_pb_row][\/et_pb_section]<\/p>","protected":false},"excerpt":{"rendered":"<p><span><span><a href=\"https:\/\/www.aventure-chlorophylle.com\/nl\/\">Home<\/a><\/span><\/span>Speleologie in de Pyr\u00e9n\u00e9es Atlantiques Tussen wetenschap en sport is speleologie een buitengewoon avontuur om het zevende continent te ontdekken. Verken de grotten en ontdek de rijkdommen van een wereld die door de tijd is gevormd. Speleologie met aventure chlorophylle is: Een sportief avontuur: een complete sport waarbij een hele [...]<\/p>","protected":false},"author":3,"featured_media":0,"parent":261671,"menu_order":0,"comment_status":"closed","ping_status":"closed","template":"","meta":{"_acf_changed":false,"_et_pb_use_builder":"on","_et_pb_old_content":"<!-- wp:paragraph -->\r\n<p>Ceci est une page d\u2019exemple. C\u2019est diff\u00e9rent d\u2019un article de blog parce qu\u2019elle restera au m\u00eame endroit et appara\u00eetra dans la navigation de votre site (dans la plupart des th\u00e8mes). La plupart des gens commencent par une page \u00ab\u00a0\u00c0 propos\u00a0\u00bb qui les pr\u00e9sente aux visiteurs du site. Cela pourrait ressembler \u00e0 quelque chose comme cela\u00a0:<\/p>\r\n<!-- \/wp:paragraph --><!-- wp:quote -->\r\n<blockquote class=\"wp-block-quote\">\r\n<p>Bonjour\u00a0! Je suis un m\u00e9canicien qui aspire \u00e0 devenir acteur, et voici mon site. J\u2019habite \u00e0 Bordeaux, j\u2019ai un super chien baptis\u00e9 Russell, et j\u2019aime la vodka-ananas (ainsi qu\u2019\u00eatre surpris par la pluie soudaine lors de longues balades sur la plage au coucher du soleil).<\/p>\r\n<\/blockquote>\r\n<!-- \/wp:quote --><!-- wp:paragraph -->\r\n<p>... ou quelque chose comme cela\u00a0:<\/p>\r\n<!-- \/wp:paragraph --><!-- wp:quote -->\r\n<blockquote class=\"wp-block-quote\">\r\n<p>La soci\u00e9t\u00e9 123 Machin Truc a \u00e9t\u00e9 cr\u00e9\u00e9e en 1971, et n\u2019a cess\u00e9 de proposer au public des machins-trucs de qualit\u00e9 depuis lors. Situ\u00e9e \u00e0 Saint-Remy-en-Bouzemont-Saint-Genest-et-Isson, 123 Machin Truc emploie 2 000 personnes, et fabrique toutes sortes de bidules super pour la communaut\u00e9 bouzemontoise.<\/p>\r\n<\/blockquote>\r\n<!-- \/wp:quote --><!-- wp:paragraph -->\r\n<p>En tant que nouvel\u00b7le utilisateur ou utilisatrice de WordPress, vous devriez vous rendre sur <a href=\"https:\/\/www.aventure-chlorophylle.com\/wp-admin\/\">votre tableau de bord<\/a> pour supprimer cette page et cr\u00e9er de nouvelles pages pour votre contenu. Amusez-vous bien\u00a0!<\/p>\r\n<!-- \/wp:paragraph -->","_et_gb_content_width":"","inline_featured_image":false,"footnotes":""},"class_list":["post-2","page","type-page","status-publish","hentry"],"acf":[],"yoast_head":"<!-- This site is optimized with the Yoast SEO plugin v26.7 - https:\/\/yoast.com\/wordpress\/plugins\/seo\/ -->\n<title>Sp\u00e9l\u00e9ologie - Aventure Chlorophylle<\/title>\n<meta name=\"description\" content=\"Sorties \u00e0 la journ\u00e9e ou demi-journ\u00e9e en sp\u00e9l\u00e9ologie en vall\u00e9e d&#039;Ossau dans les Pyr\u00e9n\u00e9es Atlantiques, encadr\u00e9e par un guide dipl\u00f4m\u00e9 d&#039;Etat\" \/>\n<meta name=\"robots\" content=\"index, follow, max-snippet:-1, max-image-preview:large, max-video-preview:-1\" \/>\n<link rel=\"canonical\" href=\"https:\/\/www.aventure-chlorophylle.com\/nl\/canyoning-rafting-pyrenees-atlantiques\/speleologie\/\" \/>\n<meta property=\"og:locale\" content=\"nl_NL\" \/>\n<meta property=\"og:type\" content=\"article\" \/>\n<meta property=\"og:title\" content=\"Sp\u00e9l\u00e9ologie - Aventure Chlorophylle\" \/>\n<meta property=\"og:description\" content=\"Sorties \u00e0 la journ\u00e9e ou demi-journ\u00e9e en sp\u00e9l\u00e9ologie en vall\u00e9e d&#039;Ossau dans les Pyr\u00e9n\u00e9es Atlantiques, encadr\u00e9e par un guide dipl\u00f4m\u00e9 d&#039;Etat\" \/>\n<meta property=\"og:url\" content=\"https:\/\/www.aventure-chlorophylle.com\/nl\/canyoning-rafting-pyrenees-atlantiques\/speleologie\/\" \/>\n<meta property=\"og:site_name\" content=\"Aventure Chlorophylle\" \/>\n<meta property=\"article:publisher\" content=\"https:\/\/www.facebook.com\/aventurechlorophylle\" \/>\n<meta property=\"article:modified_time\" content=\"2025-08-13T11:20:45+00:00\" \/>\n<meta name=\"twitter:card\" content=\"summary_large_image\" \/>\n<meta name=\"twitter:label1\" content=\"Geschatte leestijd\" \/>\n\t<meta name=\"twitter:data1\" content=\"6 minuten\" \/>\n<script type=\"application\/ld+json\" class=\"yoast-schema-graph\">{\"@context\":\"https:\/\/schema.org\",\"@graph\":[{\"@type\":\"WebPage\",\"@id\":\"https:\/\/www.aventure-chlorophylle.com\/canyoning-rafting-pyrenees-atlantiques\/speleologie\/\",\"url\":\"https:\/\/www.aventure-chlorophylle.com\/canyoning-rafting-pyrenees-atlantiques\/speleologie\/\",\"name\":\"Sp\u00e9l\u00e9ologie - Aventure Chlorophylle\",\"isPartOf\":{\"@id\":\"https:\/\/www.aventure-chlorophylle.com\/#website\"},\"primaryImageOfPage\":{\"@id\":\"https:\/\/www.aventure-chlorophylle.com\/canyoning-rafting-pyrenees-atlantiques\/speleologie\/#primaryimage\"},\"image\":{\"@id\":\"https:\/\/www.aventure-chlorophylle.com\/canyoning-rafting-pyrenees-atlantiques\/speleologie\/#primaryimage\"},\"thumbnailUrl\":\"https:\/\/www.aventure-chlorophylle.com\/wp-content\/uploads\/2021\/06\/icon_canyoning.svg\",\"datePublished\":\"2020-12-07T09:37:16+00:00\",\"dateModified\":\"2025-08-13T11:20:45+00:00\",\"description\":\"Sorties \u00e0 la journ\u00e9e ou demi-journ\u00e9e en sp\u00e9l\u00e9ologie en vall\u00e9e d'Ossau dans les Pyr\u00e9n\u00e9es Atlantiques, encadr\u00e9e par un guide dipl\u00f4m\u00e9 d'Etat\",\"breadcrumb\":{\"@id\":\"https:\/\/www.aventure-chlorophylle.com\/canyoning-rafting-pyrenees-atlantiques\/speleologie\/#breadcrumb\"},\"inLanguage\":\"nl-NL\",\"potentialAction\":[{\"@type\":\"ReadAction\",\"target\":[\"https:\/\/www.aventure-chlorophylle.com\/canyoning-rafting-pyrenees-atlantiques\/speleologie\/\"]}]},{\"@type\":\"ImageObject\",\"inLanguage\":\"nl-NL\",\"@id\":\"https:\/\/www.aventure-chlorophylle.com\/canyoning-rafting-pyrenees-atlantiques\/speleologie\/#primaryimage\",\"url\":\"https:\/\/www.aventure-chlorophylle.com\/wp-content\/uploads\/2021\/06\/icon_canyoning.svg\",\"contentUrl\":\"https:\/\/www.aventure-chlorophylle.com\/wp-content\/uploads\/2021\/06\/icon_canyoning.svg\"},{\"@type\":\"BreadcrumbList\",\"@id\":\"https:\/\/www.aventure-chlorophylle.com\/canyoning-rafting-pyrenees-atlantiques\/speleologie\/#breadcrumb\",\"itemListElement\":[{\"@type\":\"ListItem\",\"position\":1,\"name\":\"Accueil\",\"item\":\"https:\/\/www.aventure-chlorophylle.com\/\"},{\"@type\":\"ListItem\",\"position\":2,\"name\":\"Canyoning et Rafting dans les Pyr\u00e9n\u00e9es Atlantiques\",\"item\":\"https:\/\/www.aventure-chlorophylle.com\/\"},{\"@type\":\"ListItem\",\"position\":3,\"name\":\"Sp\u00e9l\u00e9ologie\"}]},{\"@type\":\"WebSite\",\"@id\":\"https:\/\/www.aventure-chlorophylle.com\/#website\",\"url\":\"https:\/\/www.aventure-chlorophylle.com\/\",\"name\":\"Aventure Chlorophylle\",\"description\":\"Activit\u00e9s de Canyoning, rafting et sp\u00e9l\u00e9ologie dans les Pyr\u00e9n\u00e9es\",\"publisher\":{\"@id\":\"https:\/\/www.aventure-chlorophylle.com\/#organization\"},\"potentialAction\":[{\"@type\":\"SearchAction\",\"target\":{\"@type\":\"EntryPoint\",\"urlTemplate\":\"https:\/\/www.aventure-chlorophylle.com\/?s={search_term_string}\"},\"query-input\":{\"@type\":\"PropertyValueSpecification\",\"valueRequired\":true,\"valueName\":\"search_term_string\"}}],\"inLanguage\":\"nl-NL\"},{\"@type\":\"Organization\",\"@id\":\"https:\/\/www.aventure-chlorophylle.com\/#organization\",\"name\":\"Aventure Chlorophylle\",\"url\":\"https:\/\/www.aventure-chlorophylle.com\/\",\"logo\":{\"@type\":\"ImageObject\",\"inLanguage\":\"nl-NL\",\"@id\":\"https:\/\/www.aventure-chlorophylle.com\/#\/schema\/logo\/image\/\",\"url\":\"https:\/\/www.aventure-chlorophylle.com\/wp-content\/uploads\/2021\/04\/logo_aventure_chlorophylle.png\",\"contentUrl\":\"https:\/\/www.aventure-chlorophylle.com\/wp-content\/uploads\/2021\/04\/logo_aventure_chlorophylle.png\",\"width\":356,\"height\":392,\"caption\":\"Aventure Chlorophylle\"},\"image\":{\"@id\":\"https:\/\/www.aventure-chlorophylle.com\/#\/schema\/logo\/image\/\"},\"sameAs\":[\"https:\/\/www.facebook.com\/aventurechlorophylle\",\"https:\/\/www.instagram.com\/aventure_chlorophylle\/\"]}]}<\/script>\n<!-- \/ Yoast SEO plugin. -->","yoast_head_json":{"title":"Speleologie - Chlorophylle Adventure","description":"Speleotochten van een hele of een halve dag in de Ossau-vallei in de Atlantische Pyrenee\u00ebn onder leiding van een gediplomeerde gids.","robots":{"index":"index","follow":"follow","max-snippet":"max-snippet:-1","max-image-preview":"max-image-preview:large","max-video-preview":"max-video-preview:-1"},"canonical":"https:\/\/www.aventure-chlorophylle.com\/nl\/canyoning-rafting-pyrenees-atlantiques\/speleologie\/","og_locale":"nl_NL","og_type":"article","og_title":"Sp\u00e9l\u00e9ologie - Aventure Chlorophylle","og_description":"Sorties \u00e0 la journ\u00e9e ou demi-journ\u00e9e en sp\u00e9l\u00e9ologie en vall\u00e9e d'Ossau dans les Pyr\u00e9n\u00e9es Atlantiques, encadr\u00e9e par un guide dipl\u00f4m\u00e9 d'Etat","og_url":"https:\/\/www.aventure-chlorophylle.com\/nl\/canyoning-rafting-pyrenees-atlantiques\/speleologie\/","og_site_name":"Aventure Chlorophylle","article_publisher":"https:\/\/www.facebook.com\/aventurechlorophylle","article_modified_time":"2025-08-13T11:20:45+00:00","twitter_card":"summary_large_image","twitter_misc":{"Geschatte leestijd":"6 minuten"},"schema":{"@context":"https:\/\/schema.org","@graph":[{"@type":"WebPage","@id":"https:\/\/www.aventure-chlorophylle.com\/canyoning-rafting-pyrenees-atlantiques\/speleologie\/","url":"https:\/\/www.aventure-chlorophylle.com\/canyoning-rafting-pyrenees-atlantiques\/speleologie\/","name":"Speleologie - Chlorophylle Adventure","isPartOf":{"@id":"https:\/\/www.aventure-chlorophylle.com\/#website"},"primaryImageOfPage":{"@id":"https:\/\/www.aventure-chlorophylle.com\/canyoning-rafting-pyrenees-atlantiques\/speleologie\/#primaryimage"},"image":{"@id":"https:\/\/www.aventure-chlorophylle.com\/canyoning-rafting-pyrenees-atlantiques\/speleologie\/#primaryimage"},"thumbnailUrl":"https:\/\/www.aventure-chlorophylle.com\/wp-content\/uploads\/2021\/06\/icon_canyoning.svg","datePublished":"2020-12-07T09:37:16+00:00","dateModified":"2025-08-13T11:20:45+00:00","description":"Speleotochten van een hele of een halve dag in de Ossau-vallei in de Atlantische Pyrenee\u00ebn onder leiding van een gediplomeerde gids.","breadcrumb":{"@id":"https:\/\/www.aventure-chlorophylle.com\/canyoning-rafting-pyrenees-atlantiques\/speleologie\/#breadcrumb"},"inLanguage":"nl-NL","potentialAction":[{"@type":"ReadAction","target":["https:\/\/www.aventure-chlorophylle.com\/canyoning-rafting-pyrenees-atlantiques\/speleologie\/"]}]},{"@type":"ImageObject","inLanguage":"nl-NL","@id":"https:\/\/www.aventure-chlorophylle.com\/canyoning-rafting-pyrenees-atlantiques\/speleologie\/#primaryimage","url":"https:\/\/www.aventure-chlorophylle.com\/wp-content\/uploads\/2021\/06\/icon_canyoning.svg","contentUrl":"https:\/\/www.aventure-chlorophylle.com\/wp-content\/uploads\/2021\/06\/icon_canyoning.svg"},{"@type":"BreadcrumbList","@id":"https:\/\/www.aventure-chlorophylle.com\/canyoning-rafting-pyrenees-atlantiques\/speleologie\/#breadcrumb","itemListElement":[{"@type":"ListItem","position":1,"name":"Accueil","item":"https:\/\/www.aventure-chlorophylle.com\/"},{"@type":"ListItem","position":2,"name":"Canyoning et Rafting dans les Pyr\u00e9n\u00e9es Atlantiques","item":"https:\/\/www.aventure-chlorophylle.com\/"},{"@type":"ListItem","position":3,"name":"Sp\u00e9l\u00e9ologie"}]},{"@type":"WebSite","@id":"https:\/\/www.aventure-chlorophylle.com\/#website","url":"https:\/\/www.aventure-chlorophylle.com\/","name":"Chlorofyl avontuur","description":"Canyoning, rafting en speleologie in de Pyrenee\u00ebn","publisher":{"@id":"https:\/\/www.aventure-chlorophylle.com\/#organization"},"potentialAction":[{"@type":"SearchAction","target":{"@type":"EntryPoint","urlTemplate":"https:\/\/www.aventure-chlorophylle.com\/?s={search_term_string}"},"query-input":{"@type":"PropertyValueSpecification","valueRequired":true,"valueName":"search_term_string"}}],"inLanguage":"nl-NL"},{"@type":"Organization","@id":"https:\/\/www.aventure-chlorophylle.com\/#organization","name":"Chlorofyl avontuur","url":"https:\/\/www.aventure-chlorophylle.com\/","logo":{"@type":"ImageObject","inLanguage":"nl-NL","@id":"https:\/\/www.aventure-chlorophylle.com\/#\/schema\/logo\/image\/","url":"https:\/\/www.aventure-chlorophylle.com\/wp-content\/uploads\/2021\/04\/logo_aventure_chlorophylle.png","contentUrl":"https:\/\/www.aventure-chlorophylle.com\/wp-content\/uploads\/2021\/04\/logo_aventure_chlorophylle.png","width":356,"height":392,"caption":"Aventure Chlorophylle"},"image":{"@id":"https:\/\/www.aventure-chlorophylle.com\/#\/schema\/logo\/image\/"},"sameAs":["https:\/\/www.facebook.com\/aventurechlorophylle","https:\/\/www.instagram.com\/aventure_chlorophylle\/"]}]}},"_links":{"self":[{"href":"https:\/\/www.aventure-chlorophylle.com\/nl\/wp-json\/wp\/v2\/pages\/2","targetHints":{"allow":["GET"]}}],"collection":[{"href":"https:\/\/www.aventure-chlorophylle.com\/nl\/wp-json\/wp\/v2\/pages"}],"about":[{"href":"https:\/\/www.aventure-chlorophylle.com\/nl\/wp-json\/wp\/v2\/types\/page"}],"author":[{"embeddable":true,"href":"https:\/\/www.aventure-chlorophylle.com\/nl\/wp-json\/wp\/v2\/users\/3"}],"replies":[{"embeddable":true,"href":"https:\/\/www.aventure-chlorophylle.com\/nl\/wp-json\/wp\/v2\/comments?post=2"}],"version-history":[{"count":4,"href":"https:\/\/www.aventure-chlorophylle.com\/nl\/wp-json\/wp\/v2\/pages\/2\/revisions"}],"predecessor-version":[{"id":269494,"href":"https:\/\/www.aventure-chlorophylle.com\/nl\/wp-json\/wp\/v2\/pages\/2\/revisions\/269494"}],"up":[{"embeddable":true,"href":"https:\/\/www.aventure-chlorophylle.com\/nl\/wp-json\/wp\/v2\/pages\/261671"}],"wp:attachment":[{"href":"https:\/\/www.aventure-chlorophylle.com\/nl\/wp-json\/wp\/v2\/media?parent=2"}],"curies":[{"name":"wp","href":"https:\/\/api.w.org\/{rel}","templated":true}]}}