{"id":262090,"date":"2021-04-26T17:05:06","date_gmt":"2021-04-26T15:05:06","guid":{"rendered":"https:\/\/www.aventure-chlorophylle.com\/?page_id=262090"},"modified":"2022-03-03T15:49:32","modified_gmt":"2022-03-03T14:49:32","slug":"verkoopvoorwaarden","status":"publish","type":"page","link":"https:\/\/www.aventure-chlorophylle.com\/nl\/verkoopvoorwaarden\/","title":{"rendered":"Algemene verkoopsvoorwaarden"},"content":{"rendered":"<p>[et_pb_section fb_built=\"1\u2033 fullwidth=\"on \" admin_label=\"Slider product \" _builder_version=\"4.9.4\u2033 _module_preset=\"default \" custom_margin=\"||-140px||false|false \" custom_margin_tablet=\"||-88px||false|false \" custom_margin_phone=\"||-44px|false|false \" custom_margin_last_edited=\"on|desktop \" locked=\"off \" collapsed=\"off \" global_colors_info=\"{} \"][et_pb_fullwidth_slider show_pagination=\"off \" use_bg_overlay=\"on \" bg_overlay_color=\"rgba(73,59,34,0.1) \" use_text_overlay=\"off \" arrows_custom_color=\"#5CAA80\u2033 _builder_version=\"4.9.2\u2033 _module_preset=\"default \" background_color=\"#F6F2EC \" use_background_color_gradient=\"on \" background_color_gradient_start=\"rgba(34,34,34,0) \" background_color_gradient_end=\"rgba(34,34,34,0.05) \" background_color_gradient_start_position=\"40% \" background_color_gradient_overlays_image=\"on \" min_height_tablet= \" min_height_phone= \" min_height_last_edited=\"on|desktop \" height=\"400px \" height_tablet=\"220px \" height_phone=\"140px \" height_last_edited=\"on|desktop \" global_colors_info=\"{}\"][et_pb_slide use_bg_overlay=\"off \" _builder_version=\"4.9.2\u2033 _module_preset=\"default \" body_text_align=\"center \" body_text_color=\"#FFFFFF \" background_color=\"#F6F2EC \" background_enable_color=\"on \" background_image=\"https:\/\/www.aventure-chlorophylle.com\/wp-content\/uploads\/2021\/06\/nous_situer.jpg \" background_enable_image=\"on \" global_colors_info=\"{} \" sticky_transition=\"on \"][\/et_pb_slide][\/et_pb_fullwidth_slider][\/et_pb_section][et_pb_section fb_built=\"1\u2033 admin_label=\"berg op de achtergrond\" _builder_version=\"4.11.2\u2033 _module_preset=\"default \" background_color=\"RGBA(0,0,0,0) \" background_image=\"https:\/\/www.aventure-chlorophylle.com\/wp-content\/uploads\/2021\/04\/msk-mountain.svg \" z_index=\"10\u2033 height=\"144px \" height_tablet=\"88px \" height_phone=\"44px \" height_last_edited=\"on|phone \" custom_padding=\"0px|0px|true|false \" global_module=\"261939\u2033 collapsed=\"on \" global_colors_info=\"{}\"][\/et_pb_section][et_pb_section fb_built=\"1\u2033 _builder_version=\"4.9.4\u2033 _module_preset=\"default \" background_color=\"#FFFFFF \" custom_padding=\"0px||0px|| \" collapsed=\"on \" global_colors_info=\"{} \"][et_pb_row admin_label=\"Fil d'arianne\" _builder_version=\"4.9.4\u2033 _module_preset=\"default \" custom_padding=\"0px||0px||true|false \" global_module=\"261844\u2033 saved_tabs=\"all \" collapsed=\"on \" global_colors_info=\"{}\"][et_pb_column type=\"4_4\u2033 _builder_version=\"4.9.4\u2033 _module_preset=\"default \" global_colors_info=\"{} \"][et_pb_code _builder_version=\"4.9.2\u2033 _module_preset=\"default \" global_colors_info=\"{} \"]<span><span><a href=\"https:\/\/www.aventure-chlorophylle.com\/nl\/\">Home<\/a><\/span><\/span>[et_pb_code][\/et_pb_column][\/et_pb_row][et_pb_row _builder_version=\"4.9.4\u2033 _module_preset=\"default \" global_colors_info=\"{} \"][et_pb_column type=\"4_4\u2033 _builder_version=\"4.9.4\u2033 _module_preset=\"default \" global_colors_info=\"{} \"][et_pb_text _builder_version=\"4.9.4\u2033 _module_preset=\"default \" global_colors_info=\"{} \"]<\/p>\n<h1>Algemene verkoopvoorwaarden (AVV)<\/h1>\n<p>[\/et_pb_text][\/et_pb_column][\/et_pb_row][\/et_pb_section][et_pb_section fb_built=\"1\u2033 admin_label=\"Low Tear\" _builder_version=\"4.9.4\u2033 _module_preset=\"default\" background_color=\"RGBA(0,0,0,0) \" background_image=\"https:\/\/www.aventure-chlorophylle.com\/wp-content\/uploads\/2021\/04\/msk-horizontal-top.svg \" background_repeat=\"repeat-x \" height=\"30px \" height_tablet=\"30px \" height_phone=\"30px \" height_last_edited=\"on|tablet \" custom_padding=\"0px|0px|true|false \" custom_css_main_element=\"background-size:auto 100%!important; \" saved_tabs=\"all \" collapsed=\"on \" global_colors_info=\"{} \"][\/et_pb_section][et_pb_section fb_built=\"1\u2033 _builder_version=\"4.9.4\u2033 _module_preset=\"default \" background_color=\"RGBA(0,0,0,0) \" global_colors_info=\"{} \"][et_pb_row _builder_version=\"4.9.4\u2033 _module_preset=\"default \" global_colors_info=\"{} \"][et_pb_column type=\"4_4\u2033 _builder_version=\"4.9.4\u2033 _module_preset=\"default \" global_colors_info=\"{} \"][et_pb_text admin_label=\"Intro \" _builder_version=\"4.10.5\u2033 _module_preset=\"default \" global_colors_info=\"{} \"]<\/p>\n<p>Kantoor skileraren Ossau Valley<br \/>Espace Pachou - 2, Rue du Parc National<br \/>64260 ARUDY.<\/p>\n<p>T. 05.59.71.11.07 \/ 06.28.07.90.22<br \/><a href=\"mailto:contact@aventure-chlorophylle.com\">contact@aventure-chlorophylle.com<\/a><\/p>\n<p>Siret 800.812.497.00025<\/p>\n<p>De algemene verkoopsvoorwaarden zijn van toepassing tussen Aventure Chlorophylle en de personen die een activiteit boeken.<br \/>De algemene verkoopsvoorwaarden kunnen worden gewijzigd door Aventure Chlorophylle.<\/p>\n<p>Inschrijving voor een activiteit houdt in dat alle volwassen deelnemers (of hun wettelijke vertegenwoordiger voor minderjarigen) deze algemene voorwaarden hebben gelezen en ermee instemmen.<\/p>\n<p>[\/et_pb_text][et_pb_text _builder_version=\"4.14.8\u2033 _module_preset=\"default \" hover_enabled=\"0\u2033 global_colors_info=\"{} \" sticky_enabled=\"0\u2033]<\/p>\n<h3>Art 1 : De diensten<\/h3>\n<p>&nbsp;<\/p>\n<p>De sportactiviteiten die worden aangeboden door Aventure Chlorophylle, de plaatselijke vereniging van instructeurs in de Ossau-vallei, worden begeleid door onafhankelijke instructeurs en gidsen die lid zijn van de plaatselijke vereniging.<br \/>Deze professionals geven een mandaat aan Aventure Chlorophylle om namens hen te reserveren.<br \/>De instructeurs\/gidsen zijn staatsgediplomeerd in hun respectieve disciplines en voldoen aan hun wettelijke verplichtingen (U.R.S.A.F, D.D.C.S.P.P verklaring, beroepskaarten).<\/p>\n<p>&nbsp;<\/p>\n<h3>Artikel 2 : Tarieven<\/h3>\n<p>&nbsp;<\/p>\n<p>De tarieven zijn beschikbaar op de website www.aventure-chlorophylle.com.<br \/>De tarieven zijn uitgedrukt in euro's en zijn niet onderworpen aan BTW, art 293B en\/of 261,4,4 b van de CGI.<br \/>De prijzen zijn inclusief toezicht, het lenen van materiaal en de beroepsaansprakelijkheidsverzekering van de instructeur.<br \/>De prijzen omvatten niet het vervoer naar het trefpunt en naar de plaats van de activiteit, de eventuele huur van materiaal (bv. canyoning schoenen), persoonlijke uitgaven, en voor alle dag- of meerdaagse activiteiten: picknicks, maaltijden, accommodatie, enz.<br \/>Communautaire tarieven gelden voor groepen minderjarigen die onder toezicht staan in een gemeenschap: recreatiecentra, scholen, tehuizen, enz.<br \/>Creditcards worden niet geaccepteerd voor betalingen ter plaatse: cheques, vakantiebonnen, contant geld.<\/p>\n<p>&nbsp;<\/p>\n<h3>Art 3 : Reservering<\/h3>\n<p>&nbsp;<\/p>\n<p>De reservering moet worden gedaan door een meerderjarige en ge\u00ebmancipeerde persoon.<br \/>Reserveren kan per telefoon, e-mail, post of persoonlijk.<br \/>De reservering is effectief na ontvangst van een voorschot, het bedrag van het voorschot hangt af van de afstand van de activiteit datum. Het kan gaan van 30 tot 100 %.<\/p>\n<p>&nbsp;<\/p>\n<h3>Art 4 : Wijziging \/ annulering<\/h3>\n<p>&nbsp;<\/p>\n<p><strong>Vanwege de klant:<\/strong><\/p>\n<p>Annulering meer dan 15 dagen voor vertrek: niets verschuldigd, de aanbetaling wordt terugbetaald.<br \/>Annulering van 14 tot 3 dagen voor vertrek: 30 % van het totale bedrag van de dienst is verschuldigd.<br \/>Annulering minder dan 72 uur voor vertrek: het volledige bedrag van de dienst is verschuldigd.<\/p>\n<p><strong><span style=\"text-decoration: underline;\">Het overlopen van een of meer deelnemers<\/span><\/strong> is onderworpen aan dezelfde voorwaarden als een annulering.<\/p>\n<p><span style=\"text-decoration: underline;\">In geval van een onderbreking van de dienst<\/span> De klant of deelnemer heeft geen recht op enige terugbetaling (= terugtrekking tijdens de uitstap, wegens vermoeidheid, gebrek aan bekwaamheid, het niet opvolgen van instructies, het in gevaar brengen van de klant of andere deelnemers, enz.)<\/p>\n<p><span style=\"text-decoration: underline;\">Een uitje kan alleen geannuleerd worden wegens weersomstandigheden als deze een risico vormen voor de activiteit<\/span>.<br \/>De beslissing om de activiteit te annuleren of uit te stellen wordt genomen door de instructeur(s) of gids(en); deze beslissing is soeverein.<\/p>\n<p><strong>Vanwege \"Chlorofyl Adventure\":<\/strong><\/p>\n<p>In geval van slechte weersomstandigheden of om een andere reden die de veiligheid van de activiteit in gevaar brengt, behoudt Alexandre Gumy, directeur van het instructeursbureau van Aventure Chlorophylle, of de bij de activiteit betrokken instructeur, zich het recht voor het programma van de activiteit in overleg met de deelnemers te wijzigen.<br \/>Ingeval de activiteit niet kan worden uitgevoerd, kan deze worden uitgesteld tot een latere datum of kan een terugbetaling worden verkregen, zonder dat aanspraak kan worden gemaakt op enige vergoeding.<br \/>De instructeurs van Aventure Chlorophylle behouden zich het recht voor elke deelnemer uit te sluiten die dronken is of wiens gedrag de activiteit kan verstoren of de veiligheid van de groep in gevaar kan brengen. In dit geval heeft de klant of deelnemer geen recht op enige terugbetaling of vergoeding.<\/p>\n<p><strong>Annulering wegens onvoldoende deelnemers :<\/strong><\/p>\n<p>Het vertrek van onze uitstappen wordt gegarandeerd met een minimum aantal deelnemers (behalve voor priv\u00e9-uitstappen).<\/p>\n<p>- Voor wildwateractiviteiten (rafting) is dit minimumaantal<br \/>- Voor activiteiten in de bergen is het minimumaantal :<\/p>\n<ul>\n<li>van 16 september tot 14 juni, met uitzondering van het Hemelvaart- en Pinksterweekend (4 voor deze weekenden)<\/li>\n<li>4 van 15 juni tot 15 september.<\/li>\n<li>5 voor WE canyon in Sierra de Guara.<\/li>\n<\/ul>\n<p>Indien dit minimumaantal niet wordt bereikt, behoudt Aventure Chlorophylle zich het recht voor de dienst te annuleren. De klant kan echter een supplement betalen dat overeenkomt met het vereiste minimum aantal om het uitstapje te kunnen uitvoeren ondanks een onvoldoende aantal deelnemers.<br \/>In geval van annulering door Aventure Chlorophylle zullen alle eerder betaalde bedragen volledig aan de klant worden terugbetaald, zonder enig recht op schadevergoeding.<\/p>\n<p>&nbsp;<\/p>\n<h3>Artikel 5: Verzekering<\/h3>\n<p>&nbsp;<\/p>\n<p>Als organisator is Aventure Chlorophylle gedekt door een beroepsaansprakelijkheidsverzekering.<br \/>De betrokken instructeurs of gidsen zijn verzekerd tegen beroepsaansprakelijkheid voor het geven van hun activiteiten.<br \/>Elke deelnemer moet ervoor zorgen dat hij\/zij gedekt is door een wettelijke aansprakelijkheids- en persoonlijke ongevallenverzekering voor het beoefenen van de geplande sport.<\/p>\n<p>&nbsp;<\/p>\n<h3>Artikel 6: Aanbevelingen<\/h3>\n<p>&nbsp;<\/p>\n<p>De door Aventure Chlorophylle voorgestelde activiteiten zijn sportieve, ontspannende en recreatieve activiteiten in de open lucht, bekend als \"riskant\".<br \/>Het is uw verantwoordelijkheid om bij uw inschrijving de voorwaarden en het vereiste niveau te controleren. Hoewel de moeilijkheidsgraad van de routes en trajecten wordt aangepast en gepersonaliseerd, is het raadzaam om ervoor te zorgen dat u over voldoende fysieke conditie beschikt voordat u zich vastlegt. Overschat uzelf in ieder geval niet. Zorg ervoor dat u de juiste informatie krijgt voordat u boekt.<\/p>\n<p>Voor alle wildwateractiviteiten en canyoning is het essentieel om te kunnen zwemmen en niet bang te zijn voor water.<\/p>\n<p><span style=\"text-decoration: underline;\">Medische contra-indicaties:<\/span><\/p>\n<p>Ondanks alle optimale veiligheidsmaatregelen die tijdens onze activiteiten worden toegepast, passen wij, met strikte inachtneming van de in het betrokken vakgebied geldende regels, procedures en praktijken, het voorzorgsbeginsel toe om te voorkomen dat anderen in gevaar worden gebracht.<\/p>\n<p>In dit perspectief en rekening houdend met het willekeurige karakter van de activiteiten, wordt de mate van gevaar a priori en subjectief ge\u00ebvalueerd, zonder een strikte waardeschaal en op basis van empirische ervaring op het terrein en kennis van de specifieke omgeving,<strong> het is verplicht bepaalde pathologie\u00ebn of trauma's te melden die zich v\u00f3\u00f3r de activiteit hebben voorgedaan<\/strong>. Zo kan bijvoorbeeld een verstuikte enkel of een geopereerd kniegewricht verzwakken of zelfs verergeren door een onbedoeld letsel.<\/p>\n<p>Om het u gemakkelijker te maken voor uzelf te zorgen, en uw keuze te begeleiden naar de meest geschikte activiteit,<strong> het is uw verantwoordelijkheid om met name de instructeur en de organisator op de hoogte te stellen van eventuele problemen<\/strong> astma, diabetes, enkel-, schouder- en knieblessures, gewichtsproblemen, chronische oorontstekingen en peesontstekingen.<\/p>\n<p>Bovendien worden de door Aventure Chlorophylle aangeboden activiteiten in het algemeen afgeraden voor mensen met ademhalings- of cardiovasculaire problemen, tetanie-aanvallen, epileptici en zwangere vrouwen.<\/p>\n<p>&nbsp;<\/p>\n<h3>Art 7 : Verlies, beschadiging, diefstal<\/h3>\n<p>&nbsp;<\/p>\n<p>Aventure Chlorophylle of de instructeur die de activiteit begeleidt kan niet aansprakelijk worden gesteld voor het verlies of de beschadiging van persoonlijke bezittingen tijdens de activiteit.<br \/>Hetzelfde geldt voor diefstallen uit voertuigen die geparkeerd staan op parkeerplaatsen van activiteiten- en ontmoetingsplaatsen.<\/p>\n<p>[\/et_pb_text][\/et_pb_column][\/et_pb_row][\/et_pb_section]<\/p>","protected":false},"excerpt":{"rendered":"<p><span><span><a href=\"https:\/\/www.aventure-chlorophylle.com\/nl\/\">Home<\/a><\/span><\/span>Algemene verkoopvoorwaarden (AVV) Bureau des Moniteurs de Vall\u00e9e d'OssauRuimte Pachou - 2, Rue du Parc National64260 ARUDY. T. 05.59.71.11.07 \/ 06.28.07.90.22contact@aventure-chlorophylle.com Siret 800.812.497.00025 De algemene verkoopvoorwaarden zijn van toepassing tussen Aventure Chlorophylle en personen die een activiteit boeken en kunnen door Aventure Chlorophylle worden gewijzigd. Inschrijving voor een activiteit houdt in dat [...]<\/p>","protected":false},"author":3,"featured_media":0,"parent":0,"menu_order":0,"comment_status":"closed","ping_status":"closed","template":"","meta":{"_acf_changed":false,"_et_pb_use_builder":"on","_et_pb_old_content":"","_et_gb_content_width":"","inline_featured_image":false,"footnotes":""},"class_list":["post-262090","page","type-page","status-publish","hentry"],"acf":[],"yoast_head":"<!-- This site is optimized with the Yoast SEO plugin v26.7 - https:\/\/yoast.com\/wordpress\/plugins\/seo\/ -->\n<title>Conditions g\u00e9n\u00e9rales de vente - Aventure Chlorophylle<\/title>\n<meta name=\"robots\" content=\"index, follow, max-snippet:-1, max-image-preview:large, max-video-preview:-1\" \/>\n<link rel=\"canonical\" href=\"https:\/\/www.aventure-chlorophylle.com\/nl\/verkoopvoorwaarden\/\" \/>\n<meta property=\"og:locale\" content=\"nl_NL\" \/>\n<meta property=\"og:type\" content=\"article\" \/>\n<meta property=\"og:title\" content=\"Conditions g\u00e9n\u00e9rales de vente - Aventure Chlorophylle\" \/>\n<meta property=\"og:description\" content=\"Conditions G\u00e9n\u00e9rales de Vente (CGV)Bureau des Moniteurs de Vall\u00e9e d\u2019OssauEspace Pachou \u2013 2, Rue du Parc National64260 ARUDY. T. 05.59.71.11.07 \/ 06.28.07.90.22contact@aventure-chlorophylle.com Siret 800.812.497.00025 Les conditions g\u00e9n\u00e9rales de vente s\u2019appliquent entre Aventure Chlorophylle et les personnes r\u00e9servant une activit\u00e9.Les conditions g\u00e9n\u00e9rales de vente peuvent \u00eatre modifi\u00e9es par Aventure Chlorophylle. L\u2019inscription \u00e0 une activit\u00e9 implique que [&hellip;]\" \/>\n<meta property=\"og:url\" content=\"https:\/\/www.aventure-chlorophylle.com\/nl\/verkoopvoorwaarden\/\" \/>\n<meta property=\"og:site_name\" content=\"Aventure Chlorophylle\" \/>\n<meta property=\"article:publisher\" content=\"https:\/\/www.facebook.com\/aventurechlorophylle\" \/>\n<meta property=\"article:modified_time\" content=\"2022-03-03T14:49:32+00:00\" \/>\n<meta name=\"twitter:card\" content=\"summary_large_image\" \/>\n<script type=\"application\/ld+json\" class=\"yoast-schema-graph\">{\"@context\":\"https:\/\/schema.org\",\"@graph\":[{\"@type\":\"WebPage\",\"@id\":\"https:\/\/www.aventure-chlorophylle.com\/conditions-generales-de-vente\/\",\"url\":\"https:\/\/www.aventure-chlorophylle.com\/conditions-generales-de-vente\/\",\"name\":\"Conditions g\u00e9n\u00e9rales de vente - Aventure Chlorophylle\",\"isPartOf\":{\"@id\":\"https:\/\/www.aventure-chlorophylle.com\/#website\"},\"datePublished\":\"2021-04-26T15:05:06+00:00\",\"dateModified\":\"2022-03-03T14:49:32+00:00\",\"breadcrumb\":{\"@id\":\"https:\/\/www.aventure-chlorophylle.com\/conditions-generales-de-vente\/#breadcrumb\"},\"inLanguage\":\"nl-NL\",\"potentialAction\":[{\"@type\":\"ReadAction\",\"target\":[\"https:\/\/www.aventure-chlorophylle.com\/conditions-generales-de-vente\/\"]}]},{\"@type\":\"BreadcrumbList\",\"@id\":\"https:\/\/www.aventure-chlorophylle.com\/conditions-generales-de-vente\/#breadcrumb\",\"itemListElement\":[{\"@type\":\"ListItem\",\"position\":1,\"name\":\"Accueil\",\"item\":\"https:\/\/www.aventure-chlorophylle.com\/\"},{\"@type\":\"ListItem\",\"position\":2,\"name\":\"Conditions g\u00e9n\u00e9rales de vente\"}]},{\"@type\":\"WebSite\",\"@id\":\"https:\/\/www.aventure-chlorophylle.com\/#website\",\"url\":\"https:\/\/www.aventure-chlorophylle.com\/\",\"name\":\"Aventure Chlorophylle\",\"description\":\"Activit\u00e9s de Canyoning, rafting et sp\u00e9l\u00e9ologie dans les Pyr\u00e9n\u00e9es\",\"publisher\":{\"@id\":\"https:\/\/www.aventure-chlorophylle.com\/#organization\"},\"potentialAction\":[{\"@type\":\"SearchAction\",\"target\":{\"@type\":\"EntryPoint\",\"urlTemplate\":\"https:\/\/www.aventure-chlorophylle.com\/?s={search_term_string}\"},\"query-input\":{\"@type\":\"PropertyValueSpecification\",\"valueRequired\":true,\"valueName\":\"search_term_string\"}}],\"inLanguage\":\"nl-NL\"},{\"@type\":\"Organization\",\"@id\":\"https:\/\/www.aventure-chlorophylle.com\/#organization\",\"name\":\"Aventure Chlorophylle\",\"url\":\"https:\/\/www.aventure-chlorophylle.com\/\",\"logo\":{\"@type\":\"ImageObject\",\"inLanguage\":\"nl-NL\",\"@id\":\"https:\/\/www.aventure-chlorophylle.com\/#\/schema\/logo\/image\/\",\"url\":\"https:\/\/www.aventure-chlorophylle.com\/wp-content\/uploads\/2021\/04\/logo_aventure_chlorophylle.png\",\"contentUrl\":\"https:\/\/www.aventure-chlorophylle.com\/wp-content\/uploads\/2021\/04\/logo_aventure_chlorophylle.png\",\"width\":356,\"height\":392,\"caption\":\"Aventure Chlorophylle\"},\"image\":{\"@id\":\"https:\/\/www.aventure-chlorophylle.com\/#\/schema\/logo\/image\/\"},\"sameAs\":[\"https:\/\/www.facebook.com\/aventurechlorophylle\",\"https:\/\/www.instagram.com\/aventure_chlorophylle\/\"]}]}<\/script>\n<!-- \/ Yoast SEO plugin. -->","yoast_head_json":{"title":"Verkoopvoorwaarden - Aventure Chlorophylle","robots":{"index":"index","follow":"follow","max-snippet":"max-snippet:-1","max-image-preview":"max-image-preview:large","max-video-preview":"max-video-preview:-1"},"canonical":"https:\/\/www.aventure-chlorophylle.com\/nl\/verkoopvoorwaarden\/","og_locale":"nl_NL","og_type":"article","og_title":"Conditions g\u00e9n\u00e9rales de vente - Aventure Chlorophylle","og_description":"Conditions G\u00e9n\u00e9rales de Vente (CGV)Bureau des Moniteurs de Vall\u00e9e d\u2019OssauEspace Pachou \u2013 2, Rue du Parc National64260 ARUDY. T. 05.59.71.11.07 \/ 06.28.07.90.22contact@aventure-chlorophylle.com Siret 800.812.497.00025 Les conditions g\u00e9n\u00e9rales de vente s\u2019appliquent entre Aventure Chlorophylle et les personnes r\u00e9servant une activit\u00e9.Les conditions g\u00e9n\u00e9rales de vente peuvent \u00eatre modifi\u00e9es par Aventure Chlorophylle. L\u2019inscription \u00e0 une activit\u00e9 implique que [&hellip;]","og_url":"https:\/\/www.aventure-chlorophylle.com\/nl\/verkoopvoorwaarden\/","og_site_name":"Aventure Chlorophylle","article_publisher":"https:\/\/www.facebook.com\/aventurechlorophylle","article_modified_time":"2022-03-03T14:49:32+00:00","twitter_card":"summary_large_image","schema":{"@context":"https:\/\/schema.org","@graph":[{"@type":"WebPage","@id":"https:\/\/www.aventure-chlorophylle.com\/conditions-generales-de-vente\/","url":"https:\/\/www.aventure-chlorophylle.com\/conditions-generales-de-vente\/","name":"Verkoopvoorwaarden - Aventure Chlorophylle","isPartOf":{"@id":"https:\/\/www.aventure-chlorophylle.com\/#website"},"datePublished":"2021-04-26T15:05:06+00:00","dateModified":"2022-03-03T14:49:32+00:00","breadcrumb":{"@id":"https:\/\/www.aventure-chlorophylle.com\/conditions-generales-de-vente\/#breadcrumb"},"inLanguage":"nl-NL","potentialAction":[{"@type":"ReadAction","target":["https:\/\/www.aventure-chlorophylle.com\/conditions-generales-de-vente\/"]}]},{"@type":"BreadcrumbList","@id":"https:\/\/www.aventure-chlorophylle.com\/conditions-generales-de-vente\/#breadcrumb","itemListElement":[{"@type":"ListItem","position":1,"name":"Accueil","item":"https:\/\/www.aventure-chlorophylle.com\/"},{"@type":"ListItem","position":2,"name":"Conditions g\u00e9n\u00e9rales de vente"}]},{"@type":"WebSite","@id":"https:\/\/www.aventure-chlorophylle.com\/#website","url":"https:\/\/www.aventure-chlorophylle.com\/","name":"Chlorofyl avontuur","description":"Canyoning, rafting en speleologie in de Pyrenee\u00ebn","publisher":{"@id":"https:\/\/www.aventure-chlorophylle.com\/#organization"},"potentialAction":[{"@type":"SearchAction","target":{"@type":"EntryPoint","urlTemplate":"https:\/\/www.aventure-chlorophylle.com\/?s={search_term_string}"},"query-input":{"@type":"PropertyValueSpecification","valueRequired":true,"valueName":"search_term_string"}}],"inLanguage":"nl-NL"},{"@type":"Organization","@id":"https:\/\/www.aventure-chlorophylle.com\/#organization","name":"Chlorofyl avontuur","url":"https:\/\/www.aventure-chlorophylle.com\/","logo":{"@type":"ImageObject","inLanguage":"nl-NL","@id":"https:\/\/www.aventure-chlorophylle.com\/#\/schema\/logo\/image\/","url":"https:\/\/www.aventure-chlorophylle.com\/wp-content\/uploads\/2021\/04\/logo_aventure_chlorophylle.png","contentUrl":"https:\/\/www.aventure-chlorophylle.com\/wp-content\/uploads\/2021\/04\/logo_aventure_chlorophylle.png","width":356,"height":392,"caption":"Aventure Chlorophylle"},"image":{"@id":"https:\/\/www.aventure-chlorophylle.com\/#\/schema\/logo\/image\/"},"sameAs":["https:\/\/www.facebook.com\/aventurechlorophylle","https:\/\/www.instagram.com\/aventure_chlorophylle\/"]}]}},"_links":{"self":[{"href":"https:\/\/www.aventure-chlorophylle.com\/nl\/wp-json\/wp\/v2\/pages\/262090","targetHints":{"allow":["GET"]}}],"collection":[{"href":"https:\/\/www.aventure-chlorophylle.com\/nl\/wp-json\/wp\/v2\/pages"}],"about":[{"href":"https:\/\/www.aventure-chlorophylle.com\/nl\/wp-json\/wp\/v2\/types\/page"}],"author":[{"embeddable":true,"href":"https:\/\/www.aventure-chlorophylle.com\/nl\/wp-json\/wp\/v2\/users\/3"}],"replies":[{"embeddable":true,"href":"https:\/\/www.aventure-chlorophylle.com\/nl\/wp-json\/wp\/v2\/comments?post=262090"}],"version-history":[{"count":2,"href":"https:\/\/www.aventure-chlorophylle.com\/nl\/wp-json\/wp\/v2\/pages\/262090\/revisions"}],"predecessor-version":[{"id":265761,"href":"https:\/\/www.aventure-chlorophylle.com\/nl\/wp-json\/wp\/v2\/pages\/262090\/revisions\/265761"}],"wp:attachment":[{"href":"https:\/\/www.aventure-chlorophylle.com\/nl\/wp-json\/wp\/v2\/media?parent=262090"}],"curies":[{"name":"wp","href":"https:\/\/api.w.org\/{rel}","templated":true}]}}