{"id":262380,"date":"2021-05-03T13:46:25","date_gmt":"2021-05-03T11:46:25","guid":{"rendered":"https:\/\/www.aventure-chlorophylle.com\/?page_id=262380"},"modified":"2025-10-13T11:52:14","modified_gmt":"2025-10-13T09:52:14","slug":"tarieven-prize-outscapes-commitment","status":"publish","type":"page","link":"https:\/\/www.aventure-chlorophylle.com\/nl\/canyoning-rafting-pyrenees-atlantiques\/tarieven-prize-outscapes-commitment\/","title":{"rendered":"Tarieven voor priv\u00e9-uitstapjes (alleen instructeur)"},"content":{"rendered":"<p>[et_pb_section fb_built=\u00a0\u00bb1&Prime; fullwidth=\u00a0\u00bbon\u00a0\u00bb admin_label=\u00a0\u00bbSlider produit\u00a0\u00bb _builder_version=\u00a0\u00bb4.16&Prime; _module_preset=\u00a0\u00bbdefault\u00a0\u00bb custom_margin=\u00a0\u00bb||-140px||false|false\u00a0\u00bb custom_margin_tablet=\u00a0\u00bb||-88px||false|false\u00a0\u00bb custom_margin_phone=\u00a0\u00bb||-44px||false|false\u00a0\u00bb custom_margin_last_edited=\u00a0\u00bbon|desktop\u00a0\u00bb locked=\u00a0\u00bboff\u00a0\u00bb collapsed=\u00a0\u00bbon\u00a0\u00bb global_colors_info=\u00a0\u00bb{}\u00a0\u00bb][et_pb_fullwidth_slider show_pagination=\u00a0\u00bboff\u00a0\u00bb use_bg_overlay=\u00a0\u00bbon\u00a0\u00bb bg_overlay_color=\u00a0\u00bbrgba(73,59,34,0.1)\u00a0\u00bb use_text_overlay=\u00a0\u00bboff\u00a0\u00bb arrows_custom_color=\u00a0\u00bb#5CAA80&Prime; _builder_version=\u00a0\u00bb4.16&Prime; _module_preset=\u00a0\u00bbdefault\u00a0\u00bb background_color=\u00a0\u00bb#F6F2EC\u00a0\u00bb use_background_color_gradient=\u00a0\u00bbon\u00a0\u00bb background_color_gradient_stops=\u00a0\u00bbrgba(34,34,34,0) 40%|rgba(34,34,34,0.05) 100%\u00a0\u00bb background_color_gradient_overlays_image=\u00a0\u00bbon\u00a0\u00bb background_color_gradient_start=\u00a0\u00bbrgba(34,34,34,0)\u00a0\u00bb background_color_gradient_start_position=\u00a0\u00bb40%\u00a0\u00bb background_color_gradient_end=\u00a0\u00bbrgba(34,34,34,0.05)\u00a0\u00bb min_height_tablet=\u00a0\u00bb\u00a0\u00bb min_height_phone=\u00a0\u00bb\u00a0\u00bb min_height_last_edited=\u00a0\u00bbon|desktop\u00a0\u00bb height=\u00a0\u00bb400px\u00a0\u00bb height_tablet=\u00a0\u00bb220px\u00a0\u00bb height_phone=\u00a0\u00bb140px\u00a0\u00bb height_last_edited=\u00a0\u00bbon|desktop\u00a0\u00bb global_colors_info=\u00a0\u00bb{}\u00a0\u00bb][et_pb_slide use_bg_overlay=\u00a0\u00bboff\u00a0\u00bb _builder_version=\u00a0\u00bb4.16&Prime; _module_preset=\u00a0\u00bbdefault\u00a0\u00bb body_text_align=\u00a0\u00bbcenter\u00a0\u00bb body_text_color=\u00a0\u00bb#FFFFFF\u00a0\u00bb background_color=\u00a0\u00bb#F6F2EC\u00a0\u00bb background_enable_color=\u00a0\u00bbon\u00a0\u00bb background_image=\u00a0\u00bbhttps:\/\/www.aventure-chlorophylle.com\/wp-content\/uploads\/2021\/05\/activite_rafting_demi-journee_gave_de_pau_31.jpg\u00a0\u00bb background_enable_image=\u00a0\u00bbon\u00a0\u00bb global_colors_info=\u00a0\u00bb{}\u00a0\u00bb sticky_transition=\u00a0\u00bbon\u00a0\u00bb][\/et_pb_slide][\/et_pb_fullwidth_slider][\/et_pb_section][et_pb_section fb_built=\u00a0\u00bb1&Prime; admin_label=\u00a0\u00bbmontagne en fond\u00a0\u00bb _builder_version=\u00a0\u00bb4.27.4&Prime; _module_preset=\u00a0\u00bbdefault\u00a0\u00bb background_color=\u00a0\u00bbRGBA(0,0,0,0)\u00a0\u00bb background_image=\u00a0\u00bbhttps:\/\/www.aventure-chlorophylle.com\/wp-content\/uploads\/2021\/04\/msk-mountain.svg\u00a0\u00bb background_enable_image=\u00a0\u00bboff\u00a0\u00bb z_index=\u00a0\u00bb10&Prime; height=\u00a0\u00bb144px\u00a0\u00bb height_tablet=\u00a0\u00bb88px\u00a0\u00bb height_phone=\u00a0\u00bb44px\u00a0\u00bb height_last_edited=\u00a0\u00bbon|phone\u00a0\u00bb custom_padding=\u00a0\u00bb0px||0px||true|false\u00a0\u00bb global_module=\u00a0\u00bb261939&Prime; collapsed=\u00a0\u00bboff\u00a0\u00bb global_colors_info=\u00a0\u00bb{}\u00a0\u00bb][\/et_pb_section][et_pb_section fb_built=\u00a0\u00bb1&Prime; _builder_version=\u00a0\u00bb4.16&Prime; _module_preset=\u00a0\u00bbdefault\u00a0\u00bb background_color=\u00a0\u00bb#FFFFFF\u00a0\u00bb custom_padding=\u00a0\u00bb0px||0px|||\u00a0\u00bb global_colors_info=\u00a0\u00bb{}\u00a0\u00bb][et_pb_row admin_label=\u00a0\u00bbFil d&rsquo;arianne\u00a0\u00bb _builder_version=\u00a0\u00bb4.9.4&Prime; _module_preset=\u00a0\u00bbdefault\u00a0\u00bb custom_padding=\u00a0\u00bb0px||0px||true|false\u00a0\u00bb global_module=\u00a0\u00bb261844&Prime; saved_tabs=\u00a0\u00bball\u00a0\u00bb locked=\u00a0\u00bboff\u00a0\u00bb collapsed=\u00a0\u00bboff\u00a0\u00bb global_colors_info=\u00a0\u00bb{}\u00a0\u00bb][et_pb_column type=\u00a0\u00bb4_4&Prime; _builder_version=\u00a0\u00bb4.16&Prime; _module_preset=\u00a0\u00bbdefault\u00a0\u00bb global_colors_info=\u00a0\u00bb{}\u00a0\u00bb][et_pb_code _builder_version=\u00a0\u00bb4.18.0&Prime; _module_preset=\u00a0\u00bbdefault\u00a0\u00bb global_colors_info=\u00a0\u00bb{}\u00a0\u00bb]<span><span><a href=\"https:\/\/www.aventure-chlorophylle.com\/nl\/\">Home<\/a><\/span><\/span>[\/et_pb_code][\/et_pb_column][\/et_pb_row][et_pb_row column_structure=\u00a0\u00bb2_3,1_3&Prime; _builder_version=\u00a0\u00bb4.16&Prime; _module_preset=\u00a0\u00bbdefault\u00a0\u00bb global_colors_info=\u00a0\u00bb{}\u00a0\u00bb][et_pb_column type=\u00a0\u00bb2_3&Prime; _builder_version=\u00a0\u00bb4.16&Prime; _module_preset=\u00a0\u00bbdefault\u00a0\u00bb global_colors_info=\u00a0\u00bb{}\u00a0\u00bb][et_pb_text admin_label=\u00a0\u00bbTaris des sorties priv\u00e9es 2025&Prime; _builder_version=\u00a0\u00bb4.23.1&Prime; _module_preset=\u00a0\u00bbdefault\u00a0\u00bb global_colors_info=\u00a0\u00bb{}\u00a0\u00bb]<\/p>\n<h1 class=\"page-header-title wpex-block wpex-m-0 wpex-inherit-font-family wpex-not-italic wpex-tracking-normal wpex-leading-normal wpex-font-normal wpex-text-2xl wpex-text-gray-900\">Tarieven voor priv\u00e9 uitjes <\/h1>\n<p><strong>(Exclusieve verbintenis van de instructeur)<\/strong><\/p>\n<p>[\/et_pb_text][\/et_pb_column][et_pb_column type=\"1_3\u2033 _builder_version=\"4.16\u2033 _module_preset=\"default \" global_colors_info=\"{} \"][dnxte_button button_text=\"De tarieven in pdf formaat\" button_link=\"@ET-DC@eyJkeW5hbWljIjp0cnVlLCJjb250ZW50IjoicG9zdF9saW5rX3VybF9hdHRhY2htZW50Iiwic2V0dGluZ3MiOnsicG9zdF9pZCI6IjI2NzA0OCJ9fQ==@ \" button_link_new_window=\"on \" admin_label=\"tarieven private release 2023 pdf \" _builder_version=\"4.19.2\u2033 _dynamic_attributes=\"button_link \" _module_preset=\"default \" hover_enabled=\"0\u2033 global_colors_info=\"{} \" sticky_enabled=\"0\u2033][\/dnxte_button][\/et_pb_column][\/et_pb_row][et_pb_row _builder_version=\"4.16\u2033 _module_preset=\"default \" global_colors_info=\"{} \"][et_pb_column type=\"4_4\u2033 _builder_version=\"4.16\u2033 _module_preset=\"default \" global_colors_info=\"{} \"][et_pb_text admin_label=\"Groepstarieven\" _builder_version=\"4.16\u2033 _module_preset=\"default \" global_colors_info=\"{} \"]<\/p>\n<p>Tarieven voor groepen die een exclusieve instructeur willen boeken, speciaal voor hen, met een op maat gemaakt programma, zonder andere deelnemers.<br \/>Heeft geen betrekking op gemeenschappen (groepen minderjarigen onder toezicht: ALSH, scholen, enz.).<\/p>\n<p>&nbsp;<\/p>\n<p>[\/et_pb_text][et_pb_code _builder_version=\"4.23.1\u2033 _module_preset=\"default \" custom_css_main_element=\"overflow:auto;\" global_colors_info=\"{}\"]\n<table id=\"tablepress-3\" class=\"tablepress tablepress-id-3\">\n<thead>\n<tr class=\"row-1\">\n\t<td class=\"column-1\"><\/td><th class=\"column-2\">Instructeurspakket voor de groep<\/th><td class=\"column-3\"><\/td><td class=\"column-4\"><\/td><td class=\"column-5\"><\/td>\n<\/tr>\n<\/thead>\n<tbody class=\"row-striping row-hover\">\n<tr class=\"row-2\">\n\t<td class=\"column-1\"><\/td><td class=\"column-2\"><\/td><td class=\"column-3\">minimumleeftijd (jaren) of minimumlengte (lengte)<\/td><td class=\"column-4\">Max. aantal personen<\/td><td class=\"column-5\">Prijs<\/td>\n<\/tr>\n<tr class=\"row-3\">\n\t<td class=\"column-1\">Canyoning<\/td><td class=\"column-2\">Halve dag zuurstof canyon<\/td><td class=\"column-3\">10 jaar (8 jaar in augustus*)<\/td><td class=\"column-4\">10<\/td><td class=\"column-5\">450<\/td>\n<\/tr>\n<tr class=\"row-4\">\n\t<td class=\"column-1\"><\/td><td class=\"column-2\">Avontuur canyoning van een halve dag<\/td><td class=\"column-3\">14<\/td><td class=\"column-4\">10<\/td><td class=\"column-5\">550<\/td>\n<\/tr>\n<tr class=\"row-5\">\n\t<td class=\"column-1\"><\/td><td class=\"column-2\">Halve dag canyoning<\/td><td class=\"column-3\">16<\/td><td class=\"column-4\">8<\/td><td class=\"column-5\">520<\/td>\n<\/tr>\n<tr class=\"row-6\">\n\t<td class=\"column-1\"><\/td><td class=\"column-2\">Canyon zuurstof dag<\/td><td class=\"column-3\">10<\/td><td class=\"column-4\">10<\/td><td class=\"column-5\">700<\/td>\n<\/tr>\n<tr class=\"row-7\">\n\t<td class=\"column-1\"><\/td><td class=\"column-2\">Canyon dag 2 canyons avontuur<\/td><td class=\"column-3\">14<\/td><td class=\"column-4\">10<\/td><td class=\"column-5\">850<\/td>\n<\/tr>\n<tr class=\"row-8\">\n\t<td class=\"column-1\"><\/td><td class=\"column-2\">Canyon dag 1 canyon avontuur<\/td><td class=\"column-3\">14<\/td><td class=\"column-4\">8<\/td><td class=\"column-5\">750<\/td>\n<\/tr>\n<tr class=\"row-9\">\n\t<td class=\"column-1\"><\/td><td class=\"column-2\">Dagvullend canyoning<\/td><td class=\"column-3\">16<\/td><td class=\"column-4\">8<\/td><td class=\"column-5\">800<\/td>\n<\/tr>\n<tr class=\"row-10\">\n\t<td class=\"column-1\">Speleologie<\/td><td class=\"column-2\">Speleologie halve dag<\/td><td class=\"column-3\">7 (of 6 met toestemming van de gids**)<\/td><td class=\"column-4\">8<\/td><td class=\"column-5\">400<\/td>\n<\/tr>\n<tr class=\"row-11\">\n\t<td class=\"column-1\"><\/td><td class=\"column-2\">Halve dag kennismaking met speleologie<\/td><td class=\"column-3\">10<\/td><td class=\"column-4\">8<\/td><td class=\"column-5\">400<\/td>\n<\/tr>\n<tr class=\"row-12\">\n\t<td class=\"column-1\"><\/td><td class=\"column-2\">Intensief speleologie halve dag<\/td><td class=\"column-3\">14<\/td><td class=\"column-4\">6<\/td><td class=\"column-5\">390<\/td>\n<\/tr>\n<tr class=\"row-13\">\n\t<td class=\"column-1\"><\/td><td class=\"column-2\">Dag speleologie bij Grotte des Eaux-Chaudes<\/td><td class=\"column-3\">12<\/td><td class=\"column-4\">8<\/td><td class=\"column-5\">640<\/td>\n<\/tr>\n<tr class=\"row-14\">\n\t<td class=\"column-1\"><\/td><td class=\"column-2\">Dag speleologie Hayau-Bouhad\u00e8re<\/td><td class=\"column-3\">14<\/td><td class=\"column-4\">8<\/td><td class=\"column-5\">640<\/td>\n<\/tr>\n<tr class=\"row-15\">\n\t<td class=\"column-1\"><\/td><td class=\"column-2\">Verticale speleologie dag<\/td><td class=\"column-3\">14<\/td><td class=\"column-4\">6<\/td><td class=\"column-5\">600<\/td>\n<\/tr>\n<tr class=\"row-16\">\n\t<td class=\"column-1\">Rafting<\/td><td class=\"column-2\">Halve dag raften op de Gave de Pau<\/td><td class=\"column-3\">8 (6 in juli-augustus*)<\/td><td class=\"column-4\">12<\/td><td class=\"column-5\">432<\/td>\n<\/tr>\n<tr class=\"row-17\">\n\t<td class=\"column-1\"><\/td><td class=\"column-2\">Raften lentedag Lourdes naar Lestelle<\/td><td class=\"column-3\">10 (8 in juli-augustus*)<\/td><td class=\"column-4\">10<\/td><td class=\"column-5\">520<\/td>\n<\/tr>\n<tr class=\"row-18\">\n\t<td class=\"column-1\"><\/td><td class=\"column-2\">Rafting lente halve dag Herr\u00e8re-Oloron<\/td><td class=\"column-3\">10<\/td><td class=\"column-4\">8<\/td><td class=\"column-5\">440<\/td>\n<\/tr>\n<tr class=\"row-19\">\n\t<td class=\"column-1\"><\/td><td class=\"column-2\">Raften lentedag Buzy-Oloron<\/td><td class=\"column-3\">12<\/td><td class=\"column-4\">8<\/td><td class=\"column-5\">600<\/td>\n<\/tr>\n<tr class=\"row-20\">\n\t<td class=\"column-1\">Klimmen<\/td><td class=\"column-2\">Halve dag<\/td><td class=\"column-3\">8<\/td><td class=\"column-4\">8<\/td><td class=\"column-5\">320<\/td>\n<\/tr>\n<tr class=\"row-21\">\n\t<td class=\"column-1\">Via Ferrrata<\/td><td class=\"column-2\">Halve dag<\/td><td class=\"column-3\">Minimaal 1,40 m<\/td><td class=\"column-4\">8<\/td><td class=\"column-5\">360<\/td>\n<\/tr>\n<tr class=\"row-22\">\n\t<td class=\"column-1\">Via Cordata<\/td><td class=\"column-2\">Halve dag<\/td><td class=\"column-3\">Minimaal 1,40 m <\/td><td class=\"column-4\">6<\/td><td class=\"column-5\">300<\/td>\n<\/tr>\n<\/tbody>\n<\/table>\n[\/et_pb_code][et_pb_text admin_label=\u00a0\u00bbTexte\u00a0\u00bb _builder_version=\u00a0\u00bb4.23.1&Prime; _module_preset=\u00a0\u00bbdefault\u00a0\u00bb global_colors_info=\u00a0\u00bb{}\u00a0\u00bb]<\/p>\n<p>*Minimumleeftijden voor canyoning (augustus) en raften (juli-augustus) zijn lager in de zomer vanwege het warmere weer.<\/p>\n<p>**De gids zal de klant vooraf bellen om te bevestigen of 6 jaar ok is.<\/p>\n<p>De diensten worden verleend door professionele leden van het instructeursbureau Aventure Chlorophylle.<br \/>De prijs is inclusief begeleiding door gekwalificeerde instructeurs, het lenen van materiaal, aansprakelijkheidsverzekering - BTW niet van toepassing.<\/p>\n<p>[\/et_pb_text][et_pb_text admin_label=\u00a0\u00bbPourquoi privatis\u00e9 une sortie ?\u00a0\u00bb _builder_version=\u00a0\u00bb4.23.1&Prime; _module_preset=\u00a0\u00bbdefault\u00a0\u00bb global_colors_info=\u00a0\u00bb{}\u00a0\u00bb]<\/p>\n<h2 style=\"text-align: left;\">Waarom een uitgang privatiseren?<\/h2>\n<p style=\"text-align: left;\">Zo krijgt u een gids speciaal voor u, of u nu met z'n twee\u00ebn of met een groep komt. Het garandeert u een uitstapje met een gids die aan uw behoeften en verwachtingen voldoet.<\/p>\n<p style=\"text-align: left;\">U kunt ook kiezen in welke canyon, klif, rivier of grot u gaat (afhankelijk van de omstandigheden en uw niveau).<\/p>\n<p style=\"text-align: left;\"><strong>Dit is uw kans om een uitje op maat aan te bieden voor u en uw vrienden!<\/strong><\/p>\n<p>&nbsp;<\/p>\n<p>[\/et_pb_text][\/et_pb_column][\/et_pb_row][\/et_pb_section][et_pb_section fb_built=\"1\u2033 admin_label=\"Low Tear\" _builder_version=\"4.16\u2033 _module_preset=\"default\" background_color=\"RGBA(0,0,0,0)\" background_image=\"https:\/\/www.aventure-chlorophylle.com\/wp-content\/uploads\/2021\/04\/msk-horizontal-top.svg \" background_repeat=\"repeat-x \" height=\"30px \" height_tablet=\"30px \" height_phone=\"30px \" height_last_edited=\"on|desktop \" custom_padding=\"0px|0px|true|false \" custom_css_main_element=\"background-size:auto 100%!important;\" saved_tabs=\"all\" collapsed=\"on\" global_colors_info=\"{}\"][\/et_pb_section][et_pb_section fb_built=\"1\u2033 _builder_version=\"4.16\u2033 _module_preset=\"default \" background_color=\"RGBA(0,0,0,0) \" height=\"50px \" max_height=\"50px \" locked=\"off \" global_colors_info=\"{} \"][\/et_pb_section]<\/p>","protected":false},"excerpt":{"rendered":"<p><span><span><a href=\"https:\/\/www.aventure-chlorophylle.com\/nl\/\">Home<\/a><\/span><\/span>Tarifs des sorties priv\u00e9es (Engagement exclusif du moniteur)<div class=\"et_pb_with_border et_pb_module dnxte_button dnxte_button_0 et_animated et_pb_section_video_on_hover\">\n\t\t\t\t\n\t\t\t\t\n\t\t\t\t\n\t\t\t\t\n\t\t\t\t\n\t\t\t\t\n\t\t\t\t<div class=\"et_pb_module_inner\">\n\t\t\t\t\t<div class=\"dnxt-button-wrapper\">\n\t\t\t\t<a class=\"dnxt-btn-icon  dnxt-hover-sweep-to-top  dnxt-hover-icon-forward dnxt-btn-icon-on-hover\" href=\"\" target=\"_blank\"><i class=\"\">$<\/i>Prijslijst in pdf-formaat<\/a>\n\t\t\t<\/div>\n\t\t\t\t<\/div>\n\t\t\t<\/div>Tarieven van toepassing op groepen die een exclusieve instructeur willen boeken, speciaal voor hen, met een op maat gemaakt programma, zonder andere deelnemers.<\/p>","protected":false},"author":3,"featured_media":0,"parent":261671,"menu_order":0,"comment_status":"closed","ping_status":"closed","template":"","meta":{"_acf_changed":false,"_et_pb_use_builder":"on","_et_pb_old_content":"","_et_gb_content_width":"","inline_featured_image":false,"footnotes":""},"class_list":["post-262380","page","type-page","status-publish","hentry"],"acf":[],"yoast_head":"<!-- This site is optimized with the Yoast SEO plugin v26.7 - https:\/\/yoast.com\/wordpress\/plugins\/seo\/ -->\n<title>Tarifs des sorties priv\u00e9es (engagement exclusif du moniteur) - Aventure Chlorophylle<\/title>\n<meta name=\"robots\" content=\"index, follow, max-snippet:-1, max-image-preview:large, max-video-preview:-1\" \/>\n<link rel=\"canonical\" href=\"https:\/\/www.aventure-chlorophylle.com\/nl\/canyoning-rafting-pyrenees-atlantiques\/tarieven-prize-outscapes-commitment\/\" \/>\n<meta property=\"og:locale\" content=\"nl_NL\" \/>\n<meta property=\"og:type\" content=\"article\" \/>\n<meta property=\"og:title\" content=\"Tarifs des sorties priv\u00e9es (engagement exclusif du moniteur) - Aventure Chlorophylle\" \/>\n<meta property=\"og:description\" content=\"Tarifs des sorties priv\u00e9es (Engagement exclusif du moniteur)Tarifs applicables aux groupes qui souhaitent r\u00e9server un moniteur exclusif, sp\u00e9cialement pour eux, avec un programme sur mesure, sans autres participants.Ne concerne pas les collectivit\u00e9s (groupes de mineurs encadr\u00e9s : ALSH, [&hellip;]\" \/>\n<meta property=\"og:url\" content=\"https:\/\/www.aventure-chlorophylle.com\/nl\/canyoning-rafting-pyrenees-atlantiques\/tarieven-prize-outscapes-commitment\/\" \/>\n<meta property=\"og:site_name\" content=\"Aventure Chlorophylle\" \/>\n<meta property=\"article:publisher\" content=\"https:\/\/www.facebook.com\/aventurechlorophylle\" \/>\n<meta property=\"article:modified_time\" content=\"2025-10-13T09:52:14+00:00\" \/>\n<meta name=\"twitter:card\" content=\"summary_large_image\" \/>\n<meta name=\"twitter:label1\" content=\"Geschatte leestijd\" \/>\n\t<meta name=\"twitter:data1\" content=\"4 minuten\" \/>\n<script type=\"application\/ld+json\" class=\"yoast-schema-graph\">{\"@context\":\"https:\/\/schema.org\",\"@graph\":[{\"@type\":\"WebPage\",\"@id\":\"https:\/\/www.aventure-chlorophylle.com\/canyoning-rafting-pyrenees-atlantiques\/tarifs-sorties-privees-engagement\/\",\"url\":\"https:\/\/www.aventure-chlorophylle.com\/canyoning-rafting-pyrenees-atlantiques\/tarifs-sorties-privees-engagement\/\",\"name\":\"Tarifs des sorties priv\u00e9es (engagement exclusif du moniteur) - Aventure Chlorophylle\",\"isPartOf\":{\"@id\":\"https:\/\/www.aventure-chlorophylle.com\/#website\"},\"datePublished\":\"2021-05-03T11:46:25+00:00\",\"dateModified\":\"2025-10-13T09:52:14+00:00\",\"breadcrumb\":{\"@id\":\"https:\/\/www.aventure-chlorophylle.com\/canyoning-rafting-pyrenees-atlantiques\/tarifs-sorties-privees-engagement\/#breadcrumb\"},\"inLanguage\":\"nl-NL\",\"potentialAction\":[{\"@type\":\"ReadAction\",\"target\":[\"https:\/\/www.aventure-chlorophylle.com\/canyoning-rafting-pyrenees-atlantiques\/tarifs-sorties-privees-engagement\/\"]}]},{\"@type\":\"BreadcrumbList\",\"@id\":\"https:\/\/www.aventure-chlorophylle.com\/canyoning-rafting-pyrenees-atlantiques\/tarifs-sorties-privees-engagement\/#breadcrumb\",\"itemListElement\":[{\"@type\":\"ListItem\",\"position\":1,\"name\":\"Accueil\",\"item\":\"https:\/\/www.aventure-chlorophylle.com\/\"},{\"@type\":\"ListItem\",\"position\":2,\"name\":\"Canyoning et Rafting dans les Pyr\u00e9n\u00e9es Atlantiques\",\"item\":\"https:\/\/www.aventure-chlorophylle.com\/\"},{\"@type\":\"ListItem\",\"position\":3,\"name\":\"Tarifs des sorties priv\u00e9es (engagement exclusif du moniteur)\"}]},{\"@type\":\"WebSite\",\"@id\":\"https:\/\/www.aventure-chlorophylle.com\/#website\",\"url\":\"https:\/\/www.aventure-chlorophylle.com\/\",\"name\":\"Aventure Chlorophylle\",\"description\":\"Activit\u00e9s de Canyoning, rafting et sp\u00e9l\u00e9ologie dans les Pyr\u00e9n\u00e9es\",\"publisher\":{\"@id\":\"https:\/\/www.aventure-chlorophylle.com\/#organization\"},\"potentialAction\":[{\"@type\":\"SearchAction\",\"target\":{\"@type\":\"EntryPoint\",\"urlTemplate\":\"https:\/\/www.aventure-chlorophylle.com\/?s={search_term_string}\"},\"query-input\":{\"@type\":\"PropertyValueSpecification\",\"valueRequired\":true,\"valueName\":\"search_term_string\"}}],\"inLanguage\":\"nl-NL\"},{\"@type\":\"Organization\",\"@id\":\"https:\/\/www.aventure-chlorophylle.com\/#organization\",\"name\":\"Aventure Chlorophylle\",\"url\":\"https:\/\/www.aventure-chlorophylle.com\/\",\"logo\":{\"@type\":\"ImageObject\",\"inLanguage\":\"nl-NL\",\"@id\":\"https:\/\/www.aventure-chlorophylle.com\/#\/schema\/logo\/image\/\",\"url\":\"https:\/\/www.aventure-chlorophylle.com\/wp-content\/uploads\/2021\/04\/logo_aventure_chlorophylle.png\",\"contentUrl\":\"https:\/\/www.aventure-chlorophylle.com\/wp-content\/uploads\/2021\/04\/logo_aventure_chlorophylle.png\",\"width\":356,\"height\":392,\"caption\":\"Aventure Chlorophylle\"},\"image\":{\"@id\":\"https:\/\/www.aventure-chlorophylle.com\/#\/schema\/logo\/image\/\"},\"sameAs\":[\"https:\/\/www.facebook.com\/aventurechlorophylle\",\"https:\/\/www.instagram.com\/aventure_chlorophylle\/\"]}]}<\/script>\n<!-- \/ Yoast SEO plugin. -->","yoast_head_json":{"title":"Tarieven voor priv\u00e9-uitstapjes (alleen instructeur) - Aventure Chlorophylle","robots":{"index":"index","follow":"follow","max-snippet":"max-snippet:-1","max-image-preview":"max-image-preview:large","max-video-preview":"max-video-preview:-1"},"canonical":"https:\/\/www.aventure-chlorophylle.com\/nl\/canyoning-rafting-pyrenees-atlantiques\/tarieven-prize-outscapes-commitment\/","og_locale":"nl_NL","og_type":"article","og_title":"Tarifs des sorties priv\u00e9es (engagement exclusif du moniteur) - Aventure Chlorophylle","og_description":"Tarifs des sorties priv\u00e9es (Engagement exclusif du moniteur)Tarifs applicables aux groupes qui souhaitent r\u00e9server un moniteur exclusif, sp\u00e9cialement pour eux, avec un programme sur mesure, sans autres participants.Ne concerne pas les collectivit\u00e9s (groupes de mineurs encadr\u00e9s : ALSH, [&hellip;]","og_url":"https:\/\/www.aventure-chlorophylle.com\/nl\/canyoning-rafting-pyrenees-atlantiques\/tarieven-prize-outscapes-commitment\/","og_site_name":"Aventure Chlorophylle","article_publisher":"https:\/\/www.facebook.com\/aventurechlorophylle","article_modified_time":"2025-10-13T09:52:14+00:00","twitter_card":"summary_large_image","twitter_misc":{"Geschatte leestijd":"4 minuten"},"schema":{"@context":"https:\/\/schema.org","@graph":[{"@type":"WebPage","@id":"https:\/\/www.aventure-chlorophylle.com\/canyoning-rafting-pyrenees-atlantiques\/tarifs-sorties-privees-engagement\/","url":"https:\/\/www.aventure-chlorophylle.com\/canyoning-rafting-pyrenees-atlantiques\/tarifs-sorties-privees-engagement\/","name":"Tarieven voor priv\u00e9-uitstapjes (alleen instructeur) - Aventure Chlorophylle","isPartOf":{"@id":"https:\/\/www.aventure-chlorophylle.com\/#website"},"datePublished":"2021-05-03T11:46:25+00:00","dateModified":"2025-10-13T09:52:14+00:00","breadcrumb":{"@id":"https:\/\/www.aventure-chlorophylle.com\/canyoning-rafting-pyrenees-atlantiques\/tarifs-sorties-privees-engagement\/#breadcrumb"},"inLanguage":"nl-NL","potentialAction":[{"@type":"ReadAction","target":["https:\/\/www.aventure-chlorophylle.com\/canyoning-rafting-pyrenees-atlantiques\/tarifs-sorties-privees-engagement\/"]}]},{"@type":"BreadcrumbList","@id":"https:\/\/www.aventure-chlorophylle.com\/canyoning-rafting-pyrenees-atlantiques\/tarifs-sorties-privees-engagement\/#breadcrumb","itemListElement":[{"@type":"ListItem","position":1,"name":"Accueil","item":"https:\/\/www.aventure-chlorophylle.com\/"},{"@type":"ListItem","position":2,"name":"Canyoning et Rafting dans les Pyr\u00e9n\u00e9es Atlantiques","item":"https:\/\/www.aventure-chlorophylle.com\/"},{"@type":"ListItem","position":3,"name":"Tarifs des sorties priv\u00e9es (engagement exclusif du moniteur)"}]},{"@type":"WebSite","@id":"https:\/\/www.aventure-chlorophylle.com\/#website","url":"https:\/\/www.aventure-chlorophylle.com\/","name":"Chlorofyl avontuur","description":"Canyoning, rafting en speleologie in de Pyrenee\u00ebn","publisher":{"@id":"https:\/\/www.aventure-chlorophylle.com\/#organization"},"potentialAction":[{"@type":"SearchAction","target":{"@type":"EntryPoint","urlTemplate":"https:\/\/www.aventure-chlorophylle.com\/?s={search_term_string}"},"query-input":{"@type":"PropertyValueSpecification","valueRequired":true,"valueName":"search_term_string"}}],"inLanguage":"nl-NL"},{"@type":"Organization","@id":"https:\/\/www.aventure-chlorophylle.com\/#organization","name":"Chlorofyl avontuur","url":"https:\/\/www.aventure-chlorophylle.com\/","logo":{"@type":"ImageObject","inLanguage":"nl-NL","@id":"https:\/\/www.aventure-chlorophylle.com\/#\/schema\/logo\/image\/","url":"https:\/\/www.aventure-chlorophylle.com\/wp-content\/uploads\/2021\/04\/logo_aventure_chlorophylle.png","contentUrl":"https:\/\/www.aventure-chlorophylle.com\/wp-content\/uploads\/2021\/04\/logo_aventure_chlorophylle.png","width":356,"height":392,"caption":"Aventure Chlorophylle"},"image":{"@id":"https:\/\/www.aventure-chlorophylle.com\/#\/schema\/logo\/image\/"},"sameAs":["https:\/\/www.facebook.com\/aventurechlorophylle","https:\/\/www.instagram.com\/aventure_chlorophylle\/"]}]}},"_links":{"self":[{"href":"https:\/\/www.aventure-chlorophylle.com\/nl\/wp-json\/wp\/v2\/pages\/262380","targetHints":{"allow":["GET"]}}],"collection":[{"href":"https:\/\/www.aventure-chlorophylle.com\/nl\/wp-json\/wp\/v2\/pages"}],"about":[{"href":"https:\/\/www.aventure-chlorophylle.com\/nl\/wp-json\/wp\/v2\/types\/page"}],"author":[{"embeddable":true,"href":"https:\/\/www.aventure-chlorophylle.com\/nl\/wp-json\/wp\/v2\/users\/3"}],"replies":[{"embeddable":true,"href":"https:\/\/www.aventure-chlorophylle.com\/nl\/wp-json\/wp\/v2\/comments?post=262380"}],"version-history":[{"count":11,"href":"https:\/\/www.aventure-chlorophylle.com\/nl\/wp-json\/wp\/v2\/pages\/262380\/revisions"}],"predecessor-version":[{"id":269827,"href":"https:\/\/www.aventure-chlorophylle.com\/nl\/wp-json\/wp\/v2\/pages\/262380\/revisions\/269827"}],"up":[{"embeddable":true,"href":"https:\/\/www.aventure-chlorophylle.com\/nl\/wp-json\/wp\/v2\/pages\/261671"}],"wp:attachment":[{"href":"https:\/\/www.aventure-chlorophylle.com\/nl\/wp-json\/wp\/v2\/media?parent=262380"}],"curies":[{"name":"wp","href":"https:\/\/api.w.org\/{rel}","templated":true}]}}