{"id":267706,"date":"2023-10-12T11:37:35","date_gmt":"2023-10-12T09:37:35","guid":{"rendered":"https:\/\/www.aventure-chlorophylle.com\/?page_id=267706"},"modified":"2023-10-12T11:39:21","modified_gmt":"2023-10-12T09:39:21","slug":"canyoning-a-laruns","status":"publish","type":"page","link":"https:\/\/www.aventure-chlorophylle.com\/nl\/canyoning-a-laruns\/","title":{"rendered":"Canyoning in Laruns"},"content":{"rendered":"<p>[et_pb_section fb_built=\u00a0\u00bb1&Prime; _builder_version=\u00a0\u00bb4.20.4&Prime; _module_preset=\u00a0\u00bbdefault\u00a0\u00bb global_colors_info=\u00a0\u00bb{}\u00a0\u00bb][et_pb_row _builder_version=\u00a0\u00bb4.20.4&Prime; _module_preset=\u00a0\u00bbdefault\u00a0\u00bb global_colors_info=\u00a0\u00bb{}\u00a0\u00bb][et_pb_column type=\u00a0\u00bb4_4&Prime; _builder_version=\u00a0\u00bb4.20.4&Prime; _module_preset=\u00a0\u00bbdefault\u00a0\u00bb global_colors_info=\u00a0\u00bb{}\u00a0\u00bb][et_pb_text _builder_version=\u00a0\u00bb4.20.4&Prime; _module_preset=\u00a0\u00bbdefault\u00a0\u00bb global_colors_info=\u00a0\u00bb{}\u00a0\u00bb]<\/p>\n<h1 style=\"text-align: center;\">Canyoning in Laruns<\/h1>\n<h2 style=\"text-align: center;\">Ontdek de canyons van de Ossau-vallei in de Pyr\u00e9n\u00e9es Atlantiques (64)<\/h2>\n<p>&nbsp;<\/p>\n<p>&nbsp;<\/p>\n<p>[\/et_pb_text][\/et_pb_column][\/et_pb_row][et_pb_row _builder_version=\u00a0\u00bb4.20.4&Prime; _module_preset=\u00a0\u00bbdefault\u00a0\u00bb global_colors_info=\u00a0\u00bb{}\u00a0\u00bb][et_pb_column type=\u00a0\u00bb4_4&Prime; _builder_version=\u00a0\u00bb4.20.4&Prime; _module_preset=\u00a0\u00bbdefault\u00a0\u00bb global_colors_info=\u00a0\u00bb{}\u00a0\u00bb][et_pb_image src=\u00a0\u00bbhttps:\/\/www.aventure-chlorophylle.com\/wp-content\/uploads\/2023\/10\/2023-07-02-Candice-canyon-Soussoueou_252.jpg\u00a0\u00bb alt=\u00a0\u00bbDescente Canyoning en vall\u00e9e d&rsquo;Ossau dans les Pyr\u00e9n\u00e9es Atlantiques\u00a0\u00bb title_text=\u00a0\u00bbcanyoning Laruns\u00a0\u00bb align=\u00a0\u00bbcenter\u00a0\u00bb _builder_version=\u00a0\u00bb4.20.4&Prime; _module_preset=\u00a0\u00bbdefault\u00a0\u00bb global_colors_info=\u00a0\u00bb{}\u00a0\u00bb][\/et_pb_image][\/et_pb_column][\/et_pb_row][et_pb_row _builder_version=\u00a0\u00bb4.20.4&Prime; _module_preset=\u00a0\u00bbdefault\u00a0\u00bb global_colors_info=\u00a0\u00bb{}\u00a0\u00bb][et_pb_column type=\u00a0\u00bb4_4&Prime; _builder_version=\u00a0\u00bb4.20.4&Prime; _module_preset=\u00a0\u00bbdefault\u00a0\u00bb global_colors_info=\u00a0\u00bb{}\u00a0\u00bb][et_pb_text _builder_version=\u00a0\u00bb4.20.4&Prime; _module_preset=\u00a0\u00bbdefault\u00a0\u00bb global_colors_info=\u00a0\u00bb{}\u00a0\u00bb]<\/p>\n<h2 style=\"text-align: center;\">In de Ossau vallei, in de Pyrenee\u00ebn-Atlantiques, wachten verschillende emblematische canyons op je, met een ontmoetingspunt in Laruns.<\/h2>\n<p style=\"text-align: center;\">A alleen <strong>1 uur van Pau<\/strong>, <strong>2 uur van Bayonne<\/strong> en <strong>3 uur van Toulouse en Bordeaux<\/strong>Een verandering van omgeving is gegarandeerd. Je daalt af door de prachtige canyons van de Ossau-vallei, doorkruist de <strong>natuurlijke barri\u00e8res<\/strong> \u00e9\u00e9n voor \u00e9\u00e9n: <strong>springt<\/strong>,<strong> natuurlijke glijbanen<\/strong> en <strong>abseilen<\/strong> Deze canyoningactiviteit staat op het programma.<\/p>\n<p style=\"text-align: center;\">De gids geeft je<strong> verzamelen op een parkeerplaats in Laruns<\/strong> en dan door naar de canyons van de Ossau-vallei!<\/p>\n<p style=\"text-align: center;\">Canyoning is ideaal voor <strong>familie vanaf 10 jaar<\/strong>tussen <strong>vrienden<\/strong>ter gelegenheid van een <strong>EVG of EVJF<\/strong>in <strong>stel<\/strong>tussen <strong>collega's <\/strong>en zelfs <strong>solo<\/strong>. De afdaling van een canyon schept of versterkt banden tijdens een spannende tocht.<\/p>\n<p style=\"text-align: center;\">[\/et_pb_text][\/et_pb_column][\/et_pb_row][et_pb_row column_structure=\u00a0\u00bb1_2,1_2&Prime; _builder_version=\u00a0\u00bb4.20.4&Prime; _module_preset=\u00a0\u00bbdefault\u00a0\u00bb global_colors_info=\u00a0\u00bb{}\u00a0\u00bb][et_pb_column type=\u00a0\u00bb1_2&Prime; _builder_version=\u00a0\u00bb4.20.4&Prime; _module_preset=\u00a0\u00bbdefault\u00a0\u00bb global_colors_info=\u00a0\u00bb{}\u00a0\u00bb][et_pb_image src=\u00a0\u00bbhttps:\/\/www.aventure-chlorophylle.com\/wp-content\/uploads\/2023\/06\/Descente-canyon-de-Bious.jpg\u00a0\u00bb alt=\u00a0\u00bbToboggan naturel dans le canyon de Bious \u00e0 Gabas, Pyr\u00e9n\u00e9es\u00a0\u00bb title_text=\u00a0\u00bbDescente canyon de Bious\u00a0\u00bb _builder_version=\u00a0\u00bb4.20.4&Prime; _module_preset=\u00a0\u00bbdefault\u00a0\u00bb global_colors_info=\u00a0\u00bb{}\u00a0\u00bb][\/et_pb_image][\/et_pb_column][et_pb_column type=\u00a0\u00bb1_2&Prime; _builder_version=\u00a0\u00bb4.20.4&Prime; _module_preset=\u00a0\u00bbdefault\u00a0\u00bb global_colors_info=\u00a0\u00bb{}\u00a0\u00bb][et_pb_image src=\u00a0\u00bbhttps:\/\/www.aventure-chlorophylle.com\/wp-content\/uploads\/2023\/10\/2023-08-21-alex-canyon-soussoueou_26.jpg\u00a0\u00bb alt=\u00a0\u00bbCanyon du Soussou\u00e9ou pr\u00e9s de Laruns\u00a0\u00bb title_text=\u00a0\u00bbcanyon Soussou\u00e9ou\u00a0\u00bb _builder_version=\u00a0\u00bb4.20.4&Prime; _module_preset=\u00a0\u00bbdefault\u00a0\u00bb global_colors_info=\u00a0\u00bb{}\u00a0\u00bb][\/et_pb_image][\/et_pb_column][\/et_pb_row][et_pb_row _builder_version=\u00a0\u00bb4.20.4&Prime; _module_preset=\u00a0\u00bbdefault\u00a0\u00bb global_colors_info=\u00a0\u00bb{}\u00a0\u00bb][et_pb_column type=\u00a0\u00bb4_4&Prime; _builder_version=\u00a0\u00bb4.20.4&Prime; _module_preset=\u00a0\u00bbdefault\u00a0\u00bb global_colors_info=\u00a0\u00bb{}\u00a0\u00bb][et_pb_text _builder_version=\u00a0\u00bb4.20.4&Prime; _module_preset=\u00a0\u00bbdefault\u00a0\u00bb hover_enabled=\u00a0\u00bb0&Prime; global_colors_info=\u00a0\u00bb{}\u00a0\u00bb sticky_enabled=\u00a0\u00bb0&Prime;]<\/p>\n<h2 style=\"text-align: center;\">Vlakbij Laruns in de Ossau vallei, een ruime keuze aan canyoning routes.<\/h2>\n<p style=\"text-align: center;\"><strong>Wat je niveau van canyoning ook is<\/strong>of u <strong>beginners<\/strong>, <strong>reeds gestart<\/strong> of <strong>bevestigd<\/strong> We hebben cursussen voor iedereen. Op <strong>formule \"zuurstof<\/strong> voor een halve dag of een hele dag, kun je naar de <strong>Bious kloof<\/strong> met alle optionele sprongen voor beginners. Op <strong>avontuur\" pakket<\/strong> tochten van een halve of een hele dag, zullen de voorgestelde routes de canyons van de <strong>Soussou\u00e9ou<\/strong>, <strong>Cap de Pount<\/strong> in het hart van het Nationaal Park van de Pyrenee\u00ebn, <strong>Canceigt<\/strong>Brousset aan de Spaanse grens, etc. Voor ervaren klimmers met een goed niveau van touwtechniek voor abseilen is de optie \"scale\" ideaal, waarmee je de legendarische <strong>Bitet canyon<\/strong>.<\/p>\n<p style=\"text-align: center;\">We kunnen je ook meenemen voor een weekend in de Sierra de Guara, aan de Spaanse kant, neem contact met ons op.<\/p>\n<p>[\/et_pb_text][\/et_pb_column][\/et_pb_row][et_pb_row column_structure=\u00a0\u00bb1_3,1_3,1_3&Prime; _builder_version=\u00a0\u00bb4.20.4&Prime; _module_preset=\u00a0\u00bbdefault\u00a0\u00bb global_colors_info=\u00a0\u00bb{}\u00a0\u00bb][et_pb_column type=\u00a0\u00bb1_3&Prime; _builder_version=\u00a0\u00bb4.20.4&Prime; _module_preset=\u00a0\u00bbdefault\u00a0\u00bb global_colors_info=\u00a0\u00bb{}\u00a0\u00bb][et_pb_image src=\u00a0\u00bbhttps:\/\/www.aventure-chlorophylle.com\/wp-content\/uploads\/2023\/10\/2023-08-21-alex-canyon-soussoueou_14.jpg\u00a0\u00bb alt=\u00a0\u00bbCanyon du Soussou\u00e9ou en vall\u00e9e d&rsquo;Ossau\u00a0\u00bb title_text=\u00a0\u00bbSoussou\u00e9ou pr\u00e9s de Laruns\u00a0\u00bb _builder_version=\u00a0\u00bb4.20.4&Prime; _module_preset=\u00a0\u00bbdefault\u00a0\u00bb global_colors_info=\u00a0\u00bb{}\u00a0\u00bb][\/et_pb_image][\/et_pb_column][et_pb_column type=\u00a0\u00bb1_3&Prime; _builder_version=\u00a0\u00bb4.20.4&Prime; _module_preset=\u00a0\u00bbdefault\u00a0\u00bb global_colors_info=\u00a0\u00bb{}\u00a0\u00bb][et_pb_image src=\u00a0\u00bbhttps:\/\/www.aventure-chlorophylle.com\/wp-content\/uploads\/2023\/10\/2023-06-24-Candice-canyon-Bious-Soussoueou_155.jpg\u00a0\u00bb alt=\u00a0\u00bbSaut dans le canyon du Soussou\u00e9ou pr\u00e9s de Laruns en vall\u00e9e d&rsquo;Ossau 64&Prime; title_text=\u00a0\u00bbsaut canyoning\u00a0\u00bb _builder_version=\u00a0\u00bb4.20.4&Prime; _module_preset=\u00a0\u00bbdefault\u00a0\u00bb global_colors_info=\u00a0\u00bb{}\u00a0\u00bb][\/et_pb_image][\/et_pb_column][et_pb_column type=\u00a0\u00bb1_3&Prime; _builder_version=\u00a0\u00bb4.20.4&Prime; _module_preset=\u00a0\u00bbdefault\u00a0\u00bb global_colors_info=\u00a0\u00bb{}\u00a0\u00bb][et_pb_image src=\u00a0\u00bbhttps:\/\/www.aventure-chlorophylle.com\/wp-content\/uploads\/2023\/10\/2023-07-31-PM-alex-canyon-canceigt_56.jpg\u00a0\u00bb alt=\u00a0\u00bbToboggan dans le canyon du Canceigt pr\u00e9s de Laruns 64&Prime; title_text=\u00a0\u00bbToboggan canyon Canceigt\u00a0\u00bb _builder_version=\u00a0\u00bb4.20.4&Prime; _module_preset=\u00a0\u00bbdefault\u00a0\u00bb global_colors_info=\u00a0\u00bb{}\u00a0\u00bb][\/et_pb_image][\/et_pb_column][\/et_pb_row][et_pb_row column_structure=\u00a0\u00bb1_2,1_2&Prime; _builder_version=\u00a0\u00bb4.20.4&Prime; _module_preset=\u00a0\u00bbdefault\u00a0\u00bb global_colors_info=\u00a0\u00bb{}\u00a0\u00bb][et_pb_column type=\u00a0\u00bb1_2&Prime; _builder_version=\u00a0\u00bb4.20.4&Prime; _module_preset=\u00a0\u00bbdefault\u00a0\u00bb global_colors_info=\u00a0\u00bb{}\u00a0\u00bb][et_pb_text _builder_version=\u00a0\u00bb4.20.4&Prime; _module_preset=\u00a0\u00bbdefault\u00a0\u00bb global_colors_info=\u00a0\u00bb{}\u00a0\u00bb]<\/p>\n<h2 style=\"text-align: center;\">Geschiedenis van canyoning<\/h2>\n<p>&nbsp;<\/p>\n<p style=\"text-align: center;\">\u00a0 Van <strong>gedurfde vissers<\/strong> hebben altijd onderzocht<strong> smalle kloven<\/strong> op elk bewoond continent, terwijl de <strong>speleologen en ontdekkingsreizigers<\/strong> (Edouard-Alfred Martel, Armand Jamet en Lucien Briet) ontdekten als eersten<strong> sites die moeilijker toegankelijk zijn<\/strong>. Tussen de jaren <strong>1950 en 1980<\/strong>In het begin van de jaren 1980 werden de eerste canyoningtochten gemaakt, met de ontdekking van massieven zoals de Sierra de Guara in Spanje. In de jaren 1980 kwam canyoning uit de schaduw tevoorschijn en werd het een steeds populairdere buitensport.<\/p>\n<p>[\/et_pb_text][\/et_pb_column][et_pb_column type=\u00a0\u00bb1_2&Prime; _builder_version=\u00a0\u00bb4.20.4&Prime; _module_preset=\u00a0\u00bbdefault\u00a0\u00bb global_colors_info=\u00a0\u00bb{}\u00a0\u00bb][et_pb_text _builder_version=\u00a0\u00bb4.20.4&Prime; _module_preset=\u00a0\u00bbdefault\u00a0\u00bb global_colors_info=\u00a0\u00bb{}\u00a0\u00bb]<\/p>\n<h2 style=\"text-align: center;\">De definitie van canyoning:<\/h2>\n<p>&nbsp;<\/p>\n<p style=\"text-align: center;\">\u00a0 Dit is een <strong>buitenactiviteit<\/strong> die bestaat uit <strong>ga naar<\/strong> een canyon, kloof of rivier met behulp van verschillende technieken, waaronder<strong> wandeling<\/strong>de <strong>zwemmen<\/strong>op <strong>springen<\/strong>de <strong>dia<\/strong>de <strong>abseilen<\/strong> en de<strong>klimmen<\/strong>. Met deze activiteit ontdek je adembenemende natuurlijke landschappen terwijl je fysieke en mentale uitdagingen aangaat. Je hebt een speciale uitrusting nodig, waaronder een neopreen wetsuit, helm, harnas, touwen en speciale schoenen voor rivierwandelen. <a href=\"https:\/\/www.aventure-chlorophylle.com\/nl\/canyoning-rafting-pyrenees-atlantiques\/canyoning\/\">Canyoning<\/a> wordt over de hele wereld beoefend en is geschikt voor mensen van <strong>alle ervaringsniveaus<\/strong>van beginners tot de meest ervaren. Het is een ideale activiteit voor <strong>sensatiezoekers<\/strong> sterk en <strong>natuurliefhebbers<\/strong>.<\/p>\n<p>[\/et_pb_text][\/et_pb_column][\/et_pb_row][\/et_pb_section]<\/p>","protected":false},"excerpt":{"rendered":"<p>Canyoning \u00e0 Laruns A la d\u00e9couverte des canyons de la vall\u00e9e d&rsquo;Ossau dans les Pyr\u00e9n\u00e9es Atlantiques (64) &nbsp; &nbsp;En vall\u00e9e d&rsquo;Ossau, dans les Pyr\u00e9n\u00e9es-Atlantiques, plusieurs canyons embl\u00e9matiques vous attendent avec rdv \u00e0 Laruns. A seulement 1h de Pau, 2h de Bayonne et 3h de Toulouse et Bordeaux, le d\u00e9paysement est garanti. Vous descendrez les magnifiques [&hellip;]<\/p>","protected":false},"author":3,"featured_media":0,"parent":0,"menu_order":0,"comment_status":"closed","ping_status":"closed","template":"","meta":{"_acf_changed":false,"_et_pb_use_builder":"on","_et_pb_old_content":"","_et_gb_content_width":"","inline_featured_image":false,"footnotes":""},"class_list":["post-267706","page","type-page","status-publish","hentry"],"acf":[],"yoast_head":"<!-- This site is optimized with the Yoast SEO plugin v26.7 - https:\/\/yoast.com\/wordpress\/plugins\/seo\/ -->\n<title>Canyoning \u00e0 Laruns - Aventure Chlorophylle<\/title>\n<meta name=\"robots\" content=\"index, follow, max-snippet:-1, max-image-preview:large, max-video-preview:-1\" \/>\n<link rel=\"canonical\" href=\"https:\/\/www.aventure-chlorophylle.com\/nl\/canyoning-a-laruns\/\" \/>\n<meta property=\"og:locale\" content=\"nl_NL\" \/>\n<meta property=\"og:type\" content=\"article\" \/>\n<meta property=\"og:title\" content=\"Canyoning \u00e0 Laruns - Aventure Chlorophylle\" \/>\n<meta property=\"og:description\" content=\"Canyoning \u00e0 Laruns A la d\u00e9couverte des canyons de la vall\u00e9e d&#039;Ossau dans les Pyr\u00e9n\u00e9es Atlantiques (64) &nbsp; &nbsp;En vall\u00e9e d&#039;Ossau, dans les Pyr\u00e9n\u00e9es-Atlantiques, plusieurs canyons embl\u00e9matiques vous attendent avec rdv \u00e0 Laruns. A seulement 1h de Pau, 2h de Bayonne et 3h de Toulouse et Bordeaux, le d\u00e9paysement est garanti. Vous descendrez les magnifiques [&hellip;]\" \/>\n<meta property=\"og:url\" content=\"https:\/\/www.aventure-chlorophylle.com\/nl\/canyoning-a-laruns\/\" \/>\n<meta property=\"og:site_name\" content=\"Aventure Chlorophylle\" \/>\n<meta property=\"article:publisher\" content=\"https:\/\/www.facebook.com\/aventurechlorophylle\" \/>\n<meta property=\"article:modified_time\" content=\"2023-10-12T09:39:21+00:00\" \/>\n<meta name=\"twitter:card\" content=\"summary_large_image\" \/>\n<meta name=\"twitter:label1\" content=\"Geschatte leestijd\" \/>\n\t<meta name=\"twitter:data1\" content=\"6 minuten\" \/>\n<script type=\"application\/ld+json\" class=\"yoast-schema-graph\">{\"@context\":\"https:\/\/schema.org\",\"@graph\":[{\"@type\":\"WebPage\",\"@id\":\"https:\/\/www.aventure-chlorophylle.com\/canyoning-a-laruns\/\",\"url\":\"https:\/\/www.aventure-chlorophylle.com\/canyoning-a-laruns\/\",\"name\":\"Canyoning \u00e0 Laruns - Aventure Chlorophylle\",\"isPartOf\":{\"@id\":\"https:\/\/www.aventure-chlorophylle.com\/#website\"},\"datePublished\":\"2023-10-12T09:37:35+00:00\",\"dateModified\":\"2023-10-12T09:39:21+00:00\",\"breadcrumb\":{\"@id\":\"https:\/\/www.aventure-chlorophylle.com\/canyoning-a-laruns\/#breadcrumb\"},\"inLanguage\":\"nl-NL\",\"potentialAction\":[{\"@type\":\"ReadAction\",\"target\":[\"https:\/\/www.aventure-chlorophylle.com\/canyoning-a-laruns\/\"]}]},{\"@type\":\"BreadcrumbList\",\"@id\":\"https:\/\/www.aventure-chlorophylle.com\/canyoning-a-laruns\/#breadcrumb\",\"itemListElement\":[{\"@type\":\"ListItem\",\"position\":1,\"name\":\"Accueil\",\"item\":\"https:\/\/www.aventure-chlorophylle.com\/\"},{\"@type\":\"ListItem\",\"position\":2,\"name\":\"Canyoning \u00e0 Laruns\"}]},{\"@type\":\"WebSite\",\"@id\":\"https:\/\/www.aventure-chlorophylle.com\/#website\",\"url\":\"https:\/\/www.aventure-chlorophylle.com\/\",\"name\":\"Aventure Chlorophylle\",\"description\":\"Activit\u00e9s de Canyoning, rafting et sp\u00e9l\u00e9ologie dans les Pyr\u00e9n\u00e9es\",\"publisher\":{\"@id\":\"https:\/\/www.aventure-chlorophylle.com\/#organization\"},\"potentialAction\":[{\"@type\":\"SearchAction\",\"target\":{\"@type\":\"EntryPoint\",\"urlTemplate\":\"https:\/\/www.aventure-chlorophylle.com\/?s={search_term_string}\"},\"query-input\":{\"@type\":\"PropertyValueSpecification\",\"valueRequired\":true,\"valueName\":\"search_term_string\"}}],\"inLanguage\":\"nl-NL\"},{\"@type\":\"Organization\",\"@id\":\"https:\/\/www.aventure-chlorophylle.com\/#organization\",\"name\":\"Aventure Chlorophylle\",\"url\":\"https:\/\/www.aventure-chlorophylle.com\/\",\"logo\":{\"@type\":\"ImageObject\",\"inLanguage\":\"nl-NL\",\"@id\":\"https:\/\/www.aventure-chlorophylle.com\/#\/schema\/logo\/image\/\",\"url\":\"https:\/\/www.aventure-chlorophylle.com\/wp-content\/uploads\/2021\/04\/logo_aventure_chlorophylle.png\",\"contentUrl\":\"https:\/\/www.aventure-chlorophylle.com\/wp-content\/uploads\/2021\/04\/logo_aventure_chlorophylle.png\",\"width\":356,\"height\":392,\"caption\":\"Aventure Chlorophylle\"},\"image\":{\"@id\":\"https:\/\/www.aventure-chlorophylle.com\/#\/schema\/logo\/image\/\"},\"sameAs\":[\"https:\/\/www.facebook.com\/aventurechlorophylle\",\"https:\/\/www.instagram.com\/aventure_chlorophylle\/\"]}]}<\/script>\n<!-- \/ Yoast SEO plugin. -->","yoast_head_json":{"title":"Canyoning in Laruns - Aventure Chlorophylle","robots":{"index":"index","follow":"follow","max-snippet":"max-snippet:-1","max-image-preview":"max-image-preview:large","max-video-preview":"max-video-preview:-1"},"canonical":"https:\/\/www.aventure-chlorophylle.com\/nl\/canyoning-a-laruns\/","og_locale":"nl_NL","og_type":"article","og_title":"Canyoning \u00e0 Laruns - Aventure Chlorophylle","og_description":"Canyoning \u00e0 Laruns A la d\u00e9couverte des canyons de la vall\u00e9e d'Ossau dans les Pyr\u00e9n\u00e9es Atlantiques (64) &nbsp; &nbsp;En vall\u00e9e d'Ossau, dans les Pyr\u00e9n\u00e9es-Atlantiques, plusieurs canyons embl\u00e9matiques vous attendent avec rdv \u00e0 Laruns. A seulement 1h de Pau, 2h de Bayonne et 3h de Toulouse et Bordeaux, le d\u00e9paysement est garanti. Vous descendrez les magnifiques [&hellip;]","og_url":"https:\/\/www.aventure-chlorophylle.com\/nl\/canyoning-a-laruns\/","og_site_name":"Aventure Chlorophylle","article_publisher":"https:\/\/www.facebook.com\/aventurechlorophylle","article_modified_time":"2023-10-12T09:39:21+00:00","twitter_card":"summary_large_image","twitter_misc":{"Geschatte leestijd":"6 minuten"},"schema":{"@context":"https:\/\/schema.org","@graph":[{"@type":"WebPage","@id":"https:\/\/www.aventure-chlorophylle.com\/canyoning-a-laruns\/","url":"https:\/\/www.aventure-chlorophylle.com\/canyoning-a-laruns\/","name":"Canyoning in Laruns - Aventure Chlorophylle","isPartOf":{"@id":"https:\/\/www.aventure-chlorophylle.com\/#website"},"datePublished":"2023-10-12T09:37:35+00:00","dateModified":"2023-10-12T09:39:21+00:00","breadcrumb":{"@id":"https:\/\/www.aventure-chlorophylle.com\/canyoning-a-laruns\/#breadcrumb"},"inLanguage":"nl-NL","potentialAction":[{"@type":"ReadAction","target":["https:\/\/www.aventure-chlorophylle.com\/canyoning-a-laruns\/"]}]},{"@type":"BreadcrumbList","@id":"https:\/\/www.aventure-chlorophylle.com\/canyoning-a-laruns\/#breadcrumb","itemListElement":[{"@type":"ListItem","position":1,"name":"Accueil","item":"https:\/\/www.aventure-chlorophylle.com\/"},{"@type":"ListItem","position":2,"name":"Canyoning \u00e0 Laruns"}]},{"@type":"WebSite","@id":"https:\/\/www.aventure-chlorophylle.com\/#website","url":"https:\/\/www.aventure-chlorophylle.com\/","name":"Chlorofyl avontuur","description":"Canyoning, rafting en speleologie in de Pyrenee\u00ebn","publisher":{"@id":"https:\/\/www.aventure-chlorophylle.com\/#organization"},"potentialAction":[{"@type":"SearchAction","target":{"@type":"EntryPoint","urlTemplate":"https:\/\/www.aventure-chlorophylle.com\/?s={search_term_string}"},"query-input":{"@type":"PropertyValueSpecification","valueRequired":true,"valueName":"search_term_string"}}],"inLanguage":"nl-NL"},{"@type":"Organization","@id":"https:\/\/www.aventure-chlorophylle.com\/#organization","name":"Chlorofyl avontuur","url":"https:\/\/www.aventure-chlorophylle.com\/","logo":{"@type":"ImageObject","inLanguage":"nl-NL","@id":"https:\/\/www.aventure-chlorophylle.com\/#\/schema\/logo\/image\/","url":"https:\/\/www.aventure-chlorophylle.com\/wp-content\/uploads\/2021\/04\/logo_aventure_chlorophylle.png","contentUrl":"https:\/\/www.aventure-chlorophylle.com\/wp-content\/uploads\/2021\/04\/logo_aventure_chlorophylle.png","width":356,"height":392,"caption":"Aventure Chlorophylle"},"image":{"@id":"https:\/\/www.aventure-chlorophylle.com\/#\/schema\/logo\/image\/"},"sameAs":["https:\/\/www.facebook.com\/aventurechlorophylle","https:\/\/www.instagram.com\/aventure_chlorophylle\/"]}]}},"_links":{"self":[{"href":"https:\/\/www.aventure-chlorophylle.com\/nl\/wp-json\/wp\/v2\/pages\/267706","targetHints":{"allow":["GET"]}}],"collection":[{"href":"https:\/\/www.aventure-chlorophylle.com\/nl\/wp-json\/wp\/v2\/pages"}],"about":[{"href":"https:\/\/www.aventure-chlorophylle.com\/nl\/wp-json\/wp\/v2\/types\/page"}],"author":[{"embeddable":true,"href":"https:\/\/www.aventure-chlorophylle.com\/nl\/wp-json\/wp\/v2\/users\/3"}],"replies":[{"embeddable":true,"href":"https:\/\/www.aventure-chlorophylle.com\/nl\/wp-json\/wp\/v2\/comments?post=267706"}],"version-history":[{"count":50,"href":"https:\/\/www.aventure-chlorophylle.com\/nl\/wp-json\/wp\/v2\/pages\/267706\/revisions"}],"predecessor-version":[{"id":268246,"href":"https:\/\/www.aventure-chlorophylle.com\/nl\/wp-json\/wp\/v2\/pages\/267706\/revisions\/268246"}],"wp:attachment":[{"href":"https:\/\/www.aventure-chlorophylle.com\/nl\/wp-json\/wp\/v2\/media?parent=267706"}],"curies":[{"name":"wp","href":"https:\/\/api.w.org\/{rel}","templated":true}]}}