{"id":269031,"date":"2024-11-28T12:40:57","date_gmt":"2024-11-28T11:40:57","guid":{"rendered":"https:\/\/www.aventure-chlorophylle.com\/?page_id=269031"},"modified":"2025-09-29T13:26:58","modified_gmt":"2025-09-29T11:26:58","slug":"raquettes-dans-les-pyrenees","status":"publish","type":"page","link":"https:\/\/www.aventure-chlorophylle.com\/nl\/canyoning-rafting-pyrenees-atlantiques\/raquettes-dans-les-pyrenees\/","title":{"rendered":"Sneeuwschoenwandelen in de Pyrenee\u00ebn"},"content":{"rendered":"<p>[et_pb_section fb_built=\u00a0\u00bb1&Prime; fullwidth=\u00a0\u00bbon\u00a0\u00bb admin_label=\u00a0\u00bbSlider produit\u00a0\u00bb _builder_version=\u00a0\u00bb4.27.4&Prime; _module_preset=\u00a0\u00bbdefault\u00a0\u00bb custom_margin=\u00a0\u00bb||0px||false|false\u00a0\u00bb custom_margin_tablet=\u00a0\u00bb||-88px||false|false\u00a0\u00bb custom_margin_phone=\u00a0\u00bb||-44px||false|false\u00a0\u00bb custom_margin_last_edited=\u00a0\u00bbon|desktop\u00a0\u00bb locked=\u00a0\u00bboff\u00a0\u00bb collapsed=\u00a0\u00bboff\u00a0\u00bb global_colors_info=\u00a0\u00bb{}\u00a0\u00bb][et_pb_fullwidth_slider show_pagination=\u00a0\u00bboff\u00a0\u00bb use_bg_overlay=\u00a0\u00bbon\u00a0\u00bb bg_overlay_color=\u00a0\u00bbrgba(73,59,34,0.1)\u00a0\u00bb use_text_overlay=\u00a0\u00bboff\u00a0\u00bb arrows_custom_color=\u00a0\u00bb#5CAA80&Prime; _builder_version=\u00a0\u00bb4.27.4&Prime; _module_preset=\u00a0\u00bbdefault\u00a0\u00bb background_color=\u00a0\u00bb#F6F2EC\u00a0\u00bb use_background_color_gradient=\u00a0\u00bbon\u00a0\u00bb background_color_gradient_stops=\u00a0\u00bbrgba(34,34,34,0) 40%|rgba(34,34,34,0.05) 100%\u00a0\u00bb background_color_gradient_overlays_image=\u00a0\u00bbon\u00a0\u00bb background_color_gradient_start=\u00a0\u00bbrgba(34,34,34,0)\u00a0\u00bb background_color_gradient_start_position=\u00a0\u00bb40%\u00a0\u00bb background_color_gradient_end=\u00a0\u00bbrgba(34,34,34,0.05)\u00a0\u00bb min_height_tablet=\u00a0\u00bb\u00a0\u00bb min_height_phone=\u00a0\u00bb\u00a0\u00bb min_height_last_edited=\u00a0\u00bbon|desktop\u00a0\u00bb height=\u00a0\u00bb400px\u00a0\u00bb height_tablet=\u00a0\u00bb220px\u00a0\u00bb height_phone=\u00a0\u00bb140px\u00a0\u00bb height_last_edited=\u00a0\u00bbon|desktop\u00a0\u00bb global_colors_info=\u00a0\u00bb{}\u00a0\u00bb][et_pb_slide use_bg_overlay=\u00a0\u00bboff\u00a0\u00bb _builder_version=\u00a0\u00bb4.27.4&Prime; _module_preset=\u00a0\u00bbdefault\u00a0\u00bb body_text_align=\u00a0\u00bbcenter\u00a0\u00bb body_text_color=\u00a0\u00bb#FFFFFF\u00a0\u00bb background_color=\u00a0\u00bb#F6F2EC\u00a0\u00bb background_enable_color=\u00a0\u00bbon\u00a0\u00bb background_image=\u00a0\u00bbhttps:\/\/www.aventure-chlorophylle.com\/wp-content\/uploads\/2024\/11\/IMG-20170309-WA0091.jpg\u00a0\u00bb background_enable_image=\u00a0\u00bbon\u00a0\u00bb global_colors_info=\u00a0\u00bb{}\u00a0\u00bb sticky_transition=\u00a0\u00bbon\u00a0\u00bb][\/et_pb_slide][\/et_pb_fullwidth_slider][\/et_pb_section][et_pb_section fb_built=\u00a0\u00bb1&Prime; admin_label=\u00a0\u00bbsection\u00a0\u00bb _builder_version=\u00a0\u00bb4.16&Prime; global_colors_info=\u00a0\u00bb{}\u00a0\u00bb][et_pb_row admin_label=\u00a0\u00bbrow\u00a0\u00bb _builder_version=\u00a0\u00bb4.16&Prime; background_size=\u00a0\u00bbinitial\u00a0\u00bb background_position=\u00a0\u00bbtop_left\u00a0\u00bb background_repeat=\u00a0\u00bbrepeat\u00a0\u00bb global_colors_info=\u00a0\u00bb{}\u00a0\u00bb][et_pb_column type=\u00a0\u00bb4_4&Prime; _builder_version=\u00a0\u00bb4.16&Prime; custom_padding=\u00a0\u00bb|||\u00a0\u00bb global_colors_info=\u00a0\u00bb{}\u00a0\u00bb custom_padding__hover=\u00a0\u00bb|||\u00a0\u00bb][et_pb_text admin_label=\u00a0\u00bbRaquettes pyr\u00e9n\u00e9es\u00a0\u00bb _builder_version=\u00a0\u00bb4.27.4&Prime; _module_preset=\u00a0\u00bbdefault\u00a0\u00bb global_colors_info=\u00a0\u00bb{}\u00a0\u00bb]<\/p>\n<h1 class=\"western\" style=\"text-align: center;\"><b>Raquettes en vall\u00e9e d&rsquo;ossau dans les Pyr\u00e9n\u00e9es<\/b><\/h1>\n<p>&nbsp;<\/p>\n<p style=\"text-align: center;\"><span style=\"font-family: Times New Roman, serif;\"><span style=\"font-size: medium;\">La randonn\u00e9e en raquettes est une activit\u00e9 hivernale accessible et immersive : marche dans la neige, exploration de paysages enneig\u00e9s, et d\u00e9couverte de panoramas \u00e0 couper le souffle. Au c\u0153ur de la Vall\u00e9e d\u2019Ossau, dans les <strong>Pyr\u00e9n\u00e9es Atlantiques (64)<\/strong>, rendez-vous\u00a0 \u00e0 <strong>Gourette<\/strong>, \u00e0 seulement 2h de la c\u00f4te basque et \u00e0 45 minutes de Pau !<\/span><\/span><\/p>\n<p style=\"text-align: left;\"><span style=\"font-family: Times New Roman, serif;\"><span style=\"font-size: medium;\"><strong>Cr\u00eates enneig\u00e9es<\/strong>, <strong>for\u00eats de sapins et grands espaces sauvages<\/strong> : autant de merveilles que nous d\u00e9couvrirons ensemble lors de nos balades en raquettes dans les Pyr\u00e9n\u00e9es, pr\u00e9s de Laruns.<\/span><\/span><\/p>\n<p style=\"text-align: left;\"><span style=\"font-family: Times New Roman, serif;\"><span style=\"font-size: medium;\"><strong>Les cr\u00eates du col d\u2019Aubisque<\/strong>, <strong>la for\u00eat de Gourette (hors station de ski),<\/strong> <strong>le cirque d\u2019Aneou au pied du pic du Midi d\u2019Ossau<\/strong> en de <strong>plateau de<\/strong> <strong>Camps Bridge<\/strong> sont autant de parcours magnifiques que nous vous proposons d\u2019explorer en raquettes. Nos sorties sont adapt\u00e9es pour tous les niveaux, de la d\u00e9couverte \u00e0 la journ\u00e9e aventure, pour profiter pleinement des beaut\u00e9s de l\u2019hiver en montagne.<\/span><\/span><\/p>\n<p>[\/et_pb_text][\/et_pb_column][\/et_pb_row][et_pb_row column_structure=\u00a0\u00bb1_2,1_2&Prime; _builder_version=\u00a0\u00bb4.23.1&Prime; _module_preset=\u00a0\u00bbdefault\u00a0\u00bb global_colors_info=\u00a0\u00bb{}\u00a0\u00bb][et_pb_column type=\u00a0\u00bb1_2&Prime; _builder_version=\u00a0\u00bb4.23.1&Prime; _module_preset=\u00a0\u00bbdefault\u00a0\u00bb global_colors_info=\u00a0\u00bb{}\u00a0\u00bb][et_pb_text admin_label=\u00a0\u00bbRandonn\u00e9e en raquettes dans les pyr\u00e9n\u00e9es\u00a0\u00bb _builder_version=\u00a0\u00bb4.27.4&Prime; _module_preset=\u00a0\u00bbdefault\u00a0\u00bb header_2_text_align=\u00a0\u00bbcenter\u00a0\u00bb header_2_letter_spacing=\u00a0\u00bb1px\u00a0\u00bb global_colors_info=\u00a0\u00bb{}\u00a0\u00bb]<\/p>\n<h2 style=\"text-align: center;\"><strong><span style=\"font-family: Times New Roman, serif;\"><span style=\"font-size: large;\">Sneeuwschoenwandeling in de Pyrenee\u00ebn<\/span><\/span><\/strong><\/h2>\n<p style=\"text-align: center;\"><span style=\"font-family: Times New Roman, serif;\"><span style=\"font-size: medium;\">Onze favoriete sneeuwschoentuin ligt in de prachtige Ossau vallei, bereikbaar vanuit Laruns en het skigebied van Gourette, slechts 40 km ten zuiden van Pau, 2 uur van de Baskische kust en minder dan 3 uur van Bordeaux en Toulouse. <\/span><\/span><\/p>\n<p style=\"text-align: center;\"><span style=\"font-family: Times New Roman, serif;\"><span style=\"font-size: medium;\">De Ossau-vallei is een uitzonderlijke plek voor sneeuwschoenwandelingen in het zuidwesten van Frankrijk. Iconische plaatsen zoals het keteldal van Aneou, genesteld in het hart van het nationaal park van de Pyrenee\u00ebn, of het gebied rond het skigebied van Gourette en de Col de l'Aubisque bieden adembenemende landschappen en een totale onderdompeling in de wildernis. Weidse sneeuwvlaktes, unieke panorama's en dennenbossen bieden gevarieerde en onvergetelijke ervaringen.<\/span><\/span><\/p>\n<p>[\/et_pb_text][\/et_pb_column][et_pb_column type=\u00a0\u00bb1_2&Prime; _builder_version=\u00a0\u00bb4.23.1&Prime; _module_preset=\u00a0\u00bbdefault\u00a0\u00bb global_colors_info=\u00a0\u00bb{}\u00a0\u00bb][et_pb_text admin_label=\u00a0\u00bbNos parcours en raquettes: pour tous les niveaux\u00a0\u00bb _builder_version=\u00a0\u00bb4.23.1&Prime; _module_preset=\u00a0\u00bbdefault\u00a0\u00bb header_2_letter_spacing=\u00a0\u00bb1px\u00a0\u00bb global_colors_info=\u00a0\u00bb{}\u00a0\u00bb]<\/p>\n<h2 style=\"text-align: center;\"><span style=\"font-family: Times New Roman, serif;\"><span style=\"font-size: large;\"><b>Onze sneeuwschoenroutes: voor alle niveaus<\/b><\/span><\/span><\/h2>\n<p style=\"text-align: center;\"><span style=\"font-family: Times New Roman, serif;\"><span style=\"font-size: medium;\">Onze ervaren gidsen bieden een scala aan routes die passen bij je niveau en interesses. Of je nu een beginner, een gelegenheidswandelaar of een bergliefhebber bent, onze tochten voeren je door gevarieerde landschappen tussen bossen en besneeuwde bergkammen. Onze wandelingen omvatten routes voor iedereen, van rustige beginners tot meer meeslepende routes om de bergen diepgaand te ontdekken.<\/span><\/span><\/p>\n<p style=\"text-align: center;\"><span style=\"font-family: Times New Roman, serif;\"><span style=\"font-size: medium;\">Sneeuwschoenwandelen is voor mensen die de bergen in de winter op een andere manier willen ontdekken, weg van de skigebieden en midden in ongerepte natuurlandschappen. De routes zijn toegankelijk voor iedereen, sneeuwschoenwandelen vereist geen specifiek niveau van techniek en is ideaal voor diegenen die genieten van het buitenleven en nieuwe dingen ontdekken. Op het programma: ontdekken van de winterflora en -fauna, wandelen in verse sneeuw, uitzonderlijke panorama's en momenten van ontspanning in een natuurlijke omgeving.<\/span><\/span><\/p>\n<p style=\"text-align: center;\"><span style=\"font-family: Times New Roman, serif;\"><span style=\"font-size: medium;\">Of je nu met familie, vrienden, collega's, een stel of zelfs alleen bent, ga op sneeuwschoenavontuur om de schoonheid van de Ossauvallei te ontdekken. Voor wie op zoek is naar een toegankelijke, leuke en verjongende winteractiviteit, zijn onze sneeuwschoenuitstapjes de perfecte oplossing.<\/span><\/span><\/p>\n<p style=\"text-align: center;\"><span style=\"font-family: Times New Roman, serif;\"><span style=\"font-size: medium;\">Voor de beste herinneringen aan deze activiteit raden we een minimumleeftijd van 5 jaar aan voor uitstapjes. <\/span><\/span><span style=\"font-family: Times New Roman, serif;\"><span style=\"font-size: medium;\"><b>Eerste stappen op sneeuwschoenen<\/b><\/span><\/span><span style=\"font-family: Times New Roman, serif;\"><span style=\"font-size: medium;\"> en <\/span><\/span><span style=\"font-family: Times New Roman, serif;\"><span style=\"font-size: medium;\"><b>Een Iglo bouwen<\/b><\/span><\/span><span style=\"font-family: Times New Roman, serif;\"><span style=\"font-size: medium;\">Een minimumleeftijd van 8 jaar is vereist voor de uitgang. <\/span><\/span><span style=\"font-family: Times New Roman, serif;\"><span style=\"font-size: medium;\"><b>Ontdekking met sneeuwschoenen <\/b><\/span><\/span><span style=\"font-family: Times New Roman, serif;\"><span style=\"font-size: medium;\">en <\/span><\/span><span style=\"font-family: Times New Roman, serif;\"><span style=\"font-size: medium;\">een minimumleeftijd van 12 jaar voor uitgang in <\/span><\/span><span style=\"font-family: Times New Roman, serif;\"><span style=\"font-size: medium;\"><b>Dag sneeuwschoenwandelen<\/b><\/span><\/span><span style=\"font-family: Times New Roman, serif;\"><span style=\"font-size: medium;\">. Als je kinderen jonger zijn dan 5, nodigen we je uit om contact met ons op te nemen en samen een geschikte activiteit te bedenken. Vergeet niet dat het heel belangrijk is voor onze kleintjes om een activiteit voor de eerste keer te ontdekken, om het leuk te vinden en om het nog een keer te willen proberen.<\/span><\/span><\/p>\n<p>[\/et_pb_text][\/et_pb_column][\/et_pb_row][et_pb_row _builder_version=\u00a0\u00bb4.23.1&Prime; _module_preset=\u00a0\u00bbdefault\u00a0\u00bb global_colors_info=\u00a0\u00bb{}\u00a0\u00bb][et_pb_column type=\u00a0\u00bb4_4&Prime; _builder_version=\u00a0\u00bb4.23.1&Prime; _module_preset=\u00a0\u00bbdefault\u00a0\u00bb global_colors_info=\u00a0\u00bb{}\u00a0\u00bb][et_pb_shop type=\u00a0\u00bbproduct_category\u00a0\u00bb posts_number=\u00a0\u00bb6&Prime; include_categories=\u00a0\u00bb89&Prime; columns_number=\u00a0\u00bb3&Prime; orderby=\u00a0\u00bbmenu_order\u00a0\u00bb _builder_version=\u00a0\u00bb4.27.4&Prime; _module_preset=\u00a0\u00bbdefault\u00a0\u00bb global_colors_info=\u00a0\u00bb{}\u00a0\u00bb][\/et_pb_shop][\/et_pb_column][\/et_pb_row][et_pb_row column_structure=\u00a0\u00bb1_2,1_2&Prime; _builder_version=\u00a0\u00bb4.23.1&Prime; _module_preset=\u00a0\u00bbdefault\u00a0\u00bb global_colors_info=\u00a0\u00bb{}\u00a0\u00bb][et_pb_column type=\u00a0\u00bb1_2&Prime; _builder_version=\u00a0\u00bb4.23.1&Prime; _module_preset=\u00a0\u00bbdefault\u00a0\u00bb global_colors_info=\u00a0\u00bb{}\u00a0\u00bb][et_pb_text admin_label=\u00a0\u00bbD\u00e9finition de la randonn\u00e9e en raquettes\u00a0\u00bb _builder_version=\u00a0\u00bb4.23.1&Prime; _module_preset=\u00a0\u00bbdefault\u00a0\u00bb global_colors_info=\u00a0\u00bb{}\u00a0\u00bb]<\/p>\n<h2 class=\"western\" style=\"text-align: center;\"><b>Definitie van sneeuwschoenwandelen<\/b><\/h2>\n<p style=\"text-align: center;\"><span style=\"font-family: Times New Roman, serif;\"><span style=\"font-size: medium;\">Sneeuwschoenwandelen is een winterse bergactiviteit waarmee je in alle veiligheid besneeuwde landschappen kunt verkennen. Je loopt over de sneeuw met sneeuwschoenen aan je laarzen, zodat je gemakkelijker door diepe sneeuw kunt. Onderweg kom je door besneeuwde bossen, bereik je panoramische bergkammen en ontdek je de bergwildernis onder een deken van wit.<\/span><\/span><\/p>\n<p style=\"text-align: center;\"><span style=\"font-family: Times New Roman, serif;\"><span style=\"font-size: medium;\">In de vallei van Ossau, in de Pyrenee\u00ebn, zijn er verschillende sneeuwschoenroutes voor alle niveaus, van beginner tot doorgewinterde avonturier. Uitgerust met sneeuwschoenen, wandelstokken, waterdichte schoenen en warme kleding gaan de deelnemers op pad om de uitzonderlijke landschappen van de Pyrenee\u00ebn te ontdekken. Afhankelijk van de route gaan de wandelingen langs de toppen van de Col d'Aubisque, het bos van Gourette, het Cirque d'Aneou en zelfs de Spaanse Pyrenee\u00ebn met adembenemende uitzichten.<\/span><\/span><\/p>\n<p style=\"text-align: center;\"><span style=\"font-family: Times New Roman, serif;\"><span style=\"font-size: medium;\"><b>Een activiteit voor iedereen!<\/b> Of je nu met familie, vrienden, voor een EVG\/EVJF, met collega's of alleen bent, sneeuwschoenwandelen is een toegankelijke en gezellige activiteit, ideaal om in de winter van de natuur te genieten. Vergeet niet je sneeuwschoenwandeling in de Pyrenee\u00ebn te boeken voor een authentieke ervaring!<\/span><\/span><\/p>\n<p>[\/et_pb_text][\/et_pb_column][et_pb_column type=\u00a0\u00bb1_2&Prime; _builder_version=\u00a0\u00bb4.23.1&Prime; _module_preset=\u00a0\u00bbdefault\u00a0\u00bb global_colors_info=\u00a0\u00bb{}\u00a0\u00bb][et_pb_text admin_label=\u00a0\u00bbOrigines de la randonn\u00e9e en raquettes\u00a0\u00bb _builder_version=\u00a0\u00bb4.23.1&Prime; _module_preset=\u00a0\u00bbdefault\u00a0\u00bb global_colors_info=\u00a0\u00bb{}\u00a0\u00bb]<\/p>\n<h2 class=\"western\" style=\"text-align: center;\"><b>De oorsprong van sneeuwschoenwandelen<\/b><\/h2>\n<p style=\"text-align: center;\"><span style=\"font-family: Times New Roman, serif;\"><span style=\"font-size: medium;\">Sneeuwschoenen worden al duizenden jaren gebruikt door mensen in noordelijke streken, die ze ontwikkelden om zich gemakkelijker door de sneeuw te kunnen bewegen. De eerste sneeuwschoenen waren gemaakt van hout en leer, ontworpen om niet weg te zinken in diepe sneeuw en jagers en ontdekkingsreizigers in staat te stellen lange afstanden af te leggen.<\/span><\/span><\/p>\n<p style=\"text-align: center;\"><span style=\"font-family: Times New Roman, serif;\"><span style=\"font-size: medium;\">Pas in de 20e eeuw ontwikkelde sneeuwschoenwandelen zich tot een vrijetijdsbesteding in de bergen. Tegenwoordig zijn sneeuwschoenen met moderne materialen zoals aluminium en bestendige polymeren licht en gemakkelijk te hanteren en bieden ze comfort en veiligheid. Ze bieden een meeslepende en milieuvriendelijke manier om de winterse bergen te ontdekken, met respect voor de kwetsbare ecosystemen van het winterseizoen.<\/span><\/span><\/p>\n<p style=\"text-align: center;\">[\/et_pb_text][\/et_pb_column][\/et_pb_row][\/et_pb_section]<\/p>","protected":false},"excerpt":{"rendered":"<p>Raquettes en vall\u00e9e d&rsquo;ossau dans les Pyr\u00e9n\u00e9es &nbsp; La randonn\u00e9e en raquettes est une activit\u00e9 hivernale accessible et immersive : marche dans la neige, exploration de paysages enneig\u00e9s, et d\u00e9couverte de panoramas \u00e0 couper le souffle. Au c\u0153ur de la Vall\u00e9e d\u2019Ossau, dans les Pyr\u00e9n\u00e9es Atlantiques (64), rendez-vous\u00a0 \u00e0 Gourette, \u00e0 seulement 2h de la [&hellip;]<\/p>","protected":false},"author":3,"featured_media":0,"parent":261671,"menu_order":0,"comment_status":"closed","ping_status":"closed","template":"","meta":{"_acf_changed":false,"_et_pb_use_builder":"on","_et_pb_old_content":"","_et_gb_content_width":"","inline_featured_image":false,"footnotes":""},"class_list":["post-269031","page","type-page","status-publish","hentry"],"acf":[],"yoast_head":"<!-- This site is optimized with the Yoast SEO plugin v26.7 - https:\/\/yoast.com\/wordpress\/plugins\/seo\/ -->\n<title>Raquettes dans les Pyr\u00e9n\u00e9es - Aventure Chlorophylle<\/title>\n<meta name=\"robots\" content=\"index, follow, max-snippet:-1, max-image-preview:large, max-video-preview:-1\" \/>\n<link rel=\"canonical\" href=\"https:\/\/www.aventure-chlorophylle.com\/nl\/canyoning-rafting-pyrenees-atlantiques\/raquettes-dans-les-pyrenees\/\" \/>\n<meta property=\"og:locale\" content=\"nl_NL\" \/>\n<meta property=\"og:type\" content=\"article\" \/>\n<meta property=\"og:title\" content=\"Raquettes dans les Pyr\u00e9n\u00e9es - Aventure Chlorophylle\" \/>\n<meta property=\"og:description\" content=\"Raquettes en vall\u00e9e d&#039;ossau dans les Pyr\u00e9n\u00e9es &nbsp; La randonn\u00e9e en raquettes est une activit\u00e9 hivernale accessible et immersive : marche dans la neige, exploration de paysages enneig\u00e9s, et d\u00e9couverte de panoramas \u00e0 couper le souffle. Au c\u0153ur de la Vall\u00e9e d\u2019Ossau, dans les Pyr\u00e9n\u00e9es Atlantiques (64), rendez-vous\u00a0 \u00e0 Gourette, \u00e0 seulement 2h de la [&hellip;]\" \/>\n<meta property=\"og:url\" content=\"https:\/\/www.aventure-chlorophylle.com\/nl\/canyoning-rafting-pyrenees-atlantiques\/raquettes-dans-les-pyrenees\/\" \/>\n<meta property=\"og:site_name\" content=\"Aventure Chlorophylle\" \/>\n<meta property=\"article:publisher\" content=\"https:\/\/www.facebook.com\/aventurechlorophylle\" \/>\n<meta property=\"article:modified_time\" content=\"2025-09-29T11:26:58+00:00\" \/>\n<meta name=\"twitter:card\" content=\"summary_large_image\" \/>\n<meta name=\"twitter:label1\" content=\"Geschatte leestijd\" \/>\n\t<meta name=\"twitter:data1\" content=\"8 minuten\" \/>\n<script type=\"application\/ld+json\" class=\"yoast-schema-graph\">{\"@context\":\"https:\/\/schema.org\",\"@graph\":[{\"@type\":\"WebPage\",\"@id\":\"https:\/\/www.aventure-chlorophylle.com\/canyoning-rafting-pyrenees-atlantiques\/raquettes-dans-les-pyrenees\/\",\"url\":\"https:\/\/www.aventure-chlorophylle.com\/canyoning-rafting-pyrenees-atlantiques\/raquettes-dans-les-pyrenees\/\",\"name\":\"Raquettes dans les Pyr\u00e9n\u00e9es - Aventure Chlorophylle\",\"isPartOf\":{\"@id\":\"https:\/\/www.aventure-chlorophylle.com\/#website\"},\"datePublished\":\"2024-11-28T11:40:57+00:00\",\"dateModified\":\"2025-09-29T11:26:58+00:00\",\"breadcrumb\":{\"@id\":\"https:\/\/www.aventure-chlorophylle.com\/canyoning-rafting-pyrenees-atlantiques\/raquettes-dans-les-pyrenees\/#breadcrumb\"},\"inLanguage\":\"nl-NL\",\"potentialAction\":[{\"@type\":\"ReadAction\",\"target\":[\"https:\/\/www.aventure-chlorophylle.com\/canyoning-rafting-pyrenees-atlantiques\/raquettes-dans-les-pyrenees\/\"]}]},{\"@type\":\"BreadcrumbList\",\"@id\":\"https:\/\/www.aventure-chlorophylle.com\/canyoning-rafting-pyrenees-atlantiques\/raquettes-dans-les-pyrenees\/#breadcrumb\",\"itemListElement\":[{\"@type\":\"ListItem\",\"position\":1,\"name\":\"Accueil\",\"item\":\"https:\/\/www.aventure-chlorophylle.com\/\"},{\"@type\":\"ListItem\",\"position\":2,\"name\":\"Canyoning et Rafting dans les Pyr\u00e9n\u00e9es Atlantiques\",\"item\":\"https:\/\/www.aventure-chlorophylle.com\/\"},{\"@type\":\"ListItem\",\"position\":3,\"name\":\"Raquettes dans les Pyr\u00e9n\u00e9es\"}]},{\"@type\":\"WebSite\",\"@id\":\"https:\/\/www.aventure-chlorophylle.com\/#website\",\"url\":\"https:\/\/www.aventure-chlorophylle.com\/\",\"name\":\"Aventure Chlorophylle\",\"description\":\"Activit\u00e9s de Canyoning, rafting et sp\u00e9l\u00e9ologie dans les Pyr\u00e9n\u00e9es\",\"publisher\":{\"@id\":\"https:\/\/www.aventure-chlorophylle.com\/#organization\"},\"potentialAction\":[{\"@type\":\"SearchAction\",\"target\":{\"@type\":\"EntryPoint\",\"urlTemplate\":\"https:\/\/www.aventure-chlorophylle.com\/?s={search_term_string}\"},\"query-input\":{\"@type\":\"PropertyValueSpecification\",\"valueRequired\":true,\"valueName\":\"search_term_string\"}}],\"inLanguage\":\"nl-NL\"},{\"@type\":\"Organization\",\"@id\":\"https:\/\/www.aventure-chlorophylle.com\/#organization\",\"name\":\"Aventure Chlorophylle\",\"url\":\"https:\/\/www.aventure-chlorophylle.com\/\",\"logo\":{\"@type\":\"ImageObject\",\"inLanguage\":\"nl-NL\",\"@id\":\"https:\/\/www.aventure-chlorophylle.com\/#\/schema\/logo\/image\/\",\"url\":\"https:\/\/www.aventure-chlorophylle.com\/wp-content\/uploads\/2021\/04\/logo_aventure_chlorophylle.png\",\"contentUrl\":\"https:\/\/www.aventure-chlorophylle.com\/wp-content\/uploads\/2021\/04\/logo_aventure_chlorophylle.png\",\"width\":356,\"height\":392,\"caption\":\"Aventure Chlorophylle\"},\"image\":{\"@id\":\"https:\/\/www.aventure-chlorophylle.com\/#\/schema\/logo\/image\/\"},\"sameAs\":[\"https:\/\/www.facebook.com\/aventurechlorophylle\",\"https:\/\/www.instagram.com\/aventure_chlorophylle\/\"]}]}<\/script>\n<!-- \/ Yoast SEO plugin. -->","yoast_head_json":{"title":"Sneeuwschoenwandelen in de Pyrenee\u00ebn - Aventure Chlorophylle","robots":{"index":"index","follow":"follow","max-snippet":"max-snippet:-1","max-image-preview":"max-image-preview:large","max-video-preview":"max-video-preview:-1"},"canonical":"https:\/\/www.aventure-chlorophylle.com\/nl\/canyoning-rafting-pyrenees-atlantiques\/raquettes-dans-les-pyrenees\/","og_locale":"nl_NL","og_type":"article","og_title":"Raquettes dans les Pyr\u00e9n\u00e9es - Aventure Chlorophylle","og_description":"Raquettes en vall\u00e9e d'ossau dans les Pyr\u00e9n\u00e9es &nbsp; La randonn\u00e9e en raquettes est une activit\u00e9 hivernale accessible et immersive : marche dans la neige, exploration de paysages enneig\u00e9s, et d\u00e9couverte de panoramas \u00e0 couper le souffle. Au c\u0153ur de la Vall\u00e9e d\u2019Ossau, dans les Pyr\u00e9n\u00e9es Atlantiques (64), rendez-vous\u00a0 \u00e0 Gourette, \u00e0 seulement 2h de la [&hellip;]","og_url":"https:\/\/www.aventure-chlorophylle.com\/nl\/canyoning-rafting-pyrenees-atlantiques\/raquettes-dans-les-pyrenees\/","og_site_name":"Aventure Chlorophylle","article_publisher":"https:\/\/www.facebook.com\/aventurechlorophylle","article_modified_time":"2025-09-29T11:26:58+00:00","twitter_card":"summary_large_image","twitter_misc":{"Geschatte leestijd":"8 minuten"},"schema":{"@context":"https:\/\/schema.org","@graph":[{"@type":"WebPage","@id":"https:\/\/www.aventure-chlorophylle.com\/canyoning-rafting-pyrenees-atlantiques\/raquettes-dans-les-pyrenees\/","url":"https:\/\/www.aventure-chlorophylle.com\/canyoning-rafting-pyrenees-atlantiques\/raquettes-dans-les-pyrenees\/","name":"Sneeuwschoenwandelen in de Pyrenee\u00ebn - Aventure Chlorophylle","isPartOf":{"@id":"https:\/\/www.aventure-chlorophylle.com\/#website"},"datePublished":"2024-11-28T11:40:57+00:00","dateModified":"2025-09-29T11:26:58+00:00","breadcrumb":{"@id":"https:\/\/www.aventure-chlorophylle.com\/canyoning-rafting-pyrenees-atlantiques\/raquettes-dans-les-pyrenees\/#breadcrumb"},"inLanguage":"nl-NL","potentialAction":[{"@type":"ReadAction","target":["https:\/\/www.aventure-chlorophylle.com\/canyoning-rafting-pyrenees-atlantiques\/raquettes-dans-les-pyrenees\/"]}]},{"@type":"BreadcrumbList","@id":"https:\/\/www.aventure-chlorophylle.com\/canyoning-rafting-pyrenees-atlantiques\/raquettes-dans-les-pyrenees\/#breadcrumb","itemListElement":[{"@type":"ListItem","position":1,"name":"Accueil","item":"https:\/\/www.aventure-chlorophylle.com\/"},{"@type":"ListItem","position":2,"name":"Canyoning et Rafting dans les Pyr\u00e9n\u00e9es Atlantiques","item":"https:\/\/www.aventure-chlorophylle.com\/"},{"@type":"ListItem","position":3,"name":"Raquettes dans les Pyr\u00e9n\u00e9es"}]},{"@type":"WebSite","@id":"https:\/\/www.aventure-chlorophylle.com\/#website","url":"https:\/\/www.aventure-chlorophylle.com\/","name":"Chlorofyl avontuur","description":"Canyoning, rafting en speleologie in de Pyrenee\u00ebn","publisher":{"@id":"https:\/\/www.aventure-chlorophylle.com\/#organization"},"potentialAction":[{"@type":"SearchAction","target":{"@type":"EntryPoint","urlTemplate":"https:\/\/www.aventure-chlorophylle.com\/?s={search_term_string}"},"query-input":{"@type":"PropertyValueSpecification","valueRequired":true,"valueName":"search_term_string"}}],"inLanguage":"nl-NL"},{"@type":"Organization","@id":"https:\/\/www.aventure-chlorophylle.com\/#organization","name":"Chlorofyl avontuur","url":"https:\/\/www.aventure-chlorophylle.com\/","logo":{"@type":"ImageObject","inLanguage":"nl-NL","@id":"https:\/\/www.aventure-chlorophylle.com\/#\/schema\/logo\/image\/","url":"https:\/\/www.aventure-chlorophylle.com\/wp-content\/uploads\/2021\/04\/logo_aventure_chlorophylle.png","contentUrl":"https:\/\/www.aventure-chlorophylle.com\/wp-content\/uploads\/2021\/04\/logo_aventure_chlorophylle.png","width":356,"height":392,"caption":"Aventure Chlorophylle"},"image":{"@id":"https:\/\/www.aventure-chlorophylle.com\/#\/schema\/logo\/image\/"},"sameAs":["https:\/\/www.facebook.com\/aventurechlorophylle","https:\/\/www.instagram.com\/aventure_chlorophylle\/"]}]}},"_links":{"self":[{"href":"https:\/\/www.aventure-chlorophylle.com\/nl\/wp-json\/wp\/v2\/pages\/269031","targetHints":{"allow":["GET"]}}],"collection":[{"href":"https:\/\/www.aventure-chlorophylle.com\/nl\/wp-json\/wp\/v2\/pages"}],"about":[{"href":"https:\/\/www.aventure-chlorophylle.com\/nl\/wp-json\/wp\/v2\/types\/page"}],"author":[{"embeddable":true,"href":"https:\/\/www.aventure-chlorophylle.com\/nl\/wp-json\/wp\/v2\/users\/3"}],"replies":[{"embeddable":true,"href":"https:\/\/www.aventure-chlorophylle.com\/nl\/wp-json\/wp\/v2\/comments?post=269031"}],"version-history":[{"count":37,"href":"https:\/\/www.aventure-chlorophylle.com\/nl\/wp-json\/wp\/v2\/pages\/269031\/revisions"}],"predecessor-version":[{"id":269717,"href":"https:\/\/www.aventure-chlorophylle.com\/nl\/wp-json\/wp\/v2\/pages\/269031\/revisions\/269717"}],"up":[{"embeddable":true,"href":"https:\/\/www.aventure-chlorophylle.com\/nl\/wp-json\/wp\/v2\/pages\/261671"}],"wp:attachment":[{"href":"https:\/\/www.aventure-chlorophylle.com\/nl\/wp-json\/wp\/v2\/media?parent=269031"}],"curies":[{"name":"wp","href":"https:\/\/api.w.org\/{rel}","templated":true}]}}