{"id":269337,"date":"2025-05-12T17:27:04","date_gmt":"2025-05-12T15:27:04","guid":{"rendered":"https:\/\/www.aventure-chlorophylle.com\/?page_id=269337"},"modified":"2025-05-23T10:33:58","modified_gmt":"2025-05-23T08:33:58","slug":"canyoning-autour-de-moi","status":"publish","type":"page","link":"https:\/\/www.aventure-chlorophylle.com\/nl\/canyoning-autour-de-moi\/","title":{"rendered":"canyoning om me heen"},"content":{"rendered":"<p>[et_pb_section fb_built=\"1\u2033 admin_label=\"section \" _builder_version=\"4.16\u2033 global_colors_info=\"{} \"][et_pb_row admin_label=\"row \" _builder_version=\"4.16\u2033 background_size=\"initial \" background_position=\"top_left \" background_repeat=\"repeat \" global_colors_info=\"{} \"][et_pb_column type=\"4_4\u2033 _builder_version=\"4.16\u2033 custom_padding=\"||| \" global_colors_info=\"{} \" custom_padding__hover=\"||| \"][et_pb_text _builder_version=\"4.23.1\u2033 _module_preset=\"default \" global_colors_info=\"{} \"]<\/p>\n<h1 style=\"text-align: center;\">Canyoning om me heen<\/h1>\n<h2 style=\"text-align: center;\">45 minuten van Pau<br \/>30 minuten van Oloron Sainte Marie<br \/>1u30 van Dax<br \/>2u30 van Bordeaux<br \/>3 uur van Toulouse<\/h2>\n<h2 style=\"text-align: center;\">Ontmoet ons in Laruns in de Ossau vallei in de Atlantische Pyrenee\u00ebn voor canyoning cursussen in de ontdekking of sensatie formule!<\/h2>\n<p>[\/et_pb_text][\/et_pb_column][\/et_pb_row][et_pb_row _builder_version=\u00a0\u00bb4.23.1&Prime; _module_preset=\u00a0\u00bbdefault\u00a0\u00bb global_colors_info=\u00a0\u00bb{}\u00a0\u00bb][et_pb_column type=\u00a0\u00bb4_4&Prime; _builder_version=\u00a0\u00bb4.23.1&Prime; _module_preset=\u00a0\u00bbdefault\u00a0\u00bb global_colors_info=\u00a0\u00bb{}\u00a0\u00bb][et_pb_text _builder_version=\u00a0\u00bb4.23.1&Prime; _module_preset=\u00a0\u00bbdefault\u00a0\u00bb hover_enabled=\u00a0\u00bb0&Prime; global_colors_info=\u00a0\u00bb{}\u00a0\u00bb sticky_enabled=\u00a0\u00bb0&Prime;]<\/p>\n<h1 style=\"text-align: center;\">\u00a0<\/h1>\n<h3 style=\"text-align: center;\">Ontdek de unieke ervaring van canyoning in de Ossau vallei<\/h3>\n<p style=\"text-align: center;\">De Ossau vallei, genesteld in het hart van de Pyrenee\u00ebn, biedt een uitzonderlijke diversiteit aan canyons, waardoor Laruns een must is voor alle canyoning liefhebbers. <strong>canyoning<\/strong>. Of je nu met familie of vrienden bent, een doorgewinterde sporter of een beginner, de <strong>ravijnen rond Laruns<\/strong> aanbod <strong>routes voor alle niveaus<\/strong>.<\/p>\n<p>[\/et_pb_text][\/et_pb_column][\/et_pb_row][et_pb_row column_structure=\u00a0\u00bb1_2,1_2&Prime; _builder_version=\u00a0\u00bb4.23.1&Prime; _module_preset=\u00a0\u00bbdefault\u00a0\u00bb global_colors_info=\u00a0\u00bb{}\u00a0\u00bb][et_pb_column type=\u00a0\u00bb1_2&Prime; _builder_version=\u00a0\u00bb4.23.1&Prime; _module_preset=\u00a0\u00bbdefault\u00a0\u00bb global_colors_info=\u00a0\u00bb{}\u00a0\u00bb][et_pb_text _builder_version=\u00a0\u00bb4.23.1&Prime; _module_preset=\u00a0\u00bbdefault\u00a0\u00bb global_colors_info=\u00a0\u00bb{}\u00a0\u00bb]<\/p>\n<h3>Een complete wateractiviteit in de bergen<\/h3>\n<p>De <strong>canyoning<\/strong> staat voor de<strong>wateractiviteit in de bergen<\/strong> bij uitstek. Dit avontuur neemt je mee een rivier af over verschillende natuurlijke hindernissen met behulp van verschillende technieken. Tijdens je <strong>canyoning dag<\/strong>zul je ervaren <strong>ervaring<\/strong> een onvergetelijke combinatie:<\/p>\n<ul>\n<li>Van <strong>abseilen<\/strong> soms bewaterd door <strong>watervallen<\/strong> indrukwekkend, zoals in de <strong>gorges du canyon du Canceigt<\/strong><\/li>\n<li>Van <strong>springt<\/strong> meer of minder technisch, afhankelijk van het niveau van <strong>route<\/strong><\/li>\n<li>Van <strong>natuurlijke glijbanen<\/strong> die je voorziet van <strong>sensaties<\/strong> sterk<\/li>\n<li>Wandel- en trektochten <strong>zwemmen<\/strong> in de<strong>water<\/strong> fris en kristallijn<\/li>\n<\/ul>\n<h3>Diverse canyons voor alle profielen<\/h3>\n<p>De rijkdom van <strong>canyons<\/strong> in de regio Laruns kan iedereen helpen bij het vinden van de juiste <strong>canyoning tocht<\/strong> die ermee overeenkomt:<\/p>\n<ol>\n<li><strong>Canyon du Canceigt<\/strong>Met zijn <strong>smalle kloven<\/strong>Deze canyon biedt <strong>herinneringen<\/strong> technische en uitdagende aquatische passages, ideaal voor <strong>sporters<\/strong> tussenpersonen.<\/li>\n<li><strong>Ravijn van Bious<\/strong>Ondergedompeld in een <strong>natuur<\/strong> groen, biedt deze canyon <strong>ontdekking<\/strong> toegankelijker, perfect voor gezinnen en beginners die op zoek zijn naar een zachte introductie.<\/li>\n<li><strong>Soussou\u00e9ou Canyon<\/strong>Zeer <strong>aquatisch<\/strong>Deze canyon combineert <strong>watervallen<\/strong>, <strong>dia's<\/strong> en <strong>springt<\/strong> voor een <strong>avontuur<\/strong> in een uitzonderlijke natuurlijke omgeving.<\/li>\n<\/ol>\n<h3>Veiligheid gegarandeerd door professionals<\/h3>\n<p>De <strong>beveiliging<\/strong> is essentieel voor de praktijk van <strong>canyoning<\/strong>. Voor elke <strong>uitgang<\/strong>wordt u vergezeld door een <strong>gids<\/strong> of <strong>staatsgecertificeerd instructeur<\/strong> die je zal voorzien:<\/p>\n<ul>\n<li>Een volledig aanbod van aangepaste apparatuur<\/li>\n<li>Persoonlijk technisch advies<\/li>\n<li>Constante controle tijdens de<strong>activiteit<\/strong><\/li>\n<li>Diepgaande kennis van <strong>massief<\/strong> Pyrenee\u00ebn en zijn specifieke kenmerken<\/li>\n<\/ul>\n<p>&nbsp;<\/p>\n<p>[\/et_pb_text][\/et_pb_column][et_pb_column type=\u00a0\u00bb1_2&Prime; _builder_version=\u00a0\u00bb4.23.1&Prime; _module_preset=\u00a0\u00bbdefault\u00a0\u00bb global_colors_info=\u00a0\u00bb{}\u00a0\u00bb][et_pb_text _builder_version=\u00a0\u00bb4.23.1&Prime; _module_preset=\u00a0\u00bbdefault\u00a0\u00bb global_colors_info=\u00a0\u00bb{}\u00a0\u00bb]<\/p>\n<h3>Een activiteit die voor iedereen toegankelijk is<\/h3>\n<p>De <strong>canyoning rond Laruns<\/strong> is gericht op verschillende doelgroepen:<\/p>\n<ul>\n<li><strong>Gezinnen<\/strong> met kinderen (vanaf 10 jaar) op de <strong>route<\/strong> van <strong>ontdekking<\/strong><\/li>\n<li>Groepen van<strong>vrienden<\/strong> op zoek naar een <strong>activiteit<\/strong> leuk en verfrissend<\/li>\n<li><strong>Sport<\/strong> op zoek naar spanning en technische uitdagingen<\/li>\n<li>Beginners die willen leren <strong>activiteiten<\/strong> van volledig <strong>natuur<\/strong> in <strong>berg<\/strong><\/li>\n<\/ul>\n<h3>De voordelen van canyoning in de Pyrenee\u00ebn<\/h3>\n<p>De praktijk van <strong>canyoning<\/strong> in de <strong>vallei<\/strong> d'Ossau te bieden heeft:<\/p>\n<ul>\n<li>Totale onderdompeling in de <strong>natuur<\/strong> beschermd tegen <strong>Pyrenee\u00ebn<\/strong><\/li>\n<li>Uitzonderlijk uitzicht op de omliggende bergtoppen<\/li>\n<li>Puur, verfrissend water tegen de zomerhitte<\/li>\n<li>A <strong>avontuur<\/strong> toegankelijk zonder voorafgaande expertise in <strong>klimmen<\/strong> of in <strong>wandelen<\/strong><\/li>\n<\/ul>\n<h3>Getuigenissen en meningen<\/h3>\n<p>De <strong>mening<\/strong> van onze deelnemers getuigen van de kwaliteit van <strong>canyon afdalingen<\/strong> in de regio Laruns. De tevredenheid is hoog, zowel bij <strong>ervaringen<\/strong> van <strong>ontdekking<\/strong> dan voor <strong>route<\/strong> gereserveerd voor <strong>sporters<\/strong> ervaren.<\/p>\n<h3>Canyoning in Laruns: een niet te missen ervaring<\/h3>\n<p>Of je nu op zoek bent naar <strong>activiteit<\/strong> een originele familie <strong>uitgang<\/strong> tussen <strong>vrienden<\/strong> of een <strong>avontuur<\/strong> rijk aan <strong>sensaties<\/strong>op <strong>canyoning<\/strong> in Laruns zal aan je verwachtingen voldoen. De diversiteit van <strong>canyons<\/strong> en <strong>route<\/strong> beschikbaar maakt dit <strong>locatie<\/strong> een must voor fans van<strong>activiteiten<\/strong> van volledig <strong>natuur<\/strong> in de <strong>Pyrenee\u00ebn<\/strong>.<\/p>\n<p>Wacht niet langer om je <strong>canyoning dag<\/strong> en ervaring <strong>ervaring<\/strong> onvergetelijk in de <strong>canyons<\/strong> van de <strong>vallei<\/strong> d'Ossau. Onze <strong>gidsen<\/strong> gekwalificeerd personeel staat klaar om je te helpen <strong>afdaling<\/strong> in elk <strong>beveiliging<\/strong> via <strong>herinneringen<\/strong>, <strong>dia's<\/strong> en <strong>springt<\/strong> in een uitzonderlijke natuurlijke omgeving.<\/p>\n<p>Voor meer informatie of om uw <strong>canyoning tocht<\/strong> in Laruns, neem contact op met Aventure Chlorophylle, specialist in <strong>activiteiten<\/strong> van volledig <strong>natuur<\/strong> in de <strong>Pyrenee\u00ebn<\/strong>.<\/p>\n<p>[\/et_pb_text][\/et_pb_column][\/et_pb_row][et_pb_row _builder_version=\u00a0\u00bb4.23.1&Prime; _module_preset=\u00a0\u00bbdefault\u00a0\u00bb global_colors_info=\u00a0\u00bb{}\u00a0\u00bb][et_pb_column type=\u00a0\u00bb4_4&Prime; _builder_version=\u00a0\u00bb4.23.1&Prime; _module_preset=\u00a0\u00bbdefault\u00a0\u00bb global_colors_info=\u00a0\u00bb{}\u00a0\u00bb][et_pb_button button_url=\u00a0\u00bbhttps:\/\/www.aventure-chlorophylle.com\/canyoning-rafting-pyrenees-atlantiques\/canyoning\/\u00a0\u00bb button_text=\u00a0\u00bbVoir les formules canyoning\u00a0\u00bb _builder_version=\u00a0\u00bb4.23.1&Prime; _module_preset=\u00a0\u00bbdefault\u00a0\u00bb global_colors_info=\u00a0\u00bb{}\u00a0\u00bb][\/et_pb_button][\/et_pb_column][\/et_pb_row][et_pb_row column_structure=\u00a0\u00bb1_2,1_2&Prime; _builder_version=\u00a0\u00bb4.23.1&Prime; _module_preset=\u00a0\u00bbdefault\u00a0\u00bb global_colors_info=\u00a0\u00bb{}\u00a0\u00bb][et_pb_column type=\u00a0\u00bb1_2&Prime; _builder_version=\u00a0\u00bb4.23.1&Prime; _module_preset=\u00a0\u00bbdefault\u00a0\u00bb global_colors_info=\u00a0\u00bb{}\u00a0\u00bb][et_pb_image src=\u00a0\u00bbhttps:\/\/www.aventure-chlorophylle.com\/wp-content\/uploads\/2021\/07\/2023-07-11-PM-Alex-canyoning-canceigt_11.jpg\u00a0\u00bb title_text=\u00a0\u00bbCanyoning Canceigt\u00a0\u00bb _builder_version=\u00a0\u00bb4.23.1&Prime; _module_preset=\u00a0\u00bbdefault\u00a0\u00bb global_colors_info=\u00a0\u00bb{}\u00a0\u00bb][\/et_pb_image][\/et_pb_column][et_pb_column type=\u00a0\u00bb1_2&Prime; _builder_version=\u00a0\u00bb4.23.1&Prime; _module_preset=\u00a0\u00bbdefault\u00a0\u00bb global_colors_info=\u00a0\u00bb{}\u00a0\u00bb][et_pb_image src=\u00a0\u00bbhttps:\/\/www.aventure-chlorophylle.com\/wp-content\/uploads\/2023\/06\/Canyon-du-Soussoueou-en-vallee-dOssau-2-scaled.jpg\u00a0\u00bb alt=\u00a0\u00bbToboggan dans le canyon du Soussou\u00e9ou \u00e0 Artouste en vall\u00e9e d&rsquo;Ossau dans les Pyr\u00e9n\u00e9es Atlantiques\u00a0\u00bb title_text=\u00a0\u00bbCanyon du Soussou\u00e9ou en vall\u00e9e d&rsquo;Ossau (2)\u00a0\u00bb _builder_version=\u00a0\u00bb4.23.1&Prime; _module_preset=\u00a0\u00bbdefault\u00a0\u00bb global_colors_info=\u00a0\u00bb{}\u00a0\u00bb][\/et_pb_image][\/et_pb_column][\/et_pb_row][\/et_pb_section]<\/p>","protected":false},"excerpt":{"rendered":"<p>Descente en canyoning autour de moi A 45 minutes de PauA 30 minutes d&rsquo;Oloron Sainte MarieA 1h30 de DaxA 2h30 de BordeauxA 3h de Toulouse Rdv \u00e0 Laruns en vall\u00e9e d&rsquo;Ossau dans les Pyr\u00e9n\u00e9es atlantiques pour des parcours canyoning en formule d\u00e9couverte ou sensation !!\u00a0 D\u00e9couvrez l&rsquo;exp\u00e9rience unique du canyoning dans la vall\u00e9e d&rsquo;Ossau La [&hellip;]<\/p>","protected":false},"author":3,"featured_media":0,"parent":0,"menu_order":0,"comment_status":"closed","ping_status":"closed","template":"","meta":{"_acf_changed":false,"_et_pb_use_builder":"on","_et_pb_old_content":"","_et_gb_content_width":"","inline_featured_image":false,"footnotes":""},"class_list":["post-269337","page","type-page","status-publish","hentry"],"acf":[],"yoast_head":"<!-- This site is optimized with the Yoast SEO plugin v26.7 - https:\/\/yoast.com\/wordpress\/plugins\/seo\/ -->\n<title>canyoning autour de moi - Aventure Chlorophylle<\/title>\n<meta name=\"robots\" content=\"index, follow, max-snippet:-1, max-image-preview:large, max-video-preview:-1\" \/>\n<link rel=\"canonical\" href=\"https:\/\/www.aventure-chlorophylle.com\/nl\/canyoning-autour-de-moi\/\" \/>\n<meta property=\"og:locale\" content=\"nl_NL\" \/>\n<meta property=\"og:type\" content=\"article\" \/>\n<meta property=\"og:title\" content=\"canyoning autour de moi - Aventure Chlorophylle\" \/>\n<meta property=\"og:description\" content=\"Descente en canyoning autour de moi A 45 minutes de PauA 30 minutes d&#039;Oloron Sainte MarieA 1h30 de DaxA 2h30 de BordeauxA 3h de Toulouse Rdv \u00e0 Laruns en vall\u00e9e d&#039;Ossau dans les Pyr\u00e9n\u00e9es atlantiques pour des parcours canyoning en formule d\u00e9couverte ou sensation !!\u00a0 D\u00e9couvrez l&#039;exp\u00e9rience unique du canyoning dans la vall\u00e9e d&#039;Ossau La [&hellip;]\" \/>\n<meta property=\"og:url\" content=\"https:\/\/www.aventure-chlorophylle.com\/nl\/canyoning-autour-de-moi\/\" \/>\n<meta property=\"og:site_name\" content=\"Aventure Chlorophylle\" \/>\n<meta property=\"article:publisher\" content=\"https:\/\/www.facebook.com\/aventurechlorophylle\" \/>\n<meta property=\"article:modified_time\" content=\"2025-05-23T08:33:58+00:00\" \/>\n<meta name=\"twitter:card\" content=\"summary_large_image\" \/>\n<meta name=\"twitter:label1\" content=\"Geschatte leestijd\" \/>\n\t<meta name=\"twitter:data1\" content=\"5 minuten\" \/>\n<script type=\"application\/ld+json\" class=\"yoast-schema-graph\">{\"@context\":\"https:\/\/schema.org\",\"@graph\":[{\"@type\":\"WebPage\",\"@id\":\"https:\/\/www.aventure-chlorophylle.com\/canyoning-autour-de-moi\/\",\"url\":\"https:\/\/www.aventure-chlorophylle.com\/canyoning-autour-de-moi\/\",\"name\":\"canyoning autour de moi - Aventure Chlorophylle\",\"isPartOf\":{\"@id\":\"https:\/\/www.aventure-chlorophylle.com\/#website\"},\"datePublished\":\"2025-05-12T15:27:04+00:00\",\"dateModified\":\"2025-05-23T08:33:58+00:00\",\"breadcrumb\":{\"@id\":\"https:\/\/www.aventure-chlorophylle.com\/canyoning-autour-de-moi\/#breadcrumb\"},\"inLanguage\":\"nl-NL\",\"potentialAction\":[{\"@type\":\"ReadAction\",\"target\":[\"https:\/\/www.aventure-chlorophylle.com\/canyoning-autour-de-moi\/\"]}]},{\"@type\":\"BreadcrumbList\",\"@id\":\"https:\/\/www.aventure-chlorophylle.com\/canyoning-autour-de-moi\/#breadcrumb\",\"itemListElement\":[{\"@type\":\"ListItem\",\"position\":1,\"name\":\"Accueil\",\"item\":\"https:\/\/www.aventure-chlorophylle.com\/\"},{\"@type\":\"ListItem\",\"position\":2,\"name\":\"canyoning autour de moi\"}]},{\"@type\":\"WebSite\",\"@id\":\"https:\/\/www.aventure-chlorophylle.com\/#website\",\"url\":\"https:\/\/www.aventure-chlorophylle.com\/\",\"name\":\"Aventure Chlorophylle\",\"description\":\"Activit\u00e9s de Canyoning, rafting et sp\u00e9l\u00e9ologie dans les Pyr\u00e9n\u00e9es\",\"publisher\":{\"@id\":\"https:\/\/www.aventure-chlorophylle.com\/#organization\"},\"potentialAction\":[{\"@type\":\"SearchAction\",\"target\":{\"@type\":\"EntryPoint\",\"urlTemplate\":\"https:\/\/www.aventure-chlorophylle.com\/?s={search_term_string}\"},\"query-input\":{\"@type\":\"PropertyValueSpecification\",\"valueRequired\":true,\"valueName\":\"search_term_string\"}}],\"inLanguage\":\"nl-NL\"},{\"@type\":\"Organization\",\"@id\":\"https:\/\/www.aventure-chlorophylle.com\/#organization\",\"name\":\"Aventure Chlorophylle\",\"url\":\"https:\/\/www.aventure-chlorophylle.com\/\",\"logo\":{\"@type\":\"ImageObject\",\"inLanguage\":\"nl-NL\",\"@id\":\"https:\/\/www.aventure-chlorophylle.com\/#\/schema\/logo\/image\/\",\"url\":\"https:\/\/www.aventure-chlorophylle.com\/wp-content\/uploads\/2021\/04\/logo_aventure_chlorophylle.png\",\"contentUrl\":\"https:\/\/www.aventure-chlorophylle.com\/wp-content\/uploads\/2021\/04\/logo_aventure_chlorophylle.png\",\"width\":356,\"height\":392,\"caption\":\"Aventure Chlorophylle\"},\"image\":{\"@id\":\"https:\/\/www.aventure-chlorophylle.com\/#\/schema\/logo\/image\/\"},\"sameAs\":[\"https:\/\/www.facebook.com\/aventurechlorophylle\",\"https:\/\/www.instagram.com\/aventure_chlorophylle\/\"]}]}<\/script>\n<!-- \/ Yoast SEO plugin. -->","yoast_head_json":{"title":"canyoning om me heen - Aventure Chlorophylle","robots":{"index":"index","follow":"follow","max-snippet":"max-snippet:-1","max-image-preview":"max-image-preview:large","max-video-preview":"max-video-preview:-1"},"canonical":"https:\/\/www.aventure-chlorophylle.com\/nl\/canyoning-autour-de-moi\/","og_locale":"nl_NL","og_type":"article","og_title":"canyoning autour de moi - Aventure Chlorophylle","og_description":"Descente en canyoning autour de moi A 45 minutes de PauA 30 minutes d'Oloron Sainte MarieA 1h30 de DaxA 2h30 de BordeauxA 3h de Toulouse Rdv \u00e0 Laruns en vall\u00e9e d'Ossau dans les Pyr\u00e9n\u00e9es atlantiques pour des parcours canyoning en formule d\u00e9couverte ou sensation !!\u00a0 D\u00e9couvrez l'exp\u00e9rience unique du canyoning dans la vall\u00e9e d'Ossau La [&hellip;]","og_url":"https:\/\/www.aventure-chlorophylle.com\/nl\/canyoning-autour-de-moi\/","og_site_name":"Aventure Chlorophylle","article_publisher":"https:\/\/www.facebook.com\/aventurechlorophylle","article_modified_time":"2025-05-23T08:33:58+00:00","twitter_card":"summary_large_image","twitter_misc":{"Geschatte leestijd":"5 minuten"},"schema":{"@context":"https:\/\/schema.org","@graph":[{"@type":"WebPage","@id":"https:\/\/www.aventure-chlorophylle.com\/canyoning-autour-de-moi\/","url":"https:\/\/www.aventure-chlorophylle.com\/canyoning-autour-de-moi\/","name":"canyoning om me heen - Aventure Chlorophylle","isPartOf":{"@id":"https:\/\/www.aventure-chlorophylle.com\/#website"},"datePublished":"2025-05-12T15:27:04+00:00","dateModified":"2025-05-23T08:33:58+00:00","breadcrumb":{"@id":"https:\/\/www.aventure-chlorophylle.com\/canyoning-autour-de-moi\/#breadcrumb"},"inLanguage":"nl-NL","potentialAction":[{"@type":"ReadAction","target":["https:\/\/www.aventure-chlorophylle.com\/canyoning-autour-de-moi\/"]}]},{"@type":"BreadcrumbList","@id":"https:\/\/www.aventure-chlorophylle.com\/canyoning-autour-de-moi\/#breadcrumb","itemListElement":[{"@type":"ListItem","position":1,"name":"Accueil","item":"https:\/\/www.aventure-chlorophylle.com\/"},{"@type":"ListItem","position":2,"name":"canyoning autour de moi"}]},{"@type":"WebSite","@id":"https:\/\/www.aventure-chlorophylle.com\/#website","url":"https:\/\/www.aventure-chlorophylle.com\/","name":"Chlorofyl avontuur","description":"Canyoning, rafting en speleologie in de Pyrenee\u00ebn","publisher":{"@id":"https:\/\/www.aventure-chlorophylle.com\/#organization"},"potentialAction":[{"@type":"SearchAction","target":{"@type":"EntryPoint","urlTemplate":"https:\/\/www.aventure-chlorophylle.com\/?s={search_term_string}"},"query-input":{"@type":"PropertyValueSpecification","valueRequired":true,"valueName":"search_term_string"}}],"inLanguage":"nl-NL"},{"@type":"Organization","@id":"https:\/\/www.aventure-chlorophylle.com\/#organization","name":"Chlorofyl avontuur","url":"https:\/\/www.aventure-chlorophylle.com\/","logo":{"@type":"ImageObject","inLanguage":"nl-NL","@id":"https:\/\/www.aventure-chlorophylle.com\/#\/schema\/logo\/image\/","url":"https:\/\/www.aventure-chlorophylle.com\/wp-content\/uploads\/2021\/04\/logo_aventure_chlorophylle.png","contentUrl":"https:\/\/www.aventure-chlorophylle.com\/wp-content\/uploads\/2021\/04\/logo_aventure_chlorophylle.png","width":356,"height":392,"caption":"Aventure Chlorophylle"},"image":{"@id":"https:\/\/www.aventure-chlorophylle.com\/#\/schema\/logo\/image\/"},"sameAs":["https:\/\/www.facebook.com\/aventurechlorophylle","https:\/\/www.instagram.com\/aventure_chlorophylle\/"]}]}},"_links":{"self":[{"href":"https:\/\/www.aventure-chlorophylle.com\/nl\/wp-json\/wp\/v2\/pages\/269337","targetHints":{"allow":["GET"]}}],"collection":[{"href":"https:\/\/www.aventure-chlorophylle.com\/nl\/wp-json\/wp\/v2\/pages"}],"about":[{"href":"https:\/\/www.aventure-chlorophylle.com\/nl\/wp-json\/wp\/v2\/types\/page"}],"author":[{"embeddable":true,"href":"https:\/\/www.aventure-chlorophylle.com\/nl\/wp-json\/wp\/v2\/users\/3"}],"replies":[{"embeddable":true,"href":"https:\/\/www.aventure-chlorophylle.com\/nl\/wp-json\/wp\/v2\/comments?post=269337"}],"version-history":[{"count":11,"href":"https:\/\/www.aventure-chlorophylle.com\/nl\/wp-json\/wp\/v2\/pages\/269337\/revisions"}],"predecessor-version":[{"id":269376,"href":"https:\/\/www.aventure-chlorophylle.com\/nl\/wp-json\/wp\/v2\/pages\/269337\/revisions\/269376"}],"wp:attachment":[{"href":"https:\/\/www.aventure-chlorophylle.com\/nl\/wp-json\/wp\/v2\/media?parent=269337"}],"curies":[{"name":"wp","href":"https:\/\/api.w.org\/{rel}","templated":true}]}}