{"id":3,"date":"2020-12-07T10:37:16","date_gmt":"2020-12-07T09:37:16","guid":{"rendered":"https:\/\/www.aventure-chlorophylle.com\/?page_id=3"},"modified":"2022-03-07T12:14:18","modified_gmt":"2022-03-07T11:14:18","slug":"privacybeleid","status":"publish","type":"page","link":"https:\/\/www.aventure-chlorophylle.com\/nl\/privacybeleid\/","title":{"rendered":"Privacybeleid"},"content":{"rendered":"<div id=\"post-content\">\n<h2>Beheer van persoonsgegevens<\/h2>\n<p>&nbsp;<\/p>\n<p>In Frankrijk worden persoonsgegevens beschermd door wet nr. 78-87 van 6 januari 1978, wet nr. 2004-801 van 6 augustus 2004, artikel L. 226-13 van het wetboek van strafrecht en de Europese richtlijn van 24 oktober 1995.<\/p>\n<p>Bij het gebruik van de website www.aventure-chlorophylle.com kan de volgende informatie worden verzameld: de URL van de links via welke de gebruiker toegang heeft gekregen tot de website www.aventure-chlorophylle.com, de toegangsprovider van de gebruiker, het internetprotocol (IP)-adres van de gebruiker.<\/p>\n<p>In ieder geval verzamelt Aventure Chlorophylle alleen persoonlijke informatie over de gebruiker met het oog op bepaalde diensten die worden aangeboden door de website www.aventure-chlorophylle.com. De gebruiker verstrekt deze informatie met volledige kennis van zaken, met name wanneer hij\/zij deze invoert. De gebruiker van de website www.aventure-chlorophylle.com wordt vervolgens ge\u00efnformeerd of hij\/zij deze informatie al dan niet moet verstrekken.<\/p>\n<p>Overeenkomstig de bepalingen van de artikelen 38 en volgende van de wet 78-17 van 6 januari 1978 betreffende gegevensverwerking, bestanden en vrijheden, heeft elke gebruiker een recht van toegang, rectificatie en verzet met betrekking tot de hem betreffende persoonsgegevens, door een schriftelijk en ondertekend verzoek in te dienen, vergezeld van een kopie van de identiteitskaart met handtekening van de houder van het document, met vermelding van het adres waarnaar het antwoord moet worden gestuurd.<\/p>\n<p>Geen enkele persoonlijke informatie van de gebruiker van de website www.aventure-chlorophylle.com wordt zonder medeweten van de gebruiker gepubliceerd, uitgewisseld, overgedragen, afgestaan of verkocht aan derden.<\/p>\n<p>De databanken worden beschermd door de bepalingen van de wet van 1 juli 1998 tot omzetting van Richtlijn 96\/9 van 11 maart 1996 betreffende de rechtsbescherming van databanken.<\/p>\n<p>&nbsp;<\/p>\n<h2>Hyperlinks<\/h2>\n<p>&nbsp;<\/p>\n<p>De website www.aventure-chlorophylle.com bevat een aantal hyperlinks naar andere websites, opgezet met toestemming van Aventure Chlorophylle. Aventure Chlorophylle heeft echter niet de mogelijkheid om de inhoud van de aldus bezochte sites te controleren en kan er bijgevolg geen enkele verantwoordelijkheid voor aanvaarden.<\/p>\n<p>&nbsp;<\/p>\n<h2>Gebruik van cookies<\/h2>\n<p>&nbsp;<\/p>\n<p>Het surfen op de website www.aventure-chlorophylle.com kan ertoe leiden dat er cookies worden ge\u00efnstalleerd op de computer van de gebruiker. Een cookie is een klein bestand waarmee de gebruiker niet kan worden ge\u00efdentificeerd, maar dat tijdens het bezoek aan een website informatie over het surfen registreert in een speciale ruimte op uw computer, uw smartphone of een ander computermedium.<br \/>\nAfhankelijk van uw keuzes worden cookies door de bezochte website gebruikt om informatie naar uw browser te sturen en om de browser in staat te stellen informatie terug te sturen naar de bezochte website. Cookies stellen hun uitgever dus in staat om informatie over uw browservoorkeuren op te slaan voor de duur van de geldigheid of de registratie van de cookie.<\/p>\n<p>De weigering om een cookie te installeren kan de toegang tot bepaalde diensten onmogelijk maken. De gebruiker kan zijn computer echter zo instellen dat de installatie van cookies wordt geweigerd.<\/p>\n<p>Aventure Chlorophylle gebruikt verschillende categorie\u00ebn cookies, die elk een andere functie hebben:<\/p>\n<ul>\n<li>Cookies nodig voor technische doeleinden<\/li>\n<li>Cookies voor publieksmetingen<\/li>\n<\/ul>\n<p>De verschillende categorie\u00ebn cookies die op de website van Aventure Chlorophylle kunnen worden gebruikt, worden hieronder beschreven.<\/p>\n<p><strong>1. Cookies voor technische doeleinden<br \/>\n<\/strong>Deze cookies zijn noodzakelijk voor de goede werking van onze website.<\/p>\n<p><strong>2. Audience measurement cookies<br \/>\n<\/strong>Deze cookies zijn bedoeld om het volume te bepalen en statistieken op te stellen over het aantal bezoekers van onze site, de verschillende secties en het gebruik van de diensten die op elk daarvan worden aangeboden.<\/p>\n<p>&nbsp;<\/p>\n<h2>Recht op opzegging<\/h2>\n<p>&nbsp;<\/p>\n<p>Als u niet langer elektronische communicatie over de activiteiten van Aventure Chlorophylle wenst te ontvangen, kunt u zich te allen tijde uitschrijven via het daarvoor bestemde pictogram aan het einde van elke nieuwsbrief of door ons een e-mail te sturen (contact@aventure-chlorophylle.com).<\/p>\n<p>&nbsp;<\/p>\n<h2>Informatie en uitoefening van uw rechten met betrekking tot uw persoonsgegevens<\/h2>\n<p>&nbsp;<\/p>\n<p>Voor informatie of om uw rechten uit te oefenen met betrekking tot de verwerking van persoonlijke gegevens die door Aventure Chlorophylle worden beheerd, <strong>u kunt contact met ons opnemen door uw naam, voornaam, telefoonnummer, e-mailadres en postadres op te geven en uw identiteitskaart bij te voegen<\/strong> :<\/p>\n<ul>\n<li><strong>per e-mail<\/strong>met als onderwerp \"Ter attentie van de RGPD referent\": <a href=\"mailto:contact@aventure-chlorophylle.com\" target=\"_blank\" rel=\"noopener\">contact@aventure-chlorophylle.com<\/a><\/li>\n<li><strong>en\/of per post<\/strong> op het volgende adres<\/li>\n<\/ul>\n<h4>Chlorofyl avontuur<\/h4>\n<p>Johan Fontvileille<br \/>\n2 National Park Street<br \/>\n6420 ARUDY<br \/>\nFrankrijk<\/p>\n<p>&nbsp;<\/p>\n<p><strong>U heeft ook het recht om een klacht in te dienen bij de<\/strong> <strong>klacht bij de <a href=\"https:\/\/www.cnil.fr\/\" target=\"_blank\" rel=\"noopener noreferrer\">CNIL <\/a><\/strong>(Commission Nationale de l'Informatique et des Libert\u00e9s, 3 Place de Fontenoy, TSA 80715, 75334 PARIS CEDEX 07).<\/p>\n<\/div>","protected":false},"excerpt":{"rendered":"<p>Beheer van persoonsgegevens In Frankrijk worden persoonsgegevens beschermd door de wet nr. 78-87 van 6 januari 1978, de wet nr. 2004-801 van 6 augustus 2004, artikel L. 226-13 van het wetboek van strafrecht en de Europese richtlijn van 24 oktober 1995. Tijdens het gebruik van de site www.aventure-chlorophylle.com kunnen de volgende gegevens worden verzameld: [...]<\/p>","protected":false},"author":3,"featured_media":0,"parent":0,"menu_order":0,"comment_status":"closed","ping_status":"closed","template":"","meta":{"_acf_changed":false,"_et_pb_use_builder":"off","_et_pb_old_content":"","_et_gb_content_width":"","inline_featured_image":false,"footnotes":""},"class_list":["post-3","page","type-page","status-publish","hentry"],"acf":[],"yoast_head":"<!-- This site is optimized with the Yoast SEO plugin v26.7 - https:\/\/yoast.com\/wordpress\/plugins\/seo\/ -->\n<title>Politique de confidentialit\u00e9 - Aventure Chlorophylle<\/title>\n<meta name=\"robots\" content=\"index, follow, max-snippet:-1, max-image-preview:large, max-video-preview:-1\" \/>\n<link rel=\"canonical\" href=\"https:\/\/www.aventure-chlorophylle.com\/nl\/privacybeleid\/\" \/>\n<meta property=\"og:locale\" content=\"nl_NL\" \/>\n<meta property=\"og:type\" content=\"article\" \/>\n<meta property=\"og:title\" content=\"Politique de confidentialit\u00e9 - Aventure Chlorophylle\" \/>\n<meta property=\"og:description\" content=\"Gestion des donn\u00e9es personnelles &nbsp; En France, les donn\u00e9es personnelles sont notamment prot\u00e9g\u00e9es par la loi n\u00b0 78-87 du 6 janvier 1978, la loi n\u00b0 2004-801 du 6 ao\u00fbt 2004, l\u2019article L. 226-13 du Code p\u00e9nal et la Directive Europ\u00e9enne du 24 octobre 1995. A l\u2019occasion de l\u2019utilisation du site www.aventure-chlorophylle.com, peuvent \u00eatres recueillies : [&hellip;]\" \/>\n<meta property=\"og:url\" content=\"https:\/\/www.aventure-chlorophylle.com\/nl\/privacybeleid\/\" \/>\n<meta property=\"og:site_name\" content=\"Aventure Chlorophylle\" \/>\n<meta property=\"article:publisher\" content=\"https:\/\/www.facebook.com\/aventurechlorophylle\" \/>\n<meta property=\"article:modified_time\" content=\"2022-03-07T11:14:18+00:00\" \/>\n<meta name=\"twitter:card\" content=\"summary_large_image\" \/>\n<meta name=\"twitter:label1\" content=\"Geschatte leestijd\" \/>\n\t<meta name=\"twitter:data1\" content=\"4 minuten\" \/>\n<script type=\"application\/ld+json\" class=\"yoast-schema-graph\">{\"@context\":\"https:\/\/schema.org\",\"@graph\":[{\"@type\":\"WebPage\",\"@id\":\"https:\/\/www.aventure-chlorophylle.com\/politique-de-confidentialite\/\",\"url\":\"https:\/\/www.aventure-chlorophylle.com\/politique-de-confidentialite\/\",\"name\":\"Politique de confidentialit\u00e9 - Aventure Chlorophylle\",\"isPartOf\":{\"@id\":\"https:\/\/www.aventure-chlorophylle.com\/#website\"},\"datePublished\":\"2020-12-07T09:37:16+00:00\",\"dateModified\":\"2022-03-07T11:14:18+00:00\",\"breadcrumb\":{\"@id\":\"https:\/\/www.aventure-chlorophylle.com\/politique-de-confidentialite\/#breadcrumb\"},\"inLanguage\":\"nl-NL\",\"potentialAction\":[{\"@type\":\"ReadAction\",\"target\":[\"https:\/\/www.aventure-chlorophylle.com\/politique-de-confidentialite\/\"]}]},{\"@type\":\"BreadcrumbList\",\"@id\":\"https:\/\/www.aventure-chlorophylle.com\/politique-de-confidentialite\/#breadcrumb\",\"itemListElement\":[{\"@type\":\"ListItem\",\"position\":1,\"name\":\"Accueil\",\"item\":\"https:\/\/www.aventure-chlorophylle.com\/\"},{\"@type\":\"ListItem\",\"position\":2,\"name\":\"Politique de confidentialit\u00e9\"}]},{\"@type\":\"WebSite\",\"@id\":\"https:\/\/www.aventure-chlorophylle.com\/#website\",\"url\":\"https:\/\/www.aventure-chlorophylle.com\/\",\"name\":\"Aventure Chlorophylle\",\"description\":\"Activit\u00e9s de Canyoning, rafting et sp\u00e9l\u00e9ologie dans les Pyr\u00e9n\u00e9es\",\"publisher\":{\"@id\":\"https:\/\/www.aventure-chlorophylle.com\/#organization\"},\"potentialAction\":[{\"@type\":\"SearchAction\",\"target\":{\"@type\":\"EntryPoint\",\"urlTemplate\":\"https:\/\/www.aventure-chlorophylle.com\/?s={search_term_string}\"},\"query-input\":{\"@type\":\"PropertyValueSpecification\",\"valueRequired\":true,\"valueName\":\"search_term_string\"}}],\"inLanguage\":\"nl-NL\"},{\"@type\":\"Organization\",\"@id\":\"https:\/\/www.aventure-chlorophylle.com\/#organization\",\"name\":\"Aventure Chlorophylle\",\"url\":\"https:\/\/www.aventure-chlorophylle.com\/\",\"logo\":{\"@type\":\"ImageObject\",\"inLanguage\":\"nl-NL\",\"@id\":\"https:\/\/www.aventure-chlorophylle.com\/#\/schema\/logo\/image\/\",\"url\":\"https:\/\/www.aventure-chlorophylle.com\/wp-content\/uploads\/2021\/04\/logo_aventure_chlorophylle.png\",\"contentUrl\":\"https:\/\/www.aventure-chlorophylle.com\/wp-content\/uploads\/2021\/04\/logo_aventure_chlorophylle.png\",\"width\":356,\"height\":392,\"caption\":\"Aventure Chlorophylle\"},\"image\":{\"@id\":\"https:\/\/www.aventure-chlorophylle.com\/#\/schema\/logo\/image\/\"},\"sameAs\":[\"https:\/\/www.facebook.com\/aventurechlorophylle\",\"https:\/\/www.instagram.com\/aventure_chlorophylle\/\"]}]}<\/script>\n<!-- \/ Yoast SEO plugin. -->","yoast_head_json":{"title":"Privacybeleid - Aventure Chlorophylle","robots":{"index":"index","follow":"follow","max-snippet":"max-snippet:-1","max-image-preview":"max-image-preview:large","max-video-preview":"max-video-preview:-1"},"canonical":"https:\/\/www.aventure-chlorophylle.com\/nl\/privacybeleid\/","og_locale":"nl_NL","og_type":"article","og_title":"Politique de confidentialit\u00e9 - Aventure Chlorophylle","og_description":"Gestion des donn\u00e9es personnelles &nbsp; En France, les donn\u00e9es personnelles sont notamment prot\u00e9g\u00e9es par la loi n\u00b0 78-87 du 6 janvier 1978, la loi n\u00b0 2004-801 du 6 ao\u00fbt 2004, l\u2019article L. 226-13 du Code p\u00e9nal et la Directive Europ\u00e9enne du 24 octobre 1995. A l\u2019occasion de l\u2019utilisation du site www.aventure-chlorophylle.com, peuvent \u00eatres recueillies : [&hellip;]","og_url":"https:\/\/www.aventure-chlorophylle.com\/nl\/privacybeleid\/","og_site_name":"Aventure Chlorophylle","article_publisher":"https:\/\/www.facebook.com\/aventurechlorophylle","article_modified_time":"2022-03-07T11:14:18+00:00","twitter_card":"summary_large_image","twitter_misc":{"Geschatte leestijd":"4 minuten"},"schema":{"@context":"https:\/\/schema.org","@graph":[{"@type":"WebPage","@id":"https:\/\/www.aventure-chlorophylle.com\/politique-de-confidentialite\/","url":"https:\/\/www.aventure-chlorophylle.com\/politique-de-confidentialite\/","name":"Privacybeleid - Aventure Chlorophylle","isPartOf":{"@id":"https:\/\/www.aventure-chlorophylle.com\/#website"},"datePublished":"2020-12-07T09:37:16+00:00","dateModified":"2022-03-07T11:14:18+00:00","breadcrumb":{"@id":"https:\/\/www.aventure-chlorophylle.com\/politique-de-confidentialite\/#breadcrumb"},"inLanguage":"nl-NL","potentialAction":[{"@type":"ReadAction","target":["https:\/\/www.aventure-chlorophylle.com\/politique-de-confidentialite\/"]}]},{"@type":"BreadcrumbList","@id":"https:\/\/www.aventure-chlorophylle.com\/politique-de-confidentialite\/#breadcrumb","itemListElement":[{"@type":"ListItem","position":1,"name":"Accueil","item":"https:\/\/www.aventure-chlorophylle.com\/"},{"@type":"ListItem","position":2,"name":"Politique de confidentialit\u00e9"}]},{"@type":"WebSite","@id":"https:\/\/www.aventure-chlorophylle.com\/#website","url":"https:\/\/www.aventure-chlorophylle.com\/","name":"Chlorofyl avontuur","description":"Canyoning, rafting en speleologie in de Pyrenee\u00ebn","publisher":{"@id":"https:\/\/www.aventure-chlorophylle.com\/#organization"},"potentialAction":[{"@type":"SearchAction","target":{"@type":"EntryPoint","urlTemplate":"https:\/\/www.aventure-chlorophylle.com\/?s={search_term_string}"},"query-input":{"@type":"PropertyValueSpecification","valueRequired":true,"valueName":"search_term_string"}}],"inLanguage":"nl-NL"},{"@type":"Organization","@id":"https:\/\/www.aventure-chlorophylle.com\/#organization","name":"Chlorofyl avontuur","url":"https:\/\/www.aventure-chlorophylle.com\/","logo":{"@type":"ImageObject","inLanguage":"nl-NL","@id":"https:\/\/www.aventure-chlorophylle.com\/#\/schema\/logo\/image\/","url":"https:\/\/www.aventure-chlorophylle.com\/wp-content\/uploads\/2021\/04\/logo_aventure_chlorophylle.png","contentUrl":"https:\/\/www.aventure-chlorophylle.com\/wp-content\/uploads\/2021\/04\/logo_aventure_chlorophylle.png","width":356,"height":392,"caption":"Aventure Chlorophylle"},"image":{"@id":"https:\/\/www.aventure-chlorophylle.com\/#\/schema\/logo\/image\/"},"sameAs":["https:\/\/www.facebook.com\/aventurechlorophylle","https:\/\/www.instagram.com\/aventure_chlorophylle\/"]}]}},"_links":{"self":[{"href":"https:\/\/www.aventure-chlorophylle.com\/nl\/wp-json\/wp\/v2\/pages\/3","targetHints":{"allow":["GET"]}}],"collection":[{"href":"https:\/\/www.aventure-chlorophylle.com\/nl\/wp-json\/wp\/v2\/pages"}],"about":[{"href":"https:\/\/www.aventure-chlorophylle.com\/nl\/wp-json\/wp\/v2\/types\/page"}],"author":[{"embeddable":true,"href":"https:\/\/www.aventure-chlorophylle.com\/nl\/wp-json\/wp\/v2\/users\/3"}],"replies":[{"embeddable":true,"href":"https:\/\/www.aventure-chlorophylle.com\/nl\/wp-json\/wp\/v2\/comments?post=3"}],"version-history":[{"count":3,"href":"https:\/\/www.aventure-chlorophylle.com\/nl\/wp-json\/wp\/v2\/pages\/3\/revisions"}],"predecessor-version":[{"id":265789,"href":"https:\/\/www.aventure-chlorophylle.com\/nl\/wp-json\/wp\/v2\/pages\/3\/revisions\/265789"}],"wp:attachment":[{"href":"https:\/\/www.aventure-chlorophylle.com\/nl\/wp-json\/wp\/v2\/media?parent=3"}],"curies":[{"name":"wp","href":"https:\/\/api.w.org\/{rel}","templated":true}]}}